{"id":16770,"date":"2025-02-12T08:43:48","date_gmt":"2025-02-12T06:43:48","guid":{"rendered":"https:\/\/skaitytaknyga.lt\/?post_type=product&#038;p=16770"},"modified":"2026-03-18T14:59:49","modified_gmt":"2026-03-18T12:59:49","slug":"lietuvos-miestai-vaizdu-kaita","status":"publish","type":"product","link":"https:\/\/skaitytaknyga.lt\/en\/produktas\/lietuvos-miestai-vaizdu-kaita\/","title":{"rendered":"Lietuvos miestai: vaizd\u0173 kaita"},"content":{"rendered":"<p><strong>\u201eLietuvos miestai&#8221;<\/strong>\u00a0\u2013 tai paskutinis ciklo\u00a0<strong>\u201eVaizd\u0173 kaita&#8221;<\/strong>\u00a0albumas, kuriame senieji (iki XX a. vidurio) Lietuvos miest\u0173-savivaldybi\u0173 centr\u0173 vaizdai gretinami su \u0161iuolaikiniais t\u0173 pa\u010di\u0173 viet\u0173 kadrais. \u0160is smalsum\u0105 \u017eadinantis leidinys patrauklia forma supa\u017eindina skaitytojus su miest\u0173 poky\u010diais laikui b\u0117gant.<\/p>\n<p>Miestai, kaip ir \u017emon\u0117s, turi savo istorij\u0105 ir likim\u0105. Viskas, k\u0105 matome miesto erdv\u0117je, yra ka\u017ekada ka\u017ekieno sukurta. Bet ka\u017ekokiu b\u016bdu yra ir tai, ko ne(be)matome, ko jau n\u0117ra fizin\u0117je erdv\u0117je&#8230;<\/p>\n<p>Tomas Kiauka<\/p>\n<div class=\"col-12 col-xl-4 product-img-wrapper product-photo -order-1 order-xl-0\">\n<ul class=\"about-product d-none d-xl-block mt-4\">\n<li><strong>Leid\u0117jas:<\/strong>\u00a0Vaga<\/li>\n<li><strong>Metai:<\/strong>\u00a02019<\/li>\n<li><strong>Puslapiai:<\/strong>\u00a0296<\/li>\n<li class=\"toggleable type-new-formats \"><strong>ISBN:<\/strong>\u00a09785415025671<\/li>\n<li><strong>Versijos kodas:<\/strong>\u00a04<\/li>\n<li class=\"toggleable type-new-formats \"><strong>Formatas:<\/strong>\u00a022 x 26 x 2,5 cm, kieti vir\u0161eliai<\/li>\n<li><strong>Kalba:<\/strong>\u00a0Lietuvi\u0173<\/li>\n<\/ul>\n<\/div>\n<div class=\"col-12 col-xl-8 book-descript-wrapper pl-xl-5 -order-0 order-xl-1\">\n<div class=\"promo-wrapper d-none d-md-block\">\n<div id=\"type-new-promo-block\" class=\"promo-tag promo-tag--yellow \" data-gtm-vis-recent-on-screen7026997_273=\"878\" data-gtm-vis-first-on-screen7026997_273=\"878\" data-gtm-vis-total-visible-time7026997_273=\"100\" data-gtm-vis-has-fired7026997_273=\"1\">\n<div class=\"position-relative\"><\/div>\n<\/div>\n<\/div>\n<\/div>\n","protected":false},"excerpt":{"rendered":"<p>\u201eLietuvos miestai&#8221;\u00a0\u2013 tai paskutinis ciklo\u00a0\u201eVaizd\u0173 kaita&#8221;\u00a0albumas, kuriame senieji (iki XX a. vidurio) Lietuvos miest\u0173-savivaldybi\u0173 centr\u0173 vaizdai gretinami su \u0161iuolaikiniais t\u0173 pa\u010di\u0173 viet\u0173 kadrais. \u0160is smalsum\u0105 \u017eadinantis leidinys patrauklia forma supa\u017eindina skaitytojus su miest\u0173 poky\u010diais laikui b\u0117gant. Miestai, kaip ir \u017emon\u0117s, turi savo istorij\u0105 ir likim\u0105. Viskas, k\u0105 matome miesto erdv\u0117je, yra ka\u017ekada ka\u017ekieno sukurta. Bet ka\u017ekokiu b\u016bdu yra ir tai, ko ne(be)matome, ko jau n\u0117ra fizin\u0117je erdv\u0117je&#8230; Tomas Kiauka Leid\u0117jas:\u00a0Vaga Metai:\u00a02019 Puslapiai:\u00a0296 ISBN:\u00a09785415025671 Versijos kodas:\u00a04 Formatas:\u00a022 x 26 x 2,5 cm, kieti vir\u0161eliai Kalba:\u00a0Lietuvi\u0173<\/p>\n","protected":false},"featured_media":16771,"comment_status":"closed","ping_status":"closed","template":"","meta":{"_acf_changed":false,"site-sidebar-layout":"default","site-content-layout":"","ast-site-content-layout":"default","site-content-style":"default","site-sidebar-style":"default","ast-global-header-display":"","ast-banner-title-visibility":"","ast-main-header-display":"","ast-hfb-above-header-display":"","ast-hfb-below-header-display":"","ast-hfb-mobile-header-display":"","site-post-title":"","ast-breadcrumbs-content":"","ast-featured-img":"","footer-sml-layout":"","ast-disable-related-posts":"","theme-transparent-header-meta":"default","adv-header-id-meta":"","stick-header-meta":"","header-above-stick-meta":"","header-main-stick-meta":"","header-below-stick-meta":"","astra-migrate-meta-layouts":"set","ast-page-background-enabled":"default","ast-page-background-meta":{"desktop":{"background-color":"","background-image":"","background-repeat":"repeat","background-position":"center center","background-size":"auto","background-attachment":"scroll","background-type":"","background-media":"","overlay-type":"","overlay-color":"","overlay-opacity":"","overlay-gradient":""},"tablet":{"background-color":"","background-image":"","background-repeat":"repeat","background-position":"center center","background-size":"auto","background-attachment":"scroll","background-type":"","background-media":"","overlay-type":"","overlay-color":"","overlay-opacity":"","overlay-gradient":""},"mobile":{"background-color":"","background-image":"","background-repeat":"repeat","background-position":"center center","background-size":"auto","background-attachment":"scroll","background-type":"","background-media":"","overlay-type":"","overlay-color":"","overlay-opacity":"","overlay-gradient":""}},"ast-content-background-meta":{"desktop":{"background-color":"var(--ast-global-color-4)","background-image":"","background-repeat":"repeat","background-position":"center center","background-size":"auto","background-attachment":"scroll","background-type":"","background-media":"","overlay-type":"","overlay-color":"","overlay-opacity":"","overlay-gradient":""},"tablet":{"background-color":"var(--ast-global-color-4)","background-image":"","background-repeat":"repeat","background-position":"center center","background-size":"auto","background-attachment":"scroll","background-type":"","background-media":"","overlay-type":"","overlay-color":"","overlay-opacity":"","overlay-gradient":""},"mobile":{"background-color":"var(--ast-global-color-4)","background-image":"","background-repeat":"repeat","background-position":"center center","background-size":"auto","background-attachment":"scroll","background-type":"","background-media":"","overlay-type":"","overlay-color":"","overlay-opacity":"","overlay-gradient":""}}},"product_brand":[],"product_cat":[174,9862,57],"product_tag":[],"class_list":{"0":"post-16770","1":"product","2":"type-product","3":"status-publish","4":"has-post-thumbnail","6":"product_cat-istorija-ir-politologija","7":"product_cat-lietuvos-istorija","8":"product_cat-menas-ir-albumai","9":"desktop-align-left","10":"tablet-align-left","11":"mobile-align-left","13":"first","14":"instock","15":"shipping-taxable","16":"purchasable","17":"product-type-simple"},"acf":[],"yoast_head":"<!-- This site is optimized with the Yoast SEO plugin v27.4 - https:\/\/yoast.com\/product\/yoast-seo-wordpress\/ -->\n<title>Lietuvos miestai: vaizd\u0173 kaita<\/title>\n<meta name=\"description\" content=\"\u201eLietuvos miestai&quot;\u00a0\u2013 tai paskutinis ciklo\u00a0\u201eVaizd\u0173 kaita&quot;\u00a0albumas, kuriame senieji (iki XX a. vidurio) Lietuvos miest\u0173-savivaldybi\u0173 centr\u0173 vaizdai\" \/>\n<meta name=\"robots\" content=\"index, follow, max-snippet:-1, max-image-preview:large, max-video-preview:-1\" \/>\n<link rel=\"canonical\" href=\"https:\/\/skaitytaknyga.lt\/en\/produktas\/lietuvos-miestai-vaizdu-kaita\/\" \/>\n<meta property=\"og:locale\" content=\"en_GB\" \/>\n<meta property=\"og:locale:alternate\" content=\"lt_LT\" \/>\n<meta property=\"og:type\" content=\"article\" \/>\n<meta property=\"og:title\" content=\"Lietuvos miestai: vaizd\u0173 kaita\" \/>\n<meta property=\"og:description\" content=\"\u201eLietuvos miestai&quot;\u00a0\u2013 tai paskutinis ciklo\u00a0\u201eVaizd\u0173 kaita&quot;\u00a0albumas, kuriame senieji (iki XX a. vidurio) Lietuvos miest\u0173-savivaldybi\u0173 centr\u0173 vaizdai\" \/>\n<meta property=\"og:url\" content=\"https:\/\/skaitytaknyga.lt\/en\/produktas\/lietuvos-miestai-vaizdu-kaita\/\" \/>\n<meta property=\"og:site_name\" content=\"Skaitytaknyga\" \/>\n<meta property=\"article:publisher\" content=\"https:\/\/www.facebook.com\/skaitytaknyga\/\" \/>\n<meta property=\"article:modified_time\" content=\"2026-03-18T12:59:49+00:00\" \/>\n<meta property=\"og:image\" content=\"https:\/\/skaitytaknyga.lt\/wp-content\/uploads\/2025\/02\/Lietuvos-miestai-vaizdu-kaita.webp\" \/>\n\t<meta property=\"og:image:width\" content=\"698\" \/>\n\t<meta property=\"og:image:height\" content=\"756\" \/>\n\t<meta property=\"og:image:type\" content=\"image\/webp\" \/>\n<meta name=\"twitter:card\" content=\"summary_large_image\" \/>\n<meta name=\"twitter:label1\" content=\"Estimated reading time\" \/>\n\t<meta name=\"twitter:data1\" content=\"1 minute\" \/>\n<script type=\"application\/ld+json\" class=\"yoast-schema-graph\">{\"@context\":\"https:\\\/\\\/schema.org\",\"@graph\":[{\"@type\":\"WebPage\",\"@id\":\"https:\\\/\\\/skaitytaknyga.lt\\\/produktas\\\/lietuvos-miestai-vaizdu-kaita\\\/\",\"url\":\"https:\\\/\\\/skaitytaknyga.lt\\\/produktas\\\/lietuvos-miestai-vaizdu-kaita\\\/\",\"name\":\"Lietuvos miestai: vaizd\u0173 kaita\",\"isPartOf\":{\"@id\":\"https:\\\/\\\/skaitytaknyga.lt\\\/#website\"},\"primaryImageOfPage\":{\"@id\":\"https:\\\/\\\/skaitytaknyga.lt\\\/produktas\\\/lietuvos-miestai-vaizdu-kaita\\\/#primaryimage\"},\"image\":{\"@id\":\"https:\\\/\\\/skaitytaknyga.lt\\\/produktas\\\/lietuvos-miestai-vaizdu-kaita\\\/#primaryimage\"},\"thumbnailUrl\":\"https:\\\/\\\/skaitytaknyga.lt\\\/wp-content\\\/uploads\\\/2025\\\/02\\\/Lietuvos-miestai-vaizdu-kaita.webp\",\"datePublished\":\"2025-02-12T06:43:48+00:00\",\"dateModified\":\"2026-03-18T12:59:49+00:00\",\"description\":\"\u201eLietuvos miestai\\\"\u00a0\u2013 tai paskutinis ciklo\u00a0\u201eVaizd\u0173 kaita\\\"\u00a0albumas, kuriame senieji (iki XX a. vidurio) Lietuvos miest\u0173-savivaldybi\u0173 centr\u0173 vaizdai\",\"breadcrumb\":{\"@id\":\"https:\\\/\\\/skaitytaknyga.lt\\\/produktas\\\/lietuvos-miestai-vaizdu-kaita\\\/#breadcrumb\"},\"inLanguage\":\"en-GB\",\"potentialAction\":[{\"@type\":\"ReadAction\",\"target\":[\"https:\\\/\\\/skaitytaknyga.lt\\\/produktas\\\/lietuvos-miestai-vaizdu-kaita\\\/\"]}]},{\"@type\":\"ImageObject\",\"inLanguage\":\"en-GB\",\"@id\":\"https:\\\/\\\/skaitytaknyga.lt\\\/produktas\\\/lietuvos-miestai-vaizdu-kaita\\\/#primaryimage\",\"url\":\"https:\\\/\\\/skaitytaknyga.lt\\\/wp-content\\\/uploads\\\/2025\\\/02\\\/Lietuvos-miestai-vaizdu-kaita.webp\",\"contentUrl\":\"https:\\\/\\\/skaitytaknyga.lt\\\/wp-content\\\/uploads\\\/2025\\\/02\\\/Lietuvos-miestai-vaizdu-kaita.webp\",\"width\":698,\"height\":756,\"caption\":\"Lietuvos miestai: vaizd\u0173 kaita\"},{\"@type\":\"BreadcrumbList\",\"@id\":\"https:\\\/\\\/skaitytaknyga.lt\\\/produktas\\\/lietuvos-miestai-vaizdu-kaita\\\/#breadcrumb\",\"itemListElement\":[{\"@type\":\"ListItem\",\"position\":1,\"name\":\"Home\",\"item\":\"https:\\\/\\\/skaitytaknyga.lt\\\/\"},{\"@type\":\"ListItem\",\"position\":2,\"name\":\"Parduotuv\u0117\",\"item\":\"https:\\\/\\\/skaitytaknyga.lt\\\/knygu-parduotuve\\\/\"},{\"@type\":\"ListItem\",\"position\":3,\"name\":\"Lietuvos miestai: vaizd\u0173 kaita\"}]},{\"@type\":\"WebSite\",\"@id\":\"https:\\\/\\\/skaitytaknyga.lt\\\/#website\",\"url\":\"https:\\\/\\\/skaitytaknyga.lt\\\/\",\"name\":\"skaitytaknyga.lt\",\"description\":\"Skaitytaknyga.lt \u2013 tai ma\u017eas \u0161eimos verslas, kuris prasid\u0117jo nuo meil\u0117s knygoms ir siekio i\u0161gelb\u0117ti knygas nuo likimo prie konteinerio. Kas vienam nereikalingas daiktas \u2013 kitam lobis, o mes esame tarpininkai, kurie padeda abiems tapti laimingesniems ???? \u017dinome kaip nelengva i\u0161gyventi ma\u017eiems verslams, tad nuo \u0161iol, \u010dia rasite ir kit\u0173, ma\u017e\u0173 \u0161eim\u0173 versl\u0173, rank\u0173 darbo, dovan\u0173 sau ir artimiesiems.\",\"publisher\":{\"@id\":\"https:\\\/\\\/skaitytaknyga.lt\\\/#organization\"},\"potentialAction\":[{\"@type\":\"SearchAction\",\"target\":{\"@type\":\"EntryPoint\",\"urlTemplate\":\"https:\\\/\\\/skaitytaknyga.lt\\\/?s={search_term_string}\"},\"query-input\":{\"@type\":\"PropertyValueSpecification\",\"valueRequired\":true,\"valueName\":\"search_term_string\"}}],\"inLanguage\":\"en-GB\"},{\"@type\":\"Organization\",\"@id\":\"https:\\\/\\\/skaitytaknyga.lt\\\/#organization\",\"name\":\"skaitytaknyga.lt\",\"url\":\"https:\\\/\\\/skaitytaknyga.lt\\\/\",\"logo\":{\"@type\":\"ImageObject\",\"inLanguage\":\"en-GB\",\"@id\":\"https:\\\/\\\/skaitytaknyga.lt\\\/#\\\/schema\\\/logo\\\/image\\\/\",\"url\":\"https:\\\/\\\/skaitytaknyga.lt\\\/wp-content\\\/uploads\\\/2024\\\/05\\\/cropped-cropped-cropped-02_00843_jt3bggkj1j3HLc7SyY6rEUpg.jpeg\",\"contentUrl\":\"https:\\\/\\\/skaitytaknyga.lt\\\/wp-content\\\/uploads\\\/2024\\\/05\\\/cropped-cropped-cropped-02_00843_jt3bggkj1j3HLc7SyY6rEUpg.jpeg\",\"width\":1600,\"height\":1600,\"caption\":\"skaitytaknyga.lt\"},\"image\":{\"@id\":\"https:\\\/\\\/skaitytaknyga.lt\\\/#\\\/schema\\\/logo\\\/image\\\/\"},\"sameAs\":[\"https:\\\/\\\/www.facebook.com\\\/skaitytaknyga\\\/\"]}]}<\/script>\n<!-- \/ Yoast SEO plugin. -->","yoast_head_json":{"title":"Lietuvos miestai: vaizd\u0173 kaita","description":"\u201eLietuvos miestai\"\u00a0\u2013 tai paskutinis ciklo\u00a0\u201eVaizd\u0173 kaita\"\u00a0albumas, kuriame senieji (iki XX a. vidurio) Lietuvos miest\u0173-savivaldybi\u0173 centr\u0173 vaizdai","robots":{"index":"index","follow":"follow","max-snippet":"max-snippet:-1","max-image-preview":"max-image-preview:large","max-video-preview":"max-video-preview:-1"},"canonical":"https:\/\/skaitytaknyga.lt\/en\/produktas\/lietuvos-miestai-vaizdu-kaita\/","og_locale":"en_GB","og_type":"article","og_title":"[:lt]Lietuvos miestai: vaizd\u0173 kaita[:] - Skaitytaknyga","og_description":"\u201eLietuvos miestai\"\u00a0\u2013 tai paskutinis ciklo\u00a0\u201eVaizd\u0173 kaita\"\u00a0albumas, kuriame senieji (iki XX a. vidurio) Lietuvos miest\u0173-savivaldybi\u0173 centr\u0173 vaizdai","og_url":"https:\/\/skaitytaknyga.lt\/en\/produktas\/lietuvos-miestai-vaizdu-kaita\/","og_site_name":"Skaitytaknyga","article_publisher":"https:\/\/www.facebook.com\/skaitytaknyga\/","article_modified_time":"2026-03-18T12:59:49+00:00","og_image":[{"width":698,"height":756,"url":"https:\/\/skaitytaknyga.lt\/wp-content\/uploads\/2025\/02\/Lietuvos-miestai-vaizdu-kaita.webp","type":"image\/webp"}],"twitter_card":"summary_large_image","twitter_misc":{"Estimated reading time":"1 minute"},"schema":{"@context":"https:\/\/schema.org","@graph":[{"@type":"WebPage","@id":"https:\/\/skaitytaknyga.lt\/produktas\/lietuvos-miestai-vaizdu-kaita\/","url":"https:\/\/skaitytaknyga.lt\/produktas\/lietuvos-miestai-vaizdu-kaita\/","name":"Lietuvos miestai: vaizd\u0173 kaita","isPartOf":{"@id":"https:\/\/skaitytaknyga.lt\/#website"},"primaryImageOfPage":{"@id":"https:\/\/skaitytaknyga.lt\/produktas\/lietuvos-miestai-vaizdu-kaita\/#primaryimage"},"image":{"@id":"https:\/\/skaitytaknyga.lt\/produktas\/lietuvos-miestai-vaizdu-kaita\/#primaryimage"},"thumbnailUrl":"https:\/\/skaitytaknyga.lt\/wp-content\/uploads\/2025\/02\/Lietuvos-miestai-vaizdu-kaita.webp","datePublished":"2025-02-12T06:43:48+00:00","dateModified":"2026-03-18T12:59:49+00:00","description":"\u201eLietuvos miestai\"\u00a0\u2013 tai paskutinis ciklo\u00a0\u201eVaizd\u0173 kaita\"\u00a0albumas, kuriame senieji (iki XX a. vidurio) Lietuvos miest\u0173-savivaldybi\u0173 centr\u0173 vaizdai","breadcrumb":{"@id":"https:\/\/skaitytaknyga.lt\/produktas\/lietuvos-miestai-vaizdu-kaita\/#breadcrumb"},"inLanguage":"en-GB","potentialAction":[{"@type":"ReadAction","target":["https:\/\/skaitytaknyga.lt\/produktas\/lietuvos-miestai-vaizdu-kaita\/"]}]},{"@type":"ImageObject","inLanguage":"en-GB","@id":"https:\/\/skaitytaknyga.lt\/produktas\/lietuvos-miestai-vaizdu-kaita\/#primaryimage","url":"https:\/\/skaitytaknyga.lt\/wp-content\/uploads\/2025\/02\/Lietuvos-miestai-vaizdu-kaita.webp","contentUrl":"https:\/\/skaitytaknyga.lt\/wp-content\/uploads\/2025\/02\/Lietuvos-miestai-vaizdu-kaita.webp","width":698,"height":756,"caption":"Lietuvos miestai: vaizd\u0173 kaita"},{"@type":"BreadcrumbList","@id":"https:\/\/skaitytaknyga.lt\/produktas\/lietuvos-miestai-vaizdu-kaita\/#breadcrumb","itemListElement":[{"@type":"ListItem","position":1,"name":"Home","item":"https:\/\/skaitytaknyga.lt\/"},{"@type":"ListItem","position":2,"name":"Parduotuv\u0117","item":"https:\/\/skaitytaknyga.lt\/knygu-parduotuve\/"},{"@type":"ListItem","position":3,"name":"Lietuvos miestai: vaizd\u0173 kaita"}]},{"@type":"WebSite","@id":"https:\/\/skaitytaknyga.lt\/#website","url":"https:\/\/skaitytaknyga.lt\/","name":"skaitytaknyga.lt","description":"Skaitytaknyga.lt \u2013 tai ma\u017eas \u0161eimos verslas, kuris prasid\u0117jo nuo meil\u0117s knygoms ir siekio i\u0161gelb\u0117ti knygas nuo likimo prie konteinerio. Kas vienam nereikalingas daiktas \u2013 kitam lobis, o mes esame tarpininkai, kurie padeda abiems tapti laimingesniems ???? \u017dinome kaip nelengva i\u0161gyventi ma\u017eiems verslams, tad nuo \u0161iol, \u010dia rasite ir kit\u0173, ma\u017e\u0173 \u0161eim\u0173 versl\u0173, rank\u0173 darbo, dovan\u0173 sau ir artimiesiems.","publisher":{"@id":"https:\/\/skaitytaknyga.lt\/#organization"},"potentialAction":[{"@type":"SearchAction","target":{"@type":"EntryPoint","urlTemplate":"https:\/\/skaitytaknyga.lt\/?s={search_term_string}"},"query-input":{"@type":"PropertyValueSpecification","valueRequired":true,"valueName":"search_term_string"}}],"inLanguage":"en-GB"},{"@type":"Organization","@id":"https:\/\/skaitytaknyga.lt\/#organization","name":"skaitytaknyga.lt","url":"https:\/\/skaitytaknyga.lt\/","logo":{"@type":"ImageObject","inLanguage":"en-GB","@id":"https:\/\/skaitytaknyga.lt\/#\/schema\/logo\/image\/","url":"https:\/\/skaitytaknyga.lt\/wp-content\/uploads\/2024\/05\/cropped-cropped-cropped-02_00843_jt3bggkj1j3HLc7SyY6rEUpg.jpeg","contentUrl":"https:\/\/skaitytaknyga.lt\/wp-content\/uploads\/2024\/05\/cropped-cropped-cropped-02_00843_jt3bggkj1j3HLc7SyY6rEUpg.jpeg","width":1600,"height":1600,"caption":"skaitytaknyga.lt"},"image":{"@id":"https:\/\/skaitytaknyga.lt\/#\/schema\/logo\/image\/"},"sameAs":["https:\/\/www.facebook.com\/skaitytaknyga\/"]}]}},"_links":{"self":[{"href":"https:\/\/skaitytaknyga.lt\/en\/wp-json\/wp\/v2\/product\/16770","targetHints":{"allow":["GET"]}}],"collection":[{"href":"https:\/\/skaitytaknyga.lt\/en\/wp-json\/wp\/v2\/product"}],"about":[{"href":"https:\/\/skaitytaknyga.lt\/en\/wp-json\/wp\/v2\/types\/product"}],"replies":[{"embeddable":true,"href":"https:\/\/skaitytaknyga.lt\/en\/wp-json\/wp\/v2\/comments?post=16770"}],"wp:featuredmedia":[{"embeddable":true,"href":"https:\/\/skaitytaknyga.lt\/en\/wp-json\/wp\/v2\/media\/16771"}],"wp:attachment":[{"href":"https:\/\/skaitytaknyga.lt\/en\/wp-json\/wp\/v2\/media?parent=16770"}],"wp:term":[{"taxonomy":"product_brand","embeddable":true,"href":"https:\/\/skaitytaknyga.lt\/en\/wp-json\/wp\/v2\/product_brand?post=16770"},{"taxonomy":"product_cat","embeddable":true,"href":"https:\/\/skaitytaknyga.lt\/en\/wp-json\/wp\/v2\/product_cat?post=16770"},{"taxonomy":"product_tag","embeddable":true,"href":"https:\/\/skaitytaknyga.lt\/en\/wp-json\/wp\/v2\/product_tag?post=16770"}],"curies":[{"name":"wp","href":"https:\/\/api.w.org\/{rel}","templated":true}]}}