{"id":16754,"date":"2025-02-11T14:15:47","date_gmt":"2025-02-11T12:15:47","guid":{"rendered":"https:\/\/skaitytaknyga.lt\/?post_type=product&#038;p=16754"},"modified":"2025-11-08T19:46:29","modified_gmt":"2025-11-08T17:46:29","slug":"pomirtiniai-pikviko-klubo-uzrasai","status":"publish","type":"product","link":"https:\/\/skaitytaknyga.lt\/en\/produktas\/pomirtiniai-pikviko-klubo-uzrasai\/","title":{"rendered":"Pomirtiniai Pikviko klubo u\u017era\u0161ai"},"content":{"rendered":"<p>Misteris Pikvikas ir keturi &#8220;Pikviko klubo&#8221; nariai keliauja per Anglij\u0105, nor\u0117dami kuo pla\u010diau i\u0161tirti ir pa\u017einti savo \u0161al\u012f; ta\u010diau naiv\u016bs ir patikl\u016bs pikvikie\u010diai pasineria ne \u012f mokslinius tyrimus, bet patiria daugyb\u0119 \u012fvairiausi\u0173, da\u017eniausiai juoking\u0173, nuotyki\u0173 ir \u012fsivelia \u012f meil\u0117s istorijas. Knygoje daugyb\u0117 nepakartojam\u0173 persona\u017e\u0173, kuriuos vaizdingai, ironi\u0161kai ir nepaprastai spalvingai pie\u0161ia ra\u0161ytojo plunksna. \u0160is k\u016brinys pelnytai laikomas vienu puikiausi\u0173 humoro pavyzd\u017ei\u0173 angl\u0173 literat\u016broje. Savo veik\u0117j\u0173 ne\u012fprastumu, \u0161iltu humoru ir a\u0161tria ironija, &#8220;senosios gerosios Anglijos&#8221; portreto \u012ftaigumu &#8220;Pomirtiniai Pikviko klubo u\u017era\u0161ai&#8221; nepaliauja \u017eav\u0117ti iki \u0161iol.<\/p>\n<ul class=\"about-product d-none d-xl-block mt-4\">\n<li><strong>Autorius:<\/strong>\u00a0Charles Dickens<\/li>\n<li><strong>Leid\u0117jas:<\/strong>\u00a0Vaga<\/li>\n<li><strong>Metai:<\/strong>\u00a01968<\/li>\n<li><strong>Puslapiai:<\/strong>\u00a0807<\/li>\n<li class=\"toggleable type-new-formats \"><strong>Formatas:<\/strong>\u00a013,5 x 20,5 x 4,5 cm, kieti vir\u0161eliai<\/li>\n<li><strong>Vert\u0117jas:<\/strong>\u00a0Juozas But\u0117nas<\/li>\n<\/ul>\n","protected":false},"excerpt":{"rendered":"<p>Misteris Pikvikas ir keturi &#8220;Pikviko klubo&#8221; nariai keliauja per Anglij\u0105, nor\u0117dami kuo pla\u010diau i\u0161tirti ir pa\u017einti savo \u0161al\u012f; ta\u010diau naiv\u016bs ir patikl\u016bs pikvikie\u010diai pasineria ne \u012f mokslinius tyrimus, bet patiria daugyb\u0119 \u012fvairiausi\u0173, da\u017eniausiai juoking\u0173, nuotyki\u0173 ir \u012fsivelia \u012f meil\u0117s istorijas. Knygoje daugyb\u0117 nepakartojam\u0173 persona\u017e\u0173, kuriuos vaizdingai, ironi\u0161kai ir nepaprastai spalvingai pie\u0161ia ra\u0161ytojo plunksna. \u0160is k\u016brinys pelnytai laikomas vienu puikiausi\u0173 humoro pavyzd\u017ei\u0173 angl\u0173 literat\u016broje. Savo veik\u0117j\u0173 ne\u012fprastumu, \u0161iltu humoru ir a\u0161tria ironija, &#8220;senosios gerosios Anglijos&#8221; portreto \u012ftaigumu &#8220;Pomirtiniai Pikviko klubo u\u017era\u0161ai&#8221; nepaliauja \u017eav\u0117ti iki \u0161iol. Autorius:\u00a0Charles Dickens Leid\u0117jas:\u00a0Vaga Metai:\u00a01968 Puslapiai:\u00a0807 Formatas:\u00a013,5 x 20,5 x 4,5 cm, kieti vir\u0161eliai Vert\u0117jas:\u00a0Juozas But\u0117nas<\/p>\n","protected":false},"featured_media":16755,"comment_status":"closed","ping_status":"closed","template":"","meta":{"_acf_changed":false,"site-sidebar-layout":"default","site-content-layout":"","ast-site-content-layout":"default","site-content-style":"default","site-sidebar-style":"default","ast-global-header-display":"","ast-banner-title-visibility":"","ast-main-header-display":"","ast-hfb-above-header-display":"","ast-hfb-below-header-display":"","ast-hfb-mobile-header-display":"","site-post-title":"","ast-breadcrumbs-content":"","ast-featured-img":"","footer-sml-layout":"","ast-disable-related-posts":"","theme-transparent-header-meta":"default","adv-header-id-meta":"","stick-header-meta":"","header-above-stick-meta":"","header-main-stick-meta":"","header-below-stick-meta":"","astra-migrate-meta-layouts":"set","ast-page-background-enabled":"default","ast-page-background-meta":{"desktop":{"background-color":"","background-image":"","background-repeat":"repeat","background-position":"center center","background-size":"auto","background-attachment":"scroll","background-type":"","background-media":"","overlay-type":"","overlay-color":"","overlay-opacity":"","overlay-gradient":""},"tablet":{"background-color":"","background-image":"","background-repeat":"repeat","background-position":"center center","background-size":"auto","background-attachment":"scroll","background-type":"","background-media":"","overlay-type":"","overlay-color":"","overlay-opacity":"","overlay-gradient":""},"mobile":{"background-color":"","background-image":"","background-repeat":"repeat","background-position":"center center","background-size":"auto","background-attachment":"scroll","background-type":"","background-media":"","overlay-type":"","overlay-color":"","overlay-opacity":"","overlay-gradient":""}},"ast-content-background-meta":{"desktop":{"background-color":"var(--ast-global-color-4)","background-image":"","background-repeat":"repeat","background-position":"center center","background-size":"auto","background-attachment":"scroll","background-type":"","background-media":"","overlay-type":"","overlay-color":"","overlay-opacity":"","overlay-gradient":""},"tablet":{"background-color":"var(--ast-global-color-4)","background-image":"","background-repeat":"repeat","background-position":"center center","background-size":"auto","background-attachment":"scroll","background-type":"","background-media":"","overlay-type":"","overlay-color":"","overlay-opacity":"","overlay-gradient":""},"mobile":{"background-color":"var(--ast-global-color-4)","background-image":"","background-repeat":"repeat","background-position":"center center","background-size":"auto","background-attachment":"scroll","background-type":"","background-media":"","overlay-type":"","overlay-color":"","overlay-opacity":"","overlay-gradient":""}}},"product_brand":[],"product_cat":[31],"product_tag":[3944,4906,1980,1437],"class_list":{"0":"post-16754","1":"product","2":"type-product","3":"status-publish","4":"has-post-thumbnail","6":"product_cat-grozine-literatura","7":"product_tag-anglu-literatura","8":"product_tag-charles-dickens","9":"product_tag-humoras","10":"product_tag-klasika","11":"desktop-align-left","12":"tablet-align-left","13":"mobile-align-left","15":"first","16":"instock","17":"shipping-taxable","18":"purchasable","19":"product-type-simple"},"acf":[],"yoast_head":"<!-- This site is optimized with the Yoast SEO plugin v27.4 - https:\/\/yoast.com\/product\/yoast-seo-wordpress\/ -->\n<title>Pomirtiniai Pikviko klubo u\u017era\u0161ai<\/title>\n<meta name=\"description\" content=\"Misteris Pikvikas ir keturi &quot;Pikviko klubo&quot; nariai keliauja per Anglij\u0105, nor\u0117dami kuo pla\u010diau i\u0161tirti ir pa\u017einti savo \u0161al\u012f; ta\u010diau naiv\u016bs ir patikl\u016bs\" \/>\n<meta name=\"robots\" content=\"index, follow, max-snippet:-1, max-image-preview:large, max-video-preview:-1\" \/>\n<link rel=\"canonical\" href=\"https:\/\/skaitytaknyga.lt\/en\/produktas\/pomirtiniai-pikviko-klubo-uzrasai\/\" \/>\n<meta property=\"og:locale\" content=\"en_GB\" \/>\n<meta property=\"og:locale:alternate\" content=\"lt_LT\" \/>\n<meta property=\"og:type\" content=\"article\" \/>\n<meta property=\"og:title\" content=\"Pomirtiniai Pikviko klubo u\u017era\u0161ai\" \/>\n<meta property=\"og:description\" content=\"Misteris Pikvikas ir keturi &quot;Pikviko klubo&quot; nariai keliauja per Anglij\u0105, nor\u0117dami kuo pla\u010diau i\u0161tirti ir pa\u017einti savo \u0161al\u012f; ta\u010diau naiv\u016bs ir patikl\u016bs\" \/>\n<meta property=\"og:url\" content=\"https:\/\/skaitytaknyga.lt\/en\/produktas\/pomirtiniai-pikviko-klubo-uzrasai\/\" \/>\n<meta property=\"og:site_name\" content=\"Skaitytaknyga\" \/>\n<meta property=\"article:publisher\" content=\"https:\/\/www.facebook.com\/skaitytaknyga\/\" \/>\n<meta property=\"article:modified_time\" content=\"2025-11-08T17:46:29+00:00\" \/>\n<meta property=\"og:image\" content=\"https:\/\/skaitytaknyga.lt\/wp-content\/uploads\/2025\/02\/Pomirtiniai-Pikviko-klubo-uzrasai.webp\" \/>\n\t<meta property=\"og:image:width\" content=\"517\" \/>\n\t<meta property=\"og:image:height\" content=\"800\" \/>\n\t<meta property=\"og:image:type\" content=\"image\/webp\" \/>\n<meta name=\"twitter:card\" content=\"summary_large_image\" \/>\n<meta name=\"twitter:label1\" content=\"Estimated reading time\" \/>\n\t<meta name=\"twitter:data1\" content=\"1 minute\" \/>\n<script type=\"application\/ld+json\" class=\"yoast-schema-graph\">{\"@context\":\"https:\\\/\\\/schema.org\",\"@graph\":[{\"@type\":\"WebPage\",\"@id\":\"https:\\\/\\\/skaitytaknyga.lt\\\/produktas\\\/pomirtiniai-pikviko-klubo-uzrasai\\\/\",\"url\":\"https:\\\/\\\/skaitytaknyga.lt\\\/produktas\\\/pomirtiniai-pikviko-klubo-uzrasai\\\/\",\"name\":\"Pomirtiniai Pikviko klubo u\u017era\u0161ai\",\"isPartOf\":{\"@id\":\"https:\\\/\\\/skaitytaknyga.lt\\\/#website\"},\"primaryImageOfPage\":{\"@id\":\"https:\\\/\\\/skaitytaknyga.lt\\\/produktas\\\/pomirtiniai-pikviko-klubo-uzrasai\\\/#primaryimage\"},\"image\":{\"@id\":\"https:\\\/\\\/skaitytaknyga.lt\\\/produktas\\\/pomirtiniai-pikviko-klubo-uzrasai\\\/#primaryimage\"},\"thumbnailUrl\":\"https:\\\/\\\/skaitytaknyga.lt\\\/wp-content\\\/uploads\\\/2025\\\/02\\\/Pomirtiniai-Pikviko-klubo-uzrasai.webp\",\"datePublished\":\"2025-02-11T12:15:47+00:00\",\"dateModified\":\"2025-11-08T17:46:29+00:00\",\"description\":\"Misteris Pikvikas ir keturi \\\"Pikviko klubo\\\" nariai keliauja per Anglij\u0105, nor\u0117dami kuo pla\u010diau i\u0161tirti ir pa\u017einti savo \u0161al\u012f; ta\u010diau naiv\u016bs ir patikl\u016bs\",\"breadcrumb\":{\"@id\":\"https:\\\/\\\/skaitytaknyga.lt\\\/produktas\\\/pomirtiniai-pikviko-klubo-uzrasai\\\/#breadcrumb\"},\"inLanguage\":\"en-GB\",\"potentialAction\":[{\"@type\":\"ReadAction\",\"target\":[\"https:\\\/\\\/skaitytaknyga.lt\\\/produktas\\\/pomirtiniai-pikviko-klubo-uzrasai\\\/\"]}]},{\"@type\":\"ImageObject\",\"inLanguage\":\"en-GB\",\"@id\":\"https:\\\/\\\/skaitytaknyga.lt\\\/produktas\\\/pomirtiniai-pikviko-klubo-uzrasai\\\/#primaryimage\",\"url\":\"https:\\\/\\\/skaitytaknyga.lt\\\/wp-content\\\/uploads\\\/2025\\\/02\\\/Pomirtiniai-Pikviko-klubo-uzrasai.webp\",\"contentUrl\":\"https:\\\/\\\/skaitytaknyga.lt\\\/wp-content\\\/uploads\\\/2025\\\/02\\\/Pomirtiniai-Pikviko-klubo-uzrasai.webp\",\"width\":517,\"height\":800,\"caption\":\"Pomirtiniai Pikviko klubo u\u017era\u0161ai\"},{\"@type\":\"BreadcrumbList\",\"@id\":\"https:\\\/\\\/skaitytaknyga.lt\\\/produktas\\\/pomirtiniai-pikviko-klubo-uzrasai\\\/#breadcrumb\",\"itemListElement\":[{\"@type\":\"ListItem\",\"position\":1,\"name\":\"Home\",\"item\":\"https:\\\/\\\/skaitytaknyga.lt\\\/\"},{\"@type\":\"ListItem\",\"position\":2,\"name\":\"Parduotuv\u0117\",\"item\":\"https:\\\/\\\/skaitytaknyga.lt\\\/knygu-parduotuve\\\/\"},{\"@type\":\"ListItem\",\"position\":3,\"name\":\"Pomirtiniai Pikviko klubo u\u017era\u0161ai\"}]},{\"@type\":\"WebSite\",\"@id\":\"https:\\\/\\\/skaitytaknyga.lt\\\/#website\",\"url\":\"https:\\\/\\\/skaitytaknyga.lt\\\/\",\"name\":\"skaitytaknyga.lt\",\"description\":\"Skaitytaknyga.lt \u2013 tai ma\u017eas \u0161eimos verslas, kuris prasid\u0117jo nuo meil\u0117s knygoms ir siekio i\u0161gelb\u0117ti knygas nuo likimo prie konteinerio. Kas vienam nereikalingas daiktas \u2013 kitam lobis, o mes esame tarpininkai, kurie padeda abiems tapti laimingesniems ???? \u017dinome kaip nelengva i\u0161gyventi ma\u017eiems verslams, tad nuo \u0161iol, \u010dia rasite ir kit\u0173, ma\u017e\u0173 \u0161eim\u0173 versl\u0173, rank\u0173 darbo, dovan\u0173 sau ir artimiesiems.\",\"publisher\":{\"@id\":\"https:\\\/\\\/skaitytaknyga.lt\\\/#organization\"},\"potentialAction\":[{\"@type\":\"SearchAction\",\"target\":{\"@type\":\"EntryPoint\",\"urlTemplate\":\"https:\\\/\\\/skaitytaknyga.lt\\\/?s={search_term_string}\"},\"query-input\":{\"@type\":\"PropertyValueSpecification\",\"valueRequired\":true,\"valueName\":\"search_term_string\"}}],\"inLanguage\":\"en-GB\"},{\"@type\":\"Organization\",\"@id\":\"https:\\\/\\\/skaitytaknyga.lt\\\/#organization\",\"name\":\"skaitytaknyga.lt\",\"url\":\"https:\\\/\\\/skaitytaknyga.lt\\\/\",\"logo\":{\"@type\":\"ImageObject\",\"inLanguage\":\"en-GB\",\"@id\":\"https:\\\/\\\/skaitytaknyga.lt\\\/#\\\/schema\\\/logo\\\/image\\\/\",\"url\":\"https:\\\/\\\/skaitytaknyga.lt\\\/wp-content\\\/uploads\\\/2024\\\/05\\\/cropped-cropped-cropped-02_00843_jt3bggkj1j3HLc7SyY6rEUpg.jpeg\",\"contentUrl\":\"https:\\\/\\\/skaitytaknyga.lt\\\/wp-content\\\/uploads\\\/2024\\\/05\\\/cropped-cropped-cropped-02_00843_jt3bggkj1j3HLc7SyY6rEUpg.jpeg\",\"width\":1600,\"height\":1600,\"caption\":\"skaitytaknyga.lt\"},\"image\":{\"@id\":\"https:\\\/\\\/skaitytaknyga.lt\\\/#\\\/schema\\\/logo\\\/image\\\/\"},\"sameAs\":[\"https:\\\/\\\/www.facebook.com\\\/skaitytaknyga\\\/\"]}]}<\/script>\n<!-- \/ Yoast SEO plugin. -->","yoast_head_json":{"title":"Pomirtiniai Pikviko klubo u\u017era\u0161ai","description":"Misteris Pikvikas ir keturi \"Pikviko klubo\" nariai keliauja per Anglij\u0105, nor\u0117dami kuo pla\u010diau i\u0161tirti ir pa\u017einti savo \u0161al\u012f; ta\u010diau naiv\u016bs ir patikl\u016bs","robots":{"index":"index","follow":"follow","max-snippet":"max-snippet:-1","max-image-preview":"max-image-preview:large","max-video-preview":"max-video-preview:-1"},"canonical":"https:\/\/skaitytaknyga.lt\/en\/produktas\/pomirtiniai-pikviko-klubo-uzrasai\/","og_locale":"en_GB","og_type":"article","og_title":"[:lt]Pomirtiniai Pikviko klubo u\u017era\u0161ai[:] - Skaitytaknyga","og_description":"Misteris Pikvikas ir keturi \"Pikviko klubo\" nariai keliauja per Anglij\u0105, nor\u0117dami kuo pla\u010diau i\u0161tirti ir pa\u017einti savo \u0161al\u012f; ta\u010diau naiv\u016bs ir patikl\u016bs","og_url":"https:\/\/skaitytaknyga.lt\/en\/produktas\/pomirtiniai-pikviko-klubo-uzrasai\/","og_site_name":"Skaitytaknyga","article_publisher":"https:\/\/www.facebook.com\/skaitytaknyga\/","article_modified_time":"2025-11-08T17:46:29+00:00","og_image":[{"width":517,"height":800,"url":"https:\/\/skaitytaknyga.lt\/wp-content\/uploads\/2025\/02\/Pomirtiniai-Pikviko-klubo-uzrasai.webp","type":"image\/webp"}],"twitter_card":"summary_large_image","twitter_misc":{"Estimated reading time":"1 minute"},"schema":{"@context":"https:\/\/schema.org","@graph":[{"@type":"WebPage","@id":"https:\/\/skaitytaknyga.lt\/produktas\/pomirtiniai-pikviko-klubo-uzrasai\/","url":"https:\/\/skaitytaknyga.lt\/produktas\/pomirtiniai-pikviko-klubo-uzrasai\/","name":"Pomirtiniai Pikviko klubo u\u017era\u0161ai","isPartOf":{"@id":"https:\/\/skaitytaknyga.lt\/#website"},"primaryImageOfPage":{"@id":"https:\/\/skaitytaknyga.lt\/produktas\/pomirtiniai-pikviko-klubo-uzrasai\/#primaryimage"},"image":{"@id":"https:\/\/skaitytaknyga.lt\/produktas\/pomirtiniai-pikviko-klubo-uzrasai\/#primaryimage"},"thumbnailUrl":"https:\/\/skaitytaknyga.lt\/wp-content\/uploads\/2025\/02\/Pomirtiniai-Pikviko-klubo-uzrasai.webp","datePublished":"2025-02-11T12:15:47+00:00","dateModified":"2025-11-08T17:46:29+00:00","description":"Misteris Pikvikas ir keturi \"Pikviko klubo\" nariai keliauja per Anglij\u0105, nor\u0117dami kuo pla\u010diau i\u0161tirti ir pa\u017einti savo \u0161al\u012f; ta\u010diau naiv\u016bs ir patikl\u016bs","breadcrumb":{"@id":"https:\/\/skaitytaknyga.lt\/produktas\/pomirtiniai-pikviko-klubo-uzrasai\/#breadcrumb"},"inLanguage":"en-GB","potentialAction":[{"@type":"ReadAction","target":["https:\/\/skaitytaknyga.lt\/produktas\/pomirtiniai-pikviko-klubo-uzrasai\/"]}]},{"@type":"ImageObject","inLanguage":"en-GB","@id":"https:\/\/skaitytaknyga.lt\/produktas\/pomirtiniai-pikviko-klubo-uzrasai\/#primaryimage","url":"https:\/\/skaitytaknyga.lt\/wp-content\/uploads\/2025\/02\/Pomirtiniai-Pikviko-klubo-uzrasai.webp","contentUrl":"https:\/\/skaitytaknyga.lt\/wp-content\/uploads\/2025\/02\/Pomirtiniai-Pikviko-klubo-uzrasai.webp","width":517,"height":800,"caption":"Pomirtiniai Pikviko klubo u\u017era\u0161ai"},{"@type":"BreadcrumbList","@id":"https:\/\/skaitytaknyga.lt\/produktas\/pomirtiniai-pikviko-klubo-uzrasai\/#breadcrumb","itemListElement":[{"@type":"ListItem","position":1,"name":"Home","item":"https:\/\/skaitytaknyga.lt\/"},{"@type":"ListItem","position":2,"name":"Parduotuv\u0117","item":"https:\/\/skaitytaknyga.lt\/knygu-parduotuve\/"},{"@type":"ListItem","position":3,"name":"Pomirtiniai Pikviko klubo u\u017era\u0161ai"}]},{"@type":"WebSite","@id":"https:\/\/skaitytaknyga.lt\/#website","url":"https:\/\/skaitytaknyga.lt\/","name":"skaitytaknyga.lt","description":"Skaitytaknyga.lt \u2013 tai ma\u017eas \u0161eimos verslas, kuris prasid\u0117jo nuo meil\u0117s knygoms ir siekio i\u0161gelb\u0117ti knygas nuo likimo prie konteinerio. Kas vienam nereikalingas daiktas \u2013 kitam lobis, o mes esame tarpininkai, kurie padeda abiems tapti laimingesniems ???? \u017dinome kaip nelengva i\u0161gyventi ma\u017eiems verslams, tad nuo \u0161iol, \u010dia rasite ir kit\u0173, ma\u017e\u0173 \u0161eim\u0173 versl\u0173, rank\u0173 darbo, dovan\u0173 sau ir artimiesiems.","publisher":{"@id":"https:\/\/skaitytaknyga.lt\/#organization"},"potentialAction":[{"@type":"SearchAction","target":{"@type":"EntryPoint","urlTemplate":"https:\/\/skaitytaknyga.lt\/?s={search_term_string}"},"query-input":{"@type":"PropertyValueSpecification","valueRequired":true,"valueName":"search_term_string"}}],"inLanguage":"en-GB"},{"@type":"Organization","@id":"https:\/\/skaitytaknyga.lt\/#organization","name":"skaitytaknyga.lt","url":"https:\/\/skaitytaknyga.lt\/","logo":{"@type":"ImageObject","inLanguage":"en-GB","@id":"https:\/\/skaitytaknyga.lt\/#\/schema\/logo\/image\/","url":"https:\/\/skaitytaknyga.lt\/wp-content\/uploads\/2024\/05\/cropped-cropped-cropped-02_00843_jt3bggkj1j3HLc7SyY6rEUpg.jpeg","contentUrl":"https:\/\/skaitytaknyga.lt\/wp-content\/uploads\/2024\/05\/cropped-cropped-cropped-02_00843_jt3bggkj1j3HLc7SyY6rEUpg.jpeg","width":1600,"height":1600,"caption":"skaitytaknyga.lt"},"image":{"@id":"https:\/\/skaitytaknyga.lt\/#\/schema\/logo\/image\/"},"sameAs":["https:\/\/www.facebook.com\/skaitytaknyga\/"]}]}},"_links":{"self":[{"href":"https:\/\/skaitytaknyga.lt\/en\/wp-json\/wp\/v2\/product\/16754","targetHints":{"allow":["GET"]}}],"collection":[{"href":"https:\/\/skaitytaknyga.lt\/en\/wp-json\/wp\/v2\/product"}],"about":[{"href":"https:\/\/skaitytaknyga.lt\/en\/wp-json\/wp\/v2\/types\/product"}],"replies":[{"embeddable":true,"href":"https:\/\/skaitytaknyga.lt\/en\/wp-json\/wp\/v2\/comments?post=16754"}],"wp:featuredmedia":[{"embeddable":true,"href":"https:\/\/skaitytaknyga.lt\/en\/wp-json\/wp\/v2\/media\/16755"}],"wp:attachment":[{"href":"https:\/\/skaitytaknyga.lt\/en\/wp-json\/wp\/v2\/media?parent=16754"}],"wp:term":[{"taxonomy":"product_brand","embeddable":true,"href":"https:\/\/skaitytaknyga.lt\/en\/wp-json\/wp\/v2\/product_brand?post=16754"},{"taxonomy":"product_cat","embeddable":true,"href":"https:\/\/skaitytaknyga.lt\/en\/wp-json\/wp\/v2\/product_cat?post=16754"},{"taxonomy":"product_tag","embeddable":true,"href":"https:\/\/skaitytaknyga.lt\/en\/wp-json\/wp\/v2\/product_tag?post=16754"}],"curies":[{"name":"wp","href":"https:\/\/api.w.org\/{rel}","templated":true}]}}