{"id":16747,"date":"2025-02-11T14:10:09","date_gmt":"2025-02-11T12:10:09","guid":{"rendered":"https:\/\/skaitytaknyga.lt\/?post_type=product&#038;p=16747"},"modified":"2025-03-07T20:57:19","modified_gmt":"2025-03-07T18:57:19","slug":"gimimo-slepinys","status":"publish","type":"product","link":"https:\/\/skaitytaknyga.lt\/en\/produktas\/gimimo-slepinys\/","title":{"rendered":"Gimimo sl\u0117pinys"},"content":{"rendered":"<p>\u0160i 2004 m. pabaigoje i\u0161leista Aleksandro \u017darskaus knyga (340 p.) &#8211; tai studijos \u201eGimties virsmas\u201c antroji dalis &#8211; \u201eGimimas ir k\u016bdikyst\u0117\u201c.<\/p>\n<p>Knygoje, apibendrinant atskiras teorijas bei tyrim\u0173 rezultatus, apm\u0105stytas Gamtos numatytas gyvyb\u0117s at\u0117jimo \u012f \u017eem\u0119 planas, atskleid\u017eiami tie vaikams ir visai visuomenei skaud\u017eiai atsiliepiantys pa\u017eeidimai, kurie padaromi k\u016bdikiui gimstant, kuomet gimimas tapo visi\u0161kai sumedicinintas ir prievartinis.<\/p>\n<p>Pagrindinis d\u0117mesys skiriamas mamos \u2013 vaiko ry\u0161iams, kurie susiklosto gimstant, ir psichologiniams gimimo veiksniams.<\/p>\n<p>Bene pirm\u0105 kart\u0105 atskiroje knygos dalyje apra\u0161omos ypatingos gimdan\u010diosios s\u0105mon\u0117s b\u016bsenos ir j\u0173 vaidmuo motinyst\u0117s jausmo susiformavimui. Pla\u010diai aptariamas nat\u016bralus \u017eindymas ir jo reik\u0161m\u0117 fizinei ir dvasinei k\u016bdikio sveikatai bei besiformuojantiems bendravimo ry\u0161iams. Knyga atspindi ir tuos pasikeitimus, kurie d\u0117ka dr\u0105si\u0173 moter\u0173, i\u0161dr\u012fsusi\u0173 vardan savo ir savo vaik\u0173 ateities pasiprie\u0161inti esamai tvarkai, \u012fvyko gimdymo namuose ir gydytoj\u0173 pa\u017ei\u016brose. Tai buvo ma\u017eai pasteb\u0117tas s\u0105j\u016bdis \u201eU\u017e gyvyb\u0119\u201c, kuris vyko lygiagre\u010diai su politiniu S\u0105j\u016bd\u017eiu.<\/p>\n<ul class=\"about-product d-none d-xl-block mt-4\">\n<li><strong>Autorius:<\/strong>\u00a0Aleksandras \u017darskus<\/li>\n<li><strong>Leid\u0117jas:<\/strong>\u00a0Dimera<\/li>\n<li><strong>Metai:<\/strong>\u00a02009<\/li>\n<li><strong>Puslapiai:<\/strong>\u00a0342<\/li>\n<li class=\"toggleable type-new-formats \"><strong>ISBN:<\/strong>\u00a09789955969358<\/li>\n<li><strong>Versijos kodas:<\/strong>\u00a0PT.<\/li>\n<li class=\"toggleable type-new-formats \"><strong>Formatas:<\/strong>\u00a012,5 x 20 cm, mink\u0161ti vir\u0161eliai<\/li>\n<li><strong>Kalba:<\/strong>\u00a0Lietuvi\u0173<\/li>\n<\/ul>\n","protected":false},"excerpt":{"rendered":"<p>\u0160i 2004 m. pabaigoje i\u0161leista Aleksandro \u017darskaus knyga (340 p.) &#8211; tai studijos \u201eGimties virsmas\u201c antroji dalis &#8211; \u201eGimimas ir k\u016bdikyst\u0117\u201c. Knygoje, apibendrinant atskiras teorijas bei tyrim\u0173 rezultatus, apm\u0105stytas Gamtos numatytas gyvyb\u0117s at\u0117jimo \u012f \u017eem\u0119 planas, atskleid\u017eiami tie vaikams ir visai visuomenei skaud\u017eiai atsiliepiantys pa\u017eeidimai, kurie padaromi k\u016bdikiui gimstant, kuomet gimimas tapo visi\u0161kai sumedicinintas ir prievartinis. Pagrindinis d\u0117mesys skiriamas mamos \u2013 vaiko ry\u0161iams, kurie susiklosto gimstant, ir psichologiniams gimimo veiksniams. Bene pirm\u0105 kart\u0105 atskiroje knygos dalyje apra\u0161omos ypatingos gimdan\u010diosios s\u0105mon\u0117s b\u016bsenos ir j\u0173 vaidmuo motinyst\u0117s jausmo susiformavimui. Pla\u010diai aptariamas nat\u016bralus \u017eindymas ir jo reik\u0161m\u0117 fizinei ir dvasinei k\u016bdikio sveikatai bei besiformuojantiems bendravimo ry\u0161iams. Knyga atspindi ir tuos pasikeitimus, kurie d\u0117ka dr\u0105si\u0173 moter\u0173, i\u0161dr\u012fsusi\u0173 vardan savo ir savo vaik\u0173 ateities pasiprie\u0161inti esamai tvarkai, \u012fvyko gimdymo namuose ir gydytoj\u0173 pa\u017ei\u016brose. Tai buvo ma\u017eai pasteb\u0117tas s\u0105j\u016bdis \u201eU\u017e gyvyb\u0119\u201c, kuris vyko lygiagre\u010diai su politiniu S\u0105j\u016bd\u017eiu. Autorius:\u00a0Aleksandras \u017darskus Leid\u0117jas:\u00a0Dimera Metai:\u00a02009 Puslapiai:\u00a0342 ISBN:\u00a09789955969358 Versijos kodas:\u00a0PT. Formatas:\u00a012,5 x 20 cm, mink\u0161ti vir\u0161eliai Kalba:\u00a0Lietuvi\u0173<\/p>\n","protected":false},"featured_media":16748,"comment_status":"open","ping_status":"closed","template":"","meta":{"_acf_changed":false,"site-sidebar-layout":"default","site-content-layout":"","ast-site-content-layout":"default","site-content-style":"default","site-sidebar-style":"default","ast-global-header-display":"","ast-banner-title-visibility":"","ast-main-header-display":"","ast-hfb-above-header-display":"","ast-hfb-below-header-display":"","ast-hfb-mobile-header-display":"","site-post-title":"","ast-breadcrumbs-content":"","ast-featured-img":"","footer-sml-layout":"","ast-disable-related-posts":"","theme-transparent-header-meta":"default","adv-header-id-meta":"","stick-header-meta":"","header-above-stick-meta":"","header-main-stick-meta":"","header-below-stick-meta":"","astra-migrate-meta-layouts":"set","ast-page-background-enabled":"default","ast-page-background-meta":{"desktop":{"background-color":"","background-image":"","background-repeat":"repeat","background-position":"center center","background-size":"auto","background-attachment":"scroll","background-type":"","background-media":"","overlay-type":"","overlay-color":"","overlay-opacity":"","overlay-gradient":""},"tablet":{"background-color":"","background-image":"","background-repeat":"repeat","background-position":"center center","background-size":"auto","background-attachment":"scroll","background-type":"","background-media":"","overlay-type":"","overlay-color":"","overlay-opacity":"","overlay-gradient":""},"mobile":{"background-color":"","background-image":"","background-repeat":"repeat","background-position":"center center","background-size":"auto","background-attachment":"scroll","background-type":"","background-media":"","overlay-type":"","overlay-color":"","overlay-opacity":"","overlay-gradient":""}},"ast-content-background-meta":{"desktop":{"background-color":"var(--ast-global-color-4)","background-image":"","background-repeat":"repeat","background-position":"center center","background-size":"auto","background-attachment":"scroll","background-type":"","background-media":"","overlay-type":"","overlay-color":"","overlay-opacity":"","overlay-gradient":""},"tablet":{"background-color":"var(--ast-global-color-4)","background-image":"","background-repeat":"repeat","background-position":"center center","background-size":"auto","background-attachment":"scroll","background-type":"","background-media":"","overlay-type":"","overlay-color":"","overlay-opacity":"","overlay-gradient":""},"mobile":{"background-color":"var(--ast-global-color-4)","background-image":"","background-repeat":"repeat","background-position":"center center","background-size":"auto","background-attachment":"scroll","background-type":"","background-media":"","overlay-type":"","overlay-color":"","overlay-opacity":"","overlay-gradient":""}}},"product_brand":[],"product_cat":[30,15],"product_tag":[],"class_list":{"0":"post-16747","1":"product","2":"type-product","3":"status-publish","4":"has-post-thumbnail","6":"product_cat-psichologija-ir-saviugda","7":"product_cat-uncategorized","8":"desktop-align-left","9":"tablet-align-left","10":"mobile-align-left","12":"first","13":"outofstock","14":"shipping-taxable","15":"purchasable","16":"product-type-simple"},"acf":[],"yoast_head":"<!-- This site is optimized with the Yoast SEO plugin v27.4 - https:\/\/yoast.com\/product\/yoast-seo-wordpress\/ -->\n<title>Gimimo sl\u0117pinys<\/title>\n<meta name=\"description\" content=\"\u0160i 2004 m. pabaigoje i\u0161leista Aleksandro \u017darskaus knyga (340 p.) - tai studijos \u201eGimties virsmas\u201c antroji dalis - \u201eGimimas ir k\u016bdikyst\u0117\u201c. Knygoje,\" \/>\n<meta name=\"robots\" content=\"index, follow, max-snippet:-1, max-image-preview:large, max-video-preview:-1\" \/>\n<link rel=\"canonical\" href=\"https:\/\/skaitytaknyga.lt\/en\/produktas\/gimimo-slepinys\/\" \/>\n<meta property=\"og:locale\" content=\"en_GB\" \/>\n<meta property=\"og:locale:alternate\" content=\"lt_LT\" \/>\n<meta property=\"og:type\" content=\"article\" \/>\n<meta property=\"og:title\" content=\"Gimimo sl\u0117pinys\" \/>\n<meta property=\"og:description\" content=\"\u0160i 2004 m. pabaigoje i\u0161leista Aleksandro \u017darskaus knyga (340 p.) - tai studijos \u201eGimties virsmas\u201c antroji dalis - \u201eGimimas ir k\u016bdikyst\u0117\u201c. Knygoje,\" \/>\n<meta property=\"og:url\" content=\"https:\/\/skaitytaknyga.lt\/en\/produktas\/gimimo-slepinys\/\" \/>\n<meta property=\"og:site_name\" content=\"Skaitytaknyga\" \/>\n<meta property=\"article:publisher\" content=\"https:\/\/www.facebook.com\/skaitytaknyga\/\" \/>\n<meta property=\"article:modified_time\" content=\"2025-03-07T18:57:19+00:00\" \/>\n<meta property=\"og:image\" content=\"https:\/\/skaitytaknyga.lt\/wp-content\/uploads\/2025\/02\/Gimimo-slepinys.webp\" \/>\n\t<meta property=\"og:image:width\" content=\"502\" \/>\n\t<meta property=\"og:image:height\" content=\"800\" \/>\n\t<meta property=\"og:image:type\" content=\"image\/webp\" \/>\n<meta name=\"twitter:card\" content=\"summary_large_image\" \/>\n<meta name=\"twitter:label1\" content=\"Estimated reading time\" \/>\n\t<meta name=\"twitter:data1\" content=\"2 minutes\" \/>\n<script type=\"application\/ld+json\" class=\"yoast-schema-graph\">{\"@context\":\"https:\\\/\\\/schema.org\",\"@graph\":[{\"@type\":\"WebPage\",\"@id\":\"https:\\\/\\\/skaitytaknyga.lt\\\/produktas\\\/gimimo-slepinys\\\/\",\"url\":\"https:\\\/\\\/skaitytaknyga.lt\\\/produktas\\\/gimimo-slepinys\\\/\",\"name\":\"Gimimo sl\u0117pinys\",\"isPartOf\":{\"@id\":\"https:\\\/\\\/skaitytaknyga.lt\\\/#website\"},\"primaryImageOfPage\":{\"@id\":\"https:\\\/\\\/skaitytaknyga.lt\\\/produktas\\\/gimimo-slepinys\\\/#primaryimage\"},\"image\":{\"@id\":\"https:\\\/\\\/skaitytaknyga.lt\\\/produktas\\\/gimimo-slepinys\\\/#primaryimage\"},\"thumbnailUrl\":\"https:\\\/\\\/skaitytaknyga.lt\\\/wp-content\\\/uploads\\\/2025\\\/02\\\/Gimimo-slepinys.webp\",\"datePublished\":\"2025-02-11T12:10:09+00:00\",\"dateModified\":\"2025-03-07T18:57:19+00:00\",\"description\":\"\u0160i 2004 m. pabaigoje i\u0161leista Aleksandro \u017darskaus knyga (340 p.) - tai studijos \u201eGimties virsmas\u201c antroji dalis - \u201eGimimas ir k\u016bdikyst\u0117\u201c. Knygoje,\",\"breadcrumb\":{\"@id\":\"https:\\\/\\\/skaitytaknyga.lt\\\/produktas\\\/gimimo-slepinys\\\/#breadcrumb\"},\"inLanguage\":\"en-GB\",\"potentialAction\":[{\"@type\":\"ReadAction\",\"target\":[\"https:\\\/\\\/skaitytaknyga.lt\\\/produktas\\\/gimimo-slepinys\\\/\"]}]},{\"@type\":\"ImageObject\",\"inLanguage\":\"en-GB\",\"@id\":\"https:\\\/\\\/skaitytaknyga.lt\\\/produktas\\\/gimimo-slepinys\\\/#primaryimage\",\"url\":\"https:\\\/\\\/skaitytaknyga.lt\\\/wp-content\\\/uploads\\\/2025\\\/02\\\/Gimimo-slepinys.webp\",\"contentUrl\":\"https:\\\/\\\/skaitytaknyga.lt\\\/wp-content\\\/uploads\\\/2025\\\/02\\\/Gimimo-slepinys.webp\",\"width\":502,\"height\":800,\"caption\":\"Gimimo sl\u0117pinys\"},{\"@type\":\"BreadcrumbList\",\"@id\":\"https:\\\/\\\/skaitytaknyga.lt\\\/produktas\\\/gimimo-slepinys\\\/#breadcrumb\",\"itemListElement\":[{\"@type\":\"ListItem\",\"position\":1,\"name\":\"Home\",\"item\":\"https:\\\/\\\/skaitytaknyga.lt\\\/\"},{\"@type\":\"ListItem\",\"position\":2,\"name\":\"Parduotuv\u0117\",\"item\":\"https:\\\/\\\/skaitytaknyga.lt\\\/knygu-parduotuve\\\/\"},{\"@type\":\"ListItem\",\"position\":3,\"name\":\"Gimimo sl\u0117pinys\"}]},{\"@type\":\"WebSite\",\"@id\":\"https:\\\/\\\/skaitytaknyga.lt\\\/#website\",\"url\":\"https:\\\/\\\/skaitytaknyga.lt\\\/\",\"name\":\"skaitytaknyga.lt\",\"description\":\"Skaitytaknyga.lt \u2013 tai ma\u017eas \u0161eimos verslas, kuris prasid\u0117jo nuo meil\u0117s knygoms ir siekio i\u0161gelb\u0117ti knygas nuo likimo prie konteinerio. Kas vienam nereikalingas daiktas \u2013 kitam lobis, o mes esame tarpininkai, kurie padeda abiems tapti laimingesniems ???? \u017dinome kaip nelengva i\u0161gyventi ma\u017eiems verslams, tad nuo \u0161iol, \u010dia rasite ir kit\u0173, ma\u017e\u0173 \u0161eim\u0173 versl\u0173, rank\u0173 darbo, dovan\u0173 sau ir artimiesiems.\",\"publisher\":{\"@id\":\"https:\\\/\\\/skaitytaknyga.lt\\\/#organization\"},\"potentialAction\":[{\"@type\":\"SearchAction\",\"target\":{\"@type\":\"EntryPoint\",\"urlTemplate\":\"https:\\\/\\\/skaitytaknyga.lt\\\/?s={search_term_string}\"},\"query-input\":{\"@type\":\"PropertyValueSpecification\",\"valueRequired\":true,\"valueName\":\"search_term_string\"}}],\"inLanguage\":\"en-GB\"},{\"@type\":\"Organization\",\"@id\":\"https:\\\/\\\/skaitytaknyga.lt\\\/#organization\",\"name\":\"skaitytaknyga.lt\",\"url\":\"https:\\\/\\\/skaitytaknyga.lt\\\/\",\"logo\":{\"@type\":\"ImageObject\",\"inLanguage\":\"en-GB\",\"@id\":\"https:\\\/\\\/skaitytaknyga.lt\\\/#\\\/schema\\\/logo\\\/image\\\/\",\"url\":\"https:\\\/\\\/skaitytaknyga.lt\\\/wp-content\\\/uploads\\\/2024\\\/05\\\/cropped-cropped-cropped-02_00843_jt3bggkj1j3HLc7SyY6rEUpg.jpeg\",\"contentUrl\":\"https:\\\/\\\/skaitytaknyga.lt\\\/wp-content\\\/uploads\\\/2024\\\/05\\\/cropped-cropped-cropped-02_00843_jt3bggkj1j3HLc7SyY6rEUpg.jpeg\",\"width\":1600,\"height\":1600,\"caption\":\"skaitytaknyga.lt\"},\"image\":{\"@id\":\"https:\\\/\\\/skaitytaknyga.lt\\\/#\\\/schema\\\/logo\\\/image\\\/\"},\"sameAs\":[\"https:\\\/\\\/www.facebook.com\\\/skaitytaknyga\\\/\"]}]}<\/script>\n<!-- \/ Yoast SEO plugin. -->","yoast_head_json":{"title":"Gimimo sl\u0117pinys","description":"\u0160i 2004 m. pabaigoje i\u0161leista Aleksandro \u017darskaus knyga (340 p.) - tai studijos \u201eGimties virsmas\u201c antroji dalis - \u201eGimimas ir k\u016bdikyst\u0117\u201c. Knygoje,","robots":{"index":"index","follow":"follow","max-snippet":"max-snippet:-1","max-image-preview":"max-image-preview:large","max-video-preview":"max-video-preview:-1"},"canonical":"https:\/\/skaitytaknyga.lt\/en\/produktas\/gimimo-slepinys\/","og_locale":"en_GB","og_type":"article","og_title":"[:lt]Gimimo sl\u0117pinys[:] - Skaitytaknyga","og_description":"\u0160i 2004 m. pabaigoje i\u0161leista Aleksandro \u017darskaus knyga (340 p.) - tai studijos \u201eGimties virsmas\u201c antroji dalis - \u201eGimimas ir k\u016bdikyst\u0117\u201c. Knygoje,","og_url":"https:\/\/skaitytaknyga.lt\/en\/produktas\/gimimo-slepinys\/","og_site_name":"Skaitytaknyga","article_publisher":"https:\/\/www.facebook.com\/skaitytaknyga\/","article_modified_time":"2025-03-07T18:57:19+00:00","og_image":[{"width":502,"height":800,"url":"https:\/\/skaitytaknyga.lt\/wp-content\/uploads\/2025\/02\/Gimimo-slepinys.webp","type":"image\/webp"}],"twitter_card":"summary_large_image","twitter_misc":{"Estimated reading time":"2 minutes"},"schema":{"@context":"https:\/\/schema.org","@graph":[{"@type":"WebPage","@id":"https:\/\/skaitytaknyga.lt\/produktas\/gimimo-slepinys\/","url":"https:\/\/skaitytaknyga.lt\/produktas\/gimimo-slepinys\/","name":"Gimimo sl\u0117pinys","isPartOf":{"@id":"https:\/\/skaitytaknyga.lt\/#website"},"primaryImageOfPage":{"@id":"https:\/\/skaitytaknyga.lt\/produktas\/gimimo-slepinys\/#primaryimage"},"image":{"@id":"https:\/\/skaitytaknyga.lt\/produktas\/gimimo-slepinys\/#primaryimage"},"thumbnailUrl":"https:\/\/skaitytaknyga.lt\/wp-content\/uploads\/2025\/02\/Gimimo-slepinys.webp","datePublished":"2025-02-11T12:10:09+00:00","dateModified":"2025-03-07T18:57:19+00:00","description":"\u0160i 2004 m. pabaigoje i\u0161leista Aleksandro \u017darskaus knyga (340 p.) - tai studijos \u201eGimties virsmas\u201c antroji dalis - \u201eGimimas ir k\u016bdikyst\u0117\u201c. Knygoje,","breadcrumb":{"@id":"https:\/\/skaitytaknyga.lt\/produktas\/gimimo-slepinys\/#breadcrumb"},"inLanguage":"en-GB","potentialAction":[{"@type":"ReadAction","target":["https:\/\/skaitytaknyga.lt\/produktas\/gimimo-slepinys\/"]}]},{"@type":"ImageObject","inLanguage":"en-GB","@id":"https:\/\/skaitytaknyga.lt\/produktas\/gimimo-slepinys\/#primaryimage","url":"https:\/\/skaitytaknyga.lt\/wp-content\/uploads\/2025\/02\/Gimimo-slepinys.webp","contentUrl":"https:\/\/skaitytaknyga.lt\/wp-content\/uploads\/2025\/02\/Gimimo-slepinys.webp","width":502,"height":800,"caption":"Gimimo sl\u0117pinys"},{"@type":"BreadcrumbList","@id":"https:\/\/skaitytaknyga.lt\/produktas\/gimimo-slepinys\/#breadcrumb","itemListElement":[{"@type":"ListItem","position":1,"name":"Home","item":"https:\/\/skaitytaknyga.lt\/"},{"@type":"ListItem","position":2,"name":"Parduotuv\u0117","item":"https:\/\/skaitytaknyga.lt\/knygu-parduotuve\/"},{"@type":"ListItem","position":3,"name":"Gimimo sl\u0117pinys"}]},{"@type":"WebSite","@id":"https:\/\/skaitytaknyga.lt\/#website","url":"https:\/\/skaitytaknyga.lt\/","name":"skaitytaknyga.lt","description":"Skaitytaknyga.lt \u2013 tai ma\u017eas \u0161eimos verslas, kuris prasid\u0117jo nuo meil\u0117s knygoms ir siekio i\u0161gelb\u0117ti knygas nuo likimo prie konteinerio. Kas vienam nereikalingas daiktas \u2013 kitam lobis, o mes esame tarpininkai, kurie padeda abiems tapti laimingesniems ???? \u017dinome kaip nelengva i\u0161gyventi ma\u017eiems verslams, tad nuo \u0161iol, \u010dia rasite ir kit\u0173, ma\u017e\u0173 \u0161eim\u0173 versl\u0173, rank\u0173 darbo, dovan\u0173 sau ir artimiesiems.","publisher":{"@id":"https:\/\/skaitytaknyga.lt\/#organization"},"potentialAction":[{"@type":"SearchAction","target":{"@type":"EntryPoint","urlTemplate":"https:\/\/skaitytaknyga.lt\/?s={search_term_string}"},"query-input":{"@type":"PropertyValueSpecification","valueRequired":true,"valueName":"search_term_string"}}],"inLanguage":"en-GB"},{"@type":"Organization","@id":"https:\/\/skaitytaknyga.lt\/#organization","name":"skaitytaknyga.lt","url":"https:\/\/skaitytaknyga.lt\/","logo":{"@type":"ImageObject","inLanguage":"en-GB","@id":"https:\/\/skaitytaknyga.lt\/#\/schema\/logo\/image\/","url":"https:\/\/skaitytaknyga.lt\/wp-content\/uploads\/2024\/05\/cropped-cropped-cropped-02_00843_jt3bggkj1j3HLc7SyY6rEUpg.jpeg","contentUrl":"https:\/\/skaitytaknyga.lt\/wp-content\/uploads\/2024\/05\/cropped-cropped-cropped-02_00843_jt3bggkj1j3HLc7SyY6rEUpg.jpeg","width":1600,"height":1600,"caption":"skaitytaknyga.lt"},"image":{"@id":"https:\/\/skaitytaknyga.lt\/#\/schema\/logo\/image\/"},"sameAs":["https:\/\/www.facebook.com\/skaitytaknyga\/"]}]}},"_links":{"self":[{"href":"https:\/\/skaitytaknyga.lt\/en\/wp-json\/wp\/v2\/product\/16747","targetHints":{"allow":["GET"]}}],"collection":[{"href":"https:\/\/skaitytaknyga.lt\/en\/wp-json\/wp\/v2\/product"}],"about":[{"href":"https:\/\/skaitytaknyga.lt\/en\/wp-json\/wp\/v2\/types\/product"}],"replies":[{"embeddable":true,"href":"https:\/\/skaitytaknyga.lt\/en\/wp-json\/wp\/v2\/comments?post=16747"}],"wp:featuredmedia":[{"embeddable":true,"href":"https:\/\/skaitytaknyga.lt\/en\/wp-json\/wp\/v2\/media\/16748"}],"wp:attachment":[{"href":"https:\/\/skaitytaknyga.lt\/en\/wp-json\/wp\/v2\/media?parent=16747"}],"wp:term":[{"taxonomy":"product_brand","embeddable":true,"href":"https:\/\/skaitytaknyga.lt\/en\/wp-json\/wp\/v2\/product_brand?post=16747"},{"taxonomy":"product_cat","embeddable":true,"href":"https:\/\/skaitytaknyga.lt\/en\/wp-json\/wp\/v2\/product_cat?post=16747"},{"taxonomy":"product_tag","embeddable":true,"href":"https:\/\/skaitytaknyga.lt\/en\/wp-json\/wp\/v2\/product_tag?post=16747"}],"curies":[{"name":"wp","href":"https:\/\/api.w.org\/{rel}","templated":true}]}}