{"id":16746,"date":"2025-02-11T14:08:22","date_gmt":"2025-02-11T12:08:22","guid":{"rendered":"https:\/\/skaitytaknyga.lt\/?post_type=product&#038;p=16746"},"modified":"2025-02-11T14:13:59","modified_gmt":"2025-02-11T12:13:59","slug":"germanu-ir-keltu-sakmes-bei-legendos","status":"publish","type":"product","link":"https:\/\/skaitytaknyga.lt\/en\/produktas\/germanu-ir-keltu-sakmes-bei-legendos\/","title":{"rendered":"German\u0173 ir kelt\u0173 sakm\u0117s bei legendos"},"content":{"rendered":"<p>Pirmieji ra\u0161ytiniai poetiniai pasakojimai apie didvyrius ir dievus german\u0173 ir kelt\u0173 gentyse radosi viduram\u017eiais, v\u0117liau dauguma j\u0173 liaudies daini\u0173 buvo perkurti \u012f riteri\u0173 romanus. Ypa\u010d ilgai sen\u0105sias sakmes i\u0161laik\u0117 i\u0161tikimi senoli\u0173 tradicijoms airiai ir \u0161kotai. Norvegai, atsikraust\u0119 \u012f Islandij\u0105, \u012ftvirtino savit\u0105 \u017eanr\u0105 &#8211; sag\u0105. O \u0161iaur\u0117s germanai yra suk\u016br\u0119 taip pat nema\u017eai sakmi\u0173 apie didvyrius, herojini\u0173 giesmi\u0173.<br \/>\n\u0160iame leidinyje spausdinamas pluo\u0161telis german\u0173 ir kelt\u0173 sakmi\u0173 ir legend\u0173, atpasakot\u0173 vengr\u0173 autor\u0117s Teklos Demeter knygoje \u201eGerman\u0173 ir kelt\u0173 sakm\u0117s bei legendos\u201c.<\/p>\n","protected":false},"excerpt":{"rendered":"<p>Pirmieji ra\u0161ytiniai poetiniai pasakojimai apie didvyrius ir dievus german\u0173 ir kelt\u0173 gentyse radosi viduram\u017eiais, v\u0117liau dauguma j\u0173 liaudies daini\u0173 buvo perkurti \u012f riteri\u0173 romanus. Ypa\u010d ilgai sen\u0105sias sakmes i\u0161laik\u0117 i\u0161tikimi senoli\u0173 tradicijoms airiai ir \u0161kotai. Norvegai, atsikraust\u0119 \u012f Islandij\u0105, \u012ftvirtino savit\u0105 \u017eanr\u0105 &#8211; sag\u0105. O \u0161iaur\u0117s germanai yra suk\u016br\u0119 taip pat nema\u017eai sakmi\u0173 apie didvyrius, herojini\u0173 giesmi\u0173. \u0160iame leidinyje spausdinamas pluo\u0161telis german\u0173 ir kelt\u0173 sakmi\u0173 ir legend\u0173, atpasakot\u0173 vengr\u0173 autor\u0117s Teklos Demeter knygoje \u201eGerman\u0173 ir kelt\u0173 sakm\u0117s bei legendos\u201c.<\/p>\n","protected":false},"featured_media":16751,"comment_status":"closed","ping_status":"closed","template":"","meta":{"_acf_changed":false,"site-sidebar-layout":"default","site-content-layout":"","ast-site-content-layout":"default","site-content-style":"default","site-sidebar-style":"default","ast-global-header-display":"","ast-banner-title-visibility":"","ast-main-header-display":"","ast-hfb-above-header-display":"","ast-hfb-below-header-display":"","ast-hfb-mobile-header-display":"","site-post-title":"","ast-breadcrumbs-content":"","ast-featured-img":"","footer-sml-layout":"","ast-disable-related-posts":"","theme-transparent-header-meta":"default","adv-header-id-meta":"","stick-header-meta":"","header-above-stick-meta":"","header-main-stick-meta":"","header-below-stick-meta":"","astra-migrate-meta-layouts":"set","ast-page-background-enabled":"default","ast-page-background-meta":{"desktop":{"background-color":"","background-image":"","background-repeat":"repeat","background-position":"center center","background-size":"auto","background-attachment":"scroll","background-type":"","background-media":"","overlay-type":"","overlay-color":"","overlay-opacity":"","overlay-gradient":""},"tablet":{"background-color":"","background-image":"","background-repeat":"repeat","background-position":"center center","background-size":"auto","background-attachment":"scroll","background-type":"","background-media":"","overlay-type":"","overlay-color":"","overlay-opacity":"","overlay-gradient":""},"mobile":{"background-color":"","background-image":"","background-repeat":"repeat","background-position":"center center","background-size":"auto","background-attachment":"scroll","background-type":"","background-media":"","overlay-type":"","overlay-color":"","overlay-opacity":"","overlay-gradient":""}},"ast-content-background-meta":{"desktop":{"background-color":"var(--ast-global-color-4)","background-image":"","background-repeat":"repeat","background-position":"center center","background-size":"auto","background-attachment":"scroll","background-type":"","background-media":"","overlay-type":"","overlay-color":"","overlay-opacity":"","overlay-gradient":""},"tablet":{"background-color":"var(--ast-global-color-4)","background-image":"","background-repeat":"repeat","background-position":"center center","background-size":"auto","background-attachment":"scroll","background-type":"","background-media":"","overlay-type":"","overlay-color":"","overlay-opacity":"","overlay-gradient":""},"mobile":{"background-color":"var(--ast-global-color-4)","background-image":"","background-repeat":"repeat","background-position":"center center","background-size":"auto","background-attachment":"scroll","background-type":"","background-media":"","overlay-type":"","overlay-color":"","overlay-opacity":"","overlay-gradient":""}}},"product_brand":[],"product_cat":[31],"product_tag":[],"class_list":{"0":"post-16746","1":"product","2":"type-product","3":"status-publish","4":"has-post-thumbnail","6":"product_cat-grozine-literatura","7":"pa_leidimo-metai-645","8":"desktop-align-left","9":"tablet-align-left","10":"mobile-align-left","12":"first","13":"instock","14":"shipping-taxable","15":"purchasable","16":"product-type-simple"},"acf":[],"yoast_head":"<!-- This site is optimized with the Yoast SEO plugin v27.0 - https:\/\/yoast.com\/product\/yoast-seo-wordpress\/ -->\n<title>German\u0173 ir kelt\u0173 sakm\u0117s bei legendos<\/title>\n<meta name=\"description\" content=\"Pirmieji ra\u0161ytiniai poetiniai pasakojimai apie didvyrius ir dievus german\u0173 ir kelt\u0173 gentyse radosi viduram\u017eiais, v\u0117liau dauguma j\u0173 liaudies daini\u0173 buvo\" \/>\n<meta name=\"robots\" content=\"index, follow, max-snippet:-1, max-image-preview:large, max-video-preview:-1\" \/>\n<link rel=\"canonical\" href=\"https:\/\/skaitytaknyga.lt\/en\/produktas\/germanu-ir-keltu-sakmes-bei-legendos\/\" \/>\n<meta property=\"og:locale\" content=\"en_GB\" \/>\n<meta property=\"og:locale:alternate\" content=\"lt_LT\" \/>\n<meta property=\"og:type\" content=\"article\" \/>\n<meta property=\"og:title\" content=\"German\u0173 ir kelt\u0173 sakm\u0117s bei legendos\" \/>\n<meta property=\"og:description\" content=\"Pirmieji ra\u0161ytiniai poetiniai pasakojimai apie didvyrius ir dievus german\u0173 ir kelt\u0173 gentyse radosi viduram\u017eiais, v\u0117liau dauguma j\u0173 liaudies daini\u0173 buvo\" \/>\n<meta property=\"og:url\" content=\"https:\/\/skaitytaknyga.lt\/en\/produktas\/germanu-ir-keltu-sakmes-bei-legendos\/\" \/>\n<meta property=\"og:site_name\" content=\"Skaitytaknyga\" \/>\n<meta property=\"article:publisher\" content=\"https:\/\/www.facebook.com\/skaitytaknyga\/\" \/>\n<meta property=\"article:modified_time\" content=\"2025-02-11T12:13:59+00:00\" \/>\n<meta property=\"og:image\" content=\"https:\/\/skaitytaknyga.lt\/wp-content\/uploads\/2025\/02\/Germanu-ir-keltu-sakmes-bei-legendos.jpg\" \/>\n\t<meta property=\"og:image:width\" content=\"361\" \/>\n\t<meta property=\"og:image:height\" content=\"575\" \/>\n\t<meta property=\"og:image:type\" content=\"image\/jpeg\" \/>\n<meta name=\"twitter:card\" content=\"summary_large_image\" \/>\n<meta name=\"twitter:label1\" content=\"Estimated reading time\" \/>\n\t<meta name=\"twitter:data1\" content=\"1 minute\" \/>\n<script type=\"application\/ld+json\" class=\"yoast-schema-graph\">{\"@context\":\"https:\/\/schema.org\",\"@graph\":[{\"@type\":\"WebPage\",\"@id\":\"https:\/\/skaitytaknyga.lt\/produktas\/germanu-ir-keltu-sakmes-bei-legendos\/\",\"url\":\"https:\/\/skaitytaknyga.lt\/produktas\/germanu-ir-keltu-sakmes-bei-legendos\/\",\"name\":\"German\u0173 ir kelt\u0173 sakm\u0117s bei legendos\",\"isPartOf\":{\"@id\":\"https:\/\/skaitytaknyga.lt\/#website\"},\"primaryImageOfPage\":{\"@id\":\"https:\/\/skaitytaknyga.lt\/produktas\/germanu-ir-keltu-sakmes-bei-legendos\/#primaryimage\"},\"image\":{\"@id\":\"https:\/\/skaitytaknyga.lt\/produktas\/germanu-ir-keltu-sakmes-bei-legendos\/#primaryimage\"},\"thumbnailUrl\":\"https:\/\/skaitytaknyga.lt\/wp-content\/uploads\/2025\/02\/Germanu-ir-keltu-sakmes-bei-legendos.jpg\",\"datePublished\":\"2025-02-11T12:08:22+00:00\",\"dateModified\":\"2025-02-11T12:13:59+00:00\",\"description\":\"Pirmieji ra\u0161ytiniai poetiniai pasakojimai apie didvyrius ir dievus german\u0173 ir kelt\u0173 gentyse radosi viduram\u017eiais, v\u0117liau dauguma j\u0173 liaudies daini\u0173 buvo\",\"breadcrumb\":{\"@id\":\"https:\/\/skaitytaknyga.lt\/produktas\/germanu-ir-keltu-sakmes-bei-legendos\/#breadcrumb\"},\"inLanguage\":\"en-GB\",\"potentialAction\":[{\"@type\":\"ReadAction\",\"target\":[\"https:\/\/skaitytaknyga.lt\/produktas\/germanu-ir-keltu-sakmes-bei-legendos\/\"]}]},{\"@type\":\"ImageObject\",\"inLanguage\":\"en-GB\",\"@id\":\"https:\/\/skaitytaknyga.lt\/produktas\/germanu-ir-keltu-sakmes-bei-legendos\/#primaryimage\",\"url\":\"https:\/\/skaitytaknyga.lt\/wp-content\/uploads\/2025\/02\/Germanu-ir-keltu-sakmes-bei-legendos.jpg\",\"contentUrl\":\"https:\/\/skaitytaknyga.lt\/wp-content\/uploads\/2025\/02\/Germanu-ir-keltu-sakmes-bei-legendos.jpg\",\"width\":361,\"height\":575,\"caption\":\"German\u0173 ir kelt\u0173 sakm\u0117s bei legendos\"},{\"@type\":\"BreadcrumbList\",\"@id\":\"https:\/\/skaitytaknyga.lt\/produktas\/germanu-ir-keltu-sakmes-bei-legendos\/#breadcrumb\",\"itemListElement\":[{\"@type\":\"ListItem\",\"position\":1,\"name\":\"Home\",\"item\":\"https:\/\/skaitytaknyga.lt\/\"},{\"@type\":\"ListItem\",\"position\":2,\"name\":\"Parduotuv\u0117\",\"item\":\"https:\/\/skaitytaknyga.lt\/knygu-parduotuve\/\"},{\"@type\":\"ListItem\",\"position\":3,\"name\":\"German\u0173 ir kelt\u0173 sakm\u0117s bei legendos\"}]},{\"@type\":\"WebSite\",\"@id\":\"https:\/\/skaitytaknyga.lt\/#website\",\"url\":\"https:\/\/skaitytaknyga.lt\/\",\"name\":\"skaitytaknyga.lt\",\"description\":\"Skaitytaknyga.lt \u2013 tai ma\u017eas \u0161eimos verslas, kuris prasid\u0117jo nuo meil\u0117s knygoms ir siekio i\u0161gelb\u0117ti knygas nuo likimo prie konteinerio. Kas vienam nereikalingas daiktas \u2013 kitam lobis, o mes esame tarpininkai, kurie padeda abiems tapti laimingesniems ???? \u017dinome kaip nelengva i\u0161gyventi ma\u017eiems verslams, tad nuo \u0161iol, \u010dia rasite ir kit\u0173, ma\u017e\u0173 \u0161eim\u0173 versl\u0173, rank\u0173 darbo, dovan\u0173 sau ir artimiesiems.\",\"publisher\":{\"@id\":\"https:\/\/skaitytaknyga.lt\/#organization\"},\"potentialAction\":[{\"@type\":\"SearchAction\",\"target\":{\"@type\":\"EntryPoint\",\"urlTemplate\":\"https:\/\/skaitytaknyga.lt\/?s={search_term_string}\"},\"query-input\":{\"@type\":\"PropertyValueSpecification\",\"valueRequired\":true,\"valueName\":\"search_term_string\"}}],\"inLanguage\":\"en-GB\"},{\"@type\":\"Organization\",\"@id\":\"https:\/\/skaitytaknyga.lt\/#organization\",\"name\":\"skaitytaknyga.lt\",\"url\":\"https:\/\/skaitytaknyga.lt\/\",\"logo\":{\"@type\":\"ImageObject\",\"inLanguage\":\"en-GB\",\"@id\":\"https:\/\/skaitytaknyga.lt\/#\/schema\/logo\/image\/\",\"url\":\"https:\/\/skaitytaknyga.lt\/wp-content\/uploads\/2024\/05\/cropped-cropped-cropped-02_00843_jt3bggkj1j3HLc7SyY6rEUpg.jpeg\",\"contentUrl\":\"https:\/\/skaitytaknyga.lt\/wp-content\/uploads\/2024\/05\/cropped-cropped-cropped-02_00843_jt3bggkj1j3HLc7SyY6rEUpg.jpeg\",\"width\":1600,\"height\":1600,\"caption\":\"skaitytaknyga.lt\"},\"image\":{\"@id\":\"https:\/\/skaitytaknyga.lt\/#\/schema\/logo\/image\/\"},\"sameAs\":[\"https:\/\/www.facebook.com\/skaitytaknyga\/\"]}]}<\/script>\n<!-- \/ Yoast SEO plugin. -->","yoast_head_json":{"title":"German\u0173 ir kelt\u0173 sakm\u0117s bei legendos","description":"Pirmieji ra\u0161ytiniai poetiniai pasakojimai apie didvyrius ir dievus german\u0173 ir kelt\u0173 gentyse radosi viduram\u017eiais, v\u0117liau dauguma j\u0173 liaudies daini\u0173 buvo","robots":{"index":"index","follow":"follow","max-snippet":"max-snippet:-1","max-image-preview":"max-image-preview:large","max-video-preview":"max-video-preview:-1"},"canonical":"https:\/\/skaitytaknyga.lt\/en\/produktas\/germanu-ir-keltu-sakmes-bei-legendos\/","og_locale":"en_GB","og_type":"article","og_title":"[:lt]German\u0173 ir kelt\u0173 sakm\u0117s bei legendos[:] - Skaitytaknyga","og_description":"Pirmieji ra\u0161ytiniai poetiniai pasakojimai apie didvyrius ir dievus german\u0173 ir kelt\u0173 gentyse radosi viduram\u017eiais, v\u0117liau dauguma j\u0173 liaudies daini\u0173 buvo","og_url":"https:\/\/skaitytaknyga.lt\/en\/produktas\/germanu-ir-keltu-sakmes-bei-legendos\/","og_site_name":"Skaitytaknyga","article_publisher":"https:\/\/www.facebook.com\/skaitytaknyga\/","article_modified_time":"2025-02-11T12:13:59+00:00","og_image":[{"width":361,"height":575,"url":"https:\/\/skaitytaknyga.lt\/wp-content\/uploads\/2025\/02\/Germanu-ir-keltu-sakmes-bei-legendos.jpg","type":"image\/jpeg"}],"twitter_card":"summary_large_image","twitter_misc":{"Estimated reading time":"1 minute"},"schema":{"@context":"https:\/\/schema.org","@graph":[{"@type":"WebPage","@id":"https:\/\/skaitytaknyga.lt\/produktas\/germanu-ir-keltu-sakmes-bei-legendos\/","url":"https:\/\/skaitytaknyga.lt\/produktas\/germanu-ir-keltu-sakmes-bei-legendos\/","name":"German\u0173 ir kelt\u0173 sakm\u0117s bei legendos","isPartOf":{"@id":"https:\/\/skaitytaknyga.lt\/#website"},"primaryImageOfPage":{"@id":"https:\/\/skaitytaknyga.lt\/produktas\/germanu-ir-keltu-sakmes-bei-legendos\/#primaryimage"},"image":{"@id":"https:\/\/skaitytaknyga.lt\/produktas\/germanu-ir-keltu-sakmes-bei-legendos\/#primaryimage"},"thumbnailUrl":"https:\/\/skaitytaknyga.lt\/wp-content\/uploads\/2025\/02\/Germanu-ir-keltu-sakmes-bei-legendos.jpg","datePublished":"2025-02-11T12:08:22+00:00","dateModified":"2025-02-11T12:13:59+00:00","description":"Pirmieji ra\u0161ytiniai poetiniai pasakojimai apie didvyrius ir dievus german\u0173 ir kelt\u0173 gentyse radosi viduram\u017eiais, v\u0117liau dauguma j\u0173 liaudies daini\u0173 buvo","breadcrumb":{"@id":"https:\/\/skaitytaknyga.lt\/produktas\/germanu-ir-keltu-sakmes-bei-legendos\/#breadcrumb"},"inLanguage":"en-GB","potentialAction":[{"@type":"ReadAction","target":["https:\/\/skaitytaknyga.lt\/produktas\/germanu-ir-keltu-sakmes-bei-legendos\/"]}]},{"@type":"ImageObject","inLanguage":"en-GB","@id":"https:\/\/skaitytaknyga.lt\/produktas\/germanu-ir-keltu-sakmes-bei-legendos\/#primaryimage","url":"https:\/\/skaitytaknyga.lt\/wp-content\/uploads\/2025\/02\/Germanu-ir-keltu-sakmes-bei-legendos.jpg","contentUrl":"https:\/\/skaitytaknyga.lt\/wp-content\/uploads\/2025\/02\/Germanu-ir-keltu-sakmes-bei-legendos.jpg","width":361,"height":575,"caption":"German\u0173 ir kelt\u0173 sakm\u0117s bei legendos"},{"@type":"BreadcrumbList","@id":"https:\/\/skaitytaknyga.lt\/produktas\/germanu-ir-keltu-sakmes-bei-legendos\/#breadcrumb","itemListElement":[{"@type":"ListItem","position":1,"name":"Home","item":"https:\/\/skaitytaknyga.lt\/"},{"@type":"ListItem","position":2,"name":"Parduotuv\u0117","item":"https:\/\/skaitytaknyga.lt\/knygu-parduotuve\/"},{"@type":"ListItem","position":3,"name":"German\u0173 ir kelt\u0173 sakm\u0117s bei legendos"}]},{"@type":"WebSite","@id":"https:\/\/skaitytaknyga.lt\/#website","url":"https:\/\/skaitytaknyga.lt\/","name":"skaitytaknyga.lt","description":"Skaitytaknyga.lt \u2013 tai ma\u017eas \u0161eimos verslas, kuris prasid\u0117jo nuo meil\u0117s knygoms ir siekio i\u0161gelb\u0117ti knygas nuo likimo prie konteinerio. Kas vienam nereikalingas daiktas \u2013 kitam lobis, o mes esame tarpininkai, kurie padeda abiems tapti laimingesniems ???? \u017dinome kaip nelengva i\u0161gyventi ma\u017eiems verslams, tad nuo \u0161iol, \u010dia rasite ir kit\u0173, ma\u017e\u0173 \u0161eim\u0173 versl\u0173, rank\u0173 darbo, dovan\u0173 sau ir artimiesiems.","publisher":{"@id":"https:\/\/skaitytaknyga.lt\/#organization"},"potentialAction":[{"@type":"SearchAction","target":{"@type":"EntryPoint","urlTemplate":"https:\/\/skaitytaknyga.lt\/?s={search_term_string}"},"query-input":{"@type":"PropertyValueSpecification","valueRequired":true,"valueName":"search_term_string"}}],"inLanguage":"en-GB"},{"@type":"Organization","@id":"https:\/\/skaitytaknyga.lt\/#organization","name":"skaitytaknyga.lt","url":"https:\/\/skaitytaknyga.lt\/","logo":{"@type":"ImageObject","inLanguage":"en-GB","@id":"https:\/\/skaitytaknyga.lt\/#\/schema\/logo\/image\/","url":"https:\/\/skaitytaknyga.lt\/wp-content\/uploads\/2024\/05\/cropped-cropped-cropped-02_00843_jt3bggkj1j3HLc7SyY6rEUpg.jpeg","contentUrl":"https:\/\/skaitytaknyga.lt\/wp-content\/uploads\/2024\/05\/cropped-cropped-cropped-02_00843_jt3bggkj1j3HLc7SyY6rEUpg.jpeg","width":1600,"height":1600,"caption":"skaitytaknyga.lt"},"image":{"@id":"https:\/\/skaitytaknyga.lt\/#\/schema\/logo\/image\/"},"sameAs":["https:\/\/www.facebook.com\/skaitytaknyga\/"]}]}},"_links":{"self":[{"href":"https:\/\/skaitytaknyga.lt\/en\/wp-json\/wp\/v2\/product\/16746","targetHints":{"allow":["GET"]}}],"collection":[{"href":"https:\/\/skaitytaknyga.lt\/en\/wp-json\/wp\/v2\/product"}],"about":[{"href":"https:\/\/skaitytaknyga.lt\/en\/wp-json\/wp\/v2\/types\/product"}],"replies":[{"embeddable":true,"href":"https:\/\/skaitytaknyga.lt\/en\/wp-json\/wp\/v2\/comments?post=16746"}],"wp:featuredmedia":[{"embeddable":true,"href":"https:\/\/skaitytaknyga.lt\/en\/wp-json\/wp\/v2\/media\/16751"}],"wp:attachment":[{"href":"https:\/\/skaitytaknyga.lt\/en\/wp-json\/wp\/v2\/media?parent=16746"}],"wp:term":[{"taxonomy":"product_brand","embeddable":true,"href":"https:\/\/skaitytaknyga.lt\/en\/wp-json\/wp\/v2\/product_brand?post=16746"},{"taxonomy":"product_cat","embeddable":true,"href":"https:\/\/skaitytaknyga.lt\/en\/wp-json\/wp\/v2\/product_cat?post=16746"},{"taxonomy":"product_tag","embeddable":true,"href":"https:\/\/skaitytaknyga.lt\/en\/wp-json\/wp\/v2\/product_tag?post=16746"}],"curies":[{"name":"wp","href":"https:\/\/api.w.org\/{rel}","templated":true}]}}