{"id":16728,"date":"2025-02-08T13:18:36","date_gmt":"2025-02-08T11:18:36","guid":{"rendered":"https:\/\/skaitytaknyga.lt\/?post_type=product&#038;p=16728"},"modified":"2026-03-18T14:59:49","modified_gmt":"2026-03-18T12:59:49","slug":"trumpas-pasakojimas-apie-garsiuosius-sviesiausiojo-didiko-birzu-ir-dubingiu-kunigaikscio-kristupo-radvilos-zygdarbius","status":"publish","type":"product","link":"https:\/\/skaitytaknyga.lt\/en\/produktas\/trumpas-pasakojimas-apie-garsiuosius-sviesiausiojo-didiko-birzu-ir-dubingiu-kunigaikscio-kristupo-radvilos-zygdarbius\/","title":{"rendered":"Trumpas pasakojimas apie garsiuosius \u0161viesiausiojo didiko Bir\u017e\u0173 ir Dubingi\u0173 kunigaik\u0161\u010dio Kristupo Radvilos \u017eygdarbius"},"content":{"rendered":"<p>&#8220;Trumpas pasakojimas apie garsiuosius \u0161viesiausiojo didiko Kristupo Radvilos \u017eygius&#8221; &#8211; Vilniaus vaivados biografij\u0117l\u0117, eil\u0117s, \u0161lovinan\u010dios svarbesnes K. Radvilos Perk\u016bno pergales bei nuopelnus Lietuvos valstybei, elogijai ir kitokie tekstai, para\u0161yti \u0161io \u017emogaus laidotuv\u0117ms ir puo\u0161\u0119 geduling\u0105 v\u0117liav\u0105 bei karst\u0105, taip pat de\u0161imt geduling\u0173 elogij\u0173, skirt\u0173 kitiems asmenims. \u0160io leidimo prad\u017eioje &#8211; i\u0161samus vert\u0117jo ir tyrin\u0117tojo Sigito Narbuto straipsnis &#8220;\u017dmogi\u0161kumo sklaida Saliamono Risinskio ra\u0161tuose&#8221;.<\/p>\n<p>Saliamonas Risinskis (Salomon Rysinki) buvo poetas, antikin\u0117s literat\u016bros tyrin\u0117tojas, pedagogas, Kristupo Radvilos dvari\u0161kis-archyvaras ra\u0161tininkas. Sp\u0117jama, kad gim\u0117 jis apie 1560\u00a0m. Risino kaime, Polocko vaivadijoje, o mir\u0117 1625\u00a0m. lapkri\u010dio 18\u00a0d. Doliati\u010diuose, poeto Danielio Naborovskio dvarelyje. Apie 1596\u00a0m. S.\u00a0Risinskis tapo Kristupo Radvilos, Perk\u016bno jaunesniojo s\u016bnaus, aukl\u0117toju ir mokytoju, 1599-1604\u00a0m. lyd\u0117jo j\u012f kelion\u0117se \u012f u\u017esien\u012f. Gr\u012f\u017e\u0119s \u012f Lietuv\u0105, Risinskis gyveno daugiausia Vilniuje, prie Radvil\u0173 r\u016bm\u0173, tur\u0117jo didel\u0119 bibliotek\u0105, kuri\u0105 sudar\u0117 apie 1000 knyg\u0173. K\u016brybinis ra\u0161ytojo palikimas labai \u012fvairus &#8211; antikin\u0117s lit. tyrin\u0117jimai, lenk\u0173 patarli\u0173 publikavimas, Radvil\u0173 gimin\u0117s biografijos, literat\u016briniai lai\u0161kai. \u0160ioje knygoje publikuojami vertingiausi gro\u017einiai S.\u00a0Risinskio k\u016briniai, nurodomi j\u0173 gavimo \u0161altiniai.<\/p>\n","protected":false},"excerpt":{"rendered":"<p>&#8220;Trumpas pasakojimas apie garsiuosius \u0161viesiausiojo didiko Kristupo Radvilos \u017eygius&#8221; &#8211; Vilniaus vaivados biografij\u0117l\u0117, eil\u0117s, \u0161lovinan\u010dios svarbesnes K. Radvilos Perk\u016bno pergales bei nuopelnus Lietuvos valstybei, elogijai ir kitokie tekstai, para\u0161yti \u0161io \u017emogaus laidotuv\u0117ms ir puo\u0161\u0119 geduling\u0105 v\u0117liav\u0105 bei karst\u0105, taip pat de\u0161imt geduling\u0173 elogij\u0173, skirt\u0173 kitiems asmenims. \u0160io leidimo prad\u017eioje &#8211; i\u0161samus vert\u0117jo ir tyrin\u0117tojo Sigito Narbuto straipsnis &#8220;\u017dmogi\u0161kumo sklaida Saliamono Risinskio ra\u0161tuose&#8221;. Saliamonas Risinskis (Salomon Rysinki) buvo poetas, antikin\u0117s literat\u016bros tyrin\u0117tojas, pedagogas, Kristupo Radvilos dvari\u0161kis-archyvaras ra\u0161tininkas. Sp\u0117jama, kad gim\u0117 jis apie 1560\u00a0m. Risino kaime, Polocko vaivadijoje, o mir\u0117 1625\u00a0m. lapkri\u010dio 18\u00a0d. Doliati\u010diuose, poeto Danielio Naborovskio dvarelyje. Apie 1596\u00a0m. S.\u00a0Risinskis tapo Kristupo Radvilos, Perk\u016bno jaunesniojo s\u016bnaus, aukl\u0117toju ir mokytoju, 1599-1604\u00a0m. lyd\u0117jo j\u012f kelion\u0117se \u012f u\u017esien\u012f. Gr\u012f\u017e\u0119s \u012f Lietuv\u0105, Risinskis gyveno daugiausia Vilniuje, prie Radvil\u0173 r\u016bm\u0173, tur\u0117jo didel\u0119 bibliotek\u0105, kuri\u0105 sudar\u0117 apie 1000 knyg\u0173. K\u016brybinis ra\u0161ytojo palikimas labai \u012fvairus &#8211; antikin\u0117s lit. tyrin\u0117jimai, lenk\u0173 patarli\u0173 publikavimas, Radvil\u0173 gimin\u0117s biografijos, literat\u016briniai lai\u0161kai. \u0160ioje knygoje publikuojami vertingiausi gro\u017einiai S.\u00a0Risinskio k\u016briniai, nurodomi j\u0173 gavimo \u0161altiniai.<\/p>\n","protected":false},"featured_media":16729,"comment_status":"closed","ping_status":"closed","template":"","meta":{"_acf_changed":false,"site-sidebar-layout":"default","site-content-layout":"","ast-site-content-layout":"default","site-content-style":"default","site-sidebar-style":"default","ast-global-header-display":"","ast-banner-title-visibility":"","ast-main-header-display":"","ast-hfb-above-header-display":"","ast-hfb-below-header-display":"","ast-hfb-mobile-header-display":"","site-post-title":"","ast-breadcrumbs-content":"","ast-featured-img":"","footer-sml-layout":"","ast-disable-related-posts":"","theme-transparent-header-meta":"default","adv-header-id-meta":"","stick-header-meta":"","header-above-stick-meta":"","header-main-stick-meta":"","header-below-stick-meta":"","astra-migrate-meta-layouts":"set","ast-page-background-enabled":"default","ast-page-background-meta":{"desktop":{"background-color":"","background-image":"","background-repeat":"repeat","background-position":"center center","background-size":"auto","background-attachment":"scroll","background-type":"","background-media":"","overlay-type":"","overlay-color":"","overlay-opacity":"","overlay-gradient":""},"tablet":{"background-color":"","background-image":"","background-repeat":"repeat","background-position":"center center","background-size":"auto","background-attachment":"scroll","background-type":"","background-media":"","overlay-type":"","overlay-color":"","overlay-opacity":"","overlay-gradient":""},"mobile":{"background-color":"","background-image":"","background-repeat":"repeat","background-position":"center center","background-size":"auto","background-attachment":"scroll","background-type":"","background-media":"","overlay-type":"","overlay-color":"","overlay-opacity":"","overlay-gradient":""}},"ast-content-background-meta":{"desktop":{"background-color":"var(--ast-global-color-4)","background-image":"","background-repeat":"repeat","background-position":"center center","background-size":"auto","background-attachment":"scroll","background-type":"","background-media":"","overlay-type":"","overlay-color":"","overlay-opacity":"","overlay-gradient":""},"tablet":{"background-color":"var(--ast-global-color-4)","background-image":"","background-repeat":"repeat","background-position":"center center","background-size":"auto","background-attachment":"scroll","background-type":"","background-media":"","overlay-type":"","overlay-color":"","overlay-opacity":"","overlay-gradient":""},"mobile":{"background-color":"var(--ast-global-color-4)","background-image":"","background-repeat":"repeat","background-position":"center center","background-size":"auto","background-attachment":"scroll","background-type":"","background-media":"","overlay-type":"","overlay-color":"","overlay-opacity":"","overlay-gradient":""}}},"product_brand":[],"product_cat":[174,9862],"product_tag":[],"class_list":{"0":"post-16728","1":"product","2":"type-product","3":"status-publish","4":"has-post-thumbnail","6":"product_cat-istorija-ir-politologija","7":"product_cat-lietuvos-istorija","8":"desktop-align-left","9":"tablet-align-left","10":"mobile-align-left","12":"first","13":"instock","14":"shipping-taxable","15":"purchasable","16":"product-type-simple"},"acf":[],"yoast_head":"<!-- This site is optimized with the Yoast SEO plugin v27.4 - https:\/\/yoast.com\/product\/yoast-seo-wordpress\/ -->\n<title>Trumpas pasakojimas apie garsiuosius \u0161viesiausiojo didiko Bir\u017e\u0173 ir Dubingi\u0173 kunigaik\u0161\u010dio Kristupo Radvilos \u017eygdarbius<\/title>\n<meta name=\"description\" content=\"&quot;Trumpas pasakojimas apie garsiuosius \u0161viesiausiojo didiko Kristupo Radvilos \u017eygius&quot; - Vilniaus vaivados biografij\u0117l\u0117, eil\u0117s, \u0161lovinan\u010dios svarbesnes K.\" \/>\n<meta name=\"robots\" content=\"index, follow, max-snippet:-1, max-image-preview:large, max-video-preview:-1\" \/>\n<link rel=\"canonical\" href=\"https:\/\/skaitytaknyga.lt\/en\/produktas\/trumpas-pasakojimas-apie-garsiuosius-sviesiausiojo-didiko-birzu-ir-dubingiu-kunigaikscio-kristupo-radvilos-zygdarbius\/\" \/>\n<meta property=\"og:locale\" content=\"en_GB\" \/>\n<meta property=\"og:locale:alternate\" content=\"lt_LT\" \/>\n<meta property=\"og:type\" content=\"article\" \/>\n<meta property=\"og:title\" content=\"Trumpas pasakojimas apie garsiuosius \u0161viesiausiojo didiko Bir\u017e\u0173 ir Dubingi\u0173 kunigaik\u0161\u010dio Kristupo Radvilos \u017eygdarbius\" \/>\n<meta property=\"og:description\" content=\"&quot;Trumpas pasakojimas apie garsiuosius \u0161viesiausiojo didiko Kristupo Radvilos \u017eygius&quot; - Vilniaus vaivados biografij\u0117l\u0117, eil\u0117s, \u0161lovinan\u010dios svarbesnes K.\" \/>\n<meta property=\"og:url\" content=\"https:\/\/skaitytaknyga.lt\/en\/produktas\/trumpas-pasakojimas-apie-garsiuosius-sviesiausiojo-didiko-birzu-ir-dubingiu-kunigaikscio-kristupo-radvilos-zygdarbius\/\" \/>\n<meta property=\"og:site_name\" content=\"Skaitytaknyga\" \/>\n<meta property=\"article:publisher\" content=\"https:\/\/www.facebook.com\/skaitytaknyga\/\" \/>\n<meta property=\"article:modified_time\" content=\"2026-03-18T12:59:49+00:00\" \/>\n<meta property=\"og:image\" content=\"https:\/\/skaitytaknyga.lt\/wp-content\/uploads\/2025\/02\/Trumpas-pasakojimas-apie-garsiuosius-sviesiausiojo-didiko-Birzu-ir-Dubingiu-kunigaikscio-Kristupo-Radvilos-zygdarbius.jpg\" \/>\n\t<meta property=\"og:image:width\" content=\"523\" \/>\n\t<meta property=\"og:image:height\" content=\"800\" \/>\n\t<meta property=\"og:image:type\" content=\"image\/jpeg\" \/>\n<meta name=\"twitter:card\" content=\"summary_large_image\" \/>\n<meta name=\"twitter:label1\" content=\"Estimated reading time\" \/>\n\t<meta name=\"twitter:data1\" content=\"2 minutes\" \/>\n<script type=\"application\/ld+json\" class=\"yoast-schema-graph\">{\"@context\":\"https:\\\/\\\/schema.org\",\"@graph\":[{\"@type\":\"WebPage\",\"@id\":\"https:\\\/\\\/skaitytaknyga.lt\\\/produktas\\\/trumpas-pasakojimas-apie-garsiuosius-sviesiausiojo-didiko-birzu-ir-dubingiu-kunigaikscio-kristupo-radvilos-zygdarbius\\\/\",\"url\":\"https:\\\/\\\/skaitytaknyga.lt\\\/produktas\\\/trumpas-pasakojimas-apie-garsiuosius-sviesiausiojo-didiko-birzu-ir-dubingiu-kunigaikscio-kristupo-radvilos-zygdarbius\\\/\",\"name\":\"Trumpas pasakojimas apie garsiuosius \u0161viesiausiojo didiko Bir\u017e\u0173 ir Dubingi\u0173 kunigaik\u0161\u010dio Kristupo Radvilos \u017eygdarbius\",\"isPartOf\":{\"@id\":\"https:\\\/\\\/skaitytaknyga.lt\\\/#website\"},\"primaryImageOfPage\":{\"@id\":\"https:\\\/\\\/skaitytaknyga.lt\\\/produktas\\\/trumpas-pasakojimas-apie-garsiuosius-sviesiausiojo-didiko-birzu-ir-dubingiu-kunigaikscio-kristupo-radvilos-zygdarbius\\\/#primaryimage\"},\"image\":{\"@id\":\"https:\\\/\\\/skaitytaknyga.lt\\\/produktas\\\/trumpas-pasakojimas-apie-garsiuosius-sviesiausiojo-didiko-birzu-ir-dubingiu-kunigaikscio-kristupo-radvilos-zygdarbius\\\/#primaryimage\"},\"thumbnailUrl\":\"https:\\\/\\\/skaitytaknyga.lt\\\/wp-content\\\/uploads\\\/2025\\\/02\\\/Trumpas-pasakojimas-apie-garsiuosius-sviesiausiojo-didiko-Birzu-ir-Dubingiu-kunigaikscio-Kristupo-Radvilos-zygdarbius.jpg\",\"datePublished\":\"2025-02-08T11:18:36+00:00\",\"dateModified\":\"2026-03-18T12:59:49+00:00\",\"description\":\"\\\"Trumpas pasakojimas apie garsiuosius \u0161viesiausiojo didiko Kristupo Radvilos \u017eygius\\\" - Vilniaus vaivados biografij\u0117l\u0117, eil\u0117s, \u0161lovinan\u010dios svarbesnes K.\",\"breadcrumb\":{\"@id\":\"https:\\\/\\\/skaitytaknyga.lt\\\/produktas\\\/trumpas-pasakojimas-apie-garsiuosius-sviesiausiojo-didiko-birzu-ir-dubingiu-kunigaikscio-kristupo-radvilos-zygdarbius\\\/#breadcrumb\"},\"inLanguage\":\"en-GB\",\"potentialAction\":[{\"@type\":\"ReadAction\",\"target\":[\"https:\\\/\\\/skaitytaknyga.lt\\\/produktas\\\/trumpas-pasakojimas-apie-garsiuosius-sviesiausiojo-didiko-birzu-ir-dubingiu-kunigaikscio-kristupo-radvilos-zygdarbius\\\/\"]}]},{\"@type\":\"ImageObject\",\"inLanguage\":\"en-GB\",\"@id\":\"https:\\\/\\\/skaitytaknyga.lt\\\/produktas\\\/trumpas-pasakojimas-apie-garsiuosius-sviesiausiojo-didiko-birzu-ir-dubingiu-kunigaikscio-kristupo-radvilos-zygdarbius\\\/#primaryimage\",\"url\":\"https:\\\/\\\/skaitytaknyga.lt\\\/wp-content\\\/uploads\\\/2025\\\/02\\\/Trumpas-pasakojimas-apie-garsiuosius-sviesiausiojo-didiko-Birzu-ir-Dubingiu-kunigaikscio-Kristupo-Radvilos-zygdarbius.jpg\",\"contentUrl\":\"https:\\\/\\\/skaitytaknyga.lt\\\/wp-content\\\/uploads\\\/2025\\\/02\\\/Trumpas-pasakojimas-apie-garsiuosius-sviesiausiojo-didiko-Birzu-ir-Dubingiu-kunigaikscio-Kristupo-Radvilos-zygdarbius.jpg\",\"width\":523,\"height\":800,\"caption\":\"Trumpas pasakojimas apie garsiuosius \u0161viesiausiojo didiko Bir\u017e\u0173 ir Dubingi\u0173 kunigaik\u0161\u010dio Kristupo Radvilos \u017eygdarbius\"},{\"@type\":\"BreadcrumbList\",\"@id\":\"https:\\\/\\\/skaitytaknyga.lt\\\/produktas\\\/trumpas-pasakojimas-apie-garsiuosius-sviesiausiojo-didiko-birzu-ir-dubingiu-kunigaikscio-kristupo-radvilos-zygdarbius\\\/#breadcrumb\",\"itemListElement\":[{\"@type\":\"ListItem\",\"position\":1,\"name\":\"Home\",\"item\":\"https:\\\/\\\/skaitytaknyga.lt\\\/\"},{\"@type\":\"ListItem\",\"position\":2,\"name\":\"Parduotuv\u0117\",\"item\":\"https:\\\/\\\/skaitytaknyga.lt\\\/knygu-parduotuve\\\/\"},{\"@type\":\"ListItem\",\"position\":3,\"name\":\"Trumpas pasakojimas apie garsiuosius \u0161viesiausiojo didiko Bir\u017e\u0173 ir Dubingi\u0173 kunigaik\u0161\u010dio Kristupo Radvilos \u017eygdarbius\"}]},{\"@type\":\"WebSite\",\"@id\":\"https:\\\/\\\/skaitytaknyga.lt\\\/#website\",\"url\":\"https:\\\/\\\/skaitytaknyga.lt\\\/\",\"name\":\"skaitytaknyga.lt\",\"description\":\"Skaitytaknyga.lt \u2013 tai ma\u017eas \u0161eimos verslas, kuris prasid\u0117jo nuo meil\u0117s knygoms ir siekio i\u0161gelb\u0117ti knygas nuo likimo prie konteinerio. Kas vienam nereikalingas daiktas \u2013 kitam lobis, o mes esame tarpininkai, kurie padeda abiems tapti laimingesniems ???? \u017dinome kaip nelengva i\u0161gyventi ma\u017eiems verslams, tad nuo \u0161iol, \u010dia rasite ir kit\u0173, ma\u017e\u0173 \u0161eim\u0173 versl\u0173, rank\u0173 darbo, dovan\u0173 sau ir artimiesiems.\",\"publisher\":{\"@id\":\"https:\\\/\\\/skaitytaknyga.lt\\\/#organization\"},\"potentialAction\":[{\"@type\":\"SearchAction\",\"target\":{\"@type\":\"EntryPoint\",\"urlTemplate\":\"https:\\\/\\\/skaitytaknyga.lt\\\/?s={search_term_string}\"},\"query-input\":{\"@type\":\"PropertyValueSpecification\",\"valueRequired\":true,\"valueName\":\"search_term_string\"}}],\"inLanguage\":\"en-GB\"},{\"@type\":\"Organization\",\"@id\":\"https:\\\/\\\/skaitytaknyga.lt\\\/#organization\",\"name\":\"skaitytaknyga.lt\",\"url\":\"https:\\\/\\\/skaitytaknyga.lt\\\/\",\"logo\":{\"@type\":\"ImageObject\",\"inLanguage\":\"en-GB\",\"@id\":\"https:\\\/\\\/skaitytaknyga.lt\\\/#\\\/schema\\\/logo\\\/image\\\/\",\"url\":\"https:\\\/\\\/skaitytaknyga.lt\\\/wp-content\\\/uploads\\\/2024\\\/05\\\/cropped-cropped-cropped-02_00843_jt3bggkj1j3HLc7SyY6rEUpg.jpeg\",\"contentUrl\":\"https:\\\/\\\/skaitytaknyga.lt\\\/wp-content\\\/uploads\\\/2024\\\/05\\\/cropped-cropped-cropped-02_00843_jt3bggkj1j3HLc7SyY6rEUpg.jpeg\",\"width\":1600,\"height\":1600,\"caption\":\"skaitytaknyga.lt\"},\"image\":{\"@id\":\"https:\\\/\\\/skaitytaknyga.lt\\\/#\\\/schema\\\/logo\\\/image\\\/\"},\"sameAs\":[\"https:\\\/\\\/www.facebook.com\\\/skaitytaknyga\\\/\"]}]}<\/script>\n<!-- \/ Yoast SEO plugin. -->","yoast_head_json":{"title":"Trumpas pasakojimas apie garsiuosius \u0161viesiausiojo didiko Bir\u017e\u0173 ir Dubingi\u0173 kunigaik\u0161\u010dio Kristupo Radvilos \u017eygdarbius","description":"\"Trumpas pasakojimas apie garsiuosius \u0161viesiausiojo didiko Kristupo Radvilos \u017eygius\" - Vilniaus vaivados biografij\u0117l\u0117, eil\u0117s, \u0161lovinan\u010dios svarbesnes K.","robots":{"index":"index","follow":"follow","max-snippet":"max-snippet:-1","max-image-preview":"max-image-preview:large","max-video-preview":"max-video-preview:-1"},"canonical":"https:\/\/skaitytaknyga.lt\/en\/produktas\/trumpas-pasakojimas-apie-garsiuosius-sviesiausiojo-didiko-birzu-ir-dubingiu-kunigaikscio-kristupo-radvilos-zygdarbius\/","og_locale":"en_GB","og_type":"article","og_title":"[:lt]Trumpas pasakojimas apie garsiuosius \u0161viesiausiojo didiko Bir\u017e\u0173 ir Dubingi\u0173 kunigaik\u0161\u010dio Kristupo Radvilos \u017eygdarbius[:] - Skaitytaknyga","og_description":"\"Trumpas pasakojimas apie garsiuosius \u0161viesiausiojo didiko Kristupo Radvilos \u017eygius\" - Vilniaus vaivados biografij\u0117l\u0117, eil\u0117s, \u0161lovinan\u010dios svarbesnes K.","og_url":"https:\/\/skaitytaknyga.lt\/en\/produktas\/trumpas-pasakojimas-apie-garsiuosius-sviesiausiojo-didiko-birzu-ir-dubingiu-kunigaikscio-kristupo-radvilos-zygdarbius\/","og_site_name":"Skaitytaknyga","article_publisher":"https:\/\/www.facebook.com\/skaitytaknyga\/","article_modified_time":"2026-03-18T12:59:49+00:00","og_image":[{"width":523,"height":800,"url":"https:\/\/skaitytaknyga.lt\/wp-content\/uploads\/2025\/02\/Trumpas-pasakojimas-apie-garsiuosius-sviesiausiojo-didiko-Birzu-ir-Dubingiu-kunigaikscio-Kristupo-Radvilos-zygdarbius.jpg","type":"image\/jpeg"}],"twitter_card":"summary_large_image","twitter_misc":{"Estimated reading time":"2 minutes"},"schema":{"@context":"https:\/\/schema.org","@graph":[{"@type":"WebPage","@id":"https:\/\/skaitytaknyga.lt\/produktas\/trumpas-pasakojimas-apie-garsiuosius-sviesiausiojo-didiko-birzu-ir-dubingiu-kunigaikscio-kristupo-radvilos-zygdarbius\/","url":"https:\/\/skaitytaknyga.lt\/produktas\/trumpas-pasakojimas-apie-garsiuosius-sviesiausiojo-didiko-birzu-ir-dubingiu-kunigaikscio-kristupo-radvilos-zygdarbius\/","name":"Trumpas pasakojimas apie garsiuosius \u0161viesiausiojo didiko Bir\u017e\u0173 ir Dubingi\u0173 kunigaik\u0161\u010dio Kristupo Radvilos \u017eygdarbius","isPartOf":{"@id":"https:\/\/skaitytaknyga.lt\/#website"},"primaryImageOfPage":{"@id":"https:\/\/skaitytaknyga.lt\/produktas\/trumpas-pasakojimas-apie-garsiuosius-sviesiausiojo-didiko-birzu-ir-dubingiu-kunigaikscio-kristupo-radvilos-zygdarbius\/#primaryimage"},"image":{"@id":"https:\/\/skaitytaknyga.lt\/produktas\/trumpas-pasakojimas-apie-garsiuosius-sviesiausiojo-didiko-birzu-ir-dubingiu-kunigaikscio-kristupo-radvilos-zygdarbius\/#primaryimage"},"thumbnailUrl":"https:\/\/skaitytaknyga.lt\/wp-content\/uploads\/2025\/02\/Trumpas-pasakojimas-apie-garsiuosius-sviesiausiojo-didiko-Birzu-ir-Dubingiu-kunigaikscio-Kristupo-Radvilos-zygdarbius.jpg","datePublished":"2025-02-08T11:18:36+00:00","dateModified":"2026-03-18T12:59:49+00:00","description":"\"Trumpas pasakojimas apie garsiuosius \u0161viesiausiojo didiko Kristupo Radvilos \u017eygius\" - Vilniaus vaivados biografij\u0117l\u0117, eil\u0117s, \u0161lovinan\u010dios svarbesnes K.","breadcrumb":{"@id":"https:\/\/skaitytaknyga.lt\/produktas\/trumpas-pasakojimas-apie-garsiuosius-sviesiausiojo-didiko-birzu-ir-dubingiu-kunigaikscio-kristupo-radvilos-zygdarbius\/#breadcrumb"},"inLanguage":"en-GB","potentialAction":[{"@type":"ReadAction","target":["https:\/\/skaitytaknyga.lt\/produktas\/trumpas-pasakojimas-apie-garsiuosius-sviesiausiojo-didiko-birzu-ir-dubingiu-kunigaikscio-kristupo-radvilos-zygdarbius\/"]}]},{"@type":"ImageObject","inLanguage":"en-GB","@id":"https:\/\/skaitytaknyga.lt\/produktas\/trumpas-pasakojimas-apie-garsiuosius-sviesiausiojo-didiko-birzu-ir-dubingiu-kunigaikscio-kristupo-radvilos-zygdarbius\/#primaryimage","url":"https:\/\/skaitytaknyga.lt\/wp-content\/uploads\/2025\/02\/Trumpas-pasakojimas-apie-garsiuosius-sviesiausiojo-didiko-Birzu-ir-Dubingiu-kunigaikscio-Kristupo-Radvilos-zygdarbius.jpg","contentUrl":"https:\/\/skaitytaknyga.lt\/wp-content\/uploads\/2025\/02\/Trumpas-pasakojimas-apie-garsiuosius-sviesiausiojo-didiko-Birzu-ir-Dubingiu-kunigaikscio-Kristupo-Radvilos-zygdarbius.jpg","width":523,"height":800,"caption":"Trumpas pasakojimas apie garsiuosius \u0161viesiausiojo didiko Bir\u017e\u0173 ir Dubingi\u0173 kunigaik\u0161\u010dio Kristupo Radvilos \u017eygdarbius"},{"@type":"BreadcrumbList","@id":"https:\/\/skaitytaknyga.lt\/produktas\/trumpas-pasakojimas-apie-garsiuosius-sviesiausiojo-didiko-birzu-ir-dubingiu-kunigaikscio-kristupo-radvilos-zygdarbius\/#breadcrumb","itemListElement":[{"@type":"ListItem","position":1,"name":"Home","item":"https:\/\/skaitytaknyga.lt\/"},{"@type":"ListItem","position":2,"name":"Parduotuv\u0117","item":"https:\/\/skaitytaknyga.lt\/knygu-parduotuve\/"},{"@type":"ListItem","position":3,"name":"Trumpas pasakojimas apie garsiuosius \u0161viesiausiojo didiko Bir\u017e\u0173 ir Dubingi\u0173 kunigaik\u0161\u010dio Kristupo Radvilos \u017eygdarbius"}]},{"@type":"WebSite","@id":"https:\/\/skaitytaknyga.lt\/#website","url":"https:\/\/skaitytaknyga.lt\/","name":"skaitytaknyga.lt","description":"Skaitytaknyga.lt \u2013 tai ma\u017eas \u0161eimos verslas, kuris prasid\u0117jo nuo meil\u0117s knygoms ir siekio i\u0161gelb\u0117ti knygas nuo likimo prie konteinerio. Kas vienam nereikalingas daiktas \u2013 kitam lobis, o mes esame tarpininkai, kurie padeda abiems tapti laimingesniems ???? \u017dinome kaip nelengva i\u0161gyventi ma\u017eiems verslams, tad nuo \u0161iol, \u010dia rasite ir kit\u0173, ma\u017e\u0173 \u0161eim\u0173 versl\u0173, rank\u0173 darbo, dovan\u0173 sau ir artimiesiems.","publisher":{"@id":"https:\/\/skaitytaknyga.lt\/#organization"},"potentialAction":[{"@type":"SearchAction","target":{"@type":"EntryPoint","urlTemplate":"https:\/\/skaitytaknyga.lt\/?s={search_term_string}"},"query-input":{"@type":"PropertyValueSpecification","valueRequired":true,"valueName":"search_term_string"}}],"inLanguage":"en-GB"},{"@type":"Organization","@id":"https:\/\/skaitytaknyga.lt\/#organization","name":"skaitytaknyga.lt","url":"https:\/\/skaitytaknyga.lt\/","logo":{"@type":"ImageObject","inLanguage":"en-GB","@id":"https:\/\/skaitytaknyga.lt\/#\/schema\/logo\/image\/","url":"https:\/\/skaitytaknyga.lt\/wp-content\/uploads\/2024\/05\/cropped-cropped-cropped-02_00843_jt3bggkj1j3HLc7SyY6rEUpg.jpeg","contentUrl":"https:\/\/skaitytaknyga.lt\/wp-content\/uploads\/2024\/05\/cropped-cropped-cropped-02_00843_jt3bggkj1j3HLc7SyY6rEUpg.jpeg","width":1600,"height":1600,"caption":"skaitytaknyga.lt"},"image":{"@id":"https:\/\/skaitytaknyga.lt\/#\/schema\/logo\/image\/"},"sameAs":["https:\/\/www.facebook.com\/skaitytaknyga\/"]}]}},"_links":{"self":[{"href":"https:\/\/skaitytaknyga.lt\/en\/wp-json\/wp\/v2\/product\/16728","targetHints":{"allow":["GET"]}}],"collection":[{"href":"https:\/\/skaitytaknyga.lt\/en\/wp-json\/wp\/v2\/product"}],"about":[{"href":"https:\/\/skaitytaknyga.lt\/en\/wp-json\/wp\/v2\/types\/product"}],"replies":[{"embeddable":true,"href":"https:\/\/skaitytaknyga.lt\/en\/wp-json\/wp\/v2\/comments?post=16728"}],"wp:featuredmedia":[{"embeddable":true,"href":"https:\/\/skaitytaknyga.lt\/en\/wp-json\/wp\/v2\/media\/16729"}],"wp:attachment":[{"href":"https:\/\/skaitytaknyga.lt\/en\/wp-json\/wp\/v2\/media?parent=16728"}],"wp:term":[{"taxonomy":"product_brand","embeddable":true,"href":"https:\/\/skaitytaknyga.lt\/en\/wp-json\/wp\/v2\/product_brand?post=16728"},{"taxonomy":"product_cat","embeddable":true,"href":"https:\/\/skaitytaknyga.lt\/en\/wp-json\/wp\/v2\/product_cat?post=16728"},{"taxonomy":"product_tag","embeddable":true,"href":"https:\/\/skaitytaknyga.lt\/en\/wp-json\/wp\/v2\/product_tag?post=16728"}],"curies":[{"name":"wp","href":"https:\/\/api.w.org\/{rel}","templated":true}]}}