{"id":16722,"date":"2025-01-08T11:53:42","date_gmt":"2025-01-08T09:53:42","guid":{"rendered":"https:\/\/skaitytaknyga.lt\/?post_type=product&#038;p=16722"},"modified":"2025-05-15T08:24:01","modified_gmt":"2025-05-15T05:24:01","slug":"baznycios-riteris-knyga-skirta-625-osioms-lietuvos-kriksto-metinems-prisimenant-kuniga-juoza-zdebski","status":"publish","type":"product","link":"https:\/\/skaitytaknyga.lt\/en\/produktas\/baznycios-riteris-knyga-skirta-625-osioms-lietuvos-kriksto-metinems-prisimenant-kuniga-juoza-zdebski\/","title":{"rendered":"Ba\u017eny\u010dios riteris: knyga skirta 625-osioms Lietuvos Krik\u0161to metin\u0117ms, prisimenant kunig\u0105 Juoz\u0105 Zdebsk\u012f"},"content":{"rendered":"<p>Istoriko Antano Lesio knyga apie kunigo Juozapo Antano Zdebskio gyvenim\u0105, veikl\u0105, jo nudeginim\u0105 ir \u017e\u016bt\u012f, sovietin\u012f\u00a0ir dabartin\u012f dvasininko \u017e\u016bties tyrim\u0105, apie jo atminties \u012fam\u017einim\u0105. Leidinyje daug med\u017eiagos i\u0161 Lietuvos ypatingojo archyvo (LYA), Lietuvos centrinio valstyb\u0117s archyvo (LCVA), i\u0161 publicistin\u0117s bei periodin\u0117s spaudos.<\/p>\n<p>Knyga gausiai iliustruota nuotraukomis ir dokumentine med\u017eiaga.<\/p>\n<ul class=\"about-product d-none d-xl-block mt-4\">\n<li><strong>Autorius:<\/strong>\u00a0Antanas Lesys<\/li>\n<li><strong>Leid\u0117jas:<\/strong>\u00a0Antanas Lesys<\/li>\n<li><strong>Metai:<\/strong>\u00a02012<\/li>\n<li><strong>Puslapiai:<\/strong>\u00a0240<\/li>\n<li class=\"toggleable type-new-formats \"><strong>ISBN:<\/strong>\u00a09786094202445<\/li>\n<li class=\"toggleable type-new-formats \"><strong>Formatas:<\/strong>\u00a014 x 21 cm, mink\u0161ti vir\u0161eliai<\/li>\n<li><strong>Kalba:<\/strong>\u00a0Lietuvi\u0173<\/li>\n<\/ul>\n","protected":false},"excerpt":{"rendered":"<p>Istoriko Antano Lesio knyga apie kunigo Juozapo Antano Zdebskio gyvenim\u0105, veikl\u0105, jo nudeginim\u0105 ir \u017e\u016bt\u012f, sovietin\u012f\u00a0ir dabartin\u012f dvasininko \u017e\u016bties tyrim\u0105, apie jo atminties \u012fam\u017einim\u0105. Leidinyje daug med\u017eiagos i\u0161 Lietuvos ypatingojo archyvo (LYA), Lietuvos centrinio valstyb\u0117s archyvo (LCVA), i\u0161 publicistin\u0117s bei periodin\u0117s spaudos. Knyga gausiai iliustruota nuotraukomis ir dokumentine med\u017eiaga. Autorius:\u00a0Antanas Lesys Leid\u0117jas:\u00a0Antanas Lesys Metai:\u00a02012 Puslapiai:\u00a0240 ISBN:\u00a09786094202445 Formatas:\u00a014 x 21 cm, mink\u0161ti vir\u0161eliai Kalba:\u00a0Lietuvi\u0173<\/p>\n","protected":false},"featured_media":16723,"comment_status":"open","ping_status":"closed","template":"","meta":{"_acf_changed":false,"site-sidebar-layout":"default","site-content-layout":"","ast-site-content-layout":"default","site-content-style":"default","site-sidebar-style":"default","ast-global-header-display":"","ast-banner-title-visibility":"","ast-main-header-display":"","ast-hfb-above-header-display":"","ast-hfb-below-header-display":"","ast-hfb-mobile-header-display":"","site-post-title":"","ast-breadcrumbs-content":"","ast-featured-img":"","footer-sml-layout":"","ast-disable-related-posts":"","theme-transparent-header-meta":"default","adv-header-id-meta":"","stick-header-meta":"","header-above-stick-meta":"","header-main-stick-meta":"","header-below-stick-meta":"","astra-migrate-meta-layouts":"set","ast-page-background-enabled":"default","ast-page-background-meta":{"desktop":{"background-color":"","background-image":"","background-repeat":"repeat","background-position":"center center","background-size":"auto","background-attachment":"scroll","background-type":"","background-media":"","overlay-type":"","overlay-color":"","overlay-opacity":"","overlay-gradient":""},"tablet":{"background-color":"","background-image":"","background-repeat":"repeat","background-position":"center center","background-size":"auto","background-attachment":"scroll","background-type":"","background-media":"","overlay-type":"","overlay-color":"","overlay-opacity":"","overlay-gradient":""},"mobile":{"background-color":"","background-image":"","background-repeat":"repeat","background-position":"center center","background-size":"auto","background-attachment":"scroll","background-type":"","background-media":"","overlay-type":"","overlay-color":"","overlay-opacity":"","overlay-gradient":""}},"ast-content-background-meta":{"desktop":{"background-color":"var(--ast-global-color-4)","background-image":"","background-repeat":"repeat","background-position":"center center","background-size":"auto","background-attachment":"scroll","background-type":"","background-media":"","overlay-type":"","overlay-color":"","overlay-opacity":"","overlay-gradient":""},"tablet":{"background-color":"var(--ast-global-color-4)","background-image":"","background-repeat":"repeat","background-position":"center center","background-size":"auto","background-attachment":"scroll","background-type":"","background-media":"","overlay-type":"","overlay-color":"","overlay-opacity":"","overlay-gradient":""},"mobile":{"background-color":"var(--ast-global-color-4)","background-image":"","background-repeat":"repeat","background-position":"center center","background-size":"auto","background-attachment":"scroll","background-type":"","background-media":"","overlay-type":"","overlay-color":"","overlay-opacity":"","overlay-gradient":""}}},"product_brand":[],"product_cat":[15,165],"product_tag":[],"class_list":{"0":"post-16722","1":"product","2":"type-product","3":"status-publish","4":"has-post-thumbnail","6":"product_cat-uncategorized","7":"product_cat-religija-filosofija-ir-ezoterika","8":"desktop-align-left","9":"tablet-align-left","10":"mobile-align-left","12":"first","13":"instock","14":"shipping-taxable","15":"purchasable","16":"product-type-simple"},"acf":[],"yoast_head":"<!-- This site is optimized with the Yoast SEO plugin v27.0 - https:\/\/yoast.com\/product\/yoast-seo-wordpress\/ -->\n<title>Ba\u017eny\u010dios riteris: knyga skirta 625-osioms Lietuvos Krik\u0161to metin\u0117ms, prisimenant kunig\u0105 Juoz\u0105 Zdebsk\u012f<\/title>\n<meta name=\"description\" content=\"Istoriko Antano Lesio knyga apie kunigo Juozapo Antano Zdebskio gyvenim\u0105, veikl\u0105, jo nudeginim\u0105 ir \u017e\u016bt\u012f, sovietin\u012f\u00a0ir dabartin\u012f dvasininko \u017e\u016bties tyrim\u0105,\" \/>\n<meta name=\"robots\" content=\"index, follow, max-snippet:-1, max-image-preview:large, max-video-preview:-1\" \/>\n<link rel=\"canonical\" href=\"https:\/\/skaitytaknyga.lt\/en\/produktas\/baznycios-riteris-knyga-skirta-625-osioms-lietuvos-kriksto-metinems-prisimenant-kuniga-juoza-zdebski\/\" \/>\n<meta property=\"og:locale\" content=\"en_GB\" \/>\n<meta property=\"og:locale:alternate\" content=\"lt_LT\" \/>\n<meta property=\"og:type\" content=\"article\" \/>\n<meta property=\"og:title\" content=\"Ba\u017eny\u010dios riteris: knyga skirta 625-osioms Lietuvos Krik\u0161to metin\u0117ms, prisimenant kunig\u0105 Juoz\u0105 Zdebsk\u012f\" \/>\n<meta property=\"og:description\" content=\"Istoriko Antano Lesio knyga apie kunigo Juozapo Antano Zdebskio gyvenim\u0105, veikl\u0105, jo nudeginim\u0105 ir \u017e\u016bt\u012f, sovietin\u012f\u00a0ir dabartin\u012f dvasininko \u017e\u016bties tyrim\u0105,\" \/>\n<meta property=\"og:url\" content=\"https:\/\/skaitytaknyga.lt\/en\/produktas\/baznycios-riteris-knyga-skirta-625-osioms-lietuvos-kriksto-metinems-prisimenant-kuniga-juoza-zdebski\/\" \/>\n<meta property=\"og:site_name\" content=\"Skaitytaknyga\" \/>\n<meta property=\"article:publisher\" content=\"https:\/\/www.facebook.com\/skaitytaknyga\/\" \/>\n<meta property=\"article:modified_time\" content=\"2025-05-15T05:24:01+00:00\" \/>\n<meta property=\"og:image\" content=\"https:\/\/skaitytaknyga.lt\/wp-content\/uploads\/2025\/02\/Baznycios-riteris-knyga-skirta-625-osioms-Lietuvos-Kriksto-metinems-prisimenant-kuniga-Juoza-Zdebski.webp\" \/>\n\t<meta property=\"og:image:width\" content=\"532\" \/>\n\t<meta property=\"og:image:height\" content=\"799\" \/>\n\t<meta property=\"og:image:type\" content=\"image\/webp\" \/>\n<meta name=\"twitter:card\" content=\"summary_large_image\" \/>\n<meta name=\"twitter:label1\" content=\"Estimated reading time\" \/>\n\t<meta name=\"twitter:data1\" content=\"1 minute\" \/>\n<script type=\"application\/ld+json\" class=\"yoast-schema-graph\">{\"@context\":\"https:\/\/schema.org\",\"@graph\":[{\"@type\":\"WebPage\",\"@id\":\"https:\/\/skaitytaknyga.lt\/produktas\/baznycios-riteris-knyga-skirta-625-osioms-lietuvos-kriksto-metinems-prisimenant-kuniga-juoza-zdebski\/\",\"url\":\"https:\/\/skaitytaknyga.lt\/produktas\/baznycios-riteris-knyga-skirta-625-osioms-lietuvos-kriksto-metinems-prisimenant-kuniga-juoza-zdebski\/\",\"name\":\"Ba\u017eny\u010dios riteris: knyga skirta 625-osioms Lietuvos Krik\u0161to metin\u0117ms, prisimenant kunig\u0105 Juoz\u0105 Zdebsk\u012f\",\"isPartOf\":{\"@id\":\"https:\/\/skaitytaknyga.lt\/#website\"},\"primaryImageOfPage\":{\"@id\":\"https:\/\/skaitytaknyga.lt\/produktas\/baznycios-riteris-knyga-skirta-625-osioms-lietuvos-kriksto-metinems-prisimenant-kuniga-juoza-zdebski\/#primaryimage\"},\"image\":{\"@id\":\"https:\/\/skaitytaknyga.lt\/produktas\/baznycios-riteris-knyga-skirta-625-osioms-lietuvos-kriksto-metinems-prisimenant-kuniga-juoza-zdebski\/#primaryimage\"},\"thumbnailUrl\":\"https:\/\/skaitytaknyga.lt\/wp-content\/uploads\/2025\/02\/Baznycios-riteris-knyga-skirta-625-osioms-Lietuvos-Kriksto-metinems-prisimenant-kuniga-Juoza-Zdebski.webp\",\"datePublished\":\"2025-01-08T09:53:42+00:00\",\"dateModified\":\"2025-05-15T05:24:01+00:00\",\"description\":\"Istoriko Antano Lesio knyga apie kunigo Juozapo Antano Zdebskio gyvenim\u0105, veikl\u0105, jo nudeginim\u0105 ir \u017e\u016bt\u012f, sovietin\u012f\u00a0ir dabartin\u012f dvasininko \u017e\u016bties tyrim\u0105,\",\"breadcrumb\":{\"@id\":\"https:\/\/skaitytaknyga.lt\/produktas\/baznycios-riteris-knyga-skirta-625-osioms-lietuvos-kriksto-metinems-prisimenant-kuniga-juoza-zdebski\/#breadcrumb\"},\"inLanguage\":\"en-GB\",\"potentialAction\":[{\"@type\":\"ReadAction\",\"target\":[\"https:\/\/skaitytaknyga.lt\/produktas\/baznycios-riteris-knyga-skirta-625-osioms-lietuvos-kriksto-metinems-prisimenant-kuniga-juoza-zdebski\/\"]}]},{\"@type\":\"ImageObject\",\"inLanguage\":\"en-GB\",\"@id\":\"https:\/\/skaitytaknyga.lt\/produktas\/baznycios-riteris-knyga-skirta-625-osioms-lietuvos-kriksto-metinems-prisimenant-kuniga-juoza-zdebski\/#primaryimage\",\"url\":\"https:\/\/skaitytaknyga.lt\/wp-content\/uploads\/2025\/02\/Baznycios-riteris-knyga-skirta-625-osioms-Lietuvos-Kriksto-metinems-prisimenant-kuniga-Juoza-Zdebski.webp\",\"contentUrl\":\"https:\/\/skaitytaknyga.lt\/wp-content\/uploads\/2025\/02\/Baznycios-riteris-knyga-skirta-625-osioms-Lietuvos-Kriksto-metinems-prisimenant-kuniga-Juoza-Zdebski.webp\",\"width\":532,\"height\":799,\"caption\":\"Ba\u017eny\u010dios riteris: knyga skirta 625-osioms Lietuvos Krik\u0161to metin\u0117ms, prisimenant kunig\u0105 Juoz\u0105 Zdebsk\u012f\"},{\"@type\":\"BreadcrumbList\",\"@id\":\"https:\/\/skaitytaknyga.lt\/produktas\/baznycios-riteris-knyga-skirta-625-osioms-lietuvos-kriksto-metinems-prisimenant-kuniga-juoza-zdebski\/#breadcrumb\",\"itemListElement\":[{\"@type\":\"ListItem\",\"position\":1,\"name\":\"Home\",\"item\":\"https:\/\/skaitytaknyga.lt\/\"},{\"@type\":\"ListItem\",\"position\":2,\"name\":\"Parduotuv\u0117\",\"item\":\"https:\/\/skaitytaknyga.lt\/knygu-parduotuve\/\"},{\"@type\":\"ListItem\",\"position\":3,\"name\":\"Ba\u017eny\u010dios riteris: knyga skirta 625-osioms Lietuvos Krik\u0161to metin\u0117ms, prisimenant kunig\u0105 Juoz\u0105 Zdebsk\u012f\"}]},{\"@type\":\"WebSite\",\"@id\":\"https:\/\/skaitytaknyga.lt\/#website\",\"url\":\"https:\/\/skaitytaknyga.lt\/\",\"name\":\"skaitytaknyga.lt\",\"description\":\"Skaitytaknyga.lt \u2013 tai ma\u017eas \u0161eimos verslas, kuris prasid\u0117jo nuo meil\u0117s knygoms ir siekio i\u0161gelb\u0117ti knygas nuo likimo prie konteinerio. Kas vienam nereikalingas daiktas \u2013 kitam lobis, o mes esame tarpininkai, kurie padeda abiems tapti laimingesniems ???? \u017dinome kaip nelengva i\u0161gyventi ma\u017eiems verslams, tad nuo \u0161iol, \u010dia rasite ir kit\u0173, ma\u017e\u0173 \u0161eim\u0173 versl\u0173, rank\u0173 darbo, dovan\u0173 sau ir artimiesiems.\",\"publisher\":{\"@id\":\"https:\/\/skaitytaknyga.lt\/#organization\"},\"potentialAction\":[{\"@type\":\"SearchAction\",\"target\":{\"@type\":\"EntryPoint\",\"urlTemplate\":\"https:\/\/skaitytaknyga.lt\/?s={search_term_string}\"},\"query-input\":{\"@type\":\"PropertyValueSpecification\",\"valueRequired\":true,\"valueName\":\"search_term_string\"}}],\"inLanguage\":\"en-GB\"},{\"@type\":\"Organization\",\"@id\":\"https:\/\/skaitytaknyga.lt\/#organization\",\"name\":\"skaitytaknyga.lt\",\"url\":\"https:\/\/skaitytaknyga.lt\/\",\"logo\":{\"@type\":\"ImageObject\",\"inLanguage\":\"en-GB\",\"@id\":\"https:\/\/skaitytaknyga.lt\/#\/schema\/logo\/image\/\",\"url\":\"https:\/\/skaitytaknyga.lt\/wp-content\/uploads\/2024\/05\/cropped-cropped-cropped-02_00843_jt3bggkj1j3HLc7SyY6rEUpg.jpeg\",\"contentUrl\":\"https:\/\/skaitytaknyga.lt\/wp-content\/uploads\/2024\/05\/cropped-cropped-cropped-02_00843_jt3bggkj1j3HLc7SyY6rEUpg.jpeg\",\"width\":1600,\"height\":1600,\"caption\":\"skaitytaknyga.lt\"},\"image\":{\"@id\":\"https:\/\/skaitytaknyga.lt\/#\/schema\/logo\/image\/\"},\"sameAs\":[\"https:\/\/www.facebook.com\/skaitytaknyga\/\"]}]}<\/script>\n<!-- \/ Yoast SEO plugin. -->","yoast_head_json":{"title":"Ba\u017eny\u010dios riteris: knyga skirta 625-osioms Lietuvos Krik\u0161to metin\u0117ms, prisimenant kunig\u0105 Juoz\u0105 Zdebsk\u012f","description":"Istoriko Antano Lesio knyga apie kunigo Juozapo Antano Zdebskio gyvenim\u0105, veikl\u0105, jo nudeginim\u0105 ir \u017e\u016bt\u012f, sovietin\u012f\u00a0ir dabartin\u012f dvasininko \u017e\u016bties tyrim\u0105,","robots":{"index":"index","follow":"follow","max-snippet":"max-snippet:-1","max-image-preview":"max-image-preview:large","max-video-preview":"max-video-preview:-1"},"canonical":"https:\/\/skaitytaknyga.lt\/en\/produktas\/baznycios-riteris-knyga-skirta-625-osioms-lietuvos-kriksto-metinems-prisimenant-kuniga-juoza-zdebski\/","og_locale":"en_GB","og_type":"article","og_title":"[:lt]Ba\u017eny\u010dios riteris: knyga skirta 625-osioms Lietuvos Krik\u0161to metin\u0117ms, prisimenant kunig\u0105 Juoz\u0105 Zdebsk\u012f[:] - Skaitytaknyga","og_description":"Istoriko Antano Lesio knyga apie kunigo Juozapo Antano Zdebskio gyvenim\u0105, veikl\u0105, jo nudeginim\u0105 ir \u017e\u016bt\u012f, sovietin\u012f\u00a0ir dabartin\u012f dvasininko \u017e\u016bties tyrim\u0105,","og_url":"https:\/\/skaitytaknyga.lt\/en\/produktas\/baznycios-riteris-knyga-skirta-625-osioms-lietuvos-kriksto-metinems-prisimenant-kuniga-juoza-zdebski\/","og_site_name":"Skaitytaknyga","article_publisher":"https:\/\/www.facebook.com\/skaitytaknyga\/","article_modified_time":"2025-05-15T05:24:01+00:00","og_image":[{"width":532,"height":799,"url":"https:\/\/skaitytaknyga.lt\/wp-content\/uploads\/2025\/02\/Baznycios-riteris-knyga-skirta-625-osioms-Lietuvos-Kriksto-metinems-prisimenant-kuniga-Juoza-Zdebski.webp","type":"image\/webp"}],"twitter_card":"summary_large_image","twitter_misc":{"Estimated reading time":"1 minute"},"schema":{"@context":"https:\/\/schema.org","@graph":[{"@type":"WebPage","@id":"https:\/\/skaitytaknyga.lt\/produktas\/baznycios-riteris-knyga-skirta-625-osioms-lietuvos-kriksto-metinems-prisimenant-kuniga-juoza-zdebski\/","url":"https:\/\/skaitytaknyga.lt\/produktas\/baznycios-riteris-knyga-skirta-625-osioms-lietuvos-kriksto-metinems-prisimenant-kuniga-juoza-zdebski\/","name":"Ba\u017eny\u010dios riteris: knyga skirta 625-osioms Lietuvos Krik\u0161to metin\u0117ms, prisimenant kunig\u0105 Juoz\u0105 Zdebsk\u012f","isPartOf":{"@id":"https:\/\/skaitytaknyga.lt\/#website"},"primaryImageOfPage":{"@id":"https:\/\/skaitytaknyga.lt\/produktas\/baznycios-riteris-knyga-skirta-625-osioms-lietuvos-kriksto-metinems-prisimenant-kuniga-juoza-zdebski\/#primaryimage"},"image":{"@id":"https:\/\/skaitytaknyga.lt\/produktas\/baznycios-riteris-knyga-skirta-625-osioms-lietuvos-kriksto-metinems-prisimenant-kuniga-juoza-zdebski\/#primaryimage"},"thumbnailUrl":"https:\/\/skaitytaknyga.lt\/wp-content\/uploads\/2025\/02\/Baznycios-riteris-knyga-skirta-625-osioms-Lietuvos-Kriksto-metinems-prisimenant-kuniga-Juoza-Zdebski.webp","datePublished":"2025-01-08T09:53:42+00:00","dateModified":"2025-05-15T05:24:01+00:00","description":"Istoriko Antano Lesio knyga apie kunigo Juozapo Antano Zdebskio gyvenim\u0105, veikl\u0105, jo nudeginim\u0105 ir \u017e\u016bt\u012f, sovietin\u012f\u00a0ir dabartin\u012f dvasininko \u017e\u016bties tyrim\u0105,","breadcrumb":{"@id":"https:\/\/skaitytaknyga.lt\/produktas\/baznycios-riteris-knyga-skirta-625-osioms-lietuvos-kriksto-metinems-prisimenant-kuniga-juoza-zdebski\/#breadcrumb"},"inLanguage":"en-GB","potentialAction":[{"@type":"ReadAction","target":["https:\/\/skaitytaknyga.lt\/produktas\/baznycios-riteris-knyga-skirta-625-osioms-lietuvos-kriksto-metinems-prisimenant-kuniga-juoza-zdebski\/"]}]},{"@type":"ImageObject","inLanguage":"en-GB","@id":"https:\/\/skaitytaknyga.lt\/produktas\/baznycios-riteris-knyga-skirta-625-osioms-lietuvos-kriksto-metinems-prisimenant-kuniga-juoza-zdebski\/#primaryimage","url":"https:\/\/skaitytaknyga.lt\/wp-content\/uploads\/2025\/02\/Baznycios-riteris-knyga-skirta-625-osioms-Lietuvos-Kriksto-metinems-prisimenant-kuniga-Juoza-Zdebski.webp","contentUrl":"https:\/\/skaitytaknyga.lt\/wp-content\/uploads\/2025\/02\/Baznycios-riteris-knyga-skirta-625-osioms-Lietuvos-Kriksto-metinems-prisimenant-kuniga-Juoza-Zdebski.webp","width":532,"height":799,"caption":"Ba\u017eny\u010dios riteris: knyga skirta 625-osioms Lietuvos Krik\u0161to metin\u0117ms, prisimenant kunig\u0105 Juoz\u0105 Zdebsk\u012f"},{"@type":"BreadcrumbList","@id":"https:\/\/skaitytaknyga.lt\/produktas\/baznycios-riteris-knyga-skirta-625-osioms-lietuvos-kriksto-metinems-prisimenant-kuniga-juoza-zdebski\/#breadcrumb","itemListElement":[{"@type":"ListItem","position":1,"name":"Home","item":"https:\/\/skaitytaknyga.lt\/"},{"@type":"ListItem","position":2,"name":"Parduotuv\u0117","item":"https:\/\/skaitytaknyga.lt\/knygu-parduotuve\/"},{"@type":"ListItem","position":3,"name":"Ba\u017eny\u010dios riteris: knyga skirta 625-osioms Lietuvos Krik\u0161to metin\u0117ms, prisimenant kunig\u0105 Juoz\u0105 Zdebsk\u012f"}]},{"@type":"WebSite","@id":"https:\/\/skaitytaknyga.lt\/#website","url":"https:\/\/skaitytaknyga.lt\/","name":"skaitytaknyga.lt","description":"Skaitytaknyga.lt \u2013 tai ma\u017eas \u0161eimos verslas, kuris prasid\u0117jo nuo meil\u0117s knygoms ir siekio i\u0161gelb\u0117ti knygas nuo likimo prie konteinerio. Kas vienam nereikalingas daiktas \u2013 kitam lobis, o mes esame tarpininkai, kurie padeda abiems tapti laimingesniems ???? \u017dinome kaip nelengva i\u0161gyventi ma\u017eiems verslams, tad nuo \u0161iol, \u010dia rasite ir kit\u0173, ma\u017e\u0173 \u0161eim\u0173 versl\u0173, rank\u0173 darbo, dovan\u0173 sau ir artimiesiems.","publisher":{"@id":"https:\/\/skaitytaknyga.lt\/#organization"},"potentialAction":[{"@type":"SearchAction","target":{"@type":"EntryPoint","urlTemplate":"https:\/\/skaitytaknyga.lt\/?s={search_term_string}"},"query-input":{"@type":"PropertyValueSpecification","valueRequired":true,"valueName":"search_term_string"}}],"inLanguage":"en-GB"},{"@type":"Organization","@id":"https:\/\/skaitytaknyga.lt\/#organization","name":"skaitytaknyga.lt","url":"https:\/\/skaitytaknyga.lt\/","logo":{"@type":"ImageObject","inLanguage":"en-GB","@id":"https:\/\/skaitytaknyga.lt\/#\/schema\/logo\/image\/","url":"https:\/\/skaitytaknyga.lt\/wp-content\/uploads\/2024\/05\/cropped-cropped-cropped-02_00843_jt3bggkj1j3HLc7SyY6rEUpg.jpeg","contentUrl":"https:\/\/skaitytaknyga.lt\/wp-content\/uploads\/2024\/05\/cropped-cropped-cropped-02_00843_jt3bggkj1j3HLc7SyY6rEUpg.jpeg","width":1600,"height":1600,"caption":"skaitytaknyga.lt"},"image":{"@id":"https:\/\/skaitytaknyga.lt\/#\/schema\/logo\/image\/"},"sameAs":["https:\/\/www.facebook.com\/skaitytaknyga\/"]}]}},"_links":{"self":[{"href":"https:\/\/skaitytaknyga.lt\/en\/wp-json\/wp\/v2\/product\/16722","targetHints":{"allow":["GET"]}}],"collection":[{"href":"https:\/\/skaitytaknyga.lt\/en\/wp-json\/wp\/v2\/product"}],"about":[{"href":"https:\/\/skaitytaknyga.lt\/en\/wp-json\/wp\/v2\/types\/product"}],"replies":[{"embeddable":true,"href":"https:\/\/skaitytaknyga.lt\/en\/wp-json\/wp\/v2\/comments?post=16722"}],"wp:featuredmedia":[{"embeddable":true,"href":"https:\/\/skaitytaknyga.lt\/en\/wp-json\/wp\/v2\/media\/16723"}],"wp:attachment":[{"href":"https:\/\/skaitytaknyga.lt\/en\/wp-json\/wp\/v2\/media?parent=16722"}],"wp:term":[{"taxonomy":"product_brand","embeddable":true,"href":"https:\/\/skaitytaknyga.lt\/en\/wp-json\/wp\/v2\/product_brand?post=16722"},{"taxonomy":"product_cat","embeddable":true,"href":"https:\/\/skaitytaknyga.lt\/en\/wp-json\/wp\/v2\/product_cat?post=16722"},{"taxonomy":"product_tag","embeddable":true,"href":"https:\/\/skaitytaknyga.lt\/en\/wp-json\/wp\/v2\/product_tag?post=16722"}],"curies":[{"name":"wp","href":"https:\/\/api.w.org\/{rel}","templated":true}]}}