{"id":16718,"date":"2025-01-08T11:42:39","date_gmt":"2025-01-08T09:42:39","guid":{"rendered":"https:\/\/skaitytaknyga.lt\/?post_type=product&#038;p=16718"},"modified":"2025-02-08T11:43:41","modified_gmt":"2025-02-08T09:43:41","slug":"striptizas","status":"publish","type":"product","link":"https:\/\/skaitytaknyga.lt\/en\/produktas\/striptizas\/","title":{"rendered":"Striptizas"},"content":{"rendered":"<p><em>Taip, \u201eStriptizas\u201c yra naujo pob\u016bd\u017eio veikalas, nieko bendro neturintis su lengvu pasiskaitymu. Jo papras\u010diausiai nevalia pasikloti ant pusry\u010di\u0173 stalo ir skaityti tuo pat metu kabinant ko\u0161\u0119. Tai intymi knyga. Taip pat knyga, kuri neabejotinai paliks \u017eym\u0119 m\u016bs\u0173 literat\u016bros raidoj, nors gal ir ne tuoj pat. \u201eStriptizas\u201c i\u0161 esm\u0117s nesud\u0117tingas. Tai gaivi pasaka, kaip gaivios visos pasakos.<\/em>\u00a0\u2013 Vyt. A. Jonynas<\/p>\n<p>Modernistinis. Siurrealistinis. Abstraktus. Avangardistinis. Eksperimentinis. Egzistencialistinis. Fausti\u0161kas. M\u012fslingas. Tokiais epitetais Icchoko Mero romanas Striptizas buvo sutiktas anuomet. Dabar \u2013 jau tre\u010dioji romano laida.<\/p>\n<p><strong>Apie autori\u0173<\/strong><\/p>\n<p>Icchokas Meras (g. 1934) \u2013 \u201e\u017eydas ir lietuvis\u201c, ra\u0161ytojas, ra\u0161\u0105s lietuvi\u0161kai, gyven\u0105s Izraelyje. Jo romanai versti \u012f u\u017esienio kalbas, leid\u017eiami Amerikoje, Europos \u0161alyse. Lietuvoje ne pirm\u0105 kart\u0105 leid\u017eiamas romanas \u201eLygiosios trunka akimirk\u0105\u201c (\u201eBaltos lankos\u201c, 2006), i\u0161leistas romanas \u201eSara\u201c.<\/p>\n<ul class=\"about-product d-none d-xl-block mt-4\">\n<li><strong>Autorius:<\/strong>\u00a0Icchokas Meras<\/li>\n<li><strong>Leid\u0117jas:<\/strong>\u00a0Baltos lankos<\/li>\n<li><strong>Metai:<\/strong>\u00a02008<\/li>\n<li><strong>Puslapiai:<\/strong>\u00a0340<\/li>\n<li class=\"toggleable type-new-formats \"><strong>ISBN:<\/strong>\u00a09789955231479<\/li>\n<li><strong>Versijos kodas:<\/strong>\u00a0PT.<\/li>\n<li class=\"toggleable type-new-formats \"><strong>Formatas:<\/strong>\u00a012,5 x 20 cm, kieti vir\u0161eliai<\/li>\n<li><strong>Kalba:<\/strong>\u00a0Lietuvi\u0173<\/li>\n<\/ul>\n","protected":false},"excerpt":{"rendered":"<p>Taip, \u201eStriptizas\u201c yra naujo pob\u016bd\u017eio veikalas, nieko bendro neturintis su lengvu pasiskaitymu. Jo papras\u010diausiai nevalia pasikloti ant pusry\u010di\u0173 stalo ir skaityti tuo pat metu kabinant ko\u0161\u0119. Tai intymi knyga. Taip pat knyga, kuri neabejotinai paliks \u017eym\u0119 m\u016bs\u0173 literat\u016bros raidoj, nors gal ir ne tuoj pat. \u201eStriptizas\u201c i\u0161 esm\u0117s nesud\u0117tingas. Tai gaivi pasaka, kaip gaivios visos pasakos.\u00a0\u2013 Vyt. A. Jonynas Modernistinis. Siurrealistinis. Abstraktus. Avangardistinis. Eksperimentinis. Egzistencialistinis. Fausti\u0161kas. M\u012fslingas. Tokiais epitetais Icchoko Mero romanas Striptizas buvo sutiktas anuomet. Dabar \u2013 jau tre\u010dioji romano laida. Apie autori\u0173 Icchokas Meras (g. 1934) \u2013 \u201e\u017eydas ir lietuvis\u201c, ra\u0161ytojas, ra\u0161\u0105s lietuvi\u0161kai, gyven\u0105s Izraelyje. Jo romanai versti \u012f u\u017esienio kalbas, leid\u017eiami Amerikoje, Europos \u0161alyse. Lietuvoje ne pirm\u0105 kart\u0105 leid\u017eiamas romanas \u201eLygiosios trunka akimirk\u0105\u201c (\u201eBaltos lankos\u201c, 2006), i\u0161leistas romanas \u201eSara\u201c. Autorius:\u00a0Icchokas Meras Leid\u0117jas:\u00a0Baltos lankos Metai:\u00a02008 Puslapiai:\u00a0340 ISBN:\u00a09789955231479 Versijos kodas:\u00a0PT. Formatas:\u00a012,5 x 20 cm, kieti vir\u0161eliai Kalba:\u00a0Lietuvi\u0173<\/p>\n","protected":false},"featured_media":16719,"comment_status":"closed","ping_status":"closed","template":"","meta":{"_acf_changed":false,"site-sidebar-layout":"default","site-content-layout":"","ast-site-content-layout":"default","site-content-style":"default","site-sidebar-style":"default","ast-global-header-display":"","ast-banner-title-visibility":"","ast-main-header-display":"","ast-hfb-above-header-display":"","ast-hfb-below-header-display":"","ast-hfb-mobile-header-display":"","site-post-title":"","ast-breadcrumbs-content":"","ast-featured-img":"","footer-sml-layout":"","ast-disable-related-posts":"","theme-transparent-header-meta":"default","adv-header-id-meta":"","stick-header-meta":"","header-above-stick-meta":"","header-main-stick-meta":"","header-below-stick-meta":"","astra-migrate-meta-layouts":"set","ast-page-background-enabled":"default","ast-page-background-meta":{"desktop":{"background-color":"","background-image":"","background-repeat":"repeat","background-position":"center center","background-size":"auto","background-attachment":"scroll","background-type":"","background-media":"","overlay-type":"","overlay-color":"","overlay-opacity":"","overlay-gradient":""},"tablet":{"background-color":"","background-image":"","background-repeat":"repeat","background-position":"center center","background-size":"auto","background-attachment":"scroll","background-type":"","background-media":"","overlay-type":"","overlay-color":"","overlay-opacity":"","overlay-gradient":""},"mobile":{"background-color":"","background-image":"","background-repeat":"repeat","background-position":"center center","background-size":"auto","background-attachment":"scroll","background-type":"","background-media":"","overlay-type":"","overlay-color":"","overlay-opacity":"","overlay-gradient":""}},"ast-content-background-meta":{"desktop":{"background-color":"var(--ast-global-color-4)","background-image":"","background-repeat":"repeat","background-position":"center center","background-size":"auto","background-attachment":"scroll","background-type":"","background-media":"","overlay-type":"","overlay-color":"","overlay-opacity":"","overlay-gradient":""},"tablet":{"background-color":"var(--ast-global-color-4)","background-image":"","background-repeat":"repeat","background-position":"center center","background-size":"auto","background-attachment":"scroll","background-type":"","background-media":"","overlay-type":"","overlay-color":"","overlay-opacity":"","overlay-gradient":""},"mobile":{"background-color":"var(--ast-global-color-4)","background-image":"","background-repeat":"repeat","background-position":"center center","background-size":"auto","background-attachment":"scroll","background-type":"","background-media":"","overlay-type":"","overlay-color":"","overlay-opacity":"","overlay-gradient":""}}},"product_brand":[],"product_cat":[31],"product_tag":[],"class_list":{"0":"post-16718","1":"product","2":"type-product","3":"status-publish","4":"has-post-thumbnail","6":"product_cat-grozine-literatura","7":"pa_leidimo-metai-645","8":"desktop-align-left","9":"tablet-align-left","10":"mobile-align-left","12":"first","13":"instock","14":"shipping-taxable","15":"purchasable","16":"product-type-simple"},"acf":[],"yoast_head":"<!-- This site is optimized with the Yoast SEO plugin v27.0 - https:\/\/yoast.com\/product\/yoast-seo-wordpress\/ -->\n<title>Striptizas<\/title>\n<meta name=\"description\" content=\"Taip, \u201eStriptizas\u201c yra naujo pob\u016bd\u017eio veikalas, nieko bendro neturintis su lengvu pasiskaitymu. Jo papras\u010diausiai nevalia pasikloti ant pusry\u010di\u0173 stalo ir\" \/>\n<meta name=\"robots\" content=\"index, follow, max-snippet:-1, max-image-preview:large, max-video-preview:-1\" \/>\n<link rel=\"canonical\" href=\"https:\/\/skaitytaknyga.lt\/en\/produktas\/striptizas\/\" \/>\n<meta property=\"og:locale\" content=\"en_GB\" \/>\n<meta property=\"og:locale:alternate\" content=\"lt_LT\" \/>\n<meta property=\"og:type\" content=\"article\" \/>\n<meta property=\"og:title\" content=\"Striptizas\" \/>\n<meta property=\"og:description\" content=\"Taip, \u201eStriptizas\u201c yra naujo pob\u016bd\u017eio veikalas, nieko bendro neturintis su lengvu pasiskaitymu. Jo papras\u010diausiai nevalia pasikloti ant pusry\u010di\u0173 stalo ir\" \/>\n<meta property=\"og:url\" content=\"https:\/\/skaitytaknyga.lt\/en\/produktas\/striptizas\/\" \/>\n<meta property=\"og:site_name\" content=\"Skaitytaknyga\" \/>\n<meta property=\"article:publisher\" content=\"https:\/\/www.facebook.com\/skaitytaknyga\/\" \/>\n<meta property=\"article:modified_time\" content=\"2025-02-08T09:43:41+00:00\" \/>\n<meta property=\"og:image\" content=\"https:\/\/skaitytaknyga.lt\/wp-content\/uploads\/2025\/02\/Striptizas.webp\" \/>\n\t<meta property=\"og:image:width\" content=\"368\" \/>\n\t<meta property=\"og:image:height\" content=\"591\" \/>\n\t<meta property=\"og:image:type\" content=\"image\/webp\" \/>\n<meta name=\"twitter:card\" content=\"summary_large_image\" \/>\n<meta name=\"twitter:label1\" content=\"Estimated reading time\" \/>\n\t<meta name=\"twitter:data1\" content=\"1 minute\" \/>\n<script type=\"application\/ld+json\" class=\"yoast-schema-graph\">{\"@context\":\"https:\/\/schema.org\",\"@graph\":[{\"@type\":\"WebPage\",\"@id\":\"https:\/\/skaitytaknyga.lt\/produktas\/striptizas\/\",\"url\":\"https:\/\/skaitytaknyga.lt\/produktas\/striptizas\/\",\"name\":\"Striptizas\",\"isPartOf\":{\"@id\":\"https:\/\/skaitytaknyga.lt\/#website\"},\"primaryImageOfPage\":{\"@id\":\"https:\/\/skaitytaknyga.lt\/produktas\/striptizas\/#primaryimage\"},\"image\":{\"@id\":\"https:\/\/skaitytaknyga.lt\/produktas\/striptizas\/#primaryimage\"},\"thumbnailUrl\":\"https:\/\/skaitytaknyga.lt\/wp-content\/uploads\/2025\/02\/Striptizas.webp\",\"datePublished\":\"2025-01-08T09:42:39+00:00\",\"dateModified\":\"2025-02-08T09:43:41+00:00\",\"description\":\"Taip, \u201eStriptizas\u201c yra naujo pob\u016bd\u017eio veikalas, nieko bendro neturintis su lengvu pasiskaitymu. Jo papras\u010diausiai nevalia pasikloti ant pusry\u010di\u0173 stalo ir\",\"breadcrumb\":{\"@id\":\"https:\/\/skaitytaknyga.lt\/produktas\/striptizas\/#breadcrumb\"},\"inLanguage\":\"en-GB\",\"potentialAction\":[{\"@type\":\"ReadAction\",\"target\":[\"https:\/\/skaitytaknyga.lt\/produktas\/striptizas\/\"]}]},{\"@type\":\"ImageObject\",\"inLanguage\":\"en-GB\",\"@id\":\"https:\/\/skaitytaknyga.lt\/produktas\/striptizas\/#primaryimage\",\"url\":\"https:\/\/skaitytaknyga.lt\/wp-content\/uploads\/2025\/02\/Striptizas.webp\",\"contentUrl\":\"https:\/\/skaitytaknyga.lt\/wp-content\/uploads\/2025\/02\/Striptizas.webp\",\"width\":368,\"height\":591,\"caption\":\"Striptizas\"},{\"@type\":\"BreadcrumbList\",\"@id\":\"https:\/\/skaitytaknyga.lt\/produktas\/striptizas\/#breadcrumb\",\"itemListElement\":[{\"@type\":\"ListItem\",\"position\":1,\"name\":\"Home\",\"item\":\"https:\/\/skaitytaknyga.lt\/\"},{\"@type\":\"ListItem\",\"position\":2,\"name\":\"Parduotuv\u0117\",\"item\":\"https:\/\/skaitytaknyga.lt\/knygu-parduotuve\/\"},{\"@type\":\"ListItem\",\"position\":3,\"name\":\"Striptizas\"}]},{\"@type\":\"WebSite\",\"@id\":\"https:\/\/skaitytaknyga.lt\/#website\",\"url\":\"https:\/\/skaitytaknyga.lt\/\",\"name\":\"skaitytaknyga.lt\",\"description\":\"Skaitytaknyga.lt \u2013 tai ma\u017eas \u0161eimos verslas, kuris prasid\u0117jo nuo meil\u0117s knygoms ir siekio i\u0161gelb\u0117ti knygas nuo likimo prie konteinerio. Kas vienam nereikalingas daiktas \u2013 kitam lobis, o mes esame tarpininkai, kurie padeda abiems tapti laimingesniems ???? \u017dinome kaip nelengva i\u0161gyventi ma\u017eiems verslams, tad nuo \u0161iol, \u010dia rasite ir kit\u0173, ma\u017e\u0173 \u0161eim\u0173 versl\u0173, rank\u0173 darbo, dovan\u0173 sau ir artimiesiems.\",\"publisher\":{\"@id\":\"https:\/\/skaitytaknyga.lt\/#organization\"},\"potentialAction\":[{\"@type\":\"SearchAction\",\"target\":{\"@type\":\"EntryPoint\",\"urlTemplate\":\"https:\/\/skaitytaknyga.lt\/?s={search_term_string}\"},\"query-input\":{\"@type\":\"PropertyValueSpecification\",\"valueRequired\":true,\"valueName\":\"search_term_string\"}}],\"inLanguage\":\"en-GB\"},{\"@type\":\"Organization\",\"@id\":\"https:\/\/skaitytaknyga.lt\/#organization\",\"name\":\"skaitytaknyga.lt\",\"url\":\"https:\/\/skaitytaknyga.lt\/\",\"logo\":{\"@type\":\"ImageObject\",\"inLanguage\":\"en-GB\",\"@id\":\"https:\/\/skaitytaknyga.lt\/#\/schema\/logo\/image\/\",\"url\":\"https:\/\/skaitytaknyga.lt\/wp-content\/uploads\/2024\/05\/cropped-cropped-cropped-02_00843_jt3bggkj1j3HLc7SyY6rEUpg.jpeg\",\"contentUrl\":\"https:\/\/skaitytaknyga.lt\/wp-content\/uploads\/2024\/05\/cropped-cropped-cropped-02_00843_jt3bggkj1j3HLc7SyY6rEUpg.jpeg\",\"width\":1600,\"height\":1600,\"caption\":\"skaitytaknyga.lt\"},\"image\":{\"@id\":\"https:\/\/skaitytaknyga.lt\/#\/schema\/logo\/image\/\"},\"sameAs\":[\"https:\/\/www.facebook.com\/skaitytaknyga\/\"]}]}<\/script>\n<!-- \/ Yoast SEO plugin. -->","yoast_head_json":{"title":"Striptizas","description":"Taip, \u201eStriptizas\u201c yra naujo pob\u016bd\u017eio veikalas, nieko bendro neturintis su lengvu pasiskaitymu. Jo papras\u010diausiai nevalia pasikloti ant pusry\u010di\u0173 stalo ir","robots":{"index":"index","follow":"follow","max-snippet":"max-snippet:-1","max-image-preview":"max-image-preview:large","max-video-preview":"max-video-preview:-1"},"canonical":"https:\/\/skaitytaknyga.lt\/en\/produktas\/striptizas\/","og_locale":"en_GB","og_type":"article","og_title":"[:lt]Striptizas[:] - Skaitytaknyga","og_description":"Taip, \u201eStriptizas\u201c yra naujo pob\u016bd\u017eio veikalas, nieko bendro neturintis su lengvu pasiskaitymu. Jo papras\u010diausiai nevalia pasikloti ant pusry\u010di\u0173 stalo ir","og_url":"https:\/\/skaitytaknyga.lt\/en\/produktas\/striptizas\/","og_site_name":"Skaitytaknyga","article_publisher":"https:\/\/www.facebook.com\/skaitytaknyga\/","article_modified_time":"2025-02-08T09:43:41+00:00","og_image":[{"width":368,"height":591,"url":"https:\/\/skaitytaknyga.lt\/wp-content\/uploads\/2025\/02\/Striptizas.webp","type":"image\/webp"}],"twitter_card":"summary_large_image","twitter_misc":{"Estimated reading time":"1 minute"},"schema":{"@context":"https:\/\/schema.org","@graph":[{"@type":"WebPage","@id":"https:\/\/skaitytaknyga.lt\/produktas\/striptizas\/","url":"https:\/\/skaitytaknyga.lt\/produktas\/striptizas\/","name":"Striptizas","isPartOf":{"@id":"https:\/\/skaitytaknyga.lt\/#website"},"primaryImageOfPage":{"@id":"https:\/\/skaitytaknyga.lt\/produktas\/striptizas\/#primaryimage"},"image":{"@id":"https:\/\/skaitytaknyga.lt\/produktas\/striptizas\/#primaryimage"},"thumbnailUrl":"https:\/\/skaitytaknyga.lt\/wp-content\/uploads\/2025\/02\/Striptizas.webp","datePublished":"2025-01-08T09:42:39+00:00","dateModified":"2025-02-08T09:43:41+00:00","description":"Taip, \u201eStriptizas\u201c yra naujo pob\u016bd\u017eio veikalas, nieko bendro neturintis su lengvu pasiskaitymu. Jo papras\u010diausiai nevalia pasikloti ant pusry\u010di\u0173 stalo ir","breadcrumb":{"@id":"https:\/\/skaitytaknyga.lt\/produktas\/striptizas\/#breadcrumb"},"inLanguage":"en-GB","potentialAction":[{"@type":"ReadAction","target":["https:\/\/skaitytaknyga.lt\/produktas\/striptizas\/"]}]},{"@type":"ImageObject","inLanguage":"en-GB","@id":"https:\/\/skaitytaknyga.lt\/produktas\/striptizas\/#primaryimage","url":"https:\/\/skaitytaknyga.lt\/wp-content\/uploads\/2025\/02\/Striptizas.webp","contentUrl":"https:\/\/skaitytaknyga.lt\/wp-content\/uploads\/2025\/02\/Striptizas.webp","width":368,"height":591,"caption":"Striptizas"},{"@type":"BreadcrumbList","@id":"https:\/\/skaitytaknyga.lt\/produktas\/striptizas\/#breadcrumb","itemListElement":[{"@type":"ListItem","position":1,"name":"Home","item":"https:\/\/skaitytaknyga.lt\/"},{"@type":"ListItem","position":2,"name":"Parduotuv\u0117","item":"https:\/\/skaitytaknyga.lt\/knygu-parduotuve\/"},{"@type":"ListItem","position":3,"name":"Striptizas"}]},{"@type":"WebSite","@id":"https:\/\/skaitytaknyga.lt\/#website","url":"https:\/\/skaitytaknyga.lt\/","name":"skaitytaknyga.lt","description":"Skaitytaknyga.lt \u2013 tai ma\u017eas \u0161eimos verslas, kuris prasid\u0117jo nuo meil\u0117s knygoms ir siekio i\u0161gelb\u0117ti knygas nuo likimo prie konteinerio. Kas vienam nereikalingas daiktas \u2013 kitam lobis, o mes esame tarpininkai, kurie padeda abiems tapti laimingesniems ???? \u017dinome kaip nelengva i\u0161gyventi ma\u017eiems verslams, tad nuo \u0161iol, \u010dia rasite ir kit\u0173, ma\u017e\u0173 \u0161eim\u0173 versl\u0173, rank\u0173 darbo, dovan\u0173 sau ir artimiesiems.","publisher":{"@id":"https:\/\/skaitytaknyga.lt\/#organization"},"potentialAction":[{"@type":"SearchAction","target":{"@type":"EntryPoint","urlTemplate":"https:\/\/skaitytaknyga.lt\/?s={search_term_string}"},"query-input":{"@type":"PropertyValueSpecification","valueRequired":true,"valueName":"search_term_string"}}],"inLanguage":"en-GB"},{"@type":"Organization","@id":"https:\/\/skaitytaknyga.lt\/#organization","name":"skaitytaknyga.lt","url":"https:\/\/skaitytaknyga.lt\/","logo":{"@type":"ImageObject","inLanguage":"en-GB","@id":"https:\/\/skaitytaknyga.lt\/#\/schema\/logo\/image\/","url":"https:\/\/skaitytaknyga.lt\/wp-content\/uploads\/2024\/05\/cropped-cropped-cropped-02_00843_jt3bggkj1j3HLc7SyY6rEUpg.jpeg","contentUrl":"https:\/\/skaitytaknyga.lt\/wp-content\/uploads\/2024\/05\/cropped-cropped-cropped-02_00843_jt3bggkj1j3HLc7SyY6rEUpg.jpeg","width":1600,"height":1600,"caption":"skaitytaknyga.lt"},"image":{"@id":"https:\/\/skaitytaknyga.lt\/#\/schema\/logo\/image\/"},"sameAs":["https:\/\/www.facebook.com\/skaitytaknyga\/"]}]}},"_links":{"self":[{"href":"https:\/\/skaitytaknyga.lt\/en\/wp-json\/wp\/v2\/product\/16718","targetHints":{"allow":["GET"]}}],"collection":[{"href":"https:\/\/skaitytaknyga.lt\/en\/wp-json\/wp\/v2\/product"}],"about":[{"href":"https:\/\/skaitytaknyga.lt\/en\/wp-json\/wp\/v2\/types\/product"}],"replies":[{"embeddable":true,"href":"https:\/\/skaitytaknyga.lt\/en\/wp-json\/wp\/v2\/comments?post=16718"}],"wp:featuredmedia":[{"embeddable":true,"href":"https:\/\/skaitytaknyga.lt\/en\/wp-json\/wp\/v2\/media\/16719"}],"wp:attachment":[{"href":"https:\/\/skaitytaknyga.lt\/en\/wp-json\/wp\/v2\/media?parent=16718"}],"wp:term":[{"taxonomy":"product_brand","embeddable":true,"href":"https:\/\/skaitytaknyga.lt\/en\/wp-json\/wp\/v2\/product_brand?post=16718"},{"taxonomy":"product_cat","embeddable":true,"href":"https:\/\/skaitytaknyga.lt\/en\/wp-json\/wp\/v2\/product_cat?post=16718"},{"taxonomy":"product_tag","embeddable":true,"href":"https:\/\/skaitytaknyga.lt\/en\/wp-json\/wp\/v2\/product_tag?post=16718"}],"curies":[{"name":"wp","href":"https:\/\/api.w.org\/{rel}","templated":true}]}}