{"id":16716,"date":"2025-02-08T11:35:18","date_gmt":"2025-02-08T09:35:18","guid":{"rendered":"https:\/\/skaitytaknyga.lt\/?post_type=product&#038;p=16716"},"modified":"2025-06-11T08:41:22","modified_gmt":"2025-06-11T05:41:22","slug":"bugno-oda","status":"publish","type":"product","link":"https:\/\/skaitytaknyga.lt\/en\/produktas\/bugno-oda\/","title":{"rendered":"B\u016bgno oda"},"content":{"rendered":"<p>\u017dinomiausio \u0161iuolaikinio ispan\u0173 ra\u0161ytojo Arturo P\u00e9rez-Reverte romanas nustebins savo vaizduote, menine i\u0161mone ir i\u0161mintimi, gudriai supintu siu\u017eetu, pagr\u012fstu tvirta logika.<\/p>\n<p>Pagrindinis herojus Lorencas Kuartas siun\u010diamas \u012f Sevilij\u0105 ie\u0161koti hakerio, \u012fsilau\u017eusio \u012f asmenin\u012f Popie\u017eiaus kompiuter\u012f, i\u0161siai\u0161kinti, kas dedasi ba\u017eny\u010dioje, kuri \u201c\u017eudo, kad apsigint\u0173\u201d, ir kokios paslaptys slypi u\u017e \u0161ventov\u0117s sien\u0173 ir dvasinink\u0173 sielose. Romano veiksmas vyksta Romoje, v\u0117liau Sevilijoje, viename gra\u017eiausi\u0173 pasaulio miest\u0173, kur \u017e\u016btb\u016btin\u0117je kovoje susigrumia varg\u0161as klebonas ir arkivyskupas, klestintis bankininkas ir auk\u0161takilm\u0117 gra\u017euol\u0117.<\/p>\n<p>Kas gi tas kompiuteri\u0173 piratas? Kas \u017eudo ba\u017eny\u010dios vardu? Meil\u0117 Sevilijos aristokratei Makarenai taip pavergia Popie\u017eiaus agento \u0161ird\u012f, kad jis pamir\u0161ta \u012f\u017eadus, pareigos jausm\u0105 ir, regis, savo nepajudinamus moralinius principus. O did\u017eioji romano m\u012fsl\u0117 paai\u0161k\u0117ja tik paskutiniame romano puslapyje&#8230;<\/p>\n<ul class=\"about-product d-none d-xl-block mt-4\">\n<li><strong>Originalus pavadinimas:<\/strong>\u00a0La piel del tambor<\/li>\n<li><strong>Autorius:<\/strong>\u00a0Arturo P\u00e9rez-Reverte<\/li>\n<li><strong>Leid\u0117jas:<\/strong>\u00a0Alma littera<\/li>\n<li><strong>Metai:<\/strong>\u00a02005<\/li>\n<li><strong>Puslapiai:<\/strong>\u00a0424<\/li>\n<li class=\"toggleable type-new-formats \"><strong>ISBN:<\/strong>\u00a09789955086512<\/li>\n<li class=\"toggleable type-new-formats \"><strong>Formatas:<\/strong>\u00a015 x 24 cm, kieti vir\u0161eliai<\/li>\n<li><strong>Kalba:<\/strong>\u00a0Lietuvi\u0173<\/li>\n<li><strong>Vert\u0117jas:<\/strong>\u00a0Pranas Bieliauskas<\/li>\n<\/ul>\n","protected":false},"excerpt":{"rendered":"<p>\u017dinomiausio \u0161iuolaikinio ispan\u0173 ra\u0161ytojo Arturo P\u00e9rez-Reverte romanas nustebins savo vaizduote, menine i\u0161mone ir i\u0161mintimi, gudriai supintu siu\u017eetu, pagr\u012fstu tvirta logika. Pagrindinis herojus Lorencas Kuartas siun\u010diamas \u012f Sevilij\u0105 ie\u0161koti hakerio, \u012fsilau\u017eusio \u012f asmenin\u012f Popie\u017eiaus kompiuter\u012f, i\u0161siai\u0161kinti, kas dedasi ba\u017eny\u010dioje, kuri \u201c\u017eudo, kad apsigint\u0173\u201d, ir kokios paslaptys slypi u\u017e \u0161ventov\u0117s sien\u0173 ir dvasinink\u0173 sielose. Romano veiksmas vyksta Romoje, v\u0117liau Sevilijoje, viename gra\u017eiausi\u0173 pasaulio miest\u0173, kur \u017e\u016btb\u016btin\u0117je kovoje susigrumia varg\u0161as klebonas ir arkivyskupas, klestintis bankininkas ir auk\u0161takilm\u0117 gra\u017euol\u0117. Kas gi tas kompiuteri\u0173 piratas? Kas \u017eudo ba\u017eny\u010dios vardu? Meil\u0117 Sevilijos aristokratei Makarenai taip pavergia Popie\u017eiaus agento \u0161ird\u012f, kad jis pamir\u0161ta \u012f\u017eadus, pareigos jausm\u0105 ir, regis, savo nepajudinamus moralinius principus. O did\u017eioji romano m\u012fsl\u0117 paai\u0161k\u0117ja tik paskutiniame romano puslapyje&#8230; Originalus pavadinimas:\u00a0La piel del tambor Autorius:\u00a0Arturo P\u00e9rez-Reverte Leid\u0117jas:\u00a0Alma littera Metai:\u00a02005 Puslapiai:\u00a0424 ISBN:\u00a09789955086512 Formatas:\u00a015 x 24 cm, kieti vir\u0161eliai Kalba:\u00a0Lietuvi\u0173 Vert\u0117jas:\u00a0Pranas Bieliauskas<\/p>\n","protected":false},"featured_media":16717,"comment_status":"closed","ping_status":"closed","template":"","meta":{"_acf_changed":false,"site-sidebar-layout":"default","site-content-layout":"","ast-site-content-layout":"default","site-content-style":"default","site-sidebar-style":"default","ast-global-header-display":"","ast-banner-title-visibility":"","ast-main-header-display":"","ast-hfb-above-header-display":"","ast-hfb-below-header-display":"","ast-hfb-mobile-header-display":"","site-post-title":"","ast-breadcrumbs-content":"","ast-featured-img":"","footer-sml-layout":"","ast-disable-related-posts":"","theme-transparent-header-meta":"default","adv-header-id-meta":"","stick-header-meta":"","header-above-stick-meta":"","header-main-stick-meta":"","header-below-stick-meta":"","astra-migrate-meta-layouts":"set","ast-page-background-enabled":"default","ast-page-background-meta":{"desktop":{"background-color":"","background-image":"","background-repeat":"repeat","background-position":"center center","background-size":"auto","background-attachment":"scroll","background-type":"","background-media":"","overlay-type":"","overlay-color":"","overlay-opacity":"","overlay-gradient":""},"tablet":{"background-color":"","background-image":"","background-repeat":"repeat","background-position":"center center","background-size":"auto","background-attachment":"scroll","background-type":"","background-media":"","overlay-type":"","overlay-color":"","overlay-opacity":"","overlay-gradient":""},"mobile":{"background-color":"","background-image":"","background-repeat":"repeat","background-position":"center center","background-size":"auto","background-attachment":"scroll","background-type":"","background-media":"","overlay-type":"","overlay-color":"","overlay-opacity":"","overlay-gradient":""}},"ast-content-background-meta":{"desktop":{"background-color":"var(--ast-global-color-4)","background-image":"","background-repeat":"repeat","background-position":"center center","background-size":"auto","background-attachment":"scroll","background-type":"","background-media":"","overlay-type":"","overlay-color":"","overlay-opacity":"","overlay-gradient":""},"tablet":{"background-color":"var(--ast-global-color-4)","background-image":"","background-repeat":"repeat","background-position":"center center","background-size":"auto","background-attachment":"scroll","background-type":"","background-media":"","overlay-type":"","overlay-color":"","overlay-opacity":"","overlay-gradient":""},"mobile":{"background-color":"var(--ast-global-color-4)","background-image":"","background-repeat":"repeat","background-position":"center center","background-size":"auto","background-attachment":"scroll","background-type":"","background-media":"","overlay-type":"","overlay-color":"","overlay-opacity":"","overlay-gradient":""}}},"product_brand":[],"product_cat":[31],"product_tag":[4791,4788,4789,3217,4790,1587],"class_list":{"0":"post-16716","1":"product","2":"type-product","3":"status-publish","4":"has-post-thumbnail","6":"product_cat-grozine-literatura","7":"product_tag-arturo-perez-reverte","8":"product_tag-baznycia","9":"product_tag-hakeriai","10":"product_tag-intriga","11":"product_tag-sevilija","12":"product_tag-trileris","13":"pa_leidimo-metai-645","14":"desktop-align-left","15":"tablet-align-left","16":"mobile-align-left","18":"first","19":"instock","20":"shipping-taxable","21":"purchasable","22":"product-type-simple"},"acf":[],"yoast_head":"<!-- This site is optimized with the Yoast SEO plugin v27.0 - https:\/\/yoast.com\/product\/yoast-seo-wordpress\/ -->\n<title>B\u016bgno oda<\/title>\n<meta name=\"description\" content=\"\u017dinomiausio \u0161iuolaikinio ispan\u0173 ra\u0161ytojo Arturo P\u00e9rez-Reverte romanas nustebins savo vaizduote, menine i\u0161mone ir i\u0161mintimi, gudriai supintu siu\u017eetu,\" \/>\n<meta name=\"robots\" content=\"index, follow, max-snippet:-1, max-image-preview:large, max-video-preview:-1\" \/>\n<link rel=\"canonical\" href=\"https:\/\/skaitytaknyga.lt\/en\/produktas\/bugno-oda\/\" \/>\n<meta property=\"og:locale\" content=\"en_GB\" \/>\n<meta property=\"og:locale:alternate\" content=\"lt_LT\" \/>\n<meta property=\"og:type\" content=\"article\" \/>\n<meta property=\"og:title\" content=\"B\u016bgno oda\" \/>\n<meta property=\"og:description\" content=\"\u017dinomiausio \u0161iuolaikinio ispan\u0173 ra\u0161ytojo Arturo P\u00e9rez-Reverte romanas nustebins savo vaizduote, menine i\u0161mone ir i\u0161mintimi, gudriai supintu siu\u017eetu,\" \/>\n<meta property=\"og:url\" content=\"https:\/\/skaitytaknyga.lt\/en\/produktas\/bugno-oda\/\" \/>\n<meta property=\"og:site_name\" content=\"Skaitytaknyga\" \/>\n<meta property=\"article:publisher\" content=\"https:\/\/www.facebook.com\/skaitytaknyga\/\" \/>\n<meta property=\"article:modified_time\" content=\"2025-06-11T05:41:22+00:00\" \/>\n<meta property=\"og:image\" content=\"https:\/\/skaitytaknyga.lt\/wp-content\/uploads\/2025\/02\/Bugno-oda.webp\" \/>\n\t<meta property=\"og:image:width\" content=\"459\" \/>\n\t<meta property=\"og:image:height\" content=\"800\" \/>\n\t<meta property=\"og:image:type\" content=\"image\/webp\" \/>\n<meta name=\"twitter:card\" content=\"summary_large_image\" \/>\n<meta name=\"twitter:label1\" content=\"Estimated reading time\" \/>\n\t<meta name=\"twitter:data1\" content=\"1 minute\" \/>\n<script type=\"application\/ld+json\" class=\"yoast-schema-graph\">{\"@context\":\"https:\/\/schema.org\",\"@graph\":[{\"@type\":\"WebPage\",\"@id\":\"https:\/\/skaitytaknyga.lt\/produktas\/bugno-oda\/\",\"url\":\"https:\/\/skaitytaknyga.lt\/produktas\/bugno-oda\/\",\"name\":\"B\u016bgno oda\",\"isPartOf\":{\"@id\":\"https:\/\/skaitytaknyga.lt\/#website\"},\"primaryImageOfPage\":{\"@id\":\"https:\/\/skaitytaknyga.lt\/produktas\/bugno-oda\/#primaryimage\"},\"image\":{\"@id\":\"https:\/\/skaitytaknyga.lt\/produktas\/bugno-oda\/#primaryimage\"},\"thumbnailUrl\":\"https:\/\/skaitytaknyga.lt\/wp-content\/uploads\/2025\/02\/Bugno-oda.webp\",\"datePublished\":\"2025-02-08T09:35:18+00:00\",\"dateModified\":\"2025-06-11T05:41:22+00:00\",\"description\":\"\u017dinomiausio \u0161iuolaikinio ispan\u0173 ra\u0161ytojo Arturo P\u00e9rez-Reverte romanas nustebins savo vaizduote, menine i\u0161mone ir i\u0161mintimi, gudriai supintu siu\u017eetu,\",\"breadcrumb\":{\"@id\":\"https:\/\/skaitytaknyga.lt\/produktas\/bugno-oda\/#breadcrumb\"},\"inLanguage\":\"en-GB\",\"potentialAction\":[{\"@type\":\"ReadAction\",\"target\":[\"https:\/\/skaitytaknyga.lt\/produktas\/bugno-oda\/\"]}]},{\"@type\":\"ImageObject\",\"inLanguage\":\"en-GB\",\"@id\":\"https:\/\/skaitytaknyga.lt\/produktas\/bugno-oda\/#primaryimage\",\"url\":\"https:\/\/skaitytaknyga.lt\/wp-content\/uploads\/2025\/02\/Bugno-oda.webp\",\"contentUrl\":\"https:\/\/skaitytaknyga.lt\/wp-content\/uploads\/2025\/02\/Bugno-oda.webp\",\"width\":459,\"height\":800,\"caption\":\"B\u016bgno oda\"},{\"@type\":\"BreadcrumbList\",\"@id\":\"https:\/\/skaitytaknyga.lt\/produktas\/bugno-oda\/#breadcrumb\",\"itemListElement\":[{\"@type\":\"ListItem\",\"position\":1,\"name\":\"Home\",\"item\":\"https:\/\/skaitytaknyga.lt\/\"},{\"@type\":\"ListItem\",\"position\":2,\"name\":\"Parduotuv\u0117\",\"item\":\"https:\/\/skaitytaknyga.lt\/knygu-parduotuve\/\"},{\"@type\":\"ListItem\",\"position\":3,\"name\":\"B\u016bgno oda\"}]},{\"@type\":\"WebSite\",\"@id\":\"https:\/\/skaitytaknyga.lt\/#website\",\"url\":\"https:\/\/skaitytaknyga.lt\/\",\"name\":\"skaitytaknyga.lt\",\"description\":\"Skaitytaknyga.lt \u2013 tai ma\u017eas \u0161eimos verslas, kuris prasid\u0117jo nuo meil\u0117s knygoms ir siekio i\u0161gelb\u0117ti knygas nuo likimo prie konteinerio. Kas vienam nereikalingas daiktas \u2013 kitam lobis, o mes esame tarpininkai, kurie padeda abiems tapti laimingesniems ???? \u017dinome kaip nelengva i\u0161gyventi ma\u017eiems verslams, tad nuo \u0161iol, \u010dia rasite ir kit\u0173, ma\u017e\u0173 \u0161eim\u0173 versl\u0173, rank\u0173 darbo, dovan\u0173 sau ir artimiesiems.\",\"publisher\":{\"@id\":\"https:\/\/skaitytaknyga.lt\/#organization\"},\"potentialAction\":[{\"@type\":\"SearchAction\",\"target\":{\"@type\":\"EntryPoint\",\"urlTemplate\":\"https:\/\/skaitytaknyga.lt\/?s={search_term_string}\"},\"query-input\":{\"@type\":\"PropertyValueSpecification\",\"valueRequired\":true,\"valueName\":\"search_term_string\"}}],\"inLanguage\":\"en-GB\"},{\"@type\":\"Organization\",\"@id\":\"https:\/\/skaitytaknyga.lt\/#organization\",\"name\":\"skaitytaknyga.lt\",\"url\":\"https:\/\/skaitytaknyga.lt\/\",\"logo\":{\"@type\":\"ImageObject\",\"inLanguage\":\"en-GB\",\"@id\":\"https:\/\/skaitytaknyga.lt\/#\/schema\/logo\/image\/\",\"url\":\"https:\/\/skaitytaknyga.lt\/wp-content\/uploads\/2024\/05\/cropped-cropped-cropped-02_00843_jt3bggkj1j3HLc7SyY6rEUpg.jpeg\",\"contentUrl\":\"https:\/\/skaitytaknyga.lt\/wp-content\/uploads\/2024\/05\/cropped-cropped-cropped-02_00843_jt3bggkj1j3HLc7SyY6rEUpg.jpeg\",\"width\":1600,\"height\":1600,\"caption\":\"skaitytaknyga.lt\"},\"image\":{\"@id\":\"https:\/\/skaitytaknyga.lt\/#\/schema\/logo\/image\/\"},\"sameAs\":[\"https:\/\/www.facebook.com\/skaitytaknyga\/\"]}]}<\/script>\n<!-- \/ Yoast SEO plugin. -->","yoast_head_json":{"title":"B\u016bgno oda","description":"\u017dinomiausio \u0161iuolaikinio ispan\u0173 ra\u0161ytojo Arturo P\u00e9rez-Reverte romanas nustebins savo vaizduote, menine i\u0161mone ir i\u0161mintimi, gudriai supintu siu\u017eetu,","robots":{"index":"index","follow":"follow","max-snippet":"max-snippet:-1","max-image-preview":"max-image-preview:large","max-video-preview":"max-video-preview:-1"},"canonical":"https:\/\/skaitytaknyga.lt\/en\/produktas\/bugno-oda\/","og_locale":"en_GB","og_type":"article","og_title":"[:lt]B\u016bgno oda[:] - Skaitytaknyga","og_description":"\u017dinomiausio \u0161iuolaikinio ispan\u0173 ra\u0161ytojo Arturo P\u00e9rez-Reverte romanas nustebins savo vaizduote, menine i\u0161mone ir i\u0161mintimi, gudriai supintu siu\u017eetu,","og_url":"https:\/\/skaitytaknyga.lt\/en\/produktas\/bugno-oda\/","og_site_name":"Skaitytaknyga","article_publisher":"https:\/\/www.facebook.com\/skaitytaknyga\/","article_modified_time":"2025-06-11T05:41:22+00:00","og_image":[{"width":459,"height":800,"url":"https:\/\/skaitytaknyga.lt\/wp-content\/uploads\/2025\/02\/Bugno-oda.webp","type":"image\/webp"}],"twitter_card":"summary_large_image","twitter_misc":{"Estimated reading time":"1 minute"},"schema":{"@context":"https:\/\/schema.org","@graph":[{"@type":"WebPage","@id":"https:\/\/skaitytaknyga.lt\/produktas\/bugno-oda\/","url":"https:\/\/skaitytaknyga.lt\/produktas\/bugno-oda\/","name":"B\u016bgno oda","isPartOf":{"@id":"https:\/\/skaitytaknyga.lt\/#website"},"primaryImageOfPage":{"@id":"https:\/\/skaitytaknyga.lt\/produktas\/bugno-oda\/#primaryimage"},"image":{"@id":"https:\/\/skaitytaknyga.lt\/produktas\/bugno-oda\/#primaryimage"},"thumbnailUrl":"https:\/\/skaitytaknyga.lt\/wp-content\/uploads\/2025\/02\/Bugno-oda.webp","datePublished":"2025-02-08T09:35:18+00:00","dateModified":"2025-06-11T05:41:22+00:00","description":"\u017dinomiausio \u0161iuolaikinio ispan\u0173 ra\u0161ytojo Arturo P\u00e9rez-Reverte romanas nustebins savo vaizduote, menine i\u0161mone ir i\u0161mintimi, gudriai supintu siu\u017eetu,","breadcrumb":{"@id":"https:\/\/skaitytaknyga.lt\/produktas\/bugno-oda\/#breadcrumb"},"inLanguage":"en-GB","potentialAction":[{"@type":"ReadAction","target":["https:\/\/skaitytaknyga.lt\/produktas\/bugno-oda\/"]}]},{"@type":"ImageObject","inLanguage":"en-GB","@id":"https:\/\/skaitytaknyga.lt\/produktas\/bugno-oda\/#primaryimage","url":"https:\/\/skaitytaknyga.lt\/wp-content\/uploads\/2025\/02\/Bugno-oda.webp","contentUrl":"https:\/\/skaitytaknyga.lt\/wp-content\/uploads\/2025\/02\/Bugno-oda.webp","width":459,"height":800,"caption":"B\u016bgno oda"},{"@type":"BreadcrumbList","@id":"https:\/\/skaitytaknyga.lt\/produktas\/bugno-oda\/#breadcrumb","itemListElement":[{"@type":"ListItem","position":1,"name":"Home","item":"https:\/\/skaitytaknyga.lt\/"},{"@type":"ListItem","position":2,"name":"Parduotuv\u0117","item":"https:\/\/skaitytaknyga.lt\/knygu-parduotuve\/"},{"@type":"ListItem","position":3,"name":"B\u016bgno oda"}]},{"@type":"WebSite","@id":"https:\/\/skaitytaknyga.lt\/#website","url":"https:\/\/skaitytaknyga.lt\/","name":"skaitytaknyga.lt","description":"Skaitytaknyga.lt \u2013 tai ma\u017eas \u0161eimos verslas, kuris prasid\u0117jo nuo meil\u0117s knygoms ir siekio i\u0161gelb\u0117ti knygas nuo likimo prie konteinerio. Kas vienam nereikalingas daiktas \u2013 kitam lobis, o mes esame tarpininkai, kurie padeda abiems tapti laimingesniems ???? \u017dinome kaip nelengva i\u0161gyventi ma\u017eiems verslams, tad nuo \u0161iol, \u010dia rasite ir kit\u0173, ma\u017e\u0173 \u0161eim\u0173 versl\u0173, rank\u0173 darbo, dovan\u0173 sau ir artimiesiems.","publisher":{"@id":"https:\/\/skaitytaknyga.lt\/#organization"},"potentialAction":[{"@type":"SearchAction","target":{"@type":"EntryPoint","urlTemplate":"https:\/\/skaitytaknyga.lt\/?s={search_term_string}"},"query-input":{"@type":"PropertyValueSpecification","valueRequired":true,"valueName":"search_term_string"}}],"inLanguage":"en-GB"},{"@type":"Organization","@id":"https:\/\/skaitytaknyga.lt\/#organization","name":"skaitytaknyga.lt","url":"https:\/\/skaitytaknyga.lt\/","logo":{"@type":"ImageObject","inLanguage":"en-GB","@id":"https:\/\/skaitytaknyga.lt\/#\/schema\/logo\/image\/","url":"https:\/\/skaitytaknyga.lt\/wp-content\/uploads\/2024\/05\/cropped-cropped-cropped-02_00843_jt3bggkj1j3HLc7SyY6rEUpg.jpeg","contentUrl":"https:\/\/skaitytaknyga.lt\/wp-content\/uploads\/2024\/05\/cropped-cropped-cropped-02_00843_jt3bggkj1j3HLc7SyY6rEUpg.jpeg","width":1600,"height":1600,"caption":"skaitytaknyga.lt"},"image":{"@id":"https:\/\/skaitytaknyga.lt\/#\/schema\/logo\/image\/"},"sameAs":["https:\/\/www.facebook.com\/skaitytaknyga\/"]}]}},"_links":{"self":[{"href":"https:\/\/skaitytaknyga.lt\/en\/wp-json\/wp\/v2\/product\/16716","targetHints":{"allow":["GET"]}}],"collection":[{"href":"https:\/\/skaitytaknyga.lt\/en\/wp-json\/wp\/v2\/product"}],"about":[{"href":"https:\/\/skaitytaknyga.lt\/en\/wp-json\/wp\/v2\/types\/product"}],"replies":[{"embeddable":true,"href":"https:\/\/skaitytaknyga.lt\/en\/wp-json\/wp\/v2\/comments?post=16716"}],"wp:featuredmedia":[{"embeddable":true,"href":"https:\/\/skaitytaknyga.lt\/en\/wp-json\/wp\/v2\/media\/16717"}],"wp:attachment":[{"href":"https:\/\/skaitytaknyga.lt\/en\/wp-json\/wp\/v2\/media?parent=16716"}],"wp:term":[{"taxonomy":"product_brand","embeddable":true,"href":"https:\/\/skaitytaknyga.lt\/en\/wp-json\/wp\/v2\/product_brand?post=16716"},{"taxonomy":"product_cat","embeddable":true,"href":"https:\/\/skaitytaknyga.lt\/en\/wp-json\/wp\/v2\/product_cat?post=16716"},{"taxonomy":"product_tag","embeddable":true,"href":"https:\/\/skaitytaknyga.lt\/en\/wp-json\/wp\/v2\/product_tag?post=16716"}],"curies":[{"name":"wp","href":"https:\/\/api.w.org\/{rel}","templated":true}]}}