{"id":16707,"date":"2025-02-06T11:38:26","date_gmt":"2025-02-06T09:38:26","guid":{"rendered":"https:\/\/skaitytaknyga.lt\/?post_type=product&#038;p=16707"},"modified":"2025-11-19T11:35:50","modified_gmt":"2025-11-19T09:35:50","slug":"mano-prosenelis-herojai-ir-as","status":"publish","type":"product","link":"https:\/\/skaitytaknyga.lt\/en\/produktas\/mano-prosenelis-herojai-ir-as\/","title":{"rendered":"Mano prosenelis, herojai ir a\u0161"},"content":{"rendered":"<div class=\"tab-content col-xs-12\">\n<div id=\"tab-description\" class=\"tab-pane active\">\n<div class=\"content-product-midde clearfix\">\n<div class=\"producttab \">\n<div class=\"tabsslider horizontal-tabs col-xs-12\">\n<div class=\"tab-content col-xs-12\">\n<div id=\"tab-description\" class=\"tab-pane active\">\n<div id=\"collapse-description\" class=\"desc-collapse\">\n<p>Tikri didvyriai nesiekia \u0161lov\u0117s. J\u0173 atminimas lieka d\u0117king\u0173 \u017emoni\u0173 \u0161irdyse.<\/p>\n<p>Du ra\u0161ytojai, prosenelis ir proan\u016bkis, taip vadinami Didysis ir Ma\u017easis Vaikas, savaitei u\u017esidaro pal\u0117p\u0117je ir kuria istorijas apie herojus, ra\u0161ydami jas ant sien\u0173 apmu\u0161al\u0173 ir \u010dia pat vienas kit\u0105 grie\u017etai kritikuodami.<\/p>\n<p>O tie j\u0173 herojai \u2013 tai riteriai ir karaliai, kat\u0117 ir pel\u0117, fronto kep\u0117jas ir ma\u017eas berniukas. Ir tada, po savait\u0117s rimto darbo, Ma\u017easis Vaikas supranta, kad ne kiekvienas, kuriam pastatytas paminklas, yra herojus ir kad ne kiekvienas herojus jo susilaukia.<\/p>\n<p><strong>D\u017eeimsas Kriusas<\/strong>\u00a0Lietuvoje dar \u017einomas kaip skaitytoj\u0173 pam\u0117gtos knygos \u201eTimas Taleris, arba parduotas juokas&#8221; (\u201eAlma littera, 2007) autorius.<\/p>\n<ul class=\"about-product d-none d-xl-block mt-4\">\n<li><strong>Autorius:<\/strong>\u00a0D\u017eeimsas Kriusas<\/li>\n<li><strong>Leid\u0117jas:<\/strong>\u00a0Vyturys<\/li>\n<li><strong>Metai:<\/strong>\u00a01989<\/li>\n<li><strong>Puslapiai:<\/strong>\u00a0238<\/li>\n<li class=\"toggleable type-new-formats \"><strong>ISBN:<\/strong>\u00a05790001424<\/li>\n<li class=\"toggleable type-new-formats \"><strong>Formatas:<\/strong>\u00a014,5 x 22 x 2 cm, kieti vir\u0161eliai<\/li>\n<li><strong>Kalba:<\/strong>\u00a0Lietuvi\u0173<\/li>\n<li><strong>Vert\u0117jas:<\/strong>\u00a0Teodoro \u010cetrausko<\/li>\n<\/ul>\n<\/div>\n<\/div>\n<\/div>\n<\/div>\n<\/div>\n<\/div>\n<\/div>\n<\/div>\n","protected":false},"excerpt":{"rendered":"<p>Tikri didvyriai nesiekia \u0161lov\u0117s. J\u0173 atminimas lieka d\u0117king\u0173 \u017emoni\u0173 \u0161irdyse. Du ra\u0161ytojai, prosenelis ir proan\u016bkis, taip vadinami Didysis ir Ma\u017easis Vaikas, savaitei u\u017esidaro pal\u0117p\u0117je ir kuria istorijas apie herojus, ra\u0161ydami jas ant sien\u0173 apmu\u0161al\u0173 ir \u010dia pat vienas kit\u0105 grie\u017etai kritikuodami. O tie j\u0173 herojai \u2013 tai riteriai ir karaliai, kat\u0117 ir pel\u0117, fronto kep\u0117jas ir ma\u017eas berniukas. Ir tada, po savait\u0117s rimto darbo, Ma\u017easis Vaikas supranta, kad ne kiekvienas, kuriam pastatytas paminklas, yra herojus ir kad ne kiekvienas herojus jo susilaukia. D\u017eeimsas Kriusas\u00a0Lietuvoje dar \u017einomas kaip skaitytoj\u0173 pam\u0117gtos knygos \u201eTimas Taleris, arba parduotas juokas&#8221; (\u201eAlma littera, 2007) autorius. Autorius:\u00a0D\u017eeimsas Kriusas Leid\u0117jas:\u00a0Vyturys Metai:\u00a01989 Puslapiai:\u00a0238 ISBN:\u00a05790001424 Formatas:\u00a014,5 x 22 x 2 cm, kieti vir\u0161eliai Kalba:\u00a0Lietuvi\u0173 Vert\u0117jas:\u00a0Teodoro \u010cetrausko<\/p>\n","protected":false},"featured_media":16708,"comment_status":"closed","ping_status":"closed","template":"","meta":{"_acf_changed":false,"site-sidebar-layout":"default","site-content-layout":"","ast-site-content-layout":"default","site-content-style":"default","site-sidebar-style":"default","ast-global-header-display":"","ast-banner-title-visibility":"","ast-main-header-display":"","ast-hfb-above-header-display":"","ast-hfb-below-header-display":"","ast-hfb-mobile-header-display":"","site-post-title":"","ast-breadcrumbs-content":"","ast-featured-img":"","footer-sml-layout":"","ast-disable-related-posts":"","theme-transparent-header-meta":"default","adv-header-id-meta":"","stick-header-meta":"","header-above-stick-meta":"","header-main-stick-meta":"","header-below-stick-meta":"","astra-migrate-meta-layouts":"set","ast-page-background-enabled":"default","ast-page-background-meta":{"desktop":{"background-color":"","background-image":"","background-repeat":"repeat","background-position":"center center","background-size":"auto","background-attachment":"scroll","background-type":"","background-media":"","overlay-type":"","overlay-color":"","overlay-opacity":"","overlay-gradient":""},"tablet":{"background-color":"","background-image":"","background-repeat":"repeat","background-position":"center center","background-size":"auto","background-attachment":"scroll","background-type":"","background-media":"","overlay-type":"","overlay-color":"","overlay-opacity":"","overlay-gradient":""},"mobile":{"background-color":"","background-image":"","background-repeat":"repeat","background-position":"center center","background-size":"auto","background-attachment":"scroll","background-type":"","background-media":"","overlay-type":"","overlay-color":"","overlay-opacity":"","overlay-gradient":""}},"ast-content-background-meta":{"desktop":{"background-color":"var(--ast-global-color-4)","background-image":"","background-repeat":"repeat","background-position":"center center","background-size":"auto","background-attachment":"scroll","background-type":"","background-media":"","overlay-type":"","overlay-color":"","overlay-opacity":"","overlay-gradient":""},"tablet":{"background-color":"var(--ast-global-color-4)","background-image":"","background-repeat":"repeat","background-position":"center center","background-size":"auto","background-attachment":"scroll","background-type":"","background-media":"","overlay-type":"","overlay-color":"","overlay-opacity":"","overlay-gradient":""},"mobile":{"background-color":"var(--ast-global-color-4)","background-image":"","background-repeat":"repeat","background-position":"center center","background-size":"auto","background-attachment":"scroll","background-type":"","background-media":"","overlay-type":"","overlay-color":"","overlay-opacity":"","overlay-gradient":""}}},"product_brand":[],"product_cat":[35],"product_tag":[],"class_list":{"0":"post-16707","1":"product","2":"type-product","3":"status-publish","4":"has-post-thumbnail","6":"product_cat-vaikams-ir-paaugliams","7":"desktop-align-left","8":"tablet-align-left","9":"mobile-align-left","11":"first","12":"outofstock","13":"shipping-taxable","14":"purchasable","15":"product-type-simple"},"acf":[],"yoast_head":"<!-- This site is optimized with the Yoast SEO plugin v27.0 - https:\/\/yoast.com\/product\/yoast-seo-wordpress\/ -->\n<title>Mano prosenelis, herojai ir a\u0161<\/title>\n<meta name=\"description\" content=\"Tikri didvyriai nesiekia \u0161lov\u0117s. J\u0173 atminimas lieka d\u0117king\u0173 \u017emoni\u0173 \u0161irdyse. Du ra\u0161ytojai, prosenelis ir proan\u016bkis, taip vadinami Didysis ir Ma\u017easis\" \/>\n<meta name=\"robots\" content=\"index, follow, max-snippet:-1, max-image-preview:large, max-video-preview:-1\" \/>\n<link rel=\"canonical\" href=\"https:\/\/skaitytaknyga.lt\/en\/produktas\/mano-prosenelis-herojai-ir-as\/\" \/>\n<meta property=\"og:locale\" content=\"en_GB\" \/>\n<meta property=\"og:locale:alternate\" content=\"lt_LT\" \/>\n<meta property=\"og:type\" content=\"article\" \/>\n<meta property=\"og:title\" content=\"Mano prosenelis, herojai ir a\u0161\" \/>\n<meta property=\"og:description\" content=\"Tikri didvyriai nesiekia \u0161lov\u0117s. J\u0173 atminimas lieka d\u0117king\u0173 \u017emoni\u0173 \u0161irdyse. Du ra\u0161ytojai, prosenelis ir proan\u016bkis, taip vadinami Didysis ir Ma\u017easis\" \/>\n<meta property=\"og:url\" content=\"https:\/\/skaitytaknyga.lt\/en\/produktas\/mano-prosenelis-herojai-ir-as\/\" \/>\n<meta property=\"og:site_name\" content=\"Skaitytaknyga\" \/>\n<meta property=\"article:publisher\" content=\"https:\/\/www.facebook.com\/skaitytaknyga\/\" \/>\n<meta property=\"article:modified_time\" content=\"2025-11-19T09:35:50+00:00\" \/>\n<meta property=\"og:image\" content=\"https:\/\/skaitytaknyga.lt\/wp-content\/uploads\/2025\/02\/Mano-prosenelis-herojai-ir-as.webp\" \/>\n\t<meta property=\"og:image:width\" content=\"377\" \/>\n\t<meta property=\"og:image:height\" content=\"594\" \/>\n\t<meta property=\"og:image:type\" content=\"image\/webp\" \/>\n<meta name=\"twitter:card\" content=\"summary_large_image\" \/>\n<meta name=\"twitter:label1\" content=\"Estimated reading time\" \/>\n\t<meta name=\"twitter:data1\" content=\"1 minute\" \/>\n<script type=\"application\/ld+json\" class=\"yoast-schema-graph\">{\"@context\":\"https:\/\/schema.org\",\"@graph\":[{\"@type\":\"WebPage\",\"@id\":\"https:\/\/skaitytaknyga.lt\/produktas\/mano-prosenelis-herojai-ir-as\/\",\"url\":\"https:\/\/skaitytaknyga.lt\/produktas\/mano-prosenelis-herojai-ir-as\/\",\"name\":\"Mano prosenelis, herojai ir a\u0161\",\"isPartOf\":{\"@id\":\"https:\/\/skaitytaknyga.lt\/#website\"},\"primaryImageOfPage\":{\"@id\":\"https:\/\/skaitytaknyga.lt\/produktas\/mano-prosenelis-herojai-ir-as\/#primaryimage\"},\"image\":{\"@id\":\"https:\/\/skaitytaknyga.lt\/produktas\/mano-prosenelis-herojai-ir-as\/#primaryimage\"},\"thumbnailUrl\":\"https:\/\/skaitytaknyga.lt\/wp-content\/uploads\/2025\/02\/Mano-prosenelis-herojai-ir-as.webp\",\"datePublished\":\"2025-02-06T09:38:26+00:00\",\"dateModified\":\"2025-11-19T09:35:50+00:00\",\"description\":\"Tikri didvyriai nesiekia \u0161lov\u0117s. J\u0173 atminimas lieka d\u0117king\u0173 \u017emoni\u0173 \u0161irdyse. Du ra\u0161ytojai, prosenelis ir proan\u016bkis, taip vadinami Didysis ir Ma\u017easis\",\"breadcrumb\":{\"@id\":\"https:\/\/skaitytaknyga.lt\/produktas\/mano-prosenelis-herojai-ir-as\/#breadcrumb\"},\"inLanguage\":\"en-GB\",\"potentialAction\":[{\"@type\":\"ReadAction\",\"target\":[\"https:\/\/skaitytaknyga.lt\/produktas\/mano-prosenelis-herojai-ir-as\/\"]}]},{\"@type\":\"ImageObject\",\"inLanguage\":\"en-GB\",\"@id\":\"https:\/\/skaitytaknyga.lt\/produktas\/mano-prosenelis-herojai-ir-as\/#primaryimage\",\"url\":\"https:\/\/skaitytaknyga.lt\/wp-content\/uploads\/2025\/02\/Mano-prosenelis-herojai-ir-as.webp\",\"contentUrl\":\"https:\/\/skaitytaknyga.lt\/wp-content\/uploads\/2025\/02\/Mano-prosenelis-herojai-ir-as.webp\",\"width\":377,\"height\":594,\"caption\":\"Mano prosenelis, herojai ir a\u0161\"},{\"@type\":\"BreadcrumbList\",\"@id\":\"https:\/\/skaitytaknyga.lt\/produktas\/mano-prosenelis-herojai-ir-as\/#breadcrumb\",\"itemListElement\":[{\"@type\":\"ListItem\",\"position\":1,\"name\":\"Home\",\"item\":\"https:\/\/skaitytaknyga.lt\/\"},{\"@type\":\"ListItem\",\"position\":2,\"name\":\"Parduotuv\u0117\",\"item\":\"https:\/\/skaitytaknyga.lt\/knygu-parduotuve\/\"},{\"@type\":\"ListItem\",\"position\":3,\"name\":\"Mano prosenelis, herojai ir a\u0161\"}]},{\"@type\":\"WebSite\",\"@id\":\"https:\/\/skaitytaknyga.lt\/#website\",\"url\":\"https:\/\/skaitytaknyga.lt\/\",\"name\":\"skaitytaknyga.lt\",\"description\":\"Skaitytaknyga.lt \u2013 tai ma\u017eas \u0161eimos verslas, kuris prasid\u0117jo nuo meil\u0117s knygoms ir siekio i\u0161gelb\u0117ti knygas nuo likimo prie konteinerio. Kas vienam nereikalingas daiktas \u2013 kitam lobis, o mes esame tarpininkai, kurie padeda abiems tapti laimingesniems ???? \u017dinome kaip nelengva i\u0161gyventi ma\u017eiems verslams, tad nuo \u0161iol, \u010dia rasite ir kit\u0173, ma\u017e\u0173 \u0161eim\u0173 versl\u0173, rank\u0173 darbo, dovan\u0173 sau ir artimiesiems.\",\"publisher\":{\"@id\":\"https:\/\/skaitytaknyga.lt\/#organization\"},\"potentialAction\":[{\"@type\":\"SearchAction\",\"target\":{\"@type\":\"EntryPoint\",\"urlTemplate\":\"https:\/\/skaitytaknyga.lt\/?s={search_term_string}\"},\"query-input\":{\"@type\":\"PropertyValueSpecification\",\"valueRequired\":true,\"valueName\":\"search_term_string\"}}],\"inLanguage\":\"en-GB\"},{\"@type\":\"Organization\",\"@id\":\"https:\/\/skaitytaknyga.lt\/#organization\",\"name\":\"skaitytaknyga.lt\",\"url\":\"https:\/\/skaitytaknyga.lt\/\",\"logo\":{\"@type\":\"ImageObject\",\"inLanguage\":\"en-GB\",\"@id\":\"https:\/\/skaitytaknyga.lt\/#\/schema\/logo\/image\/\",\"url\":\"https:\/\/skaitytaknyga.lt\/wp-content\/uploads\/2024\/05\/cropped-cropped-cropped-02_00843_jt3bggkj1j3HLc7SyY6rEUpg.jpeg\",\"contentUrl\":\"https:\/\/skaitytaknyga.lt\/wp-content\/uploads\/2024\/05\/cropped-cropped-cropped-02_00843_jt3bggkj1j3HLc7SyY6rEUpg.jpeg\",\"width\":1600,\"height\":1600,\"caption\":\"skaitytaknyga.lt\"},\"image\":{\"@id\":\"https:\/\/skaitytaknyga.lt\/#\/schema\/logo\/image\/\"},\"sameAs\":[\"https:\/\/www.facebook.com\/skaitytaknyga\/\"]}]}<\/script>\n<!-- \/ Yoast SEO plugin. -->","yoast_head_json":{"title":"Mano prosenelis, herojai ir a\u0161","description":"Tikri didvyriai nesiekia \u0161lov\u0117s. J\u0173 atminimas lieka d\u0117king\u0173 \u017emoni\u0173 \u0161irdyse. Du ra\u0161ytojai, prosenelis ir proan\u016bkis, taip vadinami Didysis ir Ma\u017easis","robots":{"index":"index","follow":"follow","max-snippet":"max-snippet:-1","max-image-preview":"max-image-preview:large","max-video-preview":"max-video-preview:-1"},"canonical":"https:\/\/skaitytaknyga.lt\/en\/produktas\/mano-prosenelis-herojai-ir-as\/","og_locale":"en_GB","og_type":"article","og_title":"[:lt]Mano prosenelis, herojai ir a\u0161[:] - Skaitytaknyga","og_description":"Tikri didvyriai nesiekia \u0161lov\u0117s. J\u0173 atminimas lieka d\u0117king\u0173 \u017emoni\u0173 \u0161irdyse. Du ra\u0161ytojai, prosenelis ir proan\u016bkis, taip vadinami Didysis ir Ma\u017easis","og_url":"https:\/\/skaitytaknyga.lt\/en\/produktas\/mano-prosenelis-herojai-ir-as\/","og_site_name":"Skaitytaknyga","article_publisher":"https:\/\/www.facebook.com\/skaitytaknyga\/","article_modified_time":"2025-11-19T09:35:50+00:00","og_image":[{"width":377,"height":594,"url":"https:\/\/skaitytaknyga.lt\/wp-content\/uploads\/2025\/02\/Mano-prosenelis-herojai-ir-as.webp","type":"image\/webp"}],"twitter_card":"summary_large_image","twitter_misc":{"Estimated reading time":"1 minute"},"schema":{"@context":"https:\/\/schema.org","@graph":[{"@type":"WebPage","@id":"https:\/\/skaitytaknyga.lt\/produktas\/mano-prosenelis-herojai-ir-as\/","url":"https:\/\/skaitytaknyga.lt\/produktas\/mano-prosenelis-herojai-ir-as\/","name":"Mano prosenelis, herojai ir a\u0161","isPartOf":{"@id":"https:\/\/skaitytaknyga.lt\/#website"},"primaryImageOfPage":{"@id":"https:\/\/skaitytaknyga.lt\/produktas\/mano-prosenelis-herojai-ir-as\/#primaryimage"},"image":{"@id":"https:\/\/skaitytaknyga.lt\/produktas\/mano-prosenelis-herojai-ir-as\/#primaryimage"},"thumbnailUrl":"https:\/\/skaitytaknyga.lt\/wp-content\/uploads\/2025\/02\/Mano-prosenelis-herojai-ir-as.webp","datePublished":"2025-02-06T09:38:26+00:00","dateModified":"2025-11-19T09:35:50+00:00","description":"Tikri didvyriai nesiekia \u0161lov\u0117s. J\u0173 atminimas lieka d\u0117king\u0173 \u017emoni\u0173 \u0161irdyse. Du ra\u0161ytojai, prosenelis ir proan\u016bkis, taip vadinami Didysis ir Ma\u017easis","breadcrumb":{"@id":"https:\/\/skaitytaknyga.lt\/produktas\/mano-prosenelis-herojai-ir-as\/#breadcrumb"},"inLanguage":"en-GB","potentialAction":[{"@type":"ReadAction","target":["https:\/\/skaitytaknyga.lt\/produktas\/mano-prosenelis-herojai-ir-as\/"]}]},{"@type":"ImageObject","inLanguage":"en-GB","@id":"https:\/\/skaitytaknyga.lt\/produktas\/mano-prosenelis-herojai-ir-as\/#primaryimage","url":"https:\/\/skaitytaknyga.lt\/wp-content\/uploads\/2025\/02\/Mano-prosenelis-herojai-ir-as.webp","contentUrl":"https:\/\/skaitytaknyga.lt\/wp-content\/uploads\/2025\/02\/Mano-prosenelis-herojai-ir-as.webp","width":377,"height":594,"caption":"Mano prosenelis, herojai ir a\u0161"},{"@type":"BreadcrumbList","@id":"https:\/\/skaitytaknyga.lt\/produktas\/mano-prosenelis-herojai-ir-as\/#breadcrumb","itemListElement":[{"@type":"ListItem","position":1,"name":"Home","item":"https:\/\/skaitytaknyga.lt\/"},{"@type":"ListItem","position":2,"name":"Parduotuv\u0117","item":"https:\/\/skaitytaknyga.lt\/knygu-parduotuve\/"},{"@type":"ListItem","position":3,"name":"Mano prosenelis, herojai ir a\u0161"}]},{"@type":"WebSite","@id":"https:\/\/skaitytaknyga.lt\/#website","url":"https:\/\/skaitytaknyga.lt\/","name":"skaitytaknyga.lt","description":"Skaitytaknyga.lt \u2013 tai ma\u017eas \u0161eimos verslas, kuris prasid\u0117jo nuo meil\u0117s knygoms ir siekio i\u0161gelb\u0117ti knygas nuo likimo prie konteinerio. Kas vienam nereikalingas daiktas \u2013 kitam lobis, o mes esame tarpininkai, kurie padeda abiems tapti laimingesniems ???? \u017dinome kaip nelengva i\u0161gyventi ma\u017eiems verslams, tad nuo \u0161iol, \u010dia rasite ir kit\u0173, ma\u017e\u0173 \u0161eim\u0173 versl\u0173, rank\u0173 darbo, dovan\u0173 sau ir artimiesiems.","publisher":{"@id":"https:\/\/skaitytaknyga.lt\/#organization"},"potentialAction":[{"@type":"SearchAction","target":{"@type":"EntryPoint","urlTemplate":"https:\/\/skaitytaknyga.lt\/?s={search_term_string}"},"query-input":{"@type":"PropertyValueSpecification","valueRequired":true,"valueName":"search_term_string"}}],"inLanguage":"en-GB"},{"@type":"Organization","@id":"https:\/\/skaitytaknyga.lt\/#organization","name":"skaitytaknyga.lt","url":"https:\/\/skaitytaknyga.lt\/","logo":{"@type":"ImageObject","inLanguage":"en-GB","@id":"https:\/\/skaitytaknyga.lt\/#\/schema\/logo\/image\/","url":"https:\/\/skaitytaknyga.lt\/wp-content\/uploads\/2024\/05\/cropped-cropped-cropped-02_00843_jt3bggkj1j3HLc7SyY6rEUpg.jpeg","contentUrl":"https:\/\/skaitytaknyga.lt\/wp-content\/uploads\/2024\/05\/cropped-cropped-cropped-02_00843_jt3bggkj1j3HLc7SyY6rEUpg.jpeg","width":1600,"height":1600,"caption":"skaitytaknyga.lt"},"image":{"@id":"https:\/\/skaitytaknyga.lt\/#\/schema\/logo\/image\/"},"sameAs":["https:\/\/www.facebook.com\/skaitytaknyga\/"]}]}},"_links":{"self":[{"href":"https:\/\/skaitytaknyga.lt\/en\/wp-json\/wp\/v2\/product\/16707","targetHints":{"allow":["GET"]}}],"collection":[{"href":"https:\/\/skaitytaknyga.lt\/en\/wp-json\/wp\/v2\/product"}],"about":[{"href":"https:\/\/skaitytaknyga.lt\/en\/wp-json\/wp\/v2\/types\/product"}],"replies":[{"embeddable":true,"href":"https:\/\/skaitytaknyga.lt\/en\/wp-json\/wp\/v2\/comments?post=16707"}],"wp:featuredmedia":[{"embeddable":true,"href":"https:\/\/skaitytaknyga.lt\/en\/wp-json\/wp\/v2\/media\/16708"}],"wp:attachment":[{"href":"https:\/\/skaitytaknyga.lt\/en\/wp-json\/wp\/v2\/media?parent=16707"}],"wp:term":[{"taxonomy":"product_brand","embeddable":true,"href":"https:\/\/skaitytaknyga.lt\/en\/wp-json\/wp\/v2\/product_brand?post=16707"},{"taxonomy":"product_cat","embeddable":true,"href":"https:\/\/skaitytaknyga.lt\/en\/wp-json\/wp\/v2\/product_cat?post=16707"},{"taxonomy":"product_tag","embeddable":true,"href":"https:\/\/skaitytaknyga.lt\/en\/wp-json\/wp\/v2\/product_tag?post=16707"}],"curies":[{"name":"wp","href":"https:\/\/api.w.org\/{rel}","templated":true}]}}