{"id":16705,"date":"2025-02-06T11:36:15","date_gmt":"2025-02-06T09:36:15","guid":{"rendered":"https:\/\/skaitytaknyga.lt\/?post_type=product&#038;p=16705"},"modified":"2026-03-18T14:59:49","modified_gmt":"2026-03-18T12:59:49","slug":"lietuvos-heraldika-1-dalis","status":"publish","type":"product","link":"https:\/\/skaitytaknyga.lt\/en\/produktas\/lietuvos-heraldika-1-dalis\/","title":{"rendered":"Lietuvos heraldika. 1 dalis"},"content":{"rendered":"<p>Lietuvos heraldika, nors pirmieji herbai atsirado tik XIV a. pabaigoje, nu\u0117jo sud\u0117ting\u0105 raidos keli\u0105, buvo paveikti polonizacijos, u\u017edrausti sovietin\u0117s vald\u017eios metais. Glaustoje sintez\u0117je aptariami bendriausieji Lietuvos herb\u0173 atsiradimo ir raidos bruo\u017eai, i\u0161skiriami lietuvi\u0161kosios heraldikos ypatumai. Med\u017eiaga d\u0117stoma pagal atskiras herb\u0173 grupes: valstyb\u0117s, \u017eemi\u0173, kilming\u0173j\u0173, ba\u017eny\u010dios, miest\u0173 ir miesteli\u0173 heraldika. Lietuvos valstyb\u0117s heraldik\u0105 reprezentuoja valstyb\u0117s herbas, Gediminai\u010di\u0173 stulpai, dvigubas kry\u017eius, valstyb\u0117s istorin\u0117 ir nacionalin\u0117 v\u0117liavos, Lietuvos Respublikos Prezidento \u0161tandartas, Lietuvos himnas, o tariam\u0105j\u012f sovietin\u012f valstybingum\u0105 \u2013 sovietin\u0117 simbolika.<\/p>\n<p>Svarbi\u0105 viet\u0105 valstyb\u0117s heraldikoje u\u017eima \u017eemi\u0173 herbai. Ypa\u010d sud\u0117tinga Lietuvos kilming\u0173j\u0173 heraldika, sudaryta i\u0161 keli\u0173 klod\u0173. I\u0161 j\u0173 svarbiausia ir gausiausia senoji lietuvi\u0161koji linijin\u0117 heraldika, kol kas ma\u017eiausiai tyrin\u0117ta ir \u017einoma. Antr\u0105j\u012f didel\u012f klod\u0105 sudaro lenki\u0161ki herbai bei j\u0173 atmainos, \u0117m\u0119 plisti XV a. prad\u017eioje, ypa\u010d intensyviai po 1569 m. Liublino unijos. Tre\u010diajam klodui priklauso kit\u0173 Europos kra\u0161t\u0173 gyventoj\u0173, gavusi\u0173 Lietuvos pilietyb\u0119, Rusijos valdymo laikais \u012f Lietuv\u0105 atsik\u0117lusi\u0173 asmen\u0173, herbai. Tarp kilming\u0173j\u0173 gan\u0117tinai specifin\u0119 grup\u0119 sudaro totori\u0173 heraldika. Pirm\u0105 kart\u0105 istoriografijoje bandoma ap\u017evelgti Lietuvos vyskup\u0173, taip pat kapitul\u0173 herbus, svarbesni\u0173 vienuolij\u0173 naudotas emblemas. Senieji miest\u0173 herbai bei j\u0173 simbolika geriausiai \u017einomi. Knyga gausiai iliustruota retais arba Lietuvoje iki tol neskelbtais heraldikos \u0161altiniais, surinktais i\u0161 \u012fvairi\u0173 kra\u0161t\u0173 archyv\u0173.<\/p>\n<p>ISBN kodas: 9986-861-33-0<br \/>\nLeid\u0117jas: Baltos lankos<br \/>\nLeidimo metai: 1998<\/p>\n","protected":false},"excerpt":{"rendered":"<p>Lietuvos heraldika, nors pirmieji herbai atsirado tik XIV a. pabaigoje, nu\u0117jo sud\u0117ting\u0105 raidos keli\u0105, buvo paveikti polonizacijos, u\u017edrausti sovietin\u0117s vald\u017eios metais. Glaustoje sintez\u0117je aptariami bendriausieji Lietuvos herb\u0173 atsiradimo ir raidos bruo\u017eai, i\u0161skiriami lietuvi\u0161kosios heraldikos ypatumai. Med\u017eiaga d\u0117stoma pagal atskiras herb\u0173 grupes: valstyb\u0117s, \u017eemi\u0173, kilming\u0173j\u0173, ba\u017eny\u010dios, miest\u0173 ir miesteli\u0173 heraldika. Lietuvos valstyb\u0117s heraldik\u0105 reprezentuoja valstyb\u0117s herbas, Gediminai\u010di\u0173 stulpai, dvigubas kry\u017eius, valstyb\u0117s istorin\u0117 ir nacionalin\u0117 v\u0117liavos, Lietuvos Respublikos Prezidento \u0161tandartas, Lietuvos himnas, o tariam\u0105j\u012f sovietin\u012f valstybingum\u0105 \u2013 sovietin\u0117 simbolika. Svarbi\u0105 viet\u0105 valstyb\u0117s heraldikoje u\u017eima \u017eemi\u0173 herbai. Ypa\u010d sud\u0117tinga Lietuvos kilming\u0173j\u0173 heraldika, sudaryta i\u0161 keli\u0173 klod\u0173. I\u0161 j\u0173 svarbiausia ir gausiausia senoji lietuvi\u0161koji linijin\u0117 heraldika, kol kas ma\u017eiausiai tyrin\u0117ta ir \u017einoma. Antr\u0105j\u012f didel\u012f klod\u0105 sudaro lenki\u0161ki herbai bei j\u0173 atmainos, \u0117m\u0119 plisti XV a. prad\u017eioje, ypa\u010d intensyviai po 1569 m. Liublino unijos. Tre\u010diajam klodui priklauso kit\u0173 Europos kra\u0161t\u0173 gyventoj\u0173, gavusi\u0173 Lietuvos pilietyb\u0119, Rusijos valdymo laikais \u012f Lietuv\u0105 atsik\u0117lusi\u0173 asmen\u0173, herbai. Tarp kilming\u0173j\u0173 gan\u0117tinai specifin\u0119 grup\u0119 sudaro totori\u0173 heraldika. Pirm\u0105 kart\u0105 istoriografijoje bandoma ap\u017evelgti Lietuvos vyskup\u0173, taip pat kapitul\u0173 herbus, svarbesni\u0173 vienuolij\u0173 naudotas emblemas. Senieji miest\u0173 herbai bei j\u0173 simbolika geriausiai \u017einomi. Knyga gausiai iliustruota retais arba Lietuvoje iki tol neskelbtais heraldikos \u0161altiniais, surinktais i\u0161 \u012fvairi\u0173 kra\u0161t\u0173 archyv\u0173. ISBN kodas: 9986-861-33-0 Leid\u0117jas: Baltos lankos Leidimo metai: 1998<\/p>\n","protected":false},"featured_media":16706,"comment_status":"closed","ping_status":"closed","template":"","meta":{"_acf_changed":false,"site-sidebar-layout":"default","site-content-layout":"","ast-site-content-layout":"default","site-content-style":"default","site-sidebar-style":"default","ast-global-header-display":"","ast-banner-title-visibility":"","ast-main-header-display":"","ast-hfb-above-header-display":"","ast-hfb-below-header-display":"","ast-hfb-mobile-header-display":"","site-post-title":"","ast-breadcrumbs-content":"","ast-featured-img":"","footer-sml-layout":"","ast-disable-related-posts":"","theme-transparent-header-meta":"default","adv-header-id-meta":"","stick-header-meta":"","header-above-stick-meta":"","header-main-stick-meta":"","header-below-stick-meta":"","astra-migrate-meta-layouts":"set","ast-page-background-enabled":"default","ast-page-background-meta":{"desktop":{"background-color":"","background-image":"","background-repeat":"repeat","background-position":"center center","background-size":"auto","background-attachment":"scroll","background-type":"","background-media":"","overlay-type":"","overlay-color":"","overlay-opacity":"","overlay-gradient":""},"tablet":{"background-color":"","background-image":"","background-repeat":"repeat","background-position":"center center","background-size":"auto","background-attachment":"scroll","background-type":"","background-media":"","overlay-type":"","overlay-color":"","overlay-opacity":"","overlay-gradient":""},"mobile":{"background-color":"","background-image":"","background-repeat":"repeat","background-position":"center center","background-size":"auto","background-attachment":"scroll","background-type":"","background-media":"","overlay-type":"","overlay-color":"","overlay-opacity":"","overlay-gradient":""}},"ast-content-background-meta":{"desktop":{"background-color":"var(--ast-global-color-4)","background-image":"","background-repeat":"repeat","background-position":"center center","background-size":"auto","background-attachment":"scroll","background-type":"","background-media":"","overlay-type":"","overlay-color":"","overlay-opacity":"","overlay-gradient":""},"tablet":{"background-color":"var(--ast-global-color-4)","background-image":"","background-repeat":"repeat","background-position":"center center","background-size":"auto","background-attachment":"scroll","background-type":"","background-media":"","overlay-type":"","overlay-color":"","overlay-opacity":"","overlay-gradient":""},"mobile":{"background-color":"var(--ast-global-color-4)","background-image":"","background-repeat":"repeat","background-position":"center center","background-size":"auto","background-attachment":"scroll","background-type":"","background-media":"","overlay-type":"","overlay-color":"","overlay-opacity":"","overlay-gradient":""}}},"product_brand":[],"product_cat":[9862,174],"product_tag":[],"class_list":{"0":"post-16705","1":"product","2":"type-product","3":"status-publish","4":"has-post-thumbnail","6":"product_cat-lietuvos-istorija","7":"product_cat-istorija-ir-politologija","8":"desktop-align-left","9":"tablet-align-left","10":"mobile-align-left","12":"first","13":"outofstock","14":"shipping-taxable","15":"purchasable","16":"product-type-simple"},"acf":[],"yoast_head":"<!-- This site is optimized with the Yoast SEO plugin v27.0 - https:\/\/yoast.com\/product\/yoast-seo-wordpress\/ -->\n<title>Lietuvos heraldika. 1 dalis<\/title>\n<meta name=\"description\" content=\"Lietuvos heraldika, nors pirmieji herbai atsirado tik XIV a. pabaigoje, nu\u0117jo sud\u0117ting\u0105 raidos keli\u0105, buvo paveikti polonizacijos, u\u017edrausti sovietin\u0117s\" \/>\n<meta name=\"robots\" content=\"index, follow, max-snippet:-1, max-image-preview:large, max-video-preview:-1\" \/>\n<link rel=\"canonical\" href=\"https:\/\/skaitytaknyga.lt\/en\/produktas\/lietuvos-heraldika-1-dalis\/\" \/>\n<meta property=\"og:locale\" content=\"en_GB\" \/>\n<meta property=\"og:locale:alternate\" content=\"lt_LT\" \/>\n<meta property=\"og:type\" content=\"article\" \/>\n<meta property=\"og:title\" content=\"Lietuvos heraldika. 1 dalis\" \/>\n<meta property=\"og:description\" content=\"Lietuvos heraldika, nors pirmieji herbai atsirado tik XIV a. pabaigoje, nu\u0117jo sud\u0117ting\u0105 raidos keli\u0105, buvo paveikti polonizacijos, u\u017edrausti sovietin\u0117s\" \/>\n<meta property=\"og:url\" content=\"https:\/\/skaitytaknyga.lt\/en\/produktas\/lietuvos-heraldika-1-dalis\/\" \/>\n<meta property=\"og:site_name\" content=\"Skaitytaknyga\" \/>\n<meta property=\"article:publisher\" content=\"https:\/\/www.facebook.com\/skaitytaknyga\/\" \/>\n<meta property=\"article:modified_time\" content=\"2026-03-18T12:59:49+00:00\" \/>\n<meta property=\"og:image\" content=\"https:\/\/skaitytaknyga.lt\/wp-content\/uploads\/2025\/02\/Lietuvos-heraldika.-1-dalis.webp\" \/>\n\t<meta property=\"og:image:width\" content=\"500\" \/>\n\t<meta property=\"og:image:height\" content=\"800\" \/>\n\t<meta property=\"og:image:type\" content=\"image\/webp\" \/>\n<meta name=\"twitter:card\" content=\"summary_large_image\" \/>\n<meta name=\"twitter:label1\" content=\"Estimated reading time\" \/>\n\t<meta name=\"twitter:data1\" content=\"2 minutes\" \/>\n<script type=\"application\/ld+json\" class=\"yoast-schema-graph\">{\"@context\":\"https:\/\/schema.org\",\"@graph\":[{\"@type\":\"WebPage\",\"@id\":\"https:\/\/skaitytaknyga.lt\/produktas\/lietuvos-heraldika-1-dalis\/\",\"url\":\"https:\/\/skaitytaknyga.lt\/produktas\/lietuvos-heraldika-1-dalis\/\",\"name\":\"Lietuvos heraldika. 1 dalis\",\"isPartOf\":{\"@id\":\"https:\/\/skaitytaknyga.lt\/#website\"},\"primaryImageOfPage\":{\"@id\":\"https:\/\/skaitytaknyga.lt\/produktas\/lietuvos-heraldika-1-dalis\/#primaryimage\"},\"image\":{\"@id\":\"https:\/\/skaitytaknyga.lt\/produktas\/lietuvos-heraldika-1-dalis\/#primaryimage\"},\"thumbnailUrl\":\"https:\/\/skaitytaknyga.lt\/wp-content\/uploads\/2025\/02\/Lietuvos-heraldika.-1-dalis.webp\",\"datePublished\":\"2025-02-06T09:36:15+00:00\",\"dateModified\":\"2026-03-18T12:59:49+00:00\",\"description\":\"Lietuvos heraldika, nors pirmieji herbai atsirado tik XIV a. pabaigoje, nu\u0117jo sud\u0117ting\u0105 raidos keli\u0105, buvo paveikti polonizacijos, u\u017edrausti sovietin\u0117s\",\"breadcrumb\":{\"@id\":\"https:\/\/skaitytaknyga.lt\/produktas\/lietuvos-heraldika-1-dalis\/#breadcrumb\"},\"inLanguage\":\"en-GB\",\"potentialAction\":[{\"@type\":\"ReadAction\",\"target\":[\"https:\/\/skaitytaknyga.lt\/produktas\/lietuvos-heraldika-1-dalis\/\"]}]},{\"@type\":\"ImageObject\",\"inLanguage\":\"en-GB\",\"@id\":\"https:\/\/skaitytaknyga.lt\/produktas\/lietuvos-heraldika-1-dalis\/#primaryimage\",\"url\":\"https:\/\/skaitytaknyga.lt\/wp-content\/uploads\/2025\/02\/Lietuvos-heraldika.-1-dalis.webp\",\"contentUrl\":\"https:\/\/skaitytaknyga.lt\/wp-content\/uploads\/2025\/02\/Lietuvos-heraldika.-1-dalis.webp\",\"width\":500,\"height\":800,\"caption\":\"Lietuvos heraldika. 1 dalis\"},{\"@type\":\"BreadcrumbList\",\"@id\":\"https:\/\/skaitytaknyga.lt\/produktas\/lietuvos-heraldika-1-dalis\/#breadcrumb\",\"itemListElement\":[{\"@type\":\"ListItem\",\"position\":1,\"name\":\"Home\",\"item\":\"https:\/\/skaitytaknyga.lt\/\"},{\"@type\":\"ListItem\",\"position\":2,\"name\":\"Parduotuv\u0117\",\"item\":\"https:\/\/skaitytaknyga.lt\/knygu-parduotuve\/\"},{\"@type\":\"ListItem\",\"position\":3,\"name\":\"Lietuvos heraldika. 1 dalis\"}]},{\"@type\":\"WebSite\",\"@id\":\"https:\/\/skaitytaknyga.lt\/#website\",\"url\":\"https:\/\/skaitytaknyga.lt\/\",\"name\":\"skaitytaknyga.lt\",\"description\":\"Skaitytaknyga.lt \u2013 tai ma\u017eas \u0161eimos verslas, kuris prasid\u0117jo nuo meil\u0117s knygoms ir siekio i\u0161gelb\u0117ti knygas nuo likimo prie konteinerio. Kas vienam nereikalingas daiktas \u2013 kitam lobis, o mes esame tarpininkai, kurie padeda abiems tapti laimingesniems ???? \u017dinome kaip nelengva i\u0161gyventi ma\u017eiems verslams, tad nuo \u0161iol, \u010dia rasite ir kit\u0173, ma\u017e\u0173 \u0161eim\u0173 versl\u0173, rank\u0173 darbo, dovan\u0173 sau ir artimiesiems.\",\"publisher\":{\"@id\":\"https:\/\/skaitytaknyga.lt\/#organization\"},\"potentialAction\":[{\"@type\":\"SearchAction\",\"target\":{\"@type\":\"EntryPoint\",\"urlTemplate\":\"https:\/\/skaitytaknyga.lt\/?s={search_term_string}\"},\"query-input\":{\"@type\":\"PropertyValueSpecification\",\"valueRequired\":true,\"valueName\":\"search_term_string\"}}],\"inLanguage\":\"en-GB\"},{\"@type\":\"Organization\",\"@id\":\"https:\/\/skaitytaknyga.lt\/#organization\",\"name\":\"skaitytaknyga.lt\",\"url\":\"https:\/\/skaitytaknyga.lt\/\",\"logo\":{\"@type\":\"ImageObject\",\"inLanguage\":\"en-GB\",\"@id\":\"https:\/\/skaitytaknyga.lt\/#\/schema\/logo\/image\/\",\"url\":\"https:\/\/skaitytaknyga.lt\/wp-content\/uploads\/2024\/05\/cropped-cropped-cropped-02_00843_jt3bggkj1j3HLc7SyY6rEUpg.jpeg\",\"contentUrl\":\"https:\/\/skaitytaknyga.lt\/wp-content\/uploads\/2024\/05\/cropped-cropped-cropped-02_00843_jt3bggkj1j3HLc7SyY6rEUpg.jpeg\",\"width\":1600,\"height\":1600,\"caption\":\"skaitytaknyga.lt\"},\"image\":{\"@id\":\"https:\/\/skaitytaknyga.lt\/#\/schema\/logo\/image\/\"},\"sameAs\":[\"https:\/\/www.facebook.com\/skaitytaknyga\/\"]}]}<\/script>\n<!-- \/ Yoast SEO plugin. -->","yoast_head_json":{"title":"Lietuvos heraldika. 1 dalis","description":"Lietuvos heraldika, nors pirmieji herbai atsirado tik XIV a. pabaigoje, nu\u0117jo sud\u0117ting\u0105 raidos keli\u0105, buvo paveikti polonizacijos, u\u017edrausti sovietin\u0117s","robots":{"index":"index","follow":"follow","max-snippet":"max-snippet:-1","max-image-preview":"max-image-preview:large","max-video-preview":"max-video-preview:-1"},"canonical":"https:\/\/skaitytaknyga.lt\/en\/produktas\/lietuvos-heraldika-1-dalis\/","og_locale":"en_GB","og_type":"article","og_title":"[:lt]Lietuvos heraldika. 1 dalis[:] - Skaitytaknyga","og_description":"Lietuvos heraldika, nors pirmieji herbai atsirado tik XIV a. pabaigoje, nu\u0117jo sud\u0117ting\u0105 raidos keli\u0105, buvo paveikti polonizacijos, u\u017edrausti sovietin\u0117s","og_url":"https:\/\/skaitytaknyga.lt\/en\/produktas\/lietuvos-heraldika-1-dalis\/","og_site_name":"Skaitytaknyga","article_publisher":"https:\/\/www.facebook.com\/skaitytaknyga\/","article_modified_time":"2026-03-18T12:59:49+00:00","og_image":[{"width":500,"height":800,"url":"https:\/\/skaitytaknyga.lt\/wp-content\/uploads\/2025\/02\/Lietuvos-heraldika.-1-dalis.webp","type":"image\/webp"}],"twitter_card":"summary_large_image","twitter_misc":{"Estimated reading time":"2 minutes"},"schema":{"@context":"https:\/\/schema.org","@graph":[{"@type":"WebPage","@id":"https:\/\/skaitytaknyga.lt\/produktas\/lietuvos-heraldika-1-dalis\/","url":"https:\/\/skaitytaknyga.lt\/produktas\/lietuvos-heraldika-1-dalis\/","name":"Lietuvos heraldika. 1 dalis","isPartOf":{"@id":"https:\/\/skaitytaknyga.lt\/#website"},"primaryImageOfPage":{"@id":"https:\/\/skaitytaknyga.lt\/produktas\/lietuvos-heraldika-1-dalis\/#primaryimage"},"image":{"@id":"https:\/\/skaitytaknyga.lt\/produktas\/lietuvos-heraldika-1-dalis\/#primaryimage"},"thumbnailUrl":"https:\/\/skaitytaknyga.lt\/wp-content\/uploads\/2025\/02\/Lietuvos-heraldika.-1-dalis.webp","datePublished":"2025-02-06T09:36:15+00:00","dateModified":"2026-03-18T12:59:49+00:00","description":"Lietuvos heraldika, nors pirmieji herbai atsirado tik XIV a. pabaigoje, nu\u0117jo sud\u0117ting\u0105 raidos keli\u0105, buvo paveikti polonizacijos, u\u017edrausti sovietin\u0117s","breadcrumb":{"@id":"https:\/\/skaitytaknyga.lt\/produktas\/lietuvos-heraldika-1-dalis\/#breadcrumb"},"inLanguage":"en-GB","potentialAction":[{"@type":"ReadAction","target":["https:\/\/skaitytaknyga.lt\/produktas\/lietuvos-heraldika-1-dalis\/"]}]},{"@type":"ImageObject","inLanguage":"en-GB","@id":"https:\/\/skaitytaknyga.lt\/produktas\/lietuvos-heraldika-1-dalis\/#primaryimage","url":"https:\/\/skaitytaknyga.lt\/wp-content\/uploads\/2025\/02\/Lietuvos-heraldika.-1-dalis.webp","contentUrl":"https:\/\/skaitytaknyga.lt\/wp-content\/uploads\/2025\/02\/Lietuvos-heraldika.-1-dalis.webp","width":500,"height":800,"caption":"Lietuvos heraldika. 1 dalis"},{"@type":"BreadcrumbList","@id":"https:\/\/skaitytaknyga.lt\/produktas\/lietuvos-heraldika-1-dalis\/#breadcrumb","itemListElement":[{"@type":"ListItem","position":1,"name":"Home","item":"https:\/\/skaitytaknyga.lt\/"},{"@type":"ListItem","position":2,"name":"Parduotuv\u0117","item":"https:\/\/skaitytaknyga.lt\/knygu-parduotuve\/"},{"@type":"ListItem","position":3,"name":"Lietuvos heraldika. 1 dalis"}]},{"@type":"WebSite","@id":"https:\/\/skaitytaknyga.lt\/#website","url":"https:\/\/skaitytaknyga.lt\/","name":"skaitytaknyga.lt","description":"Skaitytaknyga.lt \u2013 tai ma\u017eas \u0161eimos verslas, kuris prasid\u0117jo nuo meil\u0117s knygoms ir siekio i\u0161gelb\u0117ti knygas nuo likimo prie konteinerio. Kas vienam nereikalingas daiktas \u2013 kitam lobis, o mes esame tarpininkai, kurie padeda abiems tapti laimingesniems ???? \u017dinome kaip nelengva i\u0161gyventi ma\u017eiems verslams, tad nuo \u0161iol, \u010dia rasite ir kit\u0173, ma\u017e\u0173 \u0161eim\u0173 versl\u0173, rank\u0173 darbo, dovan\u0173 sau ir artimiesiems.","publisher":{"@id":"https:\/\/skaitytaknyga.lt\/#organization"},"potentialAction":[{"@type":"SearchAction","target":{"@type":"EntryPoint","urlTemplate":"https:\/\/skaitytaknyga.lt\/?s={search_term_string}"},"query-input":{"@type":"PropertyValueSpecification","valueRequired":true,"valueName":"search_term_string"}}],"inLanguage":"en-GB"},{"@type":"Organization","@id":"https:\/\/skaitytaknyga.lt\/#organization","name":"skaitytaknyga.lt","url":"https:\/\/skaitytaknyga.lt\/","logo":{"@type":"ImageObject","inLanguage":"en-GB","@id":"https:\/\/skaitytaknyga.lt\/#\/schema\/logo\/image\/","url":"https:\/\/skaitytaknyga.lt\/wp-content\/uploads\/2024\/05\/cropped-cropped-cropped-02_00843_jt3bggkj1j3HLc7SyY6rEUpg.jpeg","contentUrl":"https:\/\/skaitytaknyga.lt\/wp-content\/uploads\/2024\/05\/cropped-cropped-cropped-02_00843_jt3bggkj1j3HLc7SyY6rEUpg.jpeg","width":1600,"height":1600,"caption":"skaitytaknyga.lt"},"image":{"@id":"https:\/\/skaitytaknyga.lt\/#\/schema\/logo\/image\/"},"sameAs":["https:\/\/www.facebook.com\/skaitytaknyga\/"]}]}},"_links":{"self":[{"href":"https:\/\/skaitytaknyga.lt\/en\/wp-json\/wp\/v2\/product\/16705","targetHints":{"allow":["GET"]}}],"collection":[{"href":"https:\/\/skaitytaknyga.lt\/en\/wp-json\/wp\/v2\/product"}],"about":[{"href":"https:\/\/skaitytaknyga.lt\/en\/wp-json\/wp\/v2\/types\/product"}],"replies":[{"embeddable":true,"href":"https:\/\/skaitytaknyga.lt\/en\/wp-json\/wp\/v2\/comments?post=16705"}],"wp:featuredmedia":[{"embeddable":true,"href":"https:\/\/skaitytaknyga.lt\/en\/wp-json\/wp\/v2\/media\/16706"}],"wp:attachment":[{"href":"https:\/\/skaitytaknyga.lt\/en\/wp-json\/wp\/v2\/media?parent=16705"}],"wp:term":[{"taxonomy":"product_brand","embeddable":true,"href":"https:\/\/skaitytaknyga.lt\/en\/wp-json\/wp\/v2\/product_brand?post=16705"},{"taxonomy":"product_cat","embeddable":true,"href":"https:\/\/skaitytaknyga.lt\/en\/wp-json\/wp\/v2\/product_cat?post=16705"},{"taxonomy":"product_tag","embeddable":true,"href":"https:\/\/skaitytaknyga.lt\/en\/wp-json\/wp\/v2\/product_tag?post=16705"}],"curies":[{"name":"wp","href":"https:\/\/api.w.org\/{rel}","templated":true}]}}