{"id":16703,"date":"2025-02-06T09:44:55","date_gmt":"2025-02-06T07:44:55","guid":{"rendered":"https:\/\/skaitytaknyga.lt\/?post_type=product&#038;p=16703"},"modified":"2025-05-15T08:53:27","modified_gmt":"2025-05-15T05:53:27","slug":"nenuobodaus-gyvenimo-mozaika","status":"publish","type":"product","link":"https:\/\/skaitytaknyga.lt\/en\/produktas\/nenuobodaus-gyvenimo-mozaika\/","title":{"rendered":"Nenuobodaus gyvenimo mozaika"},"content":{"rendered":"<p>Gana pasakyti\u00a0<strong>\u010cESLOVAS JUR\u0160\u0116NAS<\/strong>, ir tuoj prisiminsime jo nuveiktus darbus, pareigas, titulus, prisiminsime veid\u0105 i\u0161 TV ekran\u0173, paskaitas ir knygas.<\/p>\n<p>\u0160i knyga \u2013 \u017eymaus politiko ir \u017eurnalisto atsiminimai, \u012fsp\u016bd\u017eiai, apm\u0105stymai. Apr\u0117piantys biografij\u0105, dalyvavim\u0105 sprend\u017eiant Lietuvai svarbius reikalus, pie\u0161iantys gyvenimo ir veiklos kelyje sutiktus \u017emones. Pasakojimai gyvi, nuotaikingi, ironi\u0161ki, autoironi\u0161ki ir kartu \u2013 fiksuojantys \u012fvyki\u0173 tikrum\u0105. Liudijimai i\u0161liekamosios vert\u0117s.<\/p>\n<p>Skaitydami nenuobod\u017eiausime.<\/p>\n<p>\u201eStov\u0117jo prie\u0161 tankus, o nepastovi prie\u0161 Jur\u0161\u0117n\u0105.&#8221; \u2013\u00a0Vytautas Landsbergis<\/p>\n<ul class=\"about-product d-none d-xl-block mt-4\">\n<li><strong>Autorius:<\/strong>\u00a0\u010ceslovas Jur\u0161\u0117nas<\/li>\n<li><strong>Leid\u0117jas:<\/strong>\u00a0Lietuvos ra\u0161ytoj\u0173 s\u0105jungos leidykla<\/li>\n<li><strong>Metai:<\/strong>\u00a02023<\/li>\n<li><strong>Puslapiai:<\/strong>\u00a0288<\/li>\n<li class=\"toggleable type-new-formats \"><strong>ISBN:<\/strong>\u00a09786094803666<\/li>\n<li class=\"toggleable type-new-formats \"><strong>Formatas:<\/strong>\u00a015,4 x 23 x 2,3 cm, kieti vir\u0161eliai<\/li>\n<li><strong>Kalba:<\/strong>\u00a0Lietuvi\u0173<\/li>\n<\/ul>\n","protected":false},"excerpt":{"rendered":"<p>Gana pasakyti\u00a0\u010cESLOVAS JUR\u0160\u0116NAS, ir tuoj prisiminsime jo nuveiktus darbus, pareigas, titulus, prisiminsime veid\u0105 i\u0161 TV ekran\u0173, paskaitas ir knygas. \u0160i knyga \u2013 \u017eymaus politiko ir \u017eurnalisto atsiminimai, \u012fsp\u016bd\u017eiai, apm\u0105stymai. Apr\u0117piantys biografij\u0105, dalyvavim\u0105 sprend\u017eiant Lietuvai svarbius reikalus, pie\u0161iantys gyvenimo ir veiklos kelyje sutiktus \u017emones. Pasakojimai gyvi, nuotaikingi, ironi\u0161ki, autoironi\u0161ki ir kartu \u2013 fiksuojantys \u012fvyki\u0173 tikrum\u0105. Liudijimai i\u0161liekamosios vert\u0117s. Skaitydami nenuobod\u017eiausime. \u201eStov\u0117jo prie\u0161 tankus, o nepastovi prie\u0161 Jur\u0161\u0117n\u0105.&#8221; \u2013\u00a0Vytautas Landsbergis Autorius:\u00a0\u010ceslovas Jur\u0161\u0117nas Leid\u0117jas:\u00a0Lietuvos ra\u0161ytoj\u0173 s\u0105jungos leidykla Metai:\u00a02023 Puslapiai:\u00a0288 ISBN:\u00a09786094803666 Formatas:\u00a015,4 x 23 x 2,3 cm, kieti vir\u0161eliai Kalba:\u00a0Lietuvi\u0173<\/p>\n","protected":false},"featured_media":16704,"comment_status":"closed","ping_status":"closed","template":"","meta":{"_acf_changed":false,"site-sidebar-layout":"default","site-content-layout":"","ast-site-content-layout":"default","site-content-style":"default","site-sidebar-style":"default","ast-global-header-display":"","ast-banner-title-visibility":"","ast-main-header-display":"","ast-hfb-above-header-display":"","ast-hfb-below-header-display":"","ast-hfb-mobile-header-display":"","site-post-title":"","ast-breadcrumbs-content":"","ast-featured-img":"","footer-sml-layout":"","ast-disable-related-posts":"","theme-transparent-header-meta":"default","adv-header-id-meta":"","stick-header-meta":"","header-above-stick-meta":"","header-main-stick-meta":"","header-below-stick-meta":"","astra-migrate-meta-layouts":"set","ast-page-background-enabled":"default","ast-page-background-meta":{"desktop":{"background-color":"","background-image":"","background-repeat":"repeat","background-position":"center center","background-size":"auto","background-attachment":"scroll","background-type":"","background-media":"","overlay-type":"","overlay-color":"","overlay-opacity":"","overlay-gradient":""},"tablet":{"background-color":"","background-image":"","background-repeat":"repeat","background-position":"center center","background-size":"auto","background-attachment":"scroll","background-type":"","background-media":"","overlay-type":"","overlay-color":"","overlay-opacity":"","overlay-gradient":""},"mobile":{"background-color":"","background-image":"","background-repeat":"repeat","background-position":"center center","background-size":"auto","background-attachment":"scroll","background-type":"","background-media":"","overlay-type":"","overlay-color":"","overlay-opacity":"","overlay-gradient":""}},"ast-content-background-meta":{"desktop":{"background-color":"var(--ast-global-color-4)","background-image":"","background-repeat":"repeat","background-position":"center center","background-size":"auto","background-attachment":"scroll","background-type":"","background-media":"","overlay-type":"","overlay-color":"","overlay-opacity":"","overlay-gradient":""},"tablet":{"background-color":"var(--ast-global-color-4)","background-image":"","background-repeat":"repeat","background-position":"center center","background-size":"auto","background-attachment":"scroll","background-type":"","background-media":"","overlay-type":"","overlay-color":"","overlay-opacity":"","overlay-gradient":""},"mobile":{"background-color":"var(--ast-global-color-4)","background-image":"","background-repeat":"repeat","background-position":"center center","background-size":"auto","background-attachment":"scroll","background-type":"","background-media":"","overlay-type":"","overlay-color":"","overlay-opacity":"","overlay-gradient":""}}},"product_brand":[],"product_cat":[33],"product_tag":[1349,2692,2690,2224,2691,2624],"class_list":{"0":"post-16703","1":"product","2":"type-product","3":"status-publish","4":"has-post-thumbnail","6":"product_cat-biografijos","7":"product_tag-atsiminimai","8":"product_tag-autobiografija","9":"product_tag-ceslovas-jursenas","10":"product_tag-istorija","11":"product_tag-lietuvos-politika","12":"product_tag-zurnalistika","13":"desktop-align-left","14":"tablet-align-left","15":"mobile-align-left","17":"first","18":"outofstock","19":"shipping-taxable","20":"purchasable","21":"product-type-simple"},"acf":[],"yoast_head":"<!-- This site is optimized with the Yoast SEO plugin v27.0 - https:\/\/yoast.com\/product\/yoast-seo-wordpress\/ -->\n<title>Nenuobodaus gyvenimo mozaika<\/title>\n<meta name=\"description\" content=\"Gana pasakyti\u00a0\u010cESLOVAS JUR\u0160\u0116NAS, ir tuoj prisiminsime jo nuveiktus darbus, pareigas, titulus, prisiminsime veid\u0105 i\u0161 TV ekran\u0173, paskaitas ir knygas. \u0160i\" \/>\n<meta name=\"robots\" content=\"index, follow, max-snippet:-1, max-image-preview:large, max-video-preview:-1\" \/>\n<link rel=\"canonical\" href=\"https:\/\/skaitytaknyga.lt\/en\/produktas\/nenuobodaus-gyvenimo-mozaika\/\" \/>\n<meta property=\"og:locale\" content=\"en_GB\" \/>\n<meta property=\"og:locale:alternate\" content=\"lt_LT\" \/>\n<meta property=\"og:type\" content=\"article\" \/>\n<meta property=\"og:title\" content=\"Nenuobodaus gyvenimo mozaika\" \/>\n<meta property=\"og:description\" content=\"Gana pasakyti\u00a0\u010cESLOVAS JUR\u0160\u0116NAS, ir tuoj prisiminsime jo nuveiktus darbus, pareigas, titulus, prisiminsime veid\u0105 i\u0161 TV ekran\u0173, paskaitas ir knygas. \u0160i\" \/>\n<meta property=\"og:url\" content=\"https:\/\/skaitytaknyga.lt\/en\/produktas\/nenuobodaus-gyvenimo-mozaika\/\" \/>\n<meta property=\"og:site_name\" content=\"Skaitytaknyga\" \/>\n<meta property=\"article:publisher\" content=\"https:\/\/www.facebook.com\/skaitytaknyga\/\" \/>\n<meta property=\"article:modified_time\" content=\"2025-05-15T05:53:27+00:00\" \/>\n<meta property=\"og:image\" content=\"https:\/\/skaitytaknyga.lt\/wp-content\/uploads\/2025\/02\/Nenuobodaus-gyvenimo-mozaika.webp\" \/>\n\t<meta property=\"og:image:width\" content=\"540\" \/>\n\t<meta property=\"og:image:height\" content=\"799\" \/>\n\t<meta property=\"og:image:type\" content=\"image\/webp\" \/>\n<meta name=\"twitter:card\" content=\"summary_large_image\" \/>\n<meta name=\"twitter:label1\" content=\"Estimated reading time\" \/>\n\t<meta name=\"twitter:data1\" content=\"1 minute\" \/>\n<script type=\"application\/ld+json\" class=\"yoast-schema-graph\">{\"@context\":\"https:\/\/schema.org\",\"@graph\":[{\"@type\":\"WebPage\",\"@id\":\"https:\/\/skaitytaknyga.lt\/produktas\/nenuobodaus-gyvenimo-mozaika\/\",\"url\":\"https:\/\/skaitytaknyga.lt\/produktas\/nenuobodaus-gyvenimo-mozaika\/\",\"name\":\"Nenuobodaus gyvenimo mozaika\",\"isPartOf\":{\"@id\":\"https:\/\/skaitytaknyga.lt\/#website\"},\"primaryImageOfPage\":{\"@id\":\"https:\/\/skaitytaknyga.lt\/produktas\/nenuobodaus-gyvenimo-mozaika\/#primaryimage\"},\"image\":{\"@id\":\"https:\/\/skaitytaknyga.lt\/produktas\/nenuobodaus-gyvenimo-mozaika\/#primaryimage\"},\"thumbnailUrl\":\"https:\/\/skaitytaknyga.lt\/wp-content\/uploads\/2025\/02\/Nenuobodaus-gyvenimo-mozaika.webp\",\"datePublished\":\"2025-02-06T07:44:55+00:00\",\"dateModified\":\"2025-05-15T05:53:27+00:00\",\"description\":\"Gana pasakyti\u00a0\u010cESLOVAS JUR\u0160\u0116NAS, ir tuoj prisiminsime jo nuveiktus darbus, pareigas, titulus, prisiminsime veid\u0105 i\u0161 TV ekran\u0173, paskaitas ir knygas. \u0160i\",\"breadcrumb\":{\"@id\":\"https:\/\/skaitytaknyga.lt\/produktas\/nenuobodaus-gyvenimo-mozaika\/#breadcrumb\"},\"inLanguage\":\"en-GB\",\"potentialAction\":[{\"@type\":\"ReadAction\",\"target\":[\"https:\/\/skaitytaknyga.lt\/produktas\/nenuobodaus-gyvenimo-mozaika\/\"]}]},{\"@type\":\"ImageObject\",\"inLanguage\":\"en-GB\",\"@id\":\"https:\/\/skaitytaknyga.lt\/produktas\/nenuobodaus-gyvenimo-mozaika\/#primaryimage\",\"url\":\"https:\/\/skaitytaknyga.lt\/wp-content\/uploads\/2025\/02\/Nenuobodaus-gyvenimo-mozaika.webp\",\"contentUrl\":\"https:\/\/skaitytaknyga.lt\/wp-content\/uploads\/2025\/02\/Nenuobodaus-gyvenimo-mozaika.webp\",\"width\":540,\"height\":799,\"caption\":\"Nenuobodaus gyvenimo mozaika\"},{\"@type\":\"BreadcrumbList\",\"@id\":\"https:\/\/skaitytaknyga.lt\/produktas\/nenuobodaus-gyvenimo-mozaika\/#breadcrumb\",\"itemListElement\":[{\"@type\":\"ListItem\",\"position\":1,\"name\":\"Home\",\"item\":\"https:\/\/skaitytaknyga.lt\/\"},{\"@type\":\"ListItem\",\"position\":2,\"name\":\"Parduotuv\u0117\",\"item\":\"https:\/\/skaitytaknyga.lt\/knygu-parduotuve\/\"},{\"@type\":\"ListItem\",\"position\":3,\"name\":\"Nenuobodaus gyvenimo mozaika\"}]},{\"@type\":\"WebSite\",\"@id\":\"https:\/\/skaitytaknyga.lt\/#website\",\"url\":\"https:\/\/skaitytaknyga.lt\/\",\"name\":\"skaitytaknyga.lt\",\"description\":\"Skaitytaknyga.lt \u2013 tai ma\u017eas \u0161eimos verslas, kuris prasid\u0117jo nuo meil\u0117s knygoms ir siekio i\u0161gelb\u0117ti knygas nuo likimo prie konteinerio. Kas vienam nereikalingas daiktas \u2013 kitam lobis, o mes esame tarpininkai, kurie padeda abiems tapti laimingesniems ???? \u017dinome kaip nelengva i\u0161gyventi ma\u017eiems verslams, tad nuo \u0161iol, \u010dia rasite ir kit\u0173, ma\u017e\u0173 \u0161eim\u0173 versl\u0173, rank\u0173 darbo, dovan\u0173 sau ir artimiesiems.\",\"publisher\":{\"@id\":\"https:\/\/skaitytaknyga.lt\/#organization\"},\"potentialAction\":[{\"@type\":\"SearchAction\",\"target\":{\"@type\":\"EntryPoint\",\"urlTemplate\":\"https:\/\/skaitytaknyga.lt\/?s={search_term_string}\"},\"query-input\":{\"@type\":\"PropertyValueSpecification\",\"valueRequired\":true,\"valueName\":\"search_term_string\"}}],\"inLanguage\":\"en-GB\"},{\"@type\":\"Organization\",\"@id\":\"https:\/\/skaitytaknyga.lt\/#organization\",\"name\":\"skaitytaknyga.lt\",\"url\":\"https:\/\/skaitytaknyga.lt\/\",\"logo\":{\"@type\":\"ImageObject\",\"inLanguage\":\"en-GB\",\"@id\":\"https:\/\/skaitytaknyga.lt\/#\/schema\/logo\/image\/\",\"url\":\"https:\/\/skaitytaknyga.lt\/wp-content\/uploads\/2024\/05\/cropped-cropped-cropped-02_00843_jt3bggkj1j3HLc7SyY6rEUpg.jpeg\",\"contentUrl\":\"https:\/\/skaitytaknyga.lt\/wp-content\/uploads\/2024\/05\/cropped-cropped-cropped-02_00843_jt3bggkj1j3HLc7SyY6rEUpg.jpeg\",\"width\":1600,\"height\":1600,\"caption\":\"skaitytaknyga.lt\"},\"image\":{\"@id\":\"https:\/\/skaitytaknyga.lt\/#\/schema\/logo\/image\/\"},\"sameAs\":[\"https:\/\/www.facebook.com\/skaitytaknyga\/\"]}]}<\/script>\n<!-- \/ Yoast SEO plugin. -->","yoast_head_json":{"title":"Nenuobodaus gyvenimo mozaika","description":"Gana pasakyti\u00a0\u010cESLOVAS JUR\u0160\u0116NAS, ir tuoj prisiminsime jo nuveiktus darbus, pareigas, titulus, prisiminsime veid\u0105 i\u0161 TV ekran\u0173, paskaitas ir knygas. \u0160i","robots":{"index":"index","follow":"follow","max-snippet":"max-snippet:-1","max-image-preview":"max-image-preview:large","max-video-preview":"max-video-preview:-1"},"canonical":"https:\/\/skaitytaknyga.lt\/en\/produktas\/nenuobodaus-gyvenimo-mozaika\/","og_locale":"en_GB","og_type":"article","og_title":"[:lt]Nenuobodaus gyvenimo mozaika[:] - Skaitytaknyga","og_description":"Gana pasakyti\u00a0\u010cESLOVAS JUR\u0160\u0116NAS, ir tuoj prisiminsime jo nuveiktus darbus, pareigas, titulus, prisiminsime veid\u0105 i\u0161 TV ekran\u0173, paskaitas ir knygas. \u0160i","og_url":"https:\/\/skaitytaknyga.lt\/en\/produktas\/nenuobodaus-gyvenimo-mozaika\/","og_site_name":"Skaitytaknyga","article_publisher":"https:\/\/www.facebook.com\/skaitytaknyga\/","article_modified_time":"2025-05-15T05:53:27+00:00","og_image":[{"width":540,"height":799,"url":"https:\/\/skaitytaknyga.lt\/wp-content\/uploads\/2025\/02\/Nenuobodaus-gyvenimo-mozaika.webp","type":"image\/webp"}],"twitter_card":"summary_large_image","twitter_misc":{"Estimated reading time":"1 minute"},"schema":{"@context":"https:\/\/schema.org","@graph":[{"@type":"WebPage","@id":"https:\/\/skaitytaknyga.lt\/produktas\/nenuobodaus-gyvenimo-mozaika\/","url":"https:\/\/skaitytaknyga.lt\/produktas\/nenuobodaus-gyvenimo-mozaika\/","name":"Nenuobodaus gyvenimo mozaika","isPartOf":{"@id":"https:\/\/skaitytaknyga.lt\/#website"},"primaryImageOfPage":{"@id":"https:\/\/skaitytaknyga.lt\/produktas\/nenuobodaus-gyvenimo-mozaika\/#primaryimage"},"image":{"@id":"https:\/\/skaitytaknyga.lt\/produktas\/nenuobodaus-gyvenimo-mozaika\/#primaryimage"},"thumbnailUrl":"https:\/\/skaitytaknyga.lt\/wp-content\/uploads\/2025\/02\/Nenuobodaus-gyvenimo-mozaika.webp","datePublished":"2025-02-06T07:44:55+00:00","dateModified":"2025-05-15T05:53:27+00:00","description":"Gana pasakyti\u00a0\u010cESLOVAS JUR\u0160\u0116NAS, ir tuoj prisiminsime jo nuveiktus darbus, pareigas, titulus, prisiminsime veid\u0105 i\u0161 TV ekran\u0173, paskaitas ir knygas. \u0160i","breadcrumb":{"@id":"https:\/\/skaitytaknyga.lt\/produktas\/nenuobodaus-gyvenimo-mozaika\/#breadcrumb"},"inLanguage":"en-GB","potentialAction":[{"@type":"ReadAction","target":["https:\/\/skaitytaknyga.lt\/produktas\/nenuobodaus-gyvenimo-mozaika\/"]}]},{"@type":"ImageObject","inLanguage":"en-GB","@id":"https:\/\/skaitytaknyga.lt\/produktas\/nenuobodaus-gyvenimo-mozaika\/#primaryimage","url":"https:\/\/skaitytaknyga.lt\/wp-content\/uploads\/2025\/02\/Nenuobodaus-gyvenimo-mozaika.webp","contentUrl":"https:\/\/skaitytaknyga.lt\/wp-content\/uploads\/2025\/02\/Nenuobodaus-gyvenimo-mozaika.webp","width":540,"height":799,"caption":"Nenuobodaus gyvenimo mozaika"},{"@type":"BreadcrumbList","@id":"https:\/\/skaitytaknyga.lt\/produktas\/nenuobodaus-gyvenimo-mozaika\/#breadcrumb","itemListElement":[{"@type":"ListItem","position":1,"name":"Home","item":"https:\/\/skaitytaknyga.lt\/"},{"@type":"ListItem","position":2,"name":"Parduotuv\u0117","item":"https:\/\/skaitytaknyga.lt\/knygu-parduotuve\/"},{"@type":"ListItem","position":3,"name":"Nenuobodaus gyvenimo mozaika"}]},{"@type":"WebSite","@id":"https:\/\/skaitytaknyga.lt\/#website","url":"https:\/\/skaitytaknyga.lt\/","name":"skaitytaknyga.lt","description":"Skaitytaknyga.lt \u2013 tai ma\u017eas \u0161eimos verslas, kuris prasid\u0117jo nuo meil\u0117s knygoms ir siekio i\u0161gelb\u0117ti knygas nuo likimo prie konteinerio. Kas vienam nereikalingas daiktas \u2013 kitam lobis, o mes esame tarpininkai, kurie padeda abiems tapti laimingesniems ???? \u017dinome kaip nelengva i\u0161gyventi ma\u017eiems verslams, tad nuo \u0161iol, \u010dia rasite ir kit\u0173, ma\u017e\u0173 \u0161eim\u0173 versl\u0173, rank\u0173 darbo, dovan\u0173 sau ir artimiesiems.","publisher":{"@id":"https:\/\/skaitytaknyga.lt\/#organization"},"potentialAction":[{"@type":"SearchAction","target":{"@type":"EntryPoint","urlTemplate":"https:\/\/skaitytaknyga.lt\/?s={search_term_string}"},"query-input":{"@type":"PropertyValueSpecification","valueRequired":true,"valueName":"search_term_string"}}],"inLanguage":"en-GB"},{"@type":"Organization","@id":"https:\/\/skaitytaknyga.lt\/#organization","name":"skaitytaknyga.lt","url":"https:\/\/skaitytaknyga.lt\/","logo":{"@type":"ImageObject","inLanguage":"en-GB","@id":"https:\/\/skaitytaknyga.lt\/#\/schema\/logo\/image\/","url":"https:\/\/skaitytaknyga.lt\/wp-content\/uploads\/2024\/05\/cropped-cropped-cropped-02_00843_jt3bggkj1j3HLc7SyY6rEUpg.jpeg","contentUrl":"https:\/\/skaitytaknyga.lt\/wp-content\/uploads\/2024\/05\/cropped-cropped-cropped-02_00843_jt3bggkj1j3HLc7SyY6rEUpg.jpeg","width":1600,"height":1600,"caption":"skaitytaknyga.lt"},"image":{"@id":"https:\/\/skaitytaknyga.lt\/#\/schema\/logo\/image\/"},"sameAs":["https:\/\/www.facebook.com\/skaitytaknyga\/"]}]}},"_links":{"self":[{"href":"https:\/\/skaitytaknyga.lt\/en\/wp-json\/wp\/v2\/product\/16703","targetHints":{"allow":["GET"]}}],"collection":[{"href":"https:\/\/skaitytaknyga.lt\/en\/wp-json\/wp\/v2\/product"}],"about":[{"href":"https:\/\/skaitytaknyga.lt\/en\/wp-json\/wp\/v2\/types\/product"}],"replies":[{"embeddable":true,"href":"https:\/\/skaitytaknyga.lt\/en\/wp-json\/wp\/v2\/comments?post=16703"}],"wp:featuredmedia":[{"embeddable":true,"href":"https:\/\/skaitytaknyga.lt\/en\/wp-json\/wp\/v2\/media\/16704"}],"wp:attachment":[{"href":"https:\/\/skaitytaknyga.lt\/en\/wp-json\/wp\/v2\/media?parent=16703"}],"wp:term":[{"taxonomy":"product_brand","embeddable":true,"href":"https:\/\/skaitytaknyga.lt\/en\/wp-json\/wp\/v2\/product_brand?post=16703"},{"taxonomy":"product_cat","embeddable":true,"href":"https:\/\/skaitytaknyga.lt\/en\/wp-json\/wp\/v2\/product_cat?post=16703"},{"taxonomy":"product_tag","embeddable":true,"href":"https:\/\/skaitytaknyga.lt\/en\/wp-json\/wp\/v2\/product_tag?post=16703"}],"curies":[{"name":"wp","href":"https:\/\/api.w.org\/{rel}","templated":true}]}}