{"id":16693,"date":"2025-02-05T11:35:37","date_gmt":"2025-02-05T09:35:37","guid":{"rendered":"https:\/\/skaitytaknyga.lt\/?post_type=product&#038;p=16693"},"modified":"2025-02-05T11:36:25","modified_gmt":"2025-02-05T09:36:25","slug":"gero-tono-taisykles","status":"publish","type":"product","link":"https:\/\/skaitytaknyga.lt\/en\/produktas\/gero-tono-taisykles\/","title":{"rendered":"Gero tono taisykl\u0117s"},"content":{"rendered":"<p>Paskutin\u012f 1937-\u0173j\u0173 vakar\u0105 dvide\u0161imt penkeri\u0173 met\u0173 Katia Kontent su pensiono kambario drauge leid\u017eia paprastame Grinvi\u010d Vilid\u017eo d\u017eiazo klube, tik\u0117damasi i\u0161siversti vos su trimis doleriais. Tuo metu prie gretimo staliuko atsitiktinai pris\u0117da \u017eavus bankininkas Tinkeris Gr\u0117jus. \u0160is netik\u0117tas susitikimas ir priblo\u0161kiantys jo padariniai past\u016bm\u0117ja Kati\u0105 prad\u0117ti metus trunkan\u010di\u0105 kelion\u0119 i\u0161 Volstrito sekretori\u0173 biuro \u012f Niujorko auk\u0161tuomen\u0119 ir \u017einiasklaidos bendrov\u0119 \u201eCond\u00e9 Nast&#8221; \u2013 siauram ratui prieinam\u0105 aplink\u0105, kurioje ji tegali pasikliauti i\u0161ganingu s\u0105mojingumu ir \u012fgimtu \u0161altakrauji\u0161kumu.<\/p>\n<p>Tapusi drovaus principingo multimilijonieriaus ir vietoje nenustygstan\u010dios turtingos paveld\u0117tojos bi\u010diule, susipa\u017einusi su ry\u017etinga laisv\u0173 pa\u017ei\u016br\u0173 na\u0161le ir dirbdama su itin reikliu vadovu, Katia patiria, k\u0105 rei\u0161kia ramyb\u0117, garantuojama turto ir pad\u0117ties, o ir \u017elug\u0119 siekiai, dangstomi apsimestin\u0117mis \u0161ypsenomis. Laukdama, kol aplinkyb\u0117s sugr\u0105\u017eins Tinker\u012f \u012f jos gyvenim\u0105, Katia pradeda suprasti, kaip daugiausia \u017eadantys pasirinkimai nei\u0161vengiamai tampa nusivylim\u0173 pamatu.<\/p>\n<ul class=\"about-product d-none d-xl-block mt-4\">\n<li><strong>Originalus pavadinimas:<\/strong>\u00a0Rules of Civility<\/li>\n<li><strong>Autorius:<\/strong>\u00a0Amor Towles<\/li>\n<li><strong>Leid\u0117jas:<\/strong>\u00a0Svajoni\u0173 knygos<\/li>\n<li><strong>Metai:<\/strong>\u00a02016<\/li>\n<li><strong>Puslapiai:<\/strong>\u00a0432<\/li>\n<li class=\"toggleable type-new-formats \"><strong>ISBN:<\/strong>\u00a09786090300190<\/li>\n<li><strong>Versijos kodas:<\/strong>\u00a0PT.<\/li>\n<li class=\"toggleable type-new-formats \"><strong>Formatas:<\/strong>\u00a015 x 21,5 cm, kieti vir\u0161eliai<\/li>\n<li><strong>Kalba:<\/strong>\u00a0Lietuvi\u0173<\/li>\n<li><strong>Vert\u0117jas:<\/strong>\u00a0J\u016brat\u0117 \u017deimantien\u0117<\/li>\n<\/ul>\n","protected":false},"excerpt":{"rendered":"<p>Paskutin\u012f 1937-\u0173j\u0173 vakar\u0105 dvide\u0161imt penkeri\u0173 met\u0173 Katia Kontent su pensiono kambario drauge leid\u017eia paprastame Grinvi\u010d Vilid\u017eo d\u017eiazo klube, tik\u0117damasi i\u0161siversti vos su trimis doleriais. Tuo metu prie gretimo staliuko atsitiktinai pris\u0117da \u017eavus bankininkas Tinkeris Gr\u0117jus. \u0160is netik\u0117tas susitikimas ir priblo\u0161kiantys jo padariniai past\u016bm\u0117ja Kati\u0105 prad\u0117ti metus trunkan\u010di\u0105 kelion\u0119 i\u0161 Volstrito sekretori\u0173 biuro \u012f Niujorko auk\u0161tuomen\u0119 ir \u017einiasklaidos bendrov\u0119 \u201eCond\u00e9 Nast&#8221; \u2013 siauram ratui prieinam\u0105 aplink\u0105, kurioje ji tegali pasikliauti i\u0161ganingu s\u0105mojingumu ir \u012fgimtu \u0161altakrauji\u0161kumu. Tapusi drovaus principingo multimilijonieriaus ir vietoje nenustygstan\u010dios turtingos paveld\u0117tojos bi\u010diule, susipa\u017einusi su ry\u017etinga laisv\u0173 pa\u017ei\u016br\u0173 na\u0161le ir dirbdama su itin reikliu vadovu, Katia patiria, k\u0105 rei\u0161kia ramyb\u0117, garantuojama turto ir pad\u0117ties, o ir \u017elug\u0119 siekiai, dangstomi apsimestin\u0117mis \u0161ypsenomis. Laukdama, kol aplinkyb\u0117s sugr\u0105\u017eins Tinker\u012f \u012f jos gyvenim\u0105, Katia pradeda suprasti, kaip daugiausia \u017eadantys pasirinkimai nei\u0161vengiamai tampa nusivylim\u0173 pamatu. Originalus pavadinimas:\u00a0Rules of Civility Autorius:\u00a0Amor Towles Leid\u0117jas:\u00a0Svajoni\u0173 knygos Metai:\u00a02016 Puslapiai:\u00a0432 ISBN:\u00a09786090300190 Versijos kodas:\u00a0PT. Formatas:\u00a015 x 21,5 cm, kieti vir\u0161eliai Kalba:\u00a0Lietuvi\u0173 Vert\u0117jas:\u00a0J\u016brat\u0117 \u017deimantien\u0117<\/p>\n","protected":false},"featured_media":16694,"comment_status":"closed","ping_status":"closed","template":"","meta":{"_acf_changed":false,"site-sidebar-layout":"default","site-content-layout":"","ast-site-content-layout":"default","site-content-style":"default","site-sidebar-style":"default","ast-global-header-display":"","ast-banner-title-visibility":"","ast-main-header-display":"","ast-hfb-above-header-display":"","ast-hfb-below-header-display":"","ast-hfb-mobile-header-display":"","site-post-title":"","ast-breadcrumbs-content":"","ast-featured-img":"","footer-sml-layout":"","ast-disable-related-posts":"","theme-transparent-header-meta":"default","adv-header-id-meta":"","stick-header-meta":"","header-above-stick-meta":"","header-main-stick-meta":"","header-below-stick-meta":"","astra-migrate-meta-layouts":"set","ast-page-background-enabled":"default","ast-page-background-meta":{"desktop":{"background-color":"","background-image":"","background-repeat":"repeat","background-position":"center center","background-size":"auto","background-attachment":"scroll","background-type":"","background-media":"","overlay-type":"","overlay-color":"","overlay-opacity":"","overlay-gradient":""},"tablet":{"background-color":"","background-image":"","background-repeat":"repeat","background-position":"center center","background-size":"auto","background-attachment":"scroll","background-type":"","background-media":"","overlay-type":"","overlay-color":"","overlay-opacity":"","overlay-gradient":""},"mobile":{"background-color":"","background-image":"","background-repeat":"repeat","background-position":"center center","background-size":"auto","background-attachment":"scroll","background-type":"","background-media":"","overlay-type":"","overlay-color":"","overlay-opacity":"","overlay-gradient":""}},"ast-content-background-meta":{"desktop":{"background-color":"var(--ast-global-color-4)","background-image":"","background-repeat":"repeat","background-position":"center center","background-size":"auto","background-attachment":"scroll","background-type":"","background-media":"","overlay-type":"","overlay-color":"","overlay-opacity":"","overlay-gradient":""},"tablet":{"background-color":"var(--ast-global-color-4)","background-image":"","background-repeat":"repeat","background-position":"center center","background-size":"auto","background-attachment":"scroll","background-type":"","background-media":"","overlay-type":"","overlay-color":"","overlay-opacity":"","overlay-gradient":""},"mobile":{"background-color":"var(--ast-global-color-4)","background-image":"","background-repeat":"repeat","background-position":"center center","background-size":"auto","background-attachment":"scroll","background-type":"","background-media":"","overlay-type":"","overlay-color":"","overlay-opacity":"","overlay-gradient":""}}},"product_brand":[],"product_cat":[31],"product_tag":[],"class_list":{"0":"post-16693","1":"product","2":"type-product","3":"status-publish","4":"has-post-thumbnail","6":"product_cat-grozine-literatura","7":"pa_leidimo-metai-645","8":"desktop-align-left","9":"tablet-align-left","10":"mobile-align-left","12":"first","13":"instock","14":"shipping-taxable","15":"purchasable","16":"product-type-simple"},"acf":[],"yoast_head":"<!-- This site is optimized with the Yoast SEO plugin v27.0 - https:\/\/yoast.com\/product\/yoast-seo-wordpress\/ -->\n<title>Gero tono taisykl\u0117s<\/title>\n<meta name=\"description\" content=\"Paskutin\u012f 1937-\u0173j\u0173 vakar\u0105 dvide\u0161imt penkeri\u0173 met\u0173 Katia Kontent su pensiono kambario drauge leid\u017eia paprastame Grinvi\u010d Vilid\u017eo d\u017eiazo klube, tik\u0117damasi\" \/>\n<meta name=\"robots\" content=\"index, follow, max-snippet:-1, max-image-preview:large, max-video-preview:-1\" \/>\n<link rel=\"canonical\" href=\"https:\/\/skaitytaknyga.lt\/en\/produktas\/gero-tono-taisykles\/\" \/>\n<meta property=\"og:locale\" content=\"en_GB\" \/>\n<meta property=\"og:locale:alternate\" content=\"lt_LT\" \/>\n<meta property=\"og:type\" content=\"article\" \/>\n<meta property=\"og:title\" content=\"Gero tono taisykl\u0117s\" \/>\n<meta property=\"og:description\" content=\"Paskutin\u012f 1937-\u0173j\u0173 vakar\u0105 dvide\u0161imt penkeri\u0173 met\u0173 Katia Kontent su pensiono kambario drauge leid\u017eia paprastame Grinvi\u010d Vilid\u017eo d\u017eiazo klube, tik\u0117damasi\" \/>\n<meta property=\"og:url\" content=\"https:\/\/skaitytaknyga.lt\/en\/produktas\/gero-tono-taisykles\/\" \/>\n<meta property=\"og:site_name\" content=\"Skaitytaknyga\" \/>\n<meta property=\"article:publisher\" content=\"https:\/\/www.facebook.com\/skaitytaknyga\/\" \/>\n<meta property=\"article:modified_time\" content=\"2025-02-05T09:36:25+00:00\" \/>\n<meta property=\"og:image\" content=\"https:\/\/skaitytaknyga.lt\/wp-content\/uploads\/2025\/02\/Gero-tono-taisykles.webp\" \/>\n\t<meta property=\"og:image:width\" content=\"318\" \/>\n\t<meta property=\"og:image:height\" content=\"438\" \/>\n\t<meta property=\"og:image:type\" content=\"image\/webp\" \/>\n<meta name=\"twitter:card\" content=\"summary_large_image\" \/>\n<meta name=\"twitter:label1\" content=\"Estimated reading time\" \/>\n\t<meta name=\"twitter:data1\" content=\"2 minutes\" \/>\n<script type=\"application\/ld+json\" class=\"yoast-schema-graph\">{\"@context\":\"https:\/\/schema.org\",\"@graph\":[{\"@type\":\"WebPage\",\"@id\":\"https:\/\/skaitytaknyga.lt\/produktas\/gero-tono-taisykles\/\",\"url\":\"https:\/\/skaitytaknyga.lt\/produktas\/gero-tono-taisykles\/\",\"name\":\"Gero tono taisykl\u0117s\",\"isPartOf\":{\"@id\":\"https:\/\/skaitytaknyga.lt\/#website\"},\"primaryImageOfPage\":{\"@id\":\"https:\/\/skaitytaknyga.lt\/produktas\/gero-tono-taisykles\/#primaryimage\"},\"image\":{\"@id\":\"https:\/\/skaitytaknyga.lt\/produktas\/gero-tono-taisykles\/#primaryimage\"},\"thumbnailUrl\":\"https:\/\/skaitytaknyga.lt\/wp-content\/uploads\/2025\/02\/Gero-tono-taisykles.webp\",\"datePublished\":\"2025-02-05T09:35:37+00:00\",\"dateModified\":\"2025-02-05T09:36:25+00:00\",\"description\":\"Paskutin\u012f 1937-\u0173j\u0173 vakar\u0105 dvide\u0161imt penkeri\u0173 met\u0173 Katia Kontent su pensiono kambario drauge leid\u017eia paprastame Grinvi\u010d Vilid\u017eo d\u017eiazo klube, tik\u0117damasi\",\"breadcrumb\":{\"@id\":\"https:\/\/skaitytaknyga.lt\/produktas\/gero-tono-taisykles\/#breadcrumb\"},\"inLanguage\":\"en-GB\",\"potentialAction\":[{\"@type\":\"ReadAction\",\"target\":[\"https:\/\/skaitytaknyga.lt\/produktas\/gero-tono-taisykles\/\"]}]},{\"@type\":\"ImageObject\",\"inLanguage\":\"en-GB\",\"@id\":\"https:\/\/skaitytaknyga.lt\/produktas\/gero-tono-taisykles\/#primaryimage\",\"url\":\"https:\/\/skaitytaknyga.lt\/wp-content\/uploads\/2025\/02\/Gero-tono-taisykles.webp\",\"contentUrl\":\"https:\/\/skaitytaknyga.lt\/wp-content\/uploads\/2025\/02\/Gero-tono-taisykles.webp\",\"width\":318,\"height\":438,\"caption\":\"Gero tono taisykl\u0117s\"},{\"@type\":\"BreadcrumbList\",\"@id\":\"https:\/\/skaitytaknyga.lt\/produktas\/gero-tono-taisykles\/#breadcrumb\",\"itemListElement\":[{\"@type\":\"ListItem\",\"position\":1,\"name\":\"Home\",\"item\":\"https:\/\/skaitytaknyga.lt\/\"},{\"@type\":\"ListItem\",\"position\":2,\"name\":\"Parduotuv\u0117\",\"item\":\"https:\/\/skaitytaknyga.lt\/knygu-parduotuve\/\"},{\"@type\":\"ListItem\",\"position\":3,\"name\":\"Gero tono taisykl\u0117s\"}]},{\"@type\":\"WebSite\",\"@id\":\"https:\/\/skaitytaknyga.lt\/#website\",\"url\":\"https:\/\/skaitytaknyga.lt\/\",\"name\":\"skaitytaknyga.lt\",\"description\":\"Skaitytaknyga.lt \u2013 tai ma\u017eas \u0161eimos verslas, kuris prasid\u0117jo nuo meil\u0117s knygoms ir siekio i\u0161gelb\u0117ti knygas nuo likimo prie konteinerio. Kas vienam nereikalingas daiktas \u2013 kitam lobis, o mes esame tarpininkai, kurie padeda abiems tapti laimingesniems ???? \u017dinome kaip nelengva i\u0161gyventi ma\u017eiems verslams, tad nuo \u0161iol, \u010dia rasite ir kit\u0173, ma\u017e\u0173 \u0161eim\u0173 versl\u0173, rank\u0173 darbo, dovan\u0173 sau ir artimiesiems.\",\"publisher\":{\"@id\":\"https:\/\/skaitytaknyga.lt\/#organization\"},\"potentialAction\":[{\"@type\":\"SearchAction\",\"target\":{\"@type\":\"EntryPoint\",\"urlTemplate\":\"https:\/\/skaitytaknyga.lt\/?s={search_term_string}\"},\"query-input\":{\"@type\":\"PropertyValueSpecification\",\"valueRequired\":true,\"valueName\":\"search_term_string\"}}],\"inLanguage\":\"en-GB\"},{\"@type\":\"Organization\",\"@id\":\"https:\/\/skaitytaknyga.lt\/#organization\",\"name\":\"skaitytaknyga.lt\",\"url\":\"https:\/\/skaitytaknyga.lt\/\",\"logo\":{\"@type\":\"ImageObject\",\"inLanguage\":\"en-GB\",\"@id\":\"https:\/\/skaitytaknyga.lt\/#\/schema\/logo\/image\/\",\"url\":\"https:\/\/skaitytaknyga.lt\/wp-content\/uploads\/2024\/05\/cropped-cropped-cropped-02_00843_jt3bggkj1j3HLc7SyY6rEUpg.jpeg\",\"contentUrl\":\"https:\/\/skaitytaknyga.lt\/wp-content\/uploads\/2024\/05\/cropped-cropped-cropped-02_00843_jt3bggkj1j3HLc7SyY6rEUpg.jpeg\",\"width\":1600,\"height\":1600,\"caption\":\"skaitytaknyga.lt\"},\"image\":{\"@id\":\"https:\/\/skaitytaknyga.lt\/#\/schema\/logo\/image\/\"},\"sameAs\":[\"https:\/\/www.facebook.com\/skaitytaknyga\/\"]}]}<\/script>\n<!-- \/ Yoast SEO plugin. -->","yoast_head_json":{"title":"Gero tono taisykl\u0117s","description":"Paskutin\u012f 1937-\u0173j\u0173 vakar\u0105 dvide\u0161imt penkeri\u0173 met\u0173 Katia Kontent su pensiono kambario drauge leid\u017eia paprastame Grinvi\u010d Vilid\u017eo d\u017eiazo klube, tik\u0117damasi","robots":{"index":"index","follow":"follow","max-snippet":"max-snippet:-1","max-image-preview":"max-image-preview:large","max-video-preview":"max-video-preview:-1"},"canonical":"https:\/\/skaitytaknyga.lt\/en\/produktas\/gero-tono-taisykles\/","og_locale":"en_GB","og_type":"article","og_title":"[:lt]Gero tono taisykl\u0117s[:] - Skaitytaknyga","og_description":"Paskutin\u012f 1937-\u0173j\u0173 vakar\u0105 dvide\u0161imt penkeri\u0173 met\u0173 Katia Kontent su pensiono kambario drauge leid\u017eia paprastame Grinvi\u010d Vilid\u017eo d\u017eiazo klube, tik\u0117damasi","og_url":"https:\/\/skaitytaknyga.lt\/en\/produktas\/gero-tono-taisykles\/","og_site_name":"Skaitytaknyga","article_publisher":"https:\/\/www.facebook.com\/skaitytaknyga\/","article_modified_time":"2025-02-05T09:36:25+00:00","og_image":[{"width":318,"height":438,"url":"https:\/\/skaitytaknyga.lt\/wp-content\/uploads\/2025\/02\/Gero-tono-taisykles.webp","type":"image\/webp"}],"twitter_card":"summary_large_image","twitter_misc":{"Estimated reading time":"2 minutes"},"schema":{"@context":"https:\/\/schema.org","@graph":[{"@type":"WebPage","@id":"https:\/\/skaitytaknyga.lt\/produktas\/gero-tono-taisykles\/","url":"https:\/\/skaitytaknyga.lt\/produktas\/gero-tono-taisykles\/","name":"Gero tono taisykl\u0117s","isPartOf":{"@id":"https:\/\/skaitytaknyga.lt\/#website"},"primaryImageOfPage":{"@id":"https:\/\/skaitytaknyga.lt\/produktas\/gero-tono-taisykles\/#primaryimage"},"image":{"@id":"https:\/\/skaitytaknyga.lt\/produktas\/gero-tono-taisykles\/#primaryimage"},"thumbnailUrl":"https:\/\/skaitytaknyga.lt\/wp-content\/uploads\/2025\/02\/Gero-tono-taisykles.webp","datePublished":"2025-02-05T09:35:37+00:00","dateModified":"2025-02-05T09:36:25+00:00","description":"Paskutin\u012f 1937-\u0173j\u0173 vakar\u0105 dvide\u0161imt penkeri\u0173 met\u0173 Katia Kontent su pensiono kambario drauge leid\u017eia paprastame Grinvi\u010d Vilid\u017eo d\u017eiazo klube, tik\u0117damasi","breadcrumb":{"@id":"https:\/\/skaitytaknyga.lt\/produktas\/gero-tono-taisykles\/#breadcrumb"},"inLanguage":"en-GB","potentialAction":[{"@type":"ReadAction","target":["https:\/\/skaitytaknyga.lt\/produktas\/gero-tono-taisykles\/"]}]},{"@type":"ImageObject","inLanguage":"en-GB","@id":"https:\/\/skaitytaknyga.lt\/produktas\/gero-tono-taisykles\/#primaryimage","url":"https:\/\/skaitytaknyga.lt\/wp-content\/uploads\/2025\/02\/Gero-tono-taisykles.webp","contentUrl":"https:\/\/skaitytaknyga.lt\/wp-content\/uploads\/2025\/02\/Gero-tono-taisykles.webp","width":318,"height":438,"caption":"Gero tono taisykl\u0117s"},{"@type":"BreadcrumbList","@id":"https:\/\/skaitytaknyga.lt\/produktas\/gero-tono-taisykles\/#breadcrumb","itemListElement":[{"@type":"ListItem","position":1,"name":"Home","item":"https:\/\/skaitytaknyga.lt\/"},{"@type":"ListItem","position":2,"name":"Parduotuv\u0117","item":"https:\/\/skaitytaknyga.lt\/knygu-parduotuve\/"},{"@type":"ListItem","position":3,"name":"Gero tono taisykl\u0117s"}]},{"@type":"WebSite","@id":"https:\/\/skaitytaknyga.lt\/#website","url":"https:\/\/skaitytaknyga.lt\/","name":"skaitytaknyga.lt","description":"Skaitytaknyga.lt \u2013 tai ma\u017eas \u0161eimos verslas, kuris prasid\u0117jo nuo meil\u0117s knygoms ir siekio i\u0161gelb\u0117ti knygas nuo likimo prie konteinerio. Kas vienam nereikalingas daiktas \u2013 kitam lobis, o mes esame tarpininkai, kurie padeda abiems tapti laimingesniems ???? \u017dinome kaip nelengva i\u0161gyventi ma\u017eiems verslams, tad nuo \u0161iol, \u010dia rasite ir kit\u0173, ma\u017e\u0173 \u0161eim\u0173 versl\u0173, rank\u0173 darbo, dovan\u0173 sau ir artimiesiems.","publisher":{"@id":"https:\/\/skaitytaknyga.lt\/#organization"},"potentialAction":[{"@type":"SearchAction","target":{"@type":"EntryPoint","urlTemplate":"https:\/\/skaitytaknyga.lt\/?s={search_term_string}"},"query-input":{"@type":"PropertyValueSpecification","valueRequired":true,"valueName":"search_term_string"}}],"inLanguage":"en-GB"},{"@type":"Organization","@id":"https:\/\/skaitytaknyga.lt\/#organization","name":"skaitytaknyga.lt","url":"https:\/\/skaitytaknyga.lt\/","logo":{"@type":"ImageObject","inLanguage":"en-GB","@id":"https:\/\/skaitytaknyga.lt\/#\/schema\/logo\/image\/","url":"https:\/\/skaitytaknyga.lt\/wp-content\/uploads\/2024\/05\/cropped-cropped-cropped-02_00843_jt3bggkj1j3HLc7SyY6rEUpg.jpeg","contentUrl":"https:\/\/skaitytaknyga.lt\/wp-content\/uploads\/2024\/05\/cropped-cropped-cropped-02_00843_jt3bggkj1j3HLc7SyY6rEUpg.jpeg","width":1600,"height":1600,"caption":"skaitytaknyga.lt"},"image":{"@id":"https:\/\/skaitytaknyga.lt\/#\/schema\/logo\/image\/"},"sameAs":["https:\/\/www.facebook.com\/skaitytaknyga\/"]}]}},"_links":{"self":[{"href":"https:\/\/skaitytaknyga.lt\/en\/wp-json\/wp\/v2\/product\/16693","targetHints":{"allow":["GET"]}}],"collection":[{"href":"https:\/\/skaitytaknyga.lt\/en\/wp-json\/wp\/v2\/product"}],"about":[{"href":"https:\/\/skaitytaknyga.lt\/en\/wp-json\/wp\/v2\/types\/product"}],"replies":[{"embeddable":true,"href":"https:\/\/skaitytaknyga.lt\/en\/wp-json\/wp\/v2\/comments?post=16693"}],"wp:featuredmedia":[{"embeddable":true,"href":"https:\/\/skaitytaknyga.lt\/en\/wp-json\/wp\/v2\/media\/16694"}],"wp:attachment":[{"href":"https:\/\/skaitytaknyga.lt\/en\/wp-json\/wp\/v2\/media?parent=16693"}],"wp:term":[{"taxonomy":"product_brand","embeddable":true,"href":"https:\/\/skaitytaknyga.lt\/en\/wp-json\/wp\/v2\/product_brand?post=16693"},{"taxonomy":"product_cat","embeddable":true,"href":"https:\/\/skaitytaknyga.lt\/en\/wp-json\/wp\/v2\/product_cat?post=16693"},{"taxonomy":"product_tag","embeddable":true,"href":"https:\/\/skaitytaknyga.lt\/en\/wp-json\/wp\/v2\/product_tag?post=16693"}],"curies":[{"name":"wp","href":"https:\/\/api.w.org\/{rel}","templated":true}]}}