{"id":16687,"date":"2025-02-05T11:29:57","date_gmt":"2025-02-05T09:29:57","guid":{"rendered":"https:\/\/skaitytaknyga.lt\/?post_type=product&#038;p=16687"},"modified":"2026-03-18T10:05:25","modified_gmt":"2026-03-18T08:05:25","slug":"patarejas-visiems-kurie-ryztasi-gydytis-patys","status":"publish","type":"product","link":"https:\/\/skaitytaknyga.lt\/en\/produktas\/patarejas-visiems-kurie-ryztasi-gydytis-patys\/","title":{"rendered":"Patar\u0117jas visiems, kurie ry\u017etasi gydytis patys"},"content":{"rendered":"<p>\u0160ioje knygoje &#8211; 1001 patarimas apie \u012fvairiausias J\u016bs\u0173 negalias. Jos privalumas: daugel\u012f paprast\u0173 dalyk\u0173 gal\u0117site i\u0161bandyti net nei\u0161eidami i\u0161 nam\u0173.<\/p>\n<p>\u201ePatar\u0117jas\u201c pad\u0117s Jums geriau pa\u017einti savo k\u016bn\u0105, \u012ftarti \u012fvairius negalavimus bei gresian\u010dius pavojus ir saugotis j\u0173.<\/p>\n<p>Tarp daugyb\u0117s pamokym\u0173 &#8211; koki\u0173 \u201esveikatos \u017einov\u0173\u201c patarim\u0173 nereik\u0117t\u0173 vykdyti, kokie pavojai gresia gydantis tik liaudi\u0161komis priemon\u0117mis, kitais netradicin\u0117s medicinos b\u016bdais, kitaip i\u0161 tikr\u0173j\u0173 sveikai gyventi ir maitintis, \u012f kokius popiuliarios literat\u016bros \u201ctriukus\u201d reik\u0117t\u0173 nekreipti d\u0117m\u0117sio.<\/p>\n<p>Specialist\u0173 pastabos pagelb\u0117s nuspr\u0119sti, kada k\u0105 ir kaip daryti patiems, o kada &#8211; mesti \u201cgydytojavim\u0105\u201d ir kreiptis pagalbos.<\/p>\n<ul class=\"about-product d-none d-xl-block mt-4\">\n<li><strong>Leid\u0117jas:<\/strong>\u00a0Meralas<\/li>\n<li><strong>Metai:<\/strong>\u00a02000<\/li>\n<li><strong>Puslapiai:<\/strong>\u00a0407<\/li>\n<li class=\"toggleable type-new-formats \"><strong>ISBN-10:<\/strong>\u00a09986715369<\/li>\n<li class=\"toggleable type-new-formats \"><strong>ISBN-13:<\/strong>\u00a09789986715368<\/li>\n<li class=\"toggleable type-new-formats \"><strong>Formatas:<\/strong>\u00a014 x 21 cm, kieti vir\u0161eliai<\/li>\n<li><strong>Kalba:<\/strong>\u00a0Lietuvi\u0173<\/li>\n<\/ul>\n","protected":false},"excerpt":{"rendered":"<p>\u0160ioje knygoje &#8211; 1001 patarimas apie \u012fvairiausias J\u016bs\u0173 negalias. Jos privalumas: daugel\u012f paprast\u0173 dalyk\u0173 gal\u0117site i\u0161bandyti net nei\u0161eidami i\u0161 nam\u0173. \u201ePatar\u0117jas\u201c pad\u0117s Jums geriau pa\u017einti savo k\u016bn\u0105, \u012ftarti \u012fvairius negalavimus bei gresian\u010dius pavojus ir saugotis j\u0173. Tarp daugyb\u0117s pamokym\u0173 &#8211; koki\u0173 \u201esveikatos \u017einov\u0173\u201c patarim\u0173 nereik\u0117t\u0173 vykdyti, kokie pavojai gresia gydantis tik liaudi\u0161komis priemon\u0117mis, kitais netradicin\u0117s medicinos b\u016bdais, kitaip i\u0161 tikr\u0173j\u0173 sveikai gyventi ir maitintis, \u012f kokius popiuliarios literat\u016bros \u201ctriukus\u201d reik\u0117t\u0173 nekreipti d\u0117m\u0117sio. Specialist\u0173 pastabos pagelb\u0117s nuspr\u0119sti, kada k\u0105 ir kaip daryti patiems, o kada &#8211; mesti \u201cgydytojavim\u0105\u201d ir kreiptis pagalbos. Leid\u0117jas:\u00a0Meralas Metai:\u00a02000 Puslapiai:\u00a0407 ISBN-10:\u00a09986715369 ISBN-13:\u00a09789986715368 Formatas:\u00a014 x 21 cm, kieti vir\u0161eliai Kalba:\u00a0Lietuvi\u0173<\/p>\n","protected":false},"featured_media":16688,"comment_status":"open","ping_status":"closed","template":"","meta":{"_acf_changed":false,"site-sidebar-layout":"default","site-content-layout":"","ast-site-content-layout":"default","site-content-style":"default","site-sidebar-style":"default","ast-global-header-display":"","ast-banner-title-visibility":"","ast-main-header-display":"","ast-hfb-above-header-display":"","ast-hfb-below-header-display":"","ast-hfb-mobile-header-display":"","site-post-title":"","ast-breadcrumbs-content":"","ast-featured-img":"","footer-sml-layout":"","ast-disable-related-posts":"","theme-transparent-header-meta":"default","adv-header-id-meta":"","stick-header-meta":"","header-above-stick-meta":"","header-main-stick-meta":"","header-below-stick-meta":"","astra-migrate-meta-layouts":"set","ast-page-background-enabled":"default","ast-page-background-meta":{"desktop":{"background-color":"","background-image":"","background-repeat":"repeat","background-position":"center center","background-size":"auto","background-attachment":"scroll","background-type":"","background-media":"","overlay-type":"","overlay-color":"","overlay-opacity":"","overlay-gradient":""},"tablet":{"background-color":"","background-image":"","background-repeat":"repeat","background-position":"center center","background-size":"auto","background-attachment":"scroll","background-type":"","background-media":"","overlay-type":"","overlay-color":"","overlay-opacity":"","overlay-gradient":""},"mobile":{"background-color":"","background-image":"","background-repeat":"repeat","background-position":"center center","background-size":"auto","background-attachment":"scroll","background-type":"","background-media":"","overlay-type":"","overlay-color":"","overlay-opacity":"","overlay-gradient":""}},"ast-content-background-meta":{"desktop":{"background-color":"var(--ast-global-color-4)","background-image":"","background-repeat":"repeat","background-position":"center center","background-size":"auto","background-attachment":"scroll","background-type":"","background-media":"","overlay-type":"","overlay-color":"","overlay-opacity":"","overlay-gradient":""},"tablet":{"background-color":"var(--ast-global-color-4)","background-image":"","background-repeat":"repeat","background-position":"center center","background-size":"auto","background-attachment":"scroll","background-type":"","background-media":"","overlay-type":"","overlay-color":"","overlay-opacity":"","overlay-gradient":""},"mobile":{"background-color":"var(--ast-global-color-4)","background-image":"","background-repeat":"repeat","background-position":"center center","background-size":"auto","background-attachment":"scroll","background-type":"","background-media":"","overlay-type":"","overlay-color":"","overlay-opacity":"","overlay-gradient":""}}},"product_brand":[],"product_cat":[55],"product_tag":[2198,2027,1680],"class_list":{"0":"post-16687","1":"product","2":"type-product","3":"status-publish","4":"has-post-thumbnail","6":"product_cat-sveikata-ir-sveika-mityba","7":"product_tag-gyvenimo-budas","8":"product_tag-savipagalba","9":"product_tag-sveikata","10":"desktop-align-left","11":"tablet-align-left","12":"mobile-align-left","14":"first","15":"instock","16":"sale","17":"shipping-taxable","18":"purchasable","19":"product-type-simple"},"acf":[],"yoast_head":"<!-- This site is optimized with the Yoast SEO plugin v27.0 - https:\/\/yoast.com\/product\/yoast-seo-wordpress\/ -->\n<title>Patar\u0117jas visiems, kurie ry\u017etasi gydytis patys<\/title>\n<meta name=\"description\" content=\"\u0160ioje knygoje - 1001 patarimas apie \u012fvairiausias J\u016bs\u0173 negalias. Jos privalumas: daugel\u012f paprast\u0173 dalyk\u0173 gal\u0117site i\u0161bandyti net nei\u0161eidami i\u0161 nam\u0173.\" \/>\n<meta name=\"robots\" content=\"index, follow, max-snippet:-1, max-image-preview:large, max-video-preview:-1\" \/>\n<link rel=\"canonical\" href=\"https:\/\/skaitytaknyga.lt\/en\/produktas\/patarejas-visiems-kurie-ryztasi-gydytis-patys\/\" \/>\n<meta property=\"og:locale\" content=\"en_GB\" \/>\n<meta property=\"og:locale:alternate\" content=\"lt_LT\" \/>\n<meta property=\"og:type\" content=\"article\" \/>\n<meta property=\"og:title\" content=\"Patar\u0117jas visiems, kurie ry\u017etasi gydytis patys\" \/>\n<meta property=\"og:description\" content=\"\u0160ioje knygoje - 1001 patarimas apie \u012fvairiausias J\u016bs\u0173 negalias. Jos privalumas: daugel\u012f paprast\u0173 dalyk\u0173 gal\u0117site i\u0161bandyti net nei\u0161eidami i\u0161 nam\u0173.\" \/>\n<meta property=\"og:url\" content=\"https:\/\/skaitytaknyga.lt\/en\/produktas\/patarejas-visiems-kurie-ryztasi-gydytis-patys\/\" \/>\n<meta property=\"og:site_name\" content=\"Skaitytaknyga\" \/>\n<meta property=\"article:publisher\" content=\"https:\/\/www.facebook.com\/skaitytaknyga\/\" \/>\n<meta property=\"article:modified_time\" content=\"2026-03-18T08:05:25+00:00\" \/>\n<meta property=\"og:image\" content=\"https:\/\/skaitytaknyga.lt\/wp-content\/uploads\/2025\/02\/Patarejas-visiems-kurie-ryztasi-gydytis-patys.webp\" \/>\n\t<meta property=\"og:image:width\" content=\"512\" \/>\n\t<meta property=\"og:image:height\" content=\"799\" \/>\n\t<meta property=\"og:image:type\" content=\"image\/webp\" \/>\n<meta name=\"twitter:card\" content=\"summary_large_image\" \/>\n<meta name=\"twitter:label1\" content=\"Estimated reading time\" \/>\n\t<meta name=\"twitter:data1\" content=\"1 minute\" \/>\n<script type=\"application\/ld+json\" class=\"yoast-schema-graph\">{\"@context\":\"https:\/\/schema.org\",\"@graph\":[{\"@type\":\"WebPage\",\"@id\":\"https:\/\/skaitytaknyga.lt\/produktas\/patarejas-visiems-kurie-ryztasi-gydytis-patys\/\",\"url\":\"https:\/\/skaitytaknyga.lt\/produktas\/patarejas-visiems-kurie-ryztasi-gydytis-patys\/\",\"name\":\"Patar\u0117jas visiems, kurie ry\u017etasi gydytis patys\",\"isPartOf\":{\"@id\":\"https:\/\/skaitytaknyga.lt\/#website\"},\"primaryImageOfPage\":{\"@id\":\"https:\/\/skaitytaknyga.lt\/produktas\/patarejas-visiems-kurie-ryztasi-gydytis-patys\/#primaryimage\"},\"image\":{\"@id\":\"https:\/\/skaitytaknyga.lt\/produktas\/patarejas-visiems-kurie-ryztasi-gydytis-patys\/#primaryimage\"},\"thumbnailUrl\":\"https:\/\/skaitytaknyga.lt\/wp-content\/uploads\/2025\/02\/Patarejas-visiems-kurie-ryztasi-gydytis-patys.webp\",\"datePublished\":\"2025-02-05T09:29:57+00:00\",\"dateModified\":\"2026-03-18T08:05:25+00:00\",\"description\":\"\u0160ioje knygoje - 1001 patarimas apie \u012fvairiausias J\u016bs\u0173 negalias. Jos privalumas: daugel\u012f paprast\u0173 dalyk\u0173 gal\u0117site i\u0161bandyti net nei\u0161eidami i\u0161 nam\u0173.\",\"breadcrumb\":{\"@id\":\"https:\/\/skaitytaknyga.lt\/produktas\/patarejas-visiems-kurie-ryztasi-gydytis-patys\/#breadcrumb\"},\"inLanguage\":\"en-GB\",\"potentialAction\":[{\"@type\":\"ReadAction\",\"target\":[\"https:\/\/skaitytaknyga.lt\/produktas\/patarejas-visiems-kurie-ryztasi-gydytis-patys\/\"]}]},{\"@type\":\"ImageObject\",\"inLanguage\":\"en-GB\",\"@id\":\"https:\/\/skaitytaknyga.lt\/produktas\/patarejas-visiems-kurie-ryztasi-gydytis-patys\/#primaryimage\",\"url\":\"https:\/\/skaitytaknyga.lt\/wp-content\/uploads\/2025\/02\/Patarejas-visiems-kurie-ryztasi-gydytis-patys.webp\",\"contentUrl\":\"https:\/\/skaitytaknyga.lt\/wp-content\/uploads\/2025\/02\/Patarejas-visiems-kurie-ryztasi-gydytis-patys.webp\",\"width\":512,\"height\":799,\"caption\":\"Patar\u0117jas visiems, kurie ry\u017etasi gydytis patys\"},{\"@type\":\"BreadcrumbList\",\"@id\":\"https:\/\/skaitytaknyga.lt\/produktas\/patarejas-visiems-kurie-ryztasi-gydytis-patys\/#breadcrumb\",\"itemListElement\":[{\"@type\":\"ListItem\",\"position\":1,\"name\":\"Home\",\"item\":\"https:\/\/skaitytaknyga.lt\/\"},{\"@type\":\"ListItem\",\"position\":2,\"name\":\"Parduotuv\u0117\",\"item\":\"https:\/\/skaitytaknyga.lt\/knygu-parduotuve\/\"},{\"@type\":\"ListItem\",\"position\":3,\"name\":\"Patar\u0117jas visiems, kurie ry\u017etasi gydytis patys\"}]},{\"@type\":\"WebSite\",\"@id\":\"https:\/\/skaitytaknyga.lt\/#website\",\"url\":\"https:\/\/skaitytaknyga.lt\/\",\"name\":\"skaitytaknyga.lt\",\"description\":\"Skaitytaknyga.lt \u2013 tai ma\u017eas \u0161eimos verslas, kuris prasid\u0117jo nuo meil\u0117s knygoms ir siekio i\u0161gelb\u0117ti knygas nuo likimo prie konteinerio. Kas vienam nereikalingas daiktas \u2013 kitam lobis, o mes esame tarpininkai, kurie padeda abiems tapti laimingesniems ???? \u017dinome kaip nelengva i\u0161gyventi ma\u017eiems verslams, tad nuo \u0161iol, \u010dia rasite ir kit\u0173, ma\u017e\u0173 \u0161eim\u0173 versl\u0173, rank\u0173 darbo, dovan\u0173 sau ir artimiesiems.\",\"publisher\":{\"@id\":\"https:\/\/skaitytaknyga.lt\/#organization\"},\"potentialAction\":[{\"@type\":\"SearchAction\",\"target\":{\"@type\":\"EntryPoint\",\"urlTemplate\":\"https:\/\/skaitytaknyga.lt\/?s={search_term_string}\"},\"query-input\":{\"@type\":\"PropertyValueSpecification\",\"valueRequired\":true,\"valueName\":\"search_term_string\"}}],\"inLanguage\":\"en-GB\"},{\"@type\":\"Organization\",\"@id\":\"https:\/\/skaitytaknyga.lt\/#organization\",\"name\":\"skaitytaknyga.lt\",\"url\":\"https:\/\/skaitytaknyga.lt\/\",\"logo\":{\"@type\":\"ImageObject\",\"inLanguage\":\"en-GB\",\"@id\":\"https:\/\/skaitytaknyga.lt\/#\/schema\/logo\/image\/\",\"url\":\"https:\/\/skaitytaknyga.lt\/wp-content\/uploads\/2024\/05\/cropped-cropped-cropped-02_00843_jt3bggkj1j3HLc7SyY6rEUpg.jpeg\",\"contentUrl\":\"https:\/\/skaitytaknyga.lt\/wp-content\/uploads\/2024\/05\/cropped-cropped-cropped-02_00843_jt3bggkj1j3HLc7SyY6rEUpg.jpeg\",\"width\":1600,\"height\":1600,\"caption\":\"skaitytaknyga.lt\"},\"image\":{\"@id\":\"https:\/\/skaitytaknyga.lt\/#\/schema\/logo\/image\/\"},\"sameAs\":[\"https:\/\/www.facebook.com\/skaitytaknyga\/\"]}]}<\/script>\n<!-- \/ Yoast SEO plugin. -->","yoast_head_json":{"title":"Patar\u0117jas visiems, kurie ry\u017etasi gydytis patys","description":"\u0160ioje knygoje - 1001 patarimas apie \u012fvairiausias J\u016bs\u0173 negalias. Jos privalumas: daugel\u012f paprast\u0173 dalyk\u0173 gal\u0117site i\u0161bandyti net nei\u0161eidami i\u0161 nam\u0173.","robots":{"index":"index","follow":"follow","max-snippet":"max-snippet:-1","max-image-preview":"max-image-preview:large","max-video-preview":"max-video-preview:-1"},"canonical":"https:\/\/skaitytaknyga.lt\/en\/produktas\/patarejas-visiems-kurie-ryztasi-gydytis-patys\/","og_locale":"en_GB","og_type":"article","og_title":"[:lt]Patar\u0117jas visiems, kurie ry\u017etasi gydytis patys[:] - Skaitytaknyga","og_description":"\u0160ioje knygoje - 1001 patarimas apie \u012fvairiausias J\u016bs\u0173 negalias. Jos privalumas: daugel\u012f paprast\u0173 dalyk\u0173 gal\u0117site i\u0161bandyti net nei\u0161eidami i\u0161 nam\u0173.","og_url":"https:\/\/skaitytaknyga.lt\/en\/produktas\/patarejas-visiems-kurie-ryztasi-gydytis-patys\/","og_site_name":"Skaitytaknyga","article_publisher":"https:\/\/www.facebook.com\/skaitytaknyga\/","article_modified_time":"2026-03-18T08:05:25+00:00","og_image":[{"width":512,"height":799,"url":"https:\/\/skaitytaknyga.lt\/wp-content\/uploads\/2025\/02\/Patarejas-visiems-kurie-ryztasi-gydytis-patys.webp","type":"image\/webp"}],"twitter_card":"summary_large_image","twitter_misc":{"Estimated reading time":"1 minute"},"schema":{"@context":"https:\/\/schema.org","@graph":[{"@type":"WebPage","@id":"https:\/\/skaitytaknyga.lt\/produktas\/patarejas-visiems-kurie-ryztasi-gydytis-patys\/","url":"https:\/\/skaitytaknyga.lt\/produktas\/patarejas-visiems-kurie-ryztasi-gydytis-patys\/","name":"Patar\u0117jas visiems, kurie ry\u017etasi gydytis patys","isPartOf":{"@id":"https:\/\/skaitytaknyga.lt\/#website"},"primaryImageOfPage":{"@id":"https:\/\/skaitytaknyga.lt\/produktas\/patarejas-visiems-kurie-ryztasi-gydytis-patys\/#primaryimage"},"image":{"@id":"https:\/\/skaitytaknyga.lt\/produktas\/patarejas-visiems-kurie-ryztasi-gydytis-patys\/#primaryimage"},"thumbnailUrl":"https:\/\/skaitytaknyga.lt\/wp-content\/uploads\/2025\/02\/Patarejas-visiems-kurie-ryztasi-gydytis-patys.webp","datePublished":"2025-02-05T09:29:57+00:00","dateModified":"2026-03-18T08:05:25+00:00","description":"\u0160ioje knygoje - 1001 patarimas apie \u012fvairiausias J\u016bs\u0173 negalias. Jos privalumas: daugel\u012f paprast\u0173 dalyk\u0173 gal\u0117site i\u0161bandyti net nei\u0161eidami i\u0161 nam\u0173.","breadcrumb":{"@id":"https:\/\/skaitytaknyga.lt\/produktas\/patarejas-visiems-kurie-ryztasi-gydytis-patys\/#breadcrumb"},"inLanguage":"en-GB","potentialAction":[{"@type":"ReadAction","target":["https:\/\/skaitytaknyga.lt\/produktas\/patarejas-visiems-kurie-ryztasi-gydytis-patys\/"]}]},{"@type":"ImageObject","inLanguage":"en-GB","@id":"https:\/\/skaitytaknyga.lt\/produktas\/patarejas-visiems-kurie-ryztasi-gydytis-patys\/#primaryimage","url":"https:\/\/skaitytaknyga.lt\/wp-content\/uploads\/2025\/02\/Patarejas-visiems-kurie-ryztasi-gydytis-patys.webp","contentUrl":"https:\/\/skaitytaknyga.lt\/wp-content\/uploads\/2025\/02\/Patarejas-visiems-kurie-ryztasi-gydytis-patys.webp","width":512,"height":799,"caption":"Patar\u0117jas visiems, kurie ry\u017etasi gydytis patys"},{"@type":"BreadcrumbList","@id":"https:\/\/skaitytaknyga.lt\/produktas\/patarejas-visiems-kurie-ryztasi-gydytis-patys\/#breadcrumb","itemListElement":[{"@type":"ListItem","position":1,"name":"Home","item":"https:\/\/skaitytaknyga.lt\/"},{"@type":"ListItem","position":2,"name":"Parduotuv\u0117","item":"https:\/\/skaitytaknyga.lt\/knygu-parduotuve\/"},{"@type":"ListItem","position":3,"name":"Patar\u0117jas visiems, kurie ry\u017etasi gydytis patys"}]},{"@type":"WebSite","@id":"https:\/\/skaitytaknyga.lt\/#website","url":"https:\/\/skaitytaknyga.lt\/","name":"skaitytaknyga.lt","description":"Skaitytaknyga.lt \u2013 tai ma\u017eas \u0161eimos verslas, kuris prasid\u0117jo nuo meil\u0117s knygoms ir siekio i\u0161gelb\u0117ti knygas nuo likimo prie konteinerio. Kas vienam nereikalingas daiktas \u2013 kitam lobis, o mes esame tarpininkai, kurie padeda abiems tapti laimingesniems ???? \u017dinome kaip nelengva i\u0161gyventi ma\u017eiems verslams, tad nuo \u0161iol, \u010dia rasite ir kit\u0173, ma\u017e\u0173 \u0161eim\u0173 versl\u0173, rank\u0173 darbo, dovan\u0173 sau ir artimiesiems.","publisher":{"@id":"https:\/\/skaitytaknyga.lt\/#organization"},"potentialAction":[{"@type":"SearchAction","target":{"@type":"EntryPoint","urlTemplate":"https:\/\/skaitytaknyga.lt\/?s={search_term_string}"},"query-input":{"@type":"PropertyValueSpecification","valueRequired":true,"valueName":"search_term_string"}}],"inLanguage":"en-GB"},{"@type":"Organization","@id":"https:\/\/skaitytaknyga.lt\/#organization","name":"skaitytaknyga.lt","url":"https:\/\/skaitytaknyga.lt\/","logo":{"@type":"ImageObject","inLanguage":"en-GB","@id":"https:\/\/skaitytaknyga.lt\/#\/schema\/logo\/image\/","url":"https:\/\/skaitytaknyga.lt\/wp-content\/uploads\/2024\/05\/cropped-cropped-cropped-02_00843_jt3bggkj1j3HLc7SyY6rEUpg.jpeg","contentUrl":"https:\/\/skaitytaknyga.lt\/wp-content\/uploads\/2024\/05\/cropped-cropped-cropped-02_00843_jt3bggkj1j3HLc7SyY6rEUpg.jpeg","width":1600,"height":1600,"caption":"skaitytaknyga.lt"},"image":{"@id":"https:\/\/skaitytaknyga.lt\/#\/schema\/logo\/image\/"},"sameAs":["https:\/\/www.facebook.com\/skaitytaknyga\/"]}]}},"_links":{"self":[{"href":"https:\/\/skaitytaknyga.lt\/en\/wp-json\/wp\/v2\/product\/16687","targetHints":{"allow":["GET"]}}],"collection":[{"href":"https:\/\/skaitytaknyga.lt\/en\/wp-json\/wp\/v2\/product"}],"about":[{"href":"https:\/\/skaitytaknyga.lt\/en\/wp-json\/wp\/v2\/types\/product"}],"replies":[{"embeddable":true,"href":"https:\/\/skaitytaknyga.lt\/en\/wp-json\/wp\/v2\/comments?post=16687"}],"wp:featuredmedia":[{"embeddable":true,"href":"https:\/\/skaitytaknyga.lt\/en\/wp-json\/wp\/v2\/media\/16688"}],"wp:attachment":[{"href":"https:\/\/skaitytaknyga.lt\/en\/wp-json\/wp\/v2\/media?parent=16687"}],"wp:term":[{"taxonomy":"product_brand","embeddable":true,"href":"https:\/\/skaitytaknyga.lt\/en\/wp-json\/wp\/v2\/product_brand?post=16687"},{"taxonomy":"product_cat","embeddable":true,"href":"https:\/\/skaitytaknyga.lt\/en\/wp-json\/wp\/v2\/product_cat?post=16687"},{"taxonomy":"product_tag","embeddable":true,"href":"https:\/\/skaitytaknyga.lt\/en\/wp-json\/wp\/v2\/product_tag?post=16687"}],"curies":[{"name":"wp","href":"https:\/\/api.w.org\/{rel}","templated":true}]}}