{"id":16683,"date":"2025-02-05T11:21:03","date_gmt":"2025-02-05T09:21:03","guid":{"rendered":"https:\/\/skaitytaknyga.lt\/?post_type=product&#038;p=16683"},"modified":"2026-01-12T21:01:35","modified_gmt":"2026-01-12T19:01:35","slug":"suzeistas-vejas","status":"publish","type":"product","link":"https:\/\/skaitytaknyga.lt\/en\/produktas\/suzeistas-vejas\/","title":{"rendered":"Su\u017eeistas v\u0117jas"},"content":{"rendered":"<p>\u0160ioje knygoje pateikta lietuvi\u0173 mitologin\u0117s sakm\u0117s. Jos pateiktos ne \u0161iaip sau kaip pasak\u0117l\u0117s, o rimti pasakojimai, kitados buv\u0119 perduodami i\u0161 l\u016bp\u0173 \u012f l\u016bpas norint supa\u017eindinti su nepaprastais vienoje ar kitoje apylink\u0117je \u012fvykusiais neva tikrais atsitikimais.<\/p>\n<p>Kaimo \u017emon\u0117s \u0161iuos pasakojimus vadina tiesiog atsitikimais, nutikimais, o tautosakininkai &#8211; motologin\u0117mis sakm\u0117mis. Sakm\u0117se yra sukauptas didelis m\u016bs\u0173 prot\u0117vi\u0173 patyrimas, tik i\u0161reik\u0161tas sunkiai suvokiamais fantastiniais vaizdais, kuriuos, atid\u017eiai skaitant, reikia stengtis suprasti ir i\u0161\u0161ifruoti. O i\u0161\u0161ifruoti juos padeda mitologijos mokslas.<\/p>\n<ul class=\"about-product d-none d-xl-block mt-4\">\n<li><strong>Leid\u0117jas:<\/strong>\u00a0Vyturys<\/li>\n<li><strong>Metai:<\/strong>\u00a01987<\/li>\n<li><strong>Puslapiai:<\/strong>\u00a0229<\/li>\n<li class=\"toggleable type-new-formats \"><strong>Formatas:<\/strong>\u00a020 x 26 cm, kieti vir\u0161eliai<\/li>\n<li><strong>Kalba:<\/strong>\u00a0Lietuvi\u0173<\/li>\n<\/ul>\n","protected":false},"excerpt":{"rendered":"<p>\u0160ioje knygoje pateikta lietuvi\u0173 mitologin\u0117s sakm\u0117s. Jos pateiktos ne \u0161iaip sau kaip pasak\u0117l\u0117s, o rimti pasakojimai, kitados buv\u0119 perduodami i\u0161 l\u016bp\u0173 \u012f l\u016bpas norint supa\u017eindinti su nepaprastais vienoje ar kitoje apylink\u0117je \u012fvykusiais neva tikrais atsitikimais. Kaimo \u017emon\u0117s \u0161iuos pasakojimus vadina tiesiog atsitikimais, nutikimais, o tautosakininkai &#8211; motologin\u0117mis sakm\u0117mis. Sakm\u0117se yra sukauptas didelis m\u016bs\u0173 prot\u0117vi\u0173 patyrimas, tik i\u0161reik\u0161tas sunkiai suvokiamais fantastiniais vaizdais, kuriuos, atid\u017eiai skaitant, reikia stengtis suprasti ir i\u0161\u0161ifruoti. O i\u0161\u0161ifruoti juos padeda mitologijos mokslas. Leid\u0117jas:\u00a0Vyturys Metai:\u00a01987 Puslapiai:\u00a0229 Formatas:\u00a020 x 26 cm, kieti vir\u0161eliai Kalba:\u00a0Lietuvi\u0173<\/p>\n","protected":false},"featured_media":16684,"comment_status":"closed","ping_status":"closed","template":"","meta":{"_acf_changed":false,"site-sidebar-layout":"default","site-content-layout":"","ast-site-content-layout":"default","site-content-style":"default","site-sidebar-style":"default","ast-global-header-display":"","ast-banner-title-visibility":"","ast-main-header-display":"","ast-hfb-above-header-display":"","ast-hfb-below-header-display":"","ast-hfb-mobile-header-display":"","site-post-title":"","ast-breadcrumbs-content":"","ast-featured-img":"","footer-sml-layout":"","ast-disable-related-posts":"","theme-transparent-header-meta":"default","adv-header-id-meta":"","stick-header-meta":"","header-above-stick-meta":"","header-main-stick-meta":"","header-below-stick-meta":"","astra-migrate-meta-layouts":"set","ast-page-background-enabled":"default","ast-page-background-meta":{"desktop":{"background-color":"","background-image":"","background-repeat":"repeat","background-position":"center center","background-size":"auto","background-attachment":"scroll","background-type":"","background-media":"","overlay-type":"","overlay-color":"","overlay-opacity":"","overlay-gradient":""},"tablet":{"background-color":"","background-image":"","background-repeat":"repeat","background-position":"center center","background-size":"auto","background-attachment":"scroll","background-type":"","background-media":"","overlay-type":"","overlay-color":"","overlay-opacity":"","overlay-gradient":""},"mobile":{"background-color":"","background-image":"","background-repeat":"repeat","background-position":"center center","background-size":"auto","background-attachment":"scroll","background-type":"","background-media":"","overlay-type":"","overlay-color":"","overlay-opacity":"","overlay-gradient":""}},"ast-content-background-meta":{"desktop":{"background-color":"var(--ast-global-color-4)","background-image":"","background-repeat":"repeat","background-position":"center center","background-size":"auto","background-attachment":"scroll","background-type":"","background-media":"","overlay-type":"","overlay-color":"","overlay-opacity":"","overlay-gradient":""},"tablet":{"background-color":"var(--ast-global-color-4)","background-image":"","background-repeat":"repeat","background-position":"center center","background-size":"auto","background-attachment":"scroll","background-type":"","background-media":"","overlay-type":"","overlay-color":"","overlay-opacity":"","overlay-gradient":""},"mobile":{"background-color":"var(--ast-global-color-4)","background-image":"","background-repeat":"repeat","background-position":"center center","background-size":"auto","background-attachment":"scroll","background-type":"","background-media":"","overlay-type":"","overlay-color":"","overlay-opacity":"","overlay-gradient":""}}},"product_brand":[],"product_cat":[31],"product_tag":[],"class_list":{"0":"post-16683","1":"product","2":"type-product","3":"status-publish","4":"has-post-thumbnail","6":"product_cat-grozine-literatura","7":"pa_leidimo-metai-645","8":"desktop-align-left","9":"tablet-align-left","10":"mobile-align-left","12":"first","13":"outofstock","14":"shipping-taxable","15":"purchasable","16":"product-type-simple"},"acf":[],"yoast_head":"<!-- This site is optimized with the Yoast SEO plugin v27.0 - https:\/\/yoast.com\/product\/yoast-seo-wordpress\/ -->\n<title>Su\u017eeistas v\u0117jas<\/title>\n<meta name=\"description\" content=\"\u0160ioje knygoje pateikta lietuvi\u0173 mitologin\u0117s sakm\u0117s. Jos pateiktos ne \u0161iaip sau kaip pasak\u0117l\u0117s, o rimti pasakojimai, kitados buv\u0119 perduodami i\u0161 l\u016bp\u0173 \u012f\" \/>\n<meta name=\"robots\" content=\"index, follow, max-snippet:-1, max-image-preview:large, max-video-preview:-1\" \/>\n<link rel=\"canonical\" href=\"https:\/\/skaitytaknyga.lt\/en\/produktas\/suzeistas-vejas\/\" \/>\n<meta property=\"og:locale\" content=\"en_GB\" \/>\n<meta property=\"og:locale:alternate\" content=\"lt_LT\" \/>\n<meta property=\"og:type\" content=\"article\" \/>\n<meta property=\"og:title\" content=\"Su\u017eeistas v\u0117jas\" \/>\n<meta property=\"og:description\" content=\"\u0160ioje knygoje pateikta lietuvi\u0173 mitologin\u0117s sakm\u0117s. Jos pateiktos ne \u0161iaip sau kaip pasak\u0117l\u0117s, o rimti pasakojimai, kitados buv\u0119 perduodami i\u0161 l\u016bp\u0173 \u012f\" \/>\n<meta property=\"og:url\" content=\"https:\/\/skaitytaknyga.lt\/en\/produktas\/suzeistas-vejas\/\" \/>\n<meta property=\"og:site_name\" content=\"Skaitytaknyga\" \/>\n<meta property=\"article:publisher\" content=\"https:\/\/www.facebook.com\/skaitytaknyga\/\" \/>\n<meta property=\"article:modified_time\" content=\"2026-01-12T19:01:35+00:00\" \/>\n<meta property=\"og:image\" content=\"https:\/\/skaitytaknyga.lt\/wp-content\/uploads\/2025\/02\/Suzeistas-vejas.webp\" \/>\n\t<meta property=\"og:image:width\" content=\"580\" \/>\n\t<meta property=\"og:image:height\" content=\"800\" \/>\n\t<meta property=\"og:image:type\" content=\"image\/webp\" \/>\n<meta name=\"twitter:card\" content=\"summary_large_image\" \/>\n<meta name=\"twitter:label1\" content=\"Estimated reading time\" \/>\n\t<meta name=\"twitter:data1\" content=\"1 minute\" \/>\n<script type=\"application\/ld+json\" class=\"yoast-schema-graph\">{\"@context\":\"https:\/\/schema.org\",\"@graph\":[{\"@type\":\"WebPage\",\"@id\":\"https:\/\/skaitytaknyga.lt\/produktas\/suzeistas-vejas\/\",\"url\":\"https:\/\/skaitytaknyga.lt\/produktas\/suzeistas-vejas\/\",\"name\":\"Su\u017eeistas v\u0117jas\",\"isPartOf\":{\"@id\":\"https:\/\/skaitytaknyga.lt\/#website\"},\"primaryImageOfPage\":{\"@id\":\"https:\/\/skaitytaknyga.lt\/produktas\/suzeistas-vejas\/#primaryimage\"},\"image\":{\"@id\":\"https:\/\/skaitytaknyga.lt\/produktas\/suzeistas-vejas\/#primaryimage\"},\"thumbnailUrl\":\"https:\/\/skaitytaknyga.lt\/wp-content\/uploads\/2025\/02\/Suzeistas-vejas.webp\",\"datePublished\":\"2025-02-05T09:21:03+00:00\",\"dateModified\":\"2026-01-12T19:01:35+00:00\",\"description\":\"\u0160ioje knygoje pateikta lietuvi\u0173 mitologin\u0117s sakm\u0117s. Jos pateiktos ne \u0161iaip sau kaip pasak\u0117l\u0117s, o rimti pasakojimai, kitados buv\u0119 perduodami i\u0161 l\u016bp\u0173 \u012f\",\"breadcrumb\":{\"@id\":\"https:\/\/skaitytaknyga.lt\/produktas\/suzeistas-vejas\/#breadcrumb\"},\"inLanguage\":\"en-GB\",\"potentialAction\":[{\"@type\":\"ReadAction\",\"target\":[\"https:\/\/skaitytaknyga.lt\/produktas\/suzeistas-vejas\/\"]}]},{\"@type\":\"ImageObject\",\"inLanguage\":\"en-GB\",\"@id\":\"https:\/\/skaitytaknyga.lt\/produktas\/suzeistas-vejas\/#primaryimage\",\"url\":\"https:\/\/skaitytaknyga.lt\/wp-content\/uploads\/2025\/02\/Suzeistas-vejas.webp\",\"contentUrl\":\"https:\/\/skaitytaknyga.lt\/wp-content\/uploads\/2025\/02\/Suzeistas-vejas.webp\",\"width\":580,\"height\":800,\"caption\":\"Su\u017eeistas v\u0117jas\"},{\"@type\":\"BreadcrumbList\",\"@id\":\"https:\/\/skaitytaknyga.lt\/produktas\/suzeistas-vejas\/#breadcrumb\",\"itemListElement\":[{\"@type\":\"ListItem\",\"position\":1,\"name\":\"Home\",\"item\":\"https:\/\/skaitytaknyga.lt\/\"},{\"@type\":\"ListItem\",\"position\":2,\"name\":\"Parduotuv\u0117\",\"item\":\"https:\/\/skaitytaknyga.lt\/knygu-parduotuve\/\"},{\"@type\":\"ListItem\",\"position\":3,\"name\":\"Su\u017eeistas v\u0117jas\"}]},{\"@type\":\"WebSite\",\"@id\":\"https:\/\/skaitytaknyga.lt\/#website\",\"url\":\"https:\/\/skaitytaknyga.lt\/\",\"name\":\"skaitytaknyga.lt\",\"description\":\"Skaitytaknyga.lt \u2013 tai ma\u017eas \u0161eimos verslas, kuris prasid\u0117jo nuo meil\u0117s knygoms ir siekio i\u0161gelb\u0117ti knygas nuo likimo prie konteinerio. Kas vienam nereikalingas daiktas \u2013 kitam lobis, o mes esame tarpininkai, kurie padeda abiems tapti laimingesniems ???? \u017dinome kaip nelengva i\u0161gyventi ma\u017eiems verslams, tad nuo \u0161iol, \u010dia rasite ir kit\u0173, ma\u017e\u0173 \u0161eim\u0173 versl\u0173, rank\u0173 darbo, dovan\u0173 sau ir artimiesiems.\",\"publisher\":{\"@id\":\"https:\/\/skaitytaknyga.lt\/#organization\"},\"potentialAction\":[{\"@type\":\"SearchAction\",\"target\":{\"@type\":\"EntryPoint\",\"urlTemplate\":\"https:\/\/skaitytaknyga.lt\/?s={search_term_string}\"},\"query-input\":{\"@type\":\"PropertyValueSpecification\",\"valueRequired\":true,\"valueName\":\"search_term_string\"}}],\"inLanguage\":\"en-GB\"},{\"@type\":\"Organization\",\"@id\":\"https:\/\/skaitytaknyga.lt\/#organization\",\"name\":\"skaitytaknyga.lt\",\"url\":\"https:\/\/skaitytaknyga.lt\/\",\"logo\":{\"@type\":\"ImageObject\",\"inLanguage\":\"en-GB\",\"@id\":\"https:\/\/skaitytaknyga.lt\/#\/schema\/logo\/image\/\",\"url\":\"https:\/\/skaitytaknyga.lt\/wp-content\/uploads\/2024\/05\/cropped-cropped-cropped-02_00843_jt3bggkj1j3HLc7SyY6rEUpg.jpeg\",\"contentUrl\":\"https:\/\/skaitytaknyga.lt\/wp-content\/uploads\/2024\/05\/cropped-cropped-cropped-02_00843_jt3bggkj1j3HLc7SyY6rEUpg.jpeg\",\"width\":1600,\"height\":1600,\"caption\":\"skaitytaknyga.lt\"},\"image\":{\"@id\":\"https:\/\/skaitytaknyga.lt\/#\/schema\/logo\/image\/\"},\"sameAs\":[\"https:\/\/www.facebook.com\/skaitytaknyga\/\"]}]}<\/script>\n<!-- \/ Yoast SEO plugin. -->","yoast_head_json":{"title":"Su\u017eeistas v\u0117jas","description":"\u0160ioje knygoje pateikta lietuvi\u0173 mitologin\u0117s sakm\u0117s. Jos pateiktos ne \u0161iaip sau kaip pasak\u0117l\u0117s, o rimti pasakojimai, kitados buv\u0119 perduodami i\u0161 l\u016bp\u0173 \u012f","robots":{"index":"index","follow":"follow","max-snippet":"max-snippet:-1","max-image-preview":"max-image-preview:large","max-video-preview":"max-video-preview:-1"},"canonical":"https:\/\/skaitytaknyga.lt\/en\/produktas\/suzeistas-vejas\/","og_locale":"en_GB","og_type":"article","og_title":"[:lt]Su\u017eeistas v\u0117jas[:] - Skaitytaknyga","og_description":"\u0160ioje knygoje pateikta lietuvi\u0173 mitologin\u0117s sakm\u0117s. Jos pateiktos ne \u0161iaip sau kaip pasak\u0117l\u0117s, o rimti pasakojimai, kitados buv\u0119 perduodami i\u0161 l\u016bp\u0173 \u012f","og_url":"https:\/\/skaitytaknyga.lt\/en\/produktas\/suzeistas-vejas\/","og_site_name":"Skaitytaknyga","article_publisher":"https:\/\/www.facebook.com\/skaitytaknyga\/","article_modified_time":"2026-01-12T19:01:35+00:00","og_image":[{"width":580,"height":800,"url":"https:\/\/skaitytaknyga.lt\/wp-content\/uploads\/2025\/02\/Suzeistas-vejas.webp","type":"image\/webp"}],"twitter_card":"summary_large_image","twitter_misc":{"Estimated reading time":"1 minute"},"schema":{"@context":"https:\/\/schema.org","@graph":[{"@type":"WebPage","@id":"https:\/\/skaitytaknyga.lt\/produktas\/suzeistas-vejas\/","url":"https:\/\/skaitytaknyga.lt\/produktas\/suzeistas-vejas\/","name":"Su\u017eeistas v\u0117jas","isPartOf":{"@id":"https:\/\/skaitytaknyga.lt\/#website"},"primaryImageOfPage":{"@id":"https:\/\/skaitytaknyga.lt\/produktas\/suzeistas-vejas\/#primaryimage"},"image":{"@id":"https:\/\/skaitytaknyga.lt\/produktas\/suzeistas-vejas\/#primaryimage"},"thumbnailUrl":"https:\/\/skaitytaknyga.lt\/wp-content\/uploads\/2025\/02\/Suzeistas-vejas.webp","datePublished":"2025-02-05T09:21:03+00:00","dateModified":"2026-01-12T19:01:35+00:00","description":"\u0160ioje knygoje pateikta lietuvi\u0173 mitologin\u0117s sakm\u0117s. Jos pateiktos ne \u0161iaip sau kaip pasak\u0117l\u0117s, o rimti pasakojimai, kitados buv\u0119 perduodami i\u0161 l\u016bp\u0173 \u012f","breadcrumb":{"@id":"https:\/\/skaitytaknyga.lt\/produktas\/suzeistas-vejas\/#breadcrumb"},"inLanguage":"en-GB","potentialAction":[{"@type":"ReadAction","target":["https:\/\/skaitytaknyga.lt\/produktas\/suzeistas-vejas\/"]}]},{"@type":"ImageObject","inLanguage":"en-GB","@id":"https:\/\/skaitytaknyga.lt\/produktas\/suzeistas-vejas\/#primaryimage","url":"https:\/\/skaitytaknyga.lt\/wp-content\/uploads\/2025\/02\/Suzeistas-vejas.webp","contentUrl":"https:\/\/skaitytaknyga.lt\/wp-content\/uploads\/2025\/02\/Suzeistas-vejas.webp","width":580,"height":800,"caption":"Su\u017eeistas v\u0117jas"},{"@type":"BreadcrumbList","@id":"https:\/\/skaitytaknyga.lt\/produktas\/suzeistas-vejas\/#breadcrumb","itemListElement":[{"@type":"ListItem","position":1,"name":"Home","item":"https:\/\/skaitytaknyga.lt\/"},{"@type":"ListItem","position":2,"name":"Parduotuv\u0117","item":"https:\/\/skaitytaknyga.lt\/knygu-parduotuve\/"},{"@type":"ListItem","position":3,"name":"Su\u017eeistas v\u0117jas"}]},{"@type":"WebSite","@id":"https:\/\/skaitytaknyga.lt\/#website","url":"https:\/\/skaitytaknyga.lt\/","name":"skaitytaknyga.lt","description":"Skaitytaknyga.lt \u2013 tai ma\u017eas \u0161eimos verslas, kuris prasid\u0117jo nuo meil\u0117s knygoms ir siekio i\u0161gelb\u0117ti knygas nuo likimo prie konteinerio. Kas vienam nereikalingas daiktas \u2013 kitam lobis, o mes esame tarpininkai, kurie padeda abiems tapti laimingesniems ???? \u017dinome kaip nelengva i\u0161gyventi ma\u017eiems verslams, tad nuo \u0161iol, \u010dia rasite ir kit\u0173, ma\u017e\u0173 \u0161eim\u0173 versl\u0173, rank\u0173 darbo, dovan\u0173 sau ir artimiesiems.","publisher":{"@id":"https:\/\/skaitytaknyga.lt\/#organization"},"potentialAction":[{"@type":"SearchAction","target":{"@type":"EntryPoint","urlTemplate":"https:\/\/skaitytaknyga.lt\/?s={search_term_string}"},"query-input":{"@type":"PropertyValueSpecification","valueRequired":true,"valueName":"search_term_string"}}],"inLanguage":"en-GB"},{"@type":"Organization","@id":"https:\/\/skaitytaknyga.lt\/#organization","name":"skaitytaknyga.lt","url":"https:\/\/skaitytaknyga.lt\/","logo":{"@type":"ImageObject","inLanguage":"en-GB","@id":"https:\/\/skaitytaknyga.lt\/#\/schema\/logo\/image\/","url":"https:\/\/skaitytaknyga.lt\/wp-content\/uploads\/2024\/05\/cropped-cropped-cropped-02_00843_jt3bggkj1j3HLc7SyY6rEUpg.jpeg","contentUrl":"https:\/\/skaitytaknyga.lt\/wp-content\/uploads\/2024\/05\/cropped-cropped-cropped-02_00843_jt3bggkj1j3HLc7SyY6rEUpg.jpeg","width":1600,"height":1600,"caption":"skaitytaknyga.lt"},"image":{"@id":"https:\/\/skaitytaknyga.lt\/#\/schema\/logo\/image\/"},"sameAs":["https:\/\/www.facebook.com\/skaitytaknyga\/"]}]}},"_links":{"self":[{"href":"https:\/\/skaitytaknyga.lt\/en\/wp-json\/wp\/v2\/product\/16683","targetHints":{"allow":["GET"]}}],"collection":[{"href":"https:\/\/skaitytaknyga.lt\/en\/wp-json\/wp\/v2\/product"}],"about":[{"href":"https:\/\/skaitytaknyga.lt\/en\/wp-json\/wp\/v2\/types\/product"}],"replies":[{"embeddable":true,"href":"https:\/\/skaitytaknyga.lt\/en\/wp-json\/wp\/v2\/comments?post=16683"}],"wp:featuredmedia":[{"embeddable":true,"href":"https:\/\/skaitytaknyga.lt\/en\/wp-json\/wp\/v2\/media\/16684"}],"wp:attachment":[{"href":"https:\/\/skaitytaknyga.lt\/en\/wp-json\/wp\/v2\/media?parent=16683"}],"wp:term":[{"taxonomy":"product_brand","embeddable":true,"href":"https:\/\/skaitytaknyga.lt\/en\/wp-json\/wp\/v2\/product_brand?post=16683"},{"taxonomy":"product_cat","embeddable":true,"href":"https:\/\/skaitytaknyga.lt\/en\/wp-json\/wp\/v2\/product_cat?post=16683"},{"taxonomy":"product_tag","embeddable":true,"href":"https:\/\/skaitytaknyga.lt\/en\/wp-json\/wp\/v2\/product_tag?post=16683"}],"curies":[{"name":"wp","href":"https:\/\/api.w.org\/{rel}","templated":true}]}}