{"id":16680,"date":"2025-02-04T17:47:57","date_gmt":"2025-02-04T15:47:57","guid":{"rendered":"https:\/\/skaitytaknyga.lt\/?post_type=product&#038;p=16680"},"modified":"2025-02-04T17:49:08","modified_gmt":"2025-02-04T15:49:08","slug":"gyvaciu-karalyste","status":"publish","type":"product","link":"https:\/\/skaitytaknyga.lt\/en\/produktas\/gyvaciu-karalyste\/","title":{"rendered":"Gyva\u010di\u0173 karalyst\u0117"},"content":{"rendered":"<p>Vis\u0105 savo gyvenim\u0105 dr. E. \u0160imk\u016bnait\u0117 paskyr\u0117 vaistini\u0173 augal\u0173, liaudies medicinos, kra\u0161totyros tyrimui. Ekspedicij\u0173 metu \u012fvairiose Lietuvos vietov\u0117se tirdama vaistini\u0173 augal\u0173 augimvietes, ji rinko ir tautosak\u0105, \u017eod\u017eius lietuvi\u0173 kalbos \u017eodynui. Surinko j\u0173 t\u016bkstan\u010dius. Dom\u0117josi archeobotanika, talkino archeologams, nustatydama augal\u0173 r\u016b\u0161is ir am\u017ei\u0173 i\u0161 kasin\u0117jim\u0173 metu rast\u0173 gaisraviet\u0117se suangl\u0117jusi\u0173 augal\u0173 liekan\u0173.<\/p>\n<p>Kartu su J. Urbiene para\u0161\u0117 knyga &#8220;Vaista\u017eol\u0117s&#8221; (1971 m. Vilnius); 1991 m. para\u0161\u0117 ir i\u0161leido pasakas su patarimais ir pamokymais &#8220;Girios medeliai, \u017eali \u017ealiuon\u0117liai&#8221;, &#8220;Gyva\u010di\u0173 karalyst\u0117&#8221; (1993 m.), &#8220;K\u0105 tik \u017eino &#8220;ragana&#8221; arba gyvenimas be table\u010di\u0173&#8221; (1994 m.). Daktar\u0117 daug ra\u0161\u0117 straipsni\u0173 mokslo populiarinimo temomis.<\/p>\n","protected":false},"excerpt":{"rendered":"<p>Vis\u0105 savo gyvenim\u0105 dr. E. \u0160imk\u016bnait\u0117 paskyr\u0117 vaistini\u0173 augal\u0173, liaudies medicinos, kra\u0161totyros tyrimui. Ekspedicij\u0173 metu \u012fvairiose Lietuvos vietov\u0117se tirdama vaistini\u0173 augal\u0173 augimvietes, ji rinko ir tautosak\u0105, \u017eod\u017eius lietuvi\u0173 kalbos \u017eodynui. Surinko j\u0173 t\u016bkstan\u010dius. Dom\u0117josi archeobotanika, talkino archeologams, nustatydama augal\u0173 r\u016b\u0161is ir am\u017ei\u0173 i\u0161 kasin\u0117jim\u0173 metu rast\u0173 gaisraviet\u0117se suangl\u0117jusi\u0173 augal\u0173 liekan\u0173. Kartu su J. Urbiene para\u0161\u0117 knyga &#8220;Vaista\u017eol\u0117s&#8221; (1971 m. Vilnius); 1991 m. para\u0161\u0117 ir i\u0161leido pasakas su patarimais ir pamokymais &#8220;Girios medeliai, \u017eali \u017ealiuon\u0117liai&#8221;, &#8220;Gyva\u010di\u0173 karalyst\u0117&#8221; (1993 m.), &#8220;K\u0105 tik \u017eino &#8220;ragana&#8221; arba gyvenimas be table\u010di\u0173&#8221; (1994 m.). Daktar\u0117 daug ra\u0161\u0117 straipsni\u0173 mokslo populiarinimo temomis.<\/p>\n","protected":false},"featured_media":16681,"comment_status":"closed","ping_status":"closed","template":"","meta":{"_acf_changed":false,"site-sidebar-layout":"default","site-content-layout":"","ast-site-content-layout":"default","site-content-style":"default","site-sidebar-style":"default","ast-global-header-display":"","ast-banner-title-visibility":"","ast-main-header-display":"","ast-hfb-above-header-display":"","ast-hfb-below-header-display":"","ast-hfb-mobile-header-display":"","site-post-title":"","ast-breadcrumbs-content":"","ast-featured-img":"","footer-sml-layout":"","ast-disable-related-posts":"","theme-transparent-header-meta":"default","adv-header-id-meta":"","stick-header-meta":"","header-above-stick-meta":"","header-main-stick-meta":"","header-below-stick-meta":"","astra-migrate-meta-layouts":"set","ast-page-background-enabled":"default","ast-page-background-meta":{"desktop":{"background-color":"","background-image":"","background-repeat":"repeat","background-position":"center center","background-size":"auto","background-attachment":"scroll","background-type":"","background-media":"","overlay-type":"","overlay-color":"","overlay-opacity":"","overlay-gradient":""},"tablet":{"background-color":"","background-image":"","background-repeat":"repeat","background-position":"center center","background-size":"auto","background-attachment":"scroll","background-type":"","background-media":"","overlay-type":"","overlay-color":"","overlay-opacity":"","overlay-gradient":""},"mobile":{"background-color":"","background-image":"","background-repeat":"repeat","background-position":"center center","background-size":"auto","background-attachment":"scroll","background-type":"","background-media":"","overlay-type":"","overlay-color":"","overlay-opacity":"","overlay-gradient":""}},"ast-content-background-meta":{"desktop":{"background-color":"var(--ast-global-color-4)","background-image":"","background-repeat":"repeat","background-position":"center center","background-size":"auto","background-attachment":"scroll","background-type":"","background-media":"","overlay-type":"","overlay-color":"","overlay-opacity":"","overlay-gradient":""},"tablet":{"background-color":"var(--ast-global-color-4)","background-image":"","background-repeat":"repeat","background-position":"center center","background-size":"auto","background-attachment":"scroll","background-type":"","background-media":"","overlay-type":"","overlay-color":"","overlay-opacity":"","overlay-gradient":""},"mobile":{"background-color":"var(--ast-global-color-4)","background-image":"","background-repeat":"repeat","background-position":"center center","background-size":"auto","background-attachment":"scroll","background-type":"","background-media":"","overlay-type":"","overlay-color":"","overlay-opacity":"","overlay-gradient":""}}},"product_brand":[],"product_cat":[269],"product_tag":[],"class_list":{"0":"post-16680","1":"product","2":"type-product","3":"status-publish","4":"has-post-thumbnail","6":"product_cat-gamtos-mokslai","7":"desktop-align-left","8":"tablet-align-left","9":"mobile-align-left","11":"first","12":"instock","13":"shipping-taxable","14":"purchasable","15":"product-type-simple"},"acf":[],"yoast_head":"<!-- This site is optimized with the Yoast SEO plugin v27.4 - https:\/\/yoast.com\/product\/yoast-seo-wordpress\/ -->\n<title>Gyva\u010di\u0173 karalyst\u0117<\/title>\n<meta name=\"description\" content=\"Vis\u0105 savo gyvenim\u0105 dr. E. \u0160imk\u016bnait\u0117 paskyr\u0117 vaistini\u0173 augal\u0173, liaudies medicinos, kra\u0161totyros tyrimui. Ekspedicij\u0173 metu \u012fvairiose Lietuvos vietov\u0117se\" \/>\n<meta name=\"robots\" content=\"index, follow, max-snippet:-1, max-image-preview:large, max-video-preview:-1\" \/>\n<link rel=\"canonical\" href=\"https:\/\/skaitytaknyga.lt\/en\/produktas\/gyvaciu-karalyste\/\" \/>\n<meta property=\"og:locale\" content=\"en_GB\" \/>\n<meta property=\"og:locale:alternate\" content=\"lt_LT\" \/>\n<meta property=\"og:type\" content=\"article\" \/>\n<meta property=\"og:title\" content=\"Gyva\u010di\u0173 karalyst\u0117\" \/>\n<meta property=\"og:description\" content=\"Vis\u0105 savo gyvenim\u0105 dr. E. \u0160imk\u016bnait\u0117 paskyr\u0117 vaistini\u0173 augal\u0173, liaudies medicinos, kra\u0161totyros tyrimui. Ekspedicij\u0173 metu \u012fvairiose Lietuvos vietov\u0117se\" \/>\n<meta property=\"og:url\" content=\"https:\/\/skaitytaknyga.lt\/en\/produktas\/gyvaciu-karalyste\/\" \/>\n<meta property=\"og:site_name\" content=\"Skaitytaknyga\" \/>\n<meta property=\"article:publisher\" content=\"https:\/\/www.facebook.com\/skaitytaknyga\/\" \/>\n<meta property=\"article:modified_time\" content=\"2025-02-04T15:49:08+00:00\" \/>\n<meta property=\"og:image\" content=\"https:\/\/skaitytaknyga.lt\/wp-content\/uploads\/2025\/02\/gyvaciu-karalyste.jpg\" \/>\n\t<meta property=\"og:image:width\" content=\"600\" \/>\n\t<meta property=\"og:image:height\" content=\"761\" \/>\n\t<meta property=\"og:image:type\" content=\"image\/jpeg\" \/>\n<meta name=\"twitter:card\" content=\"summary_large_image\" \/>\n<meta name=\"twitter:label1\" content=\"Estimated reading time\" \/>\n\t<meta name=\"twitter:data1\" content=\"1 minute\" \/>\n<script type=\"application\/ld+json\" class=\"yoast-schema-graph\">{\"@context\":\"https:\\\/\\\/schema.org\",\"@graph\":[{\"@type\":\"WebPage\",\"@id\":\"https:\\\/\\\/skaitytaknyga.lt\\\/produktas\\\/gyvaciu-karalyste\\\/\",\"url\":\"https:\\\/\\\/skaitytaknyga.lt\\\/produktas\\\/gyvaciu-karalyste\\\/\",\"name\":\"Gyva\u010di\u0173 karalyst\u0117\",\"isPartOf\":{\"@id\":\"https:\\\/\\\/skaitytaknyga.lt\\\/#website\"},\"primaryImageOfPage\":{\"@id\":\"https:\\\/\\\/skaitytaknyga.lt\\\/produktas\\\/gyvaciu-karalyste\\\/#primaryimage\"},\"image\":{\"@id\":\"https:\\\/\\\/skaitytaknyga.lt\\\/produktas\\\/gyvaciu-karalyste\\\/#primaryimage\"},\"thumbnailUrl\":\"https:\\\/\\\/skaitytaknyga.lt\\\/wp-content\\\/uploads\\\/2025\\\/02\\\/gyvaciu-karalyste.jpg\",\"datePublished\":\"2025-02-04T15:47:57+00:00\",\"dateModified\":\"2025-02-04T15:49:08+00:00\",\"description\":\"Vis\u0105 savo gyvenim\u0105 dr. E. \u0160imk\u016bnait\u0117 paskyr\u0117 vaistini\u0173 augal\u0173, liaudies medicinos, kra\u0161totyros tyrimui. Ekspedicij\u0173 metu \u012fvairiose Lietuvos vietov\u0117se\",\"breadcrumb\":{\"@id\":\"https:\\\/\\\/skaitytaknyga.lt\\\/produktas\\\/gyvaciu-karalyste\\\/#breadcrumb\"},\"inLanguage\":\"en-GB\",\"potentialAction\":[{\"@type\":\"ReadAction\",\"target\":[\"https:\\\/\\\/skaitytaknyga.lt\\\/produktas\\\/gyvaciu-karalyste\\\/\"]}]},{\"@type\":\"ImageObject\",\"inLanguage\":\"en-GB\",\"@id\":\"https:\\\/\\\/skaitytaknyga.lt\\\/produktas\\\/gyvaciu-karalyste\\\/#primaryimage\",\"url\":\"https:\\\/\\\/skaitytaknyga.lt\\\/wp-content\\\/uploads\\\/2025\\\/02\\\/gyvaciu-karalyste.jpg\",\"contentUrl\":\"https:\\\/\\\/skaitytaknyga.lt\\\/wp-content\\\/uploads\\\/2025\\\/02\\\/gyvaciu-karalyste.jpg\",\"width\":600,\"height\":761,\"caption\":\"Gyva\u010di\u0173 karalyst\u0117\"},{\"@type\":\"BreadcrumbList\",\"@id\":\"https:\\\/\\\/skaitytaknyga.lt\\\/produktas\\\/gyvaciu-karalyste\\\/#breadcrumb\",\"itemListElement\":[{\"@type\":\"ListItem\",\"position\":1,\"name\":\"Home\",\"item\":\"https:\\\/\\\/skaitytaknyga.lt\\\/\"},{\"@type\":\"ListItem\",\"position\":2,\"name\":\"Parduotuv\u0117\",\"item\":\"https:\\\/\\\/skaitytaknyga.lt\\\/knygu-parduotuve\\\/\"},{\"@type\":\"ListItem\",\"position\":3,\"name\":\"Gyva\u010di\u0173 karalyst\u0117\"}]},{\"@type\":\"WebSite\",\"@id\":\"https:\\\/\\\/skaitytaknyga.lt\\\/#website\",\"url\":\"https:\\\/\\\/skaitytaknyga.lt\\\/\",\"name\":\"skaitytaknyga.lt\",\"description\":\"Skaitytaknyga.lt \u2013 tai ma\u017eas \u0161eimos verslas, kuris prasid\u0117jo nuo meil\u0117s knygoms ir siekio i\u0161gelb\u0117ti knygas nuo likimo prie konteinerio. Kas vienam nereikalingas daiktas \u2013 kitam lobis, o mes esame tarpininkai, kurie padeda abiems tapti laimingesniems ???? \u017dinome kaip nelengva i\u0161gyventi ma\u017eiems verslams, tad nuo \u0161iol, \u010dia rasite ir kit\u0173, ma\u017e\u0173 \u0161eim\u0173 versl\u0173, rank\u0173 darbo, dovan\u0173 sau ir artimiesiems.\",\"publisher\":{\"@id\":\"https:\\\/\\\/skaitytaknyga.lt\\\/#organization\"},\"potentialAction\":[{\"@type\":\"SearchAction\",\"target\":{\"@type\":\"EntryPoint\",\"urlTemplate\":\"https:\\\/\\\/skaitytaknyga.lt\\\/?s={search_term_string}\"},\"query-input\":{\"@type\":\"PropertyValueSpecification\",\"valueRequired\":true,\"valueName\":\"search_term_string\"}}],\"inLanguage\":\"en-GB\"},{\"@type\":\"Organization\",\"@id\":\"https:\\\/\\\/skaitytaknyga.lt\\\/#organization\",\"name\":\"skaitytaknyga.lt\",\"url\":\"https:\\\/\\\/skaitytaknyga.lt\\\/\",\"logo\":{\"@type\":\"ImageObject\",\"inLanguage\":\"en-GB\",\"@id\":\"https:\\\/\\\/skaitytaknyga.lt\\\/#\\\/schema\\\/logo\\\/image\\\/\",\"url\":\"https:\\\/\\\/skaitytaknyga.lt\\\/wp-content\\\/uploads\\\/2024\\\/05\\\/cropped-cropped-cropped-02_00843_jt3bggkj1j3HLc7SyY6rEUpg.jpeg\",\"contentUrl\":\"https:\\\/\\\/skaitytaknyga.lt\\\/wp-content\\\/uploads\\\/2024\\\/05\\\/cropped-cropped-cropped-02_00843_jt3bggkj1j3HLc7SyY6rEUpg.jpeg\",\"width\":1600,\"height\":1600,\"caption\":\"skaitytaknyga.lt\"},\"image\":{\"@id\":\"https:\\\/\\\/skaitytaknyga.lt\\\/#\\\/schema\\\/logo\\\/image\\\/\"},\"sameAs\":[\"https:\\\/\\\/www.facebook.com\\\/skaitytaknyga\\\/\"]}]}<\/script>\n<!-- \/ Yoast SEO plugin. -->","yoast_head_json":{"title":"Gyva\u010di\u0173 karalyst\u0117","description":"Vis\u0105 savo gyvenim\u0105 dr. E. \u0160imk\u016bnait\u0117 paskyr\u0117 vaistini\u0173 augal\u0173, liaudies medicinos, kra\u0161totyros tyrimui. Ekspedicij\u0173 metu \u012fvairiose Lietuvos vietov\u0117se","robots":{"index":"index","follow":"follow","max-snippet":"max-snippet:-1","max-image-preview":"max-image-preview:large","max-video-preview":"max-video-preview:-1"},"canonical":"https:\/\/skaitytaknyga.lt\/en\/produktas\/gyvaciu-karalyste\/","og_locale":"en_GB","og_type":"article","og_title":"[:lt]Gyva\u010di\u0173 karalyst\u0117[:] - Skaitytaknyga","og_description":"Vis\u0105 savo gyvenim\u0105 dr. E. \u0160imk\u016bnait\u0117 paskyr\u0117 vaistini\u0173 augal\u0173, liaudies medicinos, kra\u0161totyros tyrimui. Ekspedicij\u0173 metu \u012fvairiose Lietuvos vietov\u0117se","og_url":"https:\/\/skaitytaknyga.lt\/en\/produktas\/gyvaciu-karalyste\/","og_site_name":"Skaitytaknyga","article_publisher":"https:\/\/www.facebook.com\/skaitytaknyga\/","article_modified_time":"2025-02-04T15:49:08+00:00","og_image":[{"width":600,"height":761,"url":"https:\/\/skaitytaknyga.lt\/wp-content\/uploads\/2025\/02\/gyvaciu-karalyste.jpg","type":"image\/jpeg"}],"twitter_card":"summary_large_image","twitter_misc":{"Estimated reading time":"1 minute"},"schema":{"@context":"https:\/\/schema.org","@graph":[{"@type":"WebPage","@id":"https:\/\/skaitytaknyga.lt\/produktas\/gyvaciu-karalyste\/","url":"https:\/\/skaitytaknyga.lt\/produktas\/gyvaciu-karalyste\/","name":"Gyva\u010di\u0173 karalyst\u0117","isPartOf":{"@id":"https:\/\/skaitytaknyga.lt\/#website"},"primaryImageOfPage":{"@id":"https:\/\/skaitytaknyga.lt\/produktas\/gyvaciu-karalyste\/#primaryimage"},"image":{"@id":"https:\/\/skaitytaknyga.lt\/produktas\/gyvaciu-karalyste\/#primaryimage"},"thumbnailUrl":"https:\/\/skaitytaknyga.lt\/wp-content\/uploads\/2025\/02\/gyvaciu-karalyste.jpg","datePublished":"2025-02-04T15:47:57+00:00","dateModified":"2025-02-04T15:49:08+00:00","description":"Vis\u0105 savo gyvenim\u0105 dr. E. \u0160imk\u016bnait\u0117 paskyr\u0117 vaistini\u0173 augal\u0173, liaudies medicinos, kra\u0161totyros tyrimui. Ekspedicij\u0173 metu \u012fvairiose Lietuvos vietov\u0117se","breadcrumb":{"@id":"https:\/\/skaitytaknyga.lt\/produktas\/gyvaciu-karalyste\/#breadcrumb"},"inLanguage":"en-GB","potentialAction":[{"@type":"ReadAction","target":["https:\/\/skaitytaknyga.lt\/produktas\/gyvaciu-karalyste\/"]}]},{"@type":"ImageObject","inLanguage":"en-GB","@id":"https:\/\/skaitytaknyga.lt\/produktas\/gyvaciu-karalyste\/#primaryimage","url":"https:\/\/skaitytaknyga.lt\/wp-content\/uploads\/2025\/02\/gyvaciu-karalyste.jpg","contentUrl":"https:\/\/skaitytaknyga.lt\/wp-content\/uploads\/2025\/02\/gyvaciu-karalyste.jpg","width":600,"height":761,"caption":"Gyva\u010di\u0173 karalyst\u0117"},{"@type":"BreadcrumbList","@id":"https:\/\/skaitytaknyga.lt\/produktas\/gyvaciu-karalyste\/#breadcrumb","itemListElement":[{"@type":"ListItem","position":1,"name":"Home","item":"https:\/\/skaitytaknyga.lt\/"},{"@type":"ListItem","position":2,"name":"Parduotuv\u0117","item":"https:\/\/skaitytaknyga.lt\/knygu-parduotuve\/"},{"@type":"ListItem","position":3,"name":"Gyva\u010di\u0173 karalyst\u0117"}]},{"@type":"WebSite","@id":"https:\/\/skaitytaknyga.lt\/#website","url":"https:\/\/skaitytaknyga.lt\/","name":"skaitytaknyga.lt","description":"Skaitytaknyga.lt \u2013 tai ma\u017eas \u0161eimos verslas, kuris prasid\u0117jo nuo meil\u0117s knygoms ir siekio i\u0161gelb\u0117ti knygas nuo likimo prie konteinerio. Kas vienam nereikalingas daiktas \u2013 kitam lobis, o mes esame tarpininkai, kurie padeda abiems tapti laimingesniems ???? \u017dinome kaip nelengva i\u0161gyventi ma\u017eiems verslams, tad nuo \u0161iol, \u010dia rasite ir kit\u0173, ma\u017e\u0173 \u0161eim\u0173 versl\u0173, rank\u0173 darbo, dovan\u0173 sau ir artimiesiems.","publisher":{"@id":"https:\/\/skaitytaknyga.lt\/#organization"},"potentialAction":[{"@type":"SearchAction","target":{"@type":"EntryPoint","urlTemplate":"https:\/\/skaitytaknyga.lt\/?s={search_term_string}"},"query-input":{"@type":"PropertyValueSpecification","valueRequired":true,"valueName":"search_term_string"}}],"inLanguage":"en-GB"},{"@type":"Organization","@id":"https:\/\/skaitytaknyga.lt\/#organization","name":"skaitytaknyga.lt","url":"https:\/\/skaitytaknyga.lt\/","logo":{"@type":"ImageObject","inLanguage":"en-GB","@id":"https:\/\/skaitytaknyga.lt\/#\/schema\/logo\/image\/","url":"https:\/\/skaitytaknyga.lt\/wp-content\/uploads\/2024\/05\/cropped-cropped-cropped-02_00843_jt3bggkj1j3HLc7SyY6rEUpg.jpeg","contentUrl":"https:\/\/skaitytaknyga.lt\/wp-content\/uploads\/2024\/05\/cropped-cropped-cropped-02_00843_jt3bggkj1j3HLc7SyY6rEUpg.jpeg","width":1600,"height":1600,"caption":"skaitytaknyga.lt"},"image":{"@id":"https:\/\/skaitytaknyga.lt\/#\/schema\/logo\/image\/"},"sameAs":["https:\/\/www.facebook.com\/skaitytaknyga\/"]}]}},"_links":{"self":[{"href":"https:\/\/skaitytaknyga.lt\/en\/wp-json\/wp\/v2\/product\/16680","targetHints":{"allow":["GET"]}}],"collection":[{"href":"https:\/\/skaitytaknyga.lt\/en\/wp-json\/wp\/v2\/product"}],"about":[{"href":"https:\/\/skaitytaknyga.lt\/en\/wp-json\/wp\/v2\/types\/product"}],"replies":[{"embeddable":true,"href":"https:\/\/skaitytaknyga.lt\/en\/wp-json\/wp\/v2\/comments?post=16680"}],"wp:featuredmedia":[{"embeddable":true,"href":"https:\/\/skaitytaknyga.lt\/en\/wp-json\/wp\/v2\/media\/16681"}],"wp:attachment":[{"href":"https:\/\/skaitytaknyga.lt\/en\/wp-json\/wp\/v2\/media?parent=16680"}],"wp:term":[{"taxonomy":"product_brand","embeddable":true,"href":"https:\/\/skaitytaknyga.lt\/en\/wp-json\/wp\/v2\/product_brand?post=16680"},{"taxonomy":"product_cat","embeddable":true,"href":"https:\/\/skaitytaknyga.lt\/en\/wp-json\/wp\/v2\/product_cat?post=16680"},{"taxonomy":"product_tag","embeddable":true,"href":"https:\/\/skaitytaknyga.lt\/en\/wp-json\/wp\/v2\/product_tag?post=16680"}],"curies":[{"name":"wp","href":"https:\/\/api.w.org\/{rel}","templated":true}]}}