{"id":16658,"date":"2025-02-04T12:05:04","date_gmt":"2025-02-04T10:05:04","guid":{"rendered":"https:\/\/skaitytaknyga.lt\/?post_type=product&#038;p=16658"},"modified":"2025-06-11T09:04:02","modified_gmt":"2025-06-11T06:04:02","slug":"kaip-padeti-kenciantiems-nuo-piktuju-dvasiu","status":"publish","type":"product","link":"https:\/\/skaitytaknyga.lt\/en\/produktas\/kaip-padeti-kenciantiems-nuo-piktuju-dvasiu\/","title":{"rendered":"Kaip pad\u0117ti ken\u010diantiems nuo pikt\u0173j\u0173 dvasi\u0173"},"content":{"rendered":"<p>T\u0117vo Bogdano Koca\u0144dos OFMConv parengtame vadove pateikiami trumpi ir prakti\u0161ki patarimai, kaip pad\u0117ti asmenimis, ken\u010diantiems nuo pikt\u0173j\u0173 dvasi\u0173. Tai pagalba visiems, patiriantiems demoni\u0161k\u0173 j\u0117g\u0173 puolim\u0105, bei tiems, kurie padeda pavergtiesiems. Dvasinio gyvenimo erdv\u0117, kurioje visi judame, yra dvasin\u0117s kovos, kurios istorija siekia biblin\u0119 \u017emogaus prad\u017ei\u0105, laukas. Kaip nurodo \u0161v. Paulius, kiekvienas krik\u0161\u010dionis yra pa\u0161auktas pasiprie\u0161inti melo t\u0117vui. Jis, pasinaudodamas \u017emogaus jutimais ir vaizduote, atmintimi ir neatsparumu, taip pat materialiuoju pasauliu, kuriame konkretus asmuo gyvena, per pagund\u0105, i\u0161orin\u012f spaudim\u0105 arba vidin\u0119 obsesij\u0105 puola \u201eDievo \u0161ventov\u0119&#8221; (plg. 1 Kor 3, 16-17) &#8211; kiekvien\u0105 tikint\u012fj\u012f, kuriam meil\u0117 Auk\u0161\u010diausiajam yra pagrindin\u0117 vertyb\u0117. Bogdanas Koca\u0144da OFMConv (1968) &#8211; pranci\u0161konas, teologas, egzorcistas, u\u017esiimantis \u0161viet\u0117ji\u0161ka veikla: seminarais, rekolekcijomis; yra knyg\u0173 ir daugelio straipsni\u0173 dvasin\u0117mis temomis autorius, radijo ir televizijos laid\u0173 dalyvis, universiteto d\u0117stytojas.<\/p>\n<ul class=\"about-product d-none d-xl-block mt-4\">\n<li><strong>Autorius:<\/strong>\u00a0Bogdan Kocanda OFMConv<\/li>\n<li><strong>Leid\u0117jas:<\/strong>\u00a0Aidai<\/li>\n<li><strong>Metai:<\/strong>\u00a02009<\/li>\n<li><strong>Puslapiai:<\/strong>\u00a0130<\/li>\n<li class=\"toggleable type-new-formats \"><strong>ISBN:<\/strong>\u00a09789955656692<\/li>\n<li class=\"toggleable type-new-formats \"><strong>Formatas:<\/strong>\u00a013 x 20 cm, mink\u0161ti vir\u0161eliai<\/li>\n<li><strong>Kalba:<\/strong>\u00a0Lietuvi\u0173<\/li>\n<li><strong>Vert\u0117jas:<\/strong>\u00a0Kristina Ma\u010diulyt\u0117<\/li>\n<\/ul>\n","protected":false},"excerpt":{"rendered":"<p>T\u0117vo Bogdano Koca\u0144dos OFMConv parengtame vadove pateikiami trumpi ir prakti\u0161ki patarimai, kaip pad\u0117ti asmenimis, ken\u010diantiems nuo pikt\u0173j\u0173 dvasi\u0173. Tai pagalba visiems, patiriantiems demoni\u0161k\u0173 j\u0117g\u0173 puolim\u0105, bei tiems, kurie padeda pavergtiesiems. Dvasinio gyvenimo erdv\u0117, kurioje visi judame, yra dvasin\u0117s kovos, kurios istorija siekia biblin\u0119 \u017emogaus prad\u017ei\u0105, laukas. Kaip nurodo \u0161v. Paulius, kiekvienas krik\u0161\u010dionis yra pa\u0161auktas pasiprie\u0161inti melo t\u0117vui. Jis, pasinaudodamas \u017emogaus jutimais ir vaizduote, atmintimi ir neatsparumu, taip pat materialiuoju pasauliu, kuriame konkretus asmuo gyvena, per pagund\u0105, i\u0161orin\u012f spaudim\u0105 arba vidin\u0119 obsesij\u0105 puola \u201eDievo \u0161ventov\u0119&#8221; (plg. 1 Kor 3, 16-17) &#8211; kiekvien\u0105 tikint\u012fj\u012f, kuriam meil\u0117 Auk\u0161\u010diausiajam yra pagrindin\u0117 vertyb\u0117. Bogdanas Koca\u0144da OFMConv (1968) &#8211; pranci\u0161konas, teologas, egzorcistas, u\u017esiimantis \u0161viet\u0117ji\u0161ka veikla: seminarais, rekolekcijomis; yra knyg\u0173 ir daugelio straipsni\u0173 dvasin\u0117mis temomis autorius, radijo ir televizijos laid\u0173 dalyvis, universiteto d\u0117stytojas. Autorius:\u00a0Bogdan Kocanda OFMConv Leid\u0117jas:\u00a0Aidai Metai:\u00a02009 Puslapiai:\u00a0130 ISBN:\u00a09789955656692 Formatas:\u00a013 x 20 cm, mink\u0161ti vir\u0161eliai Kalba:\u00a0Lietuvi\u0173 Vert\u0117jas:\u00a0Kristina Ma\u010diulyt\u0117<\/p>\n","protected":false},"featured_media":16659,"comment_status":"open","ping_status":"closed","template":"","meta":{"_acf_changed":false,"site-sidebar-layout":"default","site-content-layout":"","ast-site-content-layout":"default","site-content-style":"default","site-sidebar-style":"default","ast-global-header-display":"","ast-banner-title-visibility":"","ast-main-header-display":"","ast-hfb-above-header-display":"","ast-hfb-below-header-display":"","ast-hfb-mobile-header-display":"","site-post-title":"","ast-breadcrumbs-content":"","ast-featured-img":"","footer-sml-layout":"","ast-disable-related-posts":"","theme-transparent-header-meta":"default","adv-header-id-meta":"","stick-header-meta":"","header-above-stick-meta":"","header-main-stick-meta":"","header-below-stick-meta":"","astra-migrate-meta-layouts":"set","ast-page-background-enabled":"default","ast-page-background-meta":{"desktop":{"background-color":"","background-image":"","background-repeat":"repeat","background-position":"center center","background-size":"auto","background-attachment":"scroll","background-type":"","background-media":"","overlay-type":"","overlay-color":"","overlay-opacity":"","overlay-gradient":""},"tablet":{"background-color":"","background-image":"","background-repeat":"repeat","background-position":"center center","background-size":"auto","background-attachment":"scroll","background-type":"","background-media":"","overlay-type":"","overlay-color":"","overlay-opacity":"","overlay-gradient":""},"mobile":{"background-color":"","background-image":"","background-repeat":"repeat","background-position":"center center","background-size":"auto","background-attachment":"scroll","background-type":"","background-media":"","overlay-type":"","overlay-color":"","overlay-opacity":"","overlay-gradient":""}},"ast-content-background-meta":{"desktop":{"background-color":"var(--ast-global-color-4)","background-image":"","background-repeat":"repeat","background-position":"center center","background-size":"auto","background-attachment":"scroll","background-type":"","background-media":"","overlay-type":"","overlay-color":"","overlay-opacity":"","overlay-gradient":""},"tablet":{"background-color":"var(--ast-global-color-4)","background-image":"","background-repeat":"repeat","background-position":"center center","background-size":"auto","background-attachment":"scroll","background-type":"","background-media":"","overlay-type":"","overlay-color":"","overlay-opacity":"","overlay-gradient":""},"mobile":{"background-color":"var(--ast-global-color-4)","background-image":"","background-repeat":"repeat","background-position":"center center","background-size":"auto","background-attachment":"scroll","background-type":"","background-media":"","overlay-type":"","overlay-color":"","overlay-opacity":"","overlay-gradient":""}}},"product_brand":[],"product_cat":[165,15],"product_tag":[4903,4905,4904,2277],"class_list":{"0":"post-16658","1":"product","2":"type-product","3":"status-publish","4":"has-post-thumbnail","6":"product_cat-religija-filosofija-ir-ezoterika","7":"product_cat-uncategorized","8":"product_tag-bogdan-kocanda","9":"product_tag-dvasine-kova","10":"product_tag-egzorcizmas","11":"product_tag-religija","12":"desktop-align-left","13":"tablet-align-left","14":"mobile-align-left","16":"first","17":"outofstock","18":"shipping-taxable","19":"purchasable","20":"product-type-simple"},"acf":[],"yoast_head":"<!-- This site is optimized with the Yoast SEO plugin v27.4 - https:\/\/yoast.com\/product\/yoast-seo-wordpress\/ -->\n<title>Kaip pad\u0117ti ken\u010diantiems nuo pikt\u0173j\u0173 dvasi\u0173<\/title>\n<meta name=\"description\" content=\"T\u0117vo Bogdano Koca\u0144dos OFMConv parengtame vadove pateikiami trumpi ir prakti\u0161ki patarimai, kaip pad\u0117ti asmenimis, ken\u010diantiems nuo pikt\u0173j\u0173 dvasi\u0173. Tai\" \/>\n<meta name=\"robots\" content=\"index, follow, max-snippet:-1, max-image-preview:large, max-video-preview:-1\" \/>\n<link rel=\"canonical\" href=\"https:\/\/skaitytaknyga.lt\/en\/produktas\/kaip-padeti-kenciantiems-nuo-piktuju-dvasiu\/\" \/>\n<meta property=\"og:locale\" content=\"en_GB\" \/>\n<meta property=\"og:locale:alternate\" content=\"lt_LT\" \/>\n<meta property=\"og:type\" content=\"article\" \/>\n<meta property=\"og:title\" content=\"Kaip pad\u0117ti ken\u010diantiems nuo pikt\u0173j\u0173 dvasi\u0173\" \/>\n<meta property=\"og:description\" content=\"T\u0117vo Bogdano Koca\u0144dos OFMConv parengtame vadove pateikiami trumpi ir prakti\u0161ki patarimai, kaip pad\u0117ti asmenimis, ken\u010diantiems nuo pikt\u0173j\u0173 dvasi\u0173. Tai\" \/>\n<meta property=\"og:url\" content=\"https:\/\/skaitytaknyga.lt\/en\/produktas\/kaip-padeti-kenciantiems-nuo-piktuju-dvasiu\/\" \/>\n<meta property=\"og:site_name\" content=\"Skaitytaknyga\" \/>\n<meta property=\"article:publisher\" content=\"https:\/\/www.facebook.com\/skaitytaknyga\/\" \/>\n<meta property=\"article:modified_time\" content=\"2025-06-11T06:04:02+00:00\" \/>\n<meta property=\"og:image\" content=\"https:\/\/skaitytaknyga.lt\/wp-content\/uploads\/2025\/02\/Kaip-padeti-kenciantiems-nuo-piktuju-dvasiu.webp\" \/>\n\t<meta property=\"og:image:width\" content=\"392\" \/>\n\t<meta property=\"og:image:height\" content=\"600\" \/>\n\t<meta property=\"og:image:type\" content=\"image\/webp\" \/>\n<meta name=\"twitter:card\" content=\"summary_large_image\" \/>\n<meta name=\"twitter:label1\" content=\"Estimated reading time\" \/>\n\t<meta name=\"twitter:data1\" content=\"2 minutes\" \/>\n<script type=\"application\/ld+json\" class=\"yoast-schema-graph\">{\"@context\":\"https:\\\/\\\/schema.org\",\"@graph\":[{\"@type\":\"WebPage\",\"@id\":\"https:\\\/\\\/skaitytaknyga.lt\\\/produktas\\\/kaip-padeti-kenciantiems-nuo-piktuju-dvasiu\\\/\",\"url\":\"https:\\\/\\\/skaitytaknyga.lt\\\/produktas\\\/kaip-padeti-kenciantiems-nuo-piktuju-dvasiu\\\/\",\"name\":\"Kaip pad\u0117ti ken\u010diantiems nuo pikt\u0173j\u0173 dvasi\u0173\",\"isPartOf\":{\"@id\":\"https:\\\/\\\/skaitytaknyga.lt\\\/#website\"},\"primaryImageOfPage\":{\"@id\":\"https:\\\/\\\/skaitytaknyga.lt\\\/produktas\\\/kaip-padeti-kenciantiems-nuo-piktuju-dvasiu\\\/#primaryimage\"},\"image\":{\"@id\":\"https:\\\/\\\/skaitytaknyga.lt\\\/produktas\\\/kaip-padeti-kenciantiems-nuo-piktuju-dvasiu\\\/#primaryimage\"},\"thumbnailUrl\":\"https:\\\/\\\/skaitytaknyga.lt\\\/wp-content\\\/uploads\\\/2025\\\/02\\\/Kaip-padeti-kenciantiems-nuo-piktuju-dvasiu.webp\",\"datePublished\":\"2025-02-04T10:05:04+00:00\",\"dateModified\":\"2025-06-11T06:04:02+00:00\",\"description\":\"T\u0117vo Bogdano Koca\u0144dos OFMConv parengtame vadove pateikiami trumpi ir prakti\u0161ki patarimai, kaip pad\u0117ti asmenimis, ken\u010diantiems nuo pikt\u0173j\u0173 dvasi\u0173. Tai\",\"breadcrumb\":{\"@id\":\"https:\\\/\\\/skaitytaknyga.lt\\\/produktas\\\/kaip-padeti-kenciantiems-nuo-piktuju-dvasiu\\\/#breadcrumb\"},\"inLanguage\":\"en-GB\",\"potentialAction\":[{\"@type\":\"ReadAction\",\"target\":[\"https:\\\/\\\/skaitytaknyga.lt\\\/produktas\\\/kaip-padeti-kenciantiems-nuo-piktuju-dvasiu\\\/\"]}]},{\"@type\":\"ImageObject\",\"inLanguage\":\"en-GB\",\"@id\":\"https:\\\/\\\/skaitytaknyga.lt\\\/produktas\\\/kaip-padeti-kenciantiems-nuo-piktuju-dvasiu\\\/#primaryimage\",\"url\":\"https:\\\/\\\/skaitytaknyga.lt\\\/wp-content\\\/uploads\\\/2025\\\/02\\\/Kaip-padeti-kenciantiems-nuo-piktuju-dvasiu.webp\",\"contentUrl\":\"https:\\\/\\\/skaitytaknyga.lt\\\/wp-content\\\/uploads\\\/2025\\\/02\\\/Kaip-padeti-kenciantiems-nuo-piktuju-dvasiu.webp\",\"width\":392,\"height\":600,\"caption\":\"Kaip pad\u0117ti ken\u010diantiems nuo pikt\u0173j\u0173 dvasi\u0173\"},{\"@type\":\"BreadcrumbList\",\"@id\":\"https:\\\/\\\/skaitytaknyga.lt\\\/produktas\\\/kaip-padeti-kenciantiems-nuo-piktuju-dvasiu\\\/#breadcrumb\",\"itemListElement\":[{\"@type\":\"ListItem\",\"position\":1,\"name\":\"Home\",\"item\":\"https:\\\/\\\/skaitytaknyga.lt\\\/\"},{\"@type\":\"ListItem\",\"position\":2,\"name\":\"Parduotuv\u0117\",\"item\":\"https:\\\/\\\/skaitytaknyga.lt\\\/knygu-parduotuve\\\/\"},{\"@type\":\"ListItem\",\"position\":3,\"name\":\"Kaip pad\u0117ti ken\u010diantiems nuo pikt\u0173j\u0173 dvasi\u0173\"}]},{\"@type\":\"WebSite\",\"@id\":\"https:\\\/\\\/skaitytaknyga.lt\\\/#website\",\"url\":\"https:\\\/\\\/skaitytaknyga.lt\\\/\",\"name\":\"skaitytaknyga.lt\",\"description\":\"Skaitytaknyga.lt \u2013 tai ma\u017eas \u0161eimos verslas, kuris prasid\u0117jo nuo meil\u0117s knygoms ir siekio i\u0161gelb\u0117ti knygas nuo likimo prie konteinerio. Kas vienam nereikalingas daiktas \u2013 kitam lobis, o mes esame tarpininkai, kurie padeda abiems tapti laimingesniems ???? \u017dinome kaip nelengva i\u0161gyventi ma\u017eiems verslams, tad nuo \u0161iol, \u010dia rasite ir kit\u0173, ma\u017e\u0173 \u0161eim\u0173 versl\u0173, rank\u0173 darbo, dovan\u0173 sau ir artimiesiems.\",\"publisher\":{\"@id\":\"https:\\\/\\\/skaitytaknyga.lt\\\/#organization\"},\"potentialAction\":[{\"@type\":\"SearchAction\",\"target\":{\"@type\":\"EntryPoint\",\"urlTemplate\":\"https:\\\/\\\/skaitytaknyga.lt\\\/?s={search_term_string}\"},\"query-input\":{\"@type\":\"PropertyValueSpecification\",\"valueRequired\":true,\"valueName\":\"search_term_string\"}}],\"inLanguage\":\"en-GB\"},{\"@type\":\"Organization\",\"@id\":\"https:\\\/\\\/skaitytaknyga.lt\\\/#organization\",\"name\":\"skaitytaknyga.lt\",\"url\":\"https:\\\/\\\/skaitytaknyga.lt\\\/\",\"logo\":{\"@type\":\"ImageObject\",\"inLanguage\":\"en-GB\",\"@id\":\"https:\\\/\\\/skaitytaknyga.lt\\\/#\\\/schema\\\/logo\\\/image\\\/\",\"url\":\"https:\\\/\\\/skaitytaknyga.lt\\\/wp-content\\\/uploads\\\/2024\\\/05\\\/cropped-cropped-cropped-02_00843_jt3bggkj1j3HLc7SyY6rEUpg.jpeg\",\"contentUrl\":\"https:\\\/\\\/skaitytaknyga.lt\\\/wp-content\\\/uploads\\\/2024\\\/05\\\/cropped-cropped-cropped-02_00843_jt3bggkj1j3HLc7SyY6rEUpg.jpeg\",\"width\":1600,\"height\":1600,\"caption\":\"skaitytaknyga.lt\"},\"image\":{\"@id\":\"https:\\\/\\\/skaitytaknyga.lt\\\/#\\\/schema\\\/logo\\\/image\\\/\"},\"sameAs\":[\"https:\\\/\\\/www.facebook.com\\\/skaitytaknyga\\\/\"]}]}<\/script>\n<!-- \/ Yoast SEO plugin. -->","yoast_head_json":{"title":"Kaip pad\u0117ti ken\u010diantiems nuo pikt\u0173j\u0173 dvasi\u0173","description":"T\u0117vo Bogdano Koca\u0144dos OFMConv parengtame vadove pateikiami trumpi ir prakti\u0161ki patarimai, kaip pad\u0117ti asmenimis, ken\u010diantiems nuo pikt\u0173j\u0173 dvasi\u0173. Tai","robots":{"index":"index","follow":"follow","max-snippet":"max-snippet:-1","max-image-preview":"max-image-preview:large","max-video-preview":"max-video-preview:-1"},"canonical":"https:\/\/skaitytaknyga.lt\/en\/produktas\/kaip-padeti-kenciantiems-nuo-piktuju-dvasiu\/","og_locale":"en_GB","og_type":"article","og_title":"[:lt]Kaip pad\u0117ti ken\u010diantiems nuo pikt\u0173j\u0173 dvasi\u0173[:] - Skaitytaknyga","og_description":"T\u0117vo Bogdano Koca\u0144dos OFMConv parengtame vadove pateikiami trumpi ir prakti\u0161ki patarimai, kaip pad\u0117ti asmenimis, ken\u010diantiems nuo pikt\u0173j\u0173 dvasi\u0173. Tai","og_url":"https:\/\/skaitytaknyga.lt\/en\/produktas\/kaip-padeti-kenciantiems-nuo-piktuju-dvasiu\/","og_site_name":"Skaitytaknyga","article_publisher":"https:\/\/www.facebook.com\/skaitytaknyga\/","article_modified_time":"2025-06-11T06:04:02+00:00","og_image":[{"width":392,"height":600,"url":"https:\/\/skaitytaknyga.lt\/wp-content\/uploads\/2025\/02\/Kaip-padeti-kenciantiems-nuo-piktuju-dvasiu.webp","type":"image\/webp"}],"twitter_card":"summary_large_image","twitter_misc":{"Estimated reading time":"2 minutes"},"schema":{"@context":"https:\/\/schema.org","@graph":[{"@type":"WebPage","@id":"https:\/\/skaitytaknyga.lt\/produktas\/kaip-padeti-kenciantiems-nuo-piktuju-dvasiu\/","url":"https:\/\/skaitytaknyga.lt\/produktas\/kaip-padeti-kenciantiems-nuo-piktuju-dvasiu\/","name":"Kaip pad\u0117ti ken\u010diantiems nuo pikt\u0173j\u0173 dvasi\u0173","isPartOf":{"@id":"https:\/\/skaitytaknyga.lt\/#website"},"primaryImageOfPage":{"@id":"https:\/\/skaitytaknyga.lt\/produktas\/kaip-padeti-kenciantiems-nuo-piktuju-dvasiu\/#primaryimage"},"image":{"@id":"https:\/\/skaitytaknyga.lt\/produktas\/kaip-padeti-kenciantiems-nuo-piktuju-dvasiu\/#primaryimage"},"thumbnailUrl":"https:\/\/skaitytaknyga.lt\/wp-content\/uploads\/2025\/02\/Kaip-padeti-kenciantiems-nuo-piktuju-dvasiu.webp","datePublished":"2025-02-04T10:05:04+00:00","dateModified":"2025-06-11T06:04:02+00:00","description":"T\u0117vo Bogdano Koca\u0144dos OFMConv parengtame vadove pateikiami trumpi ir prakti\u0161ki patarimai, kaip pad\u0117ti asmenimis, ken\u010diantiems nuo pikt\u0173j\u0173 dvasi\u0173. Tai","breadcrumb":{"@id":"https:\/\/skaitytaknyga.lt\/produktas\/kaip-padeti-kenciantiems-nuo-piktuju-dvasiu\/#breadcrumb"},"inLanguage":"en-GB","potentialAction":[{"@type":"ReadAction","target":["https:\/\/skaitytaknyga.lt\/produktas\/kaip-padeti-kenciantiems-nuo-piktuju-dvasiu\/"]}]},{"@type":"ImageObject","inLanguage":"en-GB","@id":"https:\/\/skaitytaknyga.lt\/produktas\/kaip-padeti-kenciantiems-nuo-piktuju-dvasiu\/#primaryimage","url":"https:\/\/skaitytaknyga.lt\/wp-content\/uploads\/2025\/02\/Kaip-padeti-kenciantiems-nuo-piktuju-dvasiu.webp","contentUrl":"https:\/\/skaitytaknyga.lt\/wp-content\/uploads\/2025\/02\/Kaip-padeti-kenciantiems-nuo-piktuju-dvasiu.webp","width":392,"height":600,"caption":"Kaip pad\u0117ti ken\u010diantiems nuo pikt\u0173j\u0173 dvasi\u0173"},{"@type":"BreadcrumbList","@id":"https:\/\/skaitytaknyga.lt\/produktas\/kaip-padeti-kenciantiems-nuo-piktuju-dvasiu\/#breadcrumb","itemListElement":[{"@type":"ListItem","position":1,"name":"Home","item":"https:\/\/skaitytaknyga.lt\/"},{"@type":"ListItem","position":2,"name":"Parduotuv\u0117","item":"https:\/\/skaitytaknyga.lt\/knygu-parduotuve\/"},{"@type":"ListItem","position":3,"name":"Kaip pad\u0117ti ken\u010diantiems nuo pikt\u0173j\u0173 dvasi\u0173"}]},{"@type":"WebSite","@id":"https:\/\/skaitytaknyga.lt\/#website","url":"https:\/\/skaitytaknyga.lt\/","name":"skaitytaknyga.lt","description":"Skaitytaknyga.lt \u2013 tai ma\u017eas \u0161eimos verslas, kuris prasid\u0117jo nuo meil\u0117s knygoms ir siekio i\u0161gelb\u0117ti knygas nuo likimo prie konteinerio. Kas vienam nereikalingas daiktas \u2013 kitam lobis, o mes esame tarpininkai, kurie padeda abiems tapti laimingesniems ???? \u017dinome kaip nelengva i\u0161gyventi ma\u017eiems verslams, tad nuo \u0161iol, \u010dia rasite ir kit\u0173, ma\u017e\u0173 \u0161eim\u0173 versl\u0173, rank\u0173 darbo, dovan\u0173 sau ir artimiesiems.","publisher":{"@id":"https:\/\/skaitytaknyga.lt\/#organization"},"potentialAction":[{"@type":"SearchAction","target":{"@type":"EntryPoint","urlTemplate":"https:\/\/skaitytaknyga.lt\/?s={search_term_string}"},"query-input":{"@type":"PropertyValueSpecification","valueRequired":true,"valueName":"search_term_string"}}],"inLanguage":"en-GB"},{"@type":"Organization","@id":"https:\/\/skaitytaknyga.lt\/#organization","name":"skaitytaknyga.lt","url":"https:\/\/skaitytaknyga.lt\/","logo":{"@type":"ImageObject","inLanguage":"en-GB","@id":"https:\/\/skaitytaknyga.lt\/#\/schema\/logo\/image\/","url":"https:\/\/skaitytaknyga.lt\/wp-content\/uploads\/2024\/05\/cropped-cropped-cropped-02_00843_jt3bggkj1j3HLc7SyY6rEUpg.jpeg","contentUrl":"https:\/\/skaitytaknyga.lt\/wp-content\/uploads\/2024\/05\/cropped-cropped-cropped-02_00843_jt3bggkj1j3HLc7SyY6rEUpg.jpeg","width":1600,"height":1600,"caption":"skaitytaknyga.lt"},"image":{"@id":"https:\/\/skaitytaknyga.lt\/#\/schema\/logo\/image\/"},"sameAs":["https:\/\/www.facebook.com\/skaitytaknyga\/"]}]}},"_links":{"self":[{"href":"https:\/\/skaitytaknyga.lt\/en\/wp-json\/wp\/v2\/product\/16658","targetHints":{"allow":["GET"]}}],"collection":[{"href":"https:\/\/skaitytaknyga.lt\/en\/wp-json\/wp\/v2\/product"}],"about":[{"href":"https:\/\/skaitytaknyga.lt\/en\/wp-json\/wp\/v2\/types\/product"}],"replies":[{"embeddable":true,"href":"https:\/\/skaitytaknyga.lt\/en\/wp-json\/wp\/v2\/comments?post=16658"}],"wp:featuredmedia":[{"embeddable":true,"href":"https:\/\/skaitytaknyga.lt\/en\/wp-json\/wp\/v2\/media\/16659"}],"wp:attachment":[{"href":"https:\/\/skaitytaknyga.lt\/en\/wp-json\/wp\/v2\/media?parent=16658"}],"wp:term":[{"taxonomy":"product_brand","embeddable":true,"href":"https:\/\/skaitytaknyga.lt\/en\/wp-json\/wp\/v2\/product_brand?post=16658"},{"taxonomy":"product_cat","embeddable":true,"href":"https:\/\/skaitytaknyga.lt\/en\/wp-json\/wp\/v2\/product_cat?post=16658"},{"taxonomy":"product_tag","embeddable":true,"href":"https:\/\/skaitytaknyga.lt\/en\/wp-json\/wp\/v2\/product_tag?post=16658"}],"curies":[{"name":"wp","href":"https:\/\/api.w.org\/{rel}","templated":true}]}}