{"id":16635,"date":"2025-02-04T11:06:48","date_gmt":"2025-02-04T09:06:48","guid":{"rendered":"https:\/\/skaitytaknyga.lt\/?post_type=product&#038;p=16635"},"modified":"2025-02-04T11:08:35","modified_gmt":"2025-02-04T09:08:35","slug":"budinti-sviesa","status":"publish","type":"product","link":"https:\/\/skaitytaknyga.lt\/en\/produktas\/budinti-sviesa\/","title":{"rendered":"Budinti \u0161viesa (defektas apa\u010dioje)"},"content":{"rendered":"<p>Tai \u012ftai\u00adgi, gi\u00adliai jau\u00addi\u00adnan\u00adti mei\u00adl\u0117s is\u00adto\u00adri\u00adja yra tre\u00ad\u010dia\u00adsis dau\u00adgy\u00adb\u0119 li\u00adte\u00adra\u00adt\u016b\u00adri\u00adni\u0173 pre\u00admi\u00adj\u0173 pel\u00adniu\u00adsio au\u00adto\u00adriaus ro\u00adma\u00adnas (po \u201eJ\u016b\u00adros \u017evaig\u017e\u00add\u0117s\u201c ir \u201eAt\u00adpir\u00adki\u00admo kriok\u00adlio\u201c), u\u017e\u00adbai\u00adgian\u00adtis Ai\u00adri\u00adjai skir\u00adt\u0105 cik\u00adl\u0105. Pa\u00adsa\u00adko\u00adji\u00admas apie pa\u00adsiau\u00adko\u00adjan\u00ad\u010di\u0105 mei\u00adl\u0119, apie i\u0161\u00adsis\u00adky\u00adri\u00admus ir su\u00adsi\u00adtai\u00adky\u00admus, apie dr\u0105\u00ads\u0105 gy\u00adven\u00adti taip, kaip lie\u00adpia \u0161ir\u00addis, yra i\u0161 ti\u00adkr\u0173\u00adj\u0173 su\u00adkre\u00ad\u010dian\u00adtis ir pa\u00adke\u00adlian\u00adtis dva\u00adsi\u0105.<\/p>\n<p>Ro\u00adma\u00adno siu\u00ad\u017ee\u00adtas par\u00adem\u00adtas ti\u00adkra XX a. pra\u00add\u017eios mei\u00adl\u0117s is\u00adto\u00adri\u00adja. Ap\u00adsup\u00adta ger\u00adb\u0117\u00adj\u0173, mai\u0161\u00adtin\u00adga, gra\u00ad\u017ei, ko\u00adke\u00adti\u0161\u00adka de\u00advy\u00adnio\u00adlik\u00adme\u00adt\u0117 ak\u00adto\u00adr\u0117 Mo\u00adl\u0117 Ol\u00adgud sva\u00adjo\u00adja apie kar\u00adje\u00adr\u0105 Ame\u00adri\u00adko\u00adje, ta\u00ad\u010diau jos gy\u00adve\u00adni\u00admo u\u017e\u00adku\u00adli\u00adsiuo\u00adse gl\u016b\u00addi pa\u00adslap\u00adtis. Po 1907 m. Dub\u00adli\u00adn\u0105 sklan\u00addo gan\u00addai apie Mo\u00adl\u0117s ro\u00adma\u00adn\u0105 su D\u017eo\u00adnu Sin\u00adgu \u2013 ge\u00adro\u00adkai vy\u00adres\u00adniu, ne\u00adri\u00admas\u00adtin\u00adgu, u\u017e\u00adsisk\u00adlen\u00addu\u00adsiu tea\u00adtro dra\u00adma\u00adtur\u00adgu, tur\u00adtin\u00adgos \u017eem\u00adval\u00add\u017ei\u0173 \u0161ei\u00admos s\u016b\u00adnu\u00admi, ug\u00adnin\u00adg\u0173 jaus\u00adm\u0173, poe\u00adti\u00adn\u0117s sie\u00adlos \u017emo\u00adgu\u00admi. Aud\u00adrin\u00adgiems, kar\u00adtais ne\u00adgai\u00adles\u00adtin\u00adgiems, bet ku\u00adpi\u00adniems \u0161vel\u00adnu\u00admo j\u0173d\u00advie\u00adj\u0173 san\u00adty\u00adkiams ka\u00adte\u00adgo\u00adri\u0161\u00adkai ne\u00adpri\u00adta\u00adria drau\u00adgai ir \u0161ei\u00adma.<\/p>\n<p>Po dau\u00adge\u00adlio me\u00adt\u0173, ar\u00adt\u0117\u00adjant Ka\u00adl\u0117\u00addoms, se\u00adny\u00adva mo\u00adte\u00adris vaik\u0161\u00adto po aud\u00adros nu\u00adsiaub\u00adt\u0105 Lon\u00addo\u00adn\u0105. Griu\u00adv\u0117\u00adsiai, ni\u016b\u00adr\u016bs ap\u00adleis\u00adti na\u00admai ir \u017eie\u00admi\u0161\u00adk\u0173 par\u00adk\u0173 gro\u00ad\u017eis pa\u00ad\u017ea\u00addi\u00adna skaus\u00admin\u00adgus pri\u00adsi\u00admi\u00adni\u00admus. Du\u00adkart i\u0161\u00adte\u00adk\u0117\u00adju\u00adsi, ji jau se\u00adniai gy\u00adve\u00adna vie\u00adna, bad\u00admi\u00adriau\u00adda\u00adma \u0161al\u00adta\u00adme kam\u00adba\u00adry\u00adje. Jos kar\u00adje\u00adros spin\u00adde\u00adsys se\u00adniai i\u0161\u00adbl\u0117\u00ads\u0119s, ta\u00ad\u010diau ne\u00adnu\u00admal\u00addo\u00adma ais\u00adtra gy\u00adven\u00adti vis dar pa\u00adlai\u00adko bu\u00advu\u00adsi\u0105 D\u017eo\u00adno Sin\u00adgo my\u00adli\u00adm\u0105\u00adj\u0105.<\/p>\n<ul class=\"about-product d-none d-xl-block mt-4\">\n<li><strong>Originalus pavadinimas:<\/strong>\u00a0Ghost light<\/li>\n<li><strong>Autorius:<\/strong>\u00a0Joseph O&#8217;Connor<\/li>\n<li><strong>Leid\u0117jas:<\/strong>\u00a0Mintis<\/li>\n<li><strong>Metai:<\/strong>\u00a02013<\/li>\n<li><strong>Puslapiai:<\/strong>\u00a0268<\/li>\n<li class=\"toggleable type-new-formats \"><strong>ISBN:<\/strong>\u00a09785417010583<\/li>\n<li><strong>Versijos kodas:<\/strong>\u00a0PT.<\/li>\n<li class=\"toggleable type-new-formats \"><strong>Formatas:<\/strong>\u00a012,5 x 20,5 cm, mink\u0161ti vir\u0161eliai<\/li>\n<li><strong>Kalba:<\/strong>\u00a0Lietuvi\u0173<\/li>\n<li><strong>Vert\u0117jas:<\/strong>\u00a0Nijol\u0117 Chijenien\u0117<\/li>\n<\/ul>\n","protected":false},"excerpt":{"rendered":"<p>Tai \u012ftai\u00adgi, gi\u00adliai jau\u00addi\u00adnan\u00adti mei\u00adl\u0117s is\u00adto\u00adri\u00adja yra tre\u00ad\u010dia\u00adsis dau\u00adgy\u00adb\u0119 li\u00adte\u00adra\u00adt\u016b\u00adri\u00adni\u0173 pre\u00admi\u00adj\u0173 pel\u00adniu\u00adsio au\u00adto\u00adriaus ro\u00adma\u00adnas (po \u201eJ\u016b\u00adros \u017evaig\u017e\u00add\u0117s\u201c ir \u201eAt\u00adpir\u00adki\u00admo kriok\u00adlio\u201c), u\u017e\u00adbai\u00adgian\u00adtis Ai\u00adri\u00adjai skir\u00adt\u0105 cik\u00adl\u0105. Pa\u00adsa\u00adko\u00adji\u00admas apie pa\u00adsiau\u00adko\u00adjan\u00ad\u010di\u0105 mei\u00adl\u0119, apie i\u0161\u00adsis\u00adky\u00adri\u00admus ir su\u00adsi\u00adtai\u00adky\u00admus, apie dr\u0105\u00ads\u0105 gy\u00adven\u00adti taip, kaip lie\u00adpia \u0161ir\u00addis, yra i\u0161 ti\u00adkr\u0173\u00adj\u0173 su\u00adkre\u00ad\u010dian\u00adtis ir pa\u00adke\u00adlian\u00adtis dva\u00adsi\u0105. Ro\u00adma\u00adno siu\u00ad\u017ee\u00adtas par\u00adem\u00adtas ti\u00adkra XX a. pra\u00add\u017eios mei\u00adl\u0117s is\u00adto\u00adri\u00adja. Ap\u00adsup\u00adta ger\u00adb\u0117\u00adj\u0173, mai\u0161\u00adtin\u00adga, gra\u00ad\u017ei, ko\u00adke\u00adti\u0161\u00adka de\u00advy\u00adnio\u00adlik\u00adme\u00adt\u0117 ak\u00adto\u00adr\u0117 Mo\u00adl\u0117 Ol\u00adgud sva\u00adjo\u00adja apie kar\u00adje\u00adr\u0105 Ame\u00adri\u00adko\u00adje, ta\u00ad\u010diau jos gy\u00adve\u00adni\u00admo u\u017e\u00adku\u00adli\u00adsiuo\u00adse gl\u016b\u00addi pa\u00adslap\u00adtis. Po 1907 m. Dub\u00adli\u00adn\u0105 sklan\u00addo gan\u00addai apie Mo\u00adl\u0117s ro\u00adma\u00adn\u0105 su D\u017eo\u00adnu Sin\u00adgu \u2013 ge\u00adro\u00adkai vy\u00adres\u00adniu, ne\u00adri\u00admas\u00adtin\u00adgu, u\u017e\u00adsisk\u00adlen\u00addu\u00adsiu tea\u00adtro dra\u00adma\u00adtur\u00adgu, tur\u00adtin\u00adgos \u017eem\u00adval\u00add\u017ei\u0173 \u0161ei\u00admos s\u016b\u00adnu\u00admi, ug\u00adnin\u00adg\u0173 jaus\u00adm\u0173, poe\u00adti\u00adn\u0117s sie\u00adlos \u017emo\u00adgu\u00admi. Aud\u00adrin\u00adgiems, kar\u00adtais ne\u00adgai\u00adles\u00adtin\u00adgiems, bet ku\u00adpi\u00adniems \u0161vel\u00adnu\u00admo j\u0173d\u00advie\u00adj\u0173 san\u00adty\u00adkiams ka\u00adte\u00adgo\u00adri\u0161\u00adkai ne\u00adpri\u00adta\u00adria drau\u00adgai ir \u0161ei\u00adma. Po dau\u00adge\u00adlio me\u00adt\u0173, ar\u00adt\u0117\u00adjant Ka\u00adl\u0117\u00addoms, se\u00adny\u00adva mo\u00adte\u00adris vaik\u0161\u00adto po aud\u00adros nu\u00adsiaub\u00adt\u0105 Lon\u00addo\u00adn\u0105. Griu\u00adv\u0117\u00adsiai, ni\u016b\u00adr\u016bs ap\u00adleis\u00adti na\u00admai ir \u017eie\u00admi\u0161\u00adk\u0173 par\u00adk\u0173 gro\u00ad\u017eis pa\u00ad\u017ea\u00addi\u00adna skaus\u00admin\u00adgus pri\u00adsi\u00admi\u00adni\u00admus. Du\u00adkart i\u0161\u00adte\u00adk\u0117\u00adju\u00adsi, ji jau se\u00adniai gy\u00adve\u00adna vie\u00adna, bad\u00admi\u00adriau\u00adda\u00adma \u0161al\u00adta\u00adme kam\u00adba\u00adry\u00adje. Jos kar\u00adje\u00adros spin\u00adde\u00adsys se\u00adniai i\u0161\u00adbl\u0117\u00ads\u0119s, ta\u00ad\u010diau ne\u00adnu\u00admal\u00addo\u00adma ais\u00adtra gy\u00adven\u00adti vis dar pa\u00adlai\u00adko bu\u00advu\u00adsi\u0105 D\u017eo\u00adno Sin\u00adgo my\u00adli\u00adm\u0105\u00adj\u0105. Originalus pavadinimas:\u00a0Ghost light Autorius:\u00a0Joseph O&#8217;Connor Leid\u0117jas:\u00a0Mintis Metai:\u00a02013 Puslapiai:\u00a0268 ISBN:\u00a09785417010583 Versijos kodas:\u00a0PT. Formatas:\u00a012,5 x 20,5 cm, mink\u0161ti vir\u0161eliai Kalba:\u00a0Lietuvi\u0173 Vert\u0117jas:\u00a0Nijol\u0117 Chijenien\u0117<\/p>\n","protected":false},"featured_media":16636,"comment_status":"closed","ping_status":"closed","template":"","meta":{"_acf_changed":false,"site-sidebar-layout":"default","site-content-layout":"","ast-site-content-layout":"default","site-content-style":"default","site-sidebar-style":"default","ast-global-header-display":"","ast-banner-title-visibility":"","ast-main-header-display":"","ast-hfb-above-header-display":"","ast-hfb-below-header-display":"","ast-hfb-mobile-header-display":"","site-post-title":"","ast-breadcrumbs-content":"","ast-featured-img":"","footer-sml-layout":"","ast-disable-related-posts":"","theme-transparent-header-meta":"default","adv-header-id-meta":"","stick-header-meta":"","header-above-stick-meta":"","header-main-stick-meta":"","header-below-stick-meta":"","astra-migrate-meta-layouts":"set","ast-page-background-enabled":"default","ast-page-background-meta":{"desktop":{"background-color":"","background-image":"","background-repeat":"repeat","background-position":"center center","background-size":"auto","background-attachment":"scroll","background-type":"","background-media":"","overlay-type":"","overlay-color":"","overlay-opacity":"","overlay-gradient":""},"tablet":{"background-color":"","background-image":"","background-repeat":"repeat","background-position":"center center","background-size":"auto","background-attachment":"scroll","background-type":"","background-media":"","overlay-type":"","overlay-color":"","overlay-opacity":"","overlay-gradient":""},"mobile":{"background-color":"","background-image":"","background-repeat":"repeat","background-position":"center center","background-size":"auto","background-attachment":"scroll","background-type":"","background-media":"","overlay-type":"","overlay-color":"","overlay-opacity":"","overlay-gradient":""}},"ast-content-background-meta":{"desktop":{"background-color":"var(--ast-global-color-4)","background-image":"","background-repeat":"repeat","background-position":"center center","background-size":"auto","background-attachment":"scroll","background-type":"","background-media":"","overlay-type":"","overlay-color":"","overlay-opacity":"","overlay-gradient":""},"tablet":{"background-color":"var(--ast-global-color-4)","background-image":"","background-repeat":"repeat","background-position":"center center","background-size":"auto","background-attachment":"scroll","background-type":"","background-media":"","overlay-type":"","overlay-color":"","overlay-opacity":"","overlay-gradient":""},"mobile":{"background-color":"var(--ast-global-color-4)","background-image":"","background-repeat":"repeat","background-position":"center center","background-size":"auto","background-attachment":"scroll","background-type":"","background-media":"","overlay-type":"","overlay-color":"","overlay-opacity":"","overlay-gradient":""}}},"product_brand":[],"product_cat":[31],"product_tag":[],"class_list":{"0":"post-16635","1":"product","2":"type-product","3":"status-publish","4":"has-post-thumbnail","6":"product_cat-grozine-literatura","7":"pa_leidimo-metai-645","8":"desktop-align-left","9":"tablet-align-left","10":"mobile-align-left","12":"first","13":"instock","14":"shipping-taxable","15":"purchasable","16":"product-type-simple"},"acf":[],"yoast_head":"<!-- This site is optimized with the Yoast SEO plugin v27.4 - https:\/\/yoast.com\/product\/yoast-seo-wordpress\/ -->\n<title>Budinti \u0161viesa (defektas apa\u010dioje)<\/title>\n<meta name=\"description\" content=\"Tai \u012ftai\u00adgi, gi\u00adliai jau\u00addi\u00adnan\u00adti mei\u00adl\u0117s is\u00adto\u00adri\u00adja yra tre\u00ad\u010dia\u00adsis dau\u00adgy\u00adb\u0119 li\u00adte\u00adra\u00adt\u016b\u00adri\u00adni\u0173 pre\u00admi\u00adj\u0173 pel\u00adniu\u00adsio au\u00adto\u00adriaus ro\u00adma\u00adnas (po\" \/>\n<meta name=\"robots\" content=\"index, follow, max-snippet:-1, max-image-preview:large, max-video-preview:-1\" \/>\n<link rel=\"canonical\" href=\"https:\/\/skaitytaknyga.lt\/en\/produktas\/budinti-sviesa\/\" \/>\n<meta property=\"og:locale\" content=\"en_GB\" \/>\n<meta property=\"og:locale:alternate\" content=\"lt_LT\" \/>\n<meta property=\"og:type\" content=\"article\" \/>\n<meta property=\"og:title\" content=\"Budinti \u0161viesa (defektas apa\u010dioje)\" \/>\n<meta property=\"og:description\" content=\"Tai \u012ftai\u00adgi, gi\u00adliai jau\u00addi\u00adnan\u00adti mei\u00adl\u0117s is\u00adto\u00adri\u00adja yra tre\u00ad\u010dia\u00adsis dau\u00adgy\u00adb\u0119 li\u00adte\u00adra\u00adt\u016b\u00adri\u00adni\u0173 pre\u00admi\u00adj\u0173 pel\u00adniu\u00adsio au\u00adto\u00adriaus ro\u00adma\u00adnas (po\" \/>\n<meta property=\"og:url\" content=\"https:\/\/skaitytaknyga.lt\/en\/produktas\/budinti-sviesa\/\" \/>\n<meta property=\"og:site_name\" content=\"Skaitytaknyga\" \/>\n<meta property=\"article:publisher\" content=\"https:\/\/www.facebook.com\/skaitytaknyga\/\" \/>\n<meta property=\"article:modified_time\" content=\"2025-02-04T09:08:35+00:00\" \/>\n<meta property=\"og:image\" content=\"https:\/\/skaitytaknyga.lt\/wp-content\/uploads\/2025\/02\/Budinti-sviesa.webp\" \/>\n\t<meta property=\"og:image:width\" content=\"479\" \/>\n\t<meta property=\"og:image:height\" content=\"799\" \/>\n\t<meta property=\"og:image:type\" content=\"image\/webp\" \/>\n<meta name=\"twitter:card\" content=\"summary_large_image\" \/>\n<meta name=\"twitter:label1\" content=\"Estimated reading time\" \/>\n\t<meta name=\"twitter:data1\" content=\"2 minutes\" \/>\n<script type=\"application\/ld+json\" class=\"yoast-schema-graph\">{\"@context\":\"https:\\\/\\\/schema.org\",\"@graph\":[{\"@type\":\"WebPage\",\"@id\":\"https:\\\/\\\/skaitytaknyga.lt\\\/produktas\\\/budinti-sviesa\\\/\",\"url\":\"https:\\\/\\\/skaitytaknyga.lt\\\/produktas\\\/budinti-sviesa\\\/\",\"name\":\"Budinti \u0161viesa (defektas apa\u010dioje)\",\"isPartOf\":{\"@id\":\"https:\\\/\\\/skaitytaknyga.lt\\\/#website\"},\"primaryImageOfPage\":{\"@id\":\"https:\\\/\\\/skaitytaknyga.lt\\\/produktas\\\/budinti-sviesa\\\/#primaryimage\"},\"image\":{\"@id\":\"https:\\\/\\\/skaitytaknyga.lt\\\/produktas\\\/budinti-sviesa\\\/#primaryimage\"},\"thumbnailUrl\":\"https:\\\/\\\/skaitytaknyga.lt\\\/wp-content\\\/uploads\\\/2025\\\/02\\\/Budinti-sviesa.webp\",\"datePublished\":\"2025-02-04T09:06:48+00:00\",\"dateModified\":\"2025-02-04T09:08:35+00:00\",\"description\":\"Tai \u012ftai\u00adgi, gi\u00adliai jau\u00addi\u00adnan\u00adti mei\u00adl\u0117s is\u00adto\u00adri\u00adja yra tre\u00ad\u010dia\u00adsis dau\u00adgy\u00adb\u0119 li\u00adte\u00adra\u00adt\u016b\u00adri\u00adni\u0173 pre\u00admi\u00adj\u0173 pel\u00adniu\u00adsio au\u00adto\u00adriaus ro\u00adma\u00adnas (po\",\"breadcrumb\":{\"@id\":\"https:\\\/\\\/skaitytaknyga.lt\\\/produktas\\\/budinti-sviesa\\\/#breadcrumb\"},\"inLanguage\":\"en-GB\",\"potentialAction\":[{\"@type\":\"ReadAction\",\"target\":[\"https:\\\/\\\/skaitytaknyga.lt\\\/produktas\\\/budinti-sviesa\\\/\"]}]},{\"@type\":\"ImageObject\",\"inLanguage\":\"en-GB\",\"@id\":\"https:\\\/\\\/skaitytaknyga.lt\\\/produktas\\\/budinti-sviesa\\\/#primaryimage\",\"url\":\"https:\\\/\\\/skaitytaknyga.lt\\\/wp-content\\\/uploads\\\/2025\\\/02\\\/Budinti-sviesa.webp\",\"contentUrl\":\"https:\\\/\\\/skaitytaknyga.lt\\\/wp-content\\\/uploads\\\/2025\\\/02\\\/Budinti-sviesa.webp\",\"width\":479,\"height\":799,\"caption\":\"Budinti \u0161viesa\"},{\"@type\":\"BreadcrumbList\",\"@id\":\"https:\\\/\\\/skaitytaknyga.lt\\\/produktas\\\/budinti-sviesa\\\/#breadcrumb\",\"itemListElement\":[{\"@type\":\"ListItem\",\"position\":1,\"name\":\"Home\",\"item\":\"https:\\\/\\\/skaitytaknyga.lt\\\/\"},{\"@type\":\"ListItem\",\"position\":2,\"name\":\"Parduotuv\u0117\",\"item\":\"https:\\\/\\\/skaitytaknyga.lt\\\/knygu-parduotuve\\\/\"},{\"@type\":\"ListItem\",\"position\":3,\"name\":\"Budinti \u0161viesa (defektas apa\u010dioje)\"}]},{\"@type\":\"WebSite\",\"@id\":\"https:\\\/\\\/skaitytaknyga.lt\\\/#website\",\"url\":\"https:\\\/\\\/skaitytaknyga.lt\\\/\",\"name\":\"skaitytaknyga.lt\",\"description\":\"Skaitytaknyga.lt \u2013 tai ma\u017eas \u0161eimos verslas, kuris prasid\u0117jo nuo meil\u0117s knygoms ir siekio i\u0161gelb\u0117ti knygas nuo likimo prie konteinerio. Kas vienam nereikalingas daiktas \u2013 kitam lobis, o mes esame tarpininkai, kurie padeda abiems tapti laimingesniems ???? \u017dinome kaip nelengva i\u0161gyventi ma\u017eiems verslams, tad nuo \u0161iol, \u010dia rasite ir kit\u0173, ma\u017e\u0173 \u0161eim\u0173 versl\u0173, rank\u0173 darbo, dovan\u0173 sau ir artimiesiems.\",\"publisher\":{\"@id\":\"https:\\\/\\\/skaitytaknyga.lt\\\/#organization\"},\"potentialAction\":[{\"@type\":\"SearchAction\",\"target\":{\"@type\":\"EntryPoint\",\"urlTemplate\":\"https:\\\/\\\/skaitytaknyga.lt\\\/?s={search_term_string}\"},\"query-input\":{\"@type\":\"PropertyValueSpecification\",\"valueRequired\":true,\"valueName\":\"search_term_string\"}}],\"inLanguage\":\"en-GB\"},{\"@type\":\"Organization\",\"@id\":\"https:\\\/\\\/skaitytaknyga.lt\\\/#organization\",\"name\":\"skaitytaknyga.lt\",\"url\":\"https:\\\/\\\/skaitytaknyga.lt\\\/\",\"logo\":{\"@type\":\"ImageObject\",\"inLanguage\":\"en-GB\",\"@id\":\"https:\\\/\\\/skaitytaknyga.lt\\\/#\\\/schema\\\/logo\\\/image\\\/\",\"url\":\"https:\\\/\\\/skaitytaknyga.lt\\\/wp-content\\\/uploads\\\/2024\\\/05\\\/cropped-cropped-cropped-02_00843_jt3bggkj1j3HLc7SyY6rEUpg.jpeg\",\"contentUrl\":\"https:\\\/\\\/skaitytaknyga.lt\\\/wp-content\\\/uploads\\\/2024\\\/05\\\/cropped-cropped-cropped-02_00843_jt3bggkj1j3HLc7SyY6rEUpg.jpeg\",\"width\":1600,\"height\":1600,\"caption\":\"skaitytaknyga.lt\"},\"image\":{\"@id\":\"https:\\\/\\\/skaitytaknyga.lt\\\/#\\\/schema\\\/logo\\\/image\\\/\"},\"sameAs\":[\"https:\\\/\\\/www.facebook.com\\\/skaitytaknyga\\\/\"]}]}<\/script>\n<!-- \/ Yoast SEO plugin. -->","yoast_head_json":{"title":"Budinti \u0161viesa (defektas apa\u010dioje)","description":"Tai \u012ftai\u00adgi, gi\u00adliai jau\u00addi\u00adnan\u00adti mei\u00adl\u0117s is\u00adto\u00adri\u00adja yra tre\u00ad\u010dia\u00adsis dau\u00adgy\u00adb\u0119 li\u00adte\u00adra\u00adt\u016b\u00adri\u00adni\u0173 pre\u00admi\u00adj\u0173 pel\u00adniu\u00adsio au\u00adto\u00adriaus ro\u00adma\u00adnas (po","robots":{"index":"index","follow":"follow","max-snippet":"max-snippet:-1","max-image-preview":"max-image-preview:large","max-video-preview":"max-video-preview:-1"},"canonical":"https:\/\/skaitytaknyga.lt\/en\/produktas\/budinti-sviesa\/","og_locale":"en_GB","og_type":"article","og_title":"[:lt]Budinti \u0161viesa (defektas apa\u010dioje)[:] - Skaitytaknyga","og_description":"Tai \u012ftai\u00adgi, gi\u00adliai jau\u00addi\u00adnan\u00adti mei\u00adl\u0117s is\u00adto\u00adri\u00adja yra tre\u00ad\u010dia\u00adsis dau\u00adgy\u00adb\u0119 li\u00adte\u00adra\u00adt\u016b\u00adri\u00adni\u0173 pre\u00admi\u00adj\u0173 pel\u00adniu\u00adsio au\u00adto\u00adriaus ro\u00adma\u00adnas (po","og_url":"https:\/\/skaitytaknyga.lt\/en\/produktas\/budinti-sviesa\/","og_site_name":"Skaitytaknyga","article_publisher":"https:\/\/www.facebook.com\/skaitytaknyga\/","article_modified_time":"2025-02-04T09:08:35+00:00","og_image":[{"width":479,"height":799,"url":"https:\/\/skaitytaknyga.lt\/wp-content\/uploads\/2025\/02\/Budinti-sviesa.webp","type":"image\/webp"}],"twitter_card":"summary_large_image","twitter_misc":{"Estimated reading time":"2 minutes"},"schema":{"@context":"https:\/\/schema.org","@graph":[{"@type":"WebPage","@id":"https:\/\/skaitytaknyga.lt\/produktas\/budinti-sviesa\/","url":"https:\/\/skaitytaknyga.lt\/produktas\/budinti-sviesa\/","name":"Budinti \u0161viesa (defektas apa\u010dioje)","isPartOf":{"@id":"https:\/\/skaitytaknyga.lt\/#website"},"primaryImageOfPage":{"@id":"https:\/\/skaitytaknyga.lt\/produktas\/budinti-sviesa\/#primaryimage"},"image":{"@id":"https:\/\/skaitytaknyga.lt\/produktas\/budinti-sviesa\/#primaryimage"},"thumbnailUrl":"https:\/\/skaitytaknyga.lt\/wp-content\/uploads\/2025\/02\/Budinti-sviesa.webp","datePublished":"2025-02-04T09:06:48+00:00","dateModified":"2025-02-04T09:08:35+00:00","description":"Tai \u012ftai\u00adgi, gi\u00adliai jau\u00addi\u00adnan\u00adti mei\u00adl\u0117s is\u00adto\u00adri\u00adja yra tre\u00ad\u010dia\u00adsis dau\u00adgy\u00adb\u0119 li\u00adte\u00adra\u00adt\u016b\u00adri\u00adni\u0173 pre\u00admi\u00adj\u0173 pel\u00adniu\u00adsio au\u00adto\u00adriaus ro\u00adma\u00adnas (po","breadcrumb":{"@id":"https:\/\/skaitytaknyga.lt\/produktas\/budinti-sviesa\/#breadcrumb"},"inLanguage":"en-GB","potentialAction":[{"@type":"ReadAction","target":["https:\/\/skaitytaknyga.lt\/produktas\/budinti-sviesa\/"]}]},{"@type":"ImageObject","inLanguage":"en-GB","@id":"https:\/\/skaitytaknyga.lt\/produktas\/budinti-sviesa\/#primaryimage","url":"https:\/\/skaitytaknyga.lt\/wp-content\/uploads\/2025\/02\/Budinti-sviesa.webp","contentUrl":"https:\/\/skaitytaknyga.lt\/wp-content\/uploads\/2025\/02\/Budinti-sviesa.webp","width":479,"height":799,"caption":"Budinti \u0161viesa"},{"@type":"BreadcrumbList","@id":"https:\/\/skaitytaknyga.lt\/produktas\/budinti-sviesa\/#breadcrumb","itemListElement":[{"@type":"ListItem","position":1,"name":"Home","item":"https:\/\/skaitytaknyga.lt\/"},{"@type":"ListItem","position":2,"name":"Parduotuv\u0117","item":"https:\/\/skaitytaknyga.lt\/knygu-parduotuve\/"},{"@type":"ListItem","position":3,"name":"Budinti \u0161viesa (defektas apa\u010dioje)"}]},{"@type":"WebSite","@id":"https:\/\/skaitytaknyga.lt\/#website","url":"https:\/\/skaitytaknyga.lt\/","name":"skaitytaknyga.lt","description":"Skaitytaknyga.lt \u2013 tai ma\u017eas \u0161eimos verslas, kuris prasid\u0117jo nuo meil\u0117s knygoms ir siekio i\u0161gelb\u0117ti knygas nuo likimo prie konteinerio. Kas vienam nereikalingas daiktas \u2013 kitam lobis, o mes esame tarpininkai, kurie padeda abiems tapti laimingesniems ???? \u017dinome kaip nelengva i\u0161gyventi ma\u017eiems verslams, tad nuo \u0161iol, \u010dia rasite ir kit\u0173, ma\u017e\u0173 \u0161eim\u0173 versl\u0173, rank\u0173 darbo, dovan\u0173 sau ir artimiesiems.","publisher":{"@id":"https:\/\/skaitytaknyga.lt\/#organization"},"potentialAction":[{"@type":"SearchAction","target":{"@type":"EntryPoint","urlTemplate":"https:\/\/skaitytaknyga.lt\/?s={search_term_string}"},"query-input":{"@type":"PropertyValueSpecification","valueRequired":true,"valueName":"search_term_string"}}],"inLanguage":"en-GB"},{"@type":"Organization","@id":"https:\/\/skaitytaknyga.lt\/#organization","name":"skaitytaknyga.lt","url":"https:\/\/skaitytaknyga.lt\/","logo":{"@type":"ImageObject","inLanguage":"en-GB","@id":"https:\/\/skaitytaknyga.lt\/#\/schema\/logo\/image\/","url":"https:\/\/skaitytaknyga.lt\/wp-content\/uploads\/2024\/05\/cropped-cropped-cropped-02_00843_jt3bggkj1j3HLc7SyY6rEUpg.jpeg","contentUrl":"https:\/\/skaitytaknyga.lt\/wp-content\/uploads\/2024\/05\/cropped-cropped-cropped-02_00843_jt3bggkj1j3HLc7SyY6rEUpg.jpeg","width":1600,"height":1600,"caption":"skaitytaknyga.lt"},"image":{"@id":"https:\/\/skaitytaknyga.lt\/#\/schema\/logo\/image\/"},"sameAs":["https:\/\/www.facebook.com\/skaitytaknyga\/"]}]}},"_links":{"self":[{"href":"https:\/\/skaitytaknyga.lt\/en\/wp-json\/wp\/v2\/product\/16635","targetHints":{"allow":["GET"]}}],"collection":[{"href":"https:\/\/skaitytaknyga.lt\/en\/wp-json\/wp\/v2\/product"}],"about":[{"href":"https:\/\/skaitytaknyga.lt\/en\/wp-json\/wp\/v2\/types\/product"}],"replies":[{"embeddable":true,"href":"https:\/\/skaitytaknyga.lt\/en\/wp-json\/wp\/v2\/comments?post=16635"}],"wp:featuredmedia":[{"embeddable":true,"href":"https:\/\/skaitytaknyga.lt\/en\/wp-json\/wp\/v2\/media\/16636"}],"wp:attachment":[{"href":"https:\/\/skaitytaknyga.lt\/en\/wp-json\/wp\/v2\/media?parent=16635"}],"wp:term":[{"taxonomy":"product_brand","embeddable":true,"href":"https:\/\/skaitytaknyga.lt\/en\/wp-json\/wp\/v2\/product_brand?post=16635"},{"taxonomy":"product_cat","embeddable":true,"href":"https:\/\/skaitytaknyga.lt\/en\/wp-json\/wp\/v2\/product_cat?post=16635"},{"taxonomy":"product_tag","embeddable":true,"href":"https:\/\/skaitytaknyga.lt\/en\/wp-json\/wp\/v2\/product_tag?post=16635"}],"curies":[{"name":"wp","href":"https:\/\/api.w.org\/{rel}","templated":true}]}}