{"id":16622,"date":"2025-02-04T10:35:41","date_gmt":"2025-02-04T08:35:41","guid":{"rendered":"https:\/\/skaitytaknyga.lt\/?post_type=product&#038;p=16622"},"modified":"2025-02-04T10:36:53","modified_gmt":"2025-02-04T08:36:53","slug":"geriausia-kas-kada-nors-buvo-padaryta","status":"publish","type":"product","link":"https:\/\/skaitytaknyga.lt\/en\/produktas\/geriausia-kas-kada-nors-buvo-padaryta\/","title":{"rendered":"Geriausia, kas kada nors buvo padaryta"},"content":{"rendered":"<p>Krisel\u0117s Mofat papasakota istorija &#8211; \u0161okiruojanti, keista ir \u0161elmi\u0161ka. Kai ji buvo de\u0161imties met\u0173, mir\u0117 t\u0117vas, o po plastin\u0117s operacijos komplikacij\u0173 &#8211; ir motina.<\/p>\n<p>Brolis Edis, pasitrank\u0119s po pasaul\u012f, gr\u012f\u017e\u0119s kartu su stebukladariu \u0161kotu Ralfu \u012fkuria Tibeto budizmo mokykl\u0105. Krisel\u0117 \u012ftraukiama \u012f nepaprastai \u012fdom\u0173 Ralfo pasaul\u012f: gluminantys atsitikimai, kortavimo aps\u0117dimai, keis\u010diausi nuotykiai&#8230; Knygos autor\u0117, trump\u0173 dialog\u0173 meistr\u0117, kuria \u012fmantr\u0173 siu\u017eet\u0105, subtiliai nagrin\u0117dama \u017emogaus prigimties klausim\u0105 ir tai, kas lemia m\u016bs\u0173 gyvenimus &#8211; Likimas ar Atsitiktinumas.<\/p>\n<ul class=\"about-product d-none d-xl-block mt-4\">\n<li><strong>Autorius:<\/strong>\u00a0Sandra Newman<\/li>\n<li><strong>Leid\u0117jas:<\/strong>\u00a0Dajalita<\/li>\n<li><strong>Metai:<\/strong>\u00a02006<\/li>\n<li><strong>Puslapiai:<\/strong>\u00a0400<\/li>\n<li class=\"toggleable type-new-formats \"><strong>EAN-13:<\/strong>\u00a04779017521940<\/li>\n<li><strong>Versijos kodas:<\/strong>\u00a0PT.<\/li>\n<li class=\"toggleable type-new-formats \"><strong>Formatas:<\/strong>\u00a012 x 20 cm, mink\u0161ti vir\u0161eliai<\/li>\n<li><strong>Kalba:<\/strong>\u00a0Lietuvi\u0173<\/li>\n<li><strong>Vert\u0117jas:<\/strong>\u00a0R. Bylien\u0117<\/li>\n<\/ul>\n","protected":false},"excerpt":{"rendered":"<p>Krisel\u0117s Mofat papasakota istorija &#8211; \u0161okiruojanti, keista ir \u0161elmi\u0161ka. Kai ji buvo de\u0161imties met\u0173, mir\u0117 t\u0117vas, o po plastin\u0117s operacijos komplikacij\u0173 &#8211; ir motina. Brolis Edis, pasitrank\u0119s po pasaul\u012f, gr\u012f\u017e\u0119s kartu su stebukladariu \u0161kotu Ralfu \u012fkuria Tibeto budizmo mokykl\u0105. Krisel\u0117 \u012ftraukiama \u012f nepaprastai \u012fdom\u0173 Ralfo pasaul\u012f: gluminantys atsitikimai, kortavimo aps\u0117dimai, keis\u010diausi nuotykiai&#8230; Knygos autor\u0117, trump\u0173 dialog\u0173 meistr\u0117, kuria \u012fmantr\u0173 siu\u017eet\u0105, subtiliai nagrin\u0117dama \u017emogaus prigimties klausim\u0105 ir tai, kas lemia m\u016bs\u0173 gyvenimus &#8211; Likimas ar Atsitiktinumas. Autorius:\u00a0Sandra Newman Leid\u0117jas:\u00a0Dajalita Metai:\u00a02006 Puslapiai:\u00a0400 EAN-13:\u00a04779017521940 Versijos kodas:\u00a0PT. Formatas:\u00a012 x 20 cm, mink\u0161ti vir\u0161eliai Kalba:\u00a0Lietuvi\u0173 Vert\u0117jas:\u00a0R. Bylien\u0117<\/p>\n","protected":false},"featured_media":16623,"comment_status":"open","ping_status":"closed","template":"","meta":{"_acf_changed":false,"site-sidebar-layout":"default","site-content-layout":"","ast-site-content-layout":"default","site-content-style":"default","site-sidebar-style":"default","ast-global-header-display":"","ast-banner-title-visibility":"","ast-main-header-display":"","ast-hfb-above-header-display":"","ast-hfb-below-header-display":"","ast-hfb-mobile-header-display":"","site-post-title":"","ast-breadcrumbs-content":"","ast-featured-img":"","footer-sml-layout":"","ast-disable-related-posts":"","theme-transparent-header-meta":"default","adv-header-id-meta":"","stick-header-meta":"","header-above-stick-meta":"","header-main-stick-meta":"","header-below-stick-meta":"","astra-migrate-meta-layouts":"set","ast-page-background-enabled":"default","ast-page-background-meta":{"desktop":{"background-color":"","background-image":"","background-repeat":"repeat","background-position":"center center","background-size":"auto","background-attachment":"scroll","background-type":"","background-media":"","overlay-type":"","overlay-color":"","overlay-opacity":"","overlay-gradient":""},"tablet":{"background-color":"","background-image":"","background-repeat":"repeat","background-position":"center center","background-size":"auto","background-attachment":"scroll","background-type":"","background-media":"","overlay-type":"","overlay-color":"","overlay-opacity":"","overlay-gradient":""},"mobile":{"background-color":"","background-image":"","background-repeat":"repeat","background-position":"center center","background-size":"auto","background-attachment":"scroll","background-type":"","background-media":"","overlay-type":"","overlay-color":"","overlay-opacity":"","overlay-gradient":""}},"ast-content-background-meta":{"desktop":{"background-color":"var(--ast-global-color-4)","background-image":"","background-repeat":"repeat","background-position":"center center","background-size":"auto","background-attachment":"scroll","background-type":"","background-media":"","overlay-type":"","overlay-color":"","overlay-opacity":"","overlay-gradient":""},"tablet":{"background-color":"var(--ast-global-color-4)","background-image":"","background-repeat":"repeat","background-position":"center center","background-size":"auto","background-attachment":"scroll","background-type":"","background-media":"","overlay-type":"","overlay-color":"","overlay-opacity":"","overlay-gradient":""},"mobile":{"background-color":"var(--ast-global-color-4)","background-image":"","background-repeat":"repeat","background-position":"center center","background-size":"auto","background-attachment":"scroll","background-type":"","background-media":"","overlay-type":"","overlay-color":"","overlay-opacity":"","overlay-gradient":""}}},"product_brand":[],"product_cat":[15,165],"product_tag":[],"class_list":{"0":"post-16622","1":"product","2":"type-product","3":"status-publish","4":"has-post-thumbnail","6":"product_cat-uncategorized","7":"product_cat-religija-filosofija-ir-ezoterika","8":"desktop-align-left","9":"tablet-align-left","10":"mobile-align-left","12":"first","13":"instock","14":"shipping-taxable","15":"purchasable","16":"product-type-simple"},"acf":[],"yoast_head":"<!-- This site is optimized with the Yoast SEO plugin v27.0 - https:\/\/yoast.com\/product\/yoast-seo-wordpress\/ -->\n<title>Geriausia, kas kada nors buvo padaryta<\/title>\n<meta name=\"description\" content=\"Krisel\u0117s Mofat papasakota istorija - \u0161okiruojanti, keista ir \u0161elmi\u0161ka. Kai ji buvo de\u0161imties met\u0173, mir\u0117 t\u0117vas, o po plastin\u0117s operacijos komplikacij\u0173 - ir\" \/>\n<meta name=\"robots\" content=\"index, follow, max-snippet:-1, max-image-preview:large, max-video-preview:-1\" \/>\n<link rel=\"canonical\" href=\"https:\/\/skaitytaknyga.lt\/en\/produktas\/geriausia-kas-kada-nors-buvo-padaryta\/\" \/>\n<meta property=\"og:locale\" content=\"en_GB\" \/>\n<meta property=\"og:locale:alternate\" content=\"lt_LT\" \/>\n<meta property=\"og:type\" content=\"article\" \/>\n<meta property=\"og:title\" content=\"Geriausia, kas kada nors buvo padaryta\" \/>\n<meta property=\"og:description\" content=\"Krisel\u0117s Mofat papasakota istorija - \u0161okiruojanti, keista ir \u0161elmi\u0161ka. Kai ji buvo de\u0161imties met\u0173, mir\u0117 t\u0117vas, o po plastin\u0117s operacijos komplikacij\u0173 - ir\" \/>\n<meta property=\"og:url\" content=\"https:\/\/skaitytaknyga.lt\/en\/produktas\/geriausia-kas-kada-nors-buvo-padaryta\/\" \/>\n<meta property=\"og:site_name\" content=\"Skaitytaknyga\" \/>\n<meta property=\"article:publisher\" content=\"https:\/\/www.facebook.com\/skaitytaknyga\/\" \/>\n<meta property=\"article:modified_time\" content=\"2025-02-04T08:36:53+00:00\" \/>\n<meta property=\"og:image\" content=\"https:\/\/skaitytaknyga.lt\/wp-content\/uploads\/2025\/02\/Geriausia-kas-kada-nors-buvo-padaryta.webp\" \/>\n\t<meta property=\"og:image:width\" content=\"495\" \/>\n\t<meta property=\"og:image:height\" content=\"800\" \/>\n\t<meta property=\"og:image:type\" content=\"image\/webp\" \/>\n<meta name=\"twitter:card\" content=\"summary_large_image\" \/>\n<meta name=\"twitter:label1\" content=\"Estimated reading time\" \/>\n\t<meta name=\"twitter:data1\" content=\"1 minute\" \/>\n<script type=\"application\/ld+json\" class=\"yoast-schema-graph\">{\"@context\":\"https:\/\/schema.org\",\"@graph\":[{\"@type\":\"WebPage\",\"@id\":\"https:\/\/skaitytaknyga.lt\/produktas\/geriausia-kas-kada-nors-buvo-padaryta\/\",\"url\":\"https:\/\/skaitytaknyga.lt\/produktas\/geriausia-kas-kada-nors-buvo-padaryta\/\",\"name\":\"Geriausia, kas kada nors buvo padaryta\",\"isPartOf\":{\"@id\":\"https:\/\/skaitytaknyga.lt\/#website\"},\"primaryImageOfPage\":{\"@id\":\"https:\/\/skaitytaknyga.lt\/produktas\/geriausia-kas-kada-nors-buvo-padaryta\/#primaryimage\"},\"image\":{\"@id\":\"https:\/\/skaitytaknyga.lt\/produktas\/geriausia-kas-kada-nors-buvo-padaryta\/#primaryimage\"},\"thumbnailUrl\":\"https:\/\/skaitytaknyga.lt\/wp-content\/uploads\/2025\/02\/Geriausia-kas-kada-nors-buvo-padaryta.webp\",\"datePublished\":\"2025-02-04T08:35:41+00:00\",\"dateModified\":\"2025-02-04T08:36:53+00:00\",\"description\":\"Krisel\u0117s Mofat papasakota istorija - \u0161okiruojanti, keista ir \u0161elmi\u0161ka. Kai ji buvo de\u0161imties met\u0173, mir\u0117 t\u0117vas, o po plastin\u0117s operacijos komplikacij\u0173 - ir\",\"breadcrumb\":{\"@id\":\"https:\/\/skaitytaknyga.lt\/produktas\/geriausia-kas-kada-nors-buvo-padaryta\/#breadcrumb\"},\"inLanguage\":\"en-GB\",\"potentialAction\":[{\"@type\":\"ReadAction\",\"target\":[\"https:\/\/skaitytaknyga.lt\/produktas\/geriausia-kas-kada-nors-buvo-padaryta\/\"]}]},{\"@type\":\"ImageObject\",\"inLanguage\":\"en-GB\",\"@id\":\"https:\/\/skaitytaknyga.lt\/produktas\/geriausia-kas-kada-nors-buvo-padaryta\/#primaryimage\",\"url\":\"https:\/\/skaitytaknyga.lt\/wp-content\/uploads\/2025\/02\/Geriausia-kas-kada-nors-buvo-padaryta.webp\",\"contentUrl\":\"https:\/\/skaitytaknyga.lt\/wp-content\/uploads\/2025\/02\/Geriausia-kas-kada-nors-buvo-padaryta.webp\",\"width\":495,\"height\":800,\"caption\":\"Geriausia, kas kada nors buvo padaryta\"},{\"@type\":\"BreadcrumbList\",\"@id\":\"https:\/\/skaitytaknyga.lt\/produktas\/geriausia-kas-kada-nors-buvo-padaryta\/#breadcrumb\",\"itemListElement\":[{\"@type\":\"ListItem\",\"position\":1,\"name\":\"Home\",\"item\":\"https:\/\/skaitytaknyga.lt\/\"},{\"@type\":\"ListItem\",\"position\":2,\"name\":\"Parduotuv\u0117\",\"item\":\"https:\/\/skaitytaknyga.lt\/knygu-parduotuve\/\"},{\"@type\":\"ListItem\",\"position\":3,\"name\":\"Geriausia, kas kada nors buvo padaryta\"}]},{\"@type\":\"WebSite\",\"@id\":\"https:\/\/skaitytaknyga.lt\/#website\",\"url\":\"https:\/\/skaitytaknyga.lt\/\",\"name\":\"skaitytaknyga.lt\",\"description\":\"Skaitytaknyga.lt \u2013 tai ma\u017eas \u0161eimos verslas, kuris prasid\u0117jo nuo meil\u0117s knygoms ir siekio i\u0161gelb\u0117ti knygas nuo likimo prie konteinerio. Kas vienam nereikalingas daiktas \u2013 kitam lobis, o mes esame tarpininkai, kurie padeda abiems tapti laimingesniems ???? \u017dinome kaip nelengva i\u0161gyventi ma\u017eiems verslams, tad nuo \u0161iol, \u010dia rasite ir kit\u0173, ma\u017e\u0173 \u0161eim\u0173 versl\u0173, rank\u0173 darbo, dovan\u0173 sau ir artimiesiems.\",\"publisher\":{\"@id\":\"https:\/\/skaitytaknyga.lt\/#organization\"},\"potentialAction\":[{\"@type\":\"SearchAction\",\"target\":{\"@type\":\"EntryPoint\",\"urlTemplate\":\"https:\/\/skaitytaknyga.lt\/?s={search_term_string}\"},\"query-input\":{\"@type\":\"PropertyValueSpecification\",\"valueRequired\":true,\"valueName\":\"search_term_string\"}}],\"inLanguage\":\"en-GB\"},{\"@type\":\"Organization\",\"@id\":\"https:\/\/skaitytaknyga.lt\/#organization\",\"name\":\"skaitytaknyga.lt\",\"url\":\"https:\/\/skaitytaknyga.lt\/\",\"logo\":{\"@type\":\"ImageObject\",\"inLanguage\":\"en-GB\",\"@id\":\"https:\/\/skaitytaknyga.lt\/#\/schema\/logo\/image\/\",\"url\":\"https:\/\/skaitytaknyga.lt\/wp-content\/uploads\/2024\/05\/cropped-cropped-cropped-02_00843_jt3bggkj1j3HLc7SyY6rEUpg.jpeg\",\"contentUrl\":\"https:\/\/skaitytaknyga.lt\/wp-content\/uploads\/2024\/05\/cropped-cropped-cropped-02_00843_jt3bggkj1j3HLc7SyY6rEUpg.jpeg\",\"width\":1600,\"height\":1600,\"caption\":\"skaitytaknyga.lt\"},\"image\":{\"@id\":\"https:\/\/skaitytaknyga.lt\/#\/schema\/logo\/image\/\"},\"sameAs\":[\"https:\/\/www.facebook.com\/skaitytaknyga\/\"]}]}<\/script>\n<!-- \/ Yoast SEO plugin. -->","yoast_head_json":{"title":"Geriausia, kas kada nors buvo padaryta","description":"Krisel\u0117s Mofat papasakota istorija - \u0161okiruojanti, keista ir \u0161elmi\u0161ka. Kai ji buvo de\u0161imties met\u0173, mir\u0117 t\u0117vas, o po plastin\u0117s operacijos komplikacij\u0173 - ir","robots":{"index":"index","follow":"follow","max-snippet":"max-snippet:-1","max-image-preview":"max-image-preview:large","max-video-preview":"max-video-preview:-1"},"canonical":"https:\/\/skaitytaknyga.lt\/en\/produktas\/geriausia-kas-kada-nors-buvo-padaryta\/","og_locale":"en_GB","og_type":"article","og_title":"[:lt]Geriausia, kas kada nors buvo padaryta[:] - Skaitytaknyga","og_description":"Krisel\u0117s Mofat papasakota istorija - \u0161okiruojanti, keista ir \u0161elmi\u0161ka. Kai ji buvo de\u0161imties met\u0173, mir\u0117 t\u0117vas, o po plastin\u0117s operacijos komplikacij\u0173 - ir","og_url":"https:\/\/skaitytaknyga.lt\/en\/produktas\/geriausia-kas-kada-nors-buvo-padaryta\/","og_site_name":"Skaitytaknyga","article_publisher":"https:\/\/www.facebook.com\/skaitytaknyga\/","article_modified_time":"2025-02-04T08:36:53+00:00","og_image":[{"width":495,"height":800,"url":"https:\/\/skaitytaknyga.lt\/wp-content\/uploads\/2025\/02\/Geriausia-kas-kada-nors-buvo-padaryta.webp","type":"image\/webp"}],"twitter_card":"summary_large_image","twitter_misc":{"Estimated reading time":"1 minute"},"schema":{"@context":"https:\/\/schema.org","@graph":[{"@type":"WebPage","@id":"https:\/\/skaitytaknyga.lt\/produktas\/geriausia-kas-kada-nors-buvo-padaryta\/","url":"https:\/\/skaitytaknyga.lt\/produktas\/geriausia-kas-kada-nors-buvo-padaryta\/","name":"Geriausia, kas kada nors buvo padaryta","isPartOf":{"@id":"https:\/\/skaitytaknyga.lt\/#website"},"primaryImageOfPage":{"@id":"https:\/\/skaitytaknyga.lt\/produktas\/geriausia-kas-kada-nors-buvo-padaryta\/#primaryimage"},"image":{"@id":"https:\/\/skaitytaknyga.lt\/produktas\/geriausia-kas-kada-nors-buvo-padaryta\/#primaryimage"},"thumbnailUrl":"https:\/\/skaitytaknyga.lt\/wp-content\/uploads\/2025\/02\/Geriausia-kas-kada-nors-buvo-padaryta.webp","datePublished":"2025-02-04T08:35:41+00:00","dateModified":"2025-02-04T08:36:53+00:00","description":"Krisel\u0117s Mofat papasakota istorija - \u0161okiruojanti, keista ir \u0161elmi\u0161ka. Kai ji buvo de\u0161imties met\u0173, mir\u0117 t\u0117vas, o po plastin\u0117s operacijos komplikacij\u0173 - ir","breadcrumb":{"@id":"https:\/\/skaitytaknyga.lt\/produktas\/geriausia-kas-kada-nors-buvo-padaryta\/#breadcrumb"},"inLanguage":"en-GB","potentialAction":[{"@type":"ReadAction","target":["https:\/\/skaitytaknyga.lt\/produktas\/geriausia-kas-kada-nors-buvo-padaryta\/"]}]},{"@type":"ImageObject","inLanguage":"en-GB","@id":"https:\/\/skaitytaknyga.lt\/produktas\/geriausia-kas-kada-nors-buvo-padaryta\/#primaryimage","url":"https:\/\/skaitytaknyga.lt\/wp-content\/uploads\/2025\/02\/Geriausia-kas-kada-nors-buvo-padaryta.webp","contentUrl":"https:\/\/skaitytaknyga.lt\/wp-content\/uploads\/2025\/02\/Geriausia-kas-kada-nors-buvo-padaryta.webp","width":495,"height":800,"caption":"Geriausia, kas kada nors buvo padaryta"},{"@type":"BreadcrumbList","@id":"https:\/\/skaitytaknyga.lt\/produktas\/geriausia-kas-kada-nors-buvo-padaryta\/#breadcrumb","itemListElement":[{"@type":"ListItem","position":1,"name":"Home","item":"https:\/\/skaitytaknyga.lt\/"},{"@type":"ListItem","position":2,"name":"Parduotuv\u0117","item":"https:\/\/skaitytaknyga.lt\/knygu-parduotuve\/"},{"@type":"ListItem","position":3,"name":"Geriausia, kas kada nors buvo padaryta"}]},{"@type":"WebSite","@id":"https:\/\/skaitytaknyga.lt\/#website","url":"https:\/\/skaitytaknyga.lt\/","name":"skaitytaknyga.lt","description":"Skaitytaknyga.lt \u2013 tai ma\u017eas \u0161eimos verslas, kuris prasid\u0117jo nuo meil\u0117s knygoms ir siekio i\u0161gelb\u0117ti knygas nuo likimo prie konteinerio. Kas vienam nereikalingas daiktas \u2013 kitam lobis, o mes esame tarpininkai, kurie padeda abiems tapti laimingesniems ???? \u017dinome kaip nelengva i\u0161gyventi ma\u017eiems verslams, tad nuo \u0161iol, \u010dia rasite ir kit\u0173, ma\u017e\u0173 \u0161eim\u0173 versl\u0173, rank\u0173 darbo, dovan\u0173 sau ir artimiesiems.","publisher":{"@id":"https:\/\/skaitytaknyga.lt\/#organization"},"potentialAction":[{"@type":"SearchAction","target":{"@type":"EntryPoint","urlTemplate":"https:\/\/skaitytaknyga.lt\/?s={search_term_string}"},"query-input":{"@type":"PropertyValueSpecification","valueRequired":true,"valueName":"search_term_string"}}],"inLanguage":"en-GB"},{"@type":"Organization","@id":"https:\/\/skaitytaknyga.lt\/#organization","name":"skaitytaknyga.lt","url":"https:\/\/skaitytaknyga.lt\/","logo":{"@type":"ImageObject","inLanguage":"en-GB","@id":"https:\/\/skaitytaknyga.lt\/#\/schema\/logo\/image\/","url":"https:\/\/skaitytaknyga.lt\/wp-content\/uploads\/2024\/05\/cropped-cropped-cropped-02_00843_jt3bggkj1j3HLc7SyY6rEUpg.jpeg","contentUrl":"https:\/\/skaitytaknyga.lt\/wp-content\/uploads\/2024\/05\/cropped-cropped-cropped-02_00843_jt3bggkj1j3HLc7SyY6rEUpg.jpeg","width":1600,"height":1600,"caption":"skaitytaknyga.lt"},"image":{"@id":"https:\/\/skaitytaknyga.lt\/#\/schema\/logo\/image\/"},"sameAs":["https:\/\/www.facebook.com\/skaitytaknyga\/"]}]}},"_links":{"self":[{"href":"https:\/\/skaitytaknyga.lt\/en\/wp-json\/wp\/v2\/product\/16622","targetHints":{"allow":["GET"]}}],"collection":[{"href":"https:\/\/skaitytaknyga.lt\/en\/wp-json\/wp\/v2\/product"}],"about":[{"href":"https:\/\/skaitytaknyga.lt\/en\/wp-json\/wp\/v2\/types\/product"}],"replies":[{"embeddable":true,"href":"https:\/\/skaitytaknyga.lt\/en\/wp-json\/wp\/v2\/comments?post=16622"}],"wp:featuredmedia":[{"embeddable":true,"href":"https:\/\/skaitytaknyga.lt\/en\/wp-json\/wp\/v2\/media\/16623"}],"wp:attachment":[{"href":"https:\/\/skaitytaknyga.lt\/en\/wp-json\/wp\/v2\/media?parent=16622"}],"wp:term":[{"taxonomy":"product_brand","embeddable":true,"href":"https:\/\/skaitytaknyga.lt\/en\/wp-json\/wp\/v2\/product_brand?post=16622"},{"taxonomy":"product_cat","embeddable":true,"href":"https:\/\/skaitytaknyga.lt\/en\/wp-json\/wp\/v2\/product_cat?post=16622"},{"taxonomy":"product_tag","embeddable":true,"href":"https:\/\/skaitytaknyga.lt\/en\/wp-json\/wp\/v2\/product_tag?post=16622"}],"curies":[{"name":"wp","href":"https:\/\/api.w.org\/{rel}","templated":true}]}}