{"id":16620,"date":"2025-02-04T10:33:04","date_gmt":"2025-02-04T08:33:04","guid":{"rendered":"https:\/\/skaitytaknyga.lt\/?post_type=product&#038;p=16620"},"modified":"2025-05-19T09:47:25","modified_gmt":"2025-05-19T06:47:25","slug":"megejiska-ir-sportine-zukle","status":"publish","type":"product","link":"https:\/\/skaitytaknyga.lt\/en\/produktas\/megejiska-ir-sportine-zukle\/","title":{"rendered":"M\u0117g\u0117ji\u0161ka ir sportin\u0117 \u017e\u016bkl\u0117 (su defektu)"},"content":{"rendered":"<p>Autorius skaitytojus supa\u017eindina su \u017euv\u0173 gaudymu pl\u016bdine me\u0161kere: pataria, kaip tokiai \u017evejybai pasiruo\u0161ti, kokius pagalbinius reikmenis ir pa\u0161arus pasiimti; nurodo ir tinkamiausi\u0105 laik\u0105 bei viet\u0105.<\/p>\n<p>Knygoje kiek netradici\u0161kai apra\u0161omas spiningavimas. Taip pat i\u0161samiai ap\u017evelgiama poledin\u0117 \u017e\u016bkl\u0117, konkre\u010diai apra\u0161omas kai kuri\u0173 labiau paplitusi\u0173 \u017euv\u0173 gaudymas, pabaigoje pateikiama daug nauding\u0173 patarim\u0173 tiek \u017evejui m\u0117g\u0117jui, tiek patyrusiam sportininkui.<\/p>\n<ul class=\"about-product d-none d-xl-block mt-4\">\n<li><strong>Autorius:<\/strong>\u00a0Steponas Pu\u010dinskas<\/li>\n<li><strong>Leid\u0117jas:<\/strong>\u00a0\u0160viesa<\/li>\n<li><strong>Metai:<\/strong>\u00a01997<\/li>\n<li><strong>Puslapiai:<\/strong>\u00a0123<\/li>\n<li class=\"toggleable type-new-formats \"><strong>ISBN-10:<\/strong>\u00a05430023701<\/li>\n<li class=\"toggleable type-new-formats \"><strong>ISBN-13:<\/strong>\u00a09785430023706<\/li>\n<li class=\"toggleable type-new-formats \"><strong>Formatas:<\/strong>\u00a015 x 22 cm, mink\u0161ti vir\u0161eliai<\/li>\n<li><strong>Kalba:<\/strong>\u00a0Lietuvi\u0173<\/li>\n<\/ul>\n","protected":false},"excerpt":{"rendered":"<p>Autorius skaitytojus supa\u017eindina su \u017euv\u0173 gaudymu pl\u016bdine me\u0161kere: pataria, kaip tokiai \u017evejybai pasiruo\u0161ti, kokius pagalbinius reikmenis ir pa\u0161arus pasiimti; nurodo ir tinkamiausi\u0105 laik\u0105 bei viet\u0105. Knygoje kiek netradici\u0161kai apra\u0161omas spiningavimas. Taip pat i\u0161samiai ap\u017evelgiama poledin\u0117 \u017e\u016bkl\u0117, konkre\u010diai apra\u0161omas kai kuri\u0173 labiau paplitusi\u0173 \u017euv\u0173 gaudymas, pabaigoje pateikiama daug nauding\u0173 patarim\u0173 tiek \u017evejui m\u0117g\u0117jui, tiek patyrusiam sportininkui. Autorius:\u00a0Steponas Pu\u010dinskas Leid\u0117jas:\u00a0\u0160viesa Metai:\u00a01997 Puslapiai:\u00a0123 ISBN-10:\u00a05430023701 ISBN-13:\u00a09785430023706 Formatas:\u00a015 x 22 cm, mink\u0161ti vir\u0161eliai Kalba:\u00a0Lietuvi\u0173<\/p>\n","protected":false},"featured_media":16621,"comment_status":"open","ping_status":"closed","template":"","meta":{"_acf_changed":false,"site-sidebar-layout":"default","site-content-layout":"","ast-site-content-layout":"default","site-content-style":"default","site-sidebar-style":"default","ast-global-header-display":"","ast-banner-title-visibility":"","ast-main-header-display":"","ast-hfb-above-header-display":"","ast-hfb-below-header-display":"","ast-hfb-mobile-header-display":"","site-post-title":"","ast-breadcrumbs-content":"","ast-featured-img":"","footer-sml-layout":"","ast-disable-related-posts":"","theme-transparent-header-meta":"default","adv-header-id-meta":"","stick-header-meta":"","header-above-stick-meta":"","header-main-stick-meta":"","header-below-stick-meta":"","astra-migrate-meta-layouts":"set","ast-page-background-enabled":"default","ast-page-background-meta":{"desktop":{"background-color":"","background-image":"","background-repeat":"repeat","background-position":"center center","background-size":"auto","background-attachment":"scroll","background-type":"","background-media":"","overlay-type":"","overlay-color":"","overlay-opacity":"","overlay-gradient":""},"tablet":{"background-color":"","background-image":"","background-repeat":"repeat","background-position":"center center","background-size":"auto","background-attachment":"scroll","background-type":"","background-media":"","overlay-type":"","overlay-color":"","overlay-opacity":"","overlay-gradient":""},"mobile":{"background-color":"","background-image":"","background-repeat":"repeat","background-position":"center center","background-size":"auto","background-attachment":"scroll","background-type":"","background-media":"","overlay-type":"","overlay-color":"","overlay-opacity":"","overlay-gradient":""}},"ast-content-background-meta":{"desktop":{"background-color":"var(--ast-global-color-4)","background-image":"","background-repeat":"repeat","background-position":"center center","background-size":"auto","background-attachment":"scroll","background-type":"","background-media":"","overlay-type":"","overlay-color":"","overlay-opacity":"","overlay-gradient":""},"tablet":{"background-color":"var(--ast-global-color-4)","background-image":"","background-repeat":"repeat","background-position":"center center","background-size":"auto","background-attachment":"scroll","background-type":"","background-media":"","overlay-type":"","overlay-color":"","overlay-opacity":"","overlay-gradient":""},"mobile":{"background-color":"var(--ast-global-color-4)","background-image":"","background-repeat":"repeat","background-position":"center center","background-size":"auto","background-attachment":"scroll","background-type":"","background-media":"","overlay-type":"","overlay-color":"","overlay-opacity":"","overlay-gradient":""}}},"product_brand":[],"product_cat":[15,27],"product_tag":[],"class_list":{"0":"post-16620","1":"product","2":"type-product","3":"status-publish","4":"has-post-thumbnail","6":"product_cat-uncategorized","7":"product_cat-sportas-laisvalaikis-rankdarbiai","8":"desktop-align-left","9":"tablet-align-left","10":"mobile-align-left","12":"first","13":"instock","14":"shipping-taxable","15":"purchasable","16":"product-type-simple"},"acf":[],"yoast_head":"<!-- This site is optimized with the Yoast SEO plugin v27.0 - https:\/\/yoast.com\/product\/yoast-seo-wordpress\/ -->\n<title>M\u0117g\u0117ji\u0161ka ir sportin\u0117 \u017e\u016bkl\u0117 (su defektu)<\/title>\n<meta name=\"description\" content=\"Autorius skaitytojus supa\u017eindina su \u017euv\u0173 gaudymu pl\u016bdine me\u0161kere: pataria, kaip tokiai \u017evejybai pasiruo\u0161ti, kokius pagalbinius reikmenis ir pa\u0161arus\" \/>\n<meta name=\"robots\" content=\"index, follow, max-snippet:-1, max-image-preview:large, max-video-preview:-1\" \/>\n<link rel=\"canonical\" href=\"https:\/\/skaitytaknyga.lt\/en\/produktas\/megejiska-ir-sportine-zukle\/\" \/>\n<meta property=\"og:locale\" content=\"en_GB\" \/>\n<meta property=\"og:locale:alternate\" content=\"lt_LT\" \/>\n<meta property=\"og:type\" content=\"article\" \/>\n<meta property=\"og:title\" content=\"M\u0117g\u0117ji\u0161ka ir sportin\u0117 \u017e\u016bkl\u0117 (su defektu)\" \/>\n<meta property=\"og:description\" content=\"Autorius skaitytojus supa\u017eindina su \u017euv\u0173 gaudymu pl\u016bdine me\u0161kere: pataria, kaip tokiai \u017evejybai pasiruo\u0161ti, kokius pagalbinius reikmenis ir pa\u0161arus\" \/>\n<meta property=\"og:url\" content=\"https:\/\/skaitytaknyga.lt\/en\/produktas\/megejiska-ir-sportine-zukle\/\" \/>\n<meta property=\"og:site_name\" content=\"Skaitytaknyga\" \/>\n<meta property=\"article:publisher\" content=\"https:\/\/www.facebook.com\/skaitytaknyga\/\" \/>\n<meta property=\"article:modified_time\" content=\"2025-05-19T06:47:25+00:00\" \/>\n<meta property=\"og:image\" content=\"https:\/\/skaitytaknyga.lt\/wp-content\/uploads\/2025\/02\/Megejiska-ir-sportine-zukle.webp\" \/>\n\t<meta property=\"og:image:width\" content=\"520\" \/>\n\t<meta property=\"og:image:height\" content=\"800\" \/>\n\t<meta property=\"og:image:type\" content=\"image\/webp\" \/>\n<meta name=\"twitter:card\" content=\"summary_large_image\" \/>\n<meta name=\"twitter:label1\" content=\"Estimated reading time\" \/>\n\t<meta name=\"twitter:data1\" content=\"1 minute\" \/>\n<script type=\"application\/ld+json\" class=\"yoast-schema-graph\">{\"@context\":\"https:\/\/schema.org\",\"@graph\":[{\"@type\":\"WebPage\",\"@id\":\"https:\/\/skaitytaknyga.lt\/produktas\/megejiska-ir-sportine-zukle\/\",\"url\":\"https:\/\/skaitytaknyga.lt\/produktas\/megejiska-ir-sportine-zukle\/\",\"name\":\"M\u0117g\u0117ji\u0161ka ir sportin\u0117 \u017e\u016bkl\u0117 (su defektu)\",\"isPartOf\":{\"@id\":\"https:\/\/skaitytaknyga.lt\/#website\"},\"primaryImageOfPage\":{\"@id\":\"https:\/\/skaitytaknyga.lt\/produktas\/megejiska-ir-sportine-zukle\/#primaryimage\"},\"image\":{\"@id\":\"https:\/\/skaitytaknyga.lt\/produktas\/megejiska-ir-sportine-zukle\/#primaryimage\"},\"thumbnailUrl\":\"https:\/\/skaitytaknyga.lt\/wp-content\/uploads\/2025\/02\/Megejiska-ir-sportine-zukle.webp\",\"datePublished\":\"2025-02-04T08:33:04+00:00\",\"dateModified\":\"2025-05-19T06:47:25+00:00\",\"description\":\"Autorius skaitytojus supa\u017eindina su \u017euv\u0173 gaudymu pl\u016bdine me\u0161kere: pataria, kaip tokiai \u017evejybai pasiruo\u0161ti, kokius pagalbinius reikmenis ir pa\u0161arus\",\"breadcrumb\":{\"@id\":\"https:\/\/skaitytaknyga.lt\/produktas\/megejiska-ir-sportine-zukle\/#breadcrumb\"},\"inLanguage\":\"en-GB\",\"potentialAction\":[{\"@type\":\"ReadAction\",\"target\":[\"https:\/\/skaitytaknyga.lt\/produktas\/megejiska-ir-sportine-zukle\/\"]}]},{\"@type\":\"ImageObject\",\"inLanguage\":\"en-GB\",\"@id\":\"https:\/\/skaitytaknyga.lt\/produktas\/megejiska-ir-sportine-zukle\/#primaryimage\",\"url\":\"https:\/\/skaitytaknyga.lt\/wp-content\/uploads\/2025\/02\/Megejiska-ir-sportine-zukle.webp\",\"contentUrl\":\"https:\/\/skaitytaknyga.lt\/wp-content\/uploads\/2025\/02\/Megejiska-ir-sportine-zukle.webp\",\"width\":520,\"height\":800,\"caption\":\"M\u0117g\u0117ji\u0161ka ir sportin\u0117 \u017e\u016bkl\u0117\"},{\"@type\":\"BreadcrumbList\",\"@id\":\"https:\/\/skaitytaknyga.lt\/produktas\/megejiska-ir-sportine-zukle\/#breadcrumb\",\"itemListElement\":[{\"@type\":\"ListItem\",\"position\":1,\"name\":\"Home\",\"item\":\"https:\/\/skaitytaknyga.lt\/\"},{\"@type\":\"ListItem\",\"position\":2,\"name\":\"Parduotuv\u0117\",\"item\":\"https:\/\/skaitytaknyga.lt\/knygu-parduotuve\/\"},{\"@type\":\"ListItem\",\"position\":3,\"name\":\"M\u0117g\u0117ji\u0161ka ir sportin\u0117 \u017e\u016bkl\u0117 (su defektu)\"}]},{\"@type\":\"WebSite\",\"@id\":\"https:\/\/skaitytaknyga.lt\/#website\",\"url\":\"https:\/\/skaitytaknyga.lt\/\",\"name\":\"skaitytaknyga.lt\",\"description\":\"Skaitytaknyga.lt \u2013 tai ma\u017eas \u0161eimos verslas, kuris prasid\u0117jo nuo meil\u0117s knygoms ir siekio i\u0161gelb\u0117ti knygas nuo likimo prie konteinerio. Kas vienam nereikalingas daiktas \u2013 kitam lobis, o mes esame tarpininkai, kurie padeda abiems tapti laimingesniems ???? \u017dinome kaip nelengva i\u0161gyventi ma\u017eiems verslams, tad nuo \u0161iol, \u010dia rasite ir kit\u0173, ma\u017e\u0173 \u0161eim\u0173 versl\u0173, rank\u0173 darbo, dovan\u0173 sau ir artimiesiems.\",\"publisher\":{\"@id\":\"https:\/\/skaitytaknyga.lt\/#organization\"},\"potentialAction\":[{\"@type\":\"SearchAction\",\"target\":{\"@type\":\"EntryPoint\",\"urlTemplate\":\"https:\/\/skaitytaknyga.lt\/?s={search_term_string}\"},\"query-input\":{\"@type\":\"PropertyValueSpecification\",\"valueRequired\":true,\"valueName\":\"search_term_string\"}}],\"inLanguage\":\"en-GB\"},{\"@type\":\"Organization\",\"@id\":\"https:\/\/skaitytaknyga.lt\/#organization\",\"name\":\"skaitytaknyga.lt\",\"url\":\"https:\/\/skaitytaknyga.lt\/\",\"logo\":{\"@type\":\"ImageObject\",\"inLanguage\":\"en-GB\",\"@id\":\"https:\/\/skaitytaknyga.lt\/#\/schema\/logo\/image\/\",\"url\":\"https:\/\/skaitytaknyga.lt\/wp-content\/uploads\/2024\/05\/cropped-cropped-cropped-02_00843_jt3bggkj1j3HLc7SyY6rEUpg.jpeg\",\"contentUrl\":\"https:\/\/skaitytaknyga.lt\/wp-content\/uploads\/2024\/05\/cropped-cropped-cropped-02_00843_jt3bggkj1j3HLc7SyY6rEUpg.jpeg\",\"width\":1600,\"height\":1600,\"caption\":\"skaitytaknyga.lt\"},\"image\":{\"@id\":\"https:\/\/skaitytaknyga.lt\/#\/schema\/logo\/image\/\"},\"sameAs\":[\"https:\/\/www.facebook.com\/skaitytaknyga\/\"]}]}<\/script>\n<!-- \/ Yoast SEO plugin. -->","yoast_head_json":{"title":"M\u0117g\u0117ji\u0161ka ir sportin\u0117 \u017e\u016bkl\u0117 (su defektu)","description":"Autorius skaitytojus supa\u017eindina su \u017euv\u0173 gaudymu pl\u016bdine me\u0161kere: pataria, kaip tokiai \u017evejybai pasiruo\u0161ti, kokius pagalbinius reikmenis ir pa\u0161arus","robots":{"index":"index","follow":"follow","max-snippet":"max-snippet:-1","max-image-preview":"max-image-preview:large","max-video-preview":"max-video-preview:-1"},"canonical":"https:\/\/skaitytaknyga.lt\/en\/produktas\/megejiska-ir-sportine-zukle\/","og_locale":"en_GB","og_type":"article","og_title":"[:lt]M\u0117g\u0117ji\u0161ka ir sportin\u0117 \u017e\u016bkl\u0117 (su defektu)[:] - Skaitytaknyga","og_description":"Autorius skaitytojus supa\u017eindina su \u017euv\u0173 gaudymu pl\u016bdine me\u0161kere: pataria, kaip tokiai \u017evejybai pasiruo\u0161ti, kokius pagalbinius reikmenis ir pa\u0161arus","og_url":"https:\/\/skaitytaknyga.lt\/en\/produktas\/megejiska-ir-sportine-zukle\/","og_site_name":"Skaitytaknyga","article_publisher":"https:\/\/www.facebook.com\/skaitytaknyga\/","article_modified_time":"2025-05-19T06:47:25+00:00","og_image":[{"width":520,"height":800,"url":"https:\/\/skaitytaknyga.lt\/wp-content\/uploads\/2025\/02\/Megejiska-ir-sportine-zukle.webp","type":"image\/webp"}],"twitter_card":"summary_large_image","twitter_misc":{"Estimated reading time":"1 minute"},"schema":{"@context":"https:\/\/schema.org","@graph":[{"@type":"WebPage","@id":"https:\/\/skaitytaknyga.lt\/produktas\/megejiska-ir-sportine-zukle\/","url":"https:\/\/skaitytaknyga.lt\/produktas\/megejiska-ir-sportine-zukle\/","name":"M\u0117g\u0117ji\u0161ka ir sportin\u0117 \u017e\u016bkl\u0117 (su defektu)","isPartOf":{"@id":"https:\/\/skaitytaknyga.lt\/#website"},"primaryImageOfPage":{"@id":"https:\/\/skaitytaknyga.lt\/produktas\/megejiska-ir-sportine-zukle\/#primaryimage"},"image":{"@id":"https:\/\/skaitytaknyga.lt\/produktas\/megejiska-ir-sportine-zukle\/#primaryimage"},"thumbnailUrl":"https:\/\/skaitytaknyga.lt\/wp-content\/uploads\/2025\/02\/Megejiska-ir-sportine-zukle.webp","datePublished":"2025-02-04T08:33:04+00:00","dateModified":"2025-05-19T06:47:25+00:00","description":"Autorius skaitytojus supa\u017eindina su \u017euv\u0173 gaudymu pl\u016bdine me\u0161kere: pataria, kaip tokiai \u017evejybai pasiruo\u0161ti, kokius pagalbinius reikmenis ir pa\u0161arus","breadcrumb":{"@id":"https:\/\/skaitytaknyga.lt\/produktas\/megejiska-ir-sportine-zukle\/#breadcrumb"},"inLanguage":"en-GB","potentialAction":[{"@type":"ReadAction","target":["https:\/\/skaitytaknyga.lt\/produktas\/megejiska-ir-sportine-zukle\/"]}]},{"@type":"ImageObject","inLanguage":"en-GB","@id":"https:\/\/skaitytaknyga.lt\/produktas\/megejiska-ir-sportine-zukle\/#primaryimage","url":"https:\/\/skaitytaknyga.lt\/wp-content\/uploads\/2025\/02\/Megejiska-ir-sportine-zukle.webp","contentUrl":"https:\/\/skaitytaknyga.lt\/wp-content\/uploads\/2025\/02\/Megejiska-ir-sportine-zukle.webp","width":520,"height":800,"caption":"M\u0117g\u0117ji\u0161ka ir sportin\u0117 \u017e\u016bkl\u0117"},{"@type":"BreadcrumbList","@id":"https:\/\/skaitytaknyga.lt\/produktas\/megejiska-ir-sportine-zukle\/#breadcrumb","itemListElement":[{"@type":"ListItem","position":1,"name":"Home","item":"https:\/\/skaitytaknyga.lt\/"},{"@type":"ListItem","position":2,"name":"Parduotuv\u0117","item":"https:\/\/skaitytaknyga.lt\/knygu-parduotuve\/"},{"@type":"ListItem","position":3,"name":"M\u0117g\u0117ji\u0161ka ir sportin\u0117 \u017e\u016bkl\u0117 (su defektu)"}]},{"@type":"WebSite","@id":"https:\/\/skaitytaknyga.lt\/#website","url":"https:\/\/skaitytaknyga.lt\/","name":"skaitytaknyga.lt","description":"Skaitytaknyga.lt \u2013 tai ma\u017eas \u0161eimos verslas, kuris prasid\u0117jo nuo meil\u0117s knygoms ir siekio i\u0161gelb\u0117ti knygas nuo likimo prie konteinerio. Kas vienam nereikalingas daiktas \u2013 kitam lobis, o mes esame tarpininkai, kurie padeda abiems tapti laimingesniems ???? \u017dinome kaip nelengva i\u0161gyventi ma\u017eiems verslams, tad nuo \u0161iol, \u010dia rasite ir kit\u0173, ma\u017e\u0173 \u0161eim\u0173 versl\u0173, rank\u0173 darbo, dovan\u0173 sau ir artimiesiems.","publisher":{"@id":"https:\/\/skaitytaknyga.lt\/#organization"},"potentialAction":[{"@type":"SearchAction","target":{"@type":"EntryPoint","urlTemplate":"https:\/\/skaitytaknyga.lt\/?s={search_term_string}"},"query-input":{"@type":"PropertyValueSpecification","valueRequired":true,"valueName":"search_term_string"}}],"inLanguage":"en-GB"},{"@type":"Organization","@id":"https:\/\/skaitytaknyga.lt\/#organization","name":"skaitytaknyga.lt","url":"https:\/\/skaitytaknyga.lt\/","logo":{"@type":"ImageObject","inLanguage":"en-GB","@id":"https:\/\/skaitytaknyga.lt\/#\/schema\/logo\/image\/","url":"https:\/\/skaitytaknyga.lt\/wp-content\/uploads\/2024\/05\/cropped-cropped-cropped-02_00843_jt3bggkj1j3HLc7SyY6rEUpg.jpeg","contentUrl":"https:\/\/skaitytaknyga.lt\/wp-content\/uploads\/2024\/05\/cropped-cropped-cropped-02_00843_jt3bggkj1j3HLc7SyY6rEUpg.jpeg","width":1600,"height":1600,"caption":"skaitytaknyga.lt"},"image":{"@id":"https:\/\/skaitytaknyga.lt\/#\/schema\/logo\/image\/"},"sameAs":["https:\/\/www.facebook.com\/skaitytaknyga\/"]}]}},"_links":{"self":[{"href":"https:\/\/skaitytaknyga.lt\/en\/wp-json\/wp\/v2\/product\/16620","targetHints":{"allow":["GET"]}}],"collection":[{"href":"https:\/\/skaitytaknyga.lt\/en\/wp-json\/wp\/v2\/product"}],"about":[{"href":"https:\/\/skaitytaknyga.lt\/en\/wp-json\/wp\/v2\/types\/product"}],"replies":[{"embeddable":true,"href":"https:\/\/skaitytaknyga.lt\/en\/wp-json\/wp\/v2\/comments?post=16620"}],"wp:featuredmedia":[{"embeddable":true,"href":"https:\/\/skaitytaknyga.lt\/en\/wp-json\/wp\/v2\/media\/16621"}],"wp:attachment":[{"href":"https:\/\/skaitytaknyga.lt\/en\/wp-json\/wp\/v2\/media?parent=16620"}],"wp:term":[{"taxonomy":"product_brand","embeddable":true,"href":"https:\/\/skaitytaknyga.lt\/en\/wp-json\/wp\/v2\/product_brand?post=16620"},{"taxonomy":"product_cat","embeddable":true,"href":"https:\/\/skaitytaknyga.lt\/en\/wp-json\/wp\/v2\/product_cat?post=16620"},{"taxonomy":"product_tag","embeddable":true,"href":"https:\/\/skaitytaknyga.lt\/en\/wp-json\/wp\/v2\/product_tag?post=16620"}],"curies":[{"name":"wp","href":"https:\/\/api.w.org\/{rel}","templated":true}]}}