{"id":16617,"date":"2025-02-04T10:30:14","date_gmt":"2025-02-04T08:30:14","guid":{"rendered":"https:\/\/skaitytaknyga.lt\/?post_type=product&#038;p=16617"},"modified":"2025-02-04T10:31:20","modified_gmt":"2025-02-04T08:31:20","slug":"lego-superherojai-5-minuciu-istorijos","status":"publish","type":"product","link":"https:\/\/skaitytaknyga.lt\/en\/produktas\/lego-superherojai-5-minuciu-istorijos\/","title":{"rendered":"LEGO superherojai: 5 minu\u010di\u0173 istorijos (sulamdytas titulinis)"},"content":{"rendered":"<p>A\u0161tuonios penki\u0173 minu\u010di\u0173 istorijos apie j\u016bs\u0173 m\u0117gstamiausius Lego DC veik\u0117jus!<\/p>\n<p>Tapkite a\u0161tuoni\u0173 veiksmo kupin\u0173 istorij\u0173 dalyviais kartu su \u017dmogumi \u0160ik\u0161nosparniu, Supermenu, Nuostabi\u0105ja Moterimi ir kitais superherojais. Kiekvien\u0105 \u0161i\u0173 istorij\u0173 galima perskaityti per penkias minutes ar grei\u010diau. Ar superherojai atrakcion\u0173 parke kovot\u0173 su nusikalt\u0117liais, ar kosmose gelb\u0117t\u0173 savo draugus i\u0161 superblogiuk\u0173 gniau\u017et\u0173, su jais netur\u0117site n\u0117 vienos nuobod\u017eios akimirkos!<\/p>\n<ul class=\"about-product d-none d-xl-block mt-4\">\n<li><strong>Originalus pavadinimas:<\/strong>\u00a0LEGO. DC COMICS SUPER HEROES. 5-minutes super hero stories<\/li>\n<li><strong>Leid\u0117jas:<\/strong>\u00a0Alma littera<\/li>\n<li><strong>Metai:<\/strong>\u00a02018<\/li>\n<li><strong>Puslapiai:<\/strong>\u00a097<\/li>\n<li class=\"toggleable type-new-formats \"><strong>ISBN:<\/strong>\u00a09786090132098<\/li>\n<li><strong>Versijos kodas:<\/strong>\u00a0PT.<\/li>\n<li class=\"toggleable type-new-formats \"><strong>Formatas:<\/strong>\u00a020 x 27 x 2 cm, kieti vir\u0161eliai<\/li>\n<li><strong>Kalba:<\/strong>\u00a0Lietuvi\u0173<\/li>\n<li><strong>Vert\u0117jas:<\/strong>\u00a0Daumantas Gadeikis<\/li>\n<\/ul>\n","protected":false},"excerpt":{"rendered":"<p>A\u0161tuonios penki\u0173 minu\u010di\u0173 istorijos apie j\u016bs\u0173 m\u0117gstamiausius Lego DC veik\u0117jus! Tapkite a\u0161tuoni\u0173 veiksmo kupin\u0173 istorij\u0173 dalyviais kartu su \u017dmogumi \u0160ik\u0161nosparniu, Supermenu, Nuostabi\u0105ja Moterimi ir kitais superherojais. Kiekvien\u0105 \u0161i\u0173 istorij\u0173 galima perskaityti per penkias minutes ar grei\u010diau. Ar superherojai atrakcion\u0173 parke kovot\u0173 su nusikalt\u0117liais, ar kosmose gelb\u0117t\u0173 savo draugus i\u0161 superblogiuk\u0173 gniau\u017et\u0173, su jais netur\u0117site n\u0117 vienos nuobod\u017eios akimirkos! Originalus pavadinimas:\u00a0LEGO. DC COMICS SUPER HEROES. 5-minutes super hero stories Leid\u0117jas:\u00a0Alma littera Metai:\u00a02018 Puslapiai:\u00a097 ISBN:\u00a09786090132098 Versijos kodas:\u00a0PT. Formatas:\u00a020 x 27 x 2 cm, kieti vir\u0161eliai Kalba:\u00a0Lietuvi\u0173 Vert\u0117jas:\u00a0Daumantas Gadeikis<\/p>\n","protected":false},"featured_media":16618,"comment_status":"closed","ping_status":"closed","template":"","meta":{"_acf_changed":false,"site-sidebar-layout":"default","site-content-layout":"","ast-site-content-layout":"default","site-content-style":"default","site-sidebar-style":"default","ast-global-header-display":"","ast-banner-title-visibility":"","ast-main-header-display":"","ast-hfb-above-header-display":"","ast-hfb-below-header-display":"","ast-hfb-mobile-header-display":"","site-post-title":"","ast-breadcrumbs-content":"","ast-featured-img":"","footer-sml-layout":"","ast-disable-related-posts":"","theme-transparent-header-meta":"default","adv-header-id-meta":"","stick-header-meta":"","header-above-stick-meta":"","header-main-stick-meta":"","header-below-stick-meta":"","astra-migrate-meta-layouts":"set","ast-page-background-enabled":"default","ast-page-background-meta":{"desktop":{"background-color":"","background-image":"","background-repeat":"repeat","background-position":"center center","background-size":"auto","background-attachment":"scroll","background-type":"","background-media":"","overlay-type":"","overlay-color":"","overlay-opacity":"","overlay-gradient":""},"tablet":{"background-color":"","background-image":"","background-repeat":"repeat","background-position":"center center","background-size":"auto","background-attachment":"scroll","background-type":"","background-media":"","overlay-type":"","overlay-color":"","overlay-opacity":"","overlay-gradient":""},"mobile":{"background-color":"","background-image":"","background-repeat":"repeat","background-position":"center center","background-size":"auto","background-attachment":"scroll","background-type":"","background-media":"","overlay-type":"","overlay-color":"","overlay-opacity":"","overlay-gradient":""}},"ast-content-background-meta":{"desktop":{"background-color":"var(--ast-global-color-4)","background-image":"","background-repeat":"repeat","background-position":"center center","background-size":"auto","background-attachment":"scroll","background-type":"","background-media":"","overlay-type":"","overlay-color":"","overlay-opacity":"","overlay-gradient":""},"tablet":{"background-color":"var(--ast-global-color-4)","background-image":"","background-repeat":"repeat","background-position":"center center","background-size":"auto","background-attachment":"scroll","background-type":"","background-media":"","overlay-type":"","overlay-color":"","overlay-opacity":"","overlay-gradient":""},"mobile":{"background-color":"var(--ast-global-color-4)","background-image":"","background-repeat":"repeat","background-position":"center center","background-size":"auto","background-attachment":"scroll","background-type":"","background-media":"","overlay-type":"","overlay-color":"","overlay-opacity":"","overlay-gradient":""}}},"product_brand":[],"product_cat":[35],"product_tag":[],"class_list":{"0":"post-16617","1":"product","2":"type-product","3":"status-publish","4":"has-post-thumbnail","6":"product_cat-vaikams-ir-paaugliams","7":"desktop-align-left","8":"tablet-align-left","9":"mobile-align-left","11":"first","12":"instock","13":"shipping-taxable","14":"purchasable","15":"product-type-simple"},"acf":[],"yoast_head":"<!-- This site is optimized with the Yoast SEO plugin v27.0 - https:\/\/yoast.com\/product\/yoast-seo-wordpress\/ -->\n<title>LEGO superherojai: 5 minu\u010di\u0173 istorijos (sulamdytas titulinis)<\/title>\n<meta name=\"description\" content=\"A\u0161tuonios penki\u0173 minu\u010di\u0173 istorijos apie j\u016bs\u0173 m\u0117gstamiausius Lego DC veik\u0117jus! Tapkite a\u0161tuoni\u0173 veiksmo kupin\u0173 istorij\u0173 dalyviais kartu su \u017dmogumi\" \/>\n<meta name=\"robots\" content=\"index, follow, max-snippet:-1, max-image-preview:large, max-video-preview:-1\" \/>\n<link rel=\"canonical\" href=\"https:\/\/skaitytaknyga.lt\/en\/produktas\/lego-superherojai-5-minuciu-istorijos\/\" \/>\n<meta property=\"og:locale\" content=\"en_GB\" \/>\n<meta property=\"og:locale:alternate\" content=\"lt_LT\" \/>\n<meta property=\"og:type\" content=\"article\" \/>\n<meta property=\"og:title\" content=\"LEGO superherojai: 5 minu\u010di\u0173 istorijos (sulamdytas titulinis)\" \/>\n<meta property=\"og:description\" content=\"A\u0161tuonios penki\u0173 minu\u010di\u0173 istorijos apie j\u016bs\u0173 m\u0117gstamiausius Lego DC veik\u0117jus! Tapkite a\u0161tuoni\u0173 veiksmo kupin\u0173 istorij\u0173 dalyviais kartu su \u017dmogumi\" \/>\n<meta property=\"og:url\" content=\"https:\/\/skaitytaknyga.lt\/en\/produktas\/lego-superherojai-5-minuciu-istorijos\/\" \/>\n<meta property=\"og:site_name\" content=\"Skaitytaknyga\" \/>\n<meta property=\"article:publisher\" content=\"https:\/\/www.facebook.com\/skaitytaknyga\/\" \/>\n<meta property=\"article:modified_time\" content=\"2025-02-04T08:31:20+00:00\" \/>\n<meta property=\"og:image\" content=\"https:\/\/skaitytaknyga.lt\/wp-content\/uploads\/2025\/02\/LEGO-superherojai-5-minuciu-istorijos.webp\" \/>\n\t<meta property=\"og:image:width\" content=\"446\" \/>\n\t<meta property=\"og:image:height\" content=\"600\" \/>\n\t<meta property=\"og:image:type\" content=\"image\/webp\" \/>\n<meta name=\"twitter:card\" content=\"summary_large_image\" \/>\n<meta name=\"twitter:label1\" content=\"Estimated reading time\" \/>\n\t<meta name=\"twitter:data1\" content=\"1 minute\" \/>\n<script type=\"application\/ld+json\" class=\"yoast-schema-graph\">{\"@context\":\"https:\/\/schema.org\",\"@graph\":[{\"@type\":\"WebPage\",\"@id\":\"https:\/\/skaitytaknyga.lt\/produktas\/lego-superherojai-5-minuciu-istorijos\/\",\"url\":\"https:\/\/skaitytaknyga.lt\/produktas\/lego-superherojai-5-minuciu-istorijos\/\",\"name\":\"LEGO superherojai: 5 minu\u010di\u0173 istorijos (sulamdytas titulinis)\",\"isPartOf\":{\"@id\":\"https:\/\/skaitytaknyga.lt\/#website\"},\"primaryImageOfPage\":{\"@id\":\"https:\/\/skaitytaknyga.lt\/produktas\/lego-superherojai-5-minuciu-istorijos\/#primaryimage\"},\"image\":{\"@id\":\"https:\/\/skaitytaknyga.lt\/produktas\/lego-superherojai-5-minuciu-istorijos\/#primaryimage\"},\"thumbnailUrl\":\"https:\/\/skaitytaknyga.lt\/wp-content\/uploads\/2025\/02\/LEGO-superherojai-5-minuciu-istorijos.webp\",\"datePublished\":\"2025-02-04T08:30:14+00:00\",\"dateModified\":\"2025-02-04T08:31:20+00:00\",\"description\":\"A\u0161tuonios penki\u0173 minu\u010di\u0173 istorijos apie j\u016bs\u0173 m\u0117gstamiausius Lego DC veik\u0117jus! Tapkite a\u0161tuoni\u0173 veiksmo kupin\u0173 istorij\u0173 dalyviais kartu su \u017dmogumi\",\"breadcrumb\":{\"@id\":\"https:\/\/skaitytaknyga.lt\/produktas\/lego-superherojai-5-minuciu-istorijos\/#breadcrumb\"},\"inLanguage\":\"en-GB\",\"potentialAction\":[{\"@type\":\"ReadAction\",\"target\":[\"https:\/\/skaitytaknyga.lt\/produktas\/lego-superherojai-5-minuciu-istorijos\/\"]}]},{\"@type\":\"ImageObject\",\"inLanguage\":\"en-GB\",\"@id\":\"https:\/\/skaitytaknyga.lt\/produktas\/lego-superherojai-5-minuciu-istorijos\/#primaryimage\",\"url\":\"https:\/\/skaitytaknyga.lt\/wp-content\/uploads\/2025\/02\/LEGO-superherojai-5-minuciu-istorijos.webp\",\"contentUrl\":\"https:\/\/skaitytaknyga.lt\/wp-content\/uploads\/2025\/02\/LEGO-superherojai-5-minuciu-istorijos.webp\",\"width\":446,\"height\":600,\"caption\":\"LEGO superherojai: 5 minu\u010di\u0173 istorijos\"},{\"@type\":\"BreadcrumbList\",\"@id\":\"https:\/\/skaitytaknyga.lt\/produktas\/lego-superherojai-5-minuciu-istorijos\/#breadcrumb\",\"itemListElement\":[{\"@type\":\"ListItem\",\"position\":1,\"name\":\"Home\",\"item\":\"https:\/\/skaitytaknyga.lt\/\"},{\"@type\":\"ListItem\",\"position\":2,\"name\":\"Parduotuv\u0117\",\"item\":\"https:\/\/skaitytaknyga.lt\/knygu-parduotuve\/\"},{\"@type\":\"ListItem\",\"position\":3,\"name\":\"LEGO superherojai: 5 minu\u010di\u0173 istorijos (sulamdytas titulinis)\"}]},{\"@type\":\"WebSite\",\"@id\":\"https:\/\/skaitytaknyga.lt\/#website\",\"url\":\"https:\/\/skaitytaknyga.lt\/\",\"name\":\"skaitytaknyga.lt\",\"description\":\"Skaitytaknyga.lt \u2013 tai ma\u017eas \u0161eimos verslas, kuris prasid\u0117jo nuo meil\u0117s knygoms ir siekio i\u0161gelb\u0117ti knygas nuo likimo prie konteinerio. Kas vienam nereikalingas daiktas \u2013 kitam lobis, o mes esame tarpininkai, kurie padeda abiems tapti laimingesniems ???? \u017dinome kaip nelengva i\u0161gyventi ma\u017eiems verslams, tad nuo \u0161iol, \u010dia rasite ir kit\u0173, ma\u017e\u0173 \u0161eim\u0173 versl\u0173, rank\u0173 darbo, dovan\u0173 sau ir artimiesiems.\",\"publisher\":{\"@id\":\"https:\/\/skaitytaknyga.lt\/#organization\"},\"potentialAction\":[{\"@type\":\"SearchAction\",\"target\":{\"@type\":\"EntryPoint\",\"urlTemplate\":\"https:\/\/skaitytaknyga.lt\/?s={search_term_string}\"},\"query-input\":{\"@type\":\"PropertyValueSpecification\",\"valueRequired\":true,\"valueName\":\"search_term_string\"}}],\"inLanguage\":\"en-GB\"},{\"@type\":\"Organization\",\"@id\":\"https:\/\/skaitytaknyga.lt\/#organization\",\"name\":\"skaitytaknyga.lt\",\"url\":\"https:\/\/skaitytaknyga.lt\/\",\"logo\":{\"@type\":\"ImageObject\",\"inLanguage\":\"en-GB\",\"@id\":\"https:\/\/skaitytaknyga.lt\/#\/schema\/logo\/image\/\",\"url\":\"https:\/\/skaitytaknyga.lt\/wp-content\/uploads\/2024\/05\/cropped-cropped-cropped-02_00843_jt3bggkj1j3HLc7SyY6rEUpg.jpeg\",\"contentUrl\":\"https:\/\/skaitytaknyga.lt\/wp-content\/uploads\/2024\/05\/cropped-cropped-cropped-02_00843_jt3bggkj1j3HLc7SyY6rEUpg.jpeg\",\"width\":1600,\"height\":1600,\"caption\":\"skaitytaknyga.lt\"},\"image\":{\"@id\":\"https:\/\/skaitytaknyga.lt\/#\/schema\/logo\/image\/\"},\"sameAs\":[\"https:\/\/www.facebook.com\/skaitytaknyga\/\"]}]}<\/script>\n<!-- \/ Yoast SEO plugin. -->","yoast_head_json":{"title":"LEGO superherojai: 5 minu\u010di\u0173 istorijos (sulamdytas titulinis)","description":"A\u0161tuonios penki\u0173 minu\u010di\u0173 istorijos apie j\u016bs\u0173 m\u0117gstamiausius Lego DC veik\u0117jus! Tapkite a\u0161tuoni\u0173 veiksmo kupin\u0173 istorij\u0173 dalyviais kartu su \u017dmogumi","robots":{"index":"index","follow":"follow","max-snippet":"max-snippet:-1","max-image-preview":"max-image-preview:large","max-video-preview":"max-video-preview:-1"},"canonical":"https:\/\/skaitytaknyga.lt\/en\/produktas\/lego-superherojai-5-minuciu-istorijos\/","og_locale":"en_GB","og_type":"article","og_title":"[:lt]LEGO superherojai: 5 minu\u010di\u0173 istorijos (sulamdytas titulinis)[:] - Skaitytaknyga","og_description":"A\u0161tuonios penki\u0173 minu\u010di\u0173 istorijos apie j\u016bs\u0173 m\u0117gstamiausius Lego DC veik\u0117jus! Tapkite a\u0161tuoni\u0173 veiksmo kupin\u0173 istorij\u0173 dalyviais kartu su \u017dmogumi","og_url":"https:\/\/skaitytaknyga.lt\/en\/produktas\/lego-superherojai-5-minuciu-istorijos\/","og_site_name":"Skaitytaknyga","article_publisher":"https:\/\/www.facebook.com\/skaitytaknyga\/","article_modified_time":"2025-02-04T08:31:20+00:00","og_image":[{"width":446,"height":600,"url":"https:\/\/skaitytaknyga.lt\/wp-content\/uploads\/2025\/02\/LEGO-superherojai-5-minuciu-istorijos.webp","type":"image\/webp"}],"twitter_card":"summary_large_image","twitter_misc":{"Estimated reading time":"1 minute"},"schema":{"@context":"https:\/\/schema.org","@graph":[{"@type":"WebPage","@id":"https:\/\/skaitytaknyga.lt\/produktas\/lego-superherojai-5-minuciu-istorijos\/","url":"https:\/\/skaitytaknyga.lt\/produktas\/lego-superherojai-5-minuciu-istorijos\/","name":"LEGO superherojai: 5 minu\u010di\u0173 istorijos (sulamdytas titulinis)","isPartOf":{"@id":"https:\/\/skaitytaknyga.lt\/#website"},"primaryImageOfPage":{"@id":"https:\/\/skaitytaknyga.lt\/produktas\/lego-superherojai-5-minuciu-istorijos\/#primaryimage"},"image":{"@id":"https:\/\/skaitytaknyga.lt\/produktas\/lego-superherojai-5-minuciu-istorijos\/#primaryimage"},"thumbnailUrl":"https:\/\/skaitytaknyga.lt\/wp-content\/uploads\/2025\/02\/LEGO-superherojai-5-minuciu-istorijos.webp","datePublished":"2025-02-04T08:30:14+00:00","dateModified":"2025-02-04T08:31:20+00:00","description":"A\u0161tuonios penki\u0173 minu\u010di\u0173 istorijos apie j\u016bs\u0173 m\u0117gstamiausius Lego DC veik\u0117jus! Tapkite a\u0161tuoni\u0173 veiksmo kupin\u0173 istorij\u0173 dalyviais kartu su \u017dmogumi","breadcrumb":{"@id":"https:\/\/skaitytaknyga.lt\/produktas\/lego-superherojai-5-minuciu-istorijos\/#breadcrumb"},"inLanguage":"en-GB","potentialAction":[{"@type":"ReadAction","target":["https:\/\/skaitytaknyga.lt\/produktas\/lego-superherojai-5-minuciu-istorijos\/"]}]},{"@type":"ImageObject","inLanguage":"en-GB","@id":"https:\/\/skaitytaknyga.lt\/produktas\/lego-superherojai-5-minuciu-istorijos\/#primaryimage","url":"https:\/\/skaitytaknyga.lt\/wp-content\/uploads\/2025\/02\/LEGO-superherojai-5-minuciu-istorijos.webp","contentUrl":"https:\/\/skaitytaknyga.lt\/wp-content\/uploads\/2025\/02\/LEGO-superherojai-5-minuciu-istorijos.webp","width":446,"height":600,"caption":"LEGO superherojai: 5 minu\u010di\u0173 istorijos"},{"@type":"BreadcrumbList","@id":"https:\/\/skaitytaknyga.lt\/produktas\/lego-superherojai-5-minuciu-istorijos\/#breadcrumb","itemListElement":[{"@type":"ListItem","position":1,"name":"Home","item":"https:\/\/skaitytaknyga.lt\/"},{"@type":"ListItem","position":2,"name":"Parduotuv\u0117","item":"https:\/\/skaitytaknyga.lt\/knygu-parduotuve\/"},{"@type":"ListItem","position":3,"name":"LEGO superherojai: 5 minu\u010di\u0173 istorijos (sulamdytas titulinis)"}]},{"@type":"WebSite","@id":"https:\/\/skaitytaknyga.lt\/#website","url":"https:\/\/skaitytaknyga.lt\/","name":"skaitytaknyga.lt","description":"Skaitytaknyga.lt \u2013 tai ma\u017eas \u0161eimos verslas, kuris prasid\u0117jo nuo meil\u0117s knygoms ir siekio i\u0161gelb\u0117ti knygas nuo likimo prie konteinerio. Kas vienam nereikalingas daiktas \u2013 kitam lobis, o mes esame tarpininkai, kurie padeda abiems tapti laimingesniems ???? \u017dinome kaip nelengva i\u0161gyventi ma\u017eiems verslams, tad nuo \u0161iol, \u010dia rasite ir kit\u0173, ma\u017e\u0173 \u0161eim\u0173 versl\u0173, rank\u0173 darbo, dovan\u0173 sau ir artimiesiems.","publisher":{"@id":"https:\/\/skaitytaknyga.lt\/#organization"},"potentialAction":[{"@type":"SearchAction","target":{"@type":"EntryPoint","urlTemplate":"https:\/\/skaitytaknyga.lt\/?s={search_term_string}"},"query-input":{"@type":"PropertyValueSpecification","valueRequired":true,"valueName":"search_term_string"}}],"inLanguage":"en-GB"},{"@type":"Organization","@id":"https:\/\/skaitytaknyga.lt\/#organization","name":"skaitytaknyga.lt","url":"https:\/\/skaitytaknyga.lt\/","logo":{"@type":"ImageObject","inLanguage":"en-GB","@id":"https:\/\/skaitytaknyga.lt\/#\/schema\/logo\/image\/","url":"https:\/\/skaitytaknyga.lt\/wp-content\/uploads\/2024\/05\/cropped-cropped-cropped-02_00843_jt3bggkj1j3HLc7SyY6rEUpg.jpeg","contentUrl":"https:\/\/skaitytaknyga.lt\/wp-content\/uploads\/2024\/05\/cropped-cropped-cropped-02_00843_jt3bggkj1j3HLc7SyY6rEUpg.jpeg","width":1600,"height":1600,"caption":"skaitytaknyga.lt"},"image":{"@id":"https:\/\/skaitytaknyga.lt\/#\/schema\/logo\/image\/"},"sameAs":["https:\/\/www.facebook.com\/skaitytaknyga\/"]}]}},"_links":{"self":[{"href":"https:\/\/skaitytaknyga.lt\/en\/wp-json\/wp\/v2\/product\/16617","targetHints":{"allow":["GET"]}}],"collection":[{"href":"https:\/\/skaitytaknyga.lt\/en\/wp-json\/wp\/v2\/product"}],"about":[{"href":"https:\/\/skaitytaknyga.lt\/en\/wp-json\/wp\/v2\/types\/product"}],"replies":[{"embeddable":true,"href":"https:\/\/skaitytaknyga.lt\/en\/wp-json\/wp\/v2\/comments?post=16617"}],"wp:featuredmedia":[{"embeddable":true,"href":"https:\/\/skaitytaknyga.lt\/en\/wp-json\/wp\/v2\/media\/16618"}],"wp:attachment":[{"href":"https:\/\/skaitytaknyga.lt\/en\/wp-json\/wp\/v2\/media?parent=16617"}],"wp:term":[{"taxonomy":"product_brand","embeddable":true,"href":"https:\/\/skaitytaknyga.lt\/en\/wp-json\/wp\/v2\/product_brand?post=16617"},{"taxonomy":"product_cat","embeddable":true,"href":"https:\/\/skaitytaknyga.lt\/en\/wp-json\/wp\/v2\/product_cat?post=16617"},{"taxonomy":"product_tag","embeddable":true,"href":"https:\/\/skaitytaknyga.lt\/en\/wp-json\/wp\/v2\/product_tag?post=16617"}],"curies":[{"name":"wp","href":"https:\/\/api.w.org\/{rel}","templated":true}]}}