{"id":16613,"date":"2025-02-03T13:36:41","date_gmt":"2025-02-03T11:36:41","guid":{"rendered":"https:\/\/skaitytaknyga.lt\/?post_type=product&#038;p=16613"},"modified":"2025-05-19T15:05:57","modified_gmt":"2025-05-19T12:05:57","slug":"vaiko-pazintis-su-pasauliu","status":"publish","type":"product","link":"https:\/\/skaitytaknyga.lt\/en\/produktas\/vaiko-pazintis-su-pasauliu\/","title":{"rendered":"Vaiko pa\u017eintis su pasauliu"},"content":{"rendered":"<div class=\"tab-content col-xs-12\">\n<div id=\"tab-description\" class=\"tab-pane active\">\n<div class=\"content-product-midde clearfix\">\n<div class=\"producttab \">\n<div class=\"tabsslider horizontal-tabs col-xs-12\">\n<div class=\"tab-content col-xs-12\">\n<div id=\"tab-description\" class=\"tab-pane active\">\n<div id=\"collapse-description\" class=\"desc-collapse\">\n<p>Kurios \u0161alies gyventojai suvalgo daugiausiai makaron\u0173?<br \/>\nKiek be\u017ed\u017eioni\u0173 r\u016b\u0161i\u0173 gyvena Amazon\u0117s atogr\u0105\u017e\u0173 mi\u0161kuose?<br \/>\nKokiame papl\u016bdimyje gali gro\u017e\u0117tis ir tekan\u010dia, ir besileid\u017eian\u010dia saule?<br \/>\nKur yra miestelis pavadinimu Snargliamiestis? O Vidurbezdis?<br \/>\nKiek dabar valand\u0173 Kinijoje?<br \/>\nKas i\u0161rado \u0161okolad\u0105?<\/p>\n<p>Spalvota, pilna \u017eem\u0117lapi\u0173 ir \u012fdomybi\u0173 enciklopedija paskatins dom\u0117tis pasauliu, geografija, \u012fvairi\u0173 \u0161ali\u0173 kult\u016bra ir suteiks daugyb\u0119 nauding\u0173 \u017eini\u0173 ne tik apie tai, kaip susidar\u0117 \u017eemynai, kas yra klimatas ir kokios jo zonos, bet ir k\u0105 \u012fvairiausiose pasaulio \u0161alyse \u017emon\u0117s valgo, kokias \u0161ventes \u0161ven\u010dia, kaip sveikinasi, kokiu sportu domisi. \u0160maik\u0161t\u016bs palyginimai, ai\u0161k\u016bs pie\u0161in\u0117liai ir daug smagi\u0173 fakt\u0173 pad\u0117s tapti puikiu pa\u0161nekovu \u2013 draugams gal\u0117si papasakoti netik\u0117t\u0173 ir linksm\u0173 dalyk\u0173, pavyzd\u017eiui, apie juokingiausius miest\u0173 pavadinimus pasaulyje, kur \u0161ven\u010diama Bandeli\u0173 diena ir kas sveikinasi pasitrindami nosimis.<\/p>\n<p>Knygos turin\u012f papildo program\u0117l\u0117 i\u0161maniesiems \u012frenginiams \u201ePa\u017eink pasaul\u012f&#8221;. Nukreip\u0119s \u012frenginio kamer\u0105 \u012f knygos puslapius su \u017eem\u0117lapiais, pamatysi 28 nuotraukas su \u012f\u017eymiomis pasaulio vietomis. Pasitikrink, ar visas jas \u012fsid\u0117m\u0117jai!<\/p>\n<ul class=\"about-product d-none d-xl-block mt-4\">\n<li><strong>Originalus pavadinimas:<\/strong>\u00a0CHILD\u2019S INTRODUCTION TO THE WORLD: GEOGRAPHY, CULTURES, AND PEOPLE \u2013 FROM THE GRAND CANYON TO THE GREAT WALL OF CHINA<\/li>\n<li><strong>Autorius:<\/strong>\u00a0Heather Alexander<\/li>\n<li><strong>Leid\u0117jas:<\/strong>\u00a0Nieko rimto<\/li>\n<li><strong>Metai:<\/strong>\u00a02018<\/li>\n<li><strong>Puslapiai:<\/strong>\u00a096<\/li>\n<li class=\"toggleable type-new-formats \"><strong>ISBN:<\/strong>\u00a09786094415227<\/li>\n<li><strong>Versijos kodas:<\/strong>\u00a0PT.<\/li>\n<li class=\"toggleable type-new-formats \"><strong>Formatas:<\/strong>\u00a025 x 25 x 1 cm, kieti vir\u0161eliai<\/li>\n<li><strong>Kalba:<\/strong>\u00a0Lietuvi\u0173<\/li>\n<li><strong>Vert\u0117jas:<\/strong>\u00a0\u0160ar\u016bnas \u0160av\u0117la, Gabija Karpauskait\u0117<\/li>\n<\/ul>\n<\/div>\n<\/div>\n<\/div>\n<\/div>\n<\/div>\n<\/div>\n<\/div>\n<\/div>\n","protected":false},"excerpt":{"rendered":"<p>Kurios \u0161alies gyventojai suvalgo daugiausiai makaron\u0173? Kiek be\u017ed\u017eioni\u0173 r\u016b\u0161i\u0173 gyvena Amazon\u0117s atogr\u0105\u017e\u0173 mi\u0161kuose? Kokiame papl\u016bdimyje gali gro\u017e\u0117tis ir tekan\u010dia, ir besileid\u017eian\u010dia saule? Kur yra miestelis pavadinimu Snargliamiestis? O Vidurbezdis? Kiek dabar valand\u0173 Kinijoje? Kas i\u0161rado \u0161okolad\u0105? Spalvota, pilna \u017eem\u0117lapi\u0173 ir \u012fdomybi\u0173 enciklopedija paskatins dom\u0117tis pasauliu, geografija, \u012fvairi\u0173 \u0161ali\u0173 kult\u016bra ir suteiks daugyb\u0119 nauding\u0173 \u017eini\u0173 ne tik apie tai, kaip susidar\u0117 \u017eemynai, kas yra klimatas ir kokios jo zonos, bet ir k\u0105 \u012fvairiausiose pasaulio \u0161alyse \u017emon\u0117s valgo, kokias \u0161ventes \u0161ven\u010dia, kaip sveikinasi, kokiu sportu domisi. \u0160maik\u0161t\u016bs palyginimai, ai\u0161k\u016bs pie\u0161in\u0117liai ir daug smagi\u0173 fakt\u0173 pad\u0117s tapti puikiu pa\u0161nekovu \u2013 draugams gal\u0117si papasakoti netik\u0117t\u0173 ir linksm\u0173 dalyk\u0173, pavyzd\u017eiui, apie juokingiausius miest\u0173 pavadinimus pasaulyje, kur \u0161ven\u010diama Bandeli\u0173 diena ir kas sveikinasi pasitrindami nosimis. Knygos turin\u012f papildo program\u0117l\u0117 i\u0161maniesiems \u012frenginiams \u201ePa\u017eink pasaul\u012f&#8221;. Nukreip\u0119s \u012frenginio kamer\u0105 \u012f knygos puslapius su \u017eem\u0117lapiais, pamatysi 28 nuotraukas su \u012f\u017eymiomis pasaulio vietomis. Pasitikrink, ar visas jas \u012fsid\u0117m\u0117jai! Originalus pavadinimas:\u00a0CHILD\u2019S INTRODUCTION TO THE WORLD: GEOGRAPHY, CULTURES, AND PEOPLE \u2013 FROM THE GRAND CANYON TO THE GREAT WALL OF CHINA Autorius:\u00a0Heather Alexander Leid\u0117jas:\u00a0Nieko rimto Metai:\u00a02018 Puslapiai:\u00a096 ISBN:\u00a09786094415227 Versijos kodas:\u00a0PT. Formatas:\u00a025 x 25 x 1 cm, kieti vir\u0161eliai Kalba:\u00a0Lietuvi\u0173 Vert\u0117jas:\u00a0\u0160ar\u016bnas \u0160av\u0117la, Gabija Karpauskait\u0117<\/p>\n","protected":false},"featured_media":16614,"comment_status":"closed","ping_status":"closed","template":"","meta":{"_acf_changed":false,"site-sidebar-layout":"default","site-content-layout":"","ast-site-content-layout":"default","site-content-style":"default","site-sidebar-style":"default","ast-global-header-display":"","ast-banner-title-visibility":"","ast-main-header-display":"","ast-hfb-above-header-display":"","ast-hfb-below-header-display":"","ast-hfb-mobile-header-display":"","site-post-title":"","ast-breadcrumbs-content":"","ast-featured-img":"","footer-sml-layout":"","ast-disable-related-posts":"","theme-transparent-header-meta":"default","adv-header-id-meta":"","stick-header-meta":"","header-above-stick-meta":"","header-main-stick-meta":"","header-below-stick-meta":"","astra-migrate-meta-layouts":"set","ast-page-background-enabled":"default","ast-page-background-meta":{"desktop":{"background-color":"","background-image":"","background-repeat":"repeat","background-position":"center center","background-size":"auto","background-attachment":"scroll","background-type":"","background-media":"","overlay-type":"","overlay-color":"","overlay-opacity":"","overlay-gradient":""},"tablet":{"background-color":"","background-image":"","background-repeat":"repeat","background-position":"center center","background-size":"auto","background-attachment":"scroll","background-type":"","background-media":"","overlay-type":"","overlay-color":"","overlay-opacity":"","overlay-gradient":""},"mobile":{"background-color":"","background-image":"","background-repeat":"repeat","background-position":"center center","background-size":"auto","background-attachment":"scroll","background-type":"","background-media":"","overlay-type":"","overlay-color":"","overlay-opacity":"","overlay-gradient":""}},"ast-content-background-meta":{"desktop":{"background-color":"var(--ast-global-color-4)","background-image":"","background-repeat":"repeat","background-position":"center center","background-size":"auto","background-attachment":"scroll","background-type":"","background-media":"","overlay-type":"","overlay-color":"","overlay-opacity":"","overlay-gradient":""},"tablet":{"background-color":"var(--ast-global-color-4)","background-image":"","background-repeat":"repeat","background-position":"center center","background-size":"auto","background-attachment":"scroll","background-type":"","background-media":"","overlay-type":"","overlay-color":"","overlay-opacity":"","overlay-gradient":""},"mobile":{"background-color":"var(--ast-global-color-4)","background-image":"","background-repeat":"repeat","background-position":"center center","background-size":"auto","background-attachment":"scroll","background-type":"","background-media":"","overlay-type":"","overlay-color":"","overlay-opacity":"","overlay-gradient":""}}},"product_brand":[],"product_cat":[35],"product_tag":[],"class_list":{"0":"post-16613","1":"product","2":"type-product","3":"status-publish","4":"has-post-thumbnail","6":"product_cat-vaikams-ir-paaugliams","7":"desktop-align-left","8":"tablet-align-left","9":"mobile-align-left","11":"first","12":"instock","13":"shipping-taxable","14":"purchasable","15":"product-type-simple"},"acf":[],"yoast_head":"<!-- This site is optimized with the Yoast SEO plugin v27.0 - https:\/\/yoast.com\/product\/yoast-seo-wordpress\/ -->\n<title>Vaiko pa\u017eintis su pasauliu<\/title>\n<meta name=\"description\" content=\"Kurios \u0161alies gyventojai suvalgo daugiausiai makaron\u0173? Kiek be\u017ed\u017eioni\u0173 r\u016b\u0161i\u0173 gyvena Amazon\u0117s atogr\u0105\u017e\u0173 mi\u0161kuose? Kokiame papl\u016bdimyje gali gro\u017e\u0117tis ir\" \/>\n<meta name=\"robots\" content=\"index, follow, max-snippet:-1, max-image-preview:large, max-video-preview:-1\" \/>\n<link rel=\"canonical\" href=\"https:\/\/skaitytaknyga.lt\/en\/produktas\/vaiko-pazintis-su-pasauliu\/\" \/>\n<meta property=\"og:locale\" content=\"en_GB\" \/>\n<meta property=\"og:locale:alternate\" content=\"lt_LT\" \/>\n<meta property=\"og:type\" content=\"article\" \/>\n<meta property=\"og:title\" content=\"Vaiko pa\u017eintis su pasauliu\" \/>\n<meta property=\"og:description\" content=\"Kurios \u0161alies gyventojai suvalgo daugiausiai makaron\u0173? Kiek be\u017ed\u017eioni\u0173 r\u016b\u0161i\u0173 gyvena Amazon\u0117s atogr\u0105\u017e\u0173 mi\u0161kuose? Kokiame papl\u016bdimyje gali gro\u017e\u0117tis ir\" \/>\n<meta property=\"og:url\" content=\"https:\/\/skaitytaknyga.lt\/en\/produktas\/vaiko-pazintis-su-pasauliu\/\" \/>\n<meta property=\"og:site_name\" content=\"Skaitytaknyga\" \/>\n<meta property=\"article:publisher\" content=\"https:\/\/www.facebook.com\/skaitytaknyga\/\" \/>\n<meta property=\"article:modified_time\" content=\"2025-05-19T12:05:57+00:00\" \/>\n<meta property=\"og:image\" content=\"https:\/\/skaitytaknyga.lt\/wp-content\/uploads\/2025\/02\/Vaiko-pazintis-su-pasauliu.webp\" \/>\n\t<meta property=\"og:image:width\" content=\"396\" \/>\n\t<meta property=\"og:image:height\" content=\"400\" \/>\n\t<meta property=\"og:image:type\" content=\"image\/webp\" \/>\n<meta name=\"twitter:card\" content=\"summary_large_image\" \/>\n<meta name=\"twitter:label1\" content=\"Estimated reading time\" \/>\n\t<meta name=\"twitter:data1\" content=\"2 minutes\" \/>\n<script type=\"application\/ld+json\" class=\"yoast-schema-graph\">{\"@context\":\"https:\/\/schema.org\",\"@graph\":[{\"@type\":\"WebPage\",\"@id\":\"https:\/\/skaitytaknyga.lt\/produktas\/vaiko-pazintis-su-pasauliu\/\",\"url\":\"https:\/\/skaitytaknyga.lt\/produktas\/vaiko-pazintis-su-pasauliu\/\",\"name\":\"Vaiko pa\u017eintis su pasauliu\",\"isPartOf\":{\"@id\":\"https:\/\/skaitytaknyga.lt\/#website\"},\"primaryImageOfPage\":{\"@id\":\"https:\/\/skaitytaknyga.lt\/produktas\/vaiko-pazintis-su-pasauliu\/#primaryimage\"},\"image\":{\"@id\":\"https:\/\/skaitytaknyga.lt\/produktas\/vaiko-pazintis-su-pasauliu\/#primaryimage\"},\"thumbnailUrl\":\"https:\/\/skaitytaknyga.lt\/wp-content\/uploads\/2025\/02\/Vaiko-pazintis-su-pasauliu.webp\",\"datePublished\":\"2025-02-03T11:36:41+00:00\",\"dateModified\":\"2025-05-19T12:05:57+00:00\",\"description\":\"Kurios \u0161alies gyventojai suvalgo daugiausiai makaron\u0173? Kiek be\u017ed\u017eioni\u0173 r\u016b\u0161i\u0173 gyvena Amazon\u0117s atogr\u0105\u017e\u0173 mi\u0161kuose? Kokiame papl\u016bdimyje gali gro\u017e\u0117tis ir\",\"breadcrumb\":{\"@id\":\"https:\/\/skaitytaknyga.lt\/produktas\/vaiko-pazintis-su-pasauliu\/#breadcrumb\"},\"inLanguage\":\"en-GB\",\"potentialAction\":[{\"@type\":\"ReadAction\",\"target\":[\"https:\/\/skaitytaknyga.lt\/produktas\/vaiko-pazintis-su-pasauliu\/\"]}]},{\"@type\":\"ImageObject\",\"inLanguage\":\"en-GB\",\"@id\":\"https:\/\/skaitytaknyga.lt\/produktas\/vaiko-pazintis-su-pasauliu\/#primaryimage\",\"url\":\"https:\/\/skaitytaknyga.lt\/wp-content\/uploads\/2025\/02\/Vaiko-pazintis-su-pasauliu.webp\",\"contentUrl\":\"https:\/\/skaitytaknyga.lt\/wp-content\/uploads\/2025\/02\/Vaiko-pazintis-su-pasauliu.webp\",\"width\":396,\"height\":400,\"caption\":\"Vaiko pa\u017eintis su pasauliu\"},{\"@type\":\"BreadcrumbList\",\"@id\":\"https:\/\/skaitytaknyga.lt\/produktas\/vaiko-pazintis-su-pasauliu\/#breadcrumb\",\"itemListElement\":[{\"@type\":\"ListItem\",\"position\":1,\"name\":\"Home\",\"item\":\"https:\/\/skaitytaknyga.lt\/\"},{\"@type\":\"ListItem\",\"position\":2,\"name\":\"Parduotuv\u0117\",\"item\":\"https:\/\/skaitytaknyga.lt\/knygu-parduotuve\/\"},{\"@type\":\"ListItem\",\"position\":3,\"name\":\"Vaiko pa\u017eintis su pasauliu\"}]},{\"@type\":\"WebSite\",\"@id\":\"https:\/\/skaitytaknyga.lt\/#website\",\"url\":\"https:\/\/skaitytaknyga.lt\/\",\"name\":\"skaitytaknyga.lt\",\"description\":\"Skaitytaknyga.lt \u2013 tai ma\u017eas \u0161eimos verslas, kuris prasid\u0117jo nuo meil\u0117s knygoms ir siekio i\u0161gelb\u0117ti knygas nuo likimo prie konteinerio. Kas vienam nereikalingas daiktas \u2013 kitam lobis, o mes esame tarpininkai, kurie padeda abiems tapti laimingesniems ???? \u017dinome kaip nelengva i\u0161gyventi ma\u017eiems verslams, tad nuo \u0161iol, \u010dia rasite ir kit\u0173, ma\u017e\u0173 \u0161eim\u0173 versl\u0173, rank\u0173 darbo, dovan\u0173 sau ir artimiesiems.\",\"publisher\":{\"@id\":\"https:\/\/skaitytaknyga.lt\/#organization\"},\"potentialAction\":[{\"@type\":\"SearchAction\",\"target\":{\"@type\":\"EntryPoint\",\"urlTemplate\":\"https:\/\/skaitytaknyga.lt\/?s={search_term_string}\"},\"query-input\":{\"@type\":\"PropertyValueSpecification\",\"valueRequired\":true,\"valueName\":\"search_term_string\"}}],\"inLanguage\":\"en-GB\"},{\"@type\":\"Organization\",\"@id\":\"https:\/\/skaitytaknyga.lt\/#organization\",\"name\":\"skaitytaknyga.lt\",\"url\":\"https:\/\/skaitytaknyga.lt\/\",\"logo\":{\"@type\":\"ImageObject\",\"inLanguage\":\"en-GB\",\"@id\":\"https:\/\/skaitytaknyga.lt\/#\/schema\/logo\/image\/\",\"url\":\"https:\/\/skaitytaknyga.lt\/wp-content\/uploads\/2024\/05\/cropped-cropped-cropped-02_00843_jt3bggkj1j3HLc7SyY6rEUpg.jpeg\",\"contentUrl\":\"https:\/\/skaitytaknyga.lt\/wp-content\/uploads\/2024\/05\/cropped-cropped-cropped-02_00843_jt3bggkj1j3HLc7SyY6rEUpg.jpeg\",\"width\":1600,\"height\":1600,\"caption\":\"skaitytaknyga.lt\"},\"image\":{\"@id\":\"https:\/\/skaitytaknyga.lt\/#\/schema\/logo\/image\/\"},\"sameAs\":[\"https:\/\/www.facebook.com\/skaitytaknyga\/\"]}]}<\/script>\n<!-- \/ Yoast SEO plugin. -->","yoast_head_json":{"title":"Vaiko pa\u017eintis su pasauliu","description":"Kurios \u0161alies gyventojai suvalgo daugiausiai makaron\u0173? Kiek be\u017ed\u017eioni\u0173 r\u016b\u0161i\u0173 gyvena Amazon\u0117s atogr\u0105\u017e\u0173 mi\u0161kuose? Kokiame papl\u016bdimyje gali gro\u017e\u0117tis ir","robots":{"index":"index","follow":"follow","max-snippet":"max-snippet:-1","max-image-preview":"max-image-preview:large","max-video-preview":"max-video-preview:-1"},"canonical":"https:\/\/skaitytaknyga.lt\/en\/produktas\/vaiko-pazintis-su-pasauliu\/","og_locale":"en_GB","og_type":"article","og_title":"[:lt]Vaiko pa\u017eintis su pasauliu[:] - Skaitytaknyga","og_description":"Kurios \u0161alies gyventojai suvalgo daugiausiai makaron\u0173? Kiek be\u017ed\u017eioni\u0173 r\u016b\u0161i\u0173 gyvena Amazon\u0117s atogr\u0105\u017e\u0173 mi\u0161kuose? Kokiame papl\u016bdimyje gali gro\u017e\u0117tis ir","og_url":"https:\/\/skaitytaknyga.lt\/en\/produktas\/vaiko-pazintis-su-pasauliu\/","og_site_name":"Skaitytaknyga","article_publisher":"https:\/\/www.facebook.com\/skaitytaknyga\/","article_modified_time":"2025-05-19T12:05:57+00:00","og_image":[{"width":396,"height":400,"url":"https:\/\/skaitytaknyga.lt\/wp-content\/uploads\/2025\/02\/Vaiko-pazintis-su-pasauliu.webp","type":"image\/webp"}],"twitter_card":"summary_large_image","twitter_misc":{"Estimated reading time":"2 minutes"},"schema":{"@context":"https:\/\/schema.org","@graph":[{"@type":"WebPage","@id":"https:\/\/skaitytaknyga.lt\/produktas\/vaiko-pazintis-su-pasauliu\/","url":"https:\/\/skaitytaknyga.lt\/produktas\/vaiko-pazintis-su-pasauliu\/","name":"Vaiko pa\u017eintis su pasauliu","isPartOf":{"@id":"https:\/\/skaitytaknyga.lt\/#website"},"primaryImageOfPage":{"@id":"https:\/\/skaitytaknyga.lt\/produktas\/vaiko-pazintis-su-pasauliu\/#primaryimage"},"image":{"@id":"https:\/\/skaitytaknyga.lt\/produktas\/vaiko-pazintis-su-pasauliu\/#primaryimage"},"thumbnailUrl":"https:\/\/skaitytaknyga.lt\/wp-content\/uploads\/2025\/02\/Vaiko-pazintis-su-pasauliu.webp","datePublished":"2025-02-03T11:36:41+00:00","dateModified":"2025-05-19T12:05:57+00:00","description":"Kurios \u0161alies gyventojai suvalgo daugiausiai makaron\u0173? Kiek be\u017ed\u017eioni\u0173 r\u016b\u0161i\u0173 gyvena Amazon\u0117s atogr\u0105\u017e\u0173 mi\u0161kuose? Kokiame papl\u016bdimyje gali gro\u017e\u0117tis ir","breadcrumb":{"@id":"https:\/\/skaitytaknyga.lt\/produktas\/vaiko-pazintis-su-pasauliu\/#breadcrumb"},"inLanguage":"en-GB","potentialAction":[{"@type":"ReadAction","target":["https:\/\/skaitytaknyga.lt\/produktas\/vaiko-pazintis-su-pasauliu\/"]}]},{"@type":"ImageObject","inLanguage":"en-GB","@id":"https:\/\/skaitytaknyga.lt\/produktas\/vaiko-pazintis-su-pasauliu\/#primaryimage","url":"https:\/\/skaitytaknyga.lt\/wp-content\/uploads\/2025\/02\/Vaiko-pazintis-su-pasauliu.webp","contentUrl":"https:\/\/skaitytaknyga.lt\/wp-content\/uploads\/2025\/02\/Vaiko-pazintis-su-pasauliu.webp","width":396,"height":400,"caption":"Vaiko pa\u017eintis su pasauliu"},{"@type":"BreadcrumbList","@id":"https:\/\/skaitytaknyga.lt\/produktas\/vaiko-pazintis-su-pasauliu\/#breadcrumb","itemListElement":[{"@type":"ListItem","position":1,"name":"Home","item":"https:\/\/skaitytaknyga.lt\/"},{"@type":"ListItem","position":2,"name":"Parduotuv\u0117","item":"https:\/\/skaitytaknyga.lt\/knygu-parduotuve\/"},{"@type":"ListItem","position":3,"name":"Vaiko pa\u017eintis su pasauliu"}]},{"@type":"WebSite","@id":"https:\/\/skaitytaknyga.lt\/#website","url":"https:\/\/skaitytaknyga.lt\/","name":"skaitytaknyga.lt","description":"Skaitytaknyga.lt \u2013 tai ma\u017eas \u0161eimos verslas, kuris prasid\u0117jo nuo meil\u0117s knygoms ir siekio i\u0161gelb\u0117ti knygas nuo likimo prie konteinerio. Kas vienam nereikalingas daiktas \u2013 kitam lobis, o mes esame tarpininkai, kurie padeda abiems tapti laimingesniems ???? \u017dinome kaip nelengva i\u0161gyventi ma\u017eiems verslams, tad nuo \u0161iol, \u010dia rasite ir kit\u0173, ma\u017e\u0173 \u0161eim\u0173 versl\u0173, rank\u0173 darbo, dovan\u0173 sau ir artimiesiems.","publisher":{"@id":"https:\/\/skaitytaknyga.lt\/#organization"},"potentialAction":[{"@type":"SearchAction","target":{"@type":"EntryPoint","urlTemplate":"https:\/\/skaitytaknyga.lt\/?s={search_term_string}"},"query-input":{"@type":"PropertyValueSpecification","valueRequired":true,"valueName":"search_term_string"}}],"inLanguage":"en-GB"},{"@type":"Organization","@id":"https:\/\/skaitytaknyga.lt\/#organization","name":"skaitytaknyga.lt","url":"https:\/\/skaitytaknyga.lt\/","logo":{"@type":"ImageObject","inLanguage":"en-GB","@id":"https:\/\/skaitytaknyga.lt\/#\/schema\/logo\/image\/","url":"https:\/\/skaitytaknyga.lt\/wp-content\/uploads\/2024\/05\/cropped-cropped-cropped-02_00843_jt3bggkj1j3HLc7SyY6rEUpg.jpeg","contentUrl":"https:\/\/skaitytaknyga.lt\/wp-content\/uploads\/2024\/05\/cropped-cropped-cropped-02_00843_jt3bggkj1j3HLc7SyY6rEUpg.jpeg","width":1600,"height":1600,"caption":"skaitytaknyga.lt"},"image":{"@id":"https:\/\/skaitytaknyga.lt\/#\/schema\/logo\/image\/"},"sameAs":["https:\/\/www.facebook.com\/skaitytaknyga\/"]}]}},"_links":{"self":[{"href":"https:\/\/skaitytaknyga.lt\/en\/wp-json\/wp\/v2\/product\/16613","targetHints":{"allow":["GET"]}}],"collection":[{"href":"https:\/\/skaitytaknyga.lt\/en\/wp-json\/wp\/v2\/product"}],"about":[{"href":"https:\/\/skaitytaknyga.lt\/en\/wp-json\/wp\/v2\/types\/product"}],"replies":[{"embeddable":true,"href":"https:\/\/skaitytaknyga.lt\/en\/wp-json\/wp\/v2\/comments?post=16613"}],"wp:featuredmedia":[{"embeddable":true,"href":"https:\/\/skaitytaknyga.lt\/en\/wp-json\/wp\/v2\/media\/16614"}],"wp:attachment":[{"href":"https:\/\/skaitytaknyga.lt\/en\/wp-json\/wp\/v2\/media?parent=16613"}],"wp:term":[{"taxonomy":"product_brand","embeddable":true,"href":"https:\/\/skaitytaknyga.lt\/en\/wp-json\/wp\/v2\/product_brand?post=16613"},{"taxonomy":"product_cat","embeddable":true,"href":"https:\/\/skaitytaknyga.lt\/en\/wp-json\/wp\/v2\/product_cat?post=16613"},{"taxonomy":"product_tag","embeddable":true,"href":"https:\/\/skaitytaknyga.lt\/en\/wp-json\/wp\/v2\/product_tag?post=16613"}],"curies":[{"name":"wp","href":"https:\/\/api.w.org\/{rel}","templated":true}]}}