{"id":16609,"date":"2025-02-03T13:30:53","date_gmt":"2025-02-03T11:30:53","guid":{"rendered":"https:\/\/skaitytaknyga.lt\/?post_type=product&#038;p=16609"},"modified":"2025-02-03T17:51:27","modified_gmt":"2025-02-03T15:51:27","slug":"gyvenimo-kelias-vertybiu-knyga-paaugliams-ir-ju-tevams","status":"publish","type":"product","link":"https:\/\/skaitytaknyga.lt\/en\/produktas\/gyvenimo-kelias-vertybiu-knyga-paaugliams-ir-ju-tevams\/","title":{"rendered":"Gyvenimo kelias. Vertybi\u0173 knyga paaugliams ir j\u0173 t\u0117vams"},"content":{"rendered":"<div class=\"tab-content col-xs-12\">\n<div id=\"tab-description\" class=\"tab-pane active\">\n<div class=\"content-product-midde clearfix\">\n<div class=\"producttab \">\n<div class=\"tabsslider horizontal-tabs col-xs-12\">\n<div class=\"tab-content col-xs-12\">\n<div id=\"tab-description\" class=\"tab-pane active\">\n<div id=\"collapse-description\" class=\"desc-collapse\">\n<p>Knyga skiriama jaun\u0173 \u017emoni\u0173 kartai, kuriai lemta susidurti su jaudinan\u010diais ir provokuojan\u010diais \u0161iuolaikinio pasaulio i\u0161\u0161\u016bkiais. Gili i\u0161mintis ir patarimai gali tapti moralinio \u012fkv\u0117pimo ir praktin\u0117s veiklos \u0161altiniu visiems, norintiems gyventi geresn\u012f, prasmingesn\u012f ir malonesn\u012f gyvenim\u0105.<\/p>\n<ul class=\"about-product d-none d-xl-block mt-4\">\n<li><strong>Autorius:<\/strong>\u00a0Gordon B. Hinckley<\/li>\n<li><strong>Leid\u0117jas:<\/strong>\u00a0Dajalita<\/li>\n<li><strong>Metai:<\/strong>\u00a02006<\/li>\n<li><strong>Puslapiai:<\/strong>\u00a0128<\/li>\n<li class=\"toggleable type-new-formats \"><strong>EAN-13:<\/strong>\u00a04779017522435<\/li>\n<li><strong>Versijos kodas:<\/strong>\u00a0PT.<\/li>\n<li class=\"toggleable type-new-formats \"><strong>Formatas:<\/strong>\u00a013 x 18 cm, mink\u0161ti vir\u0161eliai<\/li>\n<li><strong>Kalba:<\/strong>\u00a0Lietuvi\u0173<\/li>\n<li><strong>Vert\u0117jas:<\/strong>\u00a0Tomas \u0160inkariukas<\/li>\n<\/ul>\n<\/div>\n<\/div>\n<\/div>\n<\/div>\n<\/div>\n<\/div>\n<\/div>\n<\/div>\n","protected":false},"excerpt":{"rendered":"<p>Knyga skiriama jaun\u0173 \u017emoni\u0173 kartai, kuriai lemta susidurti su jaudinan\u010diais ir provokuojan\u010diais \u0161iuolaikinio pasaulio i\u0161\u0161\u016bkiais. Gili i\u0161mintis ir patarimai gali tapti moralinio \u012fkv\u0117pimo ir praktin\u0117s veiklos \u0161altiniu visiems, norintiems gyventi geresn\u012f, prasmingesn\u012f ir malonesn\u012f gyvenim\u0105. Autorius:\u00a0Gordon B. Hinckley Leid\u0117jas:\u00a0Dajalita Metai:\u00a02006 Puslapiai:\u00a0128 EAN-13:\u00a04779017522435 Versijos kodas:\u00a0PT. Formatas:\u00a013 x 18 cm, mink\u0161ti vir\u0161eliai Kalba:\u00a0Lietuvi\u0173 Vert\u0117jas:\u00a0Tomas \u0160inkariukas<\/p>\n","protected":false},"featured_media":16610,"comment_status":"closed","ping_status":"closed","template":"","meta":{"_acf_changed":false,"site-sidebar-layout":"default","site-content-layout":"","ast-site-content-layout":"default","site-content-style":"default","site-sidebar-style":"default","ast-global-header-display":"","ast-banner-title-visibility":"","ast-main-header-display":"","ast-hfb-above-header-display":"","ast-hfb-below-header-display":"","ast-hfb-mobile-header-display":"","site-post-title":"","ast-breadcrumbs-content":"","ast-featured-img":"","footer-sml-layout":"","ast-disable-related-posts":"","theme-transparent-header-meta":"default","adv-header-id-meta":"","stick-header-meta":"","header-above-stick-meta":"","header-main-stick-meta":"","header-below-stick-meta":"","astra-migrate-meta-layouts":"set","ast-page-background-enabled":"default","ast-page-background-meta":{"desktop":{"background-color":"","background-image":"","background-repeat":"repeat","background-position":"center center","background-size":"auto","background-attachment":"scroll","background-type":"","background-media":"","overlay-type":"","overlay-color":"","overlay-opacity":"","overlay-gradient":""},"tablet":{"background-color":"","background-image":"","background-repeat":"repeat","background-position":"center center","background-size":"auto","background-attachment":"scroll","background-type":"","background-media":"","overlay-type":"","overlay-color":"","overlay-opacity":"","overlay-gradient":""},"mobile":{"background-color":"","background-image":"","background-repeat":"repeat","background-position":"center center","background-size":"auto","background-attachment":"scroll","background-type":"","background-media":"","overlay-type":"","overlay-color":"","overlay-opacity":"","overlay-gradient":""}},"ast-content-background-meta":{"desktop":{"background-color":"var(--ast-global-color-4)","background-image":"","background-repeat":"repeat","background-position":"center center","background-size":"auto","background-attachment":"scroll","background-type":"","background-media":"","overlay-type":"","overlay-color":"","overlay-opacity":"","overlay-gradient":""},"tablet":{"background-color":"var(--ast-global-color-4)","background-image":"","background-repeat":"repeat","background-position":"center center","background-size":"auto","background-attachment":"scroll","background-type":"","background-media":"","overlay-type":"","overlay-color":"","overlay-opacity":"","overlay-gradient":""},"mobile":{"background-color":"var(--ast-global-color-4)","background-image":"","background-repeat":"repeat","background-position":"center center","background-size":"auto","background-attachment":"scroll","background-type":"","background-media":"","overlay-type":"","overlay-color":"","overlay-opacity":"","overlay-gradient":""}}},"product_brand":[],"product_cat":[37],"product_tag":[],"class_list":{"0":"post-16609","1":"product","2":"type-product","3":"status-publish","4":"has-post-thumbnail","6":"product_cat-nestumas-ir-vaiku-prieziura-bei-auklejimas","7":"desktop-align-left","8":"tablet-align-left","9":"mobile-align-left","11":"first","12":"instock","13":"shipping-taxable","14":"purchasable","15":"product-type-simple"},"acf":[],"yoast_head":"<!-- This site is optimized with the Yoast SEO plugin v27.0 - https:\/\/yoast.com\/product\/yoast-seo-wordpress\/ -->\n<title>Gyvenimo kelias. Vertybi\u0173 knyga paaugliams ir j\u0173 t\u0117vams<\/title>\n<meta name=\"description\" content=\"Knyga skiriama jaun\u0173 \u017emoni\u0173 kartai, kuriai lemta susidurti su jaudinan\u010diais ir provokuojan\u010diais \u0161iuolaikinio pasaulio i\u0161\u0161\u016bkiais. Gili i\u0161mintis ir\" \/>\n<meta name=\"robots\" content=\"index, follow, max-snippet:-1, max-image-preview:large, max-video-preview:-1\" \/>\n<link rel=\"canonical\" href=\"https:\/\/skaitytaknyga.lt\/en\/produktas\/gyvenimo-kelias-vertybiu-knyga-paaugliams-ir-ju-tevams\/\" \/>\n<meta property=\"og:locale\" content=\"en_GB\" \/>\n<meta property=\"og:locale:alternate\" content=\"lt_LT\" \/>\n<meta property=\"og:type\" content=\"article\" \/>\n<meta property=\"og:title\" content=\"Gyvenimo kelias. Vertybi\u0173 knyga paaugliams ir j\u0173 t\u0117vams\" \/>\n<meta property=\"og:description\" content=\"Knyga skiriama jaun\u0173 \u017emoni\u0173 kartai, kuriai lemta susidurti su jaudinan\u010diais ir provokuojan\u010diais \u0161iuolaikinio pasaulio i\u0161\u0161\u016bkiais. Gili i\u0161mintis ir\" \/>\n<meta property=\"og:url\" content=\"https:\/\/skaitytaknyga.lt\/en\/produktas\/gyvenimo-kelias-vertybiu-knyga-paaugliams-ir-ju-tevams\/\" \/>\n<meta property=\"og:site_name\" content=\"Skaitytaknyga\" \/>\n<meta property=\"article:publisher\" content=\"https:\/\/www.facebook.com\/skaitytaknyga\/\" \/>\n<meta property=\"article:modified_time\" content=\"2025-02-03T15:51:27+00:00\" \/>\n<meta property=\"og:image\" content=\"https:\/\/skaitytaknyga.lt\/wp-content\/uploads\/2025\/02\/Gyvenimo-kelias.-Vertybiu-knyga-paaugliams-ir-ju-tevams.webp\" \/>\n\t<meta property=\"og:image:width\" content=\"544\" \/>\n\t<meta property=\"og:image:height\" content=\"800\" \/>\n\t<meta property=\"og:image:type\" content=\"image\/webp\" \/>\n<meta name=\"twitter:card\" content=\"summary_large_image\" \/>\n<meta name=\"twitter:label1\" content=\"Estimated reading time\" \/>\n\t<meta name=\"twitter:data1\" content=\"1 minute\" \/>\n<script type=\"application\/ld+json\" class=\"yoast-schema-graph\">{\"@context\":\"https:\/\/schema.org\",\"@graph\":[{\"@type\":\"WebPage\",\"@id\":\"https:\/\/skaitytaknyga.lt\/produktas\/gyvenimo-kelias-vertybiu-knyga-paaugliams-ir-ju-tevams\/\",\"url\":\"https:\/\/skaitytaknyga.lt\/produktas\/gyvenimo-kelias-vertybiu-knyga-paaugliams-ir-ju-tevams\/\",\"name\":\"Gyvenimo kelias. Vertybi\u0173 knyga paaugliams ir j\u0173 t\u0117vams\",\"isPartOf\":{\"@id\":\"https:\/\/skaitytaknyga.lt\/#website\"},\"primaryImageOfPage\":{\"@id\":\"https:\/\/skaitytaknyga.lt\/produktas\/gyvenimo-kelias-vertybiu-knyga-paaugliams-ir-ju-tevams\/#primaryimage\"},\"image\":{\"@id\":\"https:\/\/skaitytaknyga.lt\/produktas\/gyvenimo-kelias-vertybiu-knyga-paaugliams-ir-ju-tevams\/#primaryimage\"},\"thumbnailUrl\":\"https:\/\/skaitytaknyga.lt\/wp-content\/uploads\/2025\/02\/Gyvenimo-kelias.-Vertybiu-knyga-paaugliams-ir-ju-tevams.webp\",\"datePublished\":\"2025-02-03T11:30:53+00:00\",\"dateModified\":\"2025-02-03T15:51:27+00:00\",\"description\":\"Knyga skiriama jaun\u0173 \u017emoni\u0173 kartai, kuriai lemta susidurti su jaudinan\u010diais ir provokuojan\u010diais \u0161iuolaikinio pasaulio i\u0161\u0161\u016bkiais. Gili i\u0161mintis ir\",\"breadcrumb\":{\"@id\":\"https:\/\/skaitytaknyga.lt\/produktas\/gyvenimo-kelias-vertybiu-knyga-paaugliams-ir-ju-tevams\/#breadcrumb\"},\"inLanguage\":\"en-GB\",\"potentialAction\":[{\"@type\":\"ReadAction\",\"target\":[\"https:\/\/skaitytaknyga.lt\/produktas\/gyvenimo-kelias-vertybiu-knyga-paaugliams-ir-ju-tevams\/\"]}]},{\"@type\":\"ImageObject\",\"inLanguage\":\"en-GB\",\"@id\":\"https:\/\/skaitytaknyga.lt\/produktas\/gyvenimo-kelias-vertybiu-knyga-paaugliams-ir-ju-tevams\/#primaryimage\",\"url\":\"https:\/\/skaitytaknyga.lt\/wp-content\/uploads\/2025\/02\/Gyvenimo-kelias.-Vertybiu-knyga-paaugliams-ir-ju-tevams.webp\",\"contentUrl\":\"https:\/\/skaitytaknyga.lt\/wp-content\/uploads\/2025\/02\/Gyvenimo-kelias.-Vertybiu-knyga-paaugliams-ir-ju-tevams.webp\",\"width\":544,\"height\":800,\"caption\":\"Gyvenimo kelias. Vertybi\u0173 knyga paaugliams ir j\u0173 t\u0117vams\"},{\"@type\":\"BreadcrumbList\",\"@id\":\"https:\/\/skaitytaknyga.lt\/produktas\/gyvenimo-kelias-vertybiu-knyga-paaugliams-ir-ju-tevams\/#breadcrumb\",\"itemListElement\":[{\"@type\":\"ListItem\",\"position\":1,\"name\":\"Home\",\"item\":\"https:\/\/skaitytaknyga.lt\/\"},{\"@type\":\"ListItem\",\"position\":2,\"name\":\"Parduotuv\u0117\",\"item\":\"https:\/\/skaitytaknyga.lt\/knygu-parduotuve\/\"},{\"@type\":\"ListItem\",\"position\":3,\"name\":\"Gyvenimo kelias. Vertybi\u0173 knyga paaugliams ir j\u0173 t\u0117vams\"}]},{\"@type\":\"WebSite\",\"@id\":\"https:\/\/skaitytaknyga.lt\/#website\",\"url\":\"https:\/\/skaitytaknyga.lt\/\",\"name\":\"skaitytaknyga.lt\",\"description\":\"Skaitytaknyga.lt \u2013 tai ma\u017eas \u0161eimos verslas, kuris prasid\u0117jo nuo meil\u0117s knygoms ir siekio i\u0161gelb\u0117ti knygas nuo likimo prie konteinerio. Kas vienam nereikalingas daiktas \u2013 kitam lobis, o mes esame tarpininkai, kurie padeda abiems tapti laimingesniems ???? \u017dinome kaip nelengva i\u0161gyventi ma\u017eiems verslams, tad nuo \u0161iol, \u010dia rasite ir kit\u0173, ma\u017e\u0173 \u0161eim\u0173 versl\u0173, rank\u0173 darbo, dovan\u0173 sau ir artimiesiems.\",\"publisher\":{\"@id\":\"https:\/\/skaitytaknyga.lt\/#organization\"},\"potentialAction\":[{\"@type\":\"SearchAction\",\"target\":{\"@type\":\"EntryPoint\",\"urlTemplate\":\"https:\/\/skaitytaknyga.lt\/?s={search_term_string}\"},\"query-input\":{\"@type\":\"PropertyValueSpecification\",\"valueRequired\":true,\"valueName\":\"search_term_string\"}}],\"inLanguage\":\"en-GB\"},{\"@type\":\"Organization\",\"@id\":\"https:\/\/skaitytaknyga.lt\/#organization\",\"name\":\"skaitytaknyga.lt\",\"url\":\"https:\/\/skaitytaknyga.lt\/\",\"logo\":{\"@type\":\"ImageObject\",\"inLanguage\":\"en-GB\",\"@id\":\"https:\/\/skaitytaknyga.lt\/#\/schema\/logo\/image\/\",\"url\":\"https:\/\/skaitytaknyga.lt\/wp-content\/uploads\/2024\/05\/cropped-cropped-cropped-02_00843_jt3bggkj1j3HLc7SyY6rEUpg.jpeg\",\"contentUrl\":\"https:\/\/skaitytaknyga.lt\/wp-content\/uploads\/2024\/05\/cropped-cropped-cropped-02_00843_jt3bggkj1j3HLc7SyY6rEUpg.jpeg\",\"width\":1600,\"height\":1600,\"caption\":\"skaitytaknyga.lt\"},\"image\":{\"@id\":\"https:\/\/skaitytaknyga.lt\/#\/schema\/logo\/image\/\"},\"sameAs\":[\"https:\/\/www.facebook.com\/skaitytaknyga\/\"]}]}<\/script>\n<!-- \/ Yoast SEO plugin. -->","yoast_head_json":{"title":"Gyvenimo kelias. Vertybi\u0173 knyga paaugliams ir j\u0173 t\u0117vams","description":"Knyga skiriama jaun\u0173 \u017emoni\u0173 kartai, kuriai lemta susidurti su jaudinan\u010diais ir provokuojan\u010diais \u0161iuolaikinio pasaulio i\u0161\u0161\u016bkiais. Gili i\u0161mintis ir","robots":{"index":"index","follow":"follow","max-snippet":"max-snippet:-1","max-image-preview":"max-image-preview:large","max-video-preview":"max-video-preview:-1"},"canonical":"https:\/\/skaitytaknyga.lt\/en\/produktas\/gyvenimo-kelias-vertybiu-knyga-paaugliams-ir-ju-tevams\/","og_locale":"en_GB","og_type":"article","og_title":"[:lt]Gyvenimo kelias. Vertybi\u0173 knyga paaugliams ir j\u0173 t\u0117vams[:] - Skaitytaknyga","og_description":"Knyga skiriama jaun\u0173 \u017emoni\u0173 kartai, kuriai lemta susidurti su jaudinan\u010diais ir provokuojan\u010diais \u0161iuolaikinio pasaulio i\u0161\u0161\u016bkiais. Gili i\u0161mintis ir","og_url":"https:\/\/skaitytaknyga.lt\/en\/produktas\/gyvenimo-kelias-vertybiu-knyga-paaugliams-ir-ju-tevams\/","og_site_name":"Skaitytaknyga","article_publisher":"https:\/\/www.facebook.com\/skaitytaknyga\/","article_modified_time":"2025-02-03T15:51:27+00:00","og_image":[{"width":544,"height":800,"url":"https:\/\/skaitytaknyga.lt\/wp-content\/uploads\/2025\/02\/Gyvenimo-kelias.-Vertybiu-knyga-paaugliams-ir-ju-tevams.webp","type":"image\/webp"}],"twitter_card":"summary_large_image","twitter_misc":{"Estimated reading time":"1 minute"},"schema":{"@context":"https:\/\/schema.org","@graph":[{"@type":"WebPage","@id":"https:\/\/skaitytaknyga.lt\/produktas\/gyvenimo-kelias-vertybiu-knyga-paaugliams-ir-ju-tevams\/","url":"https:\/\/skaitytaknyga.lt\/produktas\/gyvenimo-kelias-vertybiu-knyga-paaugliams-ir-ju-tevams\/","name":"Gyvenimo kelias. Vertybi\u0173 knyga paaugliams ir j\u0173 t\u0117vams","isPartOf":{"@id":"https:\/\/skaitytaknyga.lt\/#website"},"primaryImageOfPage":{"@id":"https:\/\/skaitytaknyga.lt\/produktas\/gyvenimo-kelias-vertybiu-knyga-paaugliams-ir-ju-tevams\/#primaryimage"},"image":{"@id":"https:\/\/skaitytaknyga.lt\/produktas\/gyvenimo-kelias-vertybiu-knyga-paaugliams-ir-ju-tevams\/#primaryimage"},"thumbnailUrl":"https:\/\/skaitytaknyga.lt\/wp-content\/uploads\/2025\/02\/Gyvenimo-kelias.-Vertybiu-knyga-paaugliams-ir-ju-tevams.webp","datePublished":"2025-02-03T11:30:53+00:00","dateModified":"2025-02-03T15:51:27+00:00","description":"Knyga skiriama jaun\u0173 \u017emoni\u0173 kartai, kuriai lemta susidurti su jaudinan\u010diais ir provokuojan\u010diais \u0161iuolaikinio pasaulio i\u0161\u0161\u016bkiais. Gili i\u0161mintis ir","breadcrumb":{"@id":"https:\/\/skaitytaknyga.lt\/produktas\/gyvenimo-kelias-vertybiu-knyga-paaugliams-ir-ju-tevams\/#breadcrumb"},"inLanguage":"en-GB","potentialAction":[{"@type":"ReadAction","target":["https:\/\/skaitytaknyga.lt\/produktas\/gyvenimo-kelias-vertybiu-knyga-paaugliams-ir-ju-tevams\/"]}]},{"@type":"ImageObject","inLanguage":"en-GB","@id":"https:\/\/skaitytaknyga.lt\/produktas\/gyvenimo-kelias-vertybiu-knyga-paaugliams-ir-ju-tevams\/#primaryimage","url":"https:\/\/skaitytaknyga.lt\/wp-content\/uploads\/2025\/02\/Gyvenimo-kelias.-Vertybiu-knyga-paaugliams-ir-ju-tevams.webp","contentUrl":"https:\/\/skaitytaknyga.lt\/wp-content\/uploads\/2025\/02\/Gyvenimo-kelias.-Vertybiu-knyga-paaugliams-ir-ju-tevams.webp","width":544,"height":800,"caption":"Gyvenimo kelias. Vertybi\u0173 knyga paaugliams ir j\u0173 t\u0117vams"},{"@type":"BreadcrumbList","@id":"https:\/\/skaitytaknyga.lt\/produktas\/gyvenimo-kelias-vertybiu-knyga-paaugliams-ir-ju-tevams\/#breadcrumb","itemListElement":[{"@type":"ListItem","position":1,"name":"Home","item":"https:\/\/skaitytaknyga.lt\/"},{"@type":"ListItem","position":2,"name":"Parduotuv\u0117","item":"https:\/\/skaitytaknyga.lt\/knygu-parduotuve\/"},{"@type":"ListItem","position":3,"name":"Gyvenimo kelias. Vertybi\u0173 knyga paaugliams ir j\u0173 t\u0117vams"}]},{"@type":"WebSite","@id":"https:\/\/skaitytaknyga.lt\/#website","url":"https:\/\/skaitytaknyga.lt\/","name":"skaitytaknyga.lt","description":"Skaitytaknyga.lt \u2013 tai ma\u017eas \u0161eimos verslas, kuris prasid\u0117jo nuo meil\u0117s knygoms ir siekio i\u0161gelb\u0117ti knygas nuo likimo prie konteinerio. Kas vienam nereikalingas daiktas \u2013 kitam lobis, o mes esame tarpininkai, kurie padeda abiems tapti laimingesniems ???? \u017dinome kaip nelengva i\u0161gyventi ma\u017eiems verslams, tad nuo \u0161iol, \u010dia rasite ir kit\u0173, ma\u017e\u0173 \u0161eim\u0173 versl\u0173, rank\u0173 darbo, dovan\u0173 sau ir artimiesiems.","publisher":{"@id":"https:\/\/skaitytaknyga.lt\/#organization"},"potentialAction":[{"@type":"SearchAction","target":{"@type":"EntryPoint","urlTemplate":"https:\/\/skaitytaknyga.lt\/?s={search_term_string}"},"query-input":{"@type":"PropertyValueSpecification","valueRequired":true,"valueName":"search_term_string"}}],"inLanguage":"en-GB"},{"@type":"Organization","@id":"https:\/\/skaitytaknyga.lt\/#organization","name":"skaitytaknyga.lt","url":"https:\/\/skaitytaknyga.lt\/","logo":{"@type":"ImageObject","inLanguage":"en-GB","@id":"https:\/\/skaitytaknyga.lt\/#\/schema\/logo\/image\/","url":"https:\/\/skaitytaknyga.lt\/wp-content\/uploads\/2024\/05\/cropped-cropped-cropped-02_00843_jt3bggkj1j3HLc7SyY6rEUpg.jpeg","contentUrl":"https:\/\/skaitytaknyga.lt\/wp-content\/uploads\/2024\/05\/cropped-cropped-cropped-02_00843_jt3bggkj1j3HLc7SyY6rEUpg.jpeg","width":1600,"height":1600,"caption":"skaitytaknyga.lt"},"image":{"@id":"https:\/\/skaitytaknyga.lt\/#\/schema\/logo\/image\/"},"sameAs":["https:\/\/www.facebook.com\/skaitytaknyga\/"]}]}},"_links":{"self":[{"href":"https:\/\/skaitytaknyga.lt\/en\/wp-json\/wp\/v2\/product\/16609","targetHints":{"allow":["GET"]}}],"collection":[{"href":"https:\/\/skaitytaknyga.lt\/en\/wp-json\/wp\/v2\/product"}],"about":[{"href":"https:\/\/skaitytaknyga.lt\/en\/wp-json\/wp\/v2\/types\/product"}],"replies":[{"embeddable":true,"href":"https:\/\/skaitytaknyga.lt\/en\/wp-json\/wp\/v2\/comments?post=16609"}],"wp:featuredmedia":[{"embeddable":true,"href":"https:\/\/skaitytaknyga.lt\/en\/wp-json\/wp\/v2\/media\/16610"}],"wp:attachment":[{"href":"https:\/\/skaitytaknyga.lt\/en\/wp-json\/wp\/v2\/media?parent=16609"}],"wp:term":[{"taxonomy":"product_brand","embeddable":true,"href":"https:\/\/skaitytaknyga.lt\/en\/wp-json\/wp\/v2\/product_brand?post=16609"},{"taxonomy":"product_cat","embeddable":true,"href":"https:\/\/skaitytaknyga.lt\/en\/wp-json\/wp\/v2\/product_cat?post=16609"},{"taxonomy":"product_tag","embeddable":true,"href":"https:\/\/skaitytaknyga.lt\/en\/wp-json\/wp\/v2\/product_tag?post=16609"}],"curies":[{"name":"wp","href":"https:\/\/api.w.org\/{rel}","templated":true}]}}