{"id":16601,"date":"2025-02-03T13:21:46","date_gmt":"2025-02-03T11:21:46","guid":{"rendered":"https:\/\/skaitytaknyga.lt\/?post_type=product&#038;p=16601"},"modified":"2025-05-15T08:53:27","modified_gmt":"2025-05-15T05:53:27","slug":"tu-gali-atskleiskite-savo-galimybes","status":"publish","type":"product","link":"https:\/\/skaitytaknyga.lt\/en\/produktas\/tu-gali-atskleiskite-savo-galimybes\/","title":{"rendered":"Tu gali: atskleiskite savo galimybes"},"content":{"rendered":"<p>Knyga\u00a0<strong>\u201eTu gali\u201c<\/strong>\u00a0kvie\u010dia Jus pasukti augimo m\u0105stysenos keliu, nukreiptu \u012f nuolatin\u012f tobul\u0117jim\u0105 visose \u017emogaus gyvenimo srityse \u2013 \u0161eimoje, darbe, versle, sporte. Augimo m\u0105stysena padeda mums realizuoti save, tinkamai motyvuoja vaikus, o santykius apdovanoja nebl\u0117stan\u010dia meile.<\/p>\n<p>Nustebsite su\u017einoj\u0119, kad:<\/p>\n<ul>\n<li>auk\u0161tas IQ koeficientas neu\u017etikrina s\u0117km\u0117s,<\/li>\n<li>kli\u016btys skatina, o valia leid\u017eia pasiekti vir\u0161\u016bn\u0119 ir ten pasilikti,<\/li>\n<li>pagyros gali b\u016bti \u017ealingos vaiko savivertei ir motyvacijai,<\/li>\n<li>verslo \u012fmon\u0117s labiau vertina darbuotoj\u0173 atkaklum\u0105 nei \u012fgimt\u0105 talent\u0105.<\/li>\n<\/ul>\n<p><strong>C. Dweck<\/strong>\u00a0pristatoma augimo m\u0105stysena i\u0161 pirmo \u017evilgsnio yra paprasta, bet geniali id\u0117ja, kuri privers Jus spragtel\u0117ti pir\u0161tais. Ta\u010diau pirmiausia tur\u0117site i\u0161sivaduoti i\u0161 pastovios m\u0105stysenos gniau\u017et\u0173. Pastovi m\u0105stysena yra galvoje, tarytum pelk\u0117je, gyvenantis vandenis, kuris ver\u010dia jus mind\u017eikuoti vietoje, grau\u017etis d\u0117l nes\u0117kmi\u0173, bijoti naujovi\u0173, ker\u0161tauti arba eikvoti paskutinius energijos liku\u010dius aukl\u0117jant savuosius vunderkindus.<\/p>\n<p>Kas yra s\u0117km\u0117?<\/p>\n<p>Pirmoji i\u0161vada: augimo m\u0105stysen\u0105 turintys \u017emon\u0117s mano, kad s\u0117km\u0117 rei\u0161kia stengtis i\u0161 vis\u0173 j\u0117g\u0173, mokytis ir tobul\u0117ti. Kaip tik taip m\u0105sto nugal\u0117tojai.<\/p>\n<p>Kas yra nes\u0117km\u0117?<\/p>\n<p>Antroji i\u0161vada: augimo m\u0105stysenos \u017emon\u0117s mano, kad kli\u016btys motyvuoja. Jos suteikia \u017eini\u0173. Tai \u0161altas du\u0161as, kuris jus pa\u017eadina.<\/p>\n<p>Tre\u010dioji i\u0161vada: augimo m\u0105stysenos sportininkai (kaip ir parengiam\u0173j\u0173 medicinos kurs\u0173 studentai) patys vadovauja procesui, kuris atne\u0161a jiems s\u0117km\u0119.<\/p>\n<ul class=\"about-product d-none d-xl-block mt-4\">\n<li><strong>Originalus pavadinimas:<\/strong>\u00a0Mindset<\/li>\n<li><strong>Autorius:<\/strong>\u00a0Carol S. Dweck<\/li>\n<li><strong>Leid\u0117jas:<\/strong>\u00a0Alma littera<\/li>\n<li><strong>Metai:<\/strong>\u00a02017<\/li>\n<li><strong>Puslapiai:<\/strong>\u00a0320<\/li>\n<li class=\"toggleable type-new-formats \"><strong>ISBN:<\/strong>\u00a09786090121290<\/li>\n<li><strong>Versijos kodas:<\/strong>\u00a0PT.<\/li>\n<li class=\"toggleable type-new-formats \"><strong>Formatas:<\/strong>\u00a014,3 x 21,3 x 2,9 cm, mink\u0161ti vir\u0161eliai<\/li>\n<li><strong>Kalba:<\/strong>\u00a0Lietuvi\u0173<\/li>\n<li><strong>Vert\u0117jas:<\/strong>\u00a0Gediminas Au\u0161kalnis<\/li>\n<\/ul>\n","protected":false},"excerpt":{"rendered":"<p>Knyga\u00a0\u201eTu gali\u201c\u00a0kvie\u010dia Jus pasukti augimo m\u0105stysenos keliu, nukreiptu \u012f nuolatin\u012f tobul\u0117jim\u0105 visose \u017emogaus gyvenimo srityse \u2013 \u0161eimoje, darbe, versle, sporte. Augimo m\u0105stysena padeda mums realizuoti save, tinkamai motyvuoja vaikus, o santykius apdovanoja nebl\u0117stan\u010dia meile. Nustebsite su\u017einoj\u0119, kad: auk\u0161tas IQ koeficientas neu\u017etikrina s\u0117km\u0117s, kli\u016btys skatina, o valia leid\u017eia pasiekti vir\u0161\u016bn\u0119 ir ten pasilikti, pagyros gali b\u016bti \u017ealingos vaiko savivertei ir motyvacijai, verslo \u012fmon\u0117s labiau vertina darbuotoj\u0173 atkaklum\u0105 nei \u012fgimt\u0105 talent\u0105. C. Dweck\u00a0pristatoma augimo m\u0105stysena i\u0161 pirmo \u017evilgsnio yra paprasta, bet geniali id\u0117ja, kuri privers Jus spragtel\u0117ti pir\u0161tais. Ta\u010diau pirmiausia tur\u0117site i\u0161sivaduoti i\u0161 pastovios m\u0105stysenos gniau\u017et\u0173. Pastovi m\u0105stysena yra galvoje, tarytum pelk\u0117je, gyvenantis vandenis, kuris ver\u010dia jus mind\u017eikuoti vietoje, grau\u017etis d\u0117l nes\u0117kmi\u0173, bijoti naujovi\u0173, ker\u0161tauti arba eikvoti paskutinius energijos liku\u010dius aukl\u0117jant savuosius vunderkindus. Kas yra s\u0117km\u0117? Pirmoji i\u0161vada: augimo m\u0105stysen\u0105 turintys \u017emon\u0117s mano, kad s\u0117km\u0117 rei\u0161kia stengtis i\u0161 vis\u0173 j\u0117g\u0173, mokytis ir tobul\u0117ti. Kaip tik taip m\u0105sto nugal\u0117tojai. Kas yra nes\u0117km\u0117? Antroji i\u0161vada: augimo m\u0105stysenos \u017emon\u0117s mano, kad kli\u016btys motyvuoja. Jos suteikia \u017eini\u0173. Tai \u0161altas du\u0161as, kuris jus pa\u017eadina. Tre\u010dioji i\u0161vada: augimo m\u0105stysenos sportininkai (kaip ir parengiam\u0173j\u0173 medicinos kurs\u0173 studentai) patys vadovauja procesui, kuris atne\u0161a jiems s\u0117km\u0119. Originalus pavadinimas:\u00a0Mindset Autorius:\u00a0Carol S. Dweck Leid\u0117jas:\u00a0Alma littera Metai:\u00a02017 Puslapiai:\u00a0320 ISBN:\u00a09786090121290 Versijos kodas:\u00a0PT. Formatas:\u00a014,3 x 21,3 x 2,9 cm, mink\u0161ti vir\u0161eliai Kalba:\u00a0Lietuvi\u0173 Vert\u0117jas:\u00a0Gediminas Au\u0161kalnis<\/p>\n","protected":false},"featured_media":16602,"comment_status":"open","ping_status":"closed","template":"","meta":{"_acf_changed":false,"site-sidebar-layout":"default","site-content-layout":"","ast-site-content-layout":"default","site-content-style":"default","site-sidebar-style":"default","ast-global-header-display":"","ast-banner-title-visibility":"","ast-main-header-display":"","ast-hfb-above-header-display":"","ast-hfb-below-header-display":"","ast-hfb-mobile-header-display":"","site-post-title":"","ast-breadcrumbs-content":"","ast-featured-img":"","footer-sml-layout":"","ast-disable-related-posts":"","theme-transparent-header-meta":"default","adv-header-id-meta":"","stick-header-meta":"","header-above-stick-meta":"","header-main-stick-meta":"","header-below-stick-meta":"","astra-migrate-meta-layouts":"set","ast-page-background-enabled":"default","ast-page-background-meta":{"desktop":{"background-color":"","background-image":"","background-repeat":"repeat","background-position":"center center","background-size":"auto","background-attachment":"scroll","background-type":"","background-media":"","overlay-type":"","overlay-color":"","overlay-opacity":"","overlay-gradient":""},"tablet":{"background-color":"","background-image":"","background-repeat":"repeat","background-position":"center center","background-size":"auto","background-attachment":"scroll","background-type":"","background-media":"","overlay-type":"","overlay-color":"","overlay-opacity":"","overlay-gradient":""},"mobile":{"background-color":"","background-image":"","background-repeat":"repeat","background-position":"center center","background-size":"auto","background-attachment":"scroll","background-type":"","background-media":"","overlay-type":"","overlay-color":"","overlay-opacity":"","overlay-gradient":""}},"ast-content-background-meta":{"desktop":{"background-color":"var(--ast-global-color-4)","background-image":"","background-repeat":"repeat","background-position":"center center","background-size":"auto","background-attachment":"scroll","background-type":"","background-media":"","overlay-type":"","overlay-color":"","overlay-opacity":"","overlay-gradient":""},"tablet":{"background-color":"var(--ast-global-color-4)","background-image":"","background-repeat":"repeat","background-position":"center center","background-size":"auto","background-attachment":"scroll","background-type":"","background-media":"","overlay-type":"","overlay-color":"","overlay-opacity":"","overlay-gradient":""},"mobile":{"background-color":"var(--ast-global-color-4)","background-image":"","background-repeat":"repeat","background-position":"center center","background-size":"auto","background-attachment":"scroll","background-type":"","background-media":"","overlay-type":"","overlay-color":"","overlay-opacity":"","overlay-gradient":""}}},"product_brand":[],"product_cat":[15,30],"product_tag":[1399,2688,1409,2026,1396],"class_list":{"0":"post-16601","1":"product","2":"type-product","3":"status-publish","4":"has-post-thumbnail","6":"product_cat-uncategorized","7":"product_cat-psichologija-ir-saviugda","8":"product_tag-asmeninis-tobulejimas","9":"product_tag-carol-s-dweck","10":"product_tag-motyvacija","11":"product_tag-pozityvus-mastymas","12":"product_tag-saviugda","13":"desktop-align-left","14":"tablet-align-left","15":"mobile-align-left","17":"first","18":"outofstock","19":"shipping-taxable","20":"purchasable","21":"product-type-simple"},"acf":[],"yoast_head":"<!-- This site is optimized with the Yoast SEO plugin v27.0 - https:\/\/yoast.com\/product\/yoast-seo-wordpress\/ -->\n<title>Tu gali: atskleiskite savo galimybes<\/title>\n<meta name=\"description\" content=\"Knyga\u00a0\u201eTu gali\u201c\u00a0kvie\u010dia Jus pasukti augimo m\u0105stysenos keliu, nukreiptu \u012f nuolatin\u012f tobul\u0117jim\u0105 visose \u017emogaus gyvenimo srityse \u2013 \u0161eimoje, darbe, versle,\" \/>\n<meta name=\"robots\" content=\"index, follow, max-snippet:-1, max-image-preview:large, max-video-preview:-1\" \/>\n<link rel=\"canonical\" href=\"https:\/\/skaitytaknyga.lt\/en\/produktas\/tu-gali-atskleiskite-savo-galimybes\/\" \/>\n<meta property=\"og:locale\" content=\"en_GB\" \/>\n<meta property=\"og:locale:alternate\" content=\"lt_LT\" \/>\n<meta property=\"og:type\" content=\"article\" \/>\n<meta property=\"og:title\" content=\"Tu gali: atskleiskite savo galimybes\" \/>\n<meta property=\"og:description\" content=\"Knyga\u00a0\u201eTu gali\u201c\u00a0kvie\u010dia Jus pasukti augimo m\u0105stysenos keliu, nukreiptu \u012f nuolatin\u012f tobul\u0117jim\u0105 visose \u017emogaus gyvenimo srityse \u2013 \u0161eimoje, darbe, versle,\" \/>\n<meta property=\"og:url\" content=\"https:\/\/skaitytaknyga.lt\/en\/produktas\/tu-gali-atskleiskite-savo-galimybes\/\" \/>\n<meta property=\"og:site_name\" content=\"Skaitytaknyga\" \/>\n<meta property=\"article:publisher\" content=\"https:\/\/www.facebook.com\/skaitytaknyga\/\" \/>\n<meta property=\"article:modified_time\" content=\"2025-05-15T05:53:27+00:00\" \/>\n<meta property=\"og:image\" content=\"https:\/\/skaitytaknyga.lt\/wp-content\/uploads\/2025\/02\/Tu-gali-atskleiskite-savo-galimybes.webp\" \/>\n\t<meta property=\"og:image:width\" content=\"494\" \/>\n\t<meta property=\"og:image:height\" content=\"724\" \/>\n\t<meta property=\"og:image:type\" content=\"image\/webp\" \/>\n<meta name=\"twitter:card\" content=\"summary_large_image\" \/>\n<meta name=\"twitter:label1\" content=\"Estimated reading time\" \/>\n\t<meta name=\"twitter:data1\" content=\"2 minutes\" \/>\n<script type=\"application\/ld+json\" class=\"yoast-schema-graph\">{\"@context\":\"https:\/\/schema.org\",\"@graph\":[{\"@type\":\"WebPage\",\"@id\":\"https:\/\/skaitytaknyga.lt\/produktas\/tu-gali-atskleiskite-savo-galimybes\/\",\"url\":\"https:\/\/skaitytaknyga.lt\/produktas\/tu-gali-atskleiskite-savo-galimybes\/\",\"name\":\"Tu gali: atskleiskite savo galimybes\",\"isPartOf\":{\"@id\":\"https:\/\/skaitytaknyga.lt\/#website\"},\"primaryImageOfPage\":{\"@id\":\"https:\/\/skaitytaknyga.lt\/produktas\/tu-gali-atskleiskite-savo-galimybes\/#primaryimage\"},\"image\":{\"@id\":\"https:\/\/skaitytaknyga.lt\/produktas\/tu-gali-atskleiskite-savo-galimybes\/#primaryimage\"},\"thumbnailUrl\":\"https:\/\/skaitytaknyga.lt\/wp-content\/uploads\/2025\/02\/Tu-gali-atskleiskite-savo-galimybes.webp\",\"datePublished\":\"2025-02-03T11:21:46+00:00\",\"dateModified\":\"2025-05-15T05:53:27+00:00\",\"description\":\"Knyga\u00a0\u201eTu gali\u201c\u00a0kvie\u010dia Jus pasukti augimo m\u0105stysenos keliu, nukreiptu \u012f nuolatin\u012f tobul\u0117jim\u0105 visose \u017emogaus gyvenimo srityse \u2013 \u0161eimoje, darbe, versle,\",\"breadcrumb\":{\"@id\":\"https:\/\/skaitytaknyga.lt\/produktas\/tu-gali-atskleiskite-savo-galimybes\/#breadcrumb\"},\"inLanguage\":\"en-GB\",\"potentialAction\":[{\"@type\":\"ReadAction\",\"target\":[\"https:\/\/skaitytaknyga.lt\/produktas\/tu-gali-atskleiskite-savo-galimybes\/\"]}]},{\"@type\":\"ImageObject\",\"inLanguage\":\"en-GB\",\"@id\":\"https:\/\/skaitytaknyga.lt\/produktas\/tu-gali-atskleiskite-savo-galimybes\/#primaryimage\",\"url\":\"https:\/\/skaitytaknyga.lt\/wp-content\/uploads\/2025\/02\/Tu-gali-atskleiskite-savo-galimybes.webp\",\"contentUrl\":\"https:\/\/skaitytaknyga.lt\/wp-content\/uploads\/2025\/02\/Tu-gali-atskleiskite-savo-galimybes.webp\",\"width\":494,\"height\":724,\"caption\":\"Tu gali: atskleiskite savo galimybes\"},{\"@type\":\"BreadcrumbList\",\"@id\":\"https:\/\/skaitytaknyga.lt\/produktas\/tu-gali-atskleiskite-savo-galimybes\/#breadcrumb\",\"itemListElement\":[{\"@type\":\"ListItem\",\"position\":1,\"name\":\"Home\",\"item\":\"https:\/\/skaitytaknyga.lt\/\"},{\"@type\":\"ListItem\",\"position\":2,\"name\":\"Parduotuv\u0117\",\"item\":\"https:\/\/skaitytaknyga.lt\/knygu-parduotuve\/\"},{\"@type\":\"ListItem\",\"position\":3,\"name\":\"Tu gali: atskleiskite savo galimybes\"}]},{\"@type\":\"WebSite\",\"@id\":\"https:\/\/skaitytaknyga.lt\/#website\",\"url\":\"https:\/\/skaitytaknyga.lt\/\",\"name\":\"skaitytaknyga.lt\",\"description\":\"Skaitytaknyga.lt \u2013 tai ma\u017eas \u0161eimos verslas, kuris prasid\u0117jo nuo meil\u0117s knygoms ir siekio i\u0161gelb\u0117ti knygas nuo likimo prie konteinerio. Kas vienam nereikalingas daiktas \u2013 kitam lobis, o mes esame tarpininkai, kurie padeda abiems tapti laimingesniems ???? \u017dinome kaip nelengva i\u0161gyventi ma\u017eiems verslams, tad nuo \u0161iol, \u010dia rasite ir kit\u0173, ma\u017e\u0173 \u0161eim\u0173 versl\u0173, rank\u0173 darbo, dovan\u0173 sau ir artimiesiems.\",\"publisher\":{\"@id\":\"https:\/\/skaitytaknyga.lt\/#organization\"},\"potentialAction\":[{\"@type\":\"SearchAction\",\"target\":{\"@type\":\"EntryPoint\",\"urlTemplate\":\"https:\/\/skaitytaknyga.lt\/?s={search_term_string}\"},\"query-input\":{\"@type\":\"PropertyValueSpecification\",\"valueRequired\":true,\"valueName\":\"search_term_string\"}}],\"inLanguage\":\"en-GB\"},{\"@type\":\"Organization\",\"@id\":\"https:\/\/skaitytaknyga.lt\/#organization\",\"name\":\"skaitytaknyga.lt\",\"url\":\"https:\/\/skaitytaknyga.lt\/\",\"logo\":{\"@type\":\"ImageObject\",\"inLanguage\":\"en-GB\",\"@id\":\"https:\/\/skaitytaknyga.lt\/#\/schema\/logo\/image\/\",\"url\":\"https:\/\/skaitytaknyga.lt\/wp-content\/uploads\/2024\/05\/cropped-cropped-cropped-02_00843_jt3bggkj1j3HLc7SyY6rEUpg.jpeg\",\"contentUrl\":\"https:\/\/skaitytaknyga.lt\/wp-content\/uploads\/2024\/05\/cropped-cropped-cropped-02_00843_jt3bggkj1j3HLc7SyY6rEUpg.jpeg\",\"width\":1600,\"height\":1600,\"caption\":\"skaitytaknyga.lt\"},\"image\":{\"@id\":\"https:\/\/skaitytaknyga.lt\/#\/schema\/logo\/image\/\"},\"sameAs\":[\"https:\/\/www.facebook.com\/skaitytaknyga\/\"]}]}<\/script>\n<!-- \/ Yoast SEO plugin. -->","yoast_head_json":{"title":"Tu gali: atskleiskite savo galimybes","description":"Knyga\u00a0\u201eTu gali\u201c\u00a0kvie\u010dia Jus pasukti augimo m\u0105stysenos keliu, nukreiptu \u012f nuolatin\u012f tobul\u0117jim\u0105 visose \u017emogaus gyvenimo srityse \u2013 \u0161eimoje, darbe, versle,","robots":{"index":"index","follow":"follow","max-snippet":"max-snippet:-1","max-image-preview":"max-image-preview:large","max-video-preview":"max-video-preview:-1"},"canonical":"https:\/\/skaitytaknyga.lt\/en\/produktas\/tu-gali-atskleiskite-savo-galimybes\/","og_locale":"en_GB","og_type":"article","og_title":"[:lt]Tu gali: atskleiskite savo galimybes[:] - Skaitytaknyga","og_description":"Knyga\u00a0\u201eTu gali\u201c\u00a0kvie\u010dia Jus pasukti augimo m\u0105stysenos keliu, nukreiptu \u012f nuolatin\u012f tobul\u0117jim\u0105 visose \u017emogaus gyvenimo srityse \u2013 \u0161eimoje, darbe, versle,","og_url":"https:\/\/skaitytaknyga.lt\/en\/produktas\/tu-gali-atskleiskite-savo-galimybes\/","og_site_name":"Skaitytaknyga","article_publisher":"https:\/\/www.facebook.com\/skaitytaknyga\/","article_modified_time":"2025-05-15T05:53:27+00:00","og_image":[{"width":494,"height":724,"url":"https:\/\/skaitytaknyga.lt\/wp-content\/uploads\/2025\/02\/Tu-gali-atskleiskite-savo-galimybes.webp","type":"image\/webp"}],"twitter_card":"summary_large_image","twitter_misc":{"Estimated reading time":"2 minutes"},"schema":{"@context":"https:\/\/schema.org","@graph":[{"@type":"WebPage","@id":"https:\/\/skaitytaknyga.lt\/produktas\/tu-gali-atskleiskite-savo-galimybes\/","url":"https:\/\/skaitytaknyga.lt\/produktas\/tu-gali-atskleiskite-savo-galimybes\/","name":"Tu gali: atskleiskite savo galimybes","isPartOf":{"@id":"https:\/\/skaitytaknyga.lt\/#website"},"primaryImageOfPage":{"@id":"https:\/\/skaitytaknyga.lt\/produktas\/tu-gali-atskleiskite-savo-galimybes\/#primaryimage"},"image":{"@id":"https:\/\/skaitytaknyga.lt\/produktas\/tu-gali-atskleiskite-savo-galimybes\/#primaryimage"},"thumbnailUrl":"https:\/\/skaitytaknyga.lt\/wp-content\/uploads\/2025\/02\/Tu-gali-atskleiskite-savo-galimybes.webp","datePublished":"2025-02-03T11:21:46+00:00","dateModified":"2025-05-15T05:53:27+00:00","description":"Knyga\u00a0\u201eTu gali\u201c\u00a0kvie\u010dia Jus pasukti augimo m\u0105stysenos keliu, nukreiptu \u012f nuolatin\u012f tobul\u0117jim\u0105 visose \u017emogaus gyvenimo srityse \u2013 \u0161eimoje, darbe, versle,","breadcrumb":{"@id":"https:\/\/skaitytaknyga.lt\/produktas\/tu-gali-atskleiskite-savo-galimybes\/#breadcrumb"},"inLanguage":"en-GB","potentialAction":[{"@type":"ReadAction","target":["https:\/\/skaitytaknyga.lt\/produktas\/tu-gali-atskleiskite-savo-galimybes\/"]}]},{"@type":"ImageObject","inLanguage":"en-GB","@id":"https:\/\/skaitytaknyga.lt\/produktas\/tu-gali-atskleiskite-savo-galimybes\/#primaryimage","url":"https:\/\/skaitytaknyga.lt\/wp-content\/uploads\/2025\/02\/Tu-gali-atskleiskite-savo-galimybes.webp","contentUrl":"https:\/\/skaitytaknyga.lt\/wp-content\/uploads\/2025\/02\/Tu-gali-atskleiskite-savo-galimybes.webp","width":494,"height":724,"caption":"Tu gali: atskleiskite savo galimybes"},{"@type":"BreadcrumbList","@id":"https:\/\/skaitytaknyga.lt\/produktas\/tu-gali-atskleiskite-savo-galimybes\/#breadcrumb","itemListElement":[{"@type":"ListItem","position":1,"name":"Home","item":"https:\/\/skaitytaknyga.lt\/"},{"@type":"ListItem","position":2,"name":"Parduotuv\u0117","item":"https:\/\/skaitytaknyga.lt\/knygu-parduotuve\/"},{"@type":"ListItem","position":3,"name":"Tu gali: atskleiskite savo galimybes"}]},{"@type":"WebSite","@id":"https:\/\/skaitytaknyga.lt\/#website","url":"https:\/\/skaitytaknyga.lt\/","name":"skaitytaknyga.lt","description":"Skaitytaknyga.lt \u2013 tai ma\u017eas \u0161eimos verslas, kuris prasid\u0117jo nuo meil\u0117s knygoms ir siekio i\u0161gelb\u0117ti knygas nuo likimo prie konteinerio. Kas vienam nereikalingas daiktas \u2013 kitam lobis, o mes esame tarpininkai, kurie padeda abiems tapti laimingesniems ???? \u017dinome kaip nelengva i\u0161gyventi ma\u017eiems verslams, tad nuo \u0161iol, \u010dia rasite ir kit\u0173, ma\u017e\u0173 \u0161eim\u0173 versl\u0173, rank\u0173 darbo, dovan\u0173 sau ir artimiesiems.","publisher":{"@id":"https:\/\/skaitytaknyga.lt\/#organization"},"potentialAction":[{"@type":"SearchAction","target":{"@type":"EntryPoint","urlTemplate":"https:\/\/skaitytaknyga.lt\/?s={search_term_string}"},"query-input":{"@type":"PropertyValueSpecification","valueRequired":true,"valueName":"search_term_string"}}],"inLanguage":"en-GB"},{"@type":"Organization","@id":"https:\/\/skaitytaknyga.lt\/#organization","name":"skaitytaknyga.lt","url":"https:\/\/skaitytaknyga.lt\/","logo":{"@type":"ImageObject","inLanguage":"en-GB","@id":"https:\/\/skaitytaknyga.lt\/#\/schema\/logo\/image\/","url":"https:\/\/skaitytaknyga.lt\/wp-content\/uploads\/2024\/05\/cropped-cropped-cropped-02_00843_jt3bggkj1j3HLc7SyY6rEUpg.jpeg","contentUrl":"https:\/\/skaitytaknyga.lt\/wp-content\/uploads\/2024\/05\/cropped-cropped-cropped-02_00843_jt3bggkj1j3HLc7SyY6rEUpg.jpeg","width":1600,"height":1600,"caption":"skaitytaknyga.lt"},"image":{"@id":"https:\/\/skaitytaknyga.lt\/#\/schema\/logo\/image\/"},"sameAs":["https:\/\/www.facebook.com\/skaitytaknyga\/"]}]}},"_links":{"self":[{"href":"https:\/\/skaitytaknyga.lt\/en\/wp-json\/wp\/v2\/product\/16601","targetHints":{"allow":["GET"]}}],"collection":[{"href":"https:\/\/skaitytaknyga.lt\/en\/wp-json\/wp\/v2\/product"}],"about":[{"href":"https:\/\/skaitytaknyga.lt\/en\/wp-json\/wp\/v2\/types\/product"}],"replies":[{"embeddable":true,"href":"https:\/\/skaitytaknyga.lt\/en\/wp-json\/wp\/v2\/comments?post=16601"}],"wp:featuredmedia":[{"embeddable":true,"href":"https:\/\/skaitytaknyga.lt\/en\/wp-json\/wp\/v2\/media\/16602"}],"wp:attachment":[{"href":"https:\/\/skaitytaknyga.lt\/en\/wp-json\/wp\/v2\/media?parent=16601"}],"wp:term":[{"taxonomy":"product_brand","embeddable":true,"href":"https:\/\/skaitytaknyga.lt\/en\/wp-json\/wp\/v2\/product_brand?post=16601"},{"taxonomy":"product_cat","embeddable":true,"href":"https:\/\/skaitytaknyga.lt\/en\/wp-json\/wp\/v2\/product_cat?post=16601"},{"taxonomy":"product_tag","embeddable":true,"href":"https:\/\/skaitytaknyga.lt\/en\/wp-json\/wp\/v2\/product_tag?post=16601"}],"curies":[{"name":"wp","href":"https:\/\/api.w.org\/{rel}","templated":true}]}}