{"id":16599,"date":"2025-02-03T11:29:23","date_gmt":"2025-02-03T09:29:23","guid":{"rendered":"https:\/\/skaitytaknyga.lt\/?post_type=product&#038;p=16599"},"modified":"2026-03-18T12:59:40","modified_gmt":"2026-03-18T10:59:40","slug":"diferencialinis-ir-integralinis-skaiciavimas-1-dalis","status":"publish","type":"product","link":"https:\/\/skaitytaknyga.lt\/en\/produktas\/diferencialinis-ir-integralinis-skaiciavimas-1-dalis\/","title":{"rendered":"Diferencialinis ir integralinis skai\u010diavimas, 1 dalis"},"content":{"rendered":"<p>Vadov\u0117lis\u00a0<strong>&#8220;Diferencialinis ir integralinis skai\u010diavimas. 1 dalis&#8221;<\/strong>\u00a0&#8211; skirtas auk\u0161t\u0173j\u0173 technikos mokykl\u0173 studentams. Jo pagrindas yra matematin\u0117s analiz\u0117s paskaitos.<\/p>\n<p>Knyg\u0105 sudaro dvi dalys. Pirmojoje i\u0161d\u0117stytas vieno ir keli\u0173 kintam\u0173j\u0173 funkcij\u0173 diferencialinis skai\u010diavimas bei vieno kintamojo funkcij\u0173 integralinis skai\u010diavimas. Antrojoje dalyje pateiktas keli\u0173 kintam\u0173j\u0173 funkcij\u0173 integralinis skai\u010diavimas, paprastosios diferencialin\u0117s lygtys, eilut\u0117s, lauko teorijos elementai, optimizavimo pradmenys.<\/p>\n<p>Teorija knygoje iliustruota i\u0161spr\u0119stais pavyzd\u017eiais, kiekvieno skyriaus pabaigoje pateikta u\u017edavini\u0173, kuriuos si\u016blome studentams i\u0161spr\u0119sti savaranki\u0161kai. J\u0173 paskirtis &#8211; ne tiek sudaryti sprendimo \u012fg\u016bd\u017eius, kiek i\u0161mokyti taikyti teorij\u0105.<\/p>\n","protected":false},"excerpt":{"rendered":"<p>Vadov\u0117lis\u00a0&#8220;Diferencialinis ir integralinis skai\u010diavimas. 1 dalis&#8221;\u00a0&#8211; skirtas auk\u0161t\u0173j\u0173 technikos mokykl\u0173 studentams. Jo pagrindas yra matematin\u0117s analiz\u0117s paskaitos. Knyg\u0105 sudaro dvi dalys. Pirmojoje i\u0161d\u0117stytas vieno ir keli\u0173 kintam\u0173j\u0173 funkcij\u0173 diferencialinis skai\u010diavimas bei vieno kintamojo funkcij\u0173 integralinis skai\u010diavimas. Antrojoje dalyje pateiktas keli\u0173 kintam\u0173j\u0173 funkcij\u0173 integralinis skai\u010diavimas, paprastosios diferencialin\u0117s lygtys, eilut\u0117s, lauko teorijos elementai, optimizavimo pradmenys. Teorija knygoje iliustruota i\u0161spr\u0119stais pavyzd\u017eiais, kiekvieno skyriaus pabaigoje pateikta u\u017edavini\u0173, kuriuos si\u016blome studentams i\u0161spr\u0119sti savaranki\u0161kai. J\u0173 paskirtis &#8211; ne tiek sudaryti sprendimo \u012fg\u016bd\u017eius, kiek i\u0161mokyti taikyti teorij\u0105.<\/p>\n","protected":false},"featured_media":16600,"comment_status":"open","ping_status":"closed","template":"","meta":{"_acf_changed":false,"site-sidebar-layout":"default","site-content-layout":"","ast-site-content-layout":"default","site-content-style":"default","site-sidebar-style":"default","ast-global-header-display":"","ast-banner-title-visibility":"","ast-main-header-display":"","ast-hfb-above-header-display":"","ast-hfb-below-header-display":"","ast-hfb-mobile-header-display":"","site-post-title":"","ast-breadcrumbs-content":"","ast-featured-img":"","footer-sml-layout":"","ast-disable-related-posts":"","theme-transparent-header-meta":"default","adv-header-id-meta":"","stick-header-meta":"","header-above-stick-meta":"","header-main-stick-meta":"","header-below-stick-meta":"","astra-migrate-meta-layouts":"set","ast-page-background-enabled":"default","ast-page-background-meta":{"desktop":{"background-color":"","background-image":"","background-repeat":"repeat","background-position":"center center","background-size":"auto","background-attachment":"scroll","background-type":"","background-media":"","overlay-type":"","overlay-color":"","overlay-opacity":"","overlay-gradient":""},"tablet":{"background-color":"","background-image":"","background-repeat":"repeat","background-position":"center center","background-size":"auto","background-attachment":"scroll","background-type":"","background-media":"","overlay-type":"","overlay-color":"","overlay-opacity":"","overlay-gradient":""},"mobile":{"background-color":"","background-image":"","background-repeat":"repeat","background-position":"center center","background-size":"auto","background-attachment":"scroll","background-type":"","background-media":"","overlay-type":"","overlay-color":"","overlay-opacity":"","overlay-gradient":""}},"ast-content-background-meta":{"desktop":{"background-color":"var(--ast-global-color-4)","background-image":"","background-repeat":"repeat","background-position":"center center","background-size":"auto","background-attachment":"scroll","background-type":"","background-media":"","overlay-type":"","overlay-color":"","overlay-opacity":"","overlay-gradient":""},"tablet":{"background-color":"var(--ast-global-color-4)","background-image":"","background-repeat":"repeat","background-position":"center center","background-size":"auto","background-attachment":"scroll","background-type":"","background-media":"","overlay-type":"","overlay-color":"","overlay-opacity":"","overlay-gradient":""},"mobile":{"background-color":"var(--ast-global-color-4)","background-image":"","background-repeat":"repeat","background-position":"center center","background-size":"auto","background-attachment":"scroll","background-type":"","background-media":"","overlay-type":"","overlay-color":"","overlay-opacity":"","overlay-gradient":""}}},"product_brand":[],"product_cat":[9850,269],"product_tag":[],"class_list":{"0":"post-16599","1":"product","2":"type-product","3":"status-publish","4":"has-post-thumbnail","6":"product_cat-fizika-chemija-matematika","7":"product_cat-gamtos-mokslai","8":"desktop-align-left","9":"tablet-align-left","10":"mobile-align-left","12":"first","13":"outofstock","14":"shipping-taxable","15":"purchasable","16":"product-type-simple"},"acf":[],"yoast_head":"<!-- This site is optimized with the Yoast SEO plugin v27.0 - https:\/\/yoast.com\/product\/yoast-seo-wordpress\/ -->\n<title>Diferencialinis ir integralinis skai\u010diavimas, 1 dalis<\/title>\n<meta name=\"description\" content=\"Vadov\u0117lis\u00a0&quot;Diferencialinis ir integralinis skai\u010diavimas. 1 dalis&quot;\u00a0- skirtas auk\u0161t\u0173j\u0173 technikos mokykl\u0173 studentams. Jo pagrindas yra matematin\u0117s analiz\u0117s\" \/>\n<meta name=\"robots\" content=\"index, follow, max-snippet:-1, max-image-preview:large, max-video-preview:-1\" \/>\n<link rel=\"canonical\" href=\"https:\/\/skaitytaknyga.lt\/en\/produktas\/diferencialinis-ir-integralinis-skaiciavimas-1-dalis\/\" \/>\n<meta property=\"og:locale\" content=\"en_GB\" \/>\n<meta property=\"og:locale:alternate\" content=\"lt_LT\" \/>\n<meta property=\"og:type\" content=\"article\" \/>\n<meta property=\"og:title\" content=\"Diferencialinis ir integralinis skai\u010diavimas, 1 dalis\" \/>\n<meta property=\"og:description\" content=\"Vadov\u0117lis\u00a0&quot;Diferencialinis ir integralinis skai\u010diavimas. 1 dalis&quot;\u00a0- skirtas auk\u0161t\u0173j\u0173 technikos mokykl\u0173 studentams. Jo pagrindas yra matematin\u0117s analiz\u0117s\" \/>\n<meta property=\"og:url\" content=\"https:\/\/skaitytaknyga.lt\/en\/produktas\/diferencialinis-ir-integralinis-skaiciavimas-1-dalis\/\" \/>\n<meta property=\"og:site_name\" content=\"Skaitytaknyga\" \/>\n<meta property=\"article:publisher\" content=\"https:\/\/www.facebook.com\/skaitytaknyga\/\" \/>\n<meta property=\"article:modified_time\" content=\"2026-03-18T10:59:40+00:00\" \/>\n<meta property=\"og:image\" content=\"https:\/\/skaitytaknyga.lt\/wp-content\/uploads\/2025\/02\/Diferencialinis-ir-integralinis-skaiciavimas-1-dalis.png\" \/>\n\t<meta property=\"og:image:width\" content=\"218\" \/>\n\t<meta property=\"og:image:height\" content=\"312\" \/>\n\t<meta property=\"og:image:type\" content=\"image\/png\" \/>\n<meta name=\"twitter:card\" content=\"summary_large_image\" \/>\n<meta name=\"twitter:label1\" content=\"Estimated reading time\" \/>\n\t<meta name=\"twitter:data1\" content=\"1 minute\" \/>\n<script type=\"application\/ld+json\" class=\"yoast-schema-graph\">{\"@context\":\"https:\/\/schema.org\",\"@graph\":[{\"@type\":\"WebPage\",\"@id\":\"https:\/\/skaitytaknyga.lt\/produktas\/diferencialinis-ir-integralinis-skaiciavimas-1-dalis\/\",\"url\":\"https:\/\/skaitytaknyga.lt\/produktas\/diferencialinis-ir-integralinis-skaiciavimas-1-dalis\/\",\"name\":\"Diferencialinis ir integralinis skai\u010diavimas, 1 dalis\",\"isPartOf\":{\"@id\":\"https:\/\/skaitytaknyga.lt\/#website\"},\"primaryImageOfPage\":{\"@id\":\"https:\/\/skaitytaknyga.lt\/produktas\/diferencialinis-ir-integralinis-skaiciavimas-1-dalis\/#primaryimage\"},\"image\":{\"@id\":\"https:\/\/skaitytaknyga.lt\/produktas\/diferencialinis-ir-integralinis-skaiciavimas-1-dalis\/#primaryimage\"},\"thumbnailUrl\":\"https:\/\/skaitytaknyga.lt\/wp-content\/uploads\/2025\/02\/Diferencialinis-ir-integralinis-skaiciavimas-1-dalis.png\",\"datePublished\":\"2025-02-03T09:29:23+00:00\",\"dateModified\":\"2026-03-18T10:59:40+00:00\",\"description\":\"Vadov\u0117lis\u00a0\\\"Diferencialinis ir integralinis skai\u010diavimas. 1 dalis\\\"\u00a0- skirtas auk\u0161t\u0173j\u0173 technikos mokykl\u0173 studentams. Jo pagrindas yra matematin\u0117s analiz\u0117s\",\"breadcrumb\":{\"@id\":\"https:\/\/skaitytaknyga.lt\/produktas\/diferencialinis-ir-integralinis-skaiciavimas-1-dalis\/#breadcrumb\"},\"inLanguage\":\"en-GB\",\"potentialAction\":[{\"@type\":\"ReadAction\",\"target\":[\"https:\/\/skaitytaknyga.lt\/produktas\/diferencialinis-ir-integralinis-skaiciavimas-1-dalis\/\"]}]},{\"@type\":\"ImageObject\",\"inLanguage\":\"en-GB\",\"@id\":\"https:\/\/skaitytaknyga.lt\/produktas\/diferencialinis-ir-integralinis-skaiciavimas-1-dalis\/#primaryimage\",\"url\":\"https:\/\/skaitytaknyga.lt\/wp-content\/uploads\/2025\/02\/Diferencialinis-ir-integralinis-skaiciavimas-1-dalis.png\",\"contentUrl\":\"https:\/\/skaitytaknyga.lt\/wp-content\/uploads\/2025\/02\/Diferencialinis-ir-integralinis-skaiciavimas-1-dalis.png\",\"width\":218,\"height\":312,\"caption\":\"Diferencialinis ir integralinis skai\u010diavimas, 1 dalis\"},{\"@type\":\"BreadcrumbList\",\"@id\":\"https:\/\/skaitytaknyga.lt\/produktas\/diferencialinis-ir-integralinis-skaiciavimas-1-dalis\/#breadcrumb\",\"itemListElement\":[{\"@type\":\"ListItem\",\"position\":1,\"name\":\"Home\",\"item\":\"https:\/\/skaitytaknyga.lt\/\"},{\"@type\":\"ListItem\",\"position\":2,\"name\":\"Parduotuv\u0117\",\"item\":\"https:\/\/skaitytaknyga.lt\/knygu-parduotuve\/\"},{\"@type\":\"ListItem\",\"position\":3,\"name\":\"Diferencialinis ir integralinis skai\u010diavimas, 1 dalis\"}]},{\"@type\":\"WebSite\",\"@id\":\"https:\/\/skaitytaknyga.lt\/#website\",\"url\":\"https:\/\/skaitytaknyga.lt\/\",\"name\":\"skaitytaknyga.lt\",\"description\":\"Skaitytaknyga.lt \u2013 tai ma\u017eas \u0161eimos verslas, kuris prasid\u0117jo nuo meil\u0117s knygoms ir siekio i\u0161gelb\u0117ti knygas nuo likimo prie konteinerio. Kas vienam nereikalingas daiktas \u2013 kitam lobis, o mes esame tarpininkai, kurie padeda abiems tapti laimingesniems ???? \u017dinome kaip nelengva i\u0161gyventi ma\u017eiems verslams, tad nuo \u0161iol, \u010dia rasite ir kit\u0173, ma\u017e\u0173 \u0161eim\u0173 versl\u0173, rank\u0173 darbo, dovan\u0173 sau ir artimiesiems.\",\"publisher\":{\"@id\":\"https:\/\/skaitytaknyga.lt\/#organization\"},\"potentialAction\":[{\"@type\":\"SearchAction\",\"target\":{\"@type\":\"EntryPoint\",\"urlTemplate\":\"https:\/\/skaitytaknyga.lt\/?s={search_term_string}\"},\"query-input\":{\"@type\":\"PropertyValueSpecification\",\"valueRequired\":true,\"valueName\":\"search_term_string\"}}],\"inLanguage\":\"en-GB\"},{\"@type\":\"Organization\",\"@id\":\"https:\/\/skaitytaknyga.lt\/#organization\",\"name\":\"skaitytaknyga.lt\",\"url\":\"https:\/\/skaitytaknyga.lt\/\",\"logo\":{\"@type\":\"ImageObject\",\"inLanguage\":\"en-GB\",\"@id\":\"https:\/\/skaitytaknyga.lt\/#\/schema\/logo\/image\/\",\"url\":\"https:\/\/skaitytaknyga.lt\/wp-content\/uploads\/2024\/05\/cropped-cropped-cropped-02_00843_jt3bggkj1j3HLc7SyY6rEUpg.jpeg\",\"contentUrl\":\"https:\/\/skaitytaknyga.lt\/wp-content\/uploads\/2024\/05\/cropped-cropped-cropped-02_00843_jt3bggkj1j3HLc7SyY6rEUpg.jpeg\",\"width\":1600,\"height\":1600,\"caption\":\"skaitytaknyga.lt\"},\"image\":{\"@id\":\"https:\/\/skaitytaknyga.lt\/#\/schema\/logo\/image\/\"},\"sameAs\":[\"https:\/\/www.facebook.com\/skaitytaknyga\/\"]}]}<\/script>\n<!-- \/ Yoast SEO plugin. -->","yoast_head_json":{"title":"Diferencialinis ir integralinis skai\u010diavimas, 1 dalis","description":"Vadov\u0117lis\u00a0\"Diferencialinis ir integralinis skai\u010diavimas. 1 dalis\"\u00a0- skirtas auk\u0161t\u0173j\u0173 technikos mokykl\u0173 studentams. Jo pagrindas yra matematin\u0117s analiz\u0117s","robots":{"index":"index","follow":"follow","max-snippet":"max-snippet:-1","max-image-preview":"max-image-preview:large","max-video-preview":"max-video-preview:-1"},"canonical":"https:\/\/skaitytaknyga.lt\/en\/produktas\/diferencialinis-ir-integralinis-skaiciavimas-1-dalis\/","og_locale":"en_GB","og_type":"article","og_title":"[:lt]Diferencialinis ir integralinis skai\u010diavimas, 1 dalis[:] - Skaitytaknyga","og_description":"Vadov\u0117lis\u00a0\"Diferencialinis ir integralinis skai\u010diavimas. 1 dalis\"\u00a0- skirtas auk\u0161t\u0173j\u0173 technikos mokykl\u0173 studentams. Jo pagrindas yra matematin\u0117s analiz\u0117s","og_url":"https:\/\/skaitytaknyga.lt\/en\/produktas\/diferencialinis-ir-integralinis-skaiciavimas-1-dalis\/","og_site_name":"Skaitytaknyga","article_publisher":"https:\/\/www.facebook.com\/skaitytaknyga\/","article_modified_time":"2026-03-18T10:59:40+00:00","og_image":[{"width":218,"height":312,"url":"https:\/\/skaitytaknyga.lt\/wp-content\/uploads\/2025\/02\/Diferencialinis-ir-integralinis-skaiciavimas-1-dalis.png","type":"image\/png"}],"twitter_card":"summary_large_image","twitter_misc":{"Estimated reading time":"1 minute"},"schema":{"@context":"https:\/\/schema.org","@graph":[{"@type":"WebPage","@id":"https:\/\/skaitytaknyga.lt\/produktas\/diferencialinis-ir-integralinis-skaiciavimas-1-dalis\/","url":"https:\/\/skaitytaknyga.lt\/produktas\/diferencialinis-ir-integralinis-skaiciavimas-1-dalis\/","name":"Diferencialinis ir integralinis skai\u010diavimas, 1 dalis","isPartOf":{"@id":"https:\/\/skaitytaknyga.lt\/#website"},"primaryImageOfPage":{"@id":"https:\/\/skaitytaknyga.lt\/produktas\/diferencialinis-ir-integralinis-skaiciavimas-1-dalis\/#primaryimage"},"image":{"@id":"https:\/\/skaitytaknyga.lt\/produktas\/diferencialinis-ir-integralinis-skaiciavimas-1-dalis\/#primaryimage"},"thumbnailUrl":"https:\/\/skaitytaknyga.lt\/wp-content\/uploads\/2025\/02\/Diferencialinis-ir-integralinis-skaiciavimas-1-dalis.png","datePublished":"2025-02-03T09:29:23+00:00","dateModified":"2026-03-18T10:59:40+00:00","description":"Vadov\u0117lis\u00a0\"Diferencialinis ir integralinis skai\u010diavimas. 1 dalis\"\u00a0- skirtas auk\u0161t\u0173j\u0173 technikos mokykl\u0173 studentams. Jo pagrindas yra matematin\u0117s analiz\u0117s","breadcrumb":{"@id":"https:\/\/skaitytaknyga.lt\/produktas\/diferencialinis-ir-integralinis-skaiciavimas-1-dalis\/#breadcrumb"},"inLanguage":"en-GB","potentialAction":[{"@type":"ReadAction","target":["https:\/\/skaitytaknyga.lt\/produktas\/diferencialinis-ir-integralinis-skaiciavimas-1-dalis\/"]}]},{"@type":"ImageObject","inLanguage":"en-GB","@id":"https:\/\/skaitytaknyga.lt\/produktas\/diferencialinis-ir-integralinis-skaiciavimas-1-dalis\/#primaryimage","url":"https:\/\/skaitytaknyga.lt\/wp-content\/uploads\/2025\/02\/Diferencialinis-ir-integralinis-skaiciavimas-1-dalis.png","contentUrl":"https:\/\/skaitytaknyga.lt\/wp-content\/uploads\/2025\/02\/Diferencialinis-ir-integralinis-skaiciavimas-1-dalis.png","width":218,"height":312,"caption":"Diferencialinis ir integralinis skai\u010diavimas, 1 dalis"},{"@type":"BreadcrumbList","@id":"https:\/\/skaitytaknyga.lt\/produktas\/diferencialinis-ir-integralinis-skaiciavimas-1-dalis\/#breadcrumb","itemListElement":[{"@type":"ListItem","position":1,"name":"Home","item":"https:\/\/skaitytaknyga.lt\/"},{"@type":"ListItem","position":2,"name":"Parduotuv\u0117","item":"https:\/\/skaitytaknyga.lt\/knygu-parduotuve\/"},{"@type":"ListItem","position":3,"name":"Diferencialinis ir integralinis skai\u010diavimas, 1 dalis"}]},{"@type":"WebSite","@id":"https:\/\/skaitytaknyga.lt\/#website","url":"https:\/\/skaitytaknyga.lt\/","name":"skaitytaknyga.lt","description":"Skaitytaknyga.lt \u2013 tai ma\u017eas \u0161eimos verslas, kuris prasid\u0117jo nuo meil\u0117s knygoms ir siekio i\u0161gelb\u0117ti knygas nuo likimo prie konteinerio. Kas vienam nereikalingas daiktas \u2013 kitam lobis, o mes esame tarpininkai, kurie padeda abiems tapti laimingesniems ???? \u017dinome kaip nelengva i\u0161gyventi ma\u017eiems verslams, tad nuo \u0161iol, \u010dia rasite ir kit\u0173, ma\u017e\u0173 \u0161eim\u0173 versl\u0173, rank\u0173 darbo, dovan\u0173 sau ir artimiesiems.","publisher":{"@id":"https:\/\/skaitytaknyga.lt\/#organization"},"potentialAction":[{"@type":"SearchAction","target":{"@type":"EntryPoint","urlTemplate":"https:\/\/skaitytaknyga.lt\/?s={search_term_string}"},"query-input":{"@type":"PropertyValueSpecification","valueRequired":true,"valueName":"search_term_string"}}],"inLanguage":"en-GB"},{"@type":"Organization","@id":"https:\/\/skaitytaknyga.lt\/#organization","name":"skaitytaknyga.lt","url":"https:\/\/skaitytaknyga.lt\/","logo":{"@type":"ImageObject","inLanguage":"en-GB","@id":"https:\/\/skaitytaknyga.lt\/#\/schema\/logo\/image\/","url":"https:\/\/skaitytaknyga.lt\/wp-content\/uploads\/2024\/05\/cropped-cropped-cropped-02_00843_jt3bggkj1j3HLc7SyY6rEUpg.jpeg","contentUrl":"https:\/\/skaitytaknyga.lt\/wp-content\/uploads\/2024\/05\/cropped-cropped-cropped-02_00843_jt3bggkj1j3HLc7SyY6rEUpg.jpeg","width":1600,"height":1600,"caption":"skaitytaknyga.lt"},"image":{"@id":"https:\/\/skaitytaknyga.lt\/#\/schema\/logo\/image\/"},"sameAs":["https:\/\/www.facebook.com\/skaitytaknyga\/"]}]}},"_links":{"self":[{"href":"https:\/\/skaitytaknyga.lt\/en\/wp-json\/wp\/v2\/product\/16599","targetHints":{"allow":["GET"]}}],"collection":[{"href":"https:\/\/skaitytaknyga.lt\/en\/wp-json\/wp\/v2\/product"}],"about":[{"href":"https:\/\/skaitytaknyga.lt\/en\/wp-json\/wp\/v2\/types\/product"}],"replies":[{"embeddable":true,"href":"https:\/\/skaitytaknyga.lt\/en\/wp-json\/wp\/v2\/comments?post=16599"}],"wp:featuredmedia":[{"embeddable":true,"href":"https:\/\/skaitytaknyga.lt\/en\/wp-json\/wp\/v2\/media\/16600"}],"wp:attachment":[{"href":"https:\/\/skaitytaknyga.lt\/en\/wp-json\/wp\/v2\/media?parent=16599"}],"wp:term":[{"taxonomy":"product_brand","embeddable":true,"href":"https:\/\/skaitytaknyga.lt\/en\/wp-json\/wp\/v2\/product_brand?post=16599"},{"taxonomy":"product_cat","embeddable":true,"href":"https:\/\/skaitytaknyga.lt\/en\/wp-json\/wp\/v2\/product_cat?post=16599"},{"taxonomy":"product_tag","embeddable":true,"href":"https:\/\/skaitytaknyga.lt\/en\/wp-json\/wp\/v2\/product_tag?post=16599"}],"curies":[{"name":"wp","href":"https:\/\/api.w.org\/{rel}","templated":true}]}}