{"id":16593,"date":"2025-02-03T10:45:17","date_gmt":"2025-02-03T08:45:17","guid":{"rendered":"https:\/\/skaitytaknyga.lt\/?post_type=product&#038;p=16593"},"modified":"2025-05-24T20:58:47","modified_gmt":"2025-05-24T17:58:47","slug":"prarasto-laiko-nebuna","status":"publish","type":"product","link":"https:\/\/skaitytaknyga.lt\/en\/produktas\/prarasto-laiko-nebuna\/","title":{"rendered":"Prarasto laiko neb\u016bna"},"content":{"rendered":"<p>\u0160ioje knygoje, kuri\u0105 pats autorius vadina \u201etik studenti\u0161ko gyvenimo ir studij\u0173 draug\u0173 portret\u0173 eskizais\u201c, vaizduojamas septintojo de\u0161imtme\u010dio akademinis ir kult\u016brinis gyvenimas, gyvai pie\u0161iami tos kartos lituanist\u0173 \u2013 da\u017enai tragi\u0161kojo likimo, anksti i\u0161\u0117jusi\u0173 poet\u0173, ra\u0161ytoj\u0173, mokslinink\u0173 portretai: Antano Masionio, Vido Marcinkevi\u010diaus, Broniaus Radzevi\u010diaus, Leonido Jacinevi\u010diaus, Vinco Kuzmicko, prof. Jono Kazlausko. Netiesiogiai pasakojime i\u0161kyla ry\u0161k\u016bs kit\u0173 autoriaus kurso draug\u0173, ypa\u010d Rimanto \u0160avelio, paveikslai.<\/p>\n<p>\u0160ia knyga autorius tarsi atsisveikina \u201esu tuo gra\u017eiu ir nuod\u0117mingu, baisiu laiku\u201c, kuriam priklaus\u0117 jo karta, kai kuri\u0173 intelektual\u0173 vadinama prarast\u0105ja, neteisdamas jos ir nesmerkdamas, bet stengdamasis suprasti. Tas \u012fd\u0117mus ir supratingas autoriaus \u017evilgsnis labiausiai ir \u017eavi.<\/p>\n<ul class=\"about-product d-none d-xl-block mt-4\">\n<li><strong>Autorius:<\/strong>\u00a0Laimonas Tapinas<\/li>\n<li><strong>Metai:<\/strong>\u00a02004<\/li>\n<li><strong>Puslapiai:<\/strong>\u00a0288<\/li>\n<li class=\"toggleable type-new-formats \"><strong>ISBN:<\/strong>\u00a09789955084358<\/li>\n<li class=\"toggleable type-new-formats \"><strong>Formatas:<\/strong>\u00a014,5 x 24 cm, kieti vir\u0161eliai<\/li>\n<li><strong>Kalba:<\/strong>\u00a0Lietuvi\u0173<\/li>\n<\/ul>\n","protected":false},"excerpt":{"rendered":"<p>\u0160ioje knygoje, kuri\u0105 pats autorius vadina \u201etik studenti\u0161ko gyvenimo ir studij\u0173 draug\u0173 portret\u0173 eskizais\u201c, vaizduojamas septintojo de\u0161imtme\u010dio akademinis ir kult\u016brinis gyvenimas, gyvai pie\u0161iami tos kartos lituanist\u0173 \u2013 da\u017enai tragi\u0161kojo likimo, anksti i\u0161\u0117jusi\u0173 poet\u0173, ra\u0161ytoj\u0173, mokslinink\u0173 portretai: Antano Masionio, Vido Marcinkevi\u010diaus, Broniaus Radzevi\u010diaus, Leonido Jacinevi\u010diaus, Vinco Kuzmicko, prof. Jono Kazlausko. Netiesiogiai pasakojime i\u0161kyla ry\u0161k\u016bs kit\u0173 autoriaus kurso draug\u0173, ypa\u010d Rimanto \u0160avelio, paveikslai. \u0160ia knyga autorius tarsi atsisveikina \u201esu tuo gra\u017eiu ir nuod\u0117mingu, baisiu laiku\u201c, kuriam priklaus\u0117 jo karta, kai kuri\u0173 intelektual\u0173 vadinama prarast\u0105ja, neteisdamas jos ir nesmerkdamas, bet stengdamasis suprasti. Tas \u012fd\u0117mus ir supratingas autoriaus \u017evilgsnis labiausiai ir \u017eavi. Autorius:\u00a0Laimonas Tapinas Metai:\u00a02004 Puslapiai:\u00a0288 ISBN:\u00a09789955084358 Formatas:\u00a014,5 x 24 cm, kieti vir\u0161eliai Kalba:\u00a0Lietuvi\u0173<\/p>\n","protected":false},"featured_media":16594,"comment_status":"closed","ping_status":"closed","template":"","meta":{"_acf_changed":false,"site-sidebar-layout":"default","site-content-layout":"","ast-site-content-layout":"default","site-content-style":"default","site-sidebar-style":"default","ast-global-header-display":"","ast-banner-title-visibility":"","ast-main-header-display":"","ast-hfb-above-header-display":"","ast-hfb-below-header-display":"","ast-hfb-mobile-header-display":"","site-post-title":"","ast-breadcrumbs-content":"","ast-featured-img":"","footer-sml-layout":"","ast-disable-related-posts":"","theme-transparent-header-meta":"default","adv-header-id-meta":"","stick-header-meta":"","header-above-stick-meta":"","header-main-stick-meta":"","header-below-stick-meta":"","astra-migrate-meta-layouts":"set","ast-page-background-enabled":"default","ast-page-background-meta":{"desktop":{"background-color":"","background-image":"","background-repeat":"repeat","background-position":"center center","background-size":"auto","background-attachment":"scroll","background-type":"","background-media":"","overlay-type":"","overlay-color":"","overlay-opacity":"","overlay-gradient":""},"tablet":{"background-color":"","background-image":"","background-repeat":"repeat","background-position":"center center","background-size":"auto","background-attachment":"scroll","background-type":"","background-media":"","overlay-type":"","overlay-color":"","overlay-opacity":"","overlay-gradient":""},"mobile":{"background-color":"","background-image":"","background-repeat":"repeat","background-position":"center center","background-size":"auto","background-attachment":"scroll","background-type":"","background-media":"","overlay-type":"","overlay-color":"","overlay-opacity":"","overlay-gradient":""}},"ast-content-background-meta":{"desktop":{"background-color":"var(--ast-global-color-4)","background-image":"","background-repeat":"repeat","background-position":"center center","background-size":"auto","background-attachment":"scroll","background-type":"","background-media":"","overlay-type":"","overlay-color":"","overlay-opacity":"","overlay-gradient":""},"tablet":{"background-color":"var(--ast-global-color-4)","background-image":"","background-repeat":"repeat","background-position":"center center","background-size":"auto","background-attachment":"scroll","background-type":"","background-media":"","overlay-type":"","overlay-color":"","overlay-opacity":"","overlay-gradient":""},"mobile":{"background-color":"var(--ast-global-color-4)","background-image":"","background-repeat":"repeat","background-position":"center center","background-size":"auto","background-attachment":"scroll","background-type":"","background-media":"","overlay-type":"","overlay-color":"","overlay-opacity":"","overlay-gradient":""}}},"product_brand":[],"product_cat":[33],"product_tag":[1349,3962,2376,1492,4320,4319,2969],"class_list":{"0":"post-16593","1":"product","2":"type-product","3":"status-publish","4":"has-post-thumbnail","6":"product_cat-biografijos","7":"product_tag-atsiminimai","8":"product_tag-intelektualai","9":"product_tag-kultura","10":"product_tag-literatura","11":"product_tag-portretai","12":"product_tag-prarasto-laiko-nebuna","13":"product_tag-viktorija-daujotyte","14":"desktop-align-left","15":"tablet-align-left","16":"mobile-align-left","18":"first","19":"instock","20":"shipping-taxable","21":"purchasable","22":"product-type-simple"},"acf":[],"yoast_head":"<!-- This site is optimized with the Yoast SEO plugin v27.4 - https:\/\/yoast.com\/product\/yoast-seo-wordpress\/ -->\n<title>Prarasto laiko neb\u016bna<\/title>\n<meta name=\"description\" content=\"\u0160ioje knygoje, kuri\u0105 pats autorius vadina \u201etik studenti\u0161ko gyvenimo ir studij\u0173 draug\u0173 portret\u0173 eskizais\u201c, vaizduojamas septintojo de\u0161imtme\u010dio akademinis\" \/>\n<meta name=\"robots\" content=\"index, follow, max-snippet:-1, max-image-preview:large, max-video-preview:-1\" \/>\n<link rel=\"canonical\" href=\"https:\/\/skaitytaknyga.lt\/en\/produktas\/prarasto-laiko-nebuna\/\" \/>\n<meta property=\"og:locale\" content=\"en_GB\" \/>\n<meta property=\"og:locale:alternate\" content=\"lt_LT\" \/>\n<meta property=\"og:type\" content=\"article\" \/>\n<meta property=\"og:title\" content=\"Prarasto laiko neb\u016bna\" \/>\n<meta property=\"og:description\" content=\"\u0160ioje knygoje, kuri\u0105 pats autorius vadina \u201etik studenti\u0161ko gyvenimo ir studij\u0173 draug\u0173 portret\u0173 eskizais\u201c, vaizduojamas septintojo de\u0161imtme\u010dio akademinis\" \/>\n<meta property=\"og:url\" content=\"https:\/\/skaitytaknyga.lt\/en\/produktas\/prarasto-laiko-nebuna\/\" \/>\n<meta property=\"og:site_name\" content=\"Skaitytaknyga\" \/>\n<meta property=\"article:publisher\" content=\"https:\/\/www.facebook.com\/skaitytaknyga\/\" \/>\n<meta property=\"article:modified_time\" content=\"2025-05-24T17:58:47+00:00\" \/>\n<meta property=\"og:image\" content=\"https:\/\/skaitytaknyga.lt\/wp-content\/uploads\/2025\/02\/Prarasto-laiko-nebuna.webp\" \/>\n\t<meta property=\"og:image:width\" content=\"309\" \/>\n\t<meta property=\"og:image:height\" content=\"515\" \/>\n\t<meta property=\"og:image:type\" content=\"image\/webp\" \/>\n<meta name=\"twitter:card\" content=\"summary_large_image\" \/>\n<meta name=\"twitter:label1\" content=\"Estimated reading time\" \/>\n\t<meta name=\"twitter:data1\" content=\"1 minute\" \/>\n<script type=\"application\/ld+json\" class=\"yoast-schema-graph\">{\"@context\":\"https:\\\/\\\/schema.org\",\"@graph\":[{\"@type\":\"WebPage\",\"@id\":\"https:\\\/\\\/skaitytaknyga.lt\\\/produktas\\\/prarasto-laiko-nebuna\\\/\",\"url\":\"https:\\\/\\\/skaitytaknyga.lt\\\/produktas\\\/prarasto-laiko-nebuna\\\/\",\"name\":\"Prarasto laiko neb\u016bna\",\"isPartOf\":{\"@id\":\"https:\\\/\\\/skaitytaknyga.lt\\\/#website\"},\"primaryImageOfPage\":{\"@id\":\"https:\\\/\\\/skaitytaknyga.lt\\\/produktas\\\/prarasto-laiko-nebuna\\\/#primaryimage\"},\"image\":{\"@id\":\"https:\\\/\\\/skaitytaknyga.lt\\\/produktas\\\/prarasto-laiko-nebuna\\\/#primaryimage\"},\"thumbnailUrl\":\"https:\\\/\\\/skaitytaknyga.lt\\\/wp-content\\\/uploads\\\/2025\\\/02\\\/Prarasto-laiko-nebuna.webp\",\"datePublished\":\"2025-02-03T08:45:17+00:00\",\"dateModified\":\"2025-05-24T17:58:47+00:00\",\"description\":\"\u0160ioje knygoje, kuri\u0105 pats autorius vadina \u201etik studenti\u0161ko gyvenimo ir studij\u0173 draug\u0173 portret\u0173 eskizais\u201c, vaizduojamas septintojo de\u0161imtme\u010dio akademinis\",\"breadcrumb\":{\"@id\":\"https:\\\/\\\/skaitytaknyga.lt\\\/produktas\\\/prarasto-laiko-nebuna\\\/#breadcrumb\"},\"inLanguage\":\"en-GB\",\"potentialAction\":[{\"@type\":\"ReadAction\",\"target\":[\"https:\\\/\\\/skaitytaknyga.lt\\\/produktas\\\/prarasto-laiko-nebuna\\\/\"]}]},{\"@type\":\"ImageObject\",\"inLanguage\":\"en-GB\",\"@id\":\"https:\\\/\\\/skaitytaknyga.lt\\\/produktas\\\/prarasto-laiko-nebuna\\\/#primaryimage\",\"url\":\"https:\\\/\\\/skaitytaknyga.lt\\\/wp-content\\\/uploads\\\/2025\\\/02\\\/Prarasto-laiko-nebuna.webp\",\"contentUrl\":\"https:\\\/\\\/skaitytaknyga.lt\\\/wp-content\\\/uploads\\\/2025\\\/02\\\/Prarasto-laiko-nebuna.webp\",\"width\":309,\"height\":515,\"caption\":\"Prarasto laiko neb\u016bna\"},{\"@type\":\"BreadcrumbList\",\"@id\":\"https:\\\/\\\/skaitytaknyga.lt\\\/produktas\\\/prarasto-laiko-nebuna\\\/#breadcrumb\",\"itemListElement\":[{\"@type\":\"ListItem\",\"position\":1,\"name\":\"Home\",\"item\":\"https:\\\/\\\/skaitytaknyga.lt\\\/\"},{\"@type\":\"ListItem\",\"position\":2,\"name\":\"Parduotuv\u0117\",\"item\":\"https:\\\/\\\/skaitytaknyga.lt\\\/knygu-parduotuve\\\/\"},{\"@type\":\"ListItem\",\"position\":3,\"name\":\"Prarasto laiko neb\u016bna\"}]},{\"@type\":\"WebSite\",\"@id\":\"https:\\\/\\\/skaitytaknyga.lt\\\/#website\",\"url\":\"https:\\\/\\\/skaitytaknyga.lt\\\/\",\"name\":\"skaitytaknyga.lt\",\"description\":\"Skaitytaknyga.lt \u2013 tai ma\u017eas \u0161eimos verslas, kuris prasid\u0117jo nuo meil\u0117s knygoms ir siekio i\u0161gelb\u0117ti knygas nuo likimo prie konteinerio. Kas vienam nereikalingas daiktas \u2013 kitam lobis, o mes esame tarpininkai, kurie padeda abiems tapti laimingesniems ???? \u017dinome kaip nelengva i\u0161gyventi ma\u017eiems verslams, tad nuo \u0161iol, \u010dia rasite ir kit\u0173, ma\u017e\u0173 \u0161eim\u0173 versl\u0173, rank\u0173 darbo, dovan\u0173 sau ir artimiesiems.\",\"publisher\":{\"@id\":\"https:\\\/\\\/skaitytaknyga.lt\\\/#organization\"},\"potentialAction\":[{\"@type\":\"SearchAction\",\"target\":{\"@type\":\"EntryPoint\",\"urlTemplate\":\"https:\\\/\\\/skaitytaknyga.lt\\\/?s={search_term_string}\"},\"query-input\":{\"@type\":\"PropertyValueSpecification\",\"valueRequired\":true,\"valueName\":\"search_term_string\"}}],\"inLanguage\":\"en-GB\"},{\"@type\":\"Organization\",\"@id\":\"https:\\\/\\\/skaitytaknyga.lt\\\/#organization\",\"name\":\"skaitytaknyga.lt\",\"url\":\"https:\\\/\\\/skaitytaknyga.lt\\\/\",\"logo\":{\"@type\":\"ImageObject\",\"inLanguage\":\"en-GB\",\"@id\":\"https:\\\/\\\/skaitytaknyga.lt\\\/#\\\/schema\\\/logo\\\/image\\\/\",\"url\":\"https:\\\/\\\/skaitytaknyga.lt\\\/wp-content\\\/uploads\\\/2024\\\/05\\\/cropped-cropped-cropped-02_00843_jt3bggkj1j3HLc7SyY6rEUpg.jpeg\",\"contentUrl\":\"https:\\\/\\\/skaitytaknyga.lt\\\/wp-content\\\/uploads\\\/2024\\\/05\\\/cropped-cropped-cropped-02_00843_jt3bggkj1j3HLc7SyY6rEUpg.jpeg\",\"width\":1600,\"height\":1600,\"caption\":\"skaitytaknyga.lt\"},\"image\":{\"@id\":\"https:\\\/\\\/skaitytaknyga.lt\\\/#\\\/schema\\\/logo\\\/image\\\/\"},\"sameAs\":[\"https:\\\/\\\/www.facebook.com\\\/skaitytaknyga\\\/\"]}]}<\/script>\n<!-- \/ Yoast SEO plugin. -->","yoast_head_json":{"title":"Prarasto laiko neb\u016bna","description":"\u0160ioje knygoje, kuri\u0105 pats autorius vadina \u201etik studenti\u0161ko gyvenimo ir studij\u0173 draug\u0173 portret\u0173 eskizais\u201c, vaizduojamas septintojo de\u0161imtme\u010dio akademinis","robots":{"index":"index","follow":"follow","max-snippet":"max-snippet:-1","max-image-preview":"max-image-preview:large","max-video-preview":"max-video-preview:-1"},"canonical":"https:\/\/skaitytaknyga.lt\/en\/produktas\/prarasto-laiko-nebuna\/","og_locale":"en_GB","og_type":"article","og_title":"[:lt]Prarasto laiko neb\u016bna[:] - Skaitytaknyga","og_description":"\u0160ioje knygoje, kuri\u0105 pats autorius vadina \u201etik studenti\u0161ko gyvenimo ir studij\u0173 draug\u0173 portret\u0173 eskizais\u201c, vaizduojamas septintojo de\u0161imtme\u010dio akademinis","og_url":"https:\/\/skaitytaknyga.lt\/en\/produktas\/prarasto-laiko-nebuna\/","og_site_name":"Skaitytaknyga","article_publisher":"https:\/\/www.facebook.com\/skaitytaknyga\/","article_modified_time":"2025-05-24T17:58:47+00:00","og_image":[{"width":309,"height":515,"url":"https:\/\/skaitytaknyga.lt\/wp-content\/uploads\/2025\/02\/Prarasto-laiko-nebuna.webp","type":"image\/webp"}],"twitter_card":"summary_large_image","twitter_misc":{"Estimated reading time":"1 minute"},"schema":{"@context":"https:\/\/schema.org","@graph":[{"@type":"WebPage","@id":"https:\/\/skaitytaknyga.lt\/produktas\/prarasto-laiko-nebuna\/","url":"https:\/\/skaitytaknyga.lt\/produktas\/prarasto-laiko-nebuna\/","name":"Prarasto laiko neb\u016bna","isPartOf":{"@id":"https:\/\/skaitytaknyga.lt\/#website"},"primaryImageOfPage":{"@id":"https:\/\/skaitytaknyga.lt\/produktas\/prarasto-laiko-nebuna\/#primaryimage"},"image":{"@id":"https:\/\/skaitytaknyga.lt\/produktas\/prarasto-laiko-nebuna\/#primaryimage"},"thumbnailUrl":"https:\/\/skaitytaknyga.lt\/wp-content\/uploads\/2025\/02\/Prarasto-laiko-nebuna.webp","datePublished":"2025-02-03T08:45:17+00:00","dateModified":"2025-05-24T17:58:47+00:00","description":"\u0160ioje knygoje, kuri\u0105 pats autorius vadina \u201etik studenti\u0161ko gyvenimo ir studij\u0173 draug\u0173 portret\u0173 eskizais\u201c, vaizduojamas septintojo de\u0161imtme\u010dio akademinis","breadcrumb":{"@id":"https:\/\/skaitytaknyga.lt\/produktas\/prarasto-laiko-nebuna\/#breadcrumb"},"inLanguage":"en-GB","potentialAction":[{"@type":"ReadAction","target":["https:\/\/skaitytaknyga.lt\/produktas\/prarasto-laiko-nebuna\/"]}]},{"@type":"ImageObject","inLanguage":"en-GB","@id":"https:\/\/skaitytaknyga.lt\/produktas\/prarasto-laiko-nebuna\/#primaryimage","url":"https:\/\/skaitytaknyga.lt\/wp-content\/uploads\/2025\/02\/Prarasto-laiko-nebuna.webp","contentUrl":"https:\/\/skaitytaknyga.lt\/wp-content\/uploads\/2025\/02\/Prarasto-laiko-nebuna.webp","width":309,"height":515,"caption":"Prarasto laiko neb\u016bna"},{"@type":"BreadcrumbList","@id":"https:\/\/skaitytaknyga.lt\/produktas\/prarasto-laiko-nebuna\/#breadcrumb","itemListElement":[{"@type":"ListItem","position":1,"name":"Home","item":"https:\/\/skaitytaknyga.lt\/"},{"@type":"ListItem","position":2,"name":"Parduotuv\u0117","item":"https:\/\/skaitytaknyga.lt\/knygu-parduotuve\/"},{"@type":"ListItem","position":3,"name":"Prarasto laiko neb\u016bna"}]},{"@type":"WebSite","@id":"https:\/\/skaitytaknyga.lt\/#website","url":"https:\/\/skaitytaknyga.lt\/","name":"skaitytaknyga.lt","description":"Skaitytaknyga.lt \u2013 tai ma\u017eas \u0161eimos verslas, kuris prasid\u0117jo nuo meil\u0117s knygoms ir siekio i\u0161gelb\u0117ti knygas nuo likimo prie konteinerio. Kas vienam nereikalingas daiktas \u2013 kitam lobis, o mes esame tarpininkai, kurie padeda abiems tapti laimingesniems ???? \u017dinome kaip nelengva i\u0161gyventi ma\u017eiems verslams, tad nuo \u0161iol, \u010dia rasite ir kit\u0173, ma\u017e\u0173 \u0161eim\u0173 versl\u0173, rank\u0173 darbo, dovan\u0173 sau ir artimiesiems.","publisher":{"@id":"https:\/\/skaitytaknyga.lt\/#organization"},"potentialAction":[{"@type":"SearchAction","target":{"@type":"EntryPoint","urlTemplate":"https:\/\/skaitytaknyga.lt\/?s={search_term_string}"},"query-input":{"@type":"PropertyValueSpecification","valueRequired":true,"valueName":"search_term_string"}}],"inLanguage":"en-GB"},{"@type":"Organization","@id":"https:\/\/skaitytaknyga.lt\/#organization","name":"skaitytaknyga.lt","url":"https:\/\/skaitytaknyga.lt\/","logo":{"@type":"ImageObject","inLanguage":"en-GB","@id":"https:\/\/skaitytaknyga.lt\/#\/schema\/logo\/image\/","url":"https:\/\/skaitytaknyga.lt\/wp-content\/uploads\/2024\/05\/cropped-cropped-cropped-02_00843_jt3bggkj1j3HLc7SyY6rEUpg.jpeg","contentUrl":"https:\/\/skaitytaknyga.lt\/wp-content\/uploads\/2024\/05\/cropped-cropped-cropped-02_00843_jt3bggkj1j3HLc7SyY6rEUpg.jpeg","width":1600,"height":1600,"caption":"skaitytaknyga.lt"},"image":{"@id":"https:\/\/skaitytaknyga.lt\/#\/schema\/logo\/image\/"},"sameAs":["https:\/\/www.facebook.com\/skaitytaknyga\/"]}]}},"_links":{"self":[{"href":"https:\/\/skaitytaknyga.lt\/en\/wp-json\/wp\/v2\/product\/16593","targetHints":{"allow":["GET"]}}],"collection":[{"href":"https:\/\/skaitytaknyga.lt\/en\/wp-json\/wp\/v2\/product"}],"about":[{"href":"https:\/\/skaitytaknyga.lt\/en\/wp-json\/wp\/v2\/types\/product"}],"replies":[{"embeddable":true,"href":"https:\/\/skaitytaknyga.lt\/en\/wp-json\/wp\/v2\/comments?post=16593"}],"wp:featuredmedia":[{"embeddable":true,"href":"https:\/\/skaitytaknyga.lt\/en\/wp-json\/wp\/v2\/media\/16594"}],"wp:attachment":[{"href":"https:\/\/skaitytaknyga.lt\/en\/wp-json\/wp\/v2\/media?parent=16593"}],"wp:term":[{"taxonomy":"product_brand","embeddable":true,"href":"https:\/\/skaitytaknyga.lt\/en\/wp-json\/wp\/v2\/product_brand?post=16593"},{"taxonomy":"product_cat","embeddable":true,"href":"https:\/\/skaitytaknyga.lt\/en\/wp-json\/wp\/v2\/product_cat?post=16593"},{"taxonomy":"product_tag","embeddable":true,"href":"https:\/\/skaitytaknyga.lt\/en\/wp-json\/wp\/v2\/product_tag?post=16593"}],"curies":[{"name":"wp","href":"https:\/\/api.w.org\/{rel}","templated":true}]}}