{"id":16588,"date":"2025-02-03T10:40:53","date_gmt":"2025-02-03T08:40:53","guid":{"rendered":"https:\/\/skaitytaknyga.lt\/?post_type=product&#038;p=16588"},"modified":"2026-03-18T13:04:27","modified_gmt":"2026-03-18T11:04:27","slug":"megejiskai-sodininkystei-lietuvoje-50-metu","status":"publish","type":"product","link":"https:\/\/skaitytaknyga.lt\/en\/produktas\/megejiskai-sodininkystei-lietuvoje-50-metu\/","title":{"rendered":"M\u0117g\u0117ji\u0161kai sodininkystei Lietuvoje \u2013 50 met\u0173"},"content":{"rendered":"<p>Sodininkai m\u0117g\u0117jai, \u0161v\u0119sdami savo organizacijos &#8211; Lietuvos sodinink\u0173 draugijos penkiasde\u0161imtmet\u012f, pareng\u0117 \u0161i\u0105 knyg\u0105\u00a0<strong>\u201eM\u0117g\u0117ji\u0161kai sodininkystei Lietuvoje &#8211; 50 met\u0173&#8221;<\/strong>, skirt\u0105 visiems besidomintiesiems sodininkyste, g\u0117lininkyste, dar\u017eininkyste.<\/p>\n<p>Leidinyje pristatyti organizacijos nariai, daugiausiai prisid\u0117j\u0119 puosel\u0117jant sodininkyst\u0117s tradicijas \u0161alyje ar suk\u016br\u0119 unikalius sodus, kuriems Aplinkos ir \u017dem\u0117s \u016bkio ministerij\u0173 patvirtintos respublikin\u0117s komisijos suteik\u0117 \u201ePavyzdingai tvarkomas sodas\u201c nominacijas.<\/p>\n<ul class=\"about-product d-none d-xl-block mt-4\">\n<li><strong>Autorius:<\/strong>\u00a0Feliksas Marcinkas<\/li>\n<li><strong>Leid\u0117jas:<\/strong>\u00a0Tautodail\u0117<\/li>\n<li><strong>Metai:<\/strong>\u00a02009<\/li>\n<li><strong>Puslapiai:<\/strong>\u00a0216<\/li>\n<li class=\"toggleable type-new-formats \"><strong>ISBN:<\/strong>\u00a09789986423447<\/li>\n<li class=\"toggleable type-new-formats \"><strong>Formatas:<\/strong>\u00a017 x 25 x 1,5 cm, kieti vir\u0161eliai<\/li>\n<\/ul>\n","protected":false},"excerpt":{"rendered":"<p>Sodininkai m\u0117g\u0117jai, \u0161v\u0119sdami savo organizacijos &#8211; Lietuvos sodinink\u0173 draugijos penkiasde\u0161imtmet\u012f, pareng\u0117 \u0161i\u0105 knyg\u0105\u00a0\u201eM\u0117g\u0117ji\u0161kai sodininkystei Lietuvoje &#8211; 50 met\u0173&#8221;, skirt\u0105 visiems besidomintiesiems sodininkyste, g\u0117lininkyste, dar\u017eininkyste. Leidinyje pristatyti organizacijos nariai, daugiausiai prisid\u0117j\u0119 puosel\u0117jant sodininkyst\u0117s tradicijas \u0161alyje ar suk\u016br\u0119 unikalius sodus, kuriems Aplinkos ir \u017dem\u0117s \u016bkio ministerij\u0173 patvirtintos respublikin\u0117s komisijos suteik\u0117 \u201ePavyzdingai tvarkomas sodas\u201c nominacijas. Autorius:\u00a0Feliksas Marcinkas Leid\u0117jas:\u00a0Tautodail\u0117 Metai:\u00a02009 Puslapiai:\u00a0216 ISBN:\u00a09789986423447 Formatas:\u00a017 x 25 x 1,5 cm, kieti vir\u0161eliai<\/p>\n","protected":false},"featured_media":16589,"comment_status":"closed","ping_status":"closed","template":"","meta":{"_acf_changed":false,"site-sidebar-layout":"default","site-content-layout":"","ast-site-content-layout":"default","site-content-style":"default","site-sidebar-style":"default","ast-global-header-display":"","ast-banner-title-visibility":"","ast-main-header-display":"","ast-hfb-above-header-display":"","ast-hfb-below-header-display":"","ast-hfb-mobile-header-display":"","site-post-title":"","ast-breadcrumbs-content":"","ast-featured-img":"","footer-sml-layout":"","ast-disable-related-posts":"","theme-transparent-header-meta":"default","adv-header-id-meta":"","stick-header-meta":"","header-above-stick-meta":"","header-main-stick-meta":"","header-below-stick-meta":"","astra-migrate-meta-layouts":"set","ast-page-background-enabled":"default","ast-page-background-meta":{"desktop":{"background-color":"","background-image":"","background-repeat":"repeat","background-position":"center center","background-size":"auto","background-attachment":"scroll","background-type":"","background-media":"","overlay-type":"","overlay-color":"","overlay-opacity":"","overlay-gradient":""},"tablet":{"background-color":"","background-image":"","background-repeat":"repeat","background-position":"center center","background-size":"auto","background-attachment":"scroll","background-type":"","background-media":"","overlay-type":"","overlay-color":"","overlay-opacity":"","overlay-gradient":""},"mobile":{"background-color":"","background-image":"","background-repeat":"repeat","background-position":"center center","background-size":"auto","background-attachment":"scroll","background-type":"","background-media":"","overlay-type":"","overlay-color":"","overlay-opacity":"","overlay-gradient":""}},"ast-content-background-meta":{"desktop":{"background-color":"var(--ast-global-color-4)","background-image":"","background-repeat":"repeat","background-position":"center center","background-size":"auto","background-attachment":"scroll","background-type":"","background-media":"","overlay-type":"","overlay-color":"","overlay-opacity":"","overlay-gradient":""},"tablet":{"background-color":"var(--ast-global-color-4)","background-image":"","background-repeat":"repeat","background-position":"center center","background-size":"auto","background-attachment":"scroll","background-type":"","background-media":"","overlay-type":"","overlay-color":"","overlay-opacity":"","overlay-gradient":""},"mobile":{"background-color":"var(--ast-global-color-4)","background-image":"","background-repeat":"repeat","background-position":"center center","background-size":"auto","background-attachment":"scroll","background-type":"","background-media":"","overlay-type":"","overlay-color":"","overlay-opacity":"","overlay-gradient":""}}},"product_brand":[],"product_cat":[269,74],"product_tag":[],"class_list":{"0":"post-16588","1":"product","2":"type-product","3":"status-publish","4":"has-post-thumbnail","6":"product_cat-gamtos-mokslai","7":"product_cat-sodas-darzas-ir-gelynai","8":"desktop-align-left","9":"tablet-align-left","10":"mobile-align-left","12":"first","13":"instock","14":"shipping-taxable","15":"purchasable","16":"product-type-simple"},"acf":[],"yoast_head":"<!-- This site is optimized with the Yoast SEO plugin v27.0 - https:\/\/yoast.com\/product\/yoast-seo-wordpress\/ -->\n<title>M\u0117g\u0117ji\u0161kai sodininkystei Lietuvoje \u2013 50 met\u0173<\/title>\n<meta name=\"description\" content=\"Sodininkai m\u0117g\u0117jai, \u0161v\u0119sdami savo organizacijos - Lietuvos sodinink\u0173 draugijos penkiasde\u0161imtmet\u012f, pareng\u0117 \u0161i\u0105 knyg\u0105\u00a0\u201eM\u0117g\u0117ji\u0161kai sodininkystei Lietuvoje -\" \/>\n<meta name=\"robots\" content=\"index, follow, max-snippet:-1, max-image-preview:large, max-video-preview:-1\" \/>\n<link rel=\"canonical\" href=\"https:\/\/skaitytaknyga.lt\/en\/produktas\/megejiskai-sodininkystei-lietuvoje-50-metu\/\" \/>\n<meta property=\"og:locale\" content=\"en_GB\" \/>\n<meta property=\"og:locale:alternate\" content=\"lt_LT\" \/>\n<meta property=\"og:type\" content=\"article\" \/>\n<meta property=\"og:title\" content=\"M\u0117g\u0117ji\u0161kai sodininkystei Lietuvoje \u2013 50 met\u0173\" \/>\n<meta property=\"og:description\" content=\"Sodininkai m\u0117g\u0117jai, \u0161v\u0119sdami savo organizacijos - Lietuvos sodinink\u0173 draugijos penkiasde\u0161imtmet\u012f, pareng\u0117 \u0161i\u0105 knyg\u0105\u00a0\u201eM\u0117g\u0117ji\u0161kai sodininkystei Lietuvoje -\" \/>\n<meta property=\"og:url\" content=\"https:\/\/skaitytaknyga.lt\/en\/produktas\/megejiskai-sodininkystei-lietuvoje-50-metu\/\" \/>\n<meta property=\"og:site_name\" content=\"Skaitytaknyga\" \/>\n<meta property=\"article:publisher\" content=\"https:\/\/www.facebook.com\/skaitytaknyga\/\" \/>\n<meta property=\"article:modified_time\" content=\"2026-03-18T11:04:27+00:00\" \/>\n<meta property=\"og:image\" content=\"https:\/\/skaitytaknyga.lt\/wp-content\/uploads\/2025\/02\/Megejiskai-sodininkystei-Lietuvoje-\u2013-50-metu.webp\" \/>\n\t<meta property=\"og:image:width\" content=\"309\" \/>\n\t<meta property=\"og:image:height\" content=\"450\" \/>\n\t<meta property=\"og:image:type\" content=\"image\/webp\" \/>\n<meta name=\"twitter:card\" content=\"summary_large_image\" \/>\n<meta name=\"twitter:label1\" content=\"Estimated reading time\" \/>\n\t<meta name=\"twitter:data1\" content=\"1 minute\" \/>\n<script type=\"application\/ld+json\" class=\"yoast-schema-graph\">{\"@context\":\"https:\/\/schema.org\",\"@graph\":[{\"@type\":\"WebPage\",\"@id\":\"https:\/\/skaitytaknyga.lt\/produktas\/megejiskai-sodininkystei-lietuvoje-50-metu\/\",\"url\":\"https:\/\/skaitytaknyga.lt\/produktas\/megejiskai-sodininkystei-lietuvoje-50-metu\/\",\"name\":\"M\u0117g\u0117ji\u0161kai sodininkystei Lietuvoje \u2013 50 met\u0173\",\"isPartOf\":{\"@id\":\"https:\/\/skaitytaknyga.lt\/#website\"},\"primaryImageOfPage\":{\"@id\":\"https:\/\/skaitytaknyga.lt\/produktas\/megejiskai-sodininkystei-lietuvoje-50-metu\/#primaryimage\"},\"image\":{\"@id\":\"https:\/\/skaitytaknyga.lt\/produktas\/megejiskai-sodininkystei-lietuvoje-50-metu\/#primaryimage\"},\"thumbnailUrl\":\"https:\/\/skaitytaknyga.lt\/wp-content\/uploads\/2025\/02\/Megejiskai-sodininkystei-Lietuvoje-\u2013-50-metu.webp\",\"datePublished\":\"2025-02-03T08:40:53+00:00\",\"dateModified\":\"2026-03-18T11:04:27+00:00\",\"description\":\"Sodininkai m\u0117g\u0117jai, \u0161v\u0119sdami savo organizacijos - Lietuvos sodinink\u0173 draugijos penkiasde\u0161imtmet\u012f, pareng\u0117 \u0161i\u0105 knyg\u0105\u00a0\u201eM\u0117g\u0117ji\u0161kai sodininkystei Lietuvoje -\",\"breadcrumb\":{\"@id\":\"https:\/\/skaitytaknyga.lt\/produktas\/megejiskai-sodininkystei-lietuvoje-50-metu\/#breadcrumb\"},\"inLanguage\":\"en-GB\",\"potentialAction\":[{\"@type\":\"ReadAction\",\"target\":[\"https:\/\/skaitytaknyga.lt\/produktas\/megejiskai-sodininkystei-lietuvoje-50-metu\/\"]}]},{\"@type\":\"ImageObject\",\"inLanguage\":\"en-GB\",\"@id\":\"https:\/\/skaitytaknyga.lt\/produktas\/megejiskai-sodininkystei-lietuvoje-50-metu\/#primaryimage\",\"url\":\"https:\/\/skaitytaknyga.lt\/wp-content\/uploads\/2025\/02\/Megejiskai-sodininkystei-Lietuvoje-\u2013-50-metu.webp\",\"contentUrl\":\"https:\/\/skaitytaknyga.lt\/wp-content\/uploads\/2025\/02\/Megejiskai-sodininkystei-Lietuvoje-\u2013-50-metu.webp\",\"width\":309,\"height\":450,\"caption\":\"M\u0117g\u0117ji\u0161kai sodininkystei Lietuvoje \u2013 50 met\u0173\"},{\"@type\":\"BreadcrumbList\",\"@id\":\"https:\/\/skaitytaknyga.lt\/produktas\/megejiskai-sodininkystei-lietuvoje-50-metu\/#breadcrumb\",\"itemListElement\":[{\"@type\":\"ListItem\",\"position\":1,\"name\":\"Home\",\"item\":\"https:\/\/skaitytaknyga.lt\/\"},{\"@type\":\"ListItem\",\"position\":2,\"name\":\"Parduotuv\u0117\",\"item\":\"https:\/\/skaitytaknyga.lt\/knygu-parduotuve\/\"},{\"@type\":\"ListItem\",\"position\":3,\"name\":\"M\u0117g\u0117ji\u0161kai sodininkystei Lietuvoje \u2013 50 met\u0173\"}]},{\"@type\":\"WebSite\",\"@id\":\"https:\/\/skaitytaknyga.lt\/#website\",\"url\":\"https:\/\/skaitytaknyga.lt\/\",\"name\":\"skaitytaknyga.lt\",\"description\":\"Skaitytaknyga.lt \u2013 tai ma\u017eas \u0161eimos verslas, kuris prasid\u0117jo nuo meil\u0117s knygoms ir siekio i\u0161gelb\u0117ti knygas nuo likimo prie konteinerio. Kas vienam nereikalingas daiktas \u2013 kitam lobis, o mes esame tarpininkai, kurie padeda abiems tapti laimingesniems ???? \u017dinome kaip nelengva i\u0161gyventi ma\u017eiems verslams, tad nuo \u0161iol, \u010dia rasite ir kit\u0173, ma\u017e\u0173 \u0161eim\u0173 versl\u0173, rank\u0173 darbo, dovan\u0173 sau ir artimiesiems.\",\"publisher\":{\"@id\":\"https:\/\/skaitytaknyga.lt\/#organization\"},\"potentialAction\":[{\"@type\":\"SearchAction\",\"target\":{\"@type\":\"EntryPoint\",\"urlTemplate\":\"https:\/\/skaitytaknyga.lt\/?s={search_term_string}\"},\"query-input\":{\"@type\":\"PropertyValueSpecification\",\"valueRequired\":true,\"valueName\":\"search_term_string\"}}],\"inLanguage\":\"en-GB\"},{\"@type\":\"Organization\",\"@id\":\"https:\/\/skaitytaknyga.lt\/#organization\",\"name\":\"skaitytaknyga.lt\",\"url\":\"https:\/\/skaitytaknyga.lt\/\",\"logo\":{\"@type\":\"ImageObject\",\"inLanguage\":\"en-GB\",\"@id\":\"https:\/\/skaitytaknyga.lt\/#\/schema\/logo\/image\/\",\"url\":\"https:\/\/skaitytaknyga.lt\/wp-content\/uploads\/2024\/05\/cropped-cropped-cropped-02_00843_jt3bggkj1j3HLc7SyY6rEUpg.jpeg\",\"contentUrl\":\"https:\/\/skaitytaknyga.lt\/wp-content\/uploads\/2024\/05\/cropped-cropped-cropped-02_00843_jt3bggkj1j3HLc7SyY6rEUpg.jpeg\",\"width\":1600,\"height\":1600,\"caption\":\"skaitytaknyga.lt\"},\"image\":{\"@id\":\"https:\/\/skaitytaknyga.lt\/#\/schema\/logo\/image\/\"},\"sameAs\":[\"https:\/\/www.facebook.com\/skaitytaknyga\/\"]}]}<\/script>\n<!-- \/ Yoast SEO plugin. -->","yoast_head_json":{"title":"M\u0117g\u0117ji\u0161kai sodininkystei Lietuvoje \u2013 50 met\u0173","description":"Sodininkai m\u0117g\u0117jai, \u0161v\u0119sdami savo organizacijos - Lietuvos sodinink\u0173 draugijos penkiasde\u0161imtmet\u012f, pareng\u0117 \u0161i\u0105 knyg\u0105\u00a0\u201eM\u0117g\u0117ji\u0161kai sodininkystei Lietuvoje -","robots":{"index":"index","follow":"follow","max-snippet":"max-snippet:-1","max-image-preview":"max-image-preview:large","max-video-preview":"max-video-preview:-1"},"canonical":"https:\/\/skaitytaknyga.lt\/en\/produktas\/megejiskai-sodininkystei-lietuvoje-50-metu\/","og_locale":"en_GB","og_type":"article","og_title":"[:lt]M\u0117g\u0117ji\u0161kai sodininkystei Lietuvoje \u2013 50 met\u0173[:] - Skaitytaknyga","og_description":"Sodininkai m\u0117g\u0117jai, \u0161v\u0119sdami savo organizacijos - Lietuvos sodinink\u0173 draugijos penkiasde\u0161imtmet\u012f, pareng\u0117 \u0161i\u0105 knyg\u0105\u00a0\u201eM\u0117g\u0117ji\u0161kai sodininkystei Lietuvoje -","og_url":"https:\/\/skaitytaknyga.lt\/en\/produktas\/megejiskai-sodininkystei-lietuvoje-50-metu\/","og_site_name":"Skaitytaknyga","article_publisher":"https:\/\/www.facebook.com\/skaitytaknyga\/","article_modified_time":"2026-03-18T11:04:27+00:00","og_image":[{"width":309,"height":450,"url":"https:\/\/skaitytaknyga.lt\/wp-content\/uploads\/2025\/02\/Megejiskai-sodininkystei-Lietuvoje-\u2013-50-metu.webp","type":"image\/webp"}],"twitter_card":"summary_large_image","twitter_misc":{"Estimated reading time":"1 minute"},"schema":{"@context":"https:\/\/schema.org","@graph":[{"@type":"WebPage","@id":"https:\/\/skaitytaknyga.lt\/produktas\/megejiskai-sodininkystei-lietuvoje-50-metu\/","url":"https:\/\/skaitytaknyga.lt\/produktas\/megejiskai-sodininkystei-lietuvoje-50-metu\/","name":"M\u0117g\u0117ji\u0161kai sodininkystei Lietuvoje \u2013 50 met\u0173","isPartOf":{"@id":"https:\/\/skaitytaknyga.lt\/#website"},"primaryImageOfPage":{"@id":"https:\/\/skaitytaknyga.lt\/produktas\/megejiskai-sodininkystei-lietuvoje-50-metu\/#primaryimage"},"image":{"@id":"https:\/\/skaitytaknyga.lt\/produktas\/megejiskai-sodininkystei-lietuvoje-50-metu\/#primaryimage"},"thumbnailUrl":"https:\/\/skaitytaknyga.lt\/wp-content\/uploads\/2025\/02\/Megejiskai-sodininkystei-Lietuvoje-\u2013-50-metu.webp","datePublished":"2025-02-03T08:40:53+00:00","dateModified":"2026-03-18T11:04:27+00:00","description":"Sodininkai m\u0117g\u0117jai, \u0161v\u0119sdami savo organizacijos - Lietuvos sodinink\u0173 draugijos penkiasde\u0161imtmet\u012f, pareng\u0117 \u0161i\u0105 knyg\u0105\u00a0\u201eM\u0117g\u0117ji\u0161kai sodininkystei Lietuvoje -","breadcrumb":{"@id":"https:\/\/skaitytaknyga.lt\/produktas\/megejiskai-sodininkystei-lietuvoje-50-metu\/#breadcrumb"},"inLanguage":"en-GB","potentialAction":[{"@type":"ReadAction","target":["https:\/\/skaitytaknyga.lt\/produktas\/megejiskai-sodininkystei-lietuvoje-50-metu\/"]}]},{"@type":"ImageObject","inLanguage":"en-GB","@id":"https:\/\/skaitytaknyga.lt\/produktas\/megejiskai-sodininkystei-lietuvoje-50-metu\/#primaryimage","url":"https:\/\/skaitytaknyga.lt\/wp-content\/uploads\/2025\/02\/Megejiskai-sodininkystei-Lietuvoje-\u2013-50-metu.webp","contentUrl":"https:\/\/skaitytaknyga.lt\/wp-content\/uploads\/2025\/02\/Megejiskai-sodininkystei-Lietuvoje-\u2013-50-metu.webp","width":309,"height":450,"caption":"M\u0117g\u0117ji\u0161kai sodininkystei Lietuvoje \u2013 50 met\u0173"},{"@type":"BreadcrumbList","@id":"https:\/\/skaitytaknyga.lt\/produktas\/megejiskai-sodininkystei-lietuvoje-50-metu\/#breadcrumb","itemListElement":[{"@type":"ListItem","position":1,"name":"Home","item":"https:\/\/skaitytaknyga.lt\/"},{"@type":"ListItem","position":2,"name":"Parduotuv\u0117","item":"https:\/\/skaitytaknyga.lt\/knygu-parduotuve\/"},{"@type":"ListItem","position":3,"name":"M\u0117g\u0117ji\u0161kai sodininkystei Lietuvoje \u2013 50 met\u0173"}]},{"@type":"WebSite","@id":"https:\/\/skaitytaknyga.lt\/#website","url":"https:\/\/skaitytaknyga.lt\/","name":"skaitytaknyga.lt","description":"Skaitytaknyga.lt \u2013 tai ma\u017eas \u0161eimos verslas, kuris prasid\u0117jo nuo meil\u0117s knygoms ir siekio i\u0161gelb\u0117ti knygas nuo likimo prie konteinerio. Kas vienam nereikalingas daiktas \u2013 kitam lobis, o mes esame tarpininkai, kurie padeda abiems tapti laimingesniems ???? \u017dinome kaip nelengva i\u0161gyventi ma\u017eiems verslams, tad nuo \u0161iol, \u010dia rasite ir kit\u0173, ma\u017e\u0173 \u0161eim\u0173 versl\u0173, rank\u0173 darbo, dovan\u0173 sau ir artimiesiems.","publisher":{"@id":"https:\/\/skaitytaknyga.lt\/#organization"},"potentialAction":[{"@type":"SearchAction","target":{"@type":"EntryPoint","urlTemplate":"https:\/\/skaitytaknyga.lt\/?s={search_term_string}"},"query-input":{"@type":"PropertyValueSpecification","valueRequired":true,"valueName":"search_term_string"}}],"inLanguage":"en-GB"},{"@type":"Organization","@id":"https:\/\/skaitytaknyga.lt\/#organization","name":"skaitytaknyga.lt","url":"https:\/\/skaitytaknyga.lt\/","logo":{"@type":"ImageObject","inLanguage":"en-GB","@id":"https:\/\/skaitytaknyga.lt\/#\/schema\/logo\/image\/","url":"https:\/\/skaitytaknyga.lt\/wp-content\/uploads\/2024\/05\/cropped-cropped-cropped-02_00843_jt3bggkj1j3HLc7SyY6rEUpg.jpeg","contentUrl":"https:\/\/skaitytaknyga.lt\/wp-content\/uploads\/2024\/05\/cropped-cropped-cropped-02_00843_jt3bggkj1j3HLc7SyY6rEUpg.jpeg","width":1600,"height":1600,"caption":"skaitytaknyga.lt"},"image":{"@id":"https:\/\/skaitytaknyga.lt\/#\/schema\/logo\/image\/"},"sameAs":["https:\/\/www.facebook.com\/skaitytaknyga\/"]}]}},"_links":{"self":[{"href":"https:\/\/skaitytaknyga.lt\/en\/wp-json\/wp\/v2\/product\/16588","targetHints":{"allow":["GET"]}}],"collection":[{"href":"https:\/\/skaitytaknyga.lt\/en\/wp-json\/wp\/v2\/product"}],"about":[{"href":"https:\/\/skaitytaknyga.lt\/en\/wp-json\/wp\/v2\/types\/product"}],"replies":[{"embeddable":true,"href":"https:\/\/skaitytaknyga.lt\/en\/wp-json\/wp\/v2\/comments?post=16588"}],"wp:featuredmedia":[{"embeddable":true,"href":"https:\/\/skaitytaknyga.lt\/en\/wp-json\/wp\/v2\/media\/16589"}],"wp:attachment":[{"href":"https:\/\/skaitytaknyga.lt\/en\/wp-json\/wp\/v2\/media?parent=16588"}],"wp:term":[{"taxonomy":"product_brand","embeddable":true,"href":"https:\/\/skaitytaknyga.lt\/en\/wp-json\/wp\/v2\/product_brand?post=16588"},{"taxonomy":"product_cat","embeddable":true,"href":"https:\/\/skaitytaknyga.lt\/en\/wp-json\/wp\/v2\/product_cat?post=16588"},{"taxonomy":"product_tag","embeddable":true,"href":"https:\/\/skaitytaknyga.lt\/en\/wp-json\/wp\/v2\/product_tag?post=16588"}],"curies":[{"name":"wp","href":"https:\/\/api.w.org\/{rel}","templated":true}]}}