{"id":16583,"date":"2025-02-03T10:35:23","date_gmt":"2025-02-03T08:35:23","guid":{"rendered":"https:\/\/skaitytaknyga.lt\/?post_type=product&#038;p=16583"},"modified":"2025-07-07T20:25:35","modified_gmt":"2025-07-07T17:25:35","slug":"sviesa-gyvoji-dvasia","status":"publish","type":"product","link":"https:\/\/skaitytaknyga.lt\/en\/produktas\/sviesa-gyvoji-dvasia\/","title":{"rendered":"\u0160viesa &#8211; gyvoji dvasia"},"content":{"rendered":"<p>\u017dinomas filosofas ir dvasinis mokytojas\u00a0<strong>Omraamas Mikha\u00eblis A\u00efvanhovas<\/strong>\u00a0(1900\u20131986) gim\u0117 Bulgarijoje. 1937 metais jis persik\u0117l\u0117 \u012f Pranc\u016bzij\u0105. Ten jis skleid\u0117 savo mokym\u0105 beveik pus\u0119 am\u017eiaus \u2013 iki pat mirties. Esmingiausias Omraamo Mikha\u00eblio A\u00efvanhovo mokymo teiginys tas, kad mes, \u0161ios planetos gyventojai, teisingai suprat\u0119 J\u0117zaus \u017eini\u0105, turime kurti nauj\u0105 pasaul\u012f, nauj\u0105 teisingum\u0105, nauj\u0105 \u017emoni\u0173 bendruomen\u0119, idant \u017eem\u0117je prasid\u0117t\u0173 Dangaus Karalyst\u0117.<\/p>\n<p>\u0160i knyga yra dar viena dvasinio mokytojo Omraamo Mikha\u00eblio A\u00efvanhovo paskaita, u\u017era\u0161yta jo mokini\u0173 ir sek\u0117j\u0173. Mokytojas A\u00efvanhovas kalba apie dvasin\u0119 \u0161viesos prigimt\u012f, atskleid\u017eia jos s\u0105sajas su \u017emogaus k\u016bnais, kalba apie \u0161viesos sampratas Biblijos, Kabalos ir hinduizmo mokym\u0173 tradicijose, palygina \u0161ias \u017einias su \u0161iuolaikinio mokslo atradimais.<\/p>\n<p>I\u0161 ko \u0161ilkverpio vik\u0161ras aud\u017eia savo kokon\u0105, o voras \u2013 voratinkl\u012f? I\u0161 ko sraig\u0117 padaro savo kiaut\u0105? T\u0105 substancij\u0105 jie paima i\u0161 sav\u0119s. Jei mok\u0117tum\u0117te steb\u0117ti gamt\u0105, i\u0161vystum\u0117te daugyb\u0119 rei\u0161kini\u0173, kurie pad\u0117t\u0173 suprasti dalykus, did\u017ei\u0173j\u0173 filosof\u0173 laikomus neatskleid\u017eiama paslaptimi. Vien\u0105 dien\u0105 net mokslas pripa\u017eins, kad \u0161viesa yra \u017ealiava, i\u0161 kurios buvo sukurta visata. Jei \u017emogus i\u0161moks elgtis su \u0161viesa, jis taps k\u016br\u0117ju kaip Dievas.<\/p>\n<p>\u2013 Omraam Mikha\u00ebl A\u00efvanhov<\/p>\n<ul class=\"about-product d-none d-xl-block mt-4\">\n<li><strong>Originalus pavadinimas:<\/strong>\u00a0La lumiere, esprit vivante<\/li>\n<li><strong>Autorius:<\/strong>\u00a0Omraam Mikhael Aivanhov<\/li>\n<li><strong>Leid\u0117jas:<\/strong>\u00a0Mijalba<\/li>\n<li><strong>Metai:<\/strong>\u00a02013<\/li>\n<li><strong>Puslapiai:<\/strong>\u00a0144<\/li>\n<li class=\"toggleable type-new-formats \"><strong>ISBN:<\/strong>\u00a09786098050752<\/li>\n<li><strong>Versijos kodas:<\/strong>\u00a0PT.<\/li>\n<li class=\"toggleable type-new-formats \"><strong>Formatas:<\/strong>\u00a011 x 18 cm, mink\u0161ti vir\u0161eliai<\/li>\n<li><strong>Kalba:<\/strong>\u00a0Lietuvi\u0173<\/li>\n<li><strong>Vert\u0117jas:<\/strong>\u00a0Zigmantas Ardickas<\/li>\n<\/ul>\n","protected":false},"excerpt":{"rendered":"<p>\u017dinomas filosofas ir dvasinis mokytojas\u00a0Omraamas Mikha\u00eblis A\u00efvanhovas\u00a0(1900\u20131986) gim\u0117 Bulgarijoje. 1937 metais jis persik\u0117l\u0117 \u012f Pranc\u016bzij\u0105. Ten jis skleid\u0117 savo mokym\u0105 beveik pus\u0119 am\u017eiaus \u2013 iki pat mirties. Esmingiausias Omraamo Mikha\u00eblio A\u00efvanhovo mokymo teiginys tas, kad mes, \u0161ios planetos gyventojai, teisingai suprat\u0119 J\u0117zaus \u017eini\u0105, turime kurti nauj\u0105 pasaul\u012f, nauj\u0105 teisingum\u0105, nauj\u0105 \u017emoni\u0173 bendruomen\u0119, idant \u017eem\u0117je prasid\u0117t\u0173 Dangaus Karalyst\u0117. \u0160i knyga yra dar viena dvasinio mokytojo Omraamo Mikha\u00eblio A\u00efvanhovo paskaita, u\u017era\u0161yta jo mokini\u0173 ir sek\u0117j\u0173. Mokytojas A\u00efvanhovas kalba apie dvasin\u0119 \u0161viesos prigimt\u012f, atskleid\u017eia jos s\u0105sajas su \u017emogaus k\u016bnais, kalba apie \u0161viesos sampratas Biblijos, Kabalos ir hinduizmo mokym\u0173 tradicijose, palygina \u0161ias \u017einias su \u0161iuolaikinio mokslo atradimais. I\u0161 ko \u0161ilkverpio vik\u0161ras aud\u017eia savo kokon\u0105, o voras \u2013 voratinkl\u012f? I\u0161 ko sraig\u0117 padaro savo kiaut\u0105? T\u0105 substancij\u0105 jie paima i\u0161 sav\u0119s. Jei mok\u0117tum\u0117te steb\u0117ti gamt\u0105, i\u0161vystum\u0117te daugyb\u0119 rei\u0161kini\u0173, kurie pad\u0117t\u0173 suprasti dalykus, did\u017ei\u0173j\u0173 filosof\u0173 laikomus neatskleid\u017eiama paslaptimi. Vien\u0105 dien\u0105 net mokslas pripa\u017eins, kad \u0161viesa yra \u017ealiava, i\u0161 kurios buvo sukurta visata. Jei \u017emogus i\u0161moks elgtis su \u0161viesa, jis taps k\u016br\u0117ju kaip Dievas. \u2013 Omraam Mikha\u00ebl A\u00efvanhov Originalus pavadinimas:\u00a0La lumiere, esprit vivante Autorius:\u00a0Omraam Mikhael Aivanhov Leid\u0117jas:\u00a0Mijalba Metai:\u00a02013 Puslapiai:\u00a0144 ISBN:\u00a09786098050752 Versijos kodas:\u00a0PT. Formatas:\u00a011 x 18 cm, mink\u0161ti vir\u0161eliai Kalba:\u00a0Lietuvi\u0173 Vert\u0117jas:\u00a0Zigmantas Ardickas<\/p>\n","protected":false},"featured_media":16584,"comment_status":"open","ping_status":"closed","template":"","meta":{"_acf_changed":false,"site-sidebar-layout":"default","site-content-layout":"","ast-site-content-layout":"default","site-content-style":"default","site-sidebar-style":"default","ast-global-header-display":"","ast-banner-title-visibility":"","ast-main-header-display":"","ast-hfb-above-header-display":"","ast-hfb-below-header-display":"","ast-hfb-mobile-header-display":"","site-post-title":"","ast-breadcrumbs-content":"","ast-featured-img":"","footer-sml-layout":"","ast-disable-related-posts":"","theme-transparent-header-meta":"default","adv-header-id-meta":"","stick-header-meta":"","header-above-stick-meta":"","header-main-stick-meta":"","header-below-stick-meta":"","astra-migrate-meta-layouts":"set","ast-page-background-enabled":"default","ast-page-background-meta":{"desktop":{"background-color":"","background-image":"","background-repeat":"repeat","background-position":"center center","background-size":"auto","background-attachment":"scroll","background-type":"","background-media":"","overlay-type":"","overlay-color":"","overlay-opacity":"","overlay-gradient":""},"tablet":{"background-color":"","background-image":"","background-repeat":"repeat","background-position":"center center","background-size":"auto","background-attachment":"scroll","background-type":"","background-media":"","overlay-type":"","overlay-color":"","overlay-opacity":"","overlay-gradient":""},"mobile":{"background-color":"","background-image":"","background-repeat":"repeat","background-position":"center center","background-size":"auto","background-attachment":"scroll","background-type":"","background-media":"","overlay-type":"","overlay-color":"","overlay-opacity":"","overlay-gradient":""}},"ast-content-background-meta":{"desktop":{"background-color":"var(--ast-global-color-4)","background-image":"","background-repeat":"repeat","background-position":"center center","background-size":"auto","background-attachment":"scroll","background-type":"","background-media":"","overlay-type":"","overlay-color":"","overlay-opacity":"","overlay-gradient":""},"tablet":{"background-color":"var(--ast-global-color-4)","background-image":"","background-repeat":"repeat","background-position":"center center","background-size":"auto","background-attachment":"scroll","background-type":"","background-media":"","overlay-type":"","overlay-color":"","overlay-opacity":"","overlay-gradient":""},"mobile":{"background-color":"var(--ast-global-color-4)","background-image":"","background-repeat":"repeat","background-position":"center center","background-size":"auto","background-attachment":"scroll","background-type":"","background-media":"","overlay-type":"","overlay-color":"","overlay-opacity":"","overlay-gradient":""}}},"product_brand":[],"product_cat":[15,165],"product_tag":[],"class_list":{"0":"post-16583","1":"product","2":"type-product","3":"status-publish","4":"has-post-thumbnail","6":"product_cat-uncategorized","7":"product_cat-religija-filosofija-ir-ezoterika","8":"desktop-align-left","9":"tablet-align-left","10":"mobile-align-left","12":"first","13":"outofstock","14":"shipping-taxable","15":"purchasable","16":"product-type-simple"},"acf":[],"yoast_head":"<!-- This site is optimized with the Yoast SEO plugin v27.0 - https:\/\/yoast.com\/product\/yoast-seo-wordpress\/ -->\n<title>\u0160viesa - gyvoji dvasia<\/title>\n<meta name=\"description\" content=\"\u017dinomas filosofas ir dvasinis mokytojas\u00a0Omraamas Mikha\u00eblis A\u00efvanhovas\u00a0(1900\u20131986) gim\u0117 Bulgarijoje. 1937 metais jis persik\u0117l\u0117 \u012f Pranc\u016bzij\u0105. Ten jis\" \/>\n<meta name=\"robots\" content=\"index, follow, max-snippet:-1, max-image-preview:large, max-video-preview:-1\" \/>\n<link rel=\"canonical\" href=\"https:\/\/skaitytaknyga.lt\/en\/produktas\/sviesa-gyvoji-dvasia\/\" \/>\n<meta property=\"og:locale\" content=\"en_GB\" \/>\n<meta property=\"og:locale:alternate\" content=\"lt_LT\" \/>\n<meta property=\"og:type\" content=\"article\" \/>\n<meta property=\"og:title\" content=\"\u0160viesa - gyvoji dvasia\" \/>\n<meta property=\"og:description\" content=\"\u017dinomas filosofas ir dvasinis mokytojas\u00a0Omraamas Mikha\u00eblis A\u00efvanhovas\u00a0(1900\u20131986) gim\u0117 Bulgarijoje. 1937 metais jis persik\u0117l\u0117 \u012f Pranc\u016bzij\u0105. Ten jis\" \/>\n<meta property=\"og:url\" content=\"https:\/\/skaitytaknyga.lt\/en\/produktas\/sviesa-gyvoji-dvasia\/\" \/>\n<meta property=\"og:site_name\" content=\"Skaitytaknyga\" \/>\n<meta property=\"article:publisher\" content=\"https:\/\/www.facebook.com\/skaitytaknyga\/\" \/>\n<meta property=\"article:modified_time\" content=\"2025-07-07T17:25:35+00:00\" \/>\n<meta property=\"og:image\" content=\"https:\/\/skaitytaknyga.lt\/wp-content\/uploads\/2025\/02\/Sviesa-gyvoji-dvasia.webp\" \/>\n\t<meta property=\"og:image:width\" content=\"478\" \/>\n\t<meta property=\"og:image:height\" content=\"800\" \/>\n\t<meta property=\"og:image:type\" content=\"image\/webp\" \/>\n<meta name=\"twitter:card\" content=\"summary_large_image\" \/>\n<meta name=\"twitter:label1\" content=\"Estimated reading time\" \/>\n\t<meta name=\"twitter:data1\" content=\"2 minutes\" \/>\n<script type=\"application\/ld+json\" class=\"yoast-schema-graph\">{\"@context\":\"https:\/\/schema.org\",\"@graph\":[{\"@type\":\"WebPage\",\"@id\":\"https:\/\/skaitytaknyga.lt\/produktas\/sviesa-gyvoji-dvasia\/\",\"url\":\"https:\/\/skaitytaknyga.lt\/produktas\/sviesa-gyvoji-dvasia\/\",\"name\":\"\u0160viesa - gyvoji dvasia\",\"isPartOf\":{\"@id\":\"https:\/\/skaitytaknyga.lt\/#website\"},\"primaryImageOfPage\":{\"@id\":\"https:\/\/skaitytaknyga.lt\/produktas\/sviesa-gyvoji-dvasia\/#primaryimage\"},\"image\":{\"@id\":\"https:\/\/skaitytaknyga.lt\/produktas\/sviesa-gyvoji-dvasia\/#primaryimage\"},\"thumbnailUrl\":\"https:\/\/skaitytaknyga.lt\/wp-content\/uploads\/2025\/02\/Sviesa-gyvoji-dvasia.webp\",\"datePublished\":\"2025-02-03T08:35:23+00:00\",\"dateModified\":\"2025-07-07T17:25:35+00:00\",\"description\":\"\u017dinomas filosofas ir dvasinis mokytojas\u00a0Omraamas Mikha\u00eblis A\u00efvanhovas\u00a0(1900\u20131986) gim\u0117 Bulgarijoje. 1937 metais jis persik\u0117l\u0117 \u012f Pranc\u016bzij\u0105. Ten jis\",\"breadcrumb\":{\"@id\":\"https:\/\/skaitytaknyga.lt\/produktas\/sviesa-gyvoji-dvasia\/#breadcrumb\"},\"inLanguage\":\"en-GB\",\"potentialAction\":[{\"@type\":\"ReadAction\",\"target\":[\"https:\/\/skaitytaknyga.lt\/produktas\/sviesa-gyvoji-dvasia\/\"]}]},{\"@type\":\"ImageObject\",\"inLanguage\":\"en-GB\",\"@id\":\"https:\/\/skaitytaknyga.lt\/produktas\/sviesa-gyvoji-dvasia\/#primaryimage\",\"url\":\"https:\/\/skaitytaknyga.lt\/wp-content\/uploads\/2025\/02\/Sviesa-gyvoji-dvasia.webp\",\"contentUrl\":\"https:\/\/skaitytaknyga.lt\/wp-content\/uploads\/2025\/02\/Sviesa-gyvoji-dvasia.webp\",\"width\":478,\"height\":800,\"caption\":\"\u0160viesa - gyvoji dvasia\"},{\"@type\":\"BreadcrumbList\",\"@id\":\"https:\/\/skaitytaknyga.lt\/produktas\/sviesa-gyvoji-dvasia\/#breadcrumb\",\"itemListElement\":[{\"@type\":\"ListItem\",\"position\":1,\"name\":\"Home\",\"item\":\"https:\/\/skaitytaknyga.lt\/\"},{\"@type\":\"ListItem\",\"position\":2,\"name\":\"Parduotuv\u0117\",\"item\":\"https:\/\/skaitytaknyga.lt\/knygu-parduotuve\/\"},{\"@type\":\"ListItem\",\"position\":3,\"name\":\"\u0160viesa &#8211; gyvoji dvasia\"}]},{\"@type\":\"WebSite\",\"@id\":\"https:\/\/skaitytaknyga.lt\/#website\",\"url\":\"https:\/\/skaitytaknyga.lt\/\",\"name\":\"skaitytaknyga.lt\",\"description\":\"Skaitytaknyga.lt \u2013 tai ma\u017eas \u0161eimos verslas, kuris prasid\u0117jo nuo meil\u0117s knygoms ir siekio i\u0161gelb\u0117ti knygas nuo likimo prie konteinerio. Kas vienam nereikalingas daiktas \u2013 kitam lobis, o mes esame tarpininkai, kurie padeda abiems tapti laimingesniems ???? \u017dinome kaip nelengva i\u0161gyventi ma\u017eiems verslams, tad nuo \u0161iol, \u010dia rasite ir kit\u0173, ma\u017e\u0173 \u0161eim\u0173 versl\u0173, rank\u0173 darbo, dovan\u0173 sau ir artimiesiems.\",\"publisher\":{\"@id\":\"https:\/\/skaitytaknyga.lt\/#organization\"},\"potentialAction\":[{\"@type\":\"SearchAction\",\"target\":{\"@type\":\"EntryPoint\",\"urlTemplate\":\"https:\/\/skaitytaknyga.lt\/?s={search_term_string}\"},\"query-input\":{\"@type\":\"PropertyValueSpecification\",\"valueRequired\":true,\"valueName\":\"search_term_string\"}}],\"inLanguage\":\"en-GB\"},{\"@type\":\"Organization\",\"@id\":\"https:\/\/skaitytaknyga.lt\/#organization\",\"name\":\"skaitytaknyga.lt\",\"url\":\"https:\/\/skaitytaknyga.lt\/\",\"logo\":{\"@type\":\"ImageObject\",\"inLanguage\":\"en-GB\",\"@id\":\"https:\/\/skaitytaknyga.lt\/#\/schema\/logo\/image\/\",\"url\":\"https:\/\/skaitytaknyga.lt\/wp-content\/uploads\/2024\/05\/cropped-cropped-cropped-02_00843_jt3bggkj1j3HLc7SyY6rEUpg.jpeg\",\"contentUrl\":\"https:\/\/skaitytaknyga.lt\/wp-content\/uploads\/2024\/05\/cropped-cropped-cropped-02_00843_jt3bggkj1j3HLc7SyY6rEUpg.jpeg\",\"width\":1600,\"height\":1600,\"caption\":\"skaitytaknyga.lt\"},\"image\":{\"@id\":\"https:\/\/skaitytaknyga.lt\/#\/schema\/logo\/image\/\"},\"sameAs\":[\"https:\/\/www.facebook.com\/skaitytaknyga\/\"]}]}<\/script>\n<!-- \/ Yoast SEO plugin. -->","yoast_head_json":{"title":"\u0160viesa - gyvoji dvasia","description":"\u017dinomas filosofas ir dvasinis mokytojas\u00a0Omraamas Mikha\u00eblis A\u00efvanhovas\u00a0(1900\u20131986) gim\u0117 Bulgarijoje. 1937 metais jis persik\u0117l\u0117 \u012f Pranc\u016bzij\u0105. Ten jis","robots":{"index":"index","follow":"follow","max-snippet":"max-snippet:-1","max-image-preview":"max-image-preview:large","max-video-preview":"max-video-preview:-1"},"canonical":"https:\/\/skaitytaknyga.lt\/en\/produktas\/sviesa-gyvoji-dvasia\/","og_locale":"en_GB","og_type":"article","og_title":"[:lt]\u0160viesa - gyvoji dvasia[:] - Skaitytaknyga","og_description":"\u017dinomas filosofas ir dvasinis mokytojas\u00a0Omraamas Mikha\u00eblis A\u00efvanhovas\u00a0(1900\u20131986) gim\u0117 Bulgarijoje. 1937 metais jis persik\u0117l\u0117 \u012f Pranc\u016bzij\u0105. Ten jis","og_url":"https:\/\/skaitytaknyga.lt\/en\/produktas\/sviesa-gyvoji-dvasia\/","og_site_name":"Skaitytaknyga","article_publisher":"https:\/\/www.facebook.com\/skaitytaknyga\/","article_modified_time":"2025-07-07T17:25:35+00:00","og_image":[{"width":478,"height":800,"url":"https:\/\/skaitytaknyga.lt\/wp-content\/uploads\/2025\/02\/Sviesa-gyvoji-dvasia.webp","type":"image\/webp"}],"twitter_card":"summary_large_image","twitter_misc":{"Estimated reading time":"2 minutes"},"schema":{"@context":"https:\/\/schema.org","@graph":[{"@type":"WebPage","@id":"https:\/\/skaitytaknyga.lt\/produktas\/sviesa-gyvoji-dvasia\/","url":"https:\/\/skaitytaknyga.lt\/produktas\/sviesa-gyvoji-dvasia\/","name":"\u0160viesa - gyvoji dvasia","isPartOf":{"@id":"https:\/\/skaitytaknyga.lt\/#website"},"primaryImageOfPage":{"@id":"https:\/\/skaitytaknyga.lt\/produktas\/sviesa-gyvoji-dvasia\/#primaryimage"},"image":{"@id":"https:\/\/skaitytaknyga.lt\/produktas\/sviesa-gyvoji-dvasia\/#primaryimage"},"thumbnailUrl":"https:\/\/skaitytaknyga.lt\/wp-content\/uploads\/2025\/02\/Sviesa-gyvoji-dvasia.webp","datePublished":"2025-02-03T08:35:23+00:00","dateModified":"2025-07-07T17:25:35+00:00","description":"\u017dinomas filosofas ir dvasinis mokytojas\u00a0Omraamas Mikha\u00eblis A\u00efvanhovas\u00a0(1900\u20131986) gim\u0117 Bulgarijoje. 1937 metais jis persik\u0117l\u0117 \u012f Pranc\u016bzij\u0105. Ten jis","breadcrumb":{"@id":"https:\/\/skaitytaknyga.lt\/produktas\/sviesa-gyvoji-dvasia\/#breadcrumb"},"inLanguage":"en-GB","potentialAction":[{"@type":"ReadAction","target":["https:\/\/skaitytaknyga.lt\/produktas\/sviesa-gyvoji-dvasia\/"]}]},{"@type":"ImageObject","inLanguage":"en-GB","@id":"https:\/\/skaitytaknyga.lt\/produktas\/sviesa-gyvoji-dvasia\/#primaryimage","url":"https:\/\/skaitytaknyga.lt\/wp-content\/uploads\/2025\/02\/Sviesa-gyvoji-dvasia.webp","contentUrl":"https:\/\/skaitytaknyga.lt\/wp-content\/uploads\/2025\/02\/Sviesa-gyvoji-dvasia.webp","width":478,"height":800,"caption":"\u0160viesa - gyvoji dvasia"},{"@type":"BreadcrumbList","@id":"https:\/\/skaitytaknyga.lt\/produktas\/sviesa-gyvoji-dvasia\/#breadcrumb","itemListElement":[{"@type":"ListItem","position":1,"name":"Home","item":"https:\/\/skaitytaknyga.lt\/"},{"@type":"ListItem","position":2,"name":"Parduotuv\u0117","item":"https:\/\/skaitytaknyga.lt\/knygu-parduotuve\/"},{"@type":"ListItem","position":3,"name":"\u0160viesa &#8211; gyvoji dvasia"}]},{"@type":"WebSite","@id":"https:\/\/skaitytaknyga.lt\/#website","url":"https:\/\/skaitytaknyga.lt\/","name":"skaitytaknyga.lt","description":"Skaitytaknyga.lt \u2013 tai ma\u017eas \u0161eimos verslas, kuris prasid\u0117jo nuo meil\u0117s knygoms ir siekio i\u0161gelb\u0117ti knygas nuo likimo prie konteinerio. Kas vienam nereikalingas daiktas \u2013 kitam lobis, o mes esame tarpininkai, kurie padeda abiems tapti laimingesniems ???? \u017dinome kaip nelengva i\u0161gyventi ma\u017eiems verslams, tad nuo \u0161iol, \u010dia rasite ir kit\u0173, ma\u017e\u0173 \u0161eim\u0173 versl\u0173, rank\u0173 darbo, dovan\u0173 sau ir artimiesiems.","publisher":{"@id":"https:\/\/skaitytaknyga.lt\/#organization"},"potentialAction":[{"@type":"SearchAction","target":{"@type":"EntryPoint","urlTemplate":"https:\/\/skaitytaknyga.lt\/?s={search_term_string}"},"query-input":{"@type":"PropertyValueSpecification","valueRequired":true,"valueName":"search_term_string"}}],"inLanguage":"en-GB"},{"@type":"Organization","@id":"https:\/\/skaitytaknyga.lt\/#organization","name":"skaitytaknyga.lt","url":"https:\/\/skaitytaknyga.lt\/","logo":{"@type":"ImageObject","inLanguage":"en-GB","@id":"https:\/\/skaitytaknyga.lt\/#\/schema\/logo\/image\/","url":"https:\/\/skaitytaknyga.lt\/wp-content\/uploads\/2024\/05\/cropped-cropped-cropped-02_00843_jt3bggkj1j3HLc7SyY6rEUpg.jpeg","contentUrl":"https:\/\/skaitytaknyga.lt\/wp-content\/uploads\/2024\/05\/cropped-cropped-cropped-02_00843_jt3bggkj1j3HLc7SyY6rEUpg.jpeg","width":1600,"height":1600,"caption":"skaitytaknyga.lt"},"image":{"@id":"https:\/\/skaitytaknyga.lt\/#\/schema\/logo\/image\/"},"sameAs":["https:\/\/www.facebook.com\/skaitytaknyga\/"]}]}},"_links":{"self":[{"href":"https:\/\/skaitytaknyga.lt\/en\/wp-json\/wp\/v2\/product\/16583","targetHints":{"allow":["GET"]}}],"collection":[{"href":"https:\/\/skaitytaknyga.lt\/en\/wp-json\/wp\/v2\/product"}],"about":[{"href":"https:\/\/skaitytaknyga.lt\/en\/wp-json\/wp\/v2\/types\/product"}],"replies":[{"embeddable":true,"href":"https:\/\/skaitytaknyga.lt\/en\/wp-json\/wp\/v2\/comments?post=16583"}],"wp:featuredmedia":[{"embeddable":true,"href":"https:\/\/skaitytaknyga.lt\/en\/wp-json\/wp\/v2\/media\/16584"}],"wp:attachment":[{"href":"https:\/\/skaitytaknyga.lt\/en\/wp-json\/wp\/v2\/media?parent=16583"}],"wp:term":[{"taxonomy":"product_brand","embeddable":true,"href":"https:\/\/skaitytaknyga.lt\/en\/wp-json\/wp\/v2\/product_brand?post=16583"},{"taxonomy":"product_cat","embeddable":true,"href":"https:\/\/skaitytaknyga.lt\/en\/wp-json\/wp\/v2\/product_cat?post=16583"},{"taxonomy":"product_tag","embeddable":true,"href":"https:\/\/skaitytaknyga.lt\/en\/wp-json\/wp\/v2\/product_tag?post=16583"}],"curies":[{"name":"wp","href":"https:\/\/api.w.org\/{rel}","templated":true}]}}