{"id":16581,"date":"2025-02-03T10:32:10","date_gmt":"2025-02-03T08:32:10","guid":{"rendered":"https:\/\/skaitytaknyga.lt\/?post_type=product&#038;p=16581"},"modified":"2025-07-07T20:25:24","modified_gmt":"2025-07-07T17:25:24","slug":"tylos-kelias","status":"publish","type":"product","link":"https:\/\/skaitytaknyga.lt\/en\/produktas\/tylos-kelias\/","title":{"rendered":"Tylos kelias"},"content":{"rendered":"<p>\u017dinomas filosofas ir dvasinis mokytojas Omraamas Mikhaelis Aivanhovas (1900\u20131986) gim\u0117 Bulgarijoje. 1937 metais jis persik\u0117l\u0117 \u012f Pranc\u016bzij\u0105. Ten jis skleid\u0117 savo mokym\u0105 beveik pus\u0119 am\u017eiaus \u2013 iki pat mirties. Esmingiausias Omraamo Mikhaelio Aivanhovo mokymo teiginys tas, kad mes, \u0161ios planetos gyventojai, teisingai suprat\u0119 J\u0117zaus \u017eini\u0105, turime kurti nauj\u0105 pasaul\u012f, nauj\u0105 teisingum\u0105, nauj\u0105 \u017emoni\u0173 bendruomen\u0119, idant \u017eem\u0117je prasid\u0117t\u0173 Dangaus Karalyst\u0117.<\/p>\n<p>Tai antroji Omraamo Mikhaelio Aivanhovo knyga i\u0161 \u201eMijalbos\u201c leidyklos numatytos leisti \u0161io autoriaus\u00a0<em>Izvoro<\/em>\u00a0serijos. \u0160iandien gyvename beproti\u0161kai triuk\u0161mingame ir sujauktame pasaulyje. Vis skubame, nesp\u0117jame, v\u0117luojame, nuolat esame suirz\u0119 ir nepatenkinti. \u201eToks gyvenimas, \u2013 sakome. \u2013 Juk dabar XXI am\u017eius&#8230;\u201c Ta\u010diau m\u016bs\u0173 dvasiai reikia tylos, nes tik tyloje \u012fmanoma i\u0161girsti Dievo bals\u0105, tik tyloje galime pa\u017einti save ir tik tyloje prasideda asmenini\u0173 transformacij\u0173 kelias.<br \/>\nOmraamas Mikhaelis Aivanhovas sako: \u201eTyla, ramyb\u0117, harmonija \u2013 tos pa\u010dios tikrov\u0117s i\u0161rai\u0161kos. Nemanykite, kad tyla tu\u0161\u010dia ir nebyli, ne, tyla gyva, virpanti, ji kalba, dainuoja. Bet mes j\u0105 girdime tik tada, kai mumyse nustoja aid\u0117j\u0119 b\u016bgnai&#8230;\u201c<\/p>\n<ul class=\"about-product d-none d-xl-block mt-4\">\n<li><strong>Autorius:<\/strong>\u00a0Omraam Mikhael Aivanhov<\/li>\n<li><strong>Leid\u0117jas:<\/strong>\u00a0Mijalba<\/li>\n<li><strong>Metai:<\/strong>\u00a02010<\/li>\n<li><strong>Puslapiai:<\/strong>\u00a0168<\/li>\n<li class=\"toggleable type-new-formats \"><strong>ISBN:<\/strong>\u00a09786098050059<\/li>\n<li><strong>Versijos kodas:<\/strong>\u00a0PT.<\/li>\n<li class=\"toggleable type-new-formats \"><strong>Formatas:<\/strong>\u00a011 x 18 cm, mink\u0161ti vir\u0161eliai<\/li>\n<li><strong>Kalba:<\/strong>\u00a0Lietuvi\u0173<\/li>\n<li><strong>Vert\u0117jas:<\/strong>\u00a0Zigmantas Ardickas<\/li>\n<\/ul>\n","protected":false},"excerpt":{"rendered":"<p>\u017dinomas filosofas ir dvasinis mokytojas Omraamas Mikhaelis Aivanhovas (1900\u20131986) gim\u0117 Bulgarijoje. 1937 metais jis persik\u0117l\u0117 \u012f Pranc\u016bzij\u0105. Ten jis skleid\u0117 savo mokym\u0105 beveik pus\u0119 am\u017eiaus \u2013 iki pat mirties. Esmingiausias Omraamo Mikhaelio Aivanhovo mokymo teiginys tas, kad mes, \u0161ios planetos gyventojai, teisingai suprat\u0119 J\u0117zaus \u017eini\u0105, turime kurti nauj\u0105 pasaul\u012f, nauj\u0105 teisingum\u0105, nauj\u0105 \u017emoni\u0173 bendruomen\u0119, idant \u017eem\u0117je prasid\u0117t\u0173 Dangaus Karalyst\u0117. Tai antroji Omraamo Mikhaelio Aivanhovo knyga i\u0161 \u201eMijalbos\u201c leidyklos numatytos leisti \u0161io autoriaus\u00a0Izvoro\u00a0serijos. \u0160iandien gyvename beproti\u0161kai triuk\u0161mingame ir sujauktame pasaulyje. Vis skubame, nesp\u0117jame, v\u0117luojame, nuolat esame suirz\u0119 ir nepatenkinti. \u201eToks gyvenimas, \u2013 sakome. \u2013 Juk dabar XXI am\u017eius&#8230;\u201c Ta\u010diau m\u016bs\u0173 dvasiai reikia tylos, nes tik tyloje \u012fmanoma i\u0161girsti Dievo bals\u0105, tik tyloje galime pa\u017einti save ir tik tyloje prasideda asmenini\u0173 transformacij\u0173 kelias. Omraamas Mikhaelis Aivanhovas sako: \u201eTyla, ramyb\u0117, harmonija \u2013 tos pa\u010dios tikrov\u0117s i\u0161rai\u0161kos. Nemanykite, kad tyla tu\u0161\u010dia ir nebyli, ne, tyla gyva, virpanti, ji kalba, dainuoja. Bet mes j\u0105 girdime tik tada, kai mumyse nustoja aid\u0117j\u0119 b\u016bgnai&#8230;\u201c Autorius:\u00a0Omraam Mikhael Aivanhov Leid\u0117jas:\u00a0Mijalba Metai:\u00a02010 Puslapiai:\u00a0168 ISBN:\u00a09786098050059 Versijos kodas:\u00a0PT. Formatas:\u00a011 x 18 cm, mink\u0161ti vir\u0161eliai Kalba:\u00a0Lietuvi\u0173 Vert\u0117jas:\u00a0Zigmantas Ardickas<\/p>\n","protected":false},"featured_media":16582,"comment_status":"open","ping_status":"closed","template":"","meta":{"_acf_changed":false,"site-sidebar-layout":"default","site-content-layout":"","ast-site-content-layout":"default","site-content-style":"default","site-sidebar-style":"default","ast-global-header-display":"","ast-banner-title-visibility":"","ast-main-header-display":"","ast-hfb-above-header-display":"","ast-hfb-below-header-display":"","ast-hfb-mobile-header-display":"","site-post-title":"","ast-breadcrumbs-content":"","ast-featured-img":"","footer-sml-layout":"","ast-disable-related-posts":"","theme-transparent-header-meta":"default","adv-header-id-meta":"","stick-header-meta":"","header-above-stick-meta":"","header-main-stick-meta":"","header-below-stick-meta":"","astra-migrate-meta-layouts":"set","ast-page-background-enabled":"default","ast-page-background-meta":{"desktop":{"background-color":"","background-image":"","background-repeat":"repeat","background-position":"center center","background-size":"auto","background-attachment":"scroll","background-type":"","background-media":"","overlay-type":"","overlay-color":"","overlay-opacity":"","overlay-gradient":""},"tablet":{"background-color":"","background-image":"","background-repeat":"repeat","background-position":"center center","background-size":"auto","background-attachment":"scroll","background-type":"","background-media":"","overlay-type":"","overlay-color":"","overlay-opacity":"","overlay-gradient":""},"mobile":{"background-color":"","background-image":"","background-repeat":"repeat","background-position":"center center","background-size":"auto","background-attachment":"scroll","background-type":"","background-media":"","overlay-type":"","overlay-color":"","overlay-opacity":"","overlay-gradient":""}},"ast-content-background-meta":{"desktop":{"background-color":"var(--ast-global-color-4)","background-image":"","background-repeat":"repeat","background-position":"center center","background-size":"auto","background-attachment":"scroll","background-type":"","background-media":"","overlay-type":"","overlay-color":"","overlay-opacity":"","overlay-gradient":""},"tablet":{"background-color":"var(--ast-global-color-4)","background-image":"","background-repeat":"repeat","background-position":"center center","background-size":"auto","background-attachment":"scroll","background-type":"","background-media":"","overlay-type":"","overlay-color":"","overlay-opacity":"","overlay-gradient":""},"mobile":{"background-color":"var(--ast-global-color-4)","background-image":"","background-repeat":"repeat","background-position":"center center","background-size":"auto","background-attachment":"scroll","background-type":"","background-media":"","overlay-type":"","overlay-color":"","overlay-opacity":"","overlay-gradient":""}}},"product_brand":[],"product_cat":[15,165],"product_tag":[4785,1467,1963,4787,4786],"class_list":{"0":"post-16581","1":"product","2":"type-product","3":"status-publish","4":"has-post-thumbnail","6":"product_cat-uncategorized","7":"product_cat-religija-filosofija-ir-ezoterika","8":"product_tag-dvasinis-mokymas","9":"product_tag-filosofija","10":"product_tag-meditacija","11":"product_tag-omraam-mikhael-aivanhov","12":"product_tag-tyla","13":"desktop-align-left","14":"tablet-align-left","15":"mobile-align-left","17":"first","18":"outofstock","19":"shipping-taxable","20":"purchasable","21":"product-type-simple"},"acf":[],"yoast_head":"<!-- This site is optimized with the Yoast SEO plugin v27.0 - https:\/\/yoast.com\/product\/yoast-seo-wordpress\/ -->\n<title>Tylos kelias<\/title>\n<meta name=\"description\" content=\"\u017dinomas filosofas ir dvasinis mokytojas Omraamas Mikhaelis Aivanhovas (1900\u20131986) gim\u0117 Bulgarijoje. 1937 metais jis persik\u0117l\u0117 \u012f Pranc\u016bzij\u0105. Ten jis\" \/>\n<meta name=\"robots\" content=\"index, follow, max-snippet:-1, max-image-preview:large, max-video-preview:-1\" \/>\n<link rel=\"canonical\" href=\"https:\/\/skaitytaknyga.lt\/en\/produktas\/tylos-kelias\/\" \/>\n<meta property=\"og:locale\" content=\"en_GB\" \/>\n<meta property=\"og:locale:alternate\" content=\"lt_LT\" \/>\n<meta property=\"og:type\" content=\"article\" \/>\n<meta property=\"og:title\" content=\"Tylos kelias\" \/>\n<meta property=\"og:description\" content=\"\u017dinomas filosofas ir dvasinis mokytojas Omraamas Mikhaelis Aivanhovas (1900\u20131986) gim\u0117 Bulgarijoje. 1937 metais jis persik\u0117l\u0117 \u012f Pranc\u016bzij\u0105. Ten jis\" \/>\n<meta property=\"og:url\" content=\"https:\/\/skaitytaknyga.lt\/en\/produktas\/tylos-kelias\/\" \/>\n<meta property=\"og:site_name\" content=\"Skaitytaknyga\" \/>\n<meta property=\"article:publisher\" content=\"https:\/\/www.facebook.com\/skaitytaknyga\/\" \/>\n<meta property=\"article:modified_time\" content=\"2025-07-07T17:25:24+00:00\" \/>\n<meta property=\"og:image\" content=\"https:\/\/skaitytaknyga.lt\/wp-content\/uploads\/2025\/02\/Tylos-kelias.webp\" \/>\n\t<meta property=\"og:image:width\" content=\"487\" \/>\n\t<meta property=\"og:image:height\" content=\"800\" \/>\n\t<meta property=\"og:image:type\" content=\"image\/webp\" \/>\n<meta name=\"twitter:card\" content=\"summary_large_image\" \/>\n<meta name=\"twitter:label1\" content=\"Estimated reading time\" \/>\n\t<meta name=\"twitter:data1\" content=\"2 minutes\" \/>\n<script type=\"application\/ld+json\" class=\"yoast-schema-graph\">{\"@context\":\"https:\/\/schema.org\",\"@graph\":[{\"@type\":\"WebPage\",\"@id\":\"https:\/\/skaitytaknyga.lt\/produktas\/tylos-kelias\/\",\"url\":\"https:\/\/skaitytaknyga.lt\/produktas\/tylos-kelias\/\",\"name\":\"Tylos kelias\",\"isPartOf\":{\"@id\":\"https:\/\/skaitytaknyga.lt\/#website\"},\"primaryImageOfPage\":{\"@id\":\"https:\/\/skaitytaknyga.lt\/produktas\/tylos-kelias\/#primaryimage\"},\"image\":{\"@id\":\"https:\/\/skaitytaknyga.lt\/produktas\/tylos-kelias\/#primaryimage\"},\"thumbnailUrl\":\"https:\/\/skaitytaknyga.lt\/wp-content\/uploads\/2025\/02\/Tylos-kelias.webp\",\"datePublished\":\"2025-02-03T08:32:10+00:00\",\"dateModified\":\"2025-07-07T17:25:24+00:00\",\"description\":\"\u017dinomas filosofas ir dvasinis mokytojas Omraamas Mikhaelis Aivanhovas (1900\u20131986) gim\u0117 Bulgarijoje. 1937 metais jis persik\u0117l\u0117 \u012f Pranc\u016bzij\u0105. Ten jis\",\"breadcrumb\":{\"@id\":\"https:\/\/skaitytaknyga.lt\/produktas\/tylos-kelias\/#breadcrumb\"},\"inLanguage\":\"en-GB\",\"potentialAction\":[{\"@type\":\"ReadAction\",\"target\":[\"https:\/\/skaitytaknyga.lt\/produktas\/tylos-kelias\/\"]}]},{\"@type\":\"ImageObject\",\"inLanguage\":\"en-GB\",\"@id\":\"https:\/\/skaitytaknyga.lt\/produktas\/tylos-kelias\/#primaryimage\",\"url\":\"https:\/\/skaitytaknyga.lt\/wp-content\/uploads\/2025\/02\/Tylos-kelias.webp\",\"contentUrl\":\"https:\/\/skaitytaknyga.lt\/wp-content\/uploads\/2025\/02\/Tylos-kelias.webp\",\"width\":487,\"height\":800,\"caption\":\"Tylos kelias\"},{\"@type\":\"BreadcrumbList\",\"@id\":\"https:\/\/skaitytaknyga.lt\/produktas\/tylos-kelias\/#breadcrumb\",\"itemListElement\":[{\"@type\":\"ListItem\",\"position\":1,\"name\":\"Home\",\"item\":\"https:\/\/skaitytaknyga.lt\/\"},{\"@type\":\"ListItem\",\"position\":2,\"name\":\"Parduotuv\u0117\",\"item\":\"https:\/\/skaitytaknyga.lt\/knygu-parduotuve\/\"},{\"@type\":\"ListItem\",\"position\":3,\"name\":\"Tylos kelias\"}]},{\"@type\":\"WebSite\",\"@id\":\"https:\/\/skaitytaknyga.lt\/#website\",\"url\":\"https:\/\/skaitytaknyga.lt\/\",\"name\":\"skaitytaknyga.lt\",\"description\":\"Skaitytaknyga.lt \u2013 tai ma\u017eas \u0161eimos verslas, kuris prasid\u0117jo nuo meil\u0117s knygoms ir siekio i\u0161gelb\u0117ti knygas nuo likimo prie konteinerio. Kas vienam nereikalingas daiktas \u2013 kitam lobis, o mes esame tarpininkai, kurie padeda abiems tapti laimingesniems ???? \u017dinome kaip nelengva i\u0161gyventi ma\u017eiems verslams, tad nuo \u0161iol, \u010dia rasite ir kit\u0173, ma\u017e\u0173 \u0161eim\u0173 versl\u0173, rank\u0173 darbo, dovan\u0173 sau ir artimiesiems.\",\"publisher\":{\"@id\":\"https:\/\/skaitytaknyga.lt\/#organization\"},\"potentialAction\":[{\"@type\":\"SearchAction\",\"target\":{\"@type\":\"EntryPoint\",\"urlTemplate\":\"https:\/\/skaitytaknyga.lt\/?s={search_term_string}\"},\"query-input\":{\"@type\":\"PropertyValueSpecification\",\"valueRequired\":true,\"valueName\":\"search_term_string\"}}],\"inLanguage\":\"en-GB\"},{\"@type\":\"Organization\",\"@id\":\"https:\/\/skaitytaknyga.lt\/#organization\",\"name\":\"skaitytaknyga.lt\",\"url\":\"https:\/\/skaitytaknyga.lt\/\",\"logo\":{\"@type\":\"ImageObject\",\"inLanguage\":\"en-GB\",\"@id\":\"https:\/\/skaitytaknyga.lt\/#\/schema\/logo\/image\/\",\"url\":\"https:\/\/skaitytaknyga.lt\/wp-content\/uploads\/2024\/05\/cropped-cropped-cropped-02_00843_jt3bggkj1j3HLc7SyY6rEUpg.jpeg\",\"contentUrl\":\"https:\/\/skaitytaknyga.lt\/wp-content\/uploads\/2024\/05\/cropped-cropped-cropped-02_00843_jt3bggkj1j3HLc7SyY6rEUpg.jpeg\",\"width\":1600,\"height\":1600,\"caption\":\"skaitytaknyga.lt\"},\"image\":{\"@id\":\"https:\/\/skaitytaknyga.lt\/#\/schema\/logo\/image\/\"},\"sameAs\":[\"https:\/\/www.facebook.com\/skaitytaknyga\/\"]}]}<\/script>\n<!-- \/ Yoast SEO plugin. -->","yoast_head_json":{"title":"Tylos kelias","description":"\u017dinomas filosofas ir dvasinis mokytojas Omraamas Mikhaelis Aivanhovas (1900\u20131986) gim\u0117 Bulgarijoje. 1937 metais jis persik\u0117l\u0117 \u012f Pranc\u016bzij\u0105. Ten jis","robots":{"index":"index","follow":"follow","max-snippet":"max-snippet:-1","max-image-preview":"max-image-preview:large","max-video-preview":"max-video-preview:-1"},"canonical":"https:\/\/skaitytaknyga.lt\/en\/produktas\/tylos-kelias\/","og_locale":"en_GB","og_type":"article","og_title":"[:lt]Tylos kelias[:] - Skaitytaknyga","og_description":"\u017dinomas filosofas ir dvasinis mokytojas Omraamas Mikhaelis Aivanhovas (1900\u20131986) gim\u0117 Bulgarijoje. 1937 metais jis persik\u0117l\u0117 \u012f Pranc\u016bzij\u0105. Ten jis","og_url":"https:\/\/skaitytaknyga.lt\/en\/produktas\/tylos-kelias\/","og_site_name":"Skaitytaknyga","article_publisher":"https:\/\/www.facebook.com\/skaitytaknyga\/","article_modified_time":"2025-07-07T17:25:24+00:00","og_image":[{"width":487,"height":800,"url":"https:\/\/skaitytaknyga.lt\/wp-content\/uploads\/2025\/02\/Tylos-kelias.webp","type":"image\/webp"}],"twitter_card":"summary_large_image","twitter_misc":{"Estimated reading time":"2 minutes"},"schema":{"@context":"https:\/\/schema.org","@graph":[{"@type":"WebPage","@id":"https:\/\/skaitytaknyga.lt\/produktas\/tylos-kelias\/","url":"https:\/\/skaitytaknyga.lt\/produktas\/tylos-kelias\/","name":"Tylos kelias","isPartOf":{"@id":"https:\/\/skaitytaknyga.lt\/#website"},"primaryImageOfPage":{"@id":"https:\/\/skaitytaknyga.lt\/produktas\/tylos-kelias\/#primaryimage"},"image":{"@id":"https:\/\/skaitytaknyga.lt\/produktas\/tylos-kelias\/#primaryimage"},"thumbnailUrl":"https:\/\/skaitytaknyga.lt\/wp-content\/uploads\/2025\/02\/Tylos-kelias.webp","datePublished":"2025-02-03T08:32:10+00:00","dateModified":"2025-07-07T17:25:24+00:00","description":"\u017dinomas filosofas ir dvasinis mokytojas Omraamas Mikhaelis Aivanhovas (1900\u20131986) gim\u0117 Bulgarijoje. 1937 metais jis persik\u0117l\u0117 \u012f Pranc\u016bzij\u0105. Ten jis","breadcrumb":{"@id":"https:\/\/skaitytaknyga.lt\/produktas\/tylos-kelias\/#breadcrumb"},"inLanguage":"en-GB","potentialAction":[{"@type":"ReadAction","target":["https:\/\/skaitytaknyga.lt\/produktas\/tylos-kelias\/"]}]},{"@type":"ImageObject","inLanguage":"en-GB","@id":"https:\/\/skaitytaknyga.lt\/produktas\/tylos-kelias\/#primaryimage","url":"https:\/\/skaitytaknyga.lt\/wp-content\/uploads\/2025\/02\/Tylos-kelias.webp","contentUrl":"https:\/\/skaitytaknyga.lt\/wp-content\/uploads\/2025\/02\/Tylos-kelias.webp","width":487,"height":800,"caption":"Tylos kelias"},{"@type":"BreadcrumbList","@id":"https:\/\/skaitytaknyga.lt\/produktas\/tylos-kelias\/#breadcrumb","itemListElement":[{"@type":"ListItem","position":1,"name":"Home","item":"https:\/\/skaitytaknyga.lt\/"},{"@type":"ListItem","position":2,"name":"Parduotuv\u0117","item":"https:\/\/skaitytaknyga.lt\/knygu-parduotuve\/"},{"@type":"ListItem","position":3,"name":"Tylos kelias"}]},{"@type":"WebSite","@id":"https:\/\/skaitytaknyga.lt\/#website","url":"https:\/\/skaitytaknyga.lt\/","name":"skaitytaknyga.lt","description":"Skaitytaknyga.lt \u2013 tai ma\u017eas \u0161eimos verslas, kuris prasid\u0117jo nuo meil\u0117s knygoms ir siekio i\u0161gelb\u0117ti knygas nuo likimo prie konteinerio. Kas vienam nereikalingas daiktas \u2013 kitam lobis, o mes esame tarpininkai, kurie padeda abiems tapti laimingesniems ???? \u017dinome kaip nelengva i\u0161gyventi ma\u017eiems verslams, tad nuo \u0161iol, \u010dia rasite ir kit\u0173, ma\u017e\u0173 \u0161eim\u0173 versl\u0173, rank\u0173 darbo, dovan\u0173 sau ir artimiesiems.","publisher":{"@id":"https:\/\/skaitytaknyga.lt\/#organization"},"potentialAction":[{"@type":"SearchAction","target":{"@type":"EntryPoint","urlTemplate":"https:\/\/skaitytaknyga.lt\/?s={search_term_string}"},"query-input":{"@type":"PropertyValueSpecification","valueRequired":true,"valueName":"search_term_string"}}],"inLanguage":"en-GB"},{"@type":"Organization","@id":"https:\/\/skaitytaknyga.lt\/#organization","name":"skaitytaknyga.lt","url":"https:\/\/skaitytaknyga.lt\/","logo":{"@type":"ImageObject","inLanguage":"en-GB","@id":"https:\/\/skaitytaknyga.lt\/#\/schema\/logo\/image\/","url":"https:\/\/skaitytaknyga.lt\/wp-content\/uploads\/2024\/05\/cropped-cropped-cropped-02_00843_jt3bggkj1j3HLc7SyY6rEUpg.jpeg","contentUrl":"https:\/\/skaitytaknyga.lt\/wp-content\/uploads\/2024\/05\/cropped-cropped-cropped-02_00843_jt3bggkj1j3HLc7SyY6rEUpg.jpeg","width":1600,"height":1600,"caption":"skaitytaknyga.lt"},"image":{"@id":"https:\/\/skaitytaknyga.lt\/#\/schema\/logo\/image\/"},"sameAs":["https:\/\/www.facebook.com\/skaitytaknyga\/"]}]}},"_links":{"self":[{"href":"https:\/\/skaitytaknyga.lt\/en\/wp-json\/wp\/v2\/product\/16581","targetHints":{"allow":["GET"]}}],"collection":[{"href":"https:\/\/skaitytaknyga.lt\/en\/wp-json\/wp\/v2\/product"}],"about":[{"href":"https:\/\/skaitytaknyga.lt\/en\/wp-json\/wp\/v2\/types\/product"}],"replies":[{"embeddable":true,"href":"https:\/\/skaitytaknyga.lt\/en\/wp-json\/wp\/v2\/comments?post=16581"}],"wp:featuredmedia":[{"embeddable":true,"href":"https:\/\/skaitytaknyga.lt\/en\/wp-json\/wp\/v2\/media\/16582"}],"wp:attachment":[{"href":"https:\/\/skaitytaknyga.lt\/en\/wp-json\/wp\/v2\/media?parent=16581"}],"wp:term":[{"taxonomy":"product_brand","embeddable":true,"href":"https:\/\/skaitytaknyga.lt\/en\/wp-json\/wp\/v2\/product_brand?post=16581"},{"taxonomy":"product_cat","embeddable":true,"href":"https:\/\/skaitytaknyga.lt\/en\/wp-json\/wp\/v2\/product_cat?post=16581"},{"taxonomy":"product_tag","embeddable":true,"href":"https:\/\/skaitytaknyga.lt\/en\/wp-json\/wp\/v2\/product_tag?post=16581"}],"curies":[{"name":"wp","href":"https:\/\/api.w.org\/{rel}","templated":true}]}}