{"id":16579,"date":"2025-02-03T10:27:45","date_gmt":"2025-02-03T08:27:45","guid":{"rendered":"https:\/\/skaitytaknyga.lt\/?post_type=product&#038;p=16579"},"modified":"2025-11-09T10:43:25","modified_gmt":"2025-11-09T08:43:25","slug":"isminciaus-juokas","status":"publish","type":"product","link":"https:\/\/skaitytaknyga.lt\/en\/produktas\/isminciaus-juokas\/","title":{"rendered":"I\u0161min\u010diaus juokas"},"content":{"rendered":"<p>\u0160ioje knygoje bulgar\u0173 kilm\u0117s filosofas ir dvasinis mokytojas\u00a0<strong>Omraamas Mikhaelis Aivanhovas<\/strong>\u00a0kalba apie geb\u0117jim\u0105 gyventi optimisti\u0161kai, su viltimi, apie poreik\u012f stiprinti save meile ir i\u0161mintimi.<\/p>\n<p>\u201eKuo ypatingas i\u0161min\u010diaus juokas? Tai yra laisv\u0117s juokas, nes tai, k\u0105 suprato i\u0161min\u010dius, i\u0161laisvino j\u012f nuo beprasmi\u0161k\u0173 gyvenimo na\u0161t\u0173. Jis paliko debesuotas ir dulk\u0117tas teritorijas savyje (astralin\u012f bei \u017eemesn\u012fj\u012f mentalin\u012f plan\u0105) ir pakilo ten, kur am\u017einai \u0161vie\u010dia saul\u0117. Jo \u0161irdis kupina d\u017eiaugsmo, o juokas yra \u0161io d\u017eiaugsmo (kur\u012f taip pat galime vadinti meile) i\u0161rai\u0161ka. I\u0161min\u010diaus meil\u0117 ir d\u017eiaugsmas priver\u010dia \u017emones susim\u0105styti arba jie bent jau paklausia sav\u0119s, kaip patys gal\u0117t\u0173 pasiekti toki\u0105 s\u0105mon\u0117s b\u016bsen\u0105.&#8221;<\/p>\n<p>Izvoro ra\u0161t\u0173 rinkinys Nr. 243<\/p>\n<p>\u017dinomas filosofas ir dvasinis mokytojas\u00a0<strong>Omraamas Mikha\u00eblis A\u00efvanhovas<\/strong>\u00a0(1900\u20131986) gim\u0117 Bulgarijoje. 1937 metais jis persik\u0117l\u0117 \u012f Pranc\u016bzij\u0105. Ten jis skleid\u0117 savo mokym\u0105 beveik pus\u0119 am\u017eiaus \u2013 iki pat mirties. Esmingiausias\u00a0<strong>Omraamo Mikha\u00eblio A\u00efvanhovo<\/strong>\u00a0mokymo teiginys tas, kad mes, \u0161ios planetos gyventojai, teisingai suprat\u0119 J\u0117zaus \u017eini\u0105, turime kurti nauj\u0105 pasaul\u012f, nauj\u0105 teisingum\u0105, nauj\u0105 \u017emoni\u0173 bendruomen\u0119, idant \u017eem\u0117je prasid\u0117t\u0173 Dangaus Karalyst\u0117.<\/p>\n<ul class=\"about-product d-none d-xl-block mt-4\">\n<li><strong>Originalus pavadinimas:<\/strong>\u00a0Le Ride Du Sage<\/li>\n<li><strong>Autorius:<\/strong>\u00a0Omraam Mikhael Aivanhov<\/li>\n<li><strong>Leid\u0117jas:<\/strong>\u00a0Mijalba<\/li>\n<li><strong>Metai:<\/strong>\u00a02019<\/li>\n<li><strong>Puslapiai:<\/strong>\u00a0200<\/li>\n<li class=\"toggleable type-new-formats \"><strong>ISBN:<\/strong>\u00a09786094690686<\/li>\n<li><strong>Versijos kodas:<\/strong>\u00a0PT.<\/li>\n<li class=\"toggleable type-new-formats \"><strong>Formatas:<\/strong>\u00a011 x 18 x 1,1 cm, mink\u0161ti vir\u0161eliai<\/li>\n<li><strong>Kalba:<\/strong>\u00a0Lietuvi\u0173<\/li>\n<li><strong>Vert\u0117jas:<\/strong>\u00a0\u017divil\u0117 \u0160ileikait\u0117<\/li>\n<\/ul>\n","protected":false},"excerpt":{"rendered":"<p>\u0160ioje knygoje bulgar\u0173 kilm\u0117s filosofas ir dvasinis mokytojas\u00a0Omraamas Mikhaelis Aivanhovas\u00a0kalba apie geb\u0117jim\u0105 gyventi optimisti\u0161kai, su viltimi, apie poreik\u012f stiprinti save meile ir i\u0161mintimi. \u201eKuo ypatingas i\u0161min\u010diaus juokas? Tai yra laisv\u0117s juokas, nes tai, k\u0105 suprato i\u0161min\u010dius, i\u0161laisvino j\u012f nuo beprasmi\u0161k\u0173 gyvenimo na\u0161t\u0173. Jis paliko debesuotas ir dulk\u0117tas teritorijas savyje (astralin\u012f bei \u017eemesn\u012fj\u012f mentalin\u012f plan\u0105) ir pakilo ten, kur am\u017einai \u0161vie\u010dia saul\u0117. Jo \u0161irdis kupina d\u017eiaugsmo, o juokas yra \u0161io d\u017eiaugsmo (kur\u012f taip pat galime vadinti meile) i\u0161rai\u0161ka. I\u0161min\u010diaus meil\u0117 ir d\u017eiaugsmas priver\u010dia \u017emones susim\u0105styti arba jie bent jau paklausia sav\u0119s, kaip patys gal\u0117t\u0173 pasiekti toki\u0105 s\u0105mon\u0117s b\u016bsen\u0105.&#8221; Izvoro ra\u0161t\u0173 rinkinys Nr. 243 \u017dinomas filosofas ir dvasinis mokytojas\u00a0Omraamas Mikha\u00eblis A\u00efvanhovas\u00a0(1900\u20131986) gim\u0117 Bulgarijoje. 1937 metais jis persik\u0117l\u0117 \u012f Pranc\u016bzij\u0105. Ten jis skleid\u0117 savo mokym\u0105 beveik pus\u0119 am\u017eiaus \u2013 iki pat mirties. Esmingiausias\u00a0Omraamo Mikha\u00eblio A\u00efvanhovo\u00a0mokymo teiginys tas, kad mes, \u0161ios planetos gyventojai, teisingai suprat\u0119 J\u0117zaus \u017eini\u0105, turime kurti nauj\u0105 pasaul\u012f, nauj\u0105 teisingum\u0105, nauj\u0105 \u017emoni\u0173 bendruomen\u0119, idant \u017eem\u0117je prasid\u0117t\u0173 Dangaus Karalyst\u0117. Originalus pavadinimas:\u00a0Le Ride Du Sage Autorius:\u00a0Omraam Mikhael Aivanhov Leid\u0117jas:\u00a0Mijalba Metai:\u00a02019 Puslapiai:\u00a0200 ISBN:\u00a09786094690686 Versijos kodas:\u00a0PT. Formatas:\u00a011 x 18 x 1,1 cm, mink\u0161ti vir\u0161eliai Kalba:\u00a0Lietuvi\u0173 Vert\u0117jas:\u00a0\u017divil\u0117 \u0160ileikait\u0117<\/p>\n","protected":false},"featured_media":16580,"comment_status":"open","ping_status":"closed","template":"","meta":{"_acf_changed":false,"site-sidebar-layout":"default","site-content-layout":"","ast-site-content-layout":"default","site-content-style":"default","site-sidebar-style":"default","ast-global-header-display":"","ast-banner-title-visibility":"","ast-main-header-display":"","ast-hfb-above-header-display":"","ast-hfb-below-header-display":"","ast-hfb-mobile-header-display":"","site-post-title":"","ast-breadcrumbs-content":"","ast-featured-img":"","footer-sml-layout":"","ast-disable-related-posts":"","theme-transparent-header-meta":"default","adv-header-id-meta":"","stick-header-meta":"","header-above-stick-meta":"","header-main-stick-meta":"","header-below-stick-meta":"","astra-migrate-meta-layouts":"set","ast-page-background-enabled":"default","ast-page-background-meta":{"desktop":{"background-color":"","background-image":"","background-repeat":"repeat","background-position":"center center","background-size":"auto","background-attachment":"scroll","background-type":"","background-media":"","overlay-type":"","overlay-color":"","overlay-opacity":"","overlay-gradient":""},"tablet":{"background-color":"","background-image":"","background-repeat":"repeat","background-position":"center center","background-size":"auto","background-attachment":"scroll","background-type":"","background-media":"","overlay-type":"","overlay-color":"","overlay-opacity":"","overlay-gradient":""},"mobile":{"background-color":"","background-image":"","background-repeat":"repeat","background-position":"center center","background-size":"auto","background-attachment":"scroll","background-type":"","background-media":"","overlay-type":"","overlay-color":"","overlay-opacity":"","overlay-gradient":""}},"ast-content-background-meta":{"desktop":{"background-color":"var(--ast-global-color-4)","background-image":"","background-repeat":"repeat","background-position":"center center","background-size":"auto","background-attachment":"scroll","background-type":"","background-media":"","overlay-type":"","overlay-color":"","overlay-opacity":"","overlay-gradient":""},"tablet":{"background-color":"var(--ast-global-color-4)","background-image":"","background-repeat":"repeat","background-position":"center center","background-size":"auto","background-attachment":"scroll","background-type":"","background-media":"","overlay-type":"","overlay-color":"","overlay-opacity":"","overlay-gradient":""},"mobile":{"background-color":"var(--ast-global-color-4)","background-image":"","background-repeat":"repeat","background-position":"center center","background-size":"auto","background-attachment":"scroll","background-type":"","background-media":"","overlay-type":"","overlay-color":"","overlay-opacity":"","overlay-gradient":""}}},"product_brand":[],"product_cat":[15,165],"product_tag":[4785,1467,4787,2028],"class_list":{"0":"post-16579","1":"product","2":"type-product","3":"status-publish","4":"has-post-thumbnail","6":"product_cat-uncategorized","7":"product_cat-religija-filosofija-ir-ezoterika","8":"product_tag-dvasinis-mokymas","9":"product_tag-filosofija","10":"product_tag-omraam-mikhael-aivanhov","11":"product_tag-optimizmas","12":"desktop-align-left","13":"tablet-align-left","14":"mobile-align-left","16":"first","17":"outofstock","18":"shipping-taxable","19":"purchasable","20":"product-type-simple"},"acf":[],"yoast_head":"<!-- This site is optimized with the Yoast SEO plugin v27.0 - https:\/\/yoast.com\/product\/yoast-seo-wordpress\/ -->\n<title>I\u0161min\u010diaus juokas<\/title>\n<meta name=\"description\" content=\"\u0160ioje knygoje bulgar\u0173 kilm\u0117s filosofas ir dvasinis mokytojas\u00a0Omraamas Mikhaelis Aivanhovas\u00a0kalba apie geb\u0117jim\u0105 gyventi optimisti\u0161kai, su viltimi, apie\" \/>\n<meta name=\"robots\" content=\"index, follow, max-snippet:-1, max-image-preview:large, max-video-preview:-1\" \/>\n<link rel=\"canonical\" href=\"https:\/\/skaitytaknyga.lt\/en\/produktas\/isminciaus-juokas\/\" \/>\n<meta property=\"og:locale\" content=\"en_GB\" \/>\n<meta property=\"og:locale:alternate\" content=\"lt_LT\" \/>\n<meta property=\"og:type\" content=\"article\" \/>\n<meta property=\"og:title\" content=\"I\u0161min\u010diaus juokas\" \/>\n<meta property=\"og:description\" content=\"\u0160ioje knygoje bulgar\u0173 kilm\u0117s filosofas ir dvasinis mokytojas\u00a0Omraamas Mikhaelis Aivanhovas\u00a0kalba apie geb\u0117jim\u0105 gyventi optimisti\u0161kai, su viltimi, apie\" \/>\n<meta property=\"og:url\" content=\"https:\/\/skaitytaknyga.lt\/en\/produktas\/isminciaus-juokas\/\" \/>\n<meta property=\"og:site_name\" content=\"Skaitytaknyga\" \/>\n<meta property=\"article:publisher\" content=\"https:\/\/www.facebook.com\/skaitytaknyga\/\" \/>\n<meta property=\"article:modified_time\" content=\"2025-11-09T08:43:25+00:00\" \/>\n<meta property=\"og:image\" content=\"https:\/\/skaitytaknyga.lt\/wp-content\/uploads\/2025\/02\/Isminciaus-juokas.webp\" \/>\n\t<meta property=\"og:image:width\" content=\"482\" \/>\n\t<meta property=\"og:image:height\" content=\"800\" \/>\n\t<meta property=\"og:image:type\" content=\"image\/webp\" \/>\n<meta name=\"twitter:card\" content=\"summary_large_image\" \/>\n<meta name=\"twitter:label1\" content=\"Estimated reading time\" \/>\n\t<meta name=\"twitter:data1\" content=\"2 minutes\" \/>\n<script type=\"application\/ld+json\" class=\"yoast-schema-graph\">{\"@context\":\"https:\/\/schema.org\",\"@graph\":[{\"@type\":\"WebPage\",\"@id\":\"https:\/\/skaitytaknyga.lt\/produktas\/isminciaus-juokas\/\",\"url\":\"https:\/\/skaitytaknyga.lt\/produktas\/isminciaus-juokas\/\",\"name\":\"I\u0161min\u010diaus juokas\",\"isPartOf\":{\"@id\":\"https:\/\/skaitytaknyga.lt\/#website\"},\"primaryImageOfPage\":{\"@id\":\"https:\/\/skaitytaknyga.lt\/produktas\/isminciaus-juokas\/#primaryimage\"},\"image\":{\"@id\":\"https:\/\/skaitytaknyga.lt\/produktas\/isminciaus-juokas\/#primaryimage\"},\"thumbnailUrl\":\"https:\/\/skaitytaknyga.lt\/wp-content\/uploads\/2025\/02\/Isminciaus-juokas.webp\",\"datePublished\":\"2025-02-03T08:27:45+00:00\",\"dateModified\":\"2025-11-09T08:43:25+00:00\",\"description\":\"\u0160ioje knygoje bulgar\u0173 kilm\u0117s filosofas ir dvasinis mokytojas\u00a0Omraamas Mikhaelis Aivanhovas\u00a0kalba apie geb\u0117jim\u0105 gyventi optimisti\u0161kai, su viltimi, apie\",\"breadcrumb\":{\"@id\":\"https:\/\/skaitytaknyga.lt\/produktas\/isminciaus-juokas\/#breadcrumb\"},\"inLanguage\":\"en-GB\",\"potentialAction\":[{\"@type\":\"ReadAction\",\"target\":[\"https:\/\/skaitytaknyga.lt\/produktas\/isminciaus-juokas\/\"]}]},{\"@type\":\"ImageObject\",\"inLanguage\":\"en-GB\",\"@id\":\"https:\/\/skaitytaknyga.lt\/produktas\/isminciaus-juokas\/#primaryimage\",\"url\":\"https:\/\/skaitytaknyga.lt\/wp-content\/uploads\/2025\/02\/Isminciaus-juokas.webp\",\"contentUrl\":\"https:\/\/skaitytaknyga.lt\/wp-content\/uploads\/2025\/02\/Isminciaus-juokas.webp\",\"width\":482,\"height\":800,\"caption\":\"I\u0161min\u010diaus juokas\"},{\"@type\":\"BreadcrumbList\",\"@id\":\"https:\/\/skaitytaknyga.lt\/produktas\/isminciaus-juokas\/#breadcrumb\",\"itemListElement\":[{\"@type\":\"ListItem\",\"position\":1,\"name\":\"Home\",\"item\":\"https:\/\/skaitytaknyga.lt\/\"},{\"@type\":\"ListItem\",\"position\":2,\"name\":\"Parduotuv\u0117\",\"item\":\"https:\/\/skaitytaknyga.lt\/knygu-parduotuve\/\"},{\"@type\":\"ListItem\",\"position\":3,\"name\":\"I\u0161min\u010diaus juokas\"}]},{\"@type\":\"WebSite\",\"@id\":\"https:\/\/skaitytaknyga.lt\/#website\",\"url\":\"https:\/\/skaitytaknyga.lt\/\",\"name\":\"skaitytaknyga.lt\",\"description\":\"Skaitytaknyga.lt \u2013 tai ma\u017eas \u0161eimos verslas, kuris prasid\u0117jo nuo meil\u0117s knygoms ir siekio i\u0161gelb\u0117ti knygas nuo likimo prie konteinerio. Kas vienam nereikalingas daiktas \u2013 kitam lobis, o mes esame tarpininkai, kurie padeda abiems tapti laimingesniems ???? \u017dinome kaip nelengva i\u0161gyventi ma\u017eiems verslams, tad nuo \u0161iol, \u010dia rasite ir kit\u0173, ma\u017e\u0173 \u0161eim\u0173 versl\u0173, rank\u0173 darbo, dovan\u0173 sau ir artimiesiems.\",\"publisher\":{\"@id\":\"https:\/\/skaitytaknyga.lt\/#organization\"},\"potentialAction\":[{\"@type\":\"SearchAction\",\"target\":{\"@type\":\"EntryPoint\",\"urlTemplate\":\"https:\/\/skaitytaknyga.lt\/?s={search_term_string}\"},\"query-input\":{\"@type\":\"PropertyValueSpecification\",\"valueRequired\":true,\"valueName\":\"search_term_string\"}}],\"inLanguage\":\"en-GB\"},{\"@type\":\"Organization\",\"@id\":\"https:\/\/skaitytaknyga.lt\/#organization\",\"name\":\"skaitytaknyga.lt\",\"url\":\"https:\/\/skaitytaknyga.lt\/\",\"logo\":{\"@type\":\"ImageObject\",\"inLanguage\":\"en-GB\",\"@id\":\"https:\/\/skaitytaknyga.lt\/#\/schema\/logo\/image\/\",\"url\":\"https:\/\/skaitytaknyga.lt\/wp-content\/uploads\/2024\/05\/cropped-cropped-cropped-02_00843_jt3bggkj1j3HLc7SyY6rEUpg.jpeg\",\"contentUrl\":\"https:\/\/skaitytaknyga.lt\/wp-content\/uploads\/2024\/05\/cropped-cropped-cropped-02_00843_jt3bggkj1j3HLc7SyY6rEUpg.jpeg\",\"width\":1600,\"height\":1600,\"caption\":\"skaitytaknyga.lt\"},\"image\":{\"@id\":\"https:\/\/skaitytaknyga.lt\/#\/schema\/logo\/image\/\"},\"sameAs\":[\"https:\/\/www.facebook.com\/skaitytaknyga\/\"]}]}<\/script>\n<!-- \/ Yoast SEO plugin. -->","yoast_head_json":{"title":"I\u0161min\u010diaus juokas","description":"\u0160ioje knygoje bulgar\u0173 kilm\u0117s filosofas ir dvasinis mokytojas\u00a0Omraamas Mikhaelis Aivanhovas\u00a0kalba apie geb\u0117jim\u0105 gyventi optimisti\u0161kai, su viltimi, apie","robots":{"index":"index","follow":"follow","max-snippet":"max-snippet:-1","max-image-preview":"max-image-preview:large","max-video-preview":"max-video-preview:-1"},"canonical":"https:\/\/skaitytaknyga.lt\/en\/produktas\/isminciaus-juokas\/","og_locale":"en_GB","og_type":"article","og_title":"[:lt]I\u0161min\u010diaus juokas[:] - Skaitytaknyga","og_description":"\u0160ioje knygoje bulgar\u0173 kilm\u0117s filosofas ir dvasinis mokytojas\u00a0Omraamas Mikhaelis Aivanhovas\u00a0kalba apie geb\u0117jim\u0105 gyventi optimisti\u0161kai, su viltimi, apie","og_url":"https:\/\/skaitytaknyga.lt\/en\/produktas\/isminciaus-juokas\/","og_site_name":"Skaitytaknyga","article_publisher":"https:\/\/www.facebook.com\/skaitytaknyga\/","article_modified_time":"2025-11-09T08:43:25+00:00","og_image":[{"width":482,"height":800,"url":"https:\/\/skaitytaknyga.lt\/wp-content\/uploads\/2025\/02\/Isminciaus-juokas.webp","type":"image\/webp"}],"twitter_card":"summary_large_image","twitter_misc":{"Estimated reading time":"2 minutes"},"schema":{"@context":"https:\/\/schema.org","@graph":[{"@type":"WebPage","@id":"https:\/\/skaitytaknyga.lt\/produktas\/isminciaus-juokas\/","url":"https:\/\/skaitytaknyga.lt\/produktas\/isminciaus-juokas\/","name":"I\u0161min\u010diaus juokas","isPartOf":{"@id":"https:\/\/skaitytaknyga.lt\/#website"},"primaryImageOfPage":{"@id":"https:\/\/skaitytaknyga.lt\/produktas\/isminciaus-juokas\/#primaryimage"},"image":{"@id":"https:\/\/skaitytaknyga.lt\/produktas\/isminciaus-juokas\/#primaryimage"},"thumbnailUrl":"https:\/\/skaitytaknyga.lt\/wp-content\/uploads\/2025\/02\/Isminciaus-juokas.webp","datePublished":"2025-02-03T08:27:45+00:00","dateModified":"2025-11-09T08:43:25+00:00","description":"\u0160ioje knygoje bulgar\u0173 kilm\u0117s filosofas ir dvasinis mokytojas\u00a0Omraamas Mikhaelis Aivanhovas\u00a0kalba apie geb\u0117jim\u0105 gyventi optimisti\u0161kai, su viltimi, apie","breadcrumb":{"@id":"https:\/\/skaitytaknyga.lt\/produktas\/isminciaus-juokas\/#breadcrumb"},"inLanguage":"en-GB","potentialAction":[{"@type":"ReadAction","target":["https:\/\/skaitytaknyga.lt\/produktas\/isminciaus-juokas\/"]}]},{"@type":"ImageObject","inLanguage":"en-GB","@id":"https:\/\/skaitytaknyga.lt\/produktas\/isminciaus-juokas\/#primaryimage","url":"https:\/\/skaitytaknyga.lt\/wp-content\/uploads\/2025\/02\/Isminciaus-juokas.webp","contentUrl":"https:\/\/skaitytaknyga.lt\/wp-content\/uploads\/2025\/02\/Isminciaus-juokas.webp","width":482,"height":800,"caption":"I\u0161min\u010diaus juokas"},{"@type":"BreadcrumbList","@id":"https:\/\/skaitytaknyga.lt\/produktas\/isminciaus-juokas\/#breadcrumb","itemListElement":[{"@type":"ListItem","position":1,"name":"Home","item":"https:\/\/skaitytaknyga.lt\/"},{"@type":"ListItem","position":2,"name":"Parduotuv\u0117","item":"https:\/\/skaitytaknyga.lt\/knygu-parduotuve\/"},{"@type":"ListItem","position":3,"name":"I\u0161min\u010diaus juokas"}]},{"@type":"WebSite","@id":"https:\/\/skaitytaknyga.lt\/#website","url":"https:\/\/skaitytaknyga.lt\/","name":"skaitytaknyga.lt","description":"Skaitytaknyga.lt \u2013 tai ma\u017eas \u0161eimos verslas, kuris prasid\u0117jo nuo meil\u0117s knygoms ir siekio i\u0161gelb\u0117ti knygas nuo likimo prie konteinerio. Kas vienam nereikalingas daiktas \u2013 kitam lobis, o mes esame tarpininkai, kurie padeda abiems tapti laimingesniems ???? \u017dinome kaip nelengva i\u0161gyventi ma\u017eiems verslams, tad nuo \u0161iol, \u010dia rasite ir kit\u0173, ma\u017e\u0173 \u0161eim\u0173 versl\u0173, rank\u0173 darbo, dovan\u0173 sau ir artimiesiems.","publisher":{"@id":"https:\/\/skaitytaknyga.lt\/#organization"},"potentialAction":[{"@type":"SearchAction","target":{"@type":"EntryPoint","urlTemplate":"https:\/\/skaitytaknyga.lt\/?s={search_term_string}"},"query-input":{"@type":"PropertyValueSpecification","valueRequired":true,"valueName":"search_term_string"}}],"inLanguage":"en-GB"},{"@type":"Organization","@id":"https:\/\/skaitytaknyga.lt\/#organization","name":"skaitytaknyga.lt","url":"https:\/\/skaitytaknyga.lt\/","logo":{"@type":"ImageObject","inLanguage":"en-GB","@id":"https:\/\/skaitytaknyga.lt\/#\/schema\/logo\/image\/","url":"https:\/\/skaitytaknyga.lt\/wp-content\/uploads\/2024\/05\/cropped-cropped-cropped-02_00843_jt3bggkj1j3HLc7SyY6rEUpg.jpeg","contentUrl":"https:\/\/skaitytaknyga.lt\/wp-content\/uploads\/2024\/05\/cropped-cropped-cropped-02_00843_jt3bggkj1j3HLc7SyY6rEUpg.jpeg","width":1600,"height":1600,"caption":"skaitytaknyga.lt"},"image":{"@id":"https:\/\/skaitytaknyga.lt\/#\/schema\/logo\/image\/"},"sameAs":["https:\/\/www.facebook.com\/skaitytaknyga\/"]}]}},"_links":{"self":[{"href":"https:\/\/skaitytaknyga.lt\/en\/wp-json\/wp\/v2\/product\/16579","targetHints":{"allow":["GET"]}}],"collection":[{"href":"https:\/\/skaitytaknyga.lt\/en\/wp-json\/wp\/v2\/product"}],"about":[{"href":"https:\/\/skaitytaknyga.lt\/en\/wp-json\/wp\/v2\/types\/product"}],"replies":[{"embeddable":true,"href":"https:\/\/skaitytaknyga.lt\/en\/wp-json\/wp\/v2\/comments?post=16579"}],"wp:featuredmedia":[{"embeddable":true,"href":"https:\/\/skaitytaknyga.lt\/en\/wp-json\/wp\/v2\/media\/16580"}],"wp:attachment":[{"href":"https:\/\/skaitytaknyga.lt\/en\/wp-json\/wp\/v2\/media?parent=16579"}],"wp:term":[{"taxonomy":"product_brand","embeddable":true,"href":"https:\/\/skaitytaknyga.lt\/en\/wp-json\/wp\/v2\/product_brand?post=16579"},{"taxonomy":"product_cat","embeddable":true,"href":"https:\/\/skaitytaknyga.lt\/en\/wp-json\/wp\/v2\/product_cat?post=16579"},{"taxonomy":"product_tag","embeddable":true,"href":"https:\/\/skaitytaknyga.lt\/en\/wp-json\/wp\/v2\/product_tag?post=16579"}],"curies":[{"name":"wp","href":"https:\/\/api.w.org\/{rel}","templated":true}]}}