{"id":16577,"date":"2025-02-03T10:26:24","date_gmt":"2025-02-03T08:26:24","guid":{"rendered":"https:\/\/skaitytaknyga.lt\/?post_type=product&#038;p=16577"},"modified":"2025-06-12T08:07:31","modified_gmt":"2025-06-12T05:07:31","slug":"eikite-ir-telydi-jus-sviesa","status":"publish","type":"product","link":"https:\/\/skaitytaknyga.lt\/en\/produktas\/eikite-ir-telydi-jus-sviesa\/","title":{"rendered":"Eikite ir telydi Jus \u0161viesa"},"content":{"rendered":"<p>Izvoro ra\u0161t\u0173 rinkinys Nr. 244<\/p>\n<p>\u017dinomas filosofas ir dvasinis mokytojas\u00a0<strong>Omraamas Mikha\u00eblis A\u00efvanhovas<\/strong>\u00a0(1900\u20131986) gim\u0117 Bulgarijoje. 1937 metais jis persik\u0117l\u0117 \u012f Pranc\u016bzij\u0105. Ten jis skleid\u0117 savo mokym\u0105 beveik pus\u0119 am\u017eiaus \u2013 iki pat mirties. Esmingiausias O. M. A\u00efvanhovo mokymo teiginys tas, kad mes, \u0161ios planetos gyventojai, teisingai suprat\u0119 J\u0117zaus \u017eini\u0105, turime kurti nauj\u0105 pasaul\u012f, nauj\u0105 teisingum\u0105, nauj\u0105 \u017emoni\u0173 bendruomen\u0119, idant \u017eem\u0117je prasid\u0117t\u0173 Dangaus Karalyst\u0117.<\/p>\n<p>Knygoje\u00a0<strong>\u201eEikite ir telydi Jus \u0161viesa\u201c<\/strong>\u00a0<strong>Omraamas Mikha\u00eblis A\u00efvanhovas<\/strong>\u00a0kalba apie \u012fvairius \u012e\u0161ventint\u0173j\u0173 mokymo aspektus. Jis sako: \u201eKlausimai, kurie mums kyla, visada liks tokie patys: mes turime suprasti, kokie esame \u017emon\u0117s, turime rasti gyvenimo prasm\u0119, \u012fveikti kli\u016btis, kuri\u0173 apstu m\u016bs\u0173 kelyje. Taigi nesitik\u0117kite, kad kalb\u0117siu apie k\u0105 nors kita. M\u016bs\u0173 dvasinis tobul\u0117jimas, patiriami sunkumai, kelias, kur\u012f turime nueiti, ir patarimai, kaip dera keliauti, \u2013 \u0161tai tos am\u017einos temos, prie kuri\u0173 nuolat gr\u012f\u0161iu.&#8221;<\/p>\n<p>Praeities jau n\u0117ra, ateitis dar neat\u0117jo. Jums priklauso tik dabartis, kuri\u0105 savo rankose galite lipdyti, kaip norite. Tam turite minut\u0119, valand\u0105 ar i\u0161tis\u0105 dien\u0105 ir tai yra j\u016bs\u0173 tikrasis turtas! &#8230;<\/p>\n<p>J\u016bs\u0173 b\u016bsima laim\u0117 priklauso tik nuo j\u016bs\u0173 tri\u016bso, nuo j\u016bs\u0173 pastang\u0173. B\u016btent d\u0117l \u0161i\u0173 pastang\u0173 j\u016bs\u0173 laukia daugyb\u0117 palaiminim\u0173. Nieko daugiau negaliu pasakyti. Eikite toliau \u0161viesos keliu. Kas laukia \u0161io kelio pabaigoje? Pamatysite, kai ateisite. Pamatysite ir liksite apstulb\u0119!<\/p>\n<p>\u2013 Omraam Mikha\u00ebl A\u00efvanhov<\/p>\n<ul class=\"about-product d-none d-xl-block mt-4\">\n<li><strong>Autorius:<\/strong>\u00a0Omraam Mikhael Aivanhov<\/li>\n<li><strong>Leid\u0117jas:<\/strong>\u00a0Mijalba<\/li>\n<li><strong>Metai:<\/strong>\u00a02018<\/li>\n<li><strong>Puslapiai:<\/strong>\u00a0192<\/li>\n<li class=\"toggleable type-new-formats \"><strong>ISBN:<\/strong>\u00a09786094690587<\/li>\n<li><strong>Versijos kodas:<\/strong>\u00a0PT.<\/li>\n<li class=\"toggleable type-new-formats \"><strong>Formatas:<\/strong>\u00a011 x 18 x 1 cm, mink\u0161ti vir\u0161eliai<\/li>\n<li><strong>Kalba:<\/strong>\u00a0Lietuvi\u0173<\/li>\n<li><strong>Vert\u0117jas:<\/strong>\u00a0Ramut\u0117 Vingelien\u0117<\/li>\n<\/ul>\n","protected":false},"excerpt":{"rendered":"<p>Izvoro ra\u0161t\u0173 rinkinys Nr. 244 \u017dinomas filosofas ir dvasinis mokytojas\u00a0Omraamas Mikha\u00eblis A\u00efvanhovas\u00a0(1900\u20131986) gim\u0117 Bulgarijoje. 1937 metais jis persik\u0117l\u0117 \u012f Pranc\u016bzij\u0105. Ten jis skleid\u0117 savo mokym\u0105 beveik pus\u0119 am\u017eiaus \u2013 iki pat mirties. Esmingiausias O. M. A\u00efvanhovo mokymo teiginys tas, kad mes, \u0161ios planetos gyventojai, teisingai suprat\u0119 J\u0117zaus \u017eini\u0105, turime kurti nauj\u0105 pasaul\u012f, nauj\u0105 teisingum\u0105, nauj\u0105 \u017emoni\u0173 bendruomen\u0119, idant \u017eem\u0117je prasid\u0117t\u0173 Dangaus Karalyst\u0117. Knygoje\u00a0\u201eEikite ir telydi Jus \u0161viesa\u201c\u00a0Omraamas Mikha\u00eblis A\u00efvanhovas\u00a0kalba apie \u012fvairius \u012e\u0161ventint\u0173j\u0173 mokymo aspektus. Jis sako: \u201eKlausimai, kurie mums kyla, visada liks tokie patys: mes turime suprasti, kokie esame \u017emon\u0117s, turime rasti gyvenimo prasm\u0119, \u012fveikti kli\u016btis, kuri\u0173 apstu m\u016bs\u0173 kelyje. Taigi nesitik\u0117kite, kad kalb\u0117siu apie k\u0105 nors kita. M\u016bs\u0173 dvasinis tobul\u0117jimas, patiriami sunkumai, kelias, kur\u012f turime nueiti, ir patarimai, kaip dera keliauti, \u2013 \u0161tai tos am\u017einos temos, prie kuri\u0173 nuolat gr\u012f\u0161iu.&#8221; Praeities jau n\u0117ra, ateitis dar neat\u0117jo. Jums priklauso tik dabartis, kuri\u0105 savo rankose galite lipdyti, kaip norite. Tam turite minut\u0119, valand\u0105 ar i\u0161tis\u0105 dien\u0105 ir tai yra j\u016bs\u0173 tikrasis turtas! &#8230; J\u016bs\u0173 b\u016bsima laim\u0117 priklauso tik nuo j\u016bs\u0173 tri\u016bso, nuo j\u016bs\u0173 pastang\u0173. B\u016btent d\u0117l \u0161i\u0173 pastang\u0173 j\u016bs\u0173 laukia daugyb\u0117 palaiminim\u0173. Nieko daugiau negaliu pasakyti. Eikite toliau \u0161viesos keliu. Kas laukia \u0161io kelio pabaigoje? Pamatysite, kai ateisite. Pamatysite ir liksite apstulb\u0119! \u2013 Omraam Mikha\u00ebl A\u00efvanhov Autorius:\u00a0Omraam Mikhael Aivanhov Leid\u0117jas:\u00a0Mijalba Metai:\u00a02018 Puslapiai:\u00a0192 ISBN:\u00a09786094690587 Versijos kodas:\u00a0PT. Formatas:\u00a011 x 18 x 1 cm, mink\u0161ti vir\u0161eliai Kalba:\u00a0Lietuvi\u0173 Vert\u0117jas:\u00a0Ramut\u0117 Vingelien\u0117<\/p>\n","protected":false},"featured_media":16578,"comment_status":"open","ping_status":"closed","template":"","meta":{"_acf_changed":false,"site-sidebar-layout":"default","site-content-layout":"","ast-site-content-layout":"default","site-content-style":"default","site-sidebar-style":"default","ast-global-header-display":"","ast-banner-title-visibility":"","ast-main-header-display":"","ast-hfb-above-header-display":"","ast-hfb-below-header-display":"","ast-hfb-mobile-header-display":"","site-post-title":"","ast-breadcrumbs-content":"","ast-featured-img":"","footer-sml-layout":"","ast-disable-related-posts":"","theme-transparent-header-meta":"default","adv-header-id-meta":"","stick-header-meta":"","header-above-stick-meta":"","header-main-stick-meta":"","header-below-stick-meta":"","astra-migrate-meta-layouts":"set","ast-page-background-enabled":"default","ast-page-background-meta":{"desktop":{"background-color":"","background-image":"","background-repeat":"repeat","background-position":"center center","background-size":"auto","background-attachment":"scroll","background-type":"","background-media":"","overlay-type":"","overlay-color":"","overlay-opacity":"","overlay-gradient":""},"tablet":{"background-color":"","background-image":"","background-repeat":"repeat","background-position":"center center","background-size":"auto","background-attachment":"scroll","background-type":"","background-media":"","overlay-type":"","overlay-color":"","overlay-opacity":"","overlay-gradient":""},"mobile":{"background-color":"","background-image":"","background-repeat":"repeat","background-position":"center center","background-size":"auto","background-attachment":"scroll","background-type":"","background-media":"","overlay-type":"","overlay-color":"","overlay-opacity":"","overlay-gradient":""}},"ast-content-background-meta":{"desktop":{"background-color":"var(--ast-global-color-4)","background-image":"","background-repeat":"repeat","background-position":"center center","background-size":"auto","background-attachment":"scroll","background-type":"","background-media":"","overlay-type":"","overlay-color":"","overlay-opacity":"","overlay-gradient":""},"tablet":{"background-color":"var(--ast-global-color-4)","background-image":"","background-repeat":"repeat","background-position":"center center","background-size":"auto","background-attachment":"scroll","background-type":"","background-media":"","overlay-type":"","overlay-color":"","overlay-opacity":"","overlay-gradient":""},"mobile":{"background-color":"var(--ast-global-color-4)","background-image":"","background-repeat":"repeat","background-position":"center center","background-size":"auto","background-attachment":"scroll","background-type":"","background-media":"","overlay-type":"","overlay-color":"","overlay-opacity":"","overlay-gradient":""}}},"product_brand":[],"product_cat":[15,165],"product_tag":[],"class_list":{"0":"post-16577","1":"product","2":"type-product","3":"status-publish","4":"has-post-thumbnail","6":"product_cat-uncategorized","7":"product_cat-religija-filosofija-ir-ezoterika","8":"desktop-align-left","9":"tablet-align-left","10":"mobile-align-left","12":"first","13":"instock","14":"shipping-taxable","15":"purchasable","16":"product-type-simple"},"acf":[],"yoast_head":"<!-- This site is optimized with the Yoast SEO plugin v27.0 - https:\/\/yoast.com\/product\/yoast-seo-wordpress\/ -->\n<title>Eikite ir telydi Jus \u0161viesa<\/title>\n<meta name=\"description\" content=\"Izvoro ra\u0161t\u0173 rinkinys Nr. 244 \u017dinomas filosofas ir dvasinis mokytojas\u00a0Omraamas Mikha\u00eblis A\u00efvanhovas\u00a0(1900\u20131986) gim\u0117 Bulgarijoje. 1937 metais jis\" \/>\n<meta name=\"robots\" content=\"index, follow, max-snippet:-1, max-image-preview:large, max-video-preview:-1\" \/>\n<link rel=\"canonical\" href=\"https:\/\/skaitytaknyga.lt\/en\/produktas\/eikite-ir-telydi-jus-sviesa\/\" \/>\n<meta property=\"og:locale\" content=\"en_GB\" \/>\n<meta property=\"og:locale:alternate\" content=\"lt_LT\" \/>\n<meta property=\"og:type\" content=\"article\" \/>\n<meta property=\"og:title\" content=\"Eikite ir telydi Jus \u0161viesa\" \/>\n<meta property=\"og:description\" content=\"Izvoro ra\u0161t\u0173 rinkinys Nr. 244 \u017dinomas filosofas ir dvasinis mokytojas\u00a0Omraamas Mikha\u00eblis A\u00efvanhovas\u00a0(1900\u20131986) gim\u0117 Bulgarijoje. 1937 metais jis\" \/>\n<meta property=\"og:url\" content=\"https:\/\/skaitytaknyga.lt\/en\/produktas\/eikite-ir-telydi-jus-sviesa\/\" \/>\n<meta property=\"og:site_name\" content=\"Skaitytaknyga\" \/>\n<meta property=\"article:publisher\" content=\"https:\/\/www.facebook.com\/skaitytaknyga\/\" \/>\n<meta property=\"article:modified_time\" content=\"2025-06-12T05:07:31+00:00\" \/>\n<meta property=\"og:image\" content=\"https:\/\/skaitytaknyga.lt\/wp-content\/uploads\/2025\/02\/Eikite-ir-telydi-Jus-sviesa.webp\" \/>\n\t<meta property=\"og:image:width\" content=\"525\" \/>\n\t<meta property=\"og:image:height\" content=\"751\" \/>\n\t<meta property=\"og:image:type\" content=\"image\/webp\" \/>\n<meta name=\"twitter:card\" content=\"summary_large_image\" \/>\n<meta name=\"twitter:label1\" content=\"Estimated reading time\" \/>\n\t<meta name=\"twitter:data1\" content=\"2 minutes\" \/>\n<script type=\"application\/ld+json\" class=\"yoast-schema-graph\">{\"@context\":\"https:\/\/schema.org\",\"@graph\":[{\"@type\":\"WebPage\",\"@id\":\"https:\/\/skaitytaknyga.lt\/produktas\/eikite-ir-telydi-jus-sviesa\/\",\"url\":\"https:\/\/skaitytaknyga.lt\/produktas\/eikite-ir-telydi-jus-sviesa\/\",\"name\":\"Eikite ir telydi Jus \u0161viesa\",\"isPartOf\":{\"@id\":\"https:\/\/skaitytaknyga.lt\/#website\"},\"primaryImageOfPage\":{\"@id\":\"https:\/\/skaitytaknyga.lt\/produktas\/eikite-ir-telydi-jus-sviesa\/#primaryimage\"},\"image\":{\"@id\":\"https:\/\/skaitytaknyga.lt\/produktas\/eikite-ir-telydi-jus-sviesa\/#primaryimage\"},\"thumbnailUrl\":\"https:\/\/skaitytaknyga.lt\/wp-content\/uploads\/2025\/02\/Eikite-ir-telydi-Jus-sviesa.webp\",\"datePublished\":\"2025-02-03T08:26:24+00:00\",\"dateModified\":\"2025-06-12T05:07:31+00:00\",\"description\":\"Izvoro ra\u0161t\u0173 rinkinys Nr. 244 \u017dinomas filosofas ir dvasinis mokytojas\u00a0Omraamas Mikha\u00eblis A\u00efvanhovas\u00a0(1900\u20131986) gim\u0117 Bulgarijoje. 1937 metais jis\",\"breadcrumb\":{\"@id\":\"https:\/\/skaitytaknyga.lt\/produktas\/eikite-ir-telydi-jus-sviesa\/#breadcrumb\"},\"inLanguage\":\"en-GB\",\"potentialAction\":[{\"@type\":\"ReadAction\",\"target\":[\"https:\/\/skaitytaknyga.lt\/produktas\/eikite-ir-telydi-jus-sviesa\/\"]}]},{\"@type\":\"ImageObject\",\"inLanguage\":\"en-GB\",\"@id\":\"https:\/\/skaitytaknyga.lt\/produktas\/eikite-ir-telydi-jus-sviesa\/#primaryimage\",\"url\":\"https:\/\/skaitytaknyga.lt\/wp-content\/uploads\/2025\/02\/Eikite-ir-telydi-Jus-sviesa.webp\",\"contentUrl\":\"https:\/\/skaitytaknyga.lt\/wp-content\/uploads\/2025\/02\/Eikite-ir-telydi-Jus-sviesa.webp\",\"width\":525,\"height\":751,\"caption\":\"Eikite ir telydi Jus \u0161viesa\"},{\"@type\":\"BreadcrumbList\",\"@id\":\"https:\/\/skaitytaknyga.lt\/produktas\/eikite-ir-telydi-jus-sviesa\/#breadcrumb\",\"itemListElement\":[{\"@type\":\"ListItem\",\"position\":1,\"name\":\"Home\",\"item\":\"https:\/\/skaitytaknyga.lt\/\"},{\"@type\":\"ListItem\",\"position\":2,\"name\":\"Parduotuv\u0117\",\"item\":\"https:\/\/skaitytaknyga.lt\/knygu-parduotuve\/\"},{\"@type\":\"ListItem\",\"position\":3,\"name\":\"Eikite ir telydi Jus \u0161viesa\"}]},{\"@type\":\"WebSite\",\"@id\":\"https:\/\/skaitytaknyga.lt\/#website\",\"url\":\"https:\/\/skaitytaknyga.lt\/\",\"name\":\"skaitytaknyga.lt\",\"description\":\"Skaitytaknyga.lt \u2013 tai ma\u017eas \u0161eimos verslas, kuris prasid\u0117jo nuo meil\u0117s knygoms ir siekio i\u0161gelb\u0117ti knygas nuo likimo prie konteinerio. Kas vienam nereikalingas daiktas \u2013 kitam lobis, o mes esame tarpininkai, kurie padeda abiems tapti laimingesniems ???? \u017dinome kaip nelengva i\u0161gyventi ma\u017eiems verslams, tad nuo \u0161iol, \u010dia rasite ir kit\u0173, ma\u017e\u0173 \u0161eim\u0173 versl\u0173, rank\u0173 darbo, dovan\u0173 sau ir artimiesiems.\",\"publisher\":{\"@id\":\"https:\/\/skaitytaknyga.lt\/#organization\"},\"potentialAction\":[{\"@type\":\"SearchAction\",\"target\":{\"@type\":\"EntryPoint\",\"urlTemplate\":\"https:\/\/skaitytaknyga.lt\/?s={search_term_string}\"},\"query-input\":{\"@type\":\"PropertyValueSpecification\",\"valueRequired\":true,\"valueName\":\"search_term_string\"}}],\"inLanguage\":\"en-GB\"},{\"@type\":\"Organization\",\"@id\":\"https:\/\/skaitytaknyga.lt\/#organization\",\"name\":\"skaitytaknyga.lt\",\"url\":\"https:\/\/skaitytaknyga.lt\/\",\"logo\":{\"@type\":\"ImageObject\",\"inLanguage\":\"en-GB\",\"@id\":\"https:\/\/skaitytaknyga.lt\/#\/schema\/logo\/image\/\",\"url\":\"https:\/\/skaitytaknyga.lt\/wp-content\/uploads\/2024\/05\/cropped-cropped-cropped-02_00843_jt3bggkj1j3HLc7SyY6rEUpg.jpeg\",\"contentUrl\":\"https:\/\/skaitytaknyga.lt\/wp-content\/uploads\/2024\/05\/cropped-cropped-cropped-02_00843_jt3bggkj1j3HLc7SyY6rEUpg.jpeg\",\"width\":1600,\"height\":1600,\"caption\":\"skaitytaknyga.lt\"},\"image\":{\"@id\":\"https:\/\/skaitytaknyga.lt\/#\/schema\/logo\/image\/\"},\"sameAs\":[\"https:\/\/www.facebook.com\/skaitytaknyga\/\"]}]}<\/script>\n<!-- \/ Yoast SEO plugin. -->","yoast_head_json":{"title":"Eikite ir telydi Jus \u0161viesa","description":"Izvoro ra\u0161t\u0173 rinkinys Nr. 244 \u017dinomas filosofas ir dvasinis mokytojas\u00a0Omraamas Mikha\u00eblis A\u00efvanhovas\u00a0(1900\u20131986) gim\u0117 Bulgarijoje. 1937 metais jis","robots":{"index":"index","follow":"follow","max-snippet":"max-snippet:-1","max-image-preview":"max-image-preview:large","max-video-preview":"max-video-preview:-1"},"canonical":"https:\/\/skaitytaknyga.lt\/en\/produktas\/eikite-ir-telydi-jus-sviesa\/","og_locale":"en_GB","og_type":"article","og_title":"[:lt]Eikite ir telydi Jus \u0161viesa[:] - Skaitytaknyga","og_description":"Izvoro ra\u0161t\u0173 rinkinys Nr. 244 \u017dinomas filosofas ir dvasinis mokytojas\u00a0Omraamas Mikha\u00eblis A\u00efvanhovas\u00a0(1900\u20131986) gim\u0117 Bulgarijoje. 1937 metais jis","og_url":"https:\/\/skaitytaknyga.lt\/en\/produktas\/eikite-ir-telydi-jus-sviesa\/","og_site_name":"Skaitytaknyga","article_publisher":"https:\/\/www.facebook.com\/skaitytaknyga\/","article_modified_time":"2025-06-12T05:07:31+00:00","og_image":[{"width":525,"height":751,"url":"https:\/\/skaitytaknyga.lt\/wp-content\/uploads\/2025\/02\/Eikite-ir-telydi-Jus-sviesa.webp","type":"image\/webp"}],"twitter_card":"summary_large_image","twitter_misc":{"Estimated reading time":"2 minutes"},"schema":{"@context":"https:\/\/schema.org","@graph":[{"@type":"WebPage","@id":"https:\/\/skaitytaknyga.lt\/produktas\/eikite-ir-telydi-jus-sviesa\/","url":"https:\/\/skaitytaknyga.lt\/produktas\/eikite-ir-telydi-jus-sviesa\/","name":"Eikite ir telydi Jus \u0161viesa","isPartOf":{"@id":"https:\/\/skaitytaknyga.lt\/#website"},"primaryImageOfPage":{"@id":"https:\/\/skaitytaknyga.lt\/produktas\/eikite-ir-telydi-jus-sviesa\/#primaryimage"},"image":{"@id":"https:\/\/skaitytaknyga.lt\/produktas\/eikite-ir-telydi-jus-sviesa\/#primaryimage"},"thumbnailUrl":"https:\/\/skaitytaknyga.lt\/wp-content\/uploads\/2025\/02\/Eikite-ir-telydi-Jus-sviesa.webp","datePublished":"2025-02-03T08:26:24+00:00","dateModified":"2025-06-12T05:07:31+00:00","description":"Izvoro ra\u0161t\u0173 rinkinys Nr. 244 \u017dinomas filosofas ir dvasinis mokytojas\u00a0Omraamas Mikha\u00eblis A\u00efvanhovas\u00a0(1900\u20131986) gim\u0117 Bulgarijoje. 1937 metais jis","breadcrumb":{"@id":"https:\/\/skaitytaknyga.lt\/produktas\/eikite-ir-telydi-jus-sviesa\/#breadcrumb"},"inLanguage":"en-GB","potentialAction":[{"@type":"ReadAction","target":["https:\/\/skaitytaknyga.lt\/produktas\/eikite-ir-telydi-jus-sviesa\/"]}]},{"@type":"ImageObject","inLanguage":"en-GB","@id":"https:\/\/skaitytaknyga.lt\/produktas\/eikite-ir-telydi-jus-sviesa\/#primaryimage","url":"https:\/\/skaitytaknyga.lt\/wp-content\/uploads\/2025\/02\/Eikite-ir-telydi-Jus-sviesa.webp","contentUrl":"https:\/\/skaitytaknyga.lt\/wp-content\/uploads\/2025\/02\/Eikite-ir-telydi-Jus-sviesa.webp","width":525,"height":751,"caption":"Eikite ir telydi Jus \u0161viesa"},{"@type":"BreadcrumbList","@id":"https:\/\/skaitytaknyga.lt\/produktas\/eikite-ir-telydi-jus-sviesa\/#breadcrumb","itemListElement":[{"@type":"ListItem","position":1,"name":"Home","item":"https:\/\/skaitytaknyga.lt\/"},{"@type":"ListItem","position":2,"name":"Parduotuv\u0117","item":"https:\/\/skaitytaknyga.lt\/knygu-parduotuve\/"},{"@type":"ListItem","position":3,"name":"Eikite ir telydi Jus \u0161viesa"}]},{"@type":"WebSite","@id":"https:\/\/skaitytaknyga.lt\/#website","url":"https:\/\/skaitytaknyga.lt\/","name":"skaitytaknyga.lt","description":"Skaitytaknyga.lt \u2013 tai ma\u017eas \u0161eimos verslas, kuris prasid\u0117jo nuo meil\u0117s knygoms ir siekio i\u0161gelb\u0117ti knygas nuo likimo prie konteinerio. Kas vienam nereikalingas daiktas \u2013 kitam lobis, o mes esame tarpininkai, kurie padeda abiems tapti laimingesniems ???? \u017dinome kaip nelengva i\u0161gyventi ma\u017eiems verslams, tad nuo \u0161iol, \u010dia rasite ir kit\u0173, ma\u017e\u0173 \u0161eim\u0173 versl\u0173, rank\u0173 darbo, dovan\u0173 sau ir artimiesiems.","publisher":{"@id":"https:\/\/skaitytaknyga.lt\/#organization"},"potentialAction":[{"@type":"SearchAction","target":{"@type":"EntryPoint","urlTemplate":"https:\/\/skaitytaknyga.lt\/?s={search_term_string}"},"query-input":{"@type":"PropertyValueSpecification","valueRequired":true,"valueName":"search_term_string"}}],"inLanguage":"en-GB"},{"@type":"Organization","@id":"https:\/\/skaitytaknyga.lt\/#organization","name":"skaitytaknyga.lt","url":"https:\/\/skaitytaknyga.lt\/","logo":{"@type":"ImageObject","inLanguage":"en-GB","@id":"https:\/\/skaitytaknyga.lt\/#\/schema\/logo\/image\/","url":"https:\/\/skaitytaknyga.lt\/wp-content\/uploads\/2024\/05\/cropped-cropped-cropped-02_00843_jt3bggkj1j3HLc7SyY6rEUpg.jpeg","contentUrl":"https:\/\/skaitytaknyga.lt\/wp-content\/uploads\/2024\/05\/cropped-cropped-cropped-02_00843_jt3bggkj1j3HLc7SyY6rEUpg.jpeg","width":1600,"height":1600,"caption":"skaitytaknyga.lt"},"image":{"@id":"https:\/\/skaitytaknyga.lt\/#\/schema\/logo\/image\/"},"sameAs":["https:\/\/www.facebook.com\/skaitytaknyga\/"]}]}},"_links":{"self":[{"href":"https:\/\/skaitytaknyga.lt\/en\/wp-json\/wp\/v2\/product\/16577","targetHints":{"allow":["GET"]}}],"collection":[{"href":"https:\/\/skaitytaknyga.lt\/en\/wp-json\/wp\/v2\/product"}],"about":[{"href":"https:\/\/skaitytaknyga.lt\/en\/wp-json\/wp\/v2\/types\/product"}],"replies":[{"embeddable":true,"href":"https:\/\/skaitytaknyga.lt\/en\/wp-json\/wp\/v2\/comments?post=16577"}],"wp:featuredmedia":[{"embeddable":true,"href":"https:\/\/skaitytaknyga.lt\/en\/wp-json\/wp\/v2\/media\/16578"}],"wp:attachment":[{"href":"https:\/\/skaitytaknyga.lt\/en\/wp-json\/wp\/v2\/media?parent=16577"}],"wp:term":[{"taxonomy":"product_brand","embeddable":true,"href":"https:\/\/skaitytaknyga.lt\/en\/wp-json\/wp\/v2\/product_brand?post=16577"},{"taxonomy":"product_cat","embeddable":true,"href":"https:\/\/skaitytaknyga.lt\/en\/wp-json\/wp\/v2\/product_cat?post=16577"},{"taxonomy":"product_tag","embeddable":true,"href":"https:\/\/skaitytaknyga.lt\/en\/wp-json\/wp\/v2\/product_tag?post=16577"}],"curies":[{"name":"wp","href":"https:\/\/api.w.org\/{rel}","templated":true}]}}