{"id":16575,"date":"2025-02-03T10:25:18","date_gmt":"2025-02-03T08:25:18","guid":{"rendered":"https:\/\/skaitytaknyga.lt\/?post_type=product&#038;p=16575"},"modified":"2025-02-03T10:25:57","modified_gmt":"2025-02-03T08:25:57","slug":"kosmines-svarstykles-skaicius-2","status":"publish","type":"product","link":"https:\/\/skaitytaknyga.lt\/en\/produktas\/kosmines-svarstykles-skaicius-2\/","title":{"rendered":"Kosmin\u0117s svarstykl\u0117s: skai\u010dius 2"},"content":{"rendered":"<p>Bulgar\u0173 kilm\u0117s filosofas ir dvasinis mokytojas\u00a0<strong>Omraamas Mikha\u0451lis A\u00efvanhovas<\/strong>\u00a0<strong>(1900\u20131986<\/strong>) savo mokiniams pasak\u0117: \u201eSvarbiausi klausimai, su kuriais mes nuolat susiduriame, yra vis tie patys: kas esame, kod\u0117l \u010dia gyvename ir kokias kli\u016btis mums skirta \u012fveikti savo kelyje. Apie tai a\u0161 ir kalbu. Ir nepra\u0161ykite man\u0119s, kad pakeis\u010diau tem\u0105.&#8221;<\/p>\n<p>\u0160ioje knygoje\u00a0<strong>Omraamas Mikha\u0451lis A\u00efvanhovas<\/strong>\u00a0kalba apie du k\u016brinijos pradus \u2013 vyri\u0161k\u0105j\u012f ir moteri\u0161k\u0105j\u012f \u2013 bei j\u0173 pusiausvyr\u0105, kuri lemia vis\u0105 m\u016bs\u0173 dvasin\u0119 ir fizin\u0119 egzistencij\u0105.<\/p>\n<p>Esyb\u0117, kuri\u0105 mes vadiname Dievu, atspindi ir vyri\u0161k\u0105j\u012f prad\u0105, ir moteri\u0161k\u0105j\u012f. Tai drauge ir Dangi\u0161kasis T\u0117vas, ir Dievi\u0161koji Motina. Lygiai taip pat \u017emogus, sukurtas pagal Dievo paveiksl\u0105, turi du polius: vyri\u0161k\u0105j\u012f (Adomas) ir moteri\u0161k\u0105j\u012f (Ieva). \u012esik\u016bnydamas \u017dem\u0117je, jis palieka savo Dangi\u0161kuosius T\u0117v\u0105 ir Motin\u0105, ta\u010diau tai nerei\u0161kia, kad nutraukia su jais ry\u0161\u012f. T\u0117vai pasir\u016bpino, kad jis neb\u016bt\u0173 vieni\u0161as ir varg\u0161as. Jie suteik\u0117 jam priemoni\u0173, kad gal\u0117t\u0173 susisiekti su Dangumi.<\/p>\n<p>\u2013 Omraam Mikha\u0451l A\u00efvanhov<\/p>\n<ul class=\"about-product d-none d-xl-block mt-4\">\n<li><strong>Autorius:<\/strong>\u00a0Omraam Mikhael Aivanhov<\/li>\n<li><strong>Leid\u0117jas:<\/strong>\u00a0Mijalba<\/li>\n<li><strong>Metai:<\/strong>\u00a02016<\/li>\n<li><strong>Puslapiai:<\/strong>\u00a0264<\/li>\n<li class=\"toggleable type-new-formats \"><strong>ISBN:<\/strong>\u00a09786094690341<\/li>\n<li><strong>Versijos kodas:<\/strong>\u00a0PT.<\/li>\n<li class=\"toggleable type-new-formats \"><strong>Formatas:<\/strong>\u00a011 x 18 x 1,5 cm, mink\u0161ti vir\u0161eliai<\/li>\n<li><strong>Kalba:<\/strong>\u00a0Lietuvi\u0173<\/li>\n<li><strong>Vert\u0117jas:<\/strong>\u00a0Ramut\u0117 Vingilien\u0117<\/li>\n<\/ul>\n","protected":false},"excerpt":{"rendered":"<p>Bulgar\u0173 kilm\u0117s filosofas ir dvasinis mokytojas\u00a0Omraamas Mikha\u0451lis A\u00efvanhovas\u00a0(1900\u20131986) savo mokiniams pasak\u0117: \u201eSvarbiausi klausimai, su kuriais mes nuolat susiduriame, yra vis tie patys: kas esame, kod\u0117l \u010dia gyvename ir kokias kli\u016btis mums skirta \u012fveikti savo kelyje. Apie tai a\u0161 ir kalbu. Ir nepra\u0161ykite man\u0119s, kad pakeis\u010diau tem\u0105.&#8221; \u0160ioje knygoje\u00a0Omraamas Mikha\u0451lis A\u00efvanhovas\u00a0kalba apie du k\u016brinijos pradus \u2013 vyri\u0161k\u0105j\u012f ir moteri\u0161k\u0105j\u012f \u2013 bei j\u0173 pusiausvyr\u0105, kuri lemia vis\u0105 m\u016bs\u0173 dvasin\u0119 ir fizin\u0119 egzistencij\u0105. Esyb\u0117, kuri\u0105 mes vadiname Dievu, atspindi ir vyri\u0161k\u0105j\u012f prad\u0105, ir moteri\u0161k\u0105j\u012f. Tai drauge ir Dangi\u0161kasis T\u0117vas, ir Dievi\u0161koji Motina. Lygiai taip pat \u017emogus, sukurtas pagal Dievo paveiksl\u0105, turi du polius: vyri\u0161k\u0105j\u012f (Adomas) ir moteri\u0161k\u0105j\u012f (Ieva). \u012esik\u016bnydamas \u017dem\u0117je, jis palieka savo Dangi\u0161kuosius T\u0117v\u0105 ir Motin\u0105, ta\u010diau tai nerei\u0161kia, kad nutraukia su jais ry\u0161\u012f. T\u0117vai pasir\u016bpino, kad jis neb\u016bt\u0173 vieni\u0161as ir varg\u0161as. Jie suteik\u0117 jam priemoni\u0173, kad gal\u0117t\u0173 susisiekti su Dangumi. \u2013 Omraam Mikha\u0451l A\u00efvanhov Autorius:\u00a0Omraam Mikhael Aivanhov Leid\u0117jas:\u00a0Mijalba Metai:\u00a02016 Puslapiai:\u00a0264 ISBN:\u00a09786094690341 Versijos kodas:\u00a0PT. Formatas:\u00a011 x 18 x 1,5 cm, mink\u0161ti vir\u0161eliai Kalba:\u00a0Lietuvi\u0173 Vert\u0117jas:\u00a0Ramut\u0117 Vingilien\u0117<\/p>\n","protected":false},"featured_media":16576,"comment_status":"open","ping_status":"closed","template":"","meta":{"_acf_changed":false,"site-sidebar-layout":"default","site-content-layout":"","ast-site-content-layout":"default","site-content-style":"default","site-sidebar-style":"default","ast-global-header-display":"","ast-banner-title-visibility":"","ast-main-header-display":"","ast-hfb-above-header-display":"","ast-hfb-below-header-display":"","ast-hfb-mobile-header-display":"","site-post-title":"","ast-breadcrumbs-content":"","ast-featured-img":"","footer-sml-layout":"","ast-disable-related-posts":"","theme-transparent-header-meta":"default","adv-header-id-meta":"","stick-header-meta":"","header-above-stick-meta":"","header-main-stick-meta":"","header-below-stick-meta":"","astra-migrate-meta-layouts":"set","ast-page-background-enabled":"default","ast-page-background-meta":{"desktop":{"background-color":"","background-image":"","background-repeat":"repeat","background-position":"center center","background-size":"auto","background-attachment":"scroll","background-type":"","background-media":"","overlay-type":"","overlay-color":"","overlay-opacity":"","overlay-gradient":""},"tablet":{"background-color":"","background-image":"","background-repeat":"repeat","background-position":"center center","background-size":"auto","background-attachment":"scroll","background-type":"","background-media":"","overlay-type":"","overlay-color":"","overlay-opacity":"","overlay-gradient":""},"mobile":{"background-color":"","background-image":"","background-repeat":"repeat","background-position":"center center","background-size":"auto","background-attachment":"scroll","background-type":"","background-media":"","overlay-type":"","overlay-color":"","overlay-opacity":"","overlay-gradient":""}},"ast-content-background-meta":{"desktop":{"background-color":"var(--ast-global-color-4)","background-image":"","background-repeat":"repeat","background-position":"center center","background-size":"auto","background-attachment":"scroll","background-type":"","background-media":"","overlay-type":"","overlay-color":"","overlay-opacity":"","overlay-gradient":""},"tablet":{"background-color":"var(--ast-global-color-4)","background-image":"","background-repeat":"repeat","background-position":"center center","background-size":"auto","background-attachment":"scroll","background-type":"","background-media":"","overlay-type":"","overlay-color":"","overlay-opacity":"","overlay-gradient":""},"mobile":{"background-color":"var(--ast-global-color-4)","background-image":"","background-repeat":"repeat","background-position":"center center","background-size":"auto","background-attachment":"scroll","background-type":"","background-media":"","overlay-type":"","overlay-color":"","overlay-opacity":"","overlay-gradient":""}}},"product_brand":[],"product_cat":[15,165],"product_tag":[],"class_list":{"0":"post-16575","1":"product","2":"type-product","3":"status-publish","4":"has-post-thumbnail","6":"product_cat-uncategorized","7":"product_cat-religija-filosofija-ir-ezoterika","8":"desktop-align-left","9":"tablet-align-left","10":"mobile-align-left","12":"first","13":"instock","14":"shipping-taxable","15":"purchasable","16":"product-type-simple"},"acf":[],"yoast_head":"<!-- This site is optimized with the Yoast SEO plugin v27.0 - https:\/\/yoast.com\/product\/yoast-seo-wordpress\/ -->\n<title>Kosmin\u0117s svarstykl\u0117s: skai\u010dius 2<\/title>\n<meta name=\"description\" content=\"Bulgar\u0173 kilm\u0117s filosofas ir dvasinis mokytojas\u00a0Omraamas Mikha\u0451lis A\u00efvanhovas\u00a0(1900\u20131986) savo mokiniams pasak\u0117: \u201eSvarbiausi klausimai, su kuriais mes\" \/>\n<meta name=\"robots\" content=\"index, follow, max-snippet:-1, max-image-preview:large, max-video-preview:-1\" \/>\n<link rel=\"canonical\" href=\"https:\/\/skaitytaknyga.lt\/en\/produktas\/kosmines-svarstykles-skaicius-2\/\" \/>\n<meta property=\"og:locale\" content=\"en_GB\" \/>\n<meta property=\"og:locale:alternate\" content=\"lt_LT\" \/>\n<meta property=\"og:type\" content=\"article\" \/>\n<meta property=\"og:title\" content=\"Kosmin\u0117s svarstykl\u0117s: skai\u010dius 2\" \/>\n<meta property=\"og:description\" content=\"Bulgar\u0173 kilm\u0117s filosofas ir dvasinis mokytojas\u00a0Omraamas Mikha\u0451lis A\u00efvanhovas\u00a0(1900\u20131986) savo mokiniams pasak\u0117: \u201eSvarbiausi klausimai, su kuriais mes\" \/>\n<meta property=\"og:url\" content=\"https:\/\/skaitytaknyga.lt\/en\/produktas\/kosmines-svarstykles-skaicius-2\/\" \/>\n<meta property=\"og:site_name\" content=\"Skaitytaknyga\" \/>\n<meta property=\"article:publisher\" content=\"https:\/\/www.facebook.com\/skaitytaknyga\/\" \/>\n<meta property=\"article:modified_time\" content=\"2025-02-03T08:25:57+00:00\" \/>\n<meta property=\"og:image\" content=\"https:\/\/skaitytaknyga.lt\/wp-content\/uploads\/2025\/02\/Kosmines-svarstykles-skaicius-2.jpg\" \/>\n\t<meta property=\"og:image:width\" content=\"280\" \/>\n\t<meta property=\"og:image:height\" content=\"450\" \/>\n\t<meta property=\"og:image:type\" content=\"image\/jpeg\" \/>\n<meta name=\"twitter:card\" content=\"summary_large_image\" \/>\n<meta name=\"twitter:label1\" content=\"Estimated reading time\" \/>\n\t<meta name=\"twitter:data1\" content=\"2 minutes\" \/>\n<script type=\"application\/ld+json\" class=\"yoast-schema-graph\">{\"@context\":\"https:\/\/schema.org\",\"@graph\":[{\"@type\":\"WebPage\",\"@id\":\"https:\/\/skaitytaknyga.lt\/produktas\/kosmines-svarstykles-skaicius-2\/\",\"url\":\"https:\/\/skaitytaknyga.lt\/produktas\/kosmines-svarstykles-skaicius-2\/\",\"name\":\"Kosmin\u0117s svarstykl\u0117s: skai\u010dius 2\",\"isPartOf\":{\"@id\":\"https:\/\/skaitytaknyga.lt\/#website\"},\"primaryImageOfPage\":{\"@id\":\"https:\/\/skaitytaknyga.lt\/produktas\/kosmines-svarstykles-skaicius-2\/#primaryimage\"},\"image\":{\"@id\":\"https:\/\/skaitytaknyga.lt\/produktas\/kosmines-svarstykles-skaicius-2\/#primaryimage\"},\"thumbnailUrl\":\"https:\/\/skaitytaknyga.lt\/wp-content\/uploads\/2025\/02\/Kosmines-svarstykles-skaicius-2.jpg\",\"datePublished\":\"2025-02-03T08:25:18+00:00\",\"dateModified\":\"2025-02-03T08:25:57+00:00\",\"description\":\"Bulgar\u0173 kilm\u0117s filosofas ir dvasinis mokytojas\u00a0Omraamas Mikha\u0451lis A\u00efvanhovas\u00a0(1900\u20131986) savo mokiniams pasak\u0117: \u201eSvarbiausi klausimai, su kuriais mes\",\"breadcrumb\":{\"@id\":\"https:\/\/skaitytaknyga.lt\/produktas\/kosmines-svarstykles-skaicius-2\/#breadcrumb\"},\"inLanguage\":\"en-GB\",\"potentialAction\":[{\"@type\":\"ReadAction\",\"target\":[\"https:\/\/skaitytaknyga.lt\/produktas\/kosmines-svarstykles-skaicius-2\/\"]}]},{\"@type\":\"ImageObject\",\"inLanguage\":\"en-GB\",\"@id\":\"https:\/\/skaitytaknyga.lt\/produktas\/kosmines-svarstykles-skaicius-2\/#primaryimage\",\"url\":\"https:\/\/skaitytaknyga.lt\/wp-content\/uploads\/2025\/02\/Kosmines-svarstykles-skaicius-2.jpg\",\"contentUrl\":\"https:\/\/skaitytaknyga.lt\/wp-content\/uploads\/2025\/02\/Kosmines-svarstykles-skaicius-2.jpg\",\"width\":280,\"height\":450,\"caption\":\"Kosmin\u0117s svarstykl\u0117s: skai\u010dius 2\"},{\"@type\":\"BreadcrumbList\",\"@id\":\"https:\/\/skaitytaknyga.lt\/produktas\/kosmines-svarstykles-skaicius-2\/#breadcrumb\",\"itemListElement\":[{\"@type\":\"ListItem\",\"position\":1,\"name\":\"Home\",\"item\":\"https:\/\/skaitytaknyga.lt\/\"},{\"@type\":\"ListItem\",\"position\":2,\"name\":\"Parduotuv\u0117\",\"item\":\"https:\/\/skaitytaknyga.lt\/knygu-parduotuve\/\"},{\"@type\":\"ListItem\",\"position\":3,\"name\":\"Kosmin\u0117s svarstykl\u0117s: skai\u010dius 2\"}]},{\"@type\":\"WebSite\",\"@id\":\"https:\/\/skaitytaknyga.lt\/#website\",\"url\":\"https:\/\/skaitytaknyga.lt\/\",\"name\":\"skaitytaknyga.lt\",\"description\":\"Skaitytaknyga.lt \u2013 tai ma\u017eas \u0161eimos verslas, kuris prasid\u0117jo nuo meil\u0117s knygoms ir siekio i\u0161gelb\u0117ti knygas nuo likimo prie konteinerio. Kas vienam nereikalingas daiktas \u2013 kitam lobis, o mes esame tarpininkai, kurie padeda abiems tapti laimingesniems ???? \u017dinome kaip nelengva i\u0161gyventi ma\u017eiems verslams, tad nuo \u0161iol, \u010dia rasite ir kit\u0173, ma\u017e\u0173 \u0161eim\u0173 versl\u0173, rank\u0173 darbo, dovan\u0173 sau ir artimiesiems.\",\"publisher\":{\"@id\":\"https:\/\/skaitytaknyga.lt\/#organization\"},\"potentialAction\":[{\"@type\":\"SearchAction\",\"target\":{\"@type\":\"EntryPoint\",\"urlTemplate\":\"https:\/\/skaitytaknyga.lt\/?s={search_term_string}\"},\"query-input\":{\"@type\":\"PropertyValueSpecification\",\"valueRequired\":true,\"valueName\":\"search_term_string\"}}],\"inLanguage\":\"en-GB\"},{\"@type\":\"Organization\",\"@id\":\"https:\/\/skaitytaknyga.lt\/#organization\",\"name\":\"skaitytaknyga.lt\",\"url\":\"https:\/\/skaitytaknyga.lt\/\",\"logo\":{\"@type\":\"ImageObject\",\"inLanguage\":\"en-GB\",\"@id\":\"https:\/\/skaitytaknyga.lt\/#\/schema\/logo\/image\/\",\"url\":\"https:\/\/skaitytaknyga.lt\/wp-content\/uploads\/2024\/05\/cropped-cropped-cropped-02_00843_jt3bggkj1j3HLc7SyY6rEUpg.jpeg\",\"contentUrl\":\"https:\/\/skaitytaknyga.lt\/wp-content\/uploads\/2024\/05\/cropped-cropped-cropped-02_00843_jt3bggkj1j3HLc7SyY6rEUpg.jpeg\",\"width\":1600,\"height\":1600,\"caption\":\"skaitytaknyga.lt\"},\"image\":{\"@id\":\"https:\/\/skaitytaknyga.lt\/#\/schema\/logo\/image\/\"},\"sameAs\":[\"https:\/\/www.facebook.com\/skaitytaknyga\/\"]}]}<\/script>\n<!-- \/ Yoast SEO plugin. -->","yoast_head_json":{"title":"Kosmin\u0117s svarstykl\u0117s: skai\u010dius 2","description":"Bulgar\u0173 kilm\u0117s filosofas ir dvasinis mokytojas\u00a0Omraamas Mikha\u0451lis A\u00efvanhovas\u00a0(1900\u20131986) savo mokiniams pasak\u0117: \u201eSvarbiausi klausimai, su kuriais mes","robots":{"index":"index","follow":"follow","max-snippet":"max-snippet:-1","max-image-preview":"max-image-preview:large","max-video-preview":"max-video-preview:-1"},"canonical":"https:\/\/skaitytaknyga.lt\/en\/produktas\/kosmines-svarstykles-skaicius-2\/","og_locale":"en_GB","og_type":"article","og_title":"[:lt]Kosmin\u0117s svarstykl\u0117s: skai\u010dius 2[:] - Skaitytaknyga","og_description":"Bulgar\u0173 kilm\u0117s filosofas ir dvasinis mokytojas\u00a0Omraamas Mikha\u0451lis A\u00efvanhovas\u00a0(1900\u20131986) savo mokiniams pasak\u0117: \u201eSvarbiausi klausimai, su kuriais mes","og_url":"https:\/\/skaitytaknyga.lt\/en\/produktas\/kosmines-svarstykles-skaicius-2\/","og_site_name":"Skaitytaknyga","article_publisher":"https:\/\/www.facebook.com\/skaitytaknyga\/","article_modified_time":"2025-02-03T08:25:57+00:00","og_image":[{"width":280,"height":450,"url":"https:\/\/skaitytaknyga.lt\/wp-content\/uploads\/2025\/02\/Kosmines-svarstykles-skaicius-2.jpg","type":"image\/jpeg"}],"twitter_card":"summary_large_image","twitter_misc":{"Estimated reading time":"2 minutes"},"schema":{"@context":"https:\/\/schema.org","@graph":[{"@type":"WebPage","@id":"https:\/\/skaitytaknyga.lt\/produktas\/kosmines-svarstykles-skaicius-2\/","url":"https:\/\/skaitytaknyga.lt\/produktas\/kosmines-svarstykles-skaicius-2\/","name":"Kosmin\u0117s svarstykl\u0117s: skai\u010dius 2","isPartOf":{"@id":"https:\/\/skaitytaknyga.lt\/#website"},"primaryImageOfPage":{"@id":"https:\/\/skaitytaknyga.lt\/produktas\/kosmines-svarstykles-skaicius-2\/#primaryimage"},"image":{"@id":"https:\/\/skaitytaknyga.lt\/produktas\/kosmines-svarstykles-skaicius-2\/#primaryimage"},"thumbnailUrl":"https:\/\/skaitytaknyga.lt\/wp-content\/uploads\/2025\/02\/Kosmines-svarstykles-skaicius-2.jpg","datePublished":"2025-02-03T08:25:18+00:00","dateModified":"2025-02-03T08:25:57+00:00","description":"Bulgar\u0173 kilm\u0117s filosofas ir dvasinis mokytojas\u00a0Omraamas Mikha\u0451lis A\u00efvanhovas\u00a0(1900\u20131986) savo mokiniams pasak\u0117: \u201eSvarbiausi klausimai, su kuriais mes","breadcrumb":{"@id":"https:\/\/skaitytaknyga.lt\/produktas\/kosmines-svarstykles-skaicius-2\/#breadcrumb"},"inLanguage":"en-GB","potentialAction":[{"@type":"ReadAction","target":["https:\/\/skaitytaknyga.lt\/produktas\/kosmines-svarstykles-skaicius-2\/"]}]},{"@type":"ImageObject","inLanguage":"en-GB","@id":"https:\/\/skaitytaknyga.lt\/produktas\/kosmines-svarstykles-skaicius-2\/#primaryimage","url":"https:\/\/skaitytaknyga.lt\/wp-content\/uploads\/2025\/02\/Kosmines-svarstykles-skaicius-2.jpg","contentUrl":"https:\/\/skaitytaknyga.lt\/wp-content\/uploads\/2025\/02\/Kosmines-svarstykles-skaicius-2.jpg","width":280,"height":450,"caption":"Kosmin\u0117s svarstykl\u0117s: skai\u010dius 2"},{"@type":"BreadcrumbList","@id":"https:\/\/skaitytaknyga.lt\/produktas\/kosmines-svarstykles-skaicius-2\/#breadcrumb","itemListElement":[{"@type":"ListItem","position":1,"name":"Home","item":"https:\/\/skaitytaknyga.lt\/"},{"@type":"ListItem","position":2,"name":"Parduotuv\u0117","item":"https:\/\/skaitytaknyga.lt\/knygu-parduotuve\/"},{"@type":"ListItem","position":3,"name":"Kosmin\u0117s svarstykl\u0117s: skai\u010dius 2"}]},{"@type":"WebSite","@id":"https:\/\/skaitytaknyga.lt\/#website","url":"https:\/\/skaitytaknyga.lt\/","name":"skaitytaknyga.lt","description":"Skaitytaknyga.lt \u2013 tai ma\u017eas \u0161eimos verslas, kuris prasid\u0117jo nuo meil\u0117s knygoms ir siekio i\u0161gelb\u0117ti knygas nuo likimo prie konteinerio. Kas vienam nereikalingas daiktas \u2013 kitam lobis, o mes esame tarpininkai, kurie padeda abiems tapti laimingesniems ???? \u017dinome kaip nelengva i\u0161gyventi ma\u017eiems verslams, tad nuo \u0161iol, \u010dia rasite ir kit\u0173, ma\u017e\u0173 \u0161eim\u0173 versl\u0173, rank\u0173 darbo, dovan\u0173 sau ir artimiesiems.","publisher":{"@id":"https:\/\/skaitytaknyga.lt\/#organization"},"potentialAction":[{"@type":"SearchAction","target":{"@type":"EntryPoint","urlTemplate":"https:\/\/skaitytaknyga.lt\/?s={search_term_string}"},"query-input":{"@type":"PropertyValueSpecification","valueRequired":true,"valueName":"search_term_string"}}],"inLanguage":"en-GB"},{"@type":"Organization","@id":"https:\/\/skaitytaknyga.lt\/#organization","name":"skaitytaknyga.lt","url":"https:\/\/skaitytaknyga.lt\/","logo":{"@type":"ImageObject","inLanguage":"en-GB","@id":"https:\/\/skaitytaknyga.lt\/#\/schema\/logo\/image\/","url":"https:\/\/skaitytaknyga.lt\/wp-content\/uploads\/2024\/05\/cropped-cropped-cropped-02_00843_jt3bggkj1j3HLc7SyY6rEUpg.jpeg","contentUrl":"https:\/\/skaitytaknyga.lt\/wp-content\/uploads\/2024\/05\/cropped-cropped-cropped-02_00843_jt3bggkj1j3HLc7SyY6rEUpg.jpeg","width":1600,"height":1600,"caption":"skaitytaknyga.lt"},"image":{"@id":"https:\/\/skaitytaknyga.lt\/#\/schema\/logo\/image\/"},"sameAs":["https:\/\/www.facebook.com\/skaitytaknyga\/"]}]}},"_links":{"self":[{"href":"https:\/\/skaitytaknyga.lt\/en\/wp-json\/wp\/v2\/product\/16575","targetHints":{"allow":["GET"]}}],"collection":[{"href":"https:\/\/skaitytaknyga.lt\/en\/wp-json\/wp\/v2\/product"}],"about":[{"href":"https:\/\/skaitytaknyga.lt\/en\/wp-json\/wp\/v2\/types\/product"}],"replies":[{"embeddable":true,"href":"https:\/\/skaitytaknyga.lt\/en\/wp-json\/wp\/v2\/comments?post=16575"}],"wp:featuredmedia":[{"embeddable":true,"href":"https:\/\/skaitytaknyga.lt\/en\/wp-json\/wp\/v2\/media\/16576"}],"wp:attachment":[{"href":"https:\/\/skaitytaknyga.lt\/en\/wp-json\/wp\/v2\/media?parent=16575"}],"wp:term":[{"taxonomy":"product_brand","embeddable":true,"href":"https:\/\/skaitytaknyga.lt\/en\/wp-json\/wp\/v2\/product_brand?post=16575"},{"taxonomy":"product_cat","embeddable":true,"href":"https:\/\/skaitytaknyga.lt\/en\/wp-json\/wp\/v2\/product_cat?post=16575"},{"taxonomy":"product_tag","embeddable":true,"href":"https:\/\/skaitytaknyga.lt\/en\/wp-json\/wp\/v2\/product_tag?post=16575"}],"curies":[{"name":"wp","href":"https:\/\/api.w.org\/{rel}","templated":true}]}}