{"id":16571,"date":"2025-02-03T10:20:25","date_gmt":"2025-02-03T08:20:25","guid":{"rendered":"https:\/\/skaitytaknyga.lt\/?post_type=product&#038;p=16571"},"modified":"2025-07-07T08:50:25","modified_gmt":"2025-07-07T05:50:25","slug":"pradek-gyvenima-is-naujo-keturi-zingsniai-i-nauja-tikrove","status":"publish","type":"product","link":"https:\/\/skaitytaknyga.lt\/en\/produktas\/pradek-gyvenima-is-naujo-keturi-zingsniai-i-nauja-tikrove\/","title":{"rendered":"Prad\u0117k gyvenim\u0105 i\u0161 naujo. Keturi \u017eingsniai \u012f nauj\u0105 tikrov\u0119"},"content":{"rendered":"<p>Esate nepatenkinti gyvenimu? Norite ka\u017ek\u0105 pakeisti ir esate pasireng\u0119 negail\u0117ti tam j\u0117g\u0173, bet ne\u017einote kaip tai padaryti?<\/p>\n<p>Knyga\u00a0<strong>\u201ePrad\u0117k gyvenim\u0105 i\u0161 naujo\u201c\u00a0<\/strong>\u00a0kaip tik jums. Ji skirta ne skaitymui, bet intensyviam darbui kei\u010diant realyb\u0119, kuriant erdv\u0117s harmonij\u0105, vidin\u0119 ramyb\u0119 ir gyvenimo d\u017eiaugsm\u0105.<\/p>\n<p><strong>Aleksandras Svija\u0161as<\/strong>, psichologas ir ra\u0161ytojas, yra suk\u016br\u0119s unikali\u0105 \u017emogaus s\u0105veikos su aplinka ir nekonfliktinio tiksl\u0173 \u012fgyvendinimo metodik\u0105. Jis &#8211; de\u0161imties bestseleri\u0173, i\u0161leist\u0173 \u012fvairiose u\u017esienio \u0161alyse daugiau nei 5 milijon\u0173 tira\u017eu, autorius. \u0160ios knygos pad\u0117jo pakeisti gyvenim\u0105 \u012f ger\u0105j\u0105 pus\u0119 \u0161imtams t\u016bkstan\u010di\u0173 \u017emoni\u0173.<\/p>\n<ul class=\"about-product d-none d-xl-block mt-4\">\n<li><strong>Autorius:<\/strong>\u00a0Aleksandras Svija\u0161as<\/li>\n<li><strong>Leid\u0117jas:<\/strong>\u00a0Dajalita<\/li>\n<li><strong>Metai:<\/strong>\u00a02014<\/li>\n<li><strong>Puslapiai:<\/strong>\u00a0304<\/li>\n<li class=\"toggleable type-new-formats \"><strong>ISBN:<\/strong>\u00a09786094240492<\/li>\n<li class=\"toggleable type-new-formats \"><strong>Formatas:<\/strong>\u00a014,5 x 21 cm, mink\u0161ti vir\u0161eliai<\/li>\n<li><strong>Kalba:<\/strong>\u00a0Lietuvi\u0173<\/li>\n<li><strong>Vert\u0117jas:<\/strong>\u00a0Edmundas Ju\u0161kevi\u010dius<\/li>\n<\/ul>\n","protected":false},"excerpt":{"rendered":"<p>Esate nepatenkinti gyvenimu? Norite ka\u017ek\u0105 pakeisti ir esate pasireng\u0119 negail\u0117ti tam j\u0117g\u0173, bet ne\u017einote kaip tai padaryti? Knyga\u00a0\u201ePrad\u0117k gyvenim\u0105 i\u0161 naujo\u201c\u00a0\u00a0kaip tik jums. Ji skirta ne skaitymui, bet intensyviam darbui kei\u010diant realyb\u0119, kuriant erdv\u0117s harmonij\u0105, vidin\u0119 ramyb\u0119 ir gyvenimo d\u017eiaugsm\u0105. Aleksandras Svija\u0161as, psichologas ir ra\u0161ytojas, yra suk\u016br\u0119s unikali\u0105 \u017emogaus s\u0105veikos su aplinka ir nekonfliktinio tiksl\u0173 \u012fgyvendinimo metodik\u0105. Jis &#8211; de\u0161imties bestseleri\u0173, i\u0161leist\u0173 \u012fvairiose u\u017esienio \u0161alyse daugiau nei 5 milijon\u0173 tira\u017eu, autorius. \u0160ios knygos pad\u0117jo pakeisti gyvenim\u0105 \u012f ger\u0105j\u0105 pus\u0119 \u0161imtams t\u016bkstan\u010di\u0173 \u017emoni\u0173. Autorius:\u00a0Aleksandras Svija\u0161as Leid\u0117jas:\u00a0Dajalita Metai:\u00a02014 Puslapiai:\u00a0304 ISBN:\u00a09786094240492 Formatas:\u00a014,5 x 21 cm, mink\u0161ti vir\u0161eliai Kalba:\u00a0Lietuvi\u0173 Vert\u0117jas:\u00a0Edmundas Ju\u0161kevi\u010dius<\/p>\n","protected":false},"featured_media":16572,"comment_status":"open","ping_status":"closed","template":"","meta":{"_acf_changed":false,"site-sidebar-layout":"default","site-content-layout":"","ast-site-content-layout":"default","site-content-style":"default","site-sidebar-style":"default","ast-global-header-display":"","ast-banner-title-visibility":"","ast-main-header-display":"","ast-hfb-above-header-display":"","ast-hfb-below-header-display":"","ast-hfb-mobile-header-display":"","site-post-title":"","ast-breadcrumbs-content":"","ast-featured-img":"","footer-sml-layout":"","ast-disable-related-posts":"","theme-transparent-header-meta":"default","adv-header-id-meta":"","stick-header-meta":"","header-above-stick-meta":"","header-main-stick-meta":"","header-below-stick-meta":"","astra-migrate-meta-layouts":"set","ast-page-background-enabled":"default","ast-page-background-meta":{"desktop":{"background-color":"","background-image":"","background-repeat":"repeat","background-position":"center center","background-size":"auto","background-attachment":"scroll","background-type":"","background-media":"","overlay-type":"","overlay-color":"","overlay-opacity":"","overlay-gradient":""},"tablet":{"background-color":"","background-image":"","background-repeat":"repeat","background-position":"center center","background-size":"auto","background-attachment":"scroll","background-type":"","background-media":"","overlay-type":"","overlay-color":"","overlay-opacity":"","overlay-gradient":""},"mobile":{"background-color":"","background-image":"","background-repeat":"repeat","background-position":"center center","background-size":"auto","background-attachment":"scroll","background-type":"","background-media":"","overlay-type":"","overlay-color":"","overlay-opacity":"","overlay-gradient":""}},"ast-content-background-meta":{"desktop":{"background-color":"var(--ast-global-color-4)","background-image":"","background-repeat":"repeat","background-position":"center center","background-size":"auto","background-attachment":"scroll","background-type":"","background-media":"","overlay-type":"","overlay-color":"","overlay-opacity":"","overlay-gradient":""},"tablet":{"background-color":"var(--ast-global-color-4)","background-image":"","background-repeat":"repeat","background-position":"center center","background-size":"auto","background-attachment":"scroll","background-type":"","background-media":"","overlay-type":"","overlay-color":"","overlay-opacity":"","overlay-gradient":""},"mobile":{"background-color":"var(--ast-global-color-4)","background-image":"","background-repeat":"repeat","background-position":"center center","background-size":"auto","background-attachment":"scroll","background-type":"","background-media":"","overlay-type":"","overlay-color":"","overlay-opacity":"","overlay-gradient":""}}},"product_brand":[],"product_cat":[15,165],"product_tag":[],"class_list":{"0":"post-16571","1":"product","2":"type-product","3":"status-publish","4":"has-post-thumbnail","6":"product_cat-uncategorized","7":"product_cat-religija-filosofija-ir-ezoterika","8":"desktop-align-left","9":"tablet-align-left","10":"mobile-align-left","12":"first","13":"outofstock","14":"shipping-taxable","15":"purchasable","16":"product-type-simple"},"acf":[],"yoast_head":"<!-- This site is optimized with the Yoast SEO plugin v27.0 - https:\/\/yoast.com\/product\/yoast-seo-wordpress\/ -->\n<title>Prad\u0117k gyvenim\u0105 i\u0161 naujo. Keturi \u017eingsniai \u012f nauj\u0105 tikrov\u0119<\/title>\n<meta name=\"description\" content=\"Esate nepatenkinti gyvenimu? Norite ka\u017ek\u0105 pakeisti ir esate pasireng\u0119 negail\u0117ti tam j\u0117g\u0173, bet ne\u017einote kaip tai padaryti? Knyga\u00a0\u201ePrad\u0117k gyvenim\u0105 i\u0161\" \/>\n<meta name=\"robots\" content=\"index, follow, max-snippet:-1, max-image-preview:large, max-video-preview:-1\" \/>\n<link rel=\"canonical\" href=\"https:\/\/skaitytaknyga.lt\/en\/produktas\/pradek-gyvenima-is-naujo-keturi-zingsniai-i-nauja-tikrove\/\" \/>\n<meta property=\"og:locale\" content=\"en_GB\" \/>\n<meta property=\"og:locale:alternate\" content=\"lt_LT\" \/>\n<meta property=\"og:type\" content=\"article\" \/>\n<meta property=\"og:title\" content=\"Prad\u0117k gyvenim\u0105 i\u0161 naujo. Keturi \u017eingsniai \u012f nauj\u0105 tikrov\u0119\" \/>\n<meta property=\"og:description\" content=\"Esate nepatenkinti gyvenimu? Norite ka\u017ek\u0105 pakeisti ir esate pasireng\u0119 negail\u0117ti tam j\u0117g\u0173, bet ne\u017einote kaip tai padaryti? Knyga\u00a0\u201ePrad\u0117k gyvenim\u0105 i\u0161\" \/>\n<meta property=\"og:url\" content=\"https:\/\/skaitytaknyga.lt\/en\/produktas\/pradek-gyvenima-is-naujo-keturi-zingsniai-i-nauja-tikrove\/\" \/>\n<meta property=\"og:site_name\" content=\"Skaitytaknyga\" \/>\n<meta property=\"article:publisher\" content=\"https:\/\/www.facebook.com\/skaitytaknyga\/\" \/>\n<meta property=\"article:modified_time\" content=\"2025-07-07T05:50:25+00:00\" \/>\n<meta property=\"og:image\" content=\"https:\/\/skaitytaknyga.lt\/wp-content\/uploads\/2025\/02\/Pradek-gyvenima-is-naujo.-Keturi-zingsniai-i-nauja-tikrove.webp\" \/>\n\t<meta property=\"og:image:width\" content=\"543\" \/>\n\t<meta property=\"og:image:height\" content=\"800\" \/>\n\t<meta property=\"og:image:type\" content=\"image\/webp\" \/>\n<meta name=\"twitter:card\" content=\"summary_large_image\" \/>\n<meta name=\"twitter:label1\" content=\"Estimated reading time\" \/>\n\t<meta name=\"twitter:data1\" content=\"1 minute\" \/>\n<script type=\"application\/ld+json\" class=\"yoast-schema-graph\">{\"@context\":\"https:\/\/schema.org\",\"@graph\":[{\"@type\":\"WebPage\",\"@id\":\"https:\/\/skaitytaknyga.lt\/produktas\/pradek-gyvenima-is-naujo-keturi-zingsniai-i-nauja-tikrove\/\",\"url\":\"https:\/\/skaitytaknyga.lt\/produktas\/pradek-gyvenima-is-naujo-keturi-zingsniai-i-nauja-tikrove\/\",\"name\":\"Prad\u0117k gyvenim\u0105 i\u0161 naujo. Keturi \u017eingsniai \u012f nauj\u0105 tikrov\u0119\",\"isPartOf\":{\"@id\":\"https:\/\/skaitytaknyga.lt\/#website\"},\"primaryImageOfPage\":{\"@id\":\"https:\/\/skaitytaknyga.lt\/produktas\/pradek-gyvenima-is-naujo-keturi-zingsniai-i-nauja-tikrove\/#primaryimage\"},\"image\":{\"@id\":\"https:\/\/skaitytaknyga.lt\/produktas\/pradek-gyvenima-is-naujo-keturi-zingsniai-i-nauja-tikrove\/#primaryimage\"},\"thumbnailUrl\":\"https:\/\/skaitytaknyga.lt\/wp-content\/uploads\/2025\/02\/Pradek-gyvenima-is-naujo.-Keturi-zingsniai-i-nauja-tikrove.webp\",\"datePublished\":\"2025-02-03T08:20:25+00:00\",\"dateModified\":\"2025-07-07T05:50:25+00:00\",\"description\":\"Esate nepatenkinti gyvenimu? Norite ka\u017ek\u0105 pakeisti ir esate pasireng\u0119 negail\u0117ti tam j\u0117g\u0173, bet ne\u017einote kaip tai padaryti? Knyga\u00a0\u201ePrad\u0117k gyvenim\u0105 i\u0161\",\"breadcrumb\":{\"@id\":\"https:\/\/skaitytaknyga.lt\/produktas\/pradek-gyvenima-is-naujo-keturi-zingsniai-i-nauja-tikrove\/#breadcrumb\"},\"inLanguage\":\"en-GB\",\"potentialAction\":[{\"@type\":\"ReadAction\",\"target\":[\"https:\/\/skaitytaknyga.lt\/produktas\/pradek-gyvenima-is-naujo-keturi-zingsniai-i-nauja-tikrove\/\"]}]},{\"@type\":\"ImageObject\",\"inLanguage\":\"en-GB\",\"@id\":\"https:\/\/skaitytaknyga.lt\/produktas\/pradek-gyvenima-is-naujo-keturi-zingsniai-i-nauja-tikrove\/#primaryimage\",\"url\":\"https:\/\/skaitytaknyga.lt\/wp-content\/uploads\/2025\/02\/Pradek-gyvenima-is-naujo.-Keturi-zingsniai-i-nauja-tikrove.webp\",\"contentUrl\":\"https:\/\/skaitytaknyga.lt\/wp-content\/uploads\/2025\/02\/Pradek-gyvenima-is-naujo.-Keturi-zingsniai-i-nauja-tikrove.webp\",\"width\":543,\"height\":800,\"caption\":\"Prad\u0117k gyvenim\u0105 i\u0161 naujo. Keturi \u017eingsniai \u012f nauj\u0105 tikrov\u0119\"},{\"@type\":\"BreadcrumbList\",\"@id\":\"https:\/\/skaitytaknyga.lt\/produktas\/pradek-gyvenima-is-naujo-keturi-zingsniai-i-nauja-tikrove\/#breadcrumb\",\"itemListElement\":[{\"@type\":\"ListItem\",\"position\":1,\"name\":\"Home\",\"item\":\"https:\/\/skaitytaknyga.lt\/\"},{\"@type\":\"ListItem\",\"position\":2,\"name\":\"Parduotuv\u0117\",\"item\":\"https:\/\/skaitytaknyga.lt\/knygu-parduotuve\/\"},{\"@type\":\"ListItem\",\"position\":3,\"name\":\"Prad\u0117k gyvenim\u0105 i\u0161 naujo. Keturi \u017eingsniai \u012f nauj\u0105 tikrov\u0119\"}]},{\"@type\":\"WebSite\",\"@id\":\"https:\/\/skaitytaknyga.lt\/#website\",\"url\":\"https:\/\/skaitytaknyga.lt\/\",\"name\":\"skaitytaknyga.lt\",\"description\":\"Skaitytaknyga.lt \u2013 tai ma\u017eas \u0161eimos verslas, kuris prasid\u0117jo nuo meil\u0117s knygoms ir siekio i\u0161gelb\u0117ti knygas nuo likimo prie konteinerio. Kas vienam nereikalingas daiktas \u2013 kitam lobis, o mes esame tarpininkai, kurie padeda abiems tapti laimingesniems ???? \u017dinome kaip nelengva i\u0161gyventi ma\u017eiems verslams, tad nuo \u0161iol, \u010dia rasite ir kit\u0173, ma\u017e\u0173 \u0161eim\u0173 versl\u0173, rank\u0173 darbo, dovan\u0173 sau ir artimiesiems.\",\"publisher\":{\"@id\":\"https:\/\/skaitytaknyga.lt\/#organization\"},\"potentialAction\":[{\"@type\":\"SearchAction\",\"target\":{\"@type\":\"EntryPoint\",\"urlTemplate\":\"https:\/\/skaitytaknyga.lt\/?s={search_term_string}\"},\"query-input\":{\"@type\":\"PropertyValueSpecification\",\"valueRequired\":true,\"valueName\":\"search_term_string\"}}],\"inLanguage\":\"en-GB\"},{\"@type\":\"Organization\",\"@id\":\"https:\/\/skaitytaknyga.lt\/#organization\",\"name\":\"skaitytaknyga.lt\",\"url\":\"https:\/\/skaitytaknyga.lt\/\",\"logo\":{\"@type\":\"ImageObject\",\"inLanguage\":\"en-GB\",\"@id\":\"https:\/\/skaitytaknyga.lt\/#\/schema\/logo\/image\/\",\"url\":\"https:\/\/skaitytaknyga.lt\/wp-content\/uploads\/2024\/05\/cropped-cropped-cropped-02_00843_jt3bggkj1j3HLc7SyY6rEUpg.jpeg\",\"contentUrl\":\"https:\/\/skaitytaknyga.lt\/wp-content\/uploads\/2024\/05\/cropped-cropped-cropped-02_00843_jt3bggkj1j3HLc7SyY6rEUpg.jpeg\",\"width\":1600,\"height\":1600,\"caption\":\"skaitytaknyga.lt\"},\"image\":{\"@id\":\"https:\/\/skaitytaknyga.lt\/#\/schema\/logo\/image\/\"},\"sameAs\":[\"https:\/\/www.facebook.com\/skaitytaknyga\/\"]}]}<\/script>\n<!-- \/ Yoast SEO plugin. -->","yoast_head_json":{"title":"Prad\u0117k gyvenim\u0105 i\u0161 naujo. Keturi \u017eingsniai \u012f nauj\u0105 tikrov\u0119","description":"Esate nepatenkinti gyvenimu? Norite ka\u017ek\u0105 pakeisti ir esate pasireng\u0119 negail\u0117ti tam j\u0117g\u0173, bet ne\u017einote kaip tai padaryti? Knyga\u00a0\u201ePrad\u0117k gyvenim\u0105 i\u0161","robots":{"index":"index","follow":"follow","max-snippet":"max-snippet:-1","max-image-preview":"max-image-preview:large","max-video-preview":"max-video-preview:-1"},"canonical":"https:\/\/skaitytaknyga.lt\/en\/produktas\/pradek-gyvenima-is-naujo-keturi-zingsniai-i-nauja-tikrove\/","og_locale":"en_GB","og_type":"article","og_title":"[:lt]Prad\u0117k gyvenim\u0105 i\u0161 naujo. Keturi \u017eingsniai \u012f nauj\u0105 tikrov\u0119[:] - Skaitytaknyga","og_description":"Esate nepatenkinti gyvenimu? Norite ka\u017ek\u0105 pakeisti ir esate pasireng\u0119 negail\u0117ti tam j\u0117g\u0173, bet ne\u017einote kaip tai padaryti? Knyga\u00a0\u201ePrad\u0117k gyvenim\u0105 i\u0161","og_url":"https:\/\/skaitytaknyga.lt\/en\/produktas\/pradek-gyvenima-is-naujo-keturi-zingsniai-i-nauja-tikrove\/","og_site_name":"Skaitytaknyga","article_publisher":"https:\/\/www.facebook.com\/skaitytaknyga\/","article_modified_time":"2025-07-07T05:50:25+00:00","og_image":[{"width":543,"height":800,"url":"https:\/\/skaitytaknyga.lt\/wp-content\/uploads\/2025\/02\/Pradek-gyvenima-is-naujo.-Keturi-zingsniai-i-nauja-tikrove.webp","type":"image\/webp"}],"twitter_card":"summary_large_image","twitter_misc":{"Estimated reading time":"1 minute"},"schema":{"@context":"https:\/\/schema.org","@graph":[{"@type":"WebPage","@id":"https:\/\/skaitytaknyga.lt\/produktas\/pradek-gyvenima-is-naujo-keturi-zingsniai-i-nauja-tikrove\/","url":"https:\/\/skaitytaknyga.lt\/produktas\/pradek-gyvenima-is-naujo-keturi-zingsniai-i-nauja-tikrove\/","name":"Prad\u0117k gyvenim\u0105 i\u0161 naujo. Keturi \u017eingsniai \u012f nauj\u0105 tikrov\u0119","isPartOf":{"@id":"https:\/\/skaitytaknyga.lt\/#website"},"primaryImageOfPage":{"@id":"https:\/\/skaitytaknyga.lt\/produktas\/pradek-gyvenima-is-naujo-keturi-zingsniai-i-nauja-tikrove\/#primaryimage"},"image":{"@id":"https:\/\/skaitytaknyga.lt\/produktas\/pradek-gyvenima-is-naujo-keturi-zingsniai-i-nauja-tikrove\/#primaryimage"},"thumbnailUrl":"https:\/\/skaitytaknyga.lt\/wp-content\/uploads\/2025\/02\/Pradek-gyvenima-is-naujo.-Keturi-zingsniai-i-nauja-tikrove.webp","datePublished":"2025-02-03T08:20:25+00:00","dateModified":"2025-07-07T05:50:25+00:00","description":"Esate nepatenkinti gyvenimu? Norite ka\u017ek\u0105 pakeisti ir esate pasireng\u0119 negail\u0117ti tam j\u0117g\u0173, bet ne\u017einote kaip tai padaryti? Knyga\u00a0\u201ePrad\u0117k gyvenim\u0105 i\u0161","breadcrumb":{"@id":"https:\/\/skaitytaknyga.lt\/produktas\/pradek-gyvenima-is-naujo-keturi-zingsniai-i-nauja-tikrove\/#breadcrumb"},"inLanguage":"en-GB","potentialAction":[{"@type":"ReadAction","target":["https:\/\/skaitytaknyga.lt\/produktas\/pradek-gyvenima-is-naujo-keturi-zingsniai-i-nauja-tikrove\/"]}]},{"@type":"ImageObject","inLanguage":"en-GB","@id":"https:\/\/skaitytaknyga.lt\/produktas\/pradek-gyvenima-is-naujo-keturi-zingsniai-i-nauja-tikrove\/#primaryimage","url":"https:\/\/skaitytaknyga.lt\/wp-content\/uploads\/2025\/02\/Pradek-gyvenima-is-naujo.-Keturi-zingsniai-i-nauja-tikrove.webp","contentUrl":"https:\/\/skaitytaknyga.lt\/wp-content\/uploads\/2025\/02\/Pradek-gyvenima-is-naujo.-Keturi-zingsniai-i-nauja-tikrove.webp","width":543,"height":800,"caption":"Prad\u0117k gyvenim\u0105 i\u0161 naujo. Keturi \u017eingsniai \u012f nauj\u0105 tikrov\u0119"},{"@type":"BreadcrumbList","@id":"https:\/\/skaitytaknyga.lt\/produktas\/pradek-gyvenima-is-naujo-keturi-zingsniai-i-nauja-tikrove\/#breadcrumb","itemListElement":[{"@type":"ListItem","position":1,"name":"Home","item":"https:\/\/skaitytaknyga.lt\/"},{"@type":"ListItem","position":2,"name":"Parduotuv\u0117","item":"https:\/\/skaitytaknyga.lt\/knygu-parduotuve\/"},{"@type":"ListItem","position":3,"name":"Prad\u0117k gyvenim\u0105 i\u0161 naujo. Keturi \u017eingsniai \u012f nauj\u0105 tikrov\u0119"}]},{"@type":"WebSite","@id":"https:\/\/skaitytaknyga.lt\/#website","url":"https:\/\/skaitytaknyga.lt\/","name":"skaitytaknyga.lt","description":"Skaitytaknyga.lt \u2013 tai ma\u017eas \u0161eimos verslas, kuris prasid\u0117jo nuo meil\u0117s knygoms ir siekio i\u0161gelb\u0117ti knygas nuo likimo prie konteinerio. Kas vienam nereikalingas daiktas \u2013 kitam lobis, o mes esame tarpininkai, kurie padeda abiems tapti laimingesniems ???? \u017dinome kaip nelengva i\u0161gyventi ma\u017eiems verslams, tad nuo \u0161iol, \u010dia rasite ir kit\u0173, ma\u017e\u0173 \u0161eim\u0173 versl\u0173, rank\u0173 darbo, dovan\u0173 sau ir artimiesiems.","publisher":{"@id":"https:\/\/skaitytaknyga.lt\/#organization"},"potentialAction":[{"@type":"SearchAction","target":{"@type":"EntryPoint","urlTemplate":"https:\/\/skaitytaknyga.lt\/?s={search_term_string}"},"query-input":{"@type":"PropertyValueSpecification","valueRequired":true,"valueName":"search_term_string"}}],"inLanguage":"en-GB"},{"@type":"Organization","@id":"https:\/\/skaitytaknyga.lt\/#organization","name":"skaitytaknyga.lt","url":"https:\/\/skaitytaknyga.lt\/","logo":{"@type":"ImageObject","inLanguage":"en-GB","@id":"https:\/\/skaitytaknyga.lt\/#\/schema\/logo\/image\/","url":"https:\/\/skaitytaknyga.lt\/wp-content\/uploads\/2024\/05\/cropped-cropped-cropped-02_00843_jt3bggkj1j3HLc7SyY6rEUpg.jpeg","contentUrl":"https:\/\/skaitytaknyga.lt\/wp-content\/uploads\/2024\/05\/cropped-cropped-cropped-02_00843_jt3bggkj1j3HLc7SyY6rEUpg.jpeg","width":1600,"height":1600,"caption":"skaitytaknyga.lt"},"image":{"@id":"https:\/\/skaitytaknyga.lt\/#\/schema\/logo\/image\/"},"sameAs":["https:\/\/www.facebook.com\/skaitytaknyga\/"]}]}},"_links":{"self":[{"href":"https:\/\/skaitytaknyga.lt\/en\/wp-json\/wp\/v2\/product\/16571","targetHints":{"allow":["GET"]}}],"collection":[{"href":"https:\/\/skaitytaknyga.lt\/en\/wp-json\/wp\/v2\/product"}],"about":[{"href":"https:\/\/skaitytaknyga.lt\/en\/wp-json\/wp\/v2\/types\/product"}],"replies":[{"embeddable":true,"href":"https:\/\/skaitytaknyga.lt\/en\/wp-json\/wp\/v2\/comments?post=16571"}],"wp:featuredmedia":[{"embeddable":true,"href":"https:\/\/skaitytaknyga.lt\/en\/wp-json\/wp\/v2\/media\/16572"}],"wp:attachment":[{"href":"https:\/\/skaitytaknyga.lt\/en\/wp-json\/wp\/v2\/media?parent=16571"}],"wp:term":[{"taxonomy":"product_brand","embeddable":true,"href":"https:\/\/skaitytaknyga.lt\/en\/wp-json\/wp\/v2\/product_brand?post=16571"},{"taxonomy":"product_cat","embeddable":true,"href":"https:\/\/skaitytaknyga.lt\/en\/wp-json\/wp\/v2\/product_cat?post=16571"},{"taxonomy":"product_tag","embeddable":true,"href":"https:\/\/skaitytaknyga.lt\/en\/wp-json\/wp\/v2\/product_tag?post=16571"}],"curies":[{"name":"wp","href":"https:\/\/api.w.org\/{rel}","templated":true}]}}