{"id":16569,"date":"2025-02-03T10:19:04","date_gmt":"2025-02-03T08:19:04","guid":{"rendered":"https:\/\/skaitytaknyga.lt\/?post_type=product&#038;p=16569"},"modified":"2025-06-11T09:06:49","modified_gmt":"2025-06-11T06:06:49","slug":"gydymas-vidiniais-vaizdiniais","status":"publish","type":"product","link":"https:\/\/skaitytaknyga.lt\/en\/produktas\/gydymas-vidiniais-vaizdiniais\/","title":{"rendered":"Gydymas vidiniais vaizdiniais"},"content":{"rendered":"<p>\u201eMedituojantis \u017emogus regi dievi\u0161k\u0105j\u0105 meil\u0119, d\u017eiaugsm\u0105 ir didyb\u0119 savyje bei aplinkoje.<\/p>\n<p>I\u0161 savo asmenin\u0117s terapeut\u0117s ir seminar\u0173 ved\u0117jos patirties \u017einau, kad \u017emon\u0117s jau\u010dia didel\u012f poreik\u012f ir b\u016btinyb\u0119 eiti nauju keliu, gyventi turiningesn\u012f gyvenim\u0105. \u0160ia knyga noriu padr\u0105sinti visus burtis \u012f grupes ir kartu medituoti. Tegul ji tampa kelrod\u017eiu, vedan\u010diu \u012f sav\u0119s pa\u017einim\u0105, vidin\u0119 harmonij\u0105 ir pasitenkinim\u0105.\u201c<\/p>\n<p>Autor\u0117<\/p>\n<p><strong>Trudi Thali<\/strong>, intuityvi dvasin\u0117 gydytoja, ra\u0161ytoja ir seminar\u0173 ved\u0117ja, dirba savo \u012fkurtame nat\u016bralaus gydymo centre, esan\u010diame Vitznau prie Keturi\u0173 kanton\u0173 e\u017eero, \u0160veicarijoje. \u012e dvasin\u012f keli\u0105 j\u0105 atved\u0117 stipr\u016bs kei\u010diantys i\u0161gyvenimai. Ji pasi\u017eymi i\u0161skirtiniu geb\u0117jimu intuityviai pajusti \u017emogaus ir gamtos energin\u0119 b\u016bsen\u0105.<\/p>\n<ul class=\"about-product d-none d-xl-block mt-4\">\n<li><strong>Originalus pavadinimas:<\/strong>\u00a0Heilung durch innere Bilder<\/li>\n<li><strong>Autorius:<\/strong>\u00a0Trudi Thali<\/li>\n<li><strong>Leid\u0117jas:<\/strong>\u00a0Mijalba<\/li>\n<li><strong>Metai:<\/strong>\u00a02012<\/li>\n<li><strong>Puslapiai:<\/strong>\u00a0184<\/li>\n<li class=\"toggleable type-new-formats \"><strong>ISBN:<\/strong>\u00a09786098050431<\/li>\n<li><strong>Versijos kodas:<\/strong>\u00a0PT.<\/li>\n<li class=\"toggleable type-new-formats \"><strong>Formatas:<\/strong>\u00a012,5 x 19,5 cm, mink\u0161ti vir\u0161eliai<\/li>\n<li><strong>Kalba:<\/strong>\u00a0Lietuvi\u0173<\/li>\n<li><strong>Vert\u0117jas:<\/strong>\u00a0\u017divil\u0117 \u0160ileikait\u0117<\/li>\n<\/ul>\n","protected":false},"excerpt":{"rendered":"<p>\u201eMedituojantis \u017emogus regi dievi\u0161k\u0105j\u0105 meil\u0119, d\u017eiaugsm\u0105 ir didyb\u0119 savyje bei aplinkoje. I\u0161 savo asmenin\u0117s terapeut\u0117s ir seminar\u0173 ved\u0117jos patirties \u017einau, kad \u017emon\u0117s jau\u010dia didel\u012f poreik\u012f ir b\u016btinyb\u0119 eiti nauju keliu, gyventi turiningesn\u012f gyvenim\u0105. \u0160ia knyga noriu padr\u0105sinti visus burtis \u012f grupes ir kartu medituoti. Tegul ji tampa kelrod\u017eiu, vedan\u010diu \u012f sav\u0119s pa\u017einim\u0105, vidin\u0119 harmonij\u0105 ir pasitenkinim\u0105.\u201c Autor\u0117 Trudi Thali, intuityvi dvasin\u0117 gydytoja, ra\u0161ytoja ir seminar\u0173 ved\u0117ja, dirba savo \u012fkurtame nat\u016bralaus gydymo centre, esan\u010diame Vitznau prie Keturi\u0173 kanton\u0173 e\u017eero, \u0160veicarijoje. \u012e dvasin\u012f keli\u0105 j\u0105 atved\u0117 stipr\u016bs kei\u010diantys i\u0161gyvenimai. Ji pasi\u017eymi i\u0161skirtiniu geb\u0117jimu intuityviai pajusti \u017emogaus ir gamtos energin\u0119 b\u016bsen\u0105. Originalus pavadinimas:\u00a0Heilung durch innere Bilder Autorius:\u00a0Trudi Thali Leid\u0117jas:\u00a0Mijalba Metai:\u00a02012 Puslapiai:\u00a0184 ISBN:\u00a09786098050431 Versijos kodas:\u00a0PT. Formatas:\u00a012,5 x 19,5 cm, mink\u0161ti vir\u0161eliai Kalba:\u00a0Lietuvi\u0173 Vert\u0117jas:\u00a0\u017divil\u0117 \u0160ileikait\u0117<\/p>\n","protected":false},"featured_media":16570,"comment_status":"open","ping_status":"closed","template":"","meta":{"_acf_changed":false,"site-sidebar-layout":"default","site-content-layout":"","ast-site-content-layout":"default","site-content-style":"default","site-sidebar-style":"default","ast-global-header-display":"","ast-banner-title-visibility":"","ast-main-header-display":"","ast-hfb-above-header-display":"","ast-hfb-below-header-display":"","ast-hfb-mobile-header-display":"","site-post-title":"","ast-breadcrumbs-content":"","ast-featured-img":"","footer-sml-layout":"","ast-disable-related-posts":"","theme-transparent-header-meta":"default","adv-header-id-meta":"","stick-header-meta":"","header-above-stick-meta":"","header-main-stick-meta":"","header-below-stick-meta":"","astra-migrate-meta-layouts":"set","ast-page-background-enabled":"default","ast-page-background-meta":{"desktop":{"background-color":"","background-image":"","background-repeat":"repeat","background-position":"center center","background-size":"auto","background-attachment":"scroll","background-type":"","background-media":"","overlay-type":"","overlay-color":"","overlay-opacity":"","overlay-gradient":""},"tablet":{"background-color":"","background-image":"","background-repeat":"repeat","background-position":"center center","background-size":"auto","background-attachment":"scroll","background-type":"","background-media":"","overlay-type":"","overlay-color":"","overlay-opacity":"","overlay-gradient":""},"mobile":{"background-color":"","background-image":"","background-repeat":"repeat","background-position":"center center","background-size":"auto","background-attachment":"scroll","background-type":"","background-media":"","overlay-type":"","overlay-color":"","overlay-opacity":"","overlay-gradient":""}},"ast-content-background-meta":{"desktop":{"background-color":"var(--ast-global-color-4)","background-image":"","background-repeat":"repeat","background-position":"center center","background-size":"auto","background-attachment":"scroll","background-type":"","background-media":"","overlay-type":"","overlay-color":"","overlay-opacity":"","overlay-gradient":""},"tablet":{"background-color":"var(--ast-global-color-4)","background-image":"","background-repeat":"repeat","background-position":"center center","background-size":"auto","background-attachment":"scroll","background-type":"","background-media":"","overlay-type":"","overlay-color":"","overlay-opacity":"","overlay-gradient":""},"mobile":{"background-color":"var(--ast-global-color-4)","background-image":"","background-repeat":"repeat","background-position":"center center","background-size":"auto","background-attachment":"scroll","background-type":"","background-media":"","overlay-type":"","overlay-color":"","overlay-opacity":"","overlay-gradient":""}}},"product_brand":[],"product_cat":[165,15],"product_tag":[4915,1963,2561,4914],"class_list":{"0":"post-16569","1":"product","2":"type-product","3":"status-publish","4":"has-post-thumbnail","6":"product_cat-religija-filosofija-ir-ezoterika","7":"product_cat-uncategorized","8":"product_tag-dvasinis-gydymas","9":"product_tag-meditacija","10":"product_tag-saves-pazinimas","11":"product_tag-trudi-thali","12":"desktop-align-left","13":"tablet-align-left","14":"mobile-align-left","16":"first","17":"instock","18":"shipping-taxable","19":"purchasable","20":"product-type-simple"},"acf":[],"yoast_head":"<!-- This site is optimized with the Yoast SEO plugin v27.4 - https:\/\/yoast.com\/product\/yoast-seo-wordpress\/ -->\n<title>Gydymas vidiniais vaizdiniais<\/title>\n<meta name=\"description\" content=\"\u201eMedituojantis \u017emogus regi dievi\u0161k\u0105j\u0105 meil\u0119, d\u017eiaugsm\u0105 ir didyb\u0119 savyje bei aplinkoje. I\u0161 savo asmenin\u0117s terapeut\u0117s ir seminar\u0173 ved\u0117jos patirties \u017einau,\" \/>\n<meta name=\"robots\" content=\"index, follow, max-snippet:-1, max-image-preview:large, max-video-preview:-1\" \/>\n<link rel=\"canonical\" href=\"https:\/\/skaitytaknyga.lt\/en\/produktas\/gydymas-vidiniais-vaizdiniais\/\" \/>\n<meta property=\"og:locale\" content=\"en_GB\" \/>\n<meta property=\"og:locale:alternate\" content=\"lt_LT\" \/>\n<meta property=\"og:type\" content=\"article\" \/>\n<meta property=\"og:title\" content=\"Gydymas vidiniais vaizdiniais\" \/>\n<meta property=\"og:description\" content=\"\u201eMedituojantis \u017emogus regi dievi\u0161k\u0105j\u0105 meil\u0119, d\u017eiaugsm\u0105 ir didyb\u0119 savyje bei aplinkoje. I\u0161 savo asmenin\u0117s terapeut\u0117s ir seminar\u0173 ved\u0117jos patirties \u017einau,\" \/>\n<meta property=\"og:url\" content=\"https:\/\/skaitytaknyga.lt\/en\/produktas\/gydymas-vidiniais-vaizdiniais\/\" \/>\n<meta property=\"og:site_name\" content=\"Skaitytaknyga\" \/>\n<meta property=\"article:publisher\" content=\"https:\/\/www.facebook.com\/skaitytaknyga\/\" \/>\n<meta property=\"article:modified_time\" content=\"2025-06-11T06:06:49+00:00\" \/>\n<meta property=\"og:image\" content=\"https:\/\/skaitytaknyga.lt\/wp-content\/uploads\/2025\/02\/Gydymas-vidiniais-vaizdiniais.webp\" \/>\n\t<meta property=\"og:image:width\" content=\"476\" \/>\n\t<meta property=\"og:image:height\" content=\"753\" \/>\n\t<meta property=\"og:image:type\" content=\"image\/webp\" \/>\n<meta name=\"twitter:card\" content=\"summary_large_image\" \/>\n<meta name=\"twitter:label1\" content=\"Estimated reading time\" \/>\n\t<meta name=\"twitter:data1\" content=\"1 minute\" \/>\n<script type=\"application\/ld+json\" class=\"yoast-schema-graph\">{\"@context\":\"https:\\\/\\\/schema.org\",\"@graph\":[{\"@type\":\"WebPage\",\"@id\":\"https:\\\/\\\/skaitytaknyga.lt\\\/produktas\\\/gydymas-vidiniais-vaizdiniais\\\/\",\"url\":\"https:\\\/\\\/skaitytaknyga.lt\\\/produktas\\\/gydymas-vidiniais-vaizdiniais\\\/\",\"name\":\"Gydymas vidiniais vaizdiniais\",\"isPartOf\":{\"@id\":\"https:\\\/\\\/skaitytaknyga.lt\\\/#website\"},\"primaryImageOfPage\":{\"@id\":\"https:\\\/\\\/skaitytaknyga.lt\\\/produktas\\\/gydymas-vidiniais-vaizdiniais\\\/#primaryimage\"},\"image\":{\"@id\":\"https:\\\/\\\/skaitytaknyga.lt\\\/produktas\\\/gydymas-vidiniais-vaizdiniais\\\/#primaryimage\"},\"thumbnailUrl\":\"https:\\\/\\\/skaitytaknyga.lt\\\/wp-content\\\/uploads\\\/2025\\\/02\\\/Gydymas-vidiniais-vaizdiniais.webp\",\"datePublished\":\"2025-02-03T08:19:04+00:00\",\"dateModified\":\"2025-06-11T06:06:49+00:00\",\"description\":\"\u201eMedituojantis \u017emogus regi dievi\u0161k\u0105j\u0105 meil\u0119, d\u017eiaugsm\u0105 ir didyb\u0119 savyje bei aplinkoje. I\u0161 savo asmenin\u0117s terapeut\u0117s ir seminar\u0173 ved\u0117jos patirties \u017einau,\",\"breadcrumb\":{\"@id\":\"https:\\\/\\\/skaitytaknyga.lt\\\/produktas\\\/gydymas-vidiniais-vaizdiniais\\\/#breadcrumb\"},\"inLanguage\":\"en-GB\",\"potentialAction\":[{\"@type\":\"ReadAction\",\"target\":[\"https:\\\/\\\/skaitytaknyga.lt\\\/produktas\\\/gydymas-vidiniais-vaizdiniais\\\/\"]}]},{\"@type\":\"ImageObject\",\"inLanguage\":\"en-GB\",\"@id\":\"https:\\\/\\\/skaitytaknyga.lt\\\/produktas\\\/gydymas-vidiniais-vaizdiniais\\\/#primaryimage\",\"url\":\"https:\\\/\\\/skaitytaknyga.lt\\\/wp-content\\\/uploads\\\/2025\\\/02\\\/Gydymas-vidiniais-vaizdiniais.webp\",\"contentUrl\":\"https:\\\/\\\/skaitytaknyga.lt\\\/wp-content\\\/uploads\\\/2025\\\/02\\\/Gydymas-vidiniais-vaizdiniais.webp\",\"width\":476,\"height\":753,\"caption\":\"Gydymas vidiniais vaizdiniais\"},{\"@type\":\"BreadcrumbList\",\"@id\":\"https:\\\/\\\/skaitytaknyga.lt\\\/produktas\\\/gydymas-vidiniais-vaizdiniais\\\/#breadcrumb\",\"itemListElement\":[{\"@type\":\"ListItem\",\"position\":1,\"name\":\"Home\",\"item\":\"https:\\\/\\\/skaitytaknyga.lt\\\/\"},{\"@type\":\"ListItem\",\"position\":2,\"name\":\"Parduotuv\u0117\",\"item\":\"https:\\\/\\\/skaitytaknyga.lt\\\/knygu-parduotuve\\\/\"},{\"@type\":\"ListItem\",\"position\":3,\"name\":\"Gydymas vidiniais vaizdiniais\"}]},{\"@type\":\"WebSite\",\"@id\":\"https:\\\/\\\/skaitytaknyga.lt\\\/#website\",\"url\":\"https:\\\/\\\/skaitytaknyga.lt\\\/\",\"name\":\"skaitytaknyga.lt\",\"description\":\"Skaitytaknyga.lt \u2013 tai ma\u017eas \u0161eimos verslas, kuris prasid\u0117jo nuo meil\u0117s knygoms ir siekio i\u0161gelb\u0117ti knygas nuo likimo prie konteinerio. Kas vienam nereikalingas daiktas \u2013 kitam lobis, o mes esame tarpininkai, kurie padeda abiems tapti laimingesniems ???? \u017dinome kaip nelengva i\u0161gyventi ma\u017eiems verslams, tad nuo \u0161iol, \u010dia rasite ir kit\u0173, ma\u017e\u0173 \u0161eim\u0173 versl\u0173, rank\u0173 darbo, dovan\u0173 sau ir artimiesiems.\",\"publisher\":{\"@id\":\"https:\\\/\\\/skaitytaknyga.lt\\\/#organization\"},\"potentialAction\":[{\"@type\":\"SearchAction\",\"target\":{\"@type\":\"EntryPoint\",\"urlTemplate\":\"https:\\\/\\\/skaitytaknyga.lt\\\/?s={search_term_string}\"},\"query-input\":{\"@type\":\"PropertyValueSpecification\",\"valueRequired\":true,\"valueName\":\"search_term_string\"}}],\"inLanguage\":\"en-GB\"},{\"@type\":\"Organization\",\"@id\":\"https:\\\/\\\/skaitytaknyga.lt\\\/#organization\",\"name\":\"skaitytaknyga.lt\",\"url\":\"https:\\\/\\\/skaitytaknyga.lt\\\/\",\"logo\":{\"@type\":\"ImageObject\",\"inLanguage\":\"en-GB\",\"@id\":\"https:\\\/\\\/skaitytaknyga.lt\\\/#\\\/schema\\\/logo\\\/image\\\/\",\"url\":\"https:\\\/\\\/skaitytaknyga.lt\\\/wp-content\\\/uploads\\\/2024\\\/05\\\/cropped-cropped-cropped-02_00843_jt3bggkj1j3HLc7SyY6rEUpg.jpeg\",\"contentUrl\":\"https:\\\/\\\/skaitytaknyga.lt\\\/wp-content\\\/uploads\\\/2024\\\/05\\\/cropped-cropped-cropped-02_00843_jt3bggkj1j3HLc7SyY6rEUpg.jpeg\",\"width\":1600,\"height\":1600,\"caption\":\"skaitytaknyga.lt\"},\"image\":{\"@id\":\"https:\\\/\\\/skaitytaknyga.lt\\\/#\\\/schema\\\/logo\\\/image\\\/\"},\"sameAs\":[\"https:\\\/\\\/www.facebook.com\\\/skaitytaknyga\\\/\"]}]}<\/script>\n<!-- \/ Yoast SEO plugin. -->","yoast_head_json":{"title":"Gydymas vidiniais vaizdiniais","description":"\u201eMedituojantis \u017emogus regi dievi\u0161k\u0105j\u0105 meil\u0119, d\u017eiaugsm\u0105 ir didyb\u0119 savyje bei aplinkoje. I\u0161 savo asmenin\u0117s terapeut\u0117s ir seminar\u0173 ved\u0117jos patirties \u017einau,","robots":{"index":"index","follow":"follow","max-snippet":"max-snippet:-1","max-image-preview":"max-image-preview:large","max-video-preview":"max-video-preview:-1"},"canonical":"https:\/\/skaitytaknyga.lt\/en\/produktas\/gydymas-vidiniais-vaizdiniais\/","og_locale":"en_GB","og_type":"article","og_title":"[:lt]Gydymas vidiniais vaizdiniais[:] - Skaitytaknyga","og_description":"\u201eMedituojantis \u017emogus regi dievi\u0161k\u0105j\u0105 meil\u0119, d\u017eiaugsm\u0105 ir didyb\u0119 savyje bei aplinkoje. I\u0161 savo asmenin\u0117s terapeut\u0117s ir seminar\u0173 ved\u0117jos patirties \u017einau,","og_url":"https:\/\/skaitytaknyga.lt\/en\/produktas\/gydymas-vidiniais-vaizdiniais\/","og_site_name":"Skaitytaknyga","article_publisher":"https:\/\/www.facebook.com\/skaitytaknyga\/","article_modified_time":"2025-06-11T06:06:49+00:00","og_image":[{"width":476,"height":753,"url":"https:\/\/skaitytaknyga.lt\/wp-content\/uploads\/2025\/02\/Gydymas-vidiniais-vaizdiniais.webp","type":"image\/webp"}],"twitter_card":"summary_large_image","twitter_misc":{"Estimated reading time":"1 minute"},"schema":{"@context":"https:\/\/schema.org","@graph":[{"@type":"WebPage","@id":"https:\/\/skaitytaknyga.lt\/produktas\/gydymas-vidiniais-vaizdiniais\/","url":"https:\/\/skaitytaknyga.lt\/produktas\/gydymas-vidiniais-vaizdiniais\/","name":"Gydymas vidiniais vaizdiniais","isPartOf":{"@id":"https:\/\/skaitytaknyga.lt\/#website"},"primaryImageOfPage":{"@id":"https:\/\/skaitytaknyga.lt\/produktas\/gydymas-vidiniais-vaizdiniais\/#primaryimage"},"image":{"@id":"https:\/\/skaitytaknyga.lt\/produktas\/gydymas-vidiniais-vaizdiniais\/#primaryimage"},"thumbnailUrl":"https:\/\/skaitytaknyga.lt\/wp-content\/uploads\/2025\/02\/Gydymas-vidiniais-vaizdiniais.webp","datePublished":"2025-02-03T08:19:04+00:00","dateModified":"2025-06-11T06:06:49+00:00","description":"\u201eMedituojantis \u017emogus regi dievi\u0161k\u0105j\u0105 meil\u0119, d\u017eiaugsm\u0105 ir didyb\u0119 savyje bei aplinkoje. I\u0161 savo asmenin\u0117s terapeut\u0117s ir seminar\u0173 ved\u0117jos patirties \u017einau,","breadcrumb":{"@id":"https:\/\/skaitytaknyga.lt\/produktas\/gydymas-vidiniais-vaizdiniais\/#breadcrumb"},"inLanguage":"en-GB","potentialAction":[{"@type":"ReadAction","target":["https:\/\/skaitytaknyga.lt\/produktas\/gydymas-vidiniais-vaizdiniais\/"]}]},{"@type":"ImageObject","inLanguage":"en-GB","@id":"https:\/\/skaitytaknyga.lt\/produktas\/gydymas-vidiniais-vaizdiniais\/#primaryimage","url":"https:\/\/skaitytaknyga.lt\/wp-content\/uploads\/2025\/02\/Gydymas-vidiniais-vaizdiniais.webp","contentUrl":"https:\/\/skaitytaknyga.lt\/wp-content\/uploads\/2025\/02\/Gydymas-vidiniais-vaizdiniais.webp","width":476,"height":753,"caption":"Gydymas vidiniais vaizdiniais"},{"@type":"BreadcrumbList","@id":"https:\/\/skaitytaknyga.lt\/produktas\/gydymas-vidiniais-vaizdiniais\/#breadcrumb","itemListElement":[{"@type":"ListItem","position":1,"name":"Home","item":"https:\/\/skaitytaknyga.lt\/"},{"@type":"ListItem","position":2,"name":"Parduotuv\u0117","item":"https:\/\/skaitytaknyga.lt\/knygu-parduotuve\/"},{"@type":"ListItem","position":3,"name":"Gydymas vidiniais vaizdiniais"}]},{"@type":"WebSite","@id":"https:\/\/skaitytaknyga.lt\/#website","url":"https:\/\/skaitytaknyga.lt\/","name":"skaitytaknyga.lt","description":"Skaitytaknyga.lt \u2013 tai ma\u017eas \u0161eimos verslas, kuris prasid\u0117jo nuo meil\u0117s knygoms ir siekio i\u0161gelb\u0117ti knygas nuo likimo prie konteinerio. Kas vienam nereikalingas daiktas \u2013 kitam lobis, o mes esame tarpininkai, kurie padeda abiems tapti laimingesniems ???? \u017dinome kaip nelengva i\u0161gyventi ma\u017eiems verslams, tad nuo \u0161iol, \u010dia rasite ir kit\u0173, ma\u017e\u0173 \u0161eim\u0173 versl\u0173, rank\u0173 darbo, dovan\u0173 sau ir artimiesiems.","publisher":{"@id":"https:\/\/skaitytaknyga.lt\/#organization"},"potentialAction":[{"@type":"SearchAction","target":{"@type":"EntryPoint","urlTemplate":"https:\/\/skaitytaknyga.lt\/?s={search_term_string}"},"query-input":{"@type":"PropertyValueSpecification","valueRequired":true,"valueName":"search_term_string"}}],"inLanguage":"en-GB"},{"@type":"Organization","@id":"https:\/\/skaitytaknyga.lt\/#organization","name":"skaitytaknyga.lt","url":"https:\/\/skaitytaknyga.lt\/","logo":{"@type":"ImageObject","inLanguage":"en-GB","@id":"https:\/\/skaitytaknyga.lt\/#\/schema\/logo\/image\/","url":"https:\/\/skaitytaknyga.lt\/wp-content\/uploads\/2024\/05\/cropped-cropped-cropped-02_00843_jt3bggkj1j3HLc7SyY6rEUpg.jpeg","contentUrl":"https:\/\/skaitytaknyga.lt\/wp-content\/uploads\/2024\/05\/cropped-cropped-cropped-02_00843_jt3bggkj1j3HLc7SyY6rEUpg.jpeg","width":1600,"height":1600,"caption":"skaitytaknyga.lt"},"image":{"@id":"https:\/\/skaitytaknyga.lt\/#\/schema\/logo\/image\/"},"sameAs":["https:\/\/www.facebook.com\/skaitytaknyga\/"]}]}},"_links":{"self":[{"href":"https:\/\/skaitytaknyga.lt\/en\/wp-json\/wp\/v2\/product\/16569","targetHints":{"allow":["GET"]}}],"collection":[{"href":"https:\/\/skaitytaknyga.lt\/en\/wp-json\/wp\/v2\/product"}],"about":[{"href":"https:\/\/skaitytaknyga.lt\/en\/wp-json\/wp\/v2\/types\/product"}],"replies":[{"embeddable":true,"href":"https:\/\/skaitytaknyga.lt\/en\/wp-json\/wp\/v2\/comments?post=16569"}],"wp:featuredmedia":[{"embeddable":true,"href":"https:\/\/skaitytaknyga.lt\/en\/wp-json\/wp\/v2\/media\/16570"}],"wp:attachment":[{"href":"https:\/\/skaitytaknyga.lt\/en\/wp-json\/wp\/v2\/media?parent=16569"}],"wp:term":[{"taxonomy":"product_brand","embeddable":true,"href":"https:\/\/skaitytaknyga.lt\/en\/wp-json\/wp\/v2\/product_brand?post=16569"},{"taxonomy":"product_cat","embeddable":true,"href":"https:\/\/skaitytaknyga.lt\/en\/wp-json\/wp\/v2\/product_cat?post=16569"},{"taxonomy":"product_tag","embeddable":true,"href":"https:\/\/skaitytaknyga.lt\/en\/wp-json\/wp\/v2\/product_tag?post=16569"}],"curies":[{"name":"wp","href":"https:\/\/api.w.org\/{rel}","templated":true}]}}