{"id":16567,"date":"2025-02-03T10:17:42","date_gmt":"2025-02-03T08:17:42","guid":{"rendered":"https:\/\/skaitytaknyga.lt\/?post_type=product&#038;p=16567"},"modified":"2025-07-11T20:39:51","modified_gmt":"2025-07-11T17:39:51","slug":"gydunas-adam-tikra-istorija-apie-stebuklinga-gydyma","status":"publish","type":"product","link":"https:\/\/skaitytaknyga.lt\/en\/produktas\/gydunas-adam-tikra-istorija-apie-stebuklinga-gydyma\/","title":{"rendered":"Gyd\u016bnas Adam: tikra istorija apie stebukling\u0105 gydym\u0105"},"content":{"rendered":"<p>Knygoje paprastai ir suprantamai ai\u0161kinami unikal\u016bs Adamo geb\u0117jimai &#8211; per atstum\u0105 mintimis daryti \u012ftak\u0105 \u017emoni\u0173 sveikatai. \u0160e\u0161iolikmetis jaunuolis pasteb\u0117jimais ir i\u0161mintimi pranoksta savo bendraam\u017eius, nuosekliai gilinaisi \u012f dvasios ir k\u016bno s\u0105sajas.<br \/>\nPasakojimas patrauklus \u012fdomus, nes atskleid\u017eia ne\u012fprastas \u017emogaus galimybes.<\/p>\n<ul class=\"about-product d-none d-xl-block mt-4\">\n<li><strong>Autorius:<\/strong>\u00a0Adam<\/li>\n<li><strong>Leid\u0117jas:<\/strong>\u00a0Mijalba<\/li>\n<li><strong>Metai:<\/strong>\u00a02007<\/li>\n<li><strong>Puslapiai:<\/strong>\u00a0136<\/li>\n<li class=\"toggleable type-new-formats \"><strong>ISBN:<\/strong>\u00a09789955599500<\/li>\n<li><strong>Versijos kodas:<\/strong>\u00a0PT.<\/li>\n<li class=\"toggleable type-new-formats \"><strong>Formatas:<\/strong>\u00a013 x 21 cm, mink\u0161ti vir\u0161eliai<\/li>\n<li><strong>Kalba:<\/strong>\u00a0Lietuvi\u0173<\/li>\n<li><strong>Vert\u0117jas:<\/strong>\u00a0Audron\u0117 Tamulien\u0117<\/li>\n<\/ul>\n","protected":false},"excerpt":{"rendered":"<p>Knygoje paprastai ir suprantamai ai\u0161kinami unikal\u016bs Adamo geb\u0117jimai &#8211; per atstum\u0105 mintimis daryti \u012ftak\u0105 \u017emoni\u0173 sveikatai. \u0160e\u0161iolikmetis jaunuolis pasteb\u0117jimais ir i\u0161mintimi pranoksta savo bendraam\u017eius, nuosekliai gilinaisi \u012f dvasios ir k\u016bno s\u0105sajas. Pasakojimas patrauklus \u012fdomus, nes atskleid\u017eia ne\u012fprastas \u017emogaus galimybes. Autorius:\u00a0Adam Leid\u0117jas:\u00a0Mijalba Metai:\u00a02007 Puslapiai:\u00a0136 ISBN:\u00a09789955599500 Versijos kodas:\u00a0PT. Formatas:\u00a013 x 21 cm, mink\u0161ti vir\u0161eliai Kalba:\u00a0Lietuvi\u0173 Vert\u0117jas:\u00a0Audron\u0117 Tamulien\u0117<\/p>\n","protected":false},"featured_media":16568,"comment_status":"open","ping_status":"closed","template":"","meta":{"_acf_changed":false,"site-sidebar-layout":"default","site-content-layout":"","ast-site-content-layout":"default","site-content-style":"default","site-sidebar-style":"default","ast-global-header-display":"","ast-banner-title-visibility":"","ast-main-header-display":"","ast-hfb-above-header-display":"","ast-hfb-below-header-display":"","ast-hfb-mobile-header-display":"","site-post-title":"","ast-breadcrumbs-content":"","ast-featured-img":"","footer-sml-layout":"","ast-disable-related-posts":"","theme-transparent-header-meta":"default","adv-header-id-meta":"","stick-header-meta":"","header-above-stick-meta":"","header-main-stick-meta":"","header-below-stick-meta":"","astra-migrate-meta-layouts":"set","ast-page-background-enabled":"default","ast-page-background-meta":{"desktop":{"background-color":"","background-image":"","background-repeat":"repeat","background-position":"center center","background-size":"auto","background-attachment":"scroll","background-type":"","background-media":"","overlay-type":"","overlay-color":"","overlay-opacity":"","overlay-gradient":""},"tablet":{"background-color":"","background-image":"","background-repeat":"repeat","background-position":"center center","background-size":"auto","background-attachment":"scroll","background-type":"","background-media":"","overlay-type":"","overlay-color":"","overlay-opacity":"","overlay-gradient":""},"mobile":{"background-color":"","background-image":"","background-repeat":"repeat","background-position":"center center","background-size":"auto","background-attachment":"scroll","background-type":"","background-media":"","overlay-type":"","overlay-color":"","overlay-opacity":"","overlay-gradient":""}},"ast-content-background-meta":{"desktop":{"background-color":"var(--ast-global-color-4)","background-image":"","background-repeat":"repeat","background-position":"center center","background-size":"auto","background-attachment":"scroll","background-type":"","background-media":"","overlay-type":"","overlay-color":"","overlay-opacity":"","overlay-gradient":""},"tablet":{"background-color":"var(--ast-global-color-4)","background-image":"","background-repeat":"repeat","background-position":"center center","background-size":"auto","background-attachment":"scroll","background-type":"","background-media":"","overlay-type":"","overlay-color":"","overlay-opacity":"","overlay-gradient":""},"mobile":{"background-color":"var(--ast-global-color-4)","background-image":"","background-repeat":"repeat","background-position":"center center","background-size":"auto","background-attachment":"scroll","background-type":"","background-media":"","overlay-type":"","overlay-color":"","overlay-opacity":"","overlay-gradient":""}}},"product_brand":[],"product_cat":[15,165],"product_tag":[],"class_list":{"0":"post-16567","1":"product","2":"type-product","3":"status-publish","4":"has-post-thumbnail","6":"product_cat-uncategorized","7":"product_cat-religija-filosofija-ir-ezoterika","8":"desktop-align-left","9":"tablet-align-left","10":"mobile-align-left","12":"first","13":"instock","14":"shipping-taxable","15":"purchasable","16":"product-type-simple"},"acf":[],"yoast_head":"<!-- This site is optimized with the Yoast SEO plugin v27.0 - https:\/\/yoast.com\/product\/yoast-seo-wordpress\/ -->\n<title>Gyd\u016bnas Adam: tikra istorija apie stebukling\u0105 gydym\u0105<\/title>\n<meta name=\"description\" content=\"Knygoje paprastai ir suprantamai ai\u0161kinami unikal\u016bs Adamo geb\u0117jimai - per atstum\u0105 mintimis daryti \u012ftak\u0105 \u017emoni\u0173 sveikatai. \u0160e\u0161iolikmetis jaunuolis\" \/>\n<meta name=\"robots\" content=\"index, follow, max-snippet:-1, max-image-preview:large, max-video-preview:-1\" \/>\n<link rel=\"canonical\" href=\"https:\/\/skaitytaknyga.lt\/en\/produktas\/gydunas-adam-tikra-istorija-apie-stebuklinga-gydyma\/\" \/>\n<meta property=\"og:locale\" content=\"en_GB\" \/>\n<meta property=\"og:locale:alternate\" content=\"lt_LT\" \/>\n<meta property=\"og:type\" content=\"article\" \/>\n<meta property=\"og:title\" content=\"Gyd\u016bnas Adam: tikra istorija apie stebukling\u0105 gydym\u0105\" \/>\n<meta property=\"og:description\" content=\"Knygoje paprastai ir suprantamai ai\u0161kinami unikal\u016bs Adamo geb\u0117jimai - per atstum\u0105 mintimis daryti \u012ftak\u0105 \u017emoni\u0173 sveikatai. \u0160e\u0161iolikmetis jaunuolis\" \/>\n<meta property=\"og:url\" content=\"https:\/\/skaitytaknyga.lt\/en\/produktas\/gydunas-adam-tikra-istorija-apie-stebuklinga-gydyma\/\" \/>\n<meta property=\"og:site_name\" content=\"Skaitytaknyga\" \/>\n<meta property=\"article:publisher\" content=\"https:\/\/www.facebook.com\/skaitytaknyga\/\" \/>\n<meta property=\"article:modified_time\" content=\"2025-07-11T17:39:51+00:00\" \/>\n<meta property=\"og:image\" content=\"https:\/\/skaitytaknyga.lt\/wp-content\/uploads\/2025\/02\/Gydunas-Adam-tikra-istorija-apie-stebuklinga-gydyma.webp\" \/>\n\t<meta property=\"og:image:width\" content=\"495\" \/>\n\t<meta property=\"og:image:height\" content=\"800\" \/>\n\t<meta property=\"og:image:type\" content=\"image\/webp\" \/>\n<meta name=\"twitter:card\" content=\"summary_large_image\" \/>\n<meta name=\"twitter:label1\" content=\"Estimated reading time\" \/>\n\t<meta name=\"twitter:data1\" content=\"1 minute\" \/>\n<script type=\"application\/ld+json\" class=\"yoast-schema-graph\">{\"@context\":\"https:\/\/schema.org\",\"@graph\":[{\"@type\":\"WebPage\",\"@id\":\"https:\/\/skaitytaknyga.lt\/produktas\/gydunas-adam-tikra-istorija-apie-stebuklinga-gydyma\/\",\"url\":\"https:\/\/skaitytaknyga.lt\/produktas\/gydunas-adam-tikra-istorija-apie-stebuklinga-gydyma\/\",\"name\":\"Gyd\u016bnas Adam: tikra istorija apie stebukling\u0105 gydym\u0105\",\"isPartOf\":{\"@id\":\"https:\/\/skaitytaknyga.lt\/#website\"},\"primaryImageOfPage\":{\"@id\":\"https:\/\/skaitytaknyga.lt\/produktas\/gydunas-adam-tikra-istorija-apie-stebuklinga-gydyma\/#primaryimage\"},\"image\":{\"@id\":\"https:\/\/skaitytaknyga.lt\/produktas\/gydunas-adam-tikra-istorija-apie-stebuklinga-gydyma\/#primaryimage\"},\"thumbnailUrl\":\"https:\/\/skaitytaknyga.lt\/wp-content\/uploads\/2025\/02\/Gydunas-Adam-tikra-istorija-apie-stebuklinga-gydyma.webp\",\"datePublished\":\"2025-02-03T08:17:42+00:00\",\"dateModified\":\"2025-07-11T17:39:51+00:00\",\"description\":\"Knygoje paprastai ir suprantamai ai\u0161kinami unikal\u016bs Adamo geb\u0117jimai - per atstum\u0105 mintimis daryti \u012ftak\u0105 \u017emoni\u0173 sveikatai. \u0160e\u0161iolikmetis jaunuolis\",\"breadcrumb\":{\"@id\":\"https:\/\/skaitytaknyga.lt\/produktas\/gydunas-adam-tikra-istorija-apie-stebuklinga-gydyma\/#breadcrumb\"},\"inLanguage\":\"en-GB\",\"potentialAction\":[{\"@type\":\"ReadAction\",\"target\":[\"https:\/\/skaitytaknyga.lt\/produktas\/gydunas-adam-tikra-istorija-apie-stebuklinga-gydyma\/\"]}]},{\"@type\":\"ImageObject\",\"inLanguage\":\"en-GB\",\"@id\":\"https:\/\/skaitytaknyga.lt\/produktas\/gydunas-adam-tikra-istorija-apie-stebuklinga-gydyma\/#primaryimage\",\"url\":\"https:\/\/skaitytaknyga.lt\/wp-content\/uploads\/2025\/02\/Gydunas-Adam-tikra-istorija-apie-stebuklinga-gydyma.webp\",\"contentUrl\":\"https:\/\/skaitytaknyga.lt\/wp-content\/uploads\/2025\/02\/Gydunas-Adam-tikra-istorija-apie-stebuklinga-gydyma.webp\",\"width\":495,\"height\":800,\"caption\":\"Gyd\u016bnas Adam: tikra istorija apie stebukling\u0105 gydym\u0105\"},{\"@type\":\"BreadcrumbList\",\"@id\":\"https:\/\/skaitytaknyga.lt\/produktas\/gydunas-adam-tikra-istorija-apie-stebuklinga-gydyma\/#breadcrumb\",\"itemListElement\":[{\"@type\":\"ListItem\",\"position\":1,\"name\":\"Home\",\"item\":\"https:\/\/skaitytaknyga.lt\/\"},{\"@type\":\"ListItem\",\"position\":2,\"name\":\"Parduotuv\u0117\",\"item\":\"https:\/\/skaitytaknyga.lt\/knygu-parduotuve\/\"},{\"@type\":\"ListItem\",\"position\":3,\"name\":\"Gyd\u016bnas Adam: tikra istorija apie stebukling\u0105 gydym\u0105\"}]},{\"@type\":\"WebSite\",\"@id\":\"https:\/\/skaitytaknyga.lt\/#website\",\"url\":\"https:\/\/skaitytaknyga.lt\/\",\"name\":\"skaitytaknyga.lt\",\"description\":\"Skaitytaknyga.lt \u2013 tai ma\u017eas \u0161eimos verslas, kuris prasid\u0117jo nuo meil\u0117s knygoms ir siekio i\u0161gelb\u0117ti knygas nuo likimo prie konteinerio. Kas vienam nereikalingas daiktas \u2013 kitam lobis, o mes esame tarpininkai, kurie padeda abiems tapti laimingesniems ???? \u017dinome kaip nelengva i\u0161gyventi ma\u017eiems verslams, tad nuo \u0161iol, \u010dia rasite ir kit\u0173, ma\u017e\u0173 \u0161eim\u0173 versl\u0173, rank\u0173 darbo, dovan\u0173 sau ir artimiesiems.\",\"publisher\":{\"@id\":\"https:\/\/skaitytaknyga.lt\/#organization\"},\"potentialAction\":[{\"@type\":\"SearchAction\",\"target\":{\"@type\":\"EntryPoint\",\"urlTemplate\":\"https:\/\/skaitytaknyga.lt\/?s={search_term_string}\"},\"query-input\":{\"@type\":\"PropertyValueSpecification\",\"valueRequired\":true,\"valueName\":\"search_term_string\"}}],\"inLanguage\":\"en-GB\"},{\"@type\":\"Organization\",\"@id\":\"https:\/\/skaitytaknyga.lt\/#organization\",\"name\":\"skaitytaknyga.lt\",\"url\":\"https:\/\/skaitytaknyga.lt\/\",\"logo\":{\"@type\":\"ImageObject\",\"inLanguage\":\"en-GB\",\"@id\":\"https:\/\/skaitytaknyga.lt\/#\/schema\/logo\/image\/\",\"url\":\"https:\/\/skaitytaknyga.lt\/wp-content\/uploads\/2024\/05\/cropped-cropped-cropped-02_00843_jt3bggkj1j3HLc7SyY6rEUpg.jpeg\",\"contentUrl\":\"https:\/\/skaitytaknyga.lt\/wp-content\/uploads\/2024\/05\/cropped-cropped-cropped-02_00843_jt3bggkj1j3HLc7SyY6rEUpg.jpeg\",\"width\":1600,\"height\":1600,\"caption\":\"skaitytaknyga.lt\"},\"image\":{\"@id\":\"https:\/\/skaitytaknyga.lt\/#\/schema\/logo\/image\/\"},\"sameAs\":[\"https:\/\/www.facebook.com\/skaitytaknyga\/\"]}]}<\/script>\n<!-- \/ Yoast SEO plugin. -->","yoast_head_json":{"title":"Gyd\u016bnas Adam: tikra istorija apie stebukling\u0105 gydym\u0105","description":"Knygoje paprastai ir suprantamai ai\u0161kinami unikal\u016bs Adamo geb\u0117jimai - per atstum\u0105 mintimis daryti \u012ftak\u0105 \u017emoni\u0173 sveikatai. \u0160e\u0161iolikmetis jaunuolis","robots":{"index":"index","follow":"follow","max-snippet":"max-snippet:-1","max-image-preview":"max-image-preview:large","max-video-preview":"max-video-preview:-1"},"canonical":"https:\/\/skaitytaknyga.lt\/en\/produktas\/gydunas-adam-tikra-istorija-apie-stebuklinga-gydyma\/","og_locale":"en_GB","og_type":"article","og_title":"[:lt]Gyd\u016bnas Adam: tikra istorija apie stebukling\u0105 gydym\u0105[:] - Skaitytaknyga","og_description":"Knygoje paprastai ir suprantamai ai\u0161kinami unikal\u016bs Adamo geb\u0117jimai - per atstum\u0105 mintimis daryti \u012ftak\u0105 \u017emoni\u0173 sveikatai. \u0160e\u0161iolikmetis jaunuolis","og_url":"https:\/\/skaitytaknyga.lt\/en\/produktas\/gydunas-adam-tikra-istorija-apie-stebuklinga-gydyma\/","og_site_name":"Skaitytaknyga","article_publisher":"https:\/\/www.facebook.com\/skaitytaknyga\/","article_modified_time":"2025-07-11T17:39:51+00:00","og_image":[{"width":495,"height":800,"url":"https:\/\/skaitytaknyga.lt\/wp-content\/uploads\/2025\/02\/Gydunas-Adam-tikra-istorija-apie-stebuklinga-gydyma.webp","type":"image\/webp"}],"twitter_card":"summary_large_image","twitter_misc":{"Estimated reading time":"1 minute"},"schema":{"@context":"https:\/\/schema.org","@graph":[{"@type":"WebPage","@id":"https:\/\/skaitytaknyga.lt\/produktas\/gydunas-adam-tikra-istorija-apie-stebuklinga-gydyma\/","url":"https:\/\/skaitytaknyga.lt\/produktas\/gydunas-adam-tikra-istorija-apie-stebuklinga-gydyma\/","name":"Gyd\u016bnas Adam: tikra istorija apie stebukling\u0105 gydym\u0105","isPartOf":{"@id":"https:\/\/skaitytaknyga.lt\/#website"},"primaryImageOfPage":{"@id":"https:\/\/skaitytaknyga.lt\/produktas\/gydunas-adam-tikra-istorija-apie-stebuklinga-gydyma\/#primaryimage"},"image":{"@id":"https:\/\/skaitytaknyga.lt\/produktas\/gydunas-adam-tikra-istorija-apie-stebuklinga-gydyma\/#primaryimage"},"thumbnailUrl":"https:\/\/skaitytaknyga.lt\/wp-content\/uploads\/2025\/02\/Gydunas-Adam-tikra-istorija-apie-stebuklinga-gydyma.webp","datePublished":"2025-02-03T08:17:42+00:00","dateModified":"2025-07-11T17:39:51+00:00","description":"Knygoje paprastai ir suprantamai ai\u0161kinami unikal\u016bs Adamo geb\u0117jimai - per atstum\u0105 mintimis daryti \u012ftak\u0105 \u017emoni\u0173 sveikatai. \u0160e\u0161iolikmetis jaunuolis","breadcrumb":{"@id":"https:\/\/skaitytaknyga.lt\/produktas\/gydunas-adam-tikra-istorija-apie-stebuklinga-gydyma\/#breadcrumb"},"inLanguage":"en-GB","potentialAction":[{"@type":"ReadAction","target":["https:\/\/skaitytaknyga.lt\/produktas\/gydunas-adam-tikra-istorija-apie-stebuklinga-gydyma\/"]}]},{"@type":"ImageObject","inLanguage":"en-GB","@id":"https:\/\/skaitytaknyga.lt\/produktas\/gydunas-adam-tikra-istorija-apie-stebuklinga-gydyma\/#primaryimage","url":"https:\/\/skaitytaknyga.lt\/wp-content\/uploads\/2025\/02\/Gydunas-Adam-tikra-istorija-apie-stebuklinga-gydyma.webp","contentUrl":"https:\/\/skaitytaknyga.lt\/wp-content\/uploads\/2025\/02\/Gydunas-Adam-tikra-istorija-apie-stebuklinga-gydyma.webp","width":495,"height":800,"caption":"Gyd\u016bnas Adam: tikra istorija apie stebukling\u0105 gydym\u0105"},{"@type":"BreadcrumbList","@id":"https:\/\/skaitytaknyga.lt\/produktas\/gydunas-adam-tikra-istorija-apie-stebuklinga-gydyma\/#breadcrumb","itemListElement":[{"@type":"ListItem","position":1,"name":"Home","item":"https:\/\/skaitytaknyga.lt\/"},{"@type":"ListItem","position":2,"name":"Parduotuv\u0117","item":"https:\/\/skaitytaknyga.lt\/knygu-parduotuve\/"},{"@type":"ListItem","position":3,"name":"Gyd\u016bnas Adam: tikra istorija apie stebukling\u0105 gydym\u0105"}]},{"@type":"WebSite","@id":"https:\/\/skaitytaknyga.lt\/#website","url":"https:\/\/skaitytaknyga.lt\/","name":"skaitytaknyga.lt","description":"Skaitytaknyga.lt \u2013 tai ma\u017eas \u0161eimos verslas, kuris prasid\u0117jo nuo meil\u0117s knygoms ir siekio i\u0161gelb\u0117ti knygas nuo likimo prie konteinerio. Kas vienam nereikalingas daiktas \u2013 kitam lobis, o mes esame tarpininkai, kurie padeda abiems tapti laimingesniems ???? \u017dinome kaip nelengva i\u0161gyventi ma\u017eiems verslams, tad nuo \u0161iol, \u010dia rasite ir kit\u0173, ma\u017e\u0173 \u0161eim\u0173 versl\u0173, rank\u0173 darbo, dovan\u0173 sau ir artimiesiems.","publisher":{"@id":"https:\/\/skaitytaknyga.lt\/#organization"},"potentialAction":[{"@type":"SearchAction","target":{"@type":"EntryPoint","urlTemplate":"https:\/\/skaitytaknyga.lt\/?s={search_term_string}"},"query-input":{"@type":"PropertyValueSpecification","valueRequired":true,"valueName":"search_term_string"}}],"inLanguage":"en-GB"},{"@type":"Organization","@id":"https:\/\/skaitytaknyga.lt\/#organization","name":"skaitytaknyga.lt","url":"https:\/\/skaitytaknyga.lt\/","logo":{"@type":"ImageObject","inLanguage":"en-GB","@id":"https:\/\/skaitytaknyga.lt\/#\/schema\/logo\/image\/","url":"https:\/\/skaitytaknyga.lt\/wp-content\/uploads\/2024\/05\/cropped-cropped-cropped-02_00843_jt3bggkj1j3HLc7SyY6rEUpg.jpeg","contentUrl":"https:\/\/skaitytaknyga.lt\/wp-content\/uploads\/2024\/05\/cropped-cropped-cropped-02_00843_jt3bggkj1j3HLc7SyY6rEUpg.jpeg","width":1600,"height":1600,"caption":"skaitytaknyga.lt"},"image":{"@id":"https:\/\/skaitytaknyga.lt\/#\/schema\/logo\/image\/"},"sameAs":["https:\/\/www.facebook.com\/skaitytaknyga\/"]}]}},"_links":{"self":[{"href":"https:\/\/skaitytaknyga.lt\/en\/wp-json\/wp\/v2\/product\/16567","targetHints":{"allow":["GET"]}}],"collection":[{"href":"https:\/\/skaitytaknyga.lt\/en\/wp-json\/wp\/v2\/product"}],"about":[{"href":"https:\/\/skaitytaknyga.lt\/en\/wp-json\/wp\/v2\/types\/product"}],"replies":[{"embeddable":true,"href":"https:\/\/skaitytaknyga.lt\/en\/wp-json\/wp\/v2\/comments?post=16567"}],"wp:featuredmedia":[{"embeddable":true,"href":"https:\/\/skaitytaknyga.lt\/en\/wp-json\/wp\/v2\/media\/16568"}],"wp:attachment":[{"href":"https:\/\/skaitytaknyga.lt\/en\/wp-json\/wp\/v2\/media?parent=16567"}],"wp:term":[{"taxonomy":"product_brand","embeddable":true,"href":"https:\/\/skaitytaknyga.lt\/en\/wp-json\/wp\/v2\/product_brand?post=16567"},{"taxonomy":"product_cat","embeddable":true,"href":"https:\/\/skaitytaknyga.lt\/en\/wp-json\/wp\/v2\/product_cat?post=16567"},{"taxonomy":"product_tag","embeddable":true,"href":"https:\/\/skaitytaknyga.lt\/en\/wp-json\/wp\/v2\/product_tag?post=16567"}],"curies":[{"name":"wp","href":"https:\/\/api.w.org\/{rel}","templated":true}]}}