{"id":16557,"date":"2025-02-03T09:01:11","date_gmt":"2025-02-03T07:01:11","guid":{"rendered":"https:\/\/skaitytaknyga.lt\/?post_type=product&#038;p=16557"},"modified":"2025-02-03T09:02:38","modified_gmt":"2025-02-03T07:02:38","slug":"kas-as-buvau-ankstesniame-gyvenime","status":"publish","type":"product","link":"https:\/\/skaitytaknyga.lt\/en\/produktas\/kas-as-buvau-ankstesniame-gyvenime\/","title":{"rendered":"Kas a\u0161 buvau ankstesniame gyvenime?"},"content":{"rendered":"<p>Tik\u0117jimas atgimimu toks pat senas kaip ir pati \u017emonija. \u0160veicar\u0117 hipnoz\u0117s ekspert\u0117 Ursula Demarmels teigia, kad ankstesnius gyvenimus galima prisiminti dvasin\u0117je kelion\u0117je \u012f praeit\u012f. Autor\u0117 apra\u0161o tokios kelion\u0117s ir sugr\u012f\u017eimo i\u0161 jos eig\u0105 vadovaudamasi savo sukurtu metodu. Sesij\u0173 apra\u0161ai, kuriuose panaudota per dvide\u0161imt met\u0173 kaupta patirtis, akivaizd\u017eiai liudija apie toki\u0173 kelioni\u0173 terapin\u0119 naud\u0105. Per jas \u017emogus giliau suvokia savo sveikatos problemas, emocines u\u017ekardas ir \u012fgauna stimul\u0105 dvasi\u0161kai tobul\u0117ti.<\/p>\n<p>Pasak autor\u0117s, kiekvienas \u017emogus, jos seans\u0173 metus patyr\u0119s kelion\u0119 \u012f praeit\u012f, suprato, kad gyvenimas \u017dem\u0117je yra did\u017eiul\u0117 dovana, ir pajuto es\u0105s u\u017e j\u012f atsakingas.<\/p>\n<ul class=\"about-product d-none d-xl-block mt-4\">\n<li><strong>Autorius:<\/strong>\u00a0Ursula Demarmels<\/li>\n<li><strong>Leid\u0117jas:<\/strong>\u00a0Alma littera<\/li>\n<li><strong>Metai:<\/strong>\u00a02010<\/li>\n<li><strong>Puslapiai:<\/strong>\u00a0192<\/li>\n<li class=\"toggleable type-new-formats \"><strong>ISBN:<\/strong>\u00a09789955386131<\/li>\n<li><strong>Versijos kodas:<\/strong>\u00a0PT.<\/li>\n<li class=\"toggleable type-new-formats \"><strong>Formatas:<\/strong>\u00a014,3 x 21,5 cm, mink\u0161ti vir\u0161eliai<\/li>\n<li><strong>Kalba:<\/strong>\u00a0Lietuvi\u0173<\/li>\n<li><strong>Vert\u0117jas:<\/strong>\u00a0Virginija Jurgelevi\u010di\u016bt\u0117<\/li>\n<\/ul>\n","protected":false},"excerpt":{"rendered":"<p>Tik\u0117jimas atgimimu toks pat senas kaip ir pati \u017emonija. \u0160veicar\u0117 hipnoz\u0117s ekspert\u0117 Ursula Demarmels teigia, kad ankstesnius gyvenimus galima prisiminti dvasin\u0117je kelion\u0117je \u012f praeit\u012f. Autor\u0117 apra\u0161o tokios kelion\u0117s ir sugr\u012f\u017eimo i\u0161 jos eig\u0105 vadovaudamasi savo sukurtu metodu. Sesij\u0173 apra\u0161ai, kuriuose panaudota per dvide\u0161imt met\u0173 kaupta patirtis, akivaizd\u017eiai liudija apie toki\u0173 kelioni\u0173 terapin\u0119 naud\u0105. Per jas \u017emogus giliau suvokia savo sveikatos problemas, emocines u\u017ekardas ir \u012fgauna stimul\u0105 dvasi\u0161kai tobul\u0117ti. Pasak autor\u0117s, kiekvienas \u017emogus, jos seans\u0173 metus patyr\u0119s kelion\u0119 \u012f praeit\u012f, suprato, kad gyvenimas \u017dem\u0117je yra did\u017eiul\u0117 dovana, ir pajuto es\u0105s u\u017e j\u012f atsakingas. Autorius:\u00a0Ursula Demarmels Leid\u0117jas:\u00a0Alma littera Metai:\u00a02010 Puslapiai:\u00a0192 ISBN:\u00a09789955386131 Versijos kodas:\u00a0PT. Formatas:\u00a014,3 x 21,5 cm, mink\u0161ti vir\u0161eliai Kalba:\u00a0Lietuvi\u0173 Vert\u0117jas:\u00a0Virginija Jurgelevi\u010di\u016bt\u0117<\/p>\n","protected":false},"featured_media":16558,"comment_status":"open","ping_status":"closed","template":"","meta":{"_acf_changed":false,"site-sidebar-layout":"default","site-content-layout":"","ast-site-content-layout":"default","site-content-style":"default","site-sidebar-style":"default","ast-global-header-display":"","ast-banner-title-visibility":"","ast-main-header-display":"","ast-hfb-above-header-display":"","ast-hfb-below-header-display":"","ast-hfb-mobile-header-display":"","site-post-title":"","ast-breadcrumbs-content":"","ast-featured-img":"","footer-sml-layout":"","ast-disable-related-posts":"","theme-transparent-header-meta":"default","adv-header-id-meta":"","stick-header-meta":"","header-above-stick-meta":"","header-main-stick-meta":"","header-below-stick-meta":"","astra-migrate-meta-layouts":"set","ast-page-background-enabled":"default","ast-page-background-meta":{"desktop":{"background-color":"","background-image":"","background-repeat":"repeat","background-position":"center center","background-size":"auto","background-attachment":"scroll","background-type":"","background-media":"","overlay-type":"","overlay-color":"","overlay-opacity":"","overlay-gradient":""},"tablet":{"background-color":"","background-image":"","background-repeat":"repeat","background-position":"center center","background-size":"auto","background-attachment":"scroll","background-type":"","background-media":"","overlay-type":"","overlay-color":"","overlay-opacity":"","overlay-gradient":""},"mobile":{"background-color":"","background-image":"","background-repeat":"repeat","background-position":"center center","background-size":"auto","background-attachment":"scroll","background-type":"","background-media":"","overlay-type":"","overlay-color":"","overlay-opacity":"","overlay-gradient":""}},"ast-content-background-meta":{"desktop":{"background-color":"var(--ast-global-color-4)","background-image":"","background-repeat":"repeat","background-position":"center center","background-size":"auto","background-attachment":"scroll","background-type":"","background-media":"","overlay-type":"","overlay-color":"","overlay-opacity":"","overlay-gradient":""},"tablet":{"background-color":"var(--ast-global-color-4)","background-image":"","background-repeat":"repeat","background-position":"center center","background-size":"auto","background-attachment":"scroll","background-type":"","background-media":"","overlay-type":"","overlay-color":"","overlay-opacity":"","overlay-gradient":""},"mobile":{"background-color":"var(--ast-global-color-4)","background-image":"","background-repeat":"repeat","background-position":"center center","background-size":"auto","background-attachment":"scroll","background-type":"","background-media":"","overlay-type":"","overlay-color":"","overlay-opacity":"","overlay-gradient":""}}},"product_brand":[],"product_cat":[15,165],"product_tag":[],"class_list":{"0":"post-16557","1":"product","2":"type-product","3":"status-publish","4":"has-post-thumbnail","6":"product_cat-uncategorized","7":"product_cat-religija-filosofija-ir-ezoterika","8":"desktop-align-left","9":"tablet-align-left","10":"mobile-align-left","12":"first","13":"instock","14":"shipping-taxable","15":"purchasable","16":"product-type-simple"},"acf":[],"yoast_head":"<!-- This site is optimized with the Yoast SEO plugin v27.0 - https:\/\/yoast.com\/product\/yoast-seo-wordpress\/ -->\n<title>Kas a\u0161 buvau ankstesniame gyvenime?<\/title>\n<meta name=\"description\" content=\"Tik\u0117jimas atgimimu toks pat senas kaip ir pati \u017emonija. \u0160veicar\u0117 hipnoz\u0117s ekspert\u0117 Ursula Demarmels teigia, kad ankstesnius gyvenimus galima prisiminti\" \/>\n<meta name=\"robots\" content=\"index, follow, max-snippet:-1, max-image-preview:large, max-video-preview:-1\" \/>\n<link rel=\"canonical\" href=\"https:\/\/skaitytaknyga.lt\/en\/produktas\/kas-as-buvau-ankstesniame-gyvenime\/\" \/>\n<meta property=\"og:locale\" content=\"en_GB\" \/>\n<meta property=\"og:locale:alternate\" content=\"lt_LT\" \/>\n<meta property=\"og:type\" content=\"article\" \/>\n<meta property=\"og:title\" content=\"Kas a\u0161 buvau ankstesniame gyvenime?\" \/>\n<meta property=\"og:description\" content=\"Tik\u0117jimas atgimimu toks pat senas kaip ir pati \u017emonija. \u0160veicar\u0117 hipnoz\u0117s ekspert\u0117 Ursula Demarmels teigia, kad ankstesnius gyvenimus galima prisiminti\" \/>\n<meta property=\"og:url\" content=\"https:\/\/skaitytaknyga.lt\/en\/produktas\/kas-as-buvau-ankstesniame-gyvenime\/\" \/>\n<meta property=\"og:site_name\" content=\"Skaitytaknyga\" \/>\n<meta property=\"article:publisher\" content=\"https:\/\/www.facebook.com\/skaitytaknyga\/\" \/>\n<meta property=\"article:modified_time\" content=\"2025-02-03T07:02:38+00:00\" \/>\n<meta property=\"og:image\" content=\"https:\/\/skaitytaknyga.lt\/wp-content\/uploads\/2025\/02\/Kas-as-buvau-ankstesniame-gyvenime.webp\" \/>\n\t<meta property=\"og:image:width\" content=\"392\" \/>\n\t<meta property=\"og:image:height\" content=\"596\" \/>\n\t<meta property=\"og:image:type\" content=\"image\/webp\" \/>\n<meta name=\"twitter:card\" content=\"summary_large_image\" \/>\n<meta name=\"twitter:label1\" content=\"Estimated reading time\" \/>\n\t<meta name=\"twitter:data1\" content=\"1 minute\" \/>\n<script type=\"application\/ld+json\" class=\"yoast-schema-graph\">{\"@context\":\"https:\/\/schema.org\",\"@graph\":[{\"@type\":\"WebPage\",\"@id\":\"https:\/\/skaitytaknyga.lt\/produktas\/kas-as-buvau-ankstesniame-gyvenime\/\",\"url\":\"https:\/\/skaitytaknyga.lt\/produktas\/kas-as-buvau-ankstesniame-gyvenime\/\",\"name\":\"Kas a\u0161 buvau ankstesniame gyvenime?\",\"isPartOf\":{\"@id\":\"https:\/\/skaitytaknyga.lt\/#website\"},\"primaryImageOfPage\":{\"@id\":\"https:\/\/skaitytaknyga.lt\/produktas\/kas-as-buvau-ankstesniame-gyvenime\/#primaryimage\"},\"image\":{\"@id\":\"https:\/\/skaitytaknyga.lt\/produktas\/kas-as-buvau-ankstesniame-gyvenime\/#primaryimage\"},\"thumbnailUrl\":\"https:\/\/skaitytaknyga.lt\/wp-content\/uploads\/2025\/02\/Kas-as-buvau-ankstesniame-gyvenime.webp\",\"datePublished\":\"2025-02-03T07:01:11+00:00\",\"dateModified\":\"2025-02-03T07:02:38+00:00\",\"description\":\"Tik\u0117jimas atgimimu toks pat senas kaip ir pati \u017emonija. \u0160veicar\u0117 hipnoz\u0117s ekspert\u0117 Ursula Demarmels teigia, kad ankstesnius gyvenimus galima prisiminti\",\"breadcrumb\":{\"@id\":\"https:\/\/skaitytaknyga.lt\/produktas\/kas-as-buvau-ankstesniame-gyvenime\/#breadcrumb\"},\"inLanguage\":\"en-GB\",\"potentialAction\":[{\"@type\":\"ReadAction\",\"target\":[\"https:\/\/skaitytaknyga.lt\/produktas\/kas-as-buvau-ankstesniame-gyvenime\/\"]}]},{\"@type\":\"ImageObject\",\"inLanguage\":\"en-GB\",\"@id\":\"https:\/\/skaitytaknyga.lt\/produktas\/kas-as-buvau-ankstesniame-gyvenime\/#primaryimage\",\"url\":\"https:\/\/skaitytaknyga.lt\/wp-content\/uploads\/2025\/02\/Kas-as-buvau-ankstesniame-gyvenime.webp\",\"contentUrl\":\"https:\/\/skaitytaknyga.lt\/wp-content\/uploads\/2025\/02\/Kas-as-buvau-ankstesniame-gyvenime.webp\",\"width\":392,\"height\":596,\"caption\":\"Kas a\u0161 buvau ankstesniame gyvenime?\"},{\"@type\":\"BreadcrumbList\",\"@id\":\"https:\/\/skaitytaknyga.lt\/produktas\/kas-as-buvau-ankstesniame-gyvenime\/#breadcrumb\",\"itemListElement\":[{\"@type\":\"ListItem\",\"position\":1,\"name\":\"Home\",\"item\":\"https:\/\/skaitytaknyga.lt\/\"},{\"@type\":\"ListItem\",\"position\":2,\"name\":\"Parduotuv\u0117\",\"item\":\"https:\/\/skaitytaknyga.lt\/knygu-parduotuve\/\"},{\"@type\":\"ListItem\",\"position\":3,\"name\":\"Kas a\u0161 buvau ankstesniame gyvenime?\"}]},{\"@type\":\"WebSite\",\"@id\":\"https:\/\/skaitytaknyga.lt\/#website\",\"url\":\"https:\/\/skaitytaknyga.lt\/\",\"name\":\"skaitytaknyga.lt\",\"description\":\"Skaitytaknyga.lt \u2013 tai ma\u017eas \u0161eimos verslas, kuris prasid\u0117jo nuo meil\u0117s knygoms ir siekio i\u0161gelb\u0117ti knygas nuo likimo prie konteinerio. Kas vienam nereikalingas daiktas \u2013 kitam lobis, o mes esame tarpininkai, kurie padeda abiems tapti laimingesniems ???? \u017dinome kaip nelengva i\u0161gyventi ma\u017eiems verslams, tad nuo \u0161iol, \u010dia rasite ir kit\u0173, ma\u017e\u0173 \u0161eim\u0173 versl\u0173, rank\u0173 darbo, dovan\u0173 sau ir artimiesiems.\",\"publisher\":{\"@id\":\"https:\/\/skaitytaknyga.lt\/#organization\"},\"potentialAction\":[{\"@type\":\"SearchAction\",\"target\":{\"@type\":\"EntryPoint\",\"urlTemplate\":\"https:\/\/skaitytaknyga.lt\/?s={search_term_string}\"},\"query-input\":{\"@type\":\"PropertyValueSpecification\",\"valueRequired\":true,\"valueName\":\"search_term_string\"}}],\"inLanguage\":\"en-GB\"},{\"@type\":\"Organization\",\"@id\":\"https:\/\/skaitytaknyga.lt\/#organization\",\"name\":\"skaitytaknyga.lt\",\"url\":\"https:\/\/skaitytaknyga.lt\/\",\"logo\":{\"@type\":\"ImageObject\",\"inLanguage\":\"en-GB\",\"@id\":\"https:\/\/skaitytaknyga.lt\/#\/schema\/logo\/image\/\",\"url\":\"https:\/\/skaitytaknyga.lt\/wp-content\/uploads\/2024\/05\/cropped-cropped-cropped-02_00843_jt3bggkj1j3HLc7SyY6rEUpg.jpeg\",\"contentUrl\":\"https:\/\/skaitytaknyga.lt\/wp-content\/uploads\/2024\/05\/cropped-cropped-cropped-02_00843_jt3bggkj1j3HLc7SyY6rEUpg.jpeg\",\"width\":1600,\"height\":1600,\"caption\":\"skaitytaknyga.lt\"},\"image\":{\"@id\":\"https:\/\/skaitytaknyga.lt\/#\/schema\/logo\/image\/\"},\"sameAs\":[\"https:\/\/www.facebook.com\/skaitytaknyga\/\"]}]}<\/script>\n<!-- \/ Yoast SEO plugin. -->","yoast_head_json":{"title":"Kas a\u0161 buvau ankstesniame gyvenime?","description":"Tik\u0117jimas atgimimu toks pat senas kaip ir pati \u017emonija. \u0160veicar\u0117 hipnoz\u0117s ekspert\u0117 Ursula Demarmels teigia, kad ankstesnius gyvenimus galima prisiminti","robots":{"index":"index","follow":"follow","max-snippet":"max-snippet:-1","max-image-preview":"max-image-preview:large","max-video-preview":"max-video-preview:-1"},"canonical":"https:\/\/skaitytaknyga.lt\/en\/produktas\/kas-as-buvau-ankstesniame-gyvenime\/","og_locale":"en_GB","og_type":"article","og_title":"[:lt]Kas a\u0161 buvau ankstesniame gyvenime?[:] - Skaitytaknyga","og_description":"Tik\u0117jimas atgimimu toks pat senas kaip ir pati \u017emonija. \u0160veicar\u0117 hipnoz\u0117s ekspert\u0117 Ursula Demarmels teigia, kad ankstesnius gyvenimus galima prisiminti","og_url":"https:\/\/skaitytaknyga.lt\/en\/produktas\/kas-as-buvau-ankstesniame-gyvenime\/","og_site_name":"Skaitytaknyga","article_publisher":"https:\/\/www.facebook.com\/skaitytaknyga\/","article_modified_time":"2025-02-03T07:02:38+00:00","og_image":[{"width":392,"height":596,"url":"https:\/\/skaitytaknyga.lt\/wp-content\/uploads\/2025\/02\/Kas-as-buvau-ankstesniame-gyvenime.webp","type":"image\/webp"}],"twitter_card":"summary_large_image","twitter_misc":{"Estimated reading time":"1 minute"},"schema":{"@context":"https:\/\/schema.org","@graph":[{"@type":"WebPage","@id":"https:\/\/skaitytaknyga.lt\/produktas\/kas-as-buvau-ankstesniame-gyvenime\/","url":"https:\/\/skaitytaknyga.lt\/produktas\/kas-as-buvau-ankstesniame-gyvenime\/","name":"Kas a\u0161 buvau ankstesniame gyvenime?","isPartOf":{"@id":"https:\/\/skaitytaknyga.lt\/#website"},"primaryImageOfPage":{"@id":"https:\/\/skaitytaknyga.lt\/produktas\/kas-as-buvau-ankstesniame-gyvenime\/#primaryimage"},"image":{"@id":"https:\/\/skaitytaknyga.lt\/produktas\/kas-as-buvau-ankstesniame-gyvenime\/#primaryimage"},"thumbnailUrl":"https:\/\/skaitytaknyga.lt\/wp-content\/uploads\/2025\/02\/Kas-as-buvau-ankstesniame-gyvenime.webp","datePublished":"2025-02-03T07:01:11+00:00","dateModified":"2025-02-03T07:02:38+00:00","description":"Tik\u0117jimas atgimimu toks pat senas kaip ir pati \u017emonija. \u0160veicar\u0117 hipnoz\u0117s ekspert\u0117 Ursula Demarmels teigia, kad ankstesnius gyvenimus galima prisiminti","breadcrumb":{"@id":"https:\/\/skaitytaknyga.lt\/produktas\/kas-as-buvau-ankstesniame-gyvenime\/#breadcrumb"},"inLanguage":"en-GB","potentialAction":[{"@type":"ReadAction","target":["https:\/\/skaitytaknyga.lt\/produktas\/kas-as-buvau-ankstesniame-gyvenime\/"]}]},{"@type":"ImageObject","inLanguage":"en-GB","@id":"https:\/\/skaitytaknyga.lt\/produktas\/kas-as-buvau-ankstesniame-gyvenime\/#primaryimage","url":"https:\/\/skaitytaknyga.lt\/wp-content\/uploads\/2025\/02\/Kas-as-buvau-ankstesniame-gyvenime.webp","contentUrl":"https:\/\/skaitytaknyga.lt\/wp-content\/uploads\/2025\/02\/Kas-as-buvau-ankstesniame-gyvenime.webp","width":392,"height":596,"caption":"Kas a\u0161 buvau ankstesniame gyvenime?"},{"@type":"BreadcrumbList","@id":"https:\/\/skaitytaknyga.lt\/produktas\/kas-as-buvau-ankstesniame-gyvenime\/#breadcrumb","itemListElement":[{"@type":"ListItem","position":1,"name":"Home","item":"https:\/\/skaitytaknyga.lt\/"},{"@type":"ListItem","position":2,"name":"Parduotuv\u0117","item":"https:\/\/skaitytaknyga.lt\/knygu-parduotuve\/"},{"@type":"ListItem","position":3,"name":"Kas a\u0161 buvau ankstesniame gyvenime?"}]},{"@type":"WebSite","@id":"https:\/\/skaitytaknyga.lt\/#website","url":"https:\/\/skaitytaknyga.lt\/","name":"skaitytaknyga.lt","description":"Skaitytaknyga.lt \u2013 tai ma\u017eas \u0161eimos verslas, kuris prasid\u0117jo nuo meil\u0117s knygoms ir siekio i\u0161gelb\u0117ti knygas nuo likimo prie konteinerio. Kas vienam nereikalingas daiktas \u2013 kitam lobis, o mes esame tarpininkai, kurie padeda abiems tapti laimingesniems ???? \u017dinome kaip nelengva i\u0161gyventi ma\u017eiems verslams, tad nuo \u0161iol, \u010dia rasite ir kit\u0173, ma\u017e\u0173 \u0161eim\u0173 versl\u0173, rank\u0173 darbo, dovan\u0173 sau ir artimiesiems.","publisher":{"@id":"https:\/\/skaitytaknyga.lt\/#organization"},"potentialAction":[{"@type":"SearchAction","target":{"@type":"EntryPoint","urlTemplate":"https:\/\/skaitytaknyga.lt\/?s={search_term_string}"},"query-input":{"@type":"PropertyValueSpecification","valueRequired":true,"valueName":"search_term_string"}}],"inLanguage":"en-GB"},{"@type":"Organization","@id":"https:\/\/skaitytaknyga.lt\/#organization","name":"skaitytaknyga.lt","url":"https:\/\/skaitytaknyga.lt\/","logo":{"@type":"ImageObject","inLanguage":"en-GB","@id":"https:\/\/skaitytaknyga.lt\/#\/schema\/logo\/image\/","url":"https:\/\/skaitytaknyga.lt\/wp-content\/uploads\/2024\/05\/cropped-cropped-cropped-02_00843_jt3bggkj1j3HLc7SyY6rEUpg.jpeg","contentUrl":"https:\/\/skaitytaknyga.lt\/wp-content\/uploads\/2024\/05\/cropped-cropped-cropped-02_00843_jt3bggkj1j3HLc7SyY6rEUpg.jpeg","width":1600,"height":1600,"caption":"skaitytaknyga.lt"},"image":{"@id":"https:\/\/skaitytaknyga.lt\/#\/schema\/logo\/image\/"},"sameAs":["https:\/\/www.facebook.com\/skaitytaknyga\/"]}]}},"_links":{"self":[{"href":"https:\/\/skaitytaknyga.lt\/en\/wp-json\/wp\/v2\/product\/16557","targetHints":{"allow":["GET"]}}],"collection":[{"href":"https:\/\/skaitytaknyga.lt\/en\/wp-json\/wp\/v2\/product"}],"about":[{"href":"https:\/\/skaitytaknyga.lt\/en\/wp-json\/wp\/v2\/types\/product"}],"replies":[{"embeddable":true,"href":"https:\/\/skaitytaknyga.lt\/en\/wp-json\/wp\/v2\/comments?post=16557"}],"wp:featuredmedia":[{"embeddable":true,"href":"https:\/\/skaitytaknyga.lt\/en\/wp-json\/wp\/v2\/media\/16558"}],"wp:attachment":[{"href":"https:\/\/skaitytaknyga.lt\/en\/wp-json\/wp\/v2\/media?parent=16557"}],"wp:term":[{"taxonomy":"product_brand","embeddable":true,"href":"https:\/\/skaitytaknyga.lt\/en\/wp-json\/wp\/v2\/product_brand?post=16557"},{"taxonomy":"product_cat","embeddable":true,"href":"https:\/\/skaitytaknyga.lt\/en\/wp-json\/wp\/v2\/product_cat?post=16557"},{"taxonomy":"product_tag","embeddable":true,"href":"https:\/\/skaitytaknyga.lt\/en\/wp-json\/wp\/v2\/product_tag?post=16557"}],"curies":[{"name":"wp","href":"https:\/\/api.w.org\/{rel}","templated":true}]}}