{"id":16554,"date":"2025-02-02T17:05:38","date_gmt":"2025-02-02T15:05:38","guid":{"rendered":"https:\/\/skaitytaknyga.lt\/?post_type=product&#038;p=16554"},"modified":"2025-04-13T20:43:35","modified_gmt":"2025-04-13T17:43:35","slug":"paaugliai-kai-auklejimas-nebepadeda","status":"publish","type":"product","link":"https:\/\/skaitytaknyga.lt\/en\/produktas\/paaugliai-kai-auklejimas-nebepadeda\/","title":{"rendered":"Paaugliai. Kai aukl\u0117jimas nebepadeda"},"content":{"rendered":"<div class=\"tab-content col-xs-12\">\n<div id=\"tab-description\" class=\"tab-pane active\">\n<div class=\"content-product-midde clearfix\">\n<div class=\"producttab \">\n<div class=\"tabsslider horizontal-tabs col-xs-12\">\n<div class=\"tab-content col-xs-12\">\n<div id=\"tab-description\" class=\"tab-pane active\">\n<div id=\"collapse-description\" class=\"desc-collapse\">\n<p>Esate \u012fsitikin\u0119, kad j\u016bs\u0173 paauglys piktavali\u0161kai ty\u010diojasi, neigdamas visk\u0105, k\u0105 sakote?<\/p>\n<p>Norite tur\u0117ti tvirtus orientyrus, ta\u010diau netrukus pastebite, kad m\u0117\u0161lungi\u0161kai laikot\u0117s \u012fsitv\u0117r\u0119 sustabar\u0117jusios sistemos, o j\u016bs\u0173 paauglys s\u016bnus trenkia durimis, i\u0161eidamas i\u0161 nam\u0173?<\/p>\n<p>Gal\u0117tum\u0117te t\u0119sti \u0161i\u0173 skund\u0173 s\u0105ra\u0161\u0105 be galo?<\/p>\n<p>Paauglyst\u0117 \u2013 sud\u0117tingas periodas tiek paaugliams, tiek ir j\u0173 t\u0117vams. Ta\u010diau tai \u2013 faktas, o ne liga.<\/p>\n<p>\u201eT\u0117vai neprivalo b\u016bti tobuli. Neegzistuoja vienas teisingas aukl\u0117jimo b\u016bdas. A\u0161 ne\u017einau, kaip teisingai aukl\u0117ti. \u017dinau nebent, k\u0105 daryti, kai esi nepatenkintas, \u012fnir\u0161\u0119s, nuli\u016bd\u0119s ar susinervin\u0119s\u201c, sako Jesperis Juulas. Ta\u010diau autorius moko mus, t\u0117vus, suprasti, k\u0105 sako m\u016bs\u0173 paauglys. Netgi tuomet, kai tas paauglys kalba ne \u017eod\u017eiais, o veiksmais, kurie mums labai nepatinka.<\/p>\n<p>Knygoje \u201ePaaugliai: kai aukl\u0117jimas nebepadeda\u201c rasite daugumai t\u0117v\u0173 i\u0161kylan\u010dias problemas. Suprasite, i\u0161 kur jos atsiranda ir kaip su jomis gyventi. Daugyb\u0117 t\u0117v\u0173 susiduria su tais pa\u010diais sunkumais \u2013 taigi j\u016bs ne vieni\u0161i. Ta\u010diau visi t\u0117vai nori vieno ir to paties: suprasti ir myl\u0117ti savo vaikus net ir tuomet, kai jie \u2013 konflikti\u0161ki, probleminiai, erzinantys paaugliai.<\/p>\n<p>Tam ir skirta \u0161i knyga \u2013 pagalbos ranka, kai atrodo, kad j\u016bs, tokie protingi, toleranti\u0161ki, i\u0161silavin\u0119, norintys tiktai gero, vistiek atsid\u016br\u0117te aklaviet\u0117je su savo paties k\u016bnu ir krauju &#8211; paaugliu.<\/p>\n<p>Kai vaikui ma\u017edaug dvylika, aukl\u0117ti j\u012f jau per v\u0117lu. Vaikai patys tai mums sako, tik mes da\u017eniausiai nei\u0161girstame. I\u0161 prad\u017ei\u0173 jie kalba itin diplomati\u0161kai, bet matydami, kad nesuprantame, prabyla garsiau, kai kada net labai garsiai. Arba griebiasi k\u016bno kalbos.<\/p>\n<ul class=\"about-product d-none d-xl-block mt-4\">\n<li><strong>Autorius:<\/strong>\u00a0Jesper Juul<\/li>\n<li><strong>Leid\u0117jas:<\/strong>\u00a0Tyto alba<\/li>\n<li><strong>Metai:<\/strong>\u00a02010<\/li>\n<li><strong>Puslapiai:<\/strong>\u00a0159<\/li>\n<li class=\"toggleable type-new-formats \"><strong>ISBN:<\/strong>\u00a09789986167860<\/li>\n<li><strong>Versijos kodas:<\/strong>\u00a0PT.<\/li>\n<li class=\"toggleable type-new-formats \"><strong>Formatas:<\/strong>\u00a016,5 x 23,5 cm, mink\u0161ti vir\u0161eliai<\/li>\n<li><strong>Kalba:<\/strong>\u00a0Lietuvi\u0173<\/li>\n<li><strong>Vert\u0117jas:<\/strong>\u00a0Valdemaras Kvietkauskas<\/li>\n<\/ul>\n<\/div>\n<\/div>\n<\/div>\n<\/div>\n<\/div>\n<\/div>\n<\/div>\n<\/div>\n","protected":false},"excerpt":{"rendered":"<p>Esate \u012fsitikin\u0119, kad j\u016bs\u0173 paauglys piktavali\u0161kai ty\u010diojasi, neigdamas visk\u0105, k\u0105 sakote? Norite tur\u0117ti tvirtus orientyrus, ta\u010diau netrukus pastebite, kad m\u0117\u0161lungi\u0161kai laikot\u0117s \u012fsitv\u0117r\u0119 sustabar\u0117jusios sistemos, o j\u016bs\u0173 paauglys s\u016bnus trenkia durimis, i\u0161eidamas i\u0161 nam\u0173? Gal\u0117tum\u0117te t\u0119sti \u0161i\u0173 skund\u0173 s\u0105ra\u0161\u0105 be galo? Paauglyst\u0117 \u2013 sud\u0117tingas periodas tiek paaugliams, tiek ir j\u0173 t\u0117vams. Ta\u010diau tai \u2013 faktas, o ne liga. \u201eT\u0117vai neprivalo b\u016bti tobuli. Neegzistuoja vienas teisingas aukl\u0117jimo b\u016bdas. A\u0161 ne\u017einau, kaip teisingai aukl\u0117ti. \u017dinau nebent, k\u0105 daryti, kai esi nepatenkintas, \u012fnir\u0161\u0119s, nuli\u016bd\u0119s ar susinervin\u0119s\u201c, sako Jesperis Juulas. Ta\u010diau autorius moko mus, t\u0117vus, suprasti, k\u0105 sako m\u016bs\u0173 paauglys. Netgi tuomet, kai tas paauglys kalba ne \u017eod\u017eiais, o veiksmais, kurie mums labai nepatinka. Knygoje \u201ePaaugliai: kai aukl\u0117jimas nebepadeda\u201c rasite daugumai t\u0117v\u0173 i\u0161kylan\u010dias problemas. Suprasite, i\u0161 kur jos atsiranda ir kaip su jomis gyventi. Daugyb\u0117 t\u0117v\u0173 susiduria su tais pa\u010diais sunkumais \u2013 taigi j\u016bs ne vieni\u0161i. Ta\u010diau visi t\u0117vai nori vieno ir to paties: suprasti ir myl\u0117ti savo vaikus net ir tuomet, kai jie \u2013 konflikti\u0161ki, probleminiai, erzinantys paaugliai. Tam ir skirta \u0161i knyga \u2013 pagalbos ranka, kai atrodo, kad j\u016bs, tokie protingi, toleranti\u0161ki, i\u0161silavin\u0119, norintys tiktai gero, vistiek atsid\u016br\u0117te aklaviet\u0117je su savo paties k\u016bnu ir krauju &#8211; paaugliu. Kai vaikui ma\u017edaug dvylika, aukl\u0117ti j\u012f jau per v\u0117lu. Vaikai patys tai mums sako, tik mes da\u017eniausiai nei\u0161girstame. I\u0161 prad\u017ei\u0173 jie kalba itin diplomati\u0161kai, bet matydami, kad nesuprantame, prabyla garsiau, kai kada net labai garsiai. Arba griebiasi k\u016bno kalbos. Autorius:\u00a0Jesper Juul Leid\u0117jas:\u00a0Tyto alba Metai:\u00a02010 Puslapiai:\u00a0159 ISBN:\u00a09789986167860 Versijos kodas:\u00a0PT. Formatas:\u00a016,5 x 23,5 cm, mink\u0161ti vir\u0161eliai Kalba:\u00a0Lietuvi\u0173 Vert\u0117jas:\u00a0Valdemaras Kvietkauskas<\/p>\n","protected":false},"featured_media":16556,"comment_status":"closed","ping_status":"closed","template":"","meta":{"_acf_changed":false,"site-sidebar-layout":"default","site-content-layout":"","ast-site-content-layout":"default","site-content-style":"default","site-sidebar-style":"default","ast-global-header-display":"","ast-banner-title-visibility":"","ast-main-header-display":"","ast-hfb-above-header-display":"","ast-hfb-below-header-display":"","ast-hfb-mobile-header-display":"","site-post-title":"","ast-breadcrumbs-content":"","ast-featured-img":"","footer-sml-layout":"","ast-disable-related-posts":"","theme-transparent-header-meta":"default","adv-header-id-meta":"","stick-header-meta":"","header-above-stick-meta":"","header-main-stick-meta":"","header-below-stick-meta":"","astra-migrate-meta-layouts":"set","ast-page-background-enabled":"default","ast-page-background-meta":{"desktop":{"background-color":"","background-image":"","background-repeat":"repeat","background-position":"center center","background-size":"auto","background-attachment":"scroll","background-type":"","background-media":"","overlay-type":"","overlay-color":"","overlay-opacity":"","overlay-gradient":""},"tablet":{"background-color":"","background-image":"","background-repeat":"repeat","background-position":"center center","background-size":"auto","background-attachment":"scroll","background-type":"","background-media":"","overlay-type":"","overlay-color":"","overlay-opacity":"","overlay-gradient":""},"mobile":{"background-color":"","background-image":"","background-repeat":"repeat","background-position":"center center","background-size":"auto","background-attachment":"scroll","background-type":"","background-media":"","overlay-type":"","overlay-color":"","overlay-opacity":"","overlay-gradient":""}},"ast-content-background-meta":{"desktop":{"background-color":"var(--ast-global-color-4)","background-image":"","background-repeat":"repeat","background-position":"center center","background-size":"auto","background-attachment":"scroll","background-type":"","background-media":"","overlay-type":"","overlay-color":"","overlay-opacity":"","overlay-gradient":""},"tablet":{"background-color":"var(--ast-global-color-4)","background-image":"","background-repeat":"repeat","background-position":"center center","background-size":"auto","background-attachment":"scroll","background-type":"","background-media":"","overlay-type":"","overlay-color":"","overlay-opacity":"","overlay-gradient":""},"mobile":{"background-color":"var(--ast-global-color-4)","background-image":"","background-repeat":"repeat","background-position":"center center","background-size":"auto","background-attachment":"scroll","background-type":"","background-media":"","overlay-type":"","overlay-color":"","overlay-opacity":"","overlay-gradient":""}}},"product_brand":[],"product_cat":[37],"product_tag":[],"class_list":{"0":"post-16554","1":"product","2":"type-product","3":"status-publish","4":"has-post-thumbnail","6":"product_cat-nestumas-ir-vaiku-prieziura-bei-auklejimas","7":"desktop-align-left","8":"tablet-align-left","9":"mobile-align-left","11":"first","12":"outofstock","13":"shipping-taxable","14":"purchasable","15":"product-type-simple"},"acf":[],"yoast_head":"<!-- This site is optimized with the Yoast SEO plugin v27.0 - https:\/\/yoast.com\/product\/yoast-seo-wordpress\/ -->\n<title>Paaugliai. Kai aukl\u0117jimas nebepadeda<\/title>\n<meta name=\"description\" content=\"Esate \u012fsitikin\u0119, kad j\u016bs\u0173 paauglys piktavali\u0161kai ty\u010diojasi, neigdamas visk\u0105, k\u0105 sakote? Norite tur\u0117ti tvirtus orientyrus, ta\u010diau netrukus pastebite, kad\" \/>\n<meta name=\"robots\" content=\"index, follow, max-snippet:-1, max-image-preview:large, max-video-preview:-1\" \/>\n<link rel=\"canonical\" href=\"https:\/\/skaitytaknyga.lt\/en\/produktas\/paaugliai-kai-auklejimas-nebepadeda\/\" \/>\n<meta property=\"og:locale\" content=\"en_GB\" \/>\n<meta property=\"og:locale:alternate\" content=\"lt_LT\" \/>\n<meta property=\"og:type\" content=\"article\" \/>\n<meta property=\"og:title\" content=\"Paaugliai. Kai aukl\u0117jimas nebepadeda\" \/>\n<meta property=\"og:description\" content=\"Esate \u012fsitikin\u0119, kad j\u016bs\u0173 paauglys piktavali\u0161kai ty\u010diojasi, neigdamas visk\u0105, k\u0105 sakote? Norite tur\u0117ti tvirtus orientyrus, ta\u010diau netrukus pastebite, kad\" \/>\n<meta property=\"og:url\" content=\"https:\/\/skaitytaknyga.lt\/en\/produktas\/paaugliai-kai-auklejimas-nebepadeda\/\" \/>\n<meta property=\"og:site_name\" content=\"Skaitytaknyga\" \/>\n<meta property=\"article:publisher\" content=\"https:\/\/www.facebook.com\/skaitytaknyga\/\" \/>\n<meta property=\"article:modified_time\" content=\"2025-04-13T17:43:35+00:00\" \/>\n<meta property=\"og:image\" content=\"https:\/\/skaitytaknyga.lt\/wp-content\/uploads\/2025\/02\/Paaugliai.-Kai-auklejimas-nebepadeda.webp\" \/>\n\t<meta property=\"og:image:width\" content=\"386\" \/>\n\t<meta property=\"og:image:height\" content=\"550\" \/>\n\t<meta property=\"og:image:type\" content=\"image\/webp\" \/>\n<meta name=\"twitter:card\" content=\"summary_large_image\" \/>\n<meta name=\"twitter:label1\" content=\"Estimated reading time\" \/>\n\t<meta name=\"twitter:data1\" content=\"2 minutes\" \/>\n<script type=\"application\/ld+json\" class=\"yoast-schema-graph\">{\"@context\":\"https:\/\/schema.org\",\"@graph\":[{\"@type\":\"WebPage\",\"@id\":\"https:\/\/skaitytaknyga.lt\/produktas\/paaugliai-kai-auklejimas-nebepadeda\/\",\"url\":\"https:\/\/skaitytaknyga.lt\/produktas\/paaugliai-kai-auklejimas-nebepadeda\/\",\"name\":\"Paaugliai. Kai aukl\u0117jimas nebepadeda\",\"isPartOf\":{\"@id\":\"https:\/\/skaitytaknyga.lt\/#website\"},\"primaryImageOfPage\":{\"@id\":\"https:\/\/skaitytaknyga.lt\/produktas\/paaugliai-kai-auklejimas-nebepadeda\/#primaryimage\"},\"image\":{\"@id\":\"https:\/\/skaitytaknyga.lt\/produktas\/paaugliai-kai-auklejimas-nebepadeda\/#primaryimage\"},\"thumbnailUrl\":\"https:\/\/skaitytaknyga.lt\/wp-content\/uploads\/2025\/02\/Paaugliai.-Kai-auklejimas-nebepadeda.webp\",\"datePublished\":\"2025-02-02T15:05:38+00:00\",\"dateModified\":\"2025-04-13T17:43:35+00:00\",\"description\":\"Esate \u012fsitikin\u0119, kad j\u016bs\u0173 paauglys piktavali\u0161kai ty\u010diojasi, neigdamas visk\u0105, k\u0105 sakote? Norite tur\u0117ti tvirtus orientyrus, ta\u010diau netrukus pastebite, kad\",\"breadcrumb\":{\"@id\":\"https:\/\/skaitytaknyga.lt\/produktas\/paaugliai-kai-auklejimas-nebepadeda\/#breadcrumb\"},\"inLanguage\":\"en-GB\",\"potentialAction\":[{\"@type\":\"ReadAction\",\"target\":[\"https:\/\/skaitytaknyga.lt\/produktas\/paaugliai-kai-auklejimas-nebepadeda\/\"]}]},{\"@type\":\"ImageObject\",\"inLanguage\":\"en-GB\",\"@id\":\"https:\/\/skaitytaknyga.lt\/produktas\/paaugliai-kai-auklejimas-nebepadeda\/#primaryimage\",\"url\":\"https:\/\/skaitytaknyga.lt\/wp-content\/uploads\/2025\/02\/Paaugliai.-Kai-auklejimas-nebepadeda.webp\",\"contentUrl\":\"https:\/\/skaitytaknyga.lt\/wp-content\/uploads\/2025\/02\/Paaugliai.-Kai-auklejimas-nebepadeda.webp\",\"width\":386,\"height\":550,\"caption\":\"Paaugliai. Kai aukl\u0117jimas nebepadeda\"},{\"@type\":\"BreadcrumbList\",\"@id\":\"https:\/\/skaitytaknyga.lt\/produktas\/paaugliai-kai-auklejimas-nebepadeda\/#breadcrumb\",\"itemListElement\":[{\"@type\":\"ListItem\",\"position\":1,\"name\":\"Home\",\"item\":\"https:\/\/skaitytaknyga.lt\/\"},{\"@type\":\"ListItem\",\"position\":2,\"name\":\"Parduotuv\u0117\",\"item\":\"https:\/\/skaitytaknyga.lt\/knygu-parduotuve\/\"},{\"@type\":\"ListItem\",\"position\":3,\"name\":\"Paaugliai. Kai aukl\u0117jimas nebepadeda\"}]},{\"@type\":\"WebSite\",\"@id\":\"https:\/\/skaitytaknyga.lt\/#website\",\"url\":\"https:\/\/skaitytaknyga.lt\/\",\"name\":\"skaitytaknyga.lt\",\"description\":\"Skaitytaknyga.lt \u2013 tai ma\u017eas \u0161eimos verslas, kuris prasid\u0117jo nuo meil\u0117s knygoms ir siekio i\u0161gelb\u0117ti knygas nuo likimo prie konteinerio. Kas vienam nereikalingas daiktas \u2013 kitam lobis, o mes esame tarpininkai, kurie padeda abiems tapti laimingesniems ???? \u017dinome kaip nelengva i\u0161gyventi ma\u017eiems verslams, tad nuo \u0161iol, \u010dia rasite ir kit\u0173, ma\u017e\u0173 \u0161eim\u0173 versl\u0173, rank\u0173 darbo, dovan\u0173 sau ir artimiesiems.\",\"publisher\":{\"@id\":\"https:\/\/skaitytaknyga.lt\/#organization\"},\"potentialAction\":[{\"@type\":\"SearchAction\",\"target\":{\"@type\":\"EntryPoint\",\"urlTemplate\":\"https:\/\/skaitytaknyga.lt\/?s={search_term_string}\"},\"query-input\":{\"@type\":\"PropertyValueSpecification\",\"valueRequired\":true,\"valueName\":\"search_term_string\"}}],\"inLanguage\":\"en-GB\"},{\"@type\":\"Organization\",\"@id\":\"https:\/\/skaitytaknyga.lt\/#organization\",\"name\":\"skaitytaknyga.lt\",\"url\":\"https:\/\/skaitytaknyga.lt\/\",\"logo\":{\"@type\":\"ImageObject\",\"inLanguage\":\"en-GB\",\"@id\":\"https:\/\/skaitytaknyga.lt\/#\/schema\/logo\/image\/\",\"url\":\"https:\/\/skaitytaknyga.lt\/wp-content\/uploads\/2024\/05\/cropped-cropped-cropped-02_00843_jt3bggkj1j3HLc7SyY6rEUpg.jpeg\",\"contentUrl\":\"https:\/\/skaitytaknyga.lt\/wp-content\/uploads\/2024\/05\/cropped-cropped-cropped-02_00843_jt3bggkj1j3HLc7SyY6rEUpg.jpeg\",\"width\":1600,\"height\":1600,\"caption\":\"skaitytaknyga.lt\"},\"image\":{\"@id\":\"https:\/\/skaitytaknyga.lt\/#\/schema\/logo\/image\/\"},\"sameAs\":[\"https:\/\/www.facebook.com\/skaitytaknyga\/\"]}]}<\/script>\n<!-- \/ Yoast SEO plugin. -->","yoast_head_json":{"title":"Paaugliai. Kai aukl\u0117jimas nebepadeda","description":"Esate \u012fsitikin\u0119, kad j\u016bs\u0173 paauglys piktavali\u0161kai ty\u010diojasi, neigdamas visk\u0105, k\u0105 sakote? Norite tur\u0117ti tvirtus orientyrus, ta\u010diau netrukus pastebite, kad","robots":{"index":"index","follow":"follow","max-snippet":"max-snippet:-1","max-image-preview":"max-image-preview:large","max-video-preview":"max-video-preview:-1"},"canonical":"https:\/\/skaitytaknyga.lt\/en\/produktas\/paaugliai-kai-auklejimas-nebepadeda\/","og_locale":"en_GB","og_type":"article","og_title":"[:lt]Paaugliai. Kai aukl\u0117jimas nebepadeda[:] - Skaitytaknyga","og_description":"Esate \u012fsitikin\u0119, kad j\u016bs\u0173 paauglys piktavali\u0161kai ty\u010diojasi, neigdamas visk\u0105, k\u0105 sakote? Norite tur\u0117ti tvirtus orientyrus, ta\u010diau netrukus pastebite, kad","og_url":"https:\/\/skaitytaknyga.lt\/en\/produktas\/paaugliai-kai-auklejimas-nebepadeda\/","og_site_name":"Skaitytaknyga","article_publisher":"https:\/\/www.facebook.com\/skaitytaknyga\/","article_modified_time":"2025-04-13T17:43:35+00:00","og_image":[{"width":386,"height":550,"url":"https:\/\/skaitytaknyga.lt\/wp-content\/uploads\/2025\/02\/Paaugliai.-Kai-auklejimas-nebepadeda.webp","type":"image\/webp"}],"twitter_card":"summary_large_image","twitter_misc":{"Estimated reading time":"2 minutes"},"schema":{"@context":"https:\/\/schema.org","@graph":[{"@type":"WebPage","@id":"https:\/\/skaitytaknyga.lt\/produktas\/paaugliai-kai-auklejimas-nebepadeda\/","url":"https:\/\/skaitytaknyga.lt\/produktas\/paaugliai-kai-auklejimas-nebepadeda\/","name":"Paaugliai. Kai aukl\u0117jimas nebepadeda","isPartOf":{"@id":"https:\/\/skaitytaknyga.lt\/#website"},"primaryImageOfPage":{"@id":"https:\/\/skaitytaknyga.lt\/produktas\/paaugliai-kai-auklejimas-nebepadeda\/#primaryimage"},"image":{"@id":"https:\/\/skaitytaknyga.lt\/produktas\/paaugliai-kai-auklejimas-nebepadeda\/#primaryimage"},"thumbnailUrl":"https:\/\/skaitytaknyga.lt\/wp-content\/uploads\/2025\/02\/Paaugliai.-Kai-auklejimas-nebepadeda.webp","datePublished":"2025-02-02T15:05:38+00:00","dateModified":"2025-04-13T17:43:35+00:00","description":"Esate \u012fsitikin\u0119, kad j\u016bs\u0173 paauglys piktavali\u0161kai ty\u010diojasi, neigdamas visk\u0105, k\u0105 sakote? Norite tur\u0117ti tvirtus orientyrus, ta\u010diau netrukus pastebite, kad","breadcrumb":{"@id":"https:\/\/skaitytaknyga.lt\/produktas\/paaugliai-kai-auklejimas-nebepadeda\/#breadcrumb"},"inLanguage":"en-GB","potentialAction":[{"@type":"ReadAction","target":["https:\/\/skaitytaknyga.lt\/produktas\/paaugliai-kai-auklejimas-nebepadeda\/"]}]},{"@type":"ImageObject","inLanguage":"en-GB","@id":"https:\/\/skaitytaknyga.lt\/produktas\/paaugliai-kai-auklejimas-nebepadeda\/#primaryimage","url":"https:\/\/skaitytaknyga.lt\/wp-content\/uploads\/2025\/02\/Paaugliai.-Kai-auklejimas-nebepadeda.webp","contentUrl":"https:\/\/skaitytaknyga.lt\/wp-content\/uploads\/2025\/02\/Paaugliai.-Kai-auklejimas-nebepadeda.webp","width":386,"height":550,"caption":"Paaugliai. Kai aukl\u0117jimas nebepadeda"},{"@type":"BreadcrumbList","@id":"https:\/\/skaitytaknyga.lt\/produktas\/paaugliai-kai-auklejimas-nebepadeda\/#breadcrumb","itemListElement":[{"@type":"ListItem","position":1,"name":"Home","item":"https:\/\/skaitytaknyga.lt\/"},{"@type":"ListItem","position":2,"name":"Parduotuv\u0117","item":"https:\/\/skaitytaknyga.lt\/knygu-parduotuve\/"},{"@type":"ListItem","position":3,"name":"Paaugliai. Kai aukl\u0117jimas nebepadeda"}]},{"@type":"WebSite","@id":"https:\/\/skaitytaknyga.lt\/#website","url":"https:\/\/skaitytaknyga.lt\/","name":"skaitytaknyga.lt","description":"Skaitytaknyga.lt \u2013 tai ma\u017eas \u0161eimos verslas, kuris prasid\u0117jo nuo meil\u0117s knygoms ir siekio i\u0161gelb\u0117ti knygas nuo likimo prie konteinerio. Kas vienam nereikalingas daiktas \u2013 kitam lobis, o mes esame tarpininkai, kurie padeda abiems tapti laimingesniems ???? \u017dinome kaip nelengva i\u0161gyventi ma\u017eiems verslams, tad nuo \u0161iol, \u010dia rasite ir kit\u0173, ma\u017e\u0173 \u0161eim\u0173 versl\u0173, rank\u0173 darbo, dovan\u0173 sau ir artimiesiems.","publisher":{"@id":"https:\/\/skaitytaknyga.lt\/#organization"},"potentialAction":[{"@type":"SearchAction","target":{"@type":"EntryPoint","urlTemplate":"https:\/\/skaitytaknyga.lt\/?s={search_term_string}"},"query-input":{"@type":"PropertyValueSpecification","valueRequired":true,"valueName":"search_term_string"}}],"inLanguage":"en-GB"},{"@type":"Organization","@id":"https:\/\/skaitytaknyga.lt\/#organization","name":"skaitytaknyga.lt","url":"https:\/\/skaitytaknyga.lt\/","logo":{"@type":"ImageObject","inLanguage":"en-GB","@id":"https:\/\/skaitytaknyga.lt\/#\/schema\/logo\/image\/","url":"https:\/\/skaitytaknyga.lt\/wp-content\/uploads\/2024\/05\/cropped-cropped-cropped-02_00843_jt3bggkj1j3HLc7SyY6rEUpg.jpeg","contentUrl":"https:\/\/skaitytaknyga.lt\/wp-content\/uploads\/2024\/05\/cropped-cropped-cropped-02_00843_jt3bggkj1j3HLc7SyY6rEUpg.jpeg","width":1600,"height":1600,"caption":"skaitytaknyga.lt"},"image":{"@id":"https:\/\/skaitytaknyga.lt\/#\/schema\/logo\/image\/"},"sameAs":["https:\/\/www.facebook.com\/skaitytaknyga\/"]}]}},"_links":{"self":[{"href":"https:\/\/skaitytaknyga.lt\/en\/wp-json\/wp\/v2\/product\/16554","targetHints":{"allow":["GET"]}}],"collection":[{"href":"https:\/\/skaitytaknyga.lt\/en\/wp-json\/wp\/v2\/product"}],"about":[{"href":"https:\/\/skaitytaknyga.lt\/en\/wp-json\/wp\/v2\/types\/product"}],"replies":[{"embeddable":true,"href":"https:\/\/skaitytaknyga.lt\/en\/wp-json\/wp\/v2\/comments?post=16554"}],"wp:featuredmedia":[{"embeddable":true,"href":"https:\/\/skaitytaknyga.lt\/en\/wp-json\/wp\/v2\/media\/16556"}],"wp:attachment":[{"href":"https:\/\/skaitytaknyga.lt\/en\/wp-json\/wp\/v2\/media?parent=16554"}],"wp:term":[{"taxonomy":"product_brand","embeddable":true,"href":"https:\/\/skaitytaknyga.lt\/en\/wp-json\/wp\/v2\/product_brand?post=16554"},{"taxonomy":"product_cat","embeddable":true,"href":"https:\/\/skaitytaknyga.lt\/en\/wp-json\/wp\/v2\/product_cat?post=16554"},{"taxonomy":"product_tag","embeddable":true,"href":"https:\/\/skaitytaknyga.lt\/en\/wp-json\/wp\/v2\/product_tag?post=16554"}],"curies":[{"name":"wp","href":"https:\/\/api.w.org\/{rel}","templated":true}]}}