{"id":16552,"date":"2025-02-02T16:48:10","date_gmt":"2025-02-02T14:48:10","guid":{"rendered":"https:\/\/skaitytaknyga.lt\/?post_type=product&#038;p=16552"},"modified":"2026-02-17T21:18:56","modified_gmt":"2026-02-17T19:18:56","slug":"elenyte-rengiasi-karnavalui","status":"publish","type":"product","link":"https:\/\/skaitytaknyga.lt\/en\/produktas\/elenyte-rengiasi-karnavalui\/","title":{"rendered":"Elenyt\u0117 rengiasi karnavalui"},"content":{"rendered":"<div class=\"tab-content col-xs-12\">\n<div id=\"tab-description\" class=\"tab-pane active\">\n<div class=\"content-product-midde clearfix\">\n<div class=\"producttab \">\n<div class=\"tabsslider horizontal-tabs col-xs-12\">\n<div class=\"tab-content col-xs-12\">\n<div id=\"tab-description\" class=\"tab-pane active\">\n<div id=\"collapse-description\" class=\"desc-collapse\">\n<p>Eiliuota, gra\u017eiai iliustruota pasaka vaikams.<\/p>\n<p>\u0160ioje serijoje i\u0161 viso keturios knygos:<\/p>\n<p>1. Elenyt\u0117 ir klajojantis ka\u010diukas;<\/p>\n<p>2. Elenyt\u0117 i rlandusis \u0161e\u0161kas;<\/p>\n<p>3. Elenyt\u0117 pri\u017ei\u016bri vaikus;<\/p>\n<p>4. Elenyt\u0117 rengiasi karnavalui.<\/p>\n<ul class=\"about-product d-none d-xl-block mt-4\">\n<li><strong>Autorius:<\/strong>\u00a0Gilbert Delahaye,\u00a0Marcel Marlier<\/li>\n<li><strong>Leid\u0117jas:<\/strong>\u00a0Naujoji Rosma<\/li>\n<li><strong>Metai:<\/strong>\u00a02005<\/li>\n<li><strong>Puslapiai:<\/strong>\u00a022<\/li>\n<li class=\"toggleable type-new-formats \"><strong>ISBN:<\/strong>\u00a09789955061410<\/li>\n<li class=\"toggleable type-new-formats \"><strong>Formatas:<\/strong>\u00a020,3 x 25 cm, kieti vir\u0161eliai<\/li>\n<li><strong>Kalba:<\/strong>\u00a0Lietuvi\u0173<\/li>\n<li><strong>Vert\u0117jas:<\/strong>\u00a0Elena Belskyt\u0117<\/li>\n<\/ul>\n<\/div>\n<\/div>\n<\/div>\n<\/div>\n<\/div>\n<\/div>\n<\/div>\n<\/div>\n","protected":false},"excerpt":{"rendered":"<p>Eiliuota, gra\u017eiai iliustruota pasaka vaikams. \u0160ioje serijoje i\u0161 viso keturios knygos: 1. Elenyt\u0117 ir klajojantis ka\u010diukas; 2. Elenyt\u0117 i rlandusis \u0161e\u0161kas; 3. Elenyt\u0117 pri\u017ei\u016bri vaikus; 4. Elenyt\u0117 rengiasi karnavalui. Autorius:\u00a0Gilbert Delahaye,\u00a0Marcel Marlier Leid\u0117jas:\u00a0Naujoji Rosma Metai:\u00a02005 Puslapiai:\u00a022 ISBN:\u00a09789955061410 Formatas:\u00a020,3 x 25 cm, kieti vir\u0161eliai Kalba:\u00a0Lietuvi\u0173 Vert\u0117jas:\u00a0Elena Belskyt\u0117<\/p>\n","protected":false},"featured_media":16553,"comment_status":"closed","ping_status":"closed","template":"","meta":{"_acf_changed":false,"site-sidebar-layout":"default","site-content-layout":"","ast-site-content-layout":"default","site-content-style":"default","site-sidebar-style":"default","ast-global-header-display":"","ast-banner-title-visibility":"","ast-main-header-display":"","ast-hfb-above-header-display":"","ast-hfb-below-header-display":"","ast-hfb-mobile-header-display":"","site-post-title":"","ast-breadcrumbs-content":"","ast-featured-img":"","footer-sml-layout":"","ast-disable-related-posts":"","theme-transparent-header-meta":"default","adv-header-id-meta":"","stick-header-meta":"","header-above-stick-meta":"","header-main-stick-meta":"","header-below-stick-meta":"","astra-migrate-meta-layouts":"set","ast-page-background-enabled":"default","ast-page-background-meta":{"desktop":{"background-color":"","background-image":"","background-repeat":"repeat","background-position":"center center","background-size":"auto","background-attachment":"scroll","background-type":"","background-media":"","overlay-type":"","overlay-color":"","overlay-opacity":"","overlay-gradient":""},"tablet":{"background-color":"","background-image":"","background-repeat":"repeat","background-position":"center center","background-size":"auto","background-attachment":"scroll","background-type":"","background-media":"","overlay-type":"","overlay-color":"","overlay-opacity":"","overlay-gradient":""},"mobile":{"background-color":"","background-image":"","background-repeat":"repeat","background-position":"center center","background-size":"auto","background-attachment":"scroll","background-type":"","background-media":"","overlay-type":"","overlay-color":"","overlay-opacity":"","overlay-gradient":""}},"ast-content-background-meta":{"desktop":{"background-color":"var(--ast-global-color-4)","background-image":"","background-repeat":"repeat","background-position":"center center","background-size":"auto","background-attachment":"scroll","background-type":"","background-media":"","overlay-type":"","overlay-color":"","overlay-opacity":"","overlay-gradient":""},"tablet":{"background-color":"var(--ast-global-color-4)","background-image":"","background-repeat":"repeat","background-position":"center center","background-size":"auto","background-attachment":"scroll","background-type":"","background-media":"","overlay-type":"","overlay-color":"","overlay-opacity":"","overlay-gradient":""},"mobile":{"background-color":"var(--ast-global-color-4)","background-image":"","background-repeat":"repeat","background-position":"center center","background-size":"auto","background-attachment":"scroll","background-type":"","background-media":"","overlay-type":"","overlay-color":"","overlay-opacity":"","overlay-gradient":""}}},"product_brand":[],"product_cat":[35],"product_tag":[],"class_list":{"0":"post-16552","1":"product","2":"type-product","3":"status-publish","4":"has-post-thumbnail","6":"product_cat-vaikams-ir-paaugliams","7":"desktop-align-left","8":"tablet-align-left","9":"mobile-align-left","11":"first","12":"outofstock","13":"shipping-taxable","14":"purchasable","15":"product-type-simple"},"acf":[],"yoast_head":"<!-- This site is optimized with the Yoast SEO plugin v27.0 - https:\/\/yoast.com\/product\/yoast-seo-wordpress\/ -->\n<title>Elenyt\u0117 rengiasi karnavalui<\/title>\n<meta name=\"description\" content=\"Eiliuota, gra\u017eiai iliustruota pasaka vaikams. \u0160ioje serijoje i\u0161 viso keturios knygos: 1. Elenyt\u0117 ir klajojantis ka\u010diukas; 2. Elenyt\u0117 i rlandusis \u0161e\u0161kas;\" \/>\n<meta name=\"robots\" content=\"index, follow, max-snippet:-1, max-image-preview:large, max-video-preview:-1\" \/>\n<link rel=\"canonical\" href=\"https:\/\/skaitytaknyga.lt\/en\/produktas\/elenyte-rengiasi-karnavalui\/\" \/>\n<meta property=\"og:locale\" content=\"en_GB\" \/>\n<meta property=\"og:locale:alternate\" content=\"lt_LT\" \/>\n<meta property=\"og:type\" content=\"article\" \/>\n<meta property=\"og:title\" content=\"Elenyt\u0117 rengiasi karnavalui\" \/>\n<meta property=\"og:description\" content=\"Eiliuota, gra\u017eiai iliustruota pasaka vaikams. \u0160ioje serijoje i\u0161 viso keturios knygos: 1. Elenyt\u0117 ir klajojantis ka\u010diukas; 2. Elenyt\u0117 i rlandusis \u0161e\u0161kas;\" \/>\n<meta property=\"og:url\" content=\"https:\/\/skaitytaknyga.lt\/en\/produktas\/elenyte-rengiasi-karnavalui\/\" \/>\n<meta property=\"og:site_name\" content=\"Skaitytaknyga\" \/>\n<meta property=\"article:publisher\" content=\"https:\/\/www.facebook.com\/skaitytaknyga\/\" \/>\n<meta property=\"article:modified_time\" content=\"2026-02-17T19:18:56+00:00\" \/>\n<meta property=\"og:image\" content=\"https:\/\/skaitytaknyga.lt\/wp-content\/uploads\/2025\/02\/Elenyte-rengiasi-karnavalui.webp\" \/>\n\t<meta property=\"og:image:width\" content=\"608\" \/>\n\t<meta property=\"og:image:height\" content=\"799\" \/>\n\t<meta property=\"og:image:type\" content=\"image\/webp\" \/>\n<meta name=\"twitter:card\" content=\"summary_large_image\" \/>\n<meta name=\"twitter:label1\" content=\"Estimated reading time\" \/>\n\t<meta name=\"twitter:data1\" content=\"1 minute\" \/>\n<script type=\"application\/ld+json\" class=\"yoast-schema-graph\">{\"@context\":\"https:\/\/schema.org\",\"@graph\":[{\"@type\":\"WebPage\",\"@id\":\"https:\/\/skaitytaknyga.lt\/produktas\/elenyte-rengiasi-karnavalui\/\",\"url\":\"https:\/\/skaitytaknyga.lt\/produktas\/elenyte-rengiasi-karnavalui\/\",\"name\":\"Elenyt\u0117 rengiasi karnavalui\",\"isPartOf\":{\"@id\":\"https:\/\/skaitytaknyga.lt\/#website\"},\"primaryImageOfPage\":{\"@id\":\"https:\/\/skaitytaknyga.lt\/produktas\/elenyte-rengiasi-karnavalui\/#primaryimage\"},\"image\":{\"@id\":\"https:\/\/skaitytaknyga.lt\/produktas\/elenyte-rengiasi-karnavalui\/#primaryimage\"},\"thumbnailUrl\":\"https:\/\/skaitytaknyga.lt\/wp-content\/uploads\/2025\/02\/Elenyte-rengiasi-karnavalui.webp\",\"datePublished\":\"2025-02-02T14:48:10+00:00\",\"dateModified\":\"2026-02-17T19:18:56+00:00\",\"description\":\"Eiliuota, gra\u017eiai iliustruota pasaka vaikams. \u0160ioje serijoje i\u0161 viso keturios knygos: 1. Elenyt\u0117 ir klajojantis ka\u010diukas; 2. Elenyt\u0117 i rlandusis \u0161e\u0161kas;\",\"breadcrumb\":{\"@id\":\"https:\/\/skaitytaknyga.lt\/produktas\/elenyte-rengiasi-karnavalui\/#breadcrumb\"},\"inLanguage\":\"en-GB\",\"potentialAction\":[{\"@type\":\"ReadAction\",\"target\":[\"https:\/\/skaitytaknyga.lt\/produktas\/elenyte-rengiasi-karnavalui\/\"]}]},{\"@type\":\"ImageObject\",\"inLanguage\":\"en-GB\",\"@id\":\"https:\/\/skaitytaknyga.lt\/produktas\/elenyte-rengiasi-karnavalui\/#primaryimage\",\"url\":\"https:\/\/skaitytaknyga.lt\/wp-content\/uploads\/2025\/02\/Elenyte-rengiasi-karnavalui.webp\",\"contentUrl\":\"https:\/\/skaitytaknyga.lt\/wp-content\/uploads\/2025\/02\/Elenyte-rengiasi-karnavalui.webp\",\"width\":608,\"height\":799,\"caption\":\"Elenyt\u0117 rengiasi karnavalui\"},{\"@type\":\"BreadcrumbList\",\"@id\":\"https:\/\/skaitytaknyga.lt\/produktas\/elenyte-rengiasi-karnavalui\/#breadcrumb\",\"itemListElement\":[{\"@type\":\"ListItem\",\"position\":1,\"name\":\"Home\",\"item\":\"https:\/\/skaitytaknyga.lt\/\"},{\"@type\":\"ListItem\",\"position\":2,\"name\":\"Parduotuv\u0117\",\"item\":\"https:\/\/skaitytaknyga.lt\/knygu-parduotuve\/\"},{\"@type\":\"ListItem\",\"position\":3,\"name\":\"Elenyt\u0117 rengiasi karnavalui\"}]},{\"@type\":\"WebSite\",\"@id\":\"https:\/\/skaitytaknyga.lt\/#website\",\"url\":\"https:\/\/skaitytaknyga.lt\/\",\"name\":\"skaitytaknyga.lt\",\"description\":\"Skaitytaknyga.lt \u2013 tai ma\u017eas \u0161eimos verslas, kuris prasid\u0117jo nuo meil\u0117s knygoms ir siekio i\u0161gelb\u0117ti knygas nuo likimo prie konteinerio. Kas vienam nereikalingas daiktas \u2013 kitam lobis, o mes esame tarpininkai, kurie padeda abiems tapti laimingesniems ???? \u017dinome kaip nelengva i\u0161gyventi ma\u017eiems verslams, tad nuo \u0161iol, \u010dia rasite ir kit\u0173, ma\u017e\u0173 \u0161eim\u0173 versl\u0173, rank\u0173 darbo, dovan\u0173 sau ir artimiesiems.\",\"publisher\":{\"@id\":\"https:\/\/skaitytaknyga.lt\/#organization\"},\"potentialAction\":[{\"@type\":\"SearchAction\",\"target\":{\"@type\":\"EntryPoint\",\"urlTemplate\":\"https:\/\/skaitytaknyga.lt\/?s={search_term_string}\"},\"query-input\":{\"@type\":\"PropertyValueSpecification\",\"valueRequired\":true,\"valueName\":\"search_term_string\"}}],\"inLanguage\":\"en-GB\"},{\"@type\":\"Organization\",\"@id\":\"https:\/\/skaitytaknyga.lt\/#organization\",\"name\":\"skaitytaknyga.lt\",\"url\":\"https:\/\/skaitytaknyga.lt\/\",\"logo\":{\"@type\":\"ImageObject\",\"inLanguage\":\"en-GB\",\"@id\":\"https:\/\/skaitytaknyga.lt\/#\/schema\/logo\/image\/\",\"url\":\"https:\/\/skaitytaknyga.lt\/wp-content\/uploads\/2024\/05\/cropped-cropped-cropped-02_00843_jt3bggkj1j3HLc7SyY6rEUpg.jpeg\",\"contentUrl\":\"https:\/\/skaitytaknyga.lt\/wp-content\/uploads\/2024\/05\/cropped-cropped-cropped-02_00843_jt3bggkj1j3HLc7SyY6rEUpg.jpeg\",\"width\":1600,\"height\":1600,\"caption\":\"skaitytaknyga.lt\"},\"image\":{\"@id\":\"https:\/\/skaitytaknyga.lt\/#\/schema\/logo\/image\/\"},\"sameAs\":[\"https:\/\/www.facebook.com\/skaitytaknyga\/\"]}]}<\/script>\n<!-- \/ Yoast SEO plugin. -->","yoast_head_json":{"title":"Elenyt\u0117 rengiasi karnavalui","description":"Eiliuota, gra\u017eiai iliustruota pasaka vaikams. \u0160ioje serijoje i\u0161 viso keturios knygos: 1. Elenyt\u0117 ir klajojantis ka\u010diukas; 2. Elenyt\u0117 i rlandusis \u0161e\u0161kas;","robots":{"index":"index","follow":"follow","max-snippet":"max-snippet:-1","max-image-preview":"max-image-preview:large","max-video-preview":"max-video-preview:-1"},"canonical":"https:\/\/skaitytaknyga.lt\/en\/produktas\/elenyte-rengiasi-karnavalui\/","og_locale":"en_GB","og_type":"article","og_title":"[:lt]Elenyt\u0117 rengiasi karnavalui[:] - Skaitytaknyga","og_description":"Eiliuota, gra\u017eiai iliustruota pasaka vaikams. \u0160ioje serijoje i\u0161 viso keturios knygos: 1. Elenyt\u0117 ir klajojantis ka\u010diukas; 2. Elenyt\u0117 i rlandusis \u0161e\u0161kas;","og_url":"https:\/\/skaitytaknyga.lt\/en\/produktas\/elenyte-rengiasi-karnavalui\/","og_site_name":"Skaitytaknyga","article_publisher":"https:\/\/www.facebook.com\/skaitytaknyga\/","article_modified_time":"2026-02-17T19:18:56+00:00","og_image":[{"width":608,"height":799,"url":"https:\/\/skaitytaknyga.lt\/wp-content\/uploads\/2025\/02\/Elenyte-rengiasi-karnavalui.webp","type":"image\/webp"}],"twitter_card":"summary_large_image","twitter_misc":{"Estimated reading time":"1 minute"},"schema":{"@context":"https:\/\/schema.org","@graph":[{"@type":"WebPage","@id":"https:\/\/skaitytaknyga.lt\/produktas\/elenyte-rengiasi-karnavalui\/","url":"https:\/\/skaitytaknyga.lt\/produktas\/elenyte-rengiasi-karnavalui\/","name":"Elenyt\u0117 rengiasi karnavalui","isPartOf":{"@id":"https:\/\/skaitytaknyga.lt\/#website"},"primaryImageOfPage":{"@id":"https:\/\/skaitytaknyga.lt\/produktas\/elenyte-rengiasi-karnavalui\/#primaryimage"},"image":{"@id":"https:\/\/skaitytaknyga.lt\/produktas\/elenyte-rengiasi-karnavalui\/#primaryimage"},"thumbnailUrl":"https:\/\/skaitytaknyga.lt\/wp-content\/uploads\/2025\/02\/Elenyte-rengiasi-karnavalui.webp","datePublished":"2025-02-02T14:48:10+00:00","dateModified":"2026-02-17T19:18:56+00:00","description":"Eiliuota, gra\u017eiai iliustruota pasaka vaikams. \u0160ioje serijoje i\u0161 viso keturios knygos: 1. Elenyt\u0117 ir klajojantis ka\u010diukas; 2. Elenyt\u0117 i rlandusis \u0161e\u0161kas;","breadcrumb":{"@id":"https:\/\/skaitytaknyga.lt\/produktas\/elenyte-rengiasi-karnavalui\/#breadcrumb"},"inLanguage":"en-GB","potentialAction":[{"@type":"ReadAction","target":["https:\/\/skaitytaknyga.lt\/produktas\/elenyte-rengiasi-karnavalui\/"]}]},{"@type":"ImageObject","inLanguage":"en-GB","@id":"https:\/\/skaitytaknyga.lt\/produktas\/elenyte-rengiasi-karnavalui\/#primaryimage","url":"https:\/\/skaitytaknyga.lt\/wp-content\/uploads\/2025\/02\/Elenyte-rengiasi-karnavalui.webp","contentUrl":"https:\/\/skaitytaknyga.lt\/wp-content\/uploads\/2025\/02\/Elenyte-rengiasi-karnavalui.webp","width":608,"height":799,"caption":"Elenyt\u0117 rengiasi karnavalui"},{"@type":"BreadcrumbList","@id":"https:\/\/skaitytaknyga.lt\/produktas\/elenyte-rengiasi-karnavalui\/#breadcrumb","itemListElement":[{"@type":"ListItem","position":1,"name":"Home","item":"https:\/\/skaitytaknyga.lt\/"},{"@type":"ListItem","position":2,"name":"Parduotuv\u0117","item":"https:\/\/skaitytaknyga.lt\/knygu-parduotuve\/"},{"@type":"ListItem","position":3,"name":"Elenyt\u0117 rengiasi karnavalui"}]},{"@type":"WebSite","@id":"https:\/\/skaitytaknyga.lt\/#website","url":"https:\/\/skaitytaknyga.lt\/","name":"skaitytaknyga.lt","description":"Skaitytaknyga.lt \u2013 tai ma\u017eas \u0161eimos verslas, kuris prasid\u0117jo nuo meil\u0117s knygoms ir siekio i\u0161gelb\u0117ti knygas nuo likimo prie konteinerio. Kas vienam nereikalingas daiktas \u2013 kitam lobis, o mes esame tarpininkai, kurie padeda abiems tapti laimingesniems ???? \u017dinome kaip nelengva i\u0161gyventi ma\u017eiems verslams, tad nuo \u0161iol, \u010dia rasite ir kit\u0173, ma\u017e\u0173 \u0161eim\u0173 versl\u0173, rank\u0173 darbo, dovan\u0173 sau ir artimiesiems.","publisher":{"@id":"https:\/\/skaitytaknyga.lt\/#organization"},"potentialAction":[{"@type":"SearchAction","target":{"@type":"EntryPoint","urlTemplate":"https:\/\/skaitytaknyga.lt\/?s={search_term_string}"},"query-input":{"@type":"PropertyValueSpecification","valueRequired":true,"valueName":"search_term_string"}}],"inLanguage":"en-GB"},{"@type":"Organization","@id":"https:\/\/skaitytaknyga.lt\/#organization","name":"skaitytaknyga.lt","url":"https:\/\/skaitytaknyga.lt\/","logo":{"@type":"ImageObject","inLanguage":"en-GB","@id":"https:\/\/skaitytaknyga.lt\/#\/schema\/logo\/image\/","url":"https:\/\/skaitytaknyga.lt\/wp-content\/uploads\/2024\/05\/cropped-cropped-cropped-02_00843_jt3bggkj1j3HLc7SyY6rEUpg.jpeg","contentUrl":"https:\/\/skaitytaknyga.lt\/wp-content\/uploads\/2024\/05\/cropped-cropped-cropped-02_00843_jt3bggkj1j3HLc7SyY6rEUpg.jpeg","width":1600,"height":1600,"caption":"skaitytaknyga.lt"},"image":{"@id":"https:\/\/skaitytaknyga.lt\/#\/schema\/logo\/image\/"},"sameAs":["https:\/\/www.facebook.com\/skaitytaknyga\/"]}]}},"_links":{"self":[{"href":"https:\/\/skaitytaknyga.lt\/en\/wp-json\/wp\/v2\/product\/16552","targetHints":{"allow":["GET"]}}],"collection":[{"href":"https:\/\/skaitytaknyga.lt\/en\/wp-json\/wp\/v2\/product"}],"about":[{"href":"https:\/\/skaitytaknyga.lt\/en\/wp-json\/wp\/v2\/types\/product"}],"replies":[{"embeddable":true,"href":"https:\/\/skaitytaknyga.lt\/en\/wp-json\/wp\/v2\/comments?post=16552"}],"wp:featuredmedia":[{"embeddable":true,"href":"https:\/\/skaitytaknyga.lt\/en\/wp-json\/wp\/v2\/media\/16553"}],"wp:attachment":[{"href":"https:\/\/skaitytaknyga.lt\/en\/wp-json\/wp\/v2\/media?parent=16552"}],"wp:term":[{"taxonomy":"product_brand","embeddable":true,"href":"https:\/\/skaitytaknyga.lt\/en\/wp-json\/wp\/v2\/product_brand?post=16552"},{"taxonomy":"product_cat","embeddable":true,"href":"https:\/\/skaitytaknyga.lt\/en\/wp-json\/wp\/v2\/product_cat?post=16552"},{"taxonomy":"product_tag","embeddable":true,"href":"https:\/\/skaitytaknyga.lt\/en\/wp-json\/wp\/v2\/product_tag?post=16552"}],"curies":[{"name":"wp","href":"https:\/\/api.w.org\/{rel}","templated":true}]}}