{"id":16548,"date":"2025-02-02T13:11:17","date_gmt":"2025-02-02T11:11:17","guid":{"rendered":"https:\/\/skaitytaknyga.lt\/?post_type=product&#038;p=16548"},"modified":"2025-05-15T10:09:59","modified_gmt":"2025-05-15T07:09:59","slug":"lygiu-galimybiu-kontrolieriaus-tarnyba-kaip-nacionaline-lygybes-institucija-teisinis-reglamentavimas-ir-veikla","status":"publish","type":"product","link":"https:\/\/skaitytaknyga.lt\/en\/produktas\/lygiu-galimybiu-kontrolieriaus-tarnyba-kaip-nacionaline-lygybes-institucija-teisinis-reglamentavimas-ir-veikla\/","title":{"rendered":"Hate Crime Laws &#8211; A Practical Guide"},"content":{"rendered":"<div class=\"panel-pane pane-content-field pane-field-description\">\n<div class=\"pane-content\">\n<div class=\"field field-type-text field-field-description\">\n<div class=\"field-items\">\n<div class=\"field-item odd\">A practical tool in setting effective legislation to counter hate crime.<\/div>\n<\/div>\n<\/div>\n<\/div>\n<\/div>\n<div class=\"panel-pane pane-node-body\">\n<div class=\"pane-content\">\n<p>The purpose of this guide is to provide States with benchmarks for drafting hate crime legislation within a simple, clear and accessible document.<\/p>\n<p>The guide will assist states who wish either to enact new legislation or to review and improve their current legislation. It will also be a resource for civil society when advocating for better laws.<\/p>\n<\/div>\n<\/div>\n","protected":false},"excerpt":{"rendered":"<p>A practical tool in setting effective legislation to counter hate crime. The purpose of this guide is to provide States with benchmarks for drafting hate crime legislation within a simple, clear and accessible document. The guide will assist states who wish either to enact new legislation or to review and improve their current legislation. It will also be a resource for civil society when advocating for better laws.<\/p>\n","protected":false},"featured_media":16549,"comment_status":"open","ping_status":"closed","template":"","meta":{"_acf_changed":false,"site-sidebar-layout":"default","site-content-layout":"","ast-site-content-layout":"default","site-content-style":"default","site-sidebar-style":"default","ast-global-header-display":"","ast-banner-title-visibility":"","ast-main-header-display":"","ast-hfb-above-header-display":"","ast-hfb-below-header-display":"","ast-hfb-mobile-header-display":"","site-post-title":"","ast-breadcrumbs-content":"","ast-featured-img":"","footer-sml-layout":"","ast-disable-related-posts":"","theme-transparent-header-meta":"default","adv-header-id-meta":"","stick-header-meta":"","header-above-stick-meta":"","header-main-stick-meta":"","header-below-stick-meta":"","astra-migrate-meta-layouts":"set","ast-page-background-enabled":"default","ast-page-background-meta":{"desktop":{"background-color":"","background-image":"","background-repeat":"repeat","background-position":"center center","background-size":"auto","background-attachment":"scroll","background-type":"","background-media":"","overlay-type":"","overlay-color":"","overlay-opacity":"","overlay-gradient":""},"tablet":{"background-color":"","background-image":"","background-repeat":"repeat","background-position":"center center","background-size":"auto","background-attachment":"scroll","background-type":"","background-media":"","overlay-type":"","overlay-color":"","overlay-opacity":"","overlay-gradient":""},"mobile":{"background-color":"","background-image":"","background-repeat":"repeat","background-position":"center center","background-size":"auto","background-attachment":"scroll","background-type":"","background-media":"","overlay-type":"","overlay-color":"","overlay-opacity":"","overlay-gradient":""}},"ast-content-background-meta":{"desktop":{"background-color":"var(--ast-global-color-4)","background-image":"","background-repeat":"repeat","background-position":"center center","background-size":"auto","background-attachment":"scroll","background-type":"","background-media":"","overlay-type":"","overlay-color":"","overlay-opacity":"","overlay-gradient":""},"tablet":{"background-color":"var(--ast-global-color-4)","background-image":"","background-repeat":"repeat","background-position":"center center","background-size":"auto","background-attachment":"scroll","background-type":"","background-media":"","overlay-type":"","overlay-color":"","overlay-opacity":"","overlay-gradient":""},"mobile":{"background-color":"var(--ast-global-color-4)","background-image":"","background-repeat":"repeat","background-position":"center center","background-size":"auto","background-attachment":"scroll","background-type":"","background-media":"","overlay-type":"","overlay-color":"","overlay-opacity":"","overlay-gradient":""}}},"product_brand":[],"product_cat":[436],"product_tag":[2908,2907,2911,2096,2910,2909],"class_list":{"0":"post-16548","1":"product","2":"type-product","3":"status-publish","4":"has-post-thumbnail","6":"product_cat-teise","7":"product_tag-diskriminacija","8":"product_tag-lygybe","9":"product_tag-socialine-politika","10":"product_tag-teise","11":"product_tag-valstybines-institucijos","12":"product_tag-zmogaus-teises","13":"desktop-align-left","14":"tablet-align-left","15":"mobile-align-left","17":"first","18":"instock","19":"shipping-taxable","20":"purchasable","21":"product-type-simple"},"acf":[],"yoast_head":"<!-- This site is optimized with the Yoast SEO plugin v27.0 - https:\/\/yoast.com\/product\/yoast-seo-wordpress\/ -->\n<title>Hate Crime Laws - A Practical Guide<\/title>\n<meta name=\"description\" content=\"A practical tool in setting effective legislation to counter hate crime. The purpose of this guide is to provide States with benchmarks for drafting hate\" \/>\n<meta name=\"robots\" content=\"index, follow, max-snippet:-1, max-image-preview:large, max-video-preview:-1\" \/>\n<link rel=\"canonical\" href=\"https:\/\/skaitytaknyga.lt\/en\/produktas\/lygiu-galimybiu-kontrolieriaus-tarnyba-kaip-nacionaline-lygybes-institucija-teisinis-reglamentavimas-ir-veikla\/\" \/>\n<meta property=\"og:locale\" content=\"en_GB\" \/>\n<meta property=\"og:locale:alternate\" content=\"lt_LT\" \/>\n<meta property=\"og:type\" content=\"article\" \/>\n<meta property=\"og:title\" content=\"Hate Crime Laws - A Practical Guide\" \/>\n<meta property=\"og:description\" content=\"A practical tool in setting effective legislation to counter hate crime. The purpose of this guide is to provide States with benchmarks for drafting hate\" \/>\n<meta property=\"og:url\" content=\"https:\/\/skaitytaknyga.lt\/en\/produktas\/lygiu-galimybiu-kontrolieriaus-tarnyba-kaip-nacionaline-lygybes-institucija-teisinis-reglamentavimas-ir-veikla\/\" \/>\n<meta property=\"og:site_name\" content=\"Skaitytaknyga\" \/>\n<meta property=\"article:publisher\" content=\"https:\/\/www.facebook.com\/skaitytaknyga\/\" \/>\n<meta property=\"article:modified_time\" content=\"2025-05-15T07:09:59+00:00\" \/>\n<meta property=\"og:image\" content=\"https:\/\/skaitytaknyga.lt\/wp-content\/uploads\/2025\/02\/Lygiu-galimybiu-kontrolieriaus-tarnyba-kaip-nacionaline-lygybes-institucija-teisinis-reglamentavimas-ir-veikla.webp\" \/>\n\t<meta property=\"og:image:width\" content=\"487\" \/>\n\t<meta property=\"og:image:height\" content=\"440\" \/>\n\t<meta property=\"og:image:type\" content=\"image\/webp\" \/>\n<meta name=\"twitter:card\" content=\"summary_large_image\" \/>\n<meta name=\"twitter:label1\" content=\"Estimated reading time\" \/>\n\t<meta name=\"twitter:data1\" content=\"1 minute\" \/>\n<script type=\"application\/ld+json\" class=\"yoast-schema-graph\">{\"@context\":\"https:\/\/schema.org\",\"@graph\":[{\"@type\":\"WebPage\",\"@id\":\"https:\/\/skaitytaknyga.lt\/produktas\/lygiu-galimybiu-kontrolieriaus-tarnyba-kaip-nacionaline-lygybes-institucija-teisinis-reglamentavimas-ir-veikla\/\",\"url\":\"https:\/\/skaitytaknyga.lt\/produktas\/lygiu-galimybiu-kontrolieriaus-tarnyba-kaip-nacionaline-lygybes-institucija-teisinis-reglamentavimas-ir-veikla\/\",\"name\":\"Hate Crime Laws - A Practical Guide\",\"isPartOf\":{\"@id\":\"https:\/\/skaitytaknyga.lt\/#website\"},\"primaryImageOfPage\":{\"@id\":\"https:\/\/skaitytaknyga.lt\/produktas\/lygiu-galimybiu-kontrolieriaus-tarnyba-kaip-nacionaline-lygybes-institucija-teisinis-reglamentavimas-ir-veikla\/#primaryimage\"},\"image\":{\"@id\":\"https:\/\/skaitytaknyga.lt\/produktas\/lygiu-galimybiu-kontrolieriaus-tarnyba-kaip-nacionaline-lygybes-institucija-teisinis-reglamentavimas-ir-veikla\/#primaryimage\"},\"thumbnailUrl\":\"https:\/\/skaitytaknyga.lt\/wp-content\/uploads\/2025\/02\/Lygiu-galimybiu-kontrolieriaus-tarnyba-kaip-nacionaline-lygybes-institucija-teisinis-reglamentavimas-ir-veikla.webp\",\"datePublished\":\"2025-02-02T11:11:17+00:00\",\"dateModified\":\"2025-05-15T07:09:59+00:00\",\"description\":\"A practical tool in setting effective legislation to counter hate crime. The purpose of this guide is to provide States with benchmarks for drafting hate\",\"breadcrumb\":{\"@id\":\"https:\/\/skaitytaknyga.lt\/produktas\/lygiu-galimybiu-kontrolieriaus-tarnyba-kaip-nacionaline-lygybes-institucija-teisinis-reglamentavimas-ir-veikla\/#breadcrumb\"},\"inLanguage\":\"en-GB\",\"potentialAction\":[{\"@type\":\"ReadAction\",\"target\":[\"https:\/\/skaitytaknyga.lt\/produktas\/lygiu-galimybiu-kontrolieriaus-tarnyba-kaip-nacionaline-lygybes-institucija-teisinis-reglamentavimas-ir-veikla\/\"]}]},{\"@type\":\"ImageObject\",\"inLanguage\":\"en-GB\",\"@id\":\"https:\/\/skaitytaknyga.lt\/produktas\/lygiu-galimybiu-kontrolieriaus-tarnyba-kaip-nacionaline-lygybes-institucija-teisinis-reglamentavimas-ir-veikla\/#primaryimage\",\"url\":\"https:\/\/skaitytaknyga.lt\/wp-content\/uploads\/2025\/02\/Lygiu-galimybiu-kontrolieriaus-tarnyba-kaip-nacionaline-lygybes-institucija-teisinis-reglamentavimas-ir-veikla.webp\",\"contentUrl\":\"https:\/\/skaitytaknyga.lt\/wp-content\/uploads\/2025\/02\/Lygiu-galimybiu-kontrolieriaus-tarnyba-kaip-nacionaline-lygybes-institucija-teisinis-reglamentavimas-ir-veikla.webp\",\"width\":487,\"height\":440,\"caption\":\"Lygi\u0173 galimybi\u0173 kontrolieriaus tarnyba, kaip nacionalin\u0117 lygyb\u0117s institucija: teisinis reglamentavimas ir veikla\"},{\"@type\":\"BreadcrumbList\",\"@id\":\"https:\/\/skaitytaknyga.lt\/produktas\/lygiu-galimybiu-kontrolieriaus-tarnyba-kaip-nacionaline-lygybes-institucija-teisinis-reglamentavimas-ir-veikla\/#breadcrumb\",\"itemListElement\":[{\"@type\":\"ListItem\",\"position\":1,\"name\":\"Home\",\"item\":\"https:\/\/skaitytaknyga.lt\/\"},{\"@type\":\"ListItem\",\"position\":2,\"name\":\"Parduotuv\u0117\",\"item\":\"https:\/\/skaitytaknyga.lt\/knygu-parduotuve\/\"},{\"@type\":\"ListItem\",\"position\":3,\"name\":\"Lygi\u0173 galimybi\u0173 kontrolieriaus tarnyba, kaip nacionalin\u0117 lygyb\u0117s institucija: teisinis reglamentavimas ir veikla\"}]},{\"@type\":\"WebSite\",\"@id\":\"https:\/\/skaitytaknyga.lt\/#website\",\"url\":\"https:\/\/skaitytaknyga.lt\/\",\"name\":\"skaitytaknyga.lt\",\"description\":\"Skaitytaknyga.lt \u2013 tai ma\u017eas \u0161eimos verslas, kuris prasid\u0117jo nuo meil\u0117s knygoms ir siekio i\u0161gelb\u0117ti knygas nuo likimo prie konteinerio. Kas vienam nereikalingas daiktas \u2013 kitam lobis, o mes esame tarpininkai, kurie padeda abiems tapti laimingesniems ???? \u017dinome kaip nelengva i\u0161gyventi ma\u017eiems verslams, tad nuo \u0161iol, \u010dia rasite ir kit\u0173, ma\u017e\u0173 \u0161eim\u0173 versl\u0173, rank\u0173 darbo, dovan\u0173 sau ir artimiesiems.\",\"publisher\":{\"@id\":\"https:\/\/skaitytaknyga.lt\/#organization\"},\"potentialAction\":[{\"@type\":\"SearchAction\",\"target\":{\"@type\":\"EntryPoint\",\"urlTemplate\":\"https:\/\/skaitytaknyga.lt\/?s={search_term_string}\"},\"query-input\":{\"@type\":\"PropertyValueSpecification\",\"valueRequired\":true,\"valueName\":\"search_term_string\"}}],\"inLanguage\":\"en-GB\"},{\"@type\":\"Organization\",\"@id\":\"https:\/\/skaitytaknyga.lt\/#organization\",\"name\":\"skaitytaknyga.lt\",\"url\":\"https:\/\/skaitytaknyga.lt\/\",\"logo\":{\"@type\":\"ImageObject\",\"inLanguage\":\"en-GB\",\"@id\":\"https:\/\/skaitytaknyga.lt\/#\/schema\/logo\/image\/\",\"url\":\"https:\/\/skaitytaknyga.lt\/wp-content\/uploads\/2024\/05\/cropped-cropped-cropped-02_00843_jt3bggkj1j3HLc7SyY6rEUpg.jpeg\",\"contentUrl\":\"https:\/\/skaitytaknyga.lt\/wp-content\/uploads\/2024\/05\/cropped-cropped-cropped-02_00843_jt3bggkj1j3HLc7SyY6rEUpg.jpeg\",\"width\":1600,\"height\":1600,\"caption\":\"skaitytaknyga.lt\"},\"image\":{\"@id\":\"https:\/\/skaitytaknyga.lt\/#\/schema\/logo\/image\/\"},\"sameAs\":[\"https:\/\/www.facebook.com\/skaitytaknyga\/\"]}]}<\/script>\n<!-- \/ Yoast SEO plugin. -->","yoast_head_json":{"title":"Hate Crime Laws - A Practical Guide","description":"A practical tool in setting effective legislation to counter hate crime. The purpose of this guide is to provide States with benchmarks for drafting hate","robots":{"index":"index","follow":"follow","max-snippet":"max-snippet:-1","max-image-preview":"max-image-preview:large","max-video-preview":"max-video-preview:-1"},"canonical":"https:\/\/skaitytaknyga.lt\/en\/produktas\/lygiu-galimybiu-kontrolieriaus-tarnyba-kaip-nacionaline-lygybes-institucija-teisinis-reglamentavimas-ir-veikla\/","og_locale":"en_GB","og_type":"article","og_title":"[:en]Hate Crime Laws - A Practical Guide[:lt]Lygi\u0173 galimybi\u0173 kontrolieriaus tarnyba, kaip nacionalin\u0117 lygyb\u0117s institucija: teisinis reglamentavimas ir veikla[:] - Skaitytaknyga","og_description":"A practical tool in setting effective legislation to counter hate crime. The purpose of this guide is to provide States with benchmarks for drafting hate","og_url":"https:\/\/skaitytaknyga.lt\/en\/produktas\/lygiu-galimybiu-kontrolieriaus-tarnyba-kaip-nacionaline-lygybes-institucija-teisinis-reglamentavimas-ir-veikla\/","og_site_name":"Skaitytaknyga","article_publisher":"https:\/\/www.facebook.com\/skaitytaknyga\/","article_modified_time":"2025-05-15T07:09:59+00:00","og_image":[{"width":487,"height":440,"url":"https:\/\/skaitytaknyga.lt\/wp-content\/uploads\/2025\/02\/Lygiu-galimybiu-kontrolieriaus-tarnyba-kaip-nacionaline-lygybes-institucija-teisinis-reglamentavimas-ir-veikla.webp","type":"image\/webp"}],"twitter_card":"summary_large_image","twitter_misc":{"Estimated reading time":"1 minute"},"schema":{"@context":"https:\/\/schema.org","@graph":[{"@type":"WebPage","@id":"https:\/\/skaitytaknyga.lt\/produktas\/lygiu-galimybiu-kontrolieriaus-tarnyba-kaip-nacionaline-lygybes-institucija-teisinis-reglamentavimas-ir-veikla\/","url":"https:\/\/skaitytaknyga.lt\/produktas\/lygiu-galimybiu-kontrolieriaus-tarnyba-kaip-nacionaline-lygybes-institucija-teisinis-reglamentavimas-ir-veikla\/","name":"Hate Crime Laws - A Practical Guide","isPartOf":{"@id":"https:\/\/skaitytaknyga.lt\/#website"},"primaryImageOfPage":{"@id":"https:\/\/skaitytaknyga.lt\/produktas\/lygiu-galimybiu-kontrolieriaus-tarnyba-kaip-nacionaline-lygybes-institucija-teisinis-reglamentavimas-ir-veikla\/#primaryimage"},"image":{"@id":"https:\/\/skaitytaknyga.lt\/produktas\/lygiu-galimybiu-kontrolieriaus-tarnyba-kaip-nacionaline-lygybes-institucija-teisinis-reglamentavimas-ir-veikla\/#primaryimage"},"thumbnailUrl":"https:\/\/skaitytaknyga.lt\/wp-content\/uploads\/2025\/02\/Lygiu-galimybiu-kontrolieriaus-tarnyba-kaip-nacionaline-lygybes-institucija-teisinis-reglamentavimas-ir-veikla.webp","datePublished":"2025-02-02T11:11:17+00:00","dateModified":"2025-05-15T07:09:59+00:00","description":"A practical tool in setting effective legislation to counter hate crime. The purpose of this guide is to provide States with benchmarks for drafting hate","breadcrumb":{"@id":"https:\/\/skaitytaknyga.lt\/produktas\/lygiu-galimybiu-kontrolieriaus-tarnyba-kaip-nacionaline-lygybes-institucija-teisinis-reglamentavimas-ir-veikla\/#breadcrumb"},"inLanguage":"en-GB","potentialAction":[{"@type":"ReadAction","target":["https:\/\/skaitytaknyga.lt\/produktas\/lygiu-galimybiu-kontrolieriaus-tarnyba-kaip-nacionaline-lygybes-institucija-teisinis-reglamentavimas-ir-veikla\/"]}]},{"@type":"ImageObject","inLanguage":"en-GB","@id":"https:\/\/skaitytaknyga.lt\/produktas\/lygiu-galimybiu-kontrolieriaus-tarnyba-kaip-nacionaline-lygybes-institucija-teisinis-reglamentavimas-ir-veikla\/#primaryimage","url":"https:\/\/skaitytaknyga.lt\/wp-content\/uploads\/2025\/02\/Lygiu-galimybiu-kontrolieriaus-tarnyba-kaip-nacionaline-lygybes-institucija-teisinis-reglamentavimas-ir-veikla.webp","contentUrl":"https:\/\/skaitytaknyga.lt\/wp-content\/uploads\/2025\/02\/Lygiu-galimybiu-kontrolieriaus-tarnyba-kaip-nacionaline-lygybes-institucija-teisinis-reglamentavimas-ir-veikla.webp","width":487,"height":440,"caption":"Lygi\u0173 galimybi\u0173 kontrolieriaus tarnyba, kaip nacionalin\u0117 lygyb\u0117s institucija: teisinis reglamentavimas ir veikla"},{"@type":"BreadcrumbList","@id":"https:\/\/skaitytaknyga.lt\/produktas\/lygiu-galimybiu-kontrolieriaus-tarnyba-kaip-nacionaline-lygybes-institucija-teisinis-reglamentavimas-ir-veikla\/#breadcrumb","itemListElement":[{"@type":"ListItem","position":1,"name":"Home","item":"https:\/\/skaitytaknyga.lt\/"},{"@type":"ListItem","position":2,"name":"Parduotuv\u0117","item":"https:\/\/skaitytaknyga.lt\/knygu-parduotuve\/"},{"@type":"ListItem","position":3,"name":"Lygi\u0173 galimybi\u0173 kontrolieriaus tarnyba, kaip nacionalin\u0117 lygyb\u0117s institucija: teisinis reglamentavimas ir veikla"}]},{"@type":"WebSite","@id":"https:\/\/skaitytaknyga.lt\/#website","url":"https:\/\/skaitytaknyga.lt\/","name":"skaitytaknyga.lt","description":"Skaitytaknyga.lt \u2013 tai ma\u017eas \u0161eimos verslas, kuris prasid\u0117jo nuo meil\u0117s knygoms ir siekio i\u0161gelb\u0117ti knygas nuo likimo prie konteinerio. Kas vienam nereikalingas daiktas \u2013 kitam lobis, o mes esame tarpininkai, kurie padeda abiems tapti laimingesniems ???? \u017dinome kaip nelengva i\u0161gyventi ma\u017eiems verslams, tad nuo \u0161iol, \u010dia rasite ir kit\u0173, ma\u017e\u0173 \u0161eim\u0173 versl\u0173, rank\u0173 darbo, dovan\u0173 sau ir artimiesiems.","publisher":{"@id":"https:\/\/skaitytaknyga.lt\/#organization"},"potentialAction":[{"@type":"SearchAction","target":{"@type":"EntryPoint","urlTemplate":"https:\/\/skaitytaknyga.lt\/?s={search_term_string}"},"query-input":{"@type":"PropertyValueSpecification","valueRequired":true,"valueName":"search_term_string"}}],"inLanguage":"en-GB"},{"@type":"Organization","@id":"https:\/\/skaitytaknyga.lt\/#organization","name":"skaitytaknyga.lt","url":"https:\/\/skaitytaknyga.lt\/","logo":{"@type":"ImageObject","inLanguage":"en-GB","@id":"https:\/\/skaitytaknyga.lt\/#\/schema\/logo\/image\/","url":"https:\/\/skaitytaknyga.lt\/wp-content\/uploads\/2024\/05\/cropped-cropped-cropped-02_00843_jt3bggkj1j3HLc7SyY6rEUpg.jpeg","contentUrl":"https:\/\/skaitytaknyga.lt\/wp-content\/uploads\/2024\/05\/cropped-cropped-cropped-02_00843_jt3bggkj1j3HLc7SyY6rEUpg.jpeg","width":1600,"height":1600,"caption":"skaitytaknyga.lt"},"image":{"@id":"https:\/\/skaitytaknyga.lt\/#\/schema\/logo\/image\/"},"sameAs":["https:\/\/www.facebook.com\/skaitytaknyga\/"]}]}},"_links":{"self":[{"href":"https:\/\/skaitytaknyga.lt\/en\/wp-json\/wp\/v2\/product\/16548","targetHints":{"allow":["GET"]}}],"collection":[{"href":"https:\/\/skaitytaknyga.lt\/en\/wp-json\/wp\/v2\/product"}],"about":[{"href":"https:\/\/skaitytaknyga.lt\/en\/wp-json\/wp\/v2\/types\/product"}],"replies":[{"embeddable":true,"href":"https:\/\/skaitytaknyga.lt\/en\/wp-json\/wp\/v2\/comments?post=16548"}],"wp:featuredmedia":[{"embeddable":true,"href":"https:\/\/skaitytaknyga.lt\/en\/wp-json\/wp\/v2\/media\/16549"}],"wp:attachment":[{"href":"https:\/\/skaitytaknyga.lt\/en\/wp-json\/wp\/v2\/media?parent=16548"}],"wp:term":[{"taxonomy":"product_brand","embeddable":true,"href":"https:\/\/skaitytaknyga.lt\/en\/wp-json\/wp\/v2\/product_brand?post=16548"},{"taxonomy":"product_cat","embeddable":true,"href":"https:\/\/skaitytaknyga.lt\/en\/wp-json\/wp\/v2\/product_cat?post=16548"},{"taxonomy":"product_tag","embeddable":true,"href":"https:\/\/skaitytaknyga.lt\/en\/wp-json\/wp\/v2\/product_tag?post=16548"}],"curies":[{"name":"wp","href":"https:\/\/api.w.org\/{rel}","templated":true}]}}