{"id":16545,"date":"2025-02-02T13:05:56","date_gmt":"2025-02-02T11:05:56","guid":{"rendered":"https:\/\/skaitytaknyga.lt\/?post_type=product&#038;p=16545"},"modified":"2026-03-05T12:09:00","modified_gmt":"2026-03-05T10:09:00","slug":"ko-negalima-sakyti-merginai-bare","status":"publish","type":"product","link":"https:\/\/skaitytaknyga.lt\/en\/produktas\/ko-negalima-sakyti-merginai-bare\/","title":{"rendered":"Ko negalima sakyti merginai bare"},"content":{"rendered":"<p><em>Visi mes ie\u0161kom vieni kit\u0173, vaik\u0161\u010diodami i\u0161 vieno baro \u012f kit\u0105, per nakt\u012f laukdami netik\u0117tai palankiai susiklos\u010diusios situacijos. Ir moterys s\u0117di \u012fsitempusios kaip styga, ir vyrai pasitaiso \u0161varkus, ir visiems koktu, bet niekas neina namo, nes bijo, kad bus nesurasti arba nesuras patys.<\/em><\/p>\n<p>Autorius:\u00a0<strong>Povilas \u0160kl\u0117rius<\/strong>\u00a0\u2013 gim\u0119s 1987 m. Marijampol\u0117je, augo Alytuje. Sveria 75 kilogramus, \u016bgis 1,78 metro, plaukai tamsiai rudi, akys \u017ealios. Dar\u017eelio nebaig\u0117, baig\u0117 mokykl\u0105. Povilas u\u017eaug\u0119s nor\u0117jo b\u016bti alergologas, pulmonologas, lenktynininkas, \u017evejys, sodininkas, detektyvas, krep\u0161ininkas arba roko muzikantas, ta\u010diau taip jau susiklost\u0117, kad \u012fgijo archyvaro specialyb\u0119. Povilas m\u0117gsta mineralin\u012f vanden\u012f, pien\u0105 ir apelsinus.\u00a0<strong>\u201eKo negalima sakyti merginai bare&#8221;<\/strong>\u00a0\u2013 pirmoji<strong>\u00a0Povilo \u0160kl\u0117riaus<\/strong>\u00a0knyga.<\/p>\n<p>Veik\u0117jai: autoriaus alter ego Povilas, jo draugai ir merginos. Merginos, su kuriomis Povilas draugavo, su kuriomis k\u0105 tik susipa\u017eino ir i\u0161 karto jas paliko, merginos i\u0161 vaikyst\u0117s, i\u0161 picerijos, i\u0161 gretimo namo, i\u0161 sapno. Visos, kurias jis myl\u0117jo ar nor\u0117jo myl\u0117ti. Visos, kurios j\u012f myl\u0117jo ir kurios jo netrauk\u0117. Romane \u2013 sapnai ir vienatv\u0117s realyb\u0117, sklidina tragikomi\u0161k\u0173 pasakojim\u0173 apie \u017emones ir j\u0173 santykius. Ir Povilas, nuolat ie\u0161kantis Tos. Taip ir nesuprantantis, kad j\u0105 jau rado.<\/p>\n<p>Povilas saviironij\u0105 laiko ki\u0161en\u0117je kaip ginkl\u0105 \u2013 kaip peiliuk\u0105, kai gr\u012f\u017eti nakt\u012f namo. Toji saviironija netik\u0117tai smygteli pro teksto audin\u012f, \u012fdurdama ir aplinkiniams, ir skaitytojui. Pa\u017eadindama ir kartais priversdama kvatotis.<\/p>\n<p><strong>\u201eKo negalima sakyti merginai bare&#8221;<\/strong>\u00a0\u2013 vyri\u0161kas, sarkasti\u0161kas ir atviras pasakojimas apie meil\u0117s ir nuo\u0161irdumo paie\u0161kas. Merginoms tai \u2013 proga pa\u017ei\u016br\u0117ti \u012f pasaul\u012f vaikino akimis, vaikinai apie tai visk\u0105 \u017eino ir patys.<\/p>\n<ul class=\"about-product d-none d-xl-block mt-4\">\n<li><strong>Autorius:<\/strong>\u00a0Povilas \u0160kl\u0117rius<\/li>\n<li><strong>Leid\u0117jas:<\/strong>\u00a0Tyto alba<\/li>\n<li><strong>Metai:<\/strong>\u00a02016<\/li>\n<li><strong>Puslapiai:<\/strong>\u00a0232<\/li>\n<li class=\"toggleable type-new-formats \"><strong>ISBN:<\/strong>\u00a09786094661884<\/li>\n<li><strong>Versijos kodas:<\/strong>\u00a0PT.<\/li>\n<li class=\"toggleable type-new-formats \"><strong>Formatas:<\/strong>\u00a014,7 x 22,1 x 2,4 cm, kieti vir\u0161eliai<\/li>\n<li><strong>Kalba:<\/strong>\u00a0Lietuvi\u0173<\/li>\n<\/ul>\n","protected":false},"excerpt":{"rendered":"<p>Visi mes ie\u0161kom vieni kit\u0173, vaik\u0161\u010diodami i\u0161 vieno baro \u012f kit\u0105, per nakt\u012f laukdami netik\u0117tai palankiai susiklos\u010diusios situacijos. Ir moterys s\u0117di \u012fsitempusios kaip styga, ir vyrai pasitaiso \u0161varkus, ir visiems koktu, bet niekas neina namo, nes bijo, kad bus nesurasti arba nesuras patys. Autorius:\u00a0Povilas \u0160kl\u0117rius\u00a0\u2013 gim\u0119s 1987 m. Marijampol\u0117je, augo Alytuje. Sveria 75 kilogramus, \u016bgis 1,78 metro, plaukai tamsiai rudi, akys \u017ealios. Dar\u017eelio nebaig\u0117, baig\u0117 mokykl\u0105. Povilas u\u017eaug\u0119s nor\u0117jo b\u016bti alergologas, pulmonologas, lenktynininkas, \u017evejys, sodininkas, detektyvas, krep\u0161ininkas arba roko muzikantas, ta\u010diau taip jau susiklost\u0117, kad \u012fgijo archyvaro specialyb\u0119. Povilas m\u0117gsta mineralin\u012f vanden\u012f, pien\u0105 ir apelsinus.\u00a0\u201eKo negalima sakyti merginai bare&#8221;\u00a0\u2013 pirmoji\u00a0Povilo \u0160kl\u0117riaus\u00a0knyga. Veik\u0117jai: autoriaus alter ego Povilas, jo draugai ir merginos. Merginos, su kuriomis Povilas draugavo, su kuriomis k\u0105 tik susipa\u017eino ir i\u0161 karto jas paliko, merginos i\u0161 vaikyst\u0117s, i\u0161 picerijos, i\u0161 gretimo namo, i\u0161 sapno. Visos, kurias jis myl\u0117jo ar nor\u0117jo myl\u0117ti. Visos, kurios j\u012f myl\u0117jo ir kurios jo netrauk\u0117. Romane \u2013 sapnai ir vienatv\u0117s realyb\u0117, sklidina tragikomi\u0161k\u0173 pasakojim\u0173 apie \u017emones ir j\u0173 santykius. Ir Povilas, nuolat ie\u0161kantis Tos. Taip ir nesuprantantis, kad j\u0105 jau rado. Povilas saviironij\u0105 laiko ki\u0161en\u0117je kaip ginkl\u0105 \u2013 kaip peiliuk\u0105, kai gr\u012f\u017eti nakt\u012f namo. Toji saviironija netik\u0117tai smygteli pro teksto audin\u012f, \u012fdurdama ir aplinkiniams, ir skaitytojui. Pa\u017eadindama ir kartais priversdama kvatotis. \u201eKo negalima sakyti merginai bare&#8221;\u00a0\u2013 vyri\u0161kas, sarkasti\u0161kas ir atviras pasakojimas apie meil\u0117s ir nuo\u0161irdumo paie\u0161kas. Merginoms tai \u2013 proga pa\u017ei\u016br\u0117ti \u012f pasaul\u012f vaikino akimis, vaikinai apie tai visk\u0105 \u017eino ir patys. Autorius:\u00a0Povilas \u0160kl\u0117rius Leid\u0117jas:\u00a0Tyto alba Metai:\u00a02016 Puslapiai:\u00a0232 ISBN:\u00a09786094661884 Versijos kodas:\u00a0PT. Formatas:\u00a014,7 x 22,1 x 2,4 cm, kieti vir\u0161eliai Kalba:\u00a0Lietuvi\u0173<\/p>\n","protected":false},"featured_media":16546,"comment_status":"open","ping_status":"closed","template":"","meta":{"_acf_changed":false,"site-sidebar-layout":"default","site-content-layout":"","ast-site-content-layout":"default","site-content-style":"default","site-sidebar-style":"default","ast-global-header-display":"","ast-banner-title-visibility":"","ast-main-header-display":"","ast-hfb-above-header-display":"","ast-hfb-below-header-display":"","ast-hfb-mobile-header-display":"","site-post-title":"","ast-breadcrumbs-content":"","ast-featured-img":"","footer-sml-layout":"","ast-disable-related-posts":"","theme-transparent-header-meta":"default","adv-header-id-meta":"","stick-header-meta":"","header-above-stick-meta":"","header-main-stick-meta":"","header-below-stick-meta":"","astra-migrate-meta-layouts":"set","ast-page-background-enabled":"default","ast-page-background-meta":{"desktop":{"background-color":"","background-image":"","background-repeat":"repeat","background-position":"center center","background-size":"auto","background-attachment":"scroll","background-type":"","background-media":"","overlay-type":"","overlay-color":"","overlay-opacity":"","overlay-gradient":""},"tablet":{"background-color":"","background-image":"","background-repeat":"repeat","background-position":"center center","background-size":"auto","background-attachment":"scroll","background-type":"","background-media":"","overlay-type":"","overlay-color":"","overlay-opacity":"","overlay-gradient":""},"mobile":{"background-color":"","background-image":"","background-repeat":"repeat","background-position":"center center","background-size":"auto","background-attachment":"scroll","background-type":"","background-media":"","overlay-type":"","overlay-color":"","overlay-opacity":"","overlay-gradient":""}},"ast-content-background-meta":{"desktop":{"background-color":"var(--ast-global-color-4)","background-image":"","background-repeat":"repeat","background-position":"center center","background-size":"auto","background-attachment":"scroll","background-type":"","background-media":"","overlay-type":"","overlay-color":"","overlay-opacity":"","overlay-gradient":""},"tablet":{"background-color":"var(--ast-global-color-4)","background-image":"","background-repeat":"repeat","background-position":"center center","background-size":"auto","background-attachment":"scroll","background-type":"","background-media":"","overlay-type":"","overlay-color":"","overlay-opacity":"","overlay-gradient":""},"mobile":{"background-color":"var(--ast-global-color-4)","background-image":"","background-repeat":"repeat","background-position":"center center","background-size":"auto","background-attachment":"scroll","background-type":"","background-media":"","overlay-type":"","overlay-color":"","overlay-opacity":"","overlay-gradient":""}}},"product_brand":[],"product_cat":[15],"product_tag":[2071,4912,1745,1417],"class_list":{"0":"post-16545","1":"product","2":"type-product","3":"status-publish","4":"has-post-thumbnail","6":"product_cat-uncategorized","7":"product_tag-lietuviu-autorius","8":"product_tag-povilas-sklerius","9":"product_tag-romanas","10":"product_tag-santykiai","11":"desktop-align-left","12":"tablet-align-left","13":"mobile-align-left","15":"first","16":"instock","17":"shipping-taxable","18":"purchasable","19":"product-type-simple"},"acf":[],"yoast_head":"<!-- This site is optimized with the Yoast SEO plugin v27.0 - https:\/\/yoast.com\/product\/yoast-seo-wordpress\/ -->\n<title>Ko negalima sakyti merginai bare<\/title>\n<meta name=\"description\" content=\"Visi mes ie\u0161kom vieni kit\u0173, vaik\u0161\u010diodami i\u0161 vieno baro \u012f kit\u0105, per nakt\u012f laukdami netik\u0117tai palankiai susiklos\u010diusios situacijos. Ir moterys s\u0117di\" \/>\n<meta name=\"robots\" content=\"index, follow, max-snippet:-1, max-image-preview:large, max-video-preview:-1\" \/>\n<link rel=\"canonical\" href=\"https:\/\/skaitytaknyga.lt\/en\/produktas\/ko-negalima-sakyti-merginai-bare\/\" \/>\n<meta property=\"og:locale\" content=\"en_GB\" \/>\n<meta property=\"og:locale:alternate\" content=\"lt_LT\" \/>\n<meta property=\"og:type\" content=\"article\" \/>\n<meta property=\"og:title\" content=\"Ko negalima sakyti merginai bare\" \/>\n<meta property=\"og:description\" content=\"Visi mes ie\u0161kom vieni kit\u0173, vaik\u0161\u010diodami i\u0161 vieno baro \u012f kit\u0105, per nakt\u012f laukdami netik\u0117tai palankiai susiklos\u010diusios situacijos. Ir moterys s\u0117di\" \/>\n<meta property=\"og:url\" content=\"https:\/\/skaitytaknyga.lt\/en\/produktas\/ko-negalima-sakyti-merginai-bare\/\" \/>\n<meta property=\"og:site_name\" content=\"Skaitytaknyga\" \/>\n<meta property=\"article:publisher\" content=\"https:\/\/www.facebook.com\/skaitytaknyga\/\" \/>\n<meta property=\"article:modified_time\" content=\"2026-03-05T10:09:00+00:00\" \/>\n<meta property=\"og:image\" content=\"https:\/\/skaitytaknyga.lt\/wp-content\/uploads\/2025\/02\/Ko-negalima-sakyti-merginai-bare.webp\" \/>\n\t<meta property=\"og:image:width\" content=\"533\" \/>\n\t<meta property=\"og:image:height\" content=\"800\" \/>\n\t<meta property=\"og:image:type\" content=\"image\/webp\" \/>\n<meta name=\"twitter:card\" content=\"summary_large_image\" \/>\n<meta name=\"twitter:label1\" content=\"Estimated reading time\" \/>\n\t<meta name=\"twitter:data1\" content=\"2 minutes\" \/>\n<script type=\"application\/ld+json\" class=\"yoast-schema-graph\">{\"@context\":\"https:\/\/schema.org\",\"@graph\":[{\"@type\":\"WebPage\",\"@id\":\"https:\/\/skaitytaknyga.lt\/produktas\/ko-negalima-sakyti-merginai-bare\/\",\"url\":\"https:\/\/skaitytaknyga.lt\/produktas\/ko-negalima-sakyti-merginai-bare\/\",\"name\":\"Ko negalima sakyti merginai bare\",\"isPartOf\":{\"@id\":\"https:\/\/skaitytaknyga.lt\/#website\"},\"primaryImageOfPage\":{\"@id\":\"https:\/\/skaitytaknyga.lt\/produktas\/ko-negalima-sakyti-merginai-bare\/#primaryimage\"},\"image\":{\"@id\":\"https:\/\/skaitytaknyga.lt\/produktas\/ko-negalima-sakyti-merginai-bare\/#primaryimage\"},\"thumbnailUrl\":\"https:\/\/skaitytaknyga.lt\/wp-content\/uploads\/2025\/02\/Ko-negalima-sakyti-merginai-bare.webp\",\"datePublished\":\"2025-02-02T11:05:56+00:00\",\"dateModified\":\"2026-03-05T10:09:00+00:00\",\"description\":\"Visi mes ie\u0161kom vieni kit\u0173, vaik\u0161\u010diodami i\u0161 vieno baro \u012f kit\u0105, per nakt\u012f laukdami netik\u0117tai palankiai susiklos\u010diusios situacijos. Ir moterys s\u0117di\",\"breadcrumb\":{\"@id\":\"https:\/\/skaitytaknyga.lt\/produktas\/ko-negalima-sakyti-merginai-bare\/#breadcrumb\"},\"inLanguage\":\"en-GB\",\"potentialAction\":[{\"@type\":\"ReadAction\",\"target\":[\"https:\/\/skaitytaknyga.lt\/produktas\/ko-negalima-sakyti-merginai-bare\/\"]}]},{\"@type\":\"ImageObject\",\"inLanguage\":\"en-GB\",\"@id\":\"https:\/\/skaitytaknyga.lt\/produktas\/ko-negalima-sakyti-merginai-bare\/#primaryimage\",\"url\":\"https:\/\/skaitytaknyga.lt\/wp-content\/uploads\/2025\/02\/Ko-negalima-sakyti-merginai-bare.webp\",\"contentUrl\":\"https:\/\/skaitytaknyga.lt\/wp-content\/uploads\/2025\/02\/Ko-negalima-sakyti-merginai-bare.webp\",\"width\":533,\"height\":800,\"caption\":\"Ko negalima sakyti merginai bare\"},{\"@type\":\"BreadcrumbList\",\"@id\":\"https:\/\/skaitytaknyga.lt\/produktas\/ko-negalima-sakyti-merginai-bare\/#breadcrumb\",\"itemListElement\":[{\"@type\":\"ListItem\",\"position\":1,\"name\":\"Home\",\"item\":\"https:\/\/skaitytaknyga.lt\/\"},{\"@type\":\"ListItem\",\"position\":2,\"name\":\"Parduotuv\u0117\",\"item\":\"https:\/\/skaitytaknyga.lt\/knygu-parduotuve\/\"},{\"@type\":\"ListItem\",\"position\":3,\"name\":\"Ko negalima sakyti merginai bare\"}]},{\"@type\":\"WebSite\",\"@id\":\"https:\/\/skaitytaknyga.lt\/#website\",\"url\":\"https:\/\/skaitytaknyga.lt\/\",\"name\":\"skaitytaknyga.lt\",\"description\":\"Skaitytaknyga.lt \u2013 tai ma\u017eas \u0161eimos verslas, kuris prasid\u0117jo nuo meil\u0117s knygoms ir siekio i\u0161gelb\u0117ti knygas nuo likimo prie konteinerio. Kas vienam nereikalingas daiktas \u2013 kitam lobis, o mes esame tarpininkai, kurie padeda abiems tapti laimingesniems ???? \u017dinome kaip nelengva i\u0161gyventi ma\u017eiems verslams, tad nuo \u0161iol, \u010dia rasite ir kit\u0173, ma\u017e\u0173 \u0161eim\u0173 versl\u0173, rank\u0173 darbo, dovan\u0173 sau ir artimiesiems.\",\"publisher\":{\"@id\":\"https:\/\/skaitytaknyga.lt\/#organization\"},\"potentialAction\":[{\"@type\":\"SearchAction\",\"target\":{\"@type\":\"EntryPoint\",\"urlTemplate\":\"https:\/\/skaitytaknyga.lt\/?s={search_term_string}\"},\"query-input\":{\"@type\":\"PropertyValueSpecification\",\"valueRequired\":true,\"valueName\":\"search_term_string\"}}],\"inLanguage\":\"en-GB\"},{\"@type\":\"Organization\",\"@id\":\"https:\/\/skaitytaknyga.lt\/#organization\",\"name\":\"skaitytaknyga.lt\",\"url\":\"https:\/\/skaitytaknyga.lt\/\",\"logo\":{\"@type\":\"ImageObject\",\"inLanguage\":\"en-GB\",\"@id\":\"https:\/\/skaitytaknyga.lt\/#\/schema\/logo\/image\/\",\"url\":\"https:\/\/skaitytaknyga.lt\/wp-content\/uploads\/2024\/05\/cropped-cropped-cropped-02_00843_jt3bggkj1j3HLc7SyY6rEUpg.jpeg\",\"contentUrl\":\"https:\/\/skaitytaknyga.lt\/wp-content\/uploads\/2024\/05\/cropped-cropped-cropped-02_00843_jt3bggkj1j3HLc7SyY6rEUpg.jpeg\",\"width\":1600,\"height\":1600,\"caption\":\"skaitytaknyga.lt\"},\"image\":{\"@id\":\"https:\/\/skaitytaknyga.lt\/#\/schema\/logo\/image\/\"},\"sameAs\":[\"https:\/\/www.facebook.com\/skaitytaknyga\/\"]}]}<\/script>\n<!-- \/ Yoast SEO plugin. -->","yoast_head_json":{"title":"Ko negalima sakyti merginai bare","description":"Visi mes ie\u0161kom vieni kit\u0173, vaik\u0161\u010diodami i\u0161 vieno baro \u012f kit\u0105, per nakt\u012f laukdami netik\u0117tai palankiai susiklos\u010diusios situacijos. Ir moterys s\u0117di","robots":{"index":"index","follow":"follow","max-snippet":"max-snippet:-1","max-image-preview":"max-image-preview:large","max-video-preview":"max-video-preview:-1"},"canonical":"https:\/\/skaitytaknyga.lt\/en\/produktas\/ko-negalima-sakyti-merginai-bare\/","og_locale":"en_GB","og_type":"article","og_title":"[:lt]Ko negalima sakyti merginai bare[:] - Skaitytaknyga","og_description":"Visi mes ie\u0161kom vieni kit\u0173, vaik\u0161\u010diodami i\u0161 vieno baro \u012f kit\u0105, per nakt\u012f laukdami netik\u0117tai palankiai susiklos\u010diusios situacijos. Ir moterys s\u0117di","og_url":"https:\/\/skaitytaknyga.lt\/en\/produktas\/ko-negalima-sakyti-merginai-bare\/","og_site_name":"Skaitytaknyga","article_publisher":"https:\/\/www.facebook.com\/skaitytaknyga\/","article_modified_time":"2026-03-05T10:09:00+00:00","og_image":[{"width":533,"height":800,"url":"https:\/\/skaitytaknyga.lt\/wp-content\/uploads\/2025\/02\/Ko-negalima-sakyti-merginai-bare.webp","type":"image\/webp"}],"twitter_card":"summary_large_image","twitter_misc":{"Estimated reading time":"2 minutes"},"schema":{"@context":"https:\/\/schema.org","@graph":[{"@type":"WebPage","@id":"https:\/\/skaitytaknyga.lt\/produktas\/ko-negalima-sakyti-merginai-bare\/","url":"https:\/\/skaitytaknyga.lt\/produktas\/ko-negalima-sakyti-merginai-bare\/","name":"Ko negalima sakyti merginai bare","isPartOf":{"@id":"https:\/\/skaitytaknyga.lt\/#website"},"primaryImageOfPage":{"@id":"https:\/\/skaitytaknyga.lt\/produktas\/ko-negalima-sakyti-merginai-bare\/#primaryimage"},"image":{"@id":"https:\/\/skaitytaknyga.lt\/produktas\/ko-negalima-sakyti-merginai-bare\/#primaryimage"},"thumbnailUrl":"https:\/\/skaitytaknyga.lt\/wp-content\/uploads\/2025\/02\/Ko-negalima-sakyti-merginai-bare.webp","datePublished":"2025-02-02T11:05:56+00:00","dateModified":"2026-03-05T10:09:00+00:00","description":"Visi mes ie\u0161kom vieni kit\u0173, vaik\u0161\u010diodami i\u0161 vieno baro \u012f kit\u0105, per nakt\u012f laukdami netik\u0117tai palankiai susiklos\u010diusios situacijos. Ir moterys s\u0117di","breadcrumb":{"@id":"https:\/\/skaitytaknyga.lt\/produktas\/ko-negalima-sakyti-merginai-bare\/#breadcrumb"},"inLanguage":"en-GB","potentialAction":[{"@type":"ReadAction","target":["https:\/\/skaitytaknyga.lt\/produktas\/ko-negalima-sakyti-merginai-bare\/"]}]},{"@type":"ImageObject","inLanguage":"en-GB","@id":"https:\/\/skaitytaknyga.lt\/produktas\/ko-negalima-sakyti-merginai-bare\/#primaryimage","url":"https:\/\/skaitytaknyga.lt\/wp-content\/uploads\/2025\/02\/Ko-negalima-sakyti-merginai-bare.webp","contentUrl":"https:\/\/skaitytaknyga.lt\/wp-content\/uploads\/2025\/02\/Ko-negalima-sakyti-merginai-bare.webp","width":533,"height":800,"caption":"Ko negalima sakyti merginai bare"},{"@type":"BreadcrumbList","@id":"https:\/\/skaitytaknyga.lt\/produktas\/ko-negalima-sakyti-merginai-bare\/#breadcrumb","itemListElement":[{"@type":"ListItem","position":1,"name":"Home","item":"https:\/\/skaitytaknyga.lt\/"},{"@type":"ListItem","position":2,"name":"Parduotuv\u0117","item":"https:\/\/skaitytaknyga.lt\/knygu-parduotuve\/"},{"@type":"ListItem","position":3,"name":"Ko negalima sakyti merginai bare"}]},{"@type":"WebSite","@id":"https:\/\/skaitytaknyga.lt\/#website","url":"https:\/\/skaitytaknyga.lt\/","name":"skaitytaknyga.lt","description":"Skaitytaknyga.lt \u2013 tai ma\u017eas \u0161eimos verslas, kuris prasid\u0117jo nuo meil\u0117s knygoms ir siekio i\u0161gelb\u0117ti knygas nuo likimo prie konteinerio. Kas vienam nereikalingas daiktas \u2013 kitam lobis, o mes esame tarpininkai, kurie padeda abiems tapti laimingesniems ???? \u017dinome kaip nelengva i\u0161gyventi ma\u017eiems verslams, tad nuo \u0161iol, \u010dia rasite ir kit\u0173, ma\u017e\u0173 \u0161eim\u0173 versl\u0173, rank\u0173 darbo, dovan\u0173 sau ir artimiesiems.","publisher":{"@id":"https:\/\/skaitytaknyga.lt\/#organization"},"potentialAction":[{"@type":"SearchAction","target":{"@type":"EntryPoint","urlTemplate":"https:\/\/skaitytaknyga.lt\/?s={search_term_string}"},"query-input":{"@type":"PropertyValueSpecification","valueRequired":true,"valueName":"search_term_string"}}],"inLanguage":"en-GB"},{"@type":"Organization","@id":"https:\/\/skaitytaknyga.lt\/#organization","name":"skaitytaknyga.lt","url":"https:\/\/skaitytaknyga.lt\/","logo":{"@type":"ImageObject","inLanguage":"en-GB","@id":"https:\/\/skaitytaknyga.lt\/#\/schema\/logo\/image\/","url":"https:\/\/skaitytaknyga.lt\/wp-content\/uploads\/2024\/05\/cropped-cropped-cropped-02_00843_jt3bggkj1j3HLc7SyY6rEUpg.jpeg","contentUrl":"https:\/\/skaitytaknyga.lt\/wp-content\/uploads\/2024\/05\/cropped-cropped-cropped-02_00843_jt3bggkj1j3HLc7SyY6rEUpg.jpeg","width":1600,"height":1600,"caption":"skaitytaknyga.lt"},"image":{"@id":"https:\/\/skaitytaknyga.lt\/#\/schema\/logo\/image\/"},"sameAs":["https:\/\/www.facebook.com\/skaitytaknyga\/"]}]}},"_links":{"self":[{"href":"https:\/\/skaitytaknyga.lt\/en\/wp-json\/wp\/v2\/product\/16545","targetHints":{"allow":["GET"]}}],"collection":[{"href":"https:\/\/skaitytaknyga.lt\/en\/wp-json\/wp\/v2\/product"}],"about":[{"href":"https:\/\/skaitytaknyga.lt\/en\/wp-json\/wp\/v2\/types\/product"}],"replies":[{"embeddable":true,"href":"https:\/\/skaitytaknyga.lt\/en\/wp-json\/wp\/v2\/comments?post=16545"}],"wp:featuredmedia":[{"embeddable":true,"href":"https:\/\/skaitytaknyga.lt\/en\/wp-json\/wp\/v2\/media\/16546"}],"wp:attachment":[{"href":"https:\/\/skaitytaknyga.lt\/en\/wp-json\/wp\/v2\/media?parent=16545"}],"wp:term":[{"taxonomy":"product_brand","embeddable":true,"href":"https:\/\/skaitytaknyga.lt\/en\/wp-json\/wp\/v2\/product_brand?post=16545"},{"taxonomy":"product_cat","embeddable":true,"href":"https:\/\/skaitytaknyga.lt\/en\/wp-json\/wp\/v2\/product_cat?post=16545"},{"taxonomy":"product_tag","embeddable":true,"href":"https:\/\/skaitytaknyga.lt\/en\/wp-json\/wp\/v2\/product_tag?post=16545"}],"curies":[{"name":"wp","href":"https:\/\/api.w.org\/{rel}","templated":true}]}}