{"id":16531,"date":"2025-02-02T12:12:58","date_gmt":"2025-02-02T10:12:58","guid":{"rendered":"https:\/\/skaitytaknyga.lt\/?post_type=product&#038;p=16531"},"modified":"2025-02-02T12:17:36","modified_gmt":"2025-02-02T10:17:36","slug":"krsna-auksciausiasis-dievo-asmuo-i-tomas","status":"publish","type":"product","link":"https:\/\/skaitytaknyga.lt\/en\/produktas\/krsna-auksciausiasis-dievo-asmuo-i-tomas\/","title":{"rendered":"Krsna. Auk\u0161\u010diausiasis Dievo asmuo I tomas"},"content":{"rendered":"<p>Pra\u0117jusi\u0105 epoch\u0105 Krsna Pats nu\u017eeng\u0117 i\u0161 transcendentinio pasaulio ir aprei\u0161k\u0117 \u017eem\u0117je savo am\u017einuosius \u017eaidimus.<\/p>\n<p>Knyga \u201eKrsna. Auk\u0161\u010diausiasis Dievo asmuo\u201c \u2013 tai pirmasis i\u0161samus veikalas lietuvi\u0173 kalba, pasakojantis apie nepaprastus \u012fvykius.<\/p>\n<ul class=\"about-product d-none d-xl-block mt-4\">\n<li><strong>Autorius:<\/strong>\u00a0A. C. Bhaktivedanta Swami Prabhupada<\/li>\n<li><strong>Leid\u0117jas:<\/strong>\u00a0The Bhaktivedanta Book Trust<\/li>\n<li><strong>Metai:<\/strong>\u00a01992<\/li>\n<li><strong>Puslapiai:<\/strong>\u00a0365<\/li>\n<li class=\"toggleable type-new-formats \"><strong>ISBN:<\/strong>\u00a09171491384<\/li>\n<li class=\"toggleable type-new-formats \"><strong>Formatas:<\/strong>\u00a014,5 x 20,5, kieti vir\u0161eliai<\/li>\n<li><strong>Kalba:<\/strong>\u00a0Lietuvi\u0173<\/li>\n<\/ul>\n","protected":false},"excerpt":{"rendered":"<p>Pra\u0117jusi\u0105 epoch\u0105 Krsna Pats nu\u017eeng\u0117 i\u0161 transcendentinio pasaulio ir aprei\u0161k\u0117 \u017eem\u0117je savo am\u017einuosius \u017eaidimus. Knyga \u201eKrsna. Auk\u0161\u010diausiasis Dievo asmuo\u201c \u2013 tai pirmasis i\u0161samus veikalas lietuvi\u0173 kalba, pasakojantis apie nepaprastus \u012fvykius. Autorius:\u00a0A. C. Bhaktivedanta Swami Prabhupada Leid\u0117jas:\u00a0The Bhaktivedanta Book Trust Metai:\u00a01992 Puslapiai:\u00a0365 ISBN:\u00a09171491384 Formatas:\u00a014,5 x 20,5, kieti vir\u0161eliai Kalba:\u00a0Lietuvi\u0173<\/p>\n","protected":false},"featured_media":16533,"comment_status":"open","ping_status":"closed","template":"","meta":{"_acf_changed":false,"site-sidebar-layout":"default","site-content-layout":"","ast-site-content-layout":"default","site-content-style":"default","site-sidebar-style":"default","ast-global-header-display":"","ast-banner-title-visibility":"","ast-main-header-display":"","ast-hfb-above-header-display":"","ast-hfb-below-header-display":"","ast-hfb-mobile-header-display":"","site-post-title":"","ast-breadcrumbs-content":"","ast-featured-img":"","footer-sml-layout":"","ast-disable-related-posts":"","theme-transparent-header-meta":"default","adv-header-id-meta":"","stick-header-meta":"","header-above-stick-meta":"","header-main-stick-meta":"","header-below-stick-meta":"","astra-migrate-meta-layouts":"set","ast-page-background-enabled":"default","ast-page-background-meta":{"desktop":{"background-color":"","background-image":"","background-repeat":"repeat","background-position":"center center","background-size":"auto","background-attachment":"scroll","background-type":"","background-media":"","overlay-type":"","overlay-color":"","overlay-opacity":"","overlay-gradient":""},"tablet":{"background-color":"","background-image":"","background-repeat":"repeat","background-position":"center center","background-size":"auto","background-attachment":"scroll","background-type":"","background-media":"","overlay-type":"","overlay-color":"","overlay-opacity":"","overlay-gradient":""},"mobile":{"background-color":"","background-image":"","background-repeat":"repeat","background-position":"center center","background-size":"auto","background-attachment":"scroll","background-type":"","background-media":"","overlay-type":"","overlay-color":"","overlay-opacity":"","overlay-gradient":""}},"ast-content-background-meta":{"desktop":{"background-color":"var(--ast-global-color-4)","background-image":"","background-repeat":"repeat","background-position":"center center","background-size":"auto","background-attachment":"scroll","background-type":"","background-media":"","overlay-type":"","overlay-color":"","overlay-opacity":"","overlay-gradient":""},"tablet":{"background-color":"var(--ast-global-color-4)","background-image":"","background-repeat":"repeat","background-position":"center center","background-size":"auto","background-attachment":"scroll","background-type":"","background-media":"","overlay-type":"","overlay-color":"","overlay-opacity":"","overlay-gradient":""},"mobile":{"background-color":"var(--ast-global-color-4)","background-image":"","background-repeat":"repeat","background-position":"center center","background-size":"auto","background-attachment":"scroll","background-type":"","background-media":"","overlay-type":"","overlay-color":"","overlay-opacity":"","overlay-gradient":""}}},"product_brand":[],"product_cat":[15,165],"product_tag":[],"class_list":{"0":"post-16531","1":"product","2":"type-product","3":"status-publish","4":"has-post-thumbnail","6":"product_cat-uncategorized","7":"product_cat-religija-filosofija-ir-ezoterika","8":"desktop-align-left","9":"tablet-align-left","10":"mobile-align-left","12":"first","13":"instock","14":"shipping-taxable","15":"purchasable","16":"product-type-simple"},"acf":[],"yoast_head":"<!-- This site is optimized with the Yoast SEO plugin v27.0 - https:\/\/yoast.com\/product\/yoast-seo-wordpress\/ -->\n<title>Krsna. Auk\u0161\u010diausiasis Dievo asmuo I tomas<\/title>\n<meta name=\"description\" content=\"Pra\u0117jusi\u0105 epoch\u0105 Krsna Pats nu\u017eeng\u0117 i\u0161 transcendentinio pasaulio ir aprei\u0161k\u0117 \u017eem\u0117je savo am\u017einuosius \u017eaidimus. Knyga \u201eKrsna. Auk\u0161\u010diausiasis Dievo asmuo\u201c \u2013\" \/>\n<meta name=\"robots\" content=\"index, follow, max-snippet:-1, max-image-preview:large, max-video-preview:-1\" \/>\n<link rel=\"canonical\" href=\"https:\/\/skaitytaknyga.lt\/en\/produktas\/krsna-auksciausiasis-dievo-asmuo-i-tomas\/\" \/>\n<meta property=\"og:locale\" content=\"en_GB\" \/>\n<meta property=\"og:locale:alternate\" content=\"lt_LT\" \/>\n<meta property=\"og:type\" content=\"article\" \/>\n<meta property=\"og:title\" content=\"Krsna. Auk\u0161\u010diausiasis Dievo asmuo I tomas\" \/>\n<meta property=\"og:description\" content=\"Pra\u0117jusi\u0105 epoch\u0105 Krsna Pats nu\u017eeng\u0117 i\u0161 transcendentinio pasaulio ir aprei\u0161k\u0117 \u017eem\u0117je savo am\u017einuosius \u017eaidimus. Knyga \u201eKrsna. Auk\u0161\u010diausiasis Dievo asmuo\u201c \u2013\" \/>\n<meta property=\"og:url\" content=\"https:\/\/skaitytaknyga.lt\/en\/produktas\/krsna-auksciausiasis-dievo-asmuo-i-tomas\/\" \/>\n<meta property=\"og:site_name\" content=\"Skaitytaknyga\" \/>\n<meta property=\"article:publisher\" content=\"https:\/\/www.facebook.com\/skaitytaknyga\/\" \/>\n<meta property=\"article:modified_time\" content=\"2025-02-02T10:17:36+00:00\" \/>\n<meta property=\"og:image\" content=\"https:\/\/skaitytaknyga.lt\/wp-content\/uploads\/2025\/02\/Krsna.-Auksciausiasis-Dievo-asmuo-I-tomas.webp\" \/>\n\t<meta property=\"og:image:width\" content=\"517\" \/>\n\t<meta property=\"og:image:height\" content=\"800\" \/>\n\t<meta property=\"og:image:type\" content=\"image\/webp\" \/>\n<meta name=\"twitter:card\" content=\"summary_large_image\" \/>\n<meta name=\"twitter:label1\" content=\"Estimated reading time\" \/>\n\t<meta name=\"twitter:data1\" content=\"1 minute\" \/>\n<script type=\"application\/ld+json\" class=\"yoast-schema-graph\">{\"@context\":\"https:\/\/schema.org\",\"@graph\":[{\"@type\":\"WebPage\",\"@id\":\"https:\/\/skaitytaknyga.lt\/produktas\/krsna-auksciausiasis-dievo-asmuo-i-tomas\/\",\"url\":\"https:\/\/skaitytaknyga.lt\/produktas\/krsna-auksciausiasis-dievo-asmuo-i-tomas\/\",\"name\":\"Krsna. Auk\u0161\u010diausiasis Dievo asmuo I tomas\",\"isPartOf\":{\"@id\":\"https:\/\/skaitytaknyga.lt\/#website\"},\"primaryImageOfPage\":{\"@id\":\"https:\/\/skaitytaknyga.lt\/produktas\/krsna-auksciausiasis-dievo-asmuo-i-tomas\/#primaryimage\"},\"image\":{\"@id\":\"https:\/\/skaitytaknyga.lt\/produktas\/krsna-auksciausiasis-dievo-asmuo-i-tomas\/#primaryimage\"},\"thumbnailUrl\":\"https:\/\/skaitytaknyga.lt\/wp-content\/uploads\/2025\/02\/Krsna.-Auksciausiasis-Dievo-asmuo-I-tomas.webp\",\"datePublished\":\"2025-02-02T10:12:58+00:00\",\"dateModified\":\"2025-02-02T10:17:36+00:00\",\"description\":\"Pra\u0117jusi\u0105 epoch\u0105 Krsna Pats nu\u017eeng\u0117 i\u0161 transcendentinio pasaulio ir aprei\u0161k\u0117 \u017eem\u0117je savo am\u017einuosius \u017eaidimus. Knyga \u201eKrsna. Auk\u0161\u010diausiasis Dievo asmuo\u201c \u2013\",\"breadcrumb\":{\"@id\":\"https:\/\/skaitytaknyga.lt\/produktas\/krsna-auksciausiasis-dievo-asmuo-i-tomas\/#breadcrumb\"},\"inLanguage\":\"en-GB\",\"potentialAction\":[{\"@type\":\"ReadAction\",\"target\":[\"https:\/\/skaitytaknyga.lt\/produktas\/krsna-auksciausiasis-dievo-asmuo-i-tomas\/\"]}]},{\"@type\":\"ImageObject\",\"inLanguage\":\"en-GB\",\"@id\":\"https:\/\/skaitytaknyga.lt\/produktas\/krsna-auksciausiasis-dievo-asmuo-i-tomas\/#primaryimage\",\"url\":\"https:\/\/skaitytaknyga.lt\/wp-content\/uploads\/2025\/02\/Krsna.-Auksciausiasis-Dievo-asmuo-I-tomas.webp\",\"contentUrl\":\"https:\/\/skaitytaknyga.lt\/wp-content\/uploads\/2025\/02\/Krsna.-Auksciausiasis-Dievo-asmuo-I-tomas.webp\",\"width\":517,\"height\":800,\"caption\":\"Krsna. Auk\u0161\u010diausiasis Dievo asmuo I tomas\"},{\"@type\":\"BreadcrumbList\",\"@id\":\"https:\/\/skaitytaknyga.lt\/produktas\/krsna-auksciausiasis-dievo-asmuo-i-tomas\/#breadcrumb\",\"itemListElement\":[{\"@type\":\"ListItem\",\"position\":1,\"name\":\"Home\",\"item\":\"https:\/\/skaitytaknyga.lt\/\"},{\"@type\":\"ListItem\",\"position\":2,\"name\":\"Parduotuv\u0117\",\"item\":\"https:\/\/skaitytaknyga.lt\/knygu-parduotuve\/\"},{\"@type\":\"ListItem\",\"position\":3,\"name\":\"Krsna. Auk\u0161\u010diausiasis Dievo asmuo I tomas\"}]},{\"@type\":\"WebSite\",\"@id\":\"https:\/\/skaitytaknyga.lt\/#website\",\"url\":\"https:\/\/skaitytaknyga.lt\/\",\"name\":\"skaitytaknyga.lt\",\"description\":\"Skaitytaknyga.lt \u2013 tai ma\u017eas \u0161eimos verslas, kuris prasid\u0117jo nuo meil\u0117s knygoms ir siekio i\u0161gelb\u0117ti knygas nuo likimo prie konteinerio. Kas vienam nereikalingas daiktas \u2013 kitam lobis, o mes esame tarpininkai, kurie padeda abiems tapti laimingesniems ???? \u017dinome kaip nelengva i\u0161gyventi ma\u017eiems verslams, tad nuo \u0161iol, \u010dia rasite ir kit\u0173, ma\u017e\u0173 \u0161eim\u0173 versl\u0173, rank\u0173 darbo, dovan\u0173 sau ir artimiesiems.\",\"publisher\":{\"@id\":\"https:\/\/skaitytaknyga.lt\/#organization\"},\"potentialAction\":[{\"@type\":\"SearchAction\",\"target\":{\"@type\":\"EntryPoint\",\"urlTemplate\":\"https:\/\/skaitytaknyga.lt\/?s={search_term_string}\"},\"query-input\":{\"@type\":\"PropertyValueSpecification\",\"valueRequired\":true,\"valueName\":\"search_term_string\"}}],\"inLanguage\":\"en-GB\"},{\"@type\":\"Organization\",\"@id\":\"https:\/\/skaitytaknyga.lt\/#organization\",\"name\":\"skaitytaknyga.lt\",\"url\":\"https:\/\/skaitytaknyga.lt\/\",\"logo\":{\"@type\":\"ImageObject\",\"inLanguage\":\"en-GB\",\"@id\":\"https:\/\/skaitytaknyga.lt\/#\/schema\/logo\/image\/\",\"url\":\"https:\/\/skaitytaknyga.lt\/wp-content\/uploads\/2024\/05\/cropped-cropped-cropped-02_00843_jt3bggkj1j3HLc7SyY6rEUpg.jpeg\",\"contentUrl\":\"https:\/\/skaitytaknyga.lt\/wp-content\/uploads\/2024\/05\/cropped-cropped-cropped-02_00843_jt3bggkj1j3HLc7SyY6rEUpg.jpeg\",\"width\":1600,\"height\":1600,\"caption\":\"skaitytaknyga.lt\"},\"image\":{\"@id\":\"https:\/\/skaitytaknyga.lt\/#\/schema\/logo\/image\/\"},\"sameAs\":[\"https:\/\/www.facebook.com\/skaitytaknyga\/\"]}]}<\/script>\n<!-- \/ Yoast SEO plugin. -->","yoast_head_json":{"title":"Krsna. Auk\u0161\u010diausiasis Dievo asmuo I tomas","description":"Pra\u0117jusi\u0105 epoch\u0105 Krsna Pats nu\u017eeng\u0117 i\u0161 transcendentinio pasaulio ir aprei\u0161k\u0117 \u017eem\u0117je savo am\u017einuosius \u017eaidimus. Knyga \u201eKrsna. Auk\u0161\u010diausiasis Dievo asmuo\u201c \u2013","robots":{"index":"index","follow":"follow","max-snippet":"max-snippet:-1","max-image-preview":"max-image-preview:large","max-video-preview":"max-video-preview:-1"},"canonical":"https:\/\/skaitytaknyga.lt\/en\/produktas\/krsna-auksciausiasis-dievo-asmuo-i-tomas\/","og_locale":"en_GB","og_type":"article","og_title":"[:lt]Krsna. Auk\u0161\u010diausiasis Dievo asmuo I tomas[:] - Skaitytaknyga","og_description":"Pra\u0117jusi\u0105 epoch\u0105 Krsna Pats nu\u017eeng\u0117 i\u0161 transcendentinio pasaulio ir aprei\u0161k\u0117 \u017eem\u0117je savo am\u017einuosius \u017eaidimus. Knyga \u201eKrsna. Auk\u0161\u010diausiasis Dievo asmuo\u201c \u2013","og_url":"https:\/\/skaitytaknyga.lt\/en\/produktas\/krsna-auksciausiasis-dievo-asmuo-i-tomas\/","og_site_name":"Skaitytaknyga","article_publisher":"https:\/\/www.facebook.com\/skaitytaknyga\/","article_modified_time":"2025-02-02T10:17:36+00:00","og_image":[{"width":517,"height":800,"url":"https:\/\/skaitytaknyga.lt\/wp-content\/uploads\/2025\/02\/Krsna.-Auksciausiasis-Dievo-asmuo-I-tomas.webp","type":"image\/webp"}],"twitter_card":"summary_large_image","twitter_misc":{"Estimated reading time":"1 minute"},"schema":{"@context":"https:\/\/schema.org","@graph":[{"@type":"WebPage","@id":"https:\/\/skaitytaknyga.lt\/produktas\/krsna-auksciausiasis-dievo-asmuo-i-tomas\/","url":"https:\/\/skaitytaknyga.lt\/produktas\/krsna-auksciausiasis-dievo-asmuo-i-tomas\/","name":"Krsna. Auk\u0161\u010diausiasis Dievo asmuo I tomas","isPartOf":{"@id":"https:\/\/skaitytaknyga.lt\/#website"},"primaryImageOfPage":{"@id":"https:\/\/skaitytaknyga.lt\/produktas\/krsna-auksciausiasis-dievo-asmuo-i-tomas\/#primaryimage"},"image":{"@id":"https:\/\/skaitytaknyga.lt\/produktas\/krsna-auksciausiasis-dievo-asmuo-i-tomas\/#primaryimage"},"thumbnailUrl":"https:\/\/skaitytaknyga.lt\/wp-content\/uploads\/2025\/02\/Krsna.-Auksciausiasis-Dievo-asmuo-I-tomas.webp","datePublished":"2025-02-02T10:12:58+00:00","dateModified":"2025-02-02T10:17:36+00:00","description":"Pra\u0117jusi\u0105 epoch\u0105 Krsna Pats nu\u017eeng\u0117 i\u0161 transcendentinio pasaulio ir aprei\u0161k\u0117 \u017eem\u0117je savo am\u017einuosius \u017eaidimus. Knyga \u201eKrsna. Auk\u0161\u010diausiasis Dievo asmuo\u201c \u2013","breadcrumb":{"@id":"https:\/\/skaitytaknyga.lt\/produktas\/krsna-auksciausiasis-dievo-asmuo-i-tomas\/#breadcrumb"},"inLanguage":"en-GB","potentialAction":[{"@type":"ReadAction","target":["https:\/\/skaitytaknyga.lt\/produktas\/krsna-auksciausiasis-dievo-asmuo-i-tomas\/"]}]},{"@type":"ImageObject","inLanguage":"en-GB","@id":"https:\/\/skaitytaknyga.lt\/produktas\/krsna-auksciausiasis-dievo-asmuo-i-tomas\/#primaryimage","url":"https:\/\/skaitytaknyga.lt\/wp-content\/uploads\/2025\/02\/Krsna.-Auksciausiasis-Dievo-asmuo-I-tomas.webp","contentUrl":"https:\/\/skaitytaknyga.lt\/wp-content\/uploads\/2025\/02\/Krsna.-Auksciausiasis-Dievo-asmuo-I-tomas.webp","width":517,"height":800,"caption":"Krsna. Auk\u0161\u010diausiasis Dievo asmuo I tomas"},{"@type":"BreadcrumbList","@id":"https:\/\/skaitytaknyga.lt\/produktas\/krsna-auksciausiasis-dievo-asmuo-i-tomas\/#breadcrumb","itemListElement":[{"@type":"ListItem","position":1,"name":"Home","item":"https:\/\/skaitytaknyga.lt\/"},{"@type":"ListItem","position":2,"name":"Parduotuv\u0117","item":"https:\/\/skaitytaknyga.lt\/knygu-parduotuve\/"},{"@type":"ListItem","position":3,"name":"Krsna. Auk\u0161\u010diausiasis Dievo asmuo I tomas"}]},{"@type":"WebSite","@id":"https:\/\/skaitytaknyga.lt\/#website","url":"https:\/\/skaitytaknyga.lt\/","name":"skaitytaknyga.lt","description":"Skaitytaknyga.lt \u2013 tai ma\u017eas \u0161eimos verslas, kuris prasid\u0117jo nuo meil\u0117s knygoms ir siekio i\u0161gelb\u0117ti knygas nuo likimo prie konteinerio. Kas vienam nereikalingas daiktas \u2013 kitam lobis, o mes esame tarpininkai, kurie padeda abiems tapti laimingesniems ???? \u017dinome kaip nelengva i\u0161gyventi ma\u017eiems verslams, tad nuo \u0161iol, \u010dia rasite ir kit\u0173, ma\u017e\u0173 \u0161eim\u0173 versl\u0173, rank\u0173 darbo, dovan\u0173 sau ir artimiesiems.","publisher":{"@id":"https:\/\/skaitytaknyga.lt\/#organization"},"potentialAction":[{"@type":"SearchAction","target":{"@type":"EntryPoint","urlTemplate":"https:\/\/skaitytaknyga.lt\/?s={search_term_string}"},"query-input":{"@type":"PropertyValueSpecification","valueRequired":true,"valueName":"search_term_string"}}],"inLanguage":"en-GB"},{"@type":"Organization","@id":"https:\/\/skaitytaknyga.lt\/#organization","name":"skaitytaknyga.lt","url":"https:\/\/skaitytaknyga.lt\/","logo":{"@type":"ImageObject","inLanguage":"en-GB","@id":"https:\/\/skaitytaknyga.lt\/#\/schema\/logo\/image\/","url":"https:\/\/skaitytaknyga.lt\/wp-content\/uploads\/2024\/05\/cropped-cropped-cropped-02_00843_jt3bggkj1j3HLc7SyY6rEUpg.jpeg","contentUrl":"https:\/\/skaitytaknyga.lt\/wp-content\/uploads\/2024\/05\/cropped-cropped-cropped-02_00843_jt3bggkj1j3HLc7SyY6rEUpg.jpeg","width":1600,"height":1600,"caption":"skaitytaknyga.lt"},"image":{"@id":"https:\/\/skaitytaknyga.lt\/#\/schema\/logo\/image\/"},"sameAs":["https:\/\/www.facebook.com\/skaitytaknyga\/"]}]}},"_links":{"self":[{"href":"https:\/\/skaitytaknyga.lt\/en\/wp-json\/wp\/v2\/product\/16531","targetHints":{"allow":["GET"]}}],"collection":[{"href":"https:\/\/skaitytaknyga.lt\/en\/wp-json\/wp\/v2\/product"}],"about":[{"href":"https:\/\/skaitytaknyga.lt\/en\/wp-json\/wp\/v2\/types\/product"}],"replies":[{"embeddable":true,"href":"https:\/\/skaitytaknyga.lt\/en\/wp-json\/wp\/v2\/comments?post=16531"}],"wp:featuredmedia":[{"embeddable":true,"href":"https:\/\/skaitytaknyga.lt\/en\/wp-json\/wp\/v2\/media\/16533"}],"wp:attachment":[{"href":"https:\/\/skaitytaknyga.lt\/en\/wp-json\/wp\/v2\/media?parent=16531"}],"wp:term":[{"taxonomy":"product_brand","embeddable":true,"href":"https:\/\/skaitytaknyga.lt\/en\/wp-json\/wp\/v2\/product_brand?post=16531"},{"taxonomy":"product_cat","embeddable":true,"href":"https:\/\/skaitytaknyga.lt\/en\/wp-json\/wp\/v2\/product_cat?post=16531"},{"taxonomy":"product_tag","embeddable":true,"href":"https:\/\/skaitytaknyga.lt\/en\/wp-json\/wp\/v2\/product_tag?post=16531"}],"curies":[{"name":"wp","href":"https:\/\/api.w.org\/{rel}","templated":true}]}}