{"id":16519,"date":"2025-02-02T11:41:10","date_gmt":"2025-02-02T09:41:10","guid":{"rendered":"https:\/\/skaitytaknyga.lt\/?post_type=product&#038;p=16519"},"modified":"2025-02-02T11:41:52","modified_gmt":"2025-02-02T09:41:52","slug":"dharma-transcendencijos-kelias","status":"publish","type":"product","link":"https:\/\/skaitytaknyga.lt\/en\/produktas\/dharma-transcendencijos-kelias\/","title":{"rendered":"Dharma. Transcendencijos kelias"},"content":{"rendered":"<p>\u0160ios knygos autorius yra pasaulio religijos \u017einov\u0173 ir dvasini\u0173 lyderi\u0173 \u017eymiausiu naujausi\u0173 laik\u0173 Indijos kult\u016bros tradicij\u0173 ir filosofijs mokytoju pripa\u017e\u012fstamas Jo Dievi\u0161koji Kilnyb\u0117 A.C Bhaktivedanta Svamis Prabhupada.<\/p>\n<div>\u0160i knyga atsako \u012f svarbiausius klausimus, kuriuos visais laikais k\u0117l\u0117 m\u0105stantys \u017emon\u0117s: \u201eKas a\u0161 esu? Kokie mano svarbiausi poreikiai? Kaip galiu juos patenkinti?\u201c<\/p>\n<p>\u0160rila Prabhupada ra\u0161o: \u201eK\u016bnas ir protas \u2013 tai pertekliniai i\u0161oriniai am\u017einos sielos dangalai. Tenkinami turi b\u016bti am\u017einos sielos poreikiai.<\/p><\/div>\n<p>Am\u017einos sielos poreikis \u2013 i\u0161tr\u016bkti i\u0161 ank\u0161to materijos narvo ir tokiu b\u016bdu \u012fgyvendinti savo nor\u0105 d\u017eiaugtis visi\u0161ka laisve. Siela nori i\u0161siver\u017eti pro aklin\u0105 did\u017eiosios visatos luob\u0105 ir i\u0161vysti netemdom\u0105 \u0161vies\u0105 ir dvasi\u0105.\u201c<\/p>\n<p>Skaitykite \u0161i\u0105 knyg\u0105 ir su\u017einosite, kas yra netemdoma \u0161viesa ir dvasia ir kaip jas pamatyti savo akimis.<\/p>\n<ul class=\"about-product d-none d-xl-block mt-4\">\n<li><strong>Originalus pavadinimas:<\/strong>\u00a0Dharma, the Way of Transcendence<\/li>\n<li><strong>Leid\u0117jas:<\/strong>\u00a0The Bhaktivedanta Book Trust<\/li>\n<li><strong>Metai:<\/strong>\u00a02000<\/li>\n<li><strong>Puslapiai:<\/strong>\u00a0122<\/li>\n<li class=\"toggleable type-new-formats \"><strong>ISBN:<\/strong>\u00a09789171496492<\/li>\n<li class=\"toggleable type-new-formats \"><strong>Formatas:<\/strong>\u00a012,5 x 19 cm, mink\u0161ti vir\u0161eliai<\/li>\n<li><strong>Kalba:<\/strong>\u00a0Lietuvi\u0173<\/li>\n<\/ul>\n","protected":false},"excerpt":{"rendered":"<p>\u0160ios knygos autorius yra pasaulio religijos \u017einov\u0173 ir dvasini\u0173 lyderi\u0173 \u017eymiausiu naujausi\u0173 laik\u0173 Indijos kult\u016bros tradicij\u0173 ir filosofijs mokytoju pripa\u017e\u012fstamas Jo Dievi\u0161koji Kilnyb\u0117 A.C Bhaktivedanta Svamis Prabhupada. \u0160i knyga atsako \u012f svarbiausius klausimus, kuriuos visais laikais k\u0117l\u0117 m\u0105stantys \u017emon\u0117s: \u201eKas a\u0161 esu? Kokie mano svarbiausi poreikiai? Kaip galiu juos patenkinti?\u201c \u0160rila Prabhupada ra\u0161o: \u201eK\u016bnas ir protas \u2013 tai pertekliniai i\u0161oriniai am\u017einos sielos dangalai. Tenkinami turi b\u016bti am\u017einos sielos poreikiai. Am\u017einos sielos poreikis \u2013 i\u0161tr\u016bkti i\u0161 ank\u0161to materijos narvo ir tokiu b\u016bdu \u012fgyvendinti savo nor\u0105 d\u017eiaugtis visi\u0161ka laisve. Siela nori i\u0161siver\u017eti pro aklin\u0105 did\u017eiosios visatos luob\u0105 ir i\u0161vysti netemdom\u0105 \u0161vies\u0105 ir dvasi\u0105.\u201c Skaitykite \u0161i\u0105 knyg\u0105 ir su\u017einosite, kas yra netemdoma \u0161viesa ir dvasia ir kaip jas pamatyti savo akimis. Originalus pavadinimas:\u00a0Dharma, the Way of Transcendence Leid\u0117jas:\u00a0The Bhaktivedanta Book Trust Metai:\u00a02000 Puslapiai:\u00a0122 ISBN:\u00a09789171496492 Formatas:\u00a012,5 x 19 cm, mink\u0161ti vir\u0161eliai Kalba:\u00a0Lietuvi\u0173<\/p>\n","protected":false},"featured_media":16520,"comment_status":"open","ping_status":"closed","template":"","meta":{"_acf_changed":false,"site-sidebar-layout":"default","site-content-layout":"","ast-site-content-layout":"default","site-content-style":"default","site-sidebar-style":"default","ast-global-header-display":"","ast-banner-title-visibility":"","ast-main-header-display":"","ast-hfb-above-header-display":"","ast-hfb-below-header-display":"","ast-hfb-mobile-header-display":"","site-post-title":"","ast-breadcrumbs-content":"","ast-featured-img":"","footer-sml-layout":"","ast-disable-related-posts":"","theme-transparent-header-meta":"default","adv-header-id-meta":"","stick-header-meta":"","header-above-stick-meta":"","header-main-stick-meta":"","header-below-stick-meta":"","astra-migrate-meta-layouts":"set","ast-page-background-enabled":"default","ast-page-background-meta":{"desktop":{"background-color":"","background-image":"","background-repeat":"repeat","background-position":"center center","background-size":"auto","background-attachment":"scroll","background-type":"","background-media":"","overlay-type":"","overlay-color":"","overlay-opacity":"","overlay-gradient":""},"tablet":{"background-color":"","background-image":"","background-repeat":"repeat","background-position":"center center","background-size":"auto","background-attachment":"scroll","background-type":"","background-media":"","overlay-type":"","overlay-color":"","overlay-opacity":"","overlay-gradient":""},"mobile":{"background-color":"","background-image":"","background-repeat":"repeat","background-position":"center center","background-size":"auto","background-attachment":"scroll","background-type":"","background-media":"","overlay-type":"","overlay-color":"","overlay-opacity":"","overlay-gradient":""}},"ast-content-background-meta":{"desktop":{"background-color":"var(--ast-global-color-4)","background-image":"","background-repeat":"repeat","background-position":"center center","background-size":"auto","background-attachment":"scroll","background-type":"","background-media":"","overlay-type":"","overlay-color":"","overlay-opacity":"","overlay-gradient":""},"tablet":{"background-color":"var(--ast-global-color-4)","background-image":"","background-repeat":"repeat","background-position":"center center","background-size":"auto","background-attachment":"scroll","background-type":"","background-media":"","overlay-type":"","overlay-color":"","overlay-opacity":"","overlay-gradient":""},"mobile":{"background-color":"var(--ast-global-color-4)","background-image":"","background-repeat":"repeat","background-position":"center center","background-size":"auto","background-attachment":"scroll","background-type":"","background-media":"","overlay-type":"","overlay-color":"","overlay-opacity":"","overlay-gradient":""}}},"product_brand":[],"product_cat":[15,30],"product_tag":[],"class_list":{"0":"post-16519","1":"product","2":"type-product","3":"status-publish","4":"has-post-thumbnail","6":"product_cat-uncategorized","7":"product_cat-psichologija-ir-saviugda","8":"desktop-align-left","9":"tablet-align-left","10":"mobile-align-left","12":"first","13":"instock","14":"shipping-taxable","15":"purchasable","16":"product-type-simple"},"acf":[],"yoast_head":"<!-- This site is optimized with the Yoast SEO plugin v27.0 - https:\/\/yoast.com\/product\/yoast-seo-wordpress\/ -->\n<title>Dharma. Transcendencijos kelias<\/title>\n<meta name=\"description\" content=\"\u0160ios knygos autorius yra pasaulio religijos \u017einov\u0173 ir dvasini\u0173 lyderi\u0173 \u017eymiausiu naujausi\u0173 laik\u0173 Indijos kult\u016bros tradicij\u0173 ir filosofijs mokytoju\" \/>\n<meta name=\"robots\" content=\"index, follow, max-snippet:-1, max-image-preview:large, max-video-preview:-1\" \/>\n<link rel=\"canonical\" href=\"https:\/\/skaitytaknyga.lt\/en\/produktas\/dharma-transcendencijos-kelias\/\" \/>\n<meta property=\"og:locale\" content=\"en_GB\" \/>\n<meta property=\"og:locale:alternate\" content=\"lt_LT\" \/>\n<meta property=\"og:type\" content=\"article\" \/>\n<meta property=\"og:title\" content=\"Dharma. Transcendencijos kelias\" \/>\n<meta property=\"og:description\" content=\"\u0160ios knygos autorius yra pasaulio religijos \u017einov\u0173 ir dvasini\u0173 lyderi\u0173 \u017eymiausiu naujausi\u0173 laik\u0173 Indijos kult\u016bros tradicij\u0173 ir filosofijs mokytoju\" \/>\n<meta property=\"og:url\" content=\"https:\/\/skaitytaknyga.lt\/en\/produktas\/dharma-transcendencijos-kelias\/\" \/>\n<meta property=\"og:site_name\" content=\"Skaitytaknyga\" \/>\n<meta property=\"article:publisher\" content=\"https:\/\/www.facebook.com\/skaitytaknyga\/\" \/>\n<meta property=\"article:modified_time\" content=\"2025-02-02T09:41:52+00:00\" \/>\n<meta property=\"og:image\" content=\"https:\/\/skaitytaknyga.lt\/wp-content\/uploads\/2025\/02\/Dharma.-Transcendencijos-kelias.webp\" \/>\n\t<meta property=\"og:image:width\" content=\"518\" \/>\n\t<meta property=\"og:image:height\" content=\"800\" \/>\n\t<meta property=\"og:image:type\" content=\"image\/webp\" \/>\n<meta name=\"twitter:card\" content=\"summary_large_image\" \/>\n<meta name=\"twitter:label1\" content=\"Estimated reading time\" \/>\n\t<meta name=\"twitter:data1\" content=\"1 minute\" \/>\n<script type=\"application\/ld+json\" class=\"yoast-schema-graph\">{\"@context\":\"https:\/\/schema.org\",\"@graph\":[{\"@type\":\"WebPage\",\"@id\":\"https:\/\/skaitytaknyga.lt\/produktas\/dharma-transcendencijos-kelias\/\",\"url\":\"https:\/\/skaitytaknyga.lt\/produktas\/dharma-transcendencijos-kelias\/\",\"name\":\"Dharma. Transcendencijos kelias\",\"isPartOf\":{\"@id\":\"https:\/\/skaitytaknyga.lt\/#website\"},\"primaryImageOfPage\":{\"@id\":\"https:\/\/skaitytaknyga.lt\/produktas\/dharma-transcendencijos-kelias\/#primaryimage\"},\"image\":{\"@id\":\"https:\/\/skaitytaknyga.lt\/produktas\/dharma-transcendencijos-kelias\/#primaryimage\"},\"thumbnailUrl\":\"https:\/\/skaitytaknyga.lt\/wp-content\/uploads\/2025\/02\/Dharma.-Transcendencijos-kelias.webp\",\"datePublished\":\"2025-02-02T09:41:10+00:00\",\"dateModified\":\"2025-02-02T09:41:52+00:00\",\"description\":\"\u0160ios knygos autorius yra pasaulio religijos \u017einov\u0173 ir dvasini\u0173 lyderi\u0173 \u017eymiausiu naujausi\u0173 laik\u0173 Indijos kult\u016bros tradicij\u0173 ir filosofijs mokytoju\",\"breadcrumb\":{\"@id\":\"https:\/\/skaitytaknyga.lt\/produktas\/dharma-transcendencijos-kelias\/#breadcrumb\"},\"inLanguage\":\"en-GB\",\"potentialAction\":[{\"@type\":\"ReadAction\",\"target\":[\"https:\/\/skaitytaknyga.lt\/produktas\/dharma-transcendencijos-kelias\/\"]}]},{\"@type\":\"ImageObject\",\"inLanguage\":\"en-GB\",\"@id\":\"https:\/\/skaitytaknyga.lt\/produktas\/dharma-transcendencijos-kelias\/#primaryimage\",\"url\":\"https:\/\/skaitytaknyga.lt\/wp-content\/uploads\/2025\/02\/Dharma.-Transcendencijos-kelias.webp\",\"contentUrl\":\"https:\/\/skaitytaknyga.lt\/wp-content\/uploads\/2025\/02\/Dharma.-Transcendencijos-kelias.webp\",\"width\":518,\"height\":800,\"caption\":\"Dharma. Transcendencijos kelias\"},{\"@type\":\"BreadcrumbList\",\"@id\":\"https:\/\/skaitytaknyga.lt\/produktas\/dharma-transcendencijos-kelias\/#breadcrumb\",\"itemListElement\":[{\"@type\":\"ListItem\",\"position\":1,\"name\":\"Home\",\"item\":\"https:\/\/skaitytaknyga.lt\/\"},{\"@type\":\"ListItem\",\"position\":2,\"name\":\"Parduotuv\u0117\",\"item\":\"https:\/\/skaitytaknyga.lt\/knygu-parduotuve\/\"},{\"@type\":\"ListItem\",\"position\":3,\"name\":\"Dharma. Transcendencijos kelias\"}]},{\"@type\":\"WebSite\",\"@id\":\"https:\/\/skaitytaknyga.lt\/#website\",\"url\":\"https:\/\/skaitytaknyga.lt\/\",\"name\":\"skaitytaknyga.lt\",\"description\":\"Skaitytaknyga.lt \u2013 tai ma\u017eas \u0161eimos verslas, kuris prasid\u0117jo nuo meil\u0117s knygoms ir siekio i\u0161gelb\u0117ti knygas nuo likimo prie konteinerio. Kas vienam nereikalingas daiktas \u2013 kitam lobis, o mes esame tarpininkai, kurie padeda abiems tapti laimingesniems ???? \u017dinome kaip nelengva i\u0161gyventi ma\u017eiems verslams, tad nuo \u0161iol, \u010dia rasite ir kit\u0173, ma\u017e\u0173 \u0161eim\u0173 versl\u0173, rank\u0173 darbo, dovan\u0173 sau ir artimiesiems.\",\"publisher\":{\"@id\":\"https:\/\/skaitytaknyga.lt\/#organization\"},\"potentialAction\":[{\"@type\":\"SearchAction\",\"target\":{\"@type\":\"EntryPoint\",\"urlTemplate\":\"https:\/\/skaitytaknyga.lt\/?s={search_term_string}\"},\"query-input\":{\"@type\":\"PropertyValueSpecification\",\"valueRequired\":true,\"valueName\":\"search_term_string\"}}],\"inLanguage\":\"en-GB\"},{\"@type\":\"Organization\",\"@id\":\"https:\/\/skaitytaknyga.lt\/#organization\",\"name\":\"skaitytaknyga.lt\",\"url\":\"https:\/\/skaitytaknyga.lt\/\",\"logo\":{\"@type\":\"ImageObject\",\"inLanguage\":\"en-GB\",\"@id\":\"https:\/\/skaitytaknyga.lt\/#\/schema\/logo\/image\/\",\"url\":\"https:\/\/skaitytaknyga.lt\/wp-content\/uploads\/2024\/05\/cropped-cropped-cropped-02_00843_jt3bggkj1j3HLc7SyY6rEUpg.jpeg\",\"contentUrl\":\"https:\/\/skaitytaknyga.lt\/wp-content\/uploads\/2024\/05\/cropped-cropped-cropped-02_00843_jt3bggkj1j3HLc7SyY6rEUpg.jpeg\",\"width\":1600,\"height\":1600,\"caption\":\"skaitytaknyga.lt\"},\"image\":{\"@id\":\"https:\/\/skaitytaknyga.lt\/#\/schema\/logo\/image\/\"},\"sameAs\":[\"https:\/\/www.facebook.com\/skaitytaknyga\/\"]}]}<\/script>\n<!-- \/ Yoast SEO plugin. -->","yoast_head_json":{"title":"Dharma. Transcendencijos kelias","description":"\u0160ios knygos autorius yra pasaulio religijos \u017einov\u0173 ir dvasini\u0173 lyderi\u0173 \u017eymiausiu naujausi\u0173 laik\u0173 Indijos kult\u016bros tradicij\u0173 ir filosofijs mokytoju","robots":{"index":"index","follow":"follow","max-snippet":"max-snippet:-1","max-image-preview":"max-image-preview:large","max-video-preview":"max-video-preview:-1"},"canonical":"https:\/\/skaitytaknyga.lt\/en\/produktas\/dharma-transcendencijos-kelias\/","og_locale":"en_GB","og_type":"article","og_title":"[:lt]Dharma. Transcendencijos kelias[:] - Skaitytaknyga","og_description":"\u0160ios knygos autorius yra pasaulio religijos \u017einov\u0173 ir dvasini\u0173 lyderi\u0173 \u017eymiausiu naujausi\u0173 laik\u0173 Indijos kult\u016bros tradicij\u0173 ir filosofijs mokytoju","og_url":"https:\/\/skaitytaknyga.lt\/en\/produktas\/dharma-transcendencijos-kelias\/","og_site_name":"Skaitytaknyga","article_publisher":"https:\/\/www.facebook.com\/skaitytaknyga\/","article_modified_time":"2025-02-02T09:41:52+00:00","og_image":[{"width":518,"height":800,"url":"https:\/\/skaitytaknyga.lt\/wp-content\/uploads\/2025\/02\/Dharma.-Transcendencijos-kelias.webp","type":"image\/webp"}],"twitter_card":"summary_large_image","twitter_misc":{"Estimated reading time":"1 minute"},"schema":{"@context":"https:\/\/schema.org","@graph":[{"@type":"WebPage","@id":"https:\/\/skaitytaknyga.lt\/produktas\/dharma-transcendencijos-kelias\/","url":"https:\/\/skaitytaknyga.lt\/produktas\/dharma-transcendencijos-kelias\/","name":"Dharma. Transcendencijos kelias","isPartOf":{"@id":"https:\/\/skaitytaknyga.lt\/#website"},"primaryImageOfPage":{"@id":"https:\/\/skaitytaknyga.lt\/produktas\/dharma-transcendencijos-kelias\/#primaryimage"},"image":{"@id":"https:\/\/skaitytaknyga.lt\/produktas\/dharma-transcendencijos-kelias\/#primaryimage"},"thumbnailUrl":"https:\/\/skaitytaknyga.lt\/wp-content\/uploads\/2025\/02\/Dharma.-Transcendencijos-kelias.webp","datePublished":"2025-02-02T09:41:10+00:00","dateModified":"2025-02-02T09:41:52+00:00","description":"\u0160ios knygos autorius yra pasaulio religijos \u017einov\u0173 ir dvasini\u0173 lyderi\u0173 \u017eymiausiu naujausi\u0173 laik\u0173 Indijos kult\u016bros tradicij\u0173 ir filosofijs mokytoju","breadcrumb":{"@id":"https:\/\/skaitytaknyga.lt\/produktas\/dharma-transcendencijos-kelias\/#breadcrumb"},"inLanguage":"en-GB","potentialAction":[{"@type":"ReadAction","target":["https:\/\/skaitytaknyga.lt\/produktas\/dharma-transcendencijos-kelias\/"]}]},{"@type":"ImageObject","inLanguage":"en-GB","@id":"https:\/\/skaitytaknyga.lt\/produktas\/dharma-transcendencijos-kelias\/#primaryimage","url":"https:\/\/skaitytaknyga.lt\/wp-content\/uploads\/2025\/02\/Dharma.-Transcendencijos-kelias.webp","contentUrl":"https:\/\/skaitytaknyga.lt\/wp-content\/uploads\/2025\/02\/Dharma.-Transcendencijos-kelias.webp","width":518,"height":800,"caption":"Dharma. Transcendencijos kelias"},{"@type":"BreadcrumbList","@id":"https:\/\/skaitytaknyga.lt\/produktas\/dharma-transcendencijos-kelias\/#breadcrumb","itemListElement":[{"@type":"ListItem","position":1,"name":"Home","item":"https:\/\/skaitytaknyga.lt\/"},{"@type":"ListItem","position":2,"name":"Parduotuv\u0117","item":"https:\/\/skaitytaknyga.lt\/knygu-parduotuve\/"},{"@type":"ListItem","position":3,"name":"Dharma. Transcendencijos kelias"}]},{"@type":"WebSite","@id":"https:\/\/skaitytaknyga.lt\/#website","url":"https:\/\/skaitytaknyga.lt\/","name":"skaitytaknyga.lt","description":"Skaitytaknyga.lt \u2013 tai ma\u017eas \u0161eimos verslas, kuris prasid\u0117jo nuo meil\u0117s knygoms ir siekio i\u0161gelb\u0117ti knygas nuo likimo prie konteinerio. Kas vienam nereikalingas daiktas \u2013 kitam lobis, o mes esame tarpininkai, kurie padeda abiems tapti laimingesniems ???? \u017dinome kaip nelengva i\u0161gyventi ma\u017eiems verslams, tad nuo \u0161iol, \u010dia rasite ir kit\u0173, ma\u017e\u0173 \u0161eim\u0173 versl\u0173, rank\u0173 darbo, dovan\u0173 sau ir artimiesiems.","publisher":{"@id":"https:\/\/skaitytaknyga.lt\/#organization"},"potentialAction":[{"@type":"SearchAction","target":{"@type":"EntryPoint","urlTemplate":"https:\/\/skaitytaknyga.lt\/?s={search_term_string}"},"query-input":{"@type":"PropertyValueSpecification","valueRequired":true,"valueName":"search_term_string"}}],"inLanguage":"en-GB"},{"@type":"Organization","@id":"https:\/\/skaitytaknyga.lt\/#organization","name":"skaitytaknyga.lt","url":"https:\/\/skaitytaknyga.lt\/","logo":{"@type":"ImageObject","inLanguage":"en-GB","@id":"https:\/\/skaitytaknyga.lt\/#\/schema\/logo\/image\/","url":"https:\/\/skaitytaknyga.lt\/wp-content\/uploads\/2024\/05\/cropped-cropped-cropped-02_00843_jt3bggkj1j3HLc7SyY6rEUpg.jpeg","contentUrl":"https:\/\/skaitytaknyga.lt\/wp-content\/uploads\/2024\/05\/cropped-cropped-cropped-02_00843_jt3bggkj1j3HLc7SyY6rEUpg.jpeg","width":1600,"height":1600,"caption":"skaitytaknyga.lt"},"image":{"@id":"https:\/\/skaitytaknyga.lt\/#\/schema\/logo\/image\/"},"sameAs":["https:\/\/www.facebook.com\/skaitytaknyga\/"]}]}},"_links":{"self":[{"href":"https:\/\/skaitytaknyga.lt\/en\/wp-json\/wp\/v2\/product\/16519","targetHints":{"allow":["GET"]}}],"collection":[{"href":"https:\/\/skaitytaknyga.lt\/en\/wp-json\/wp\/v2\/product"}],"about":[{"href":"https:\/\/skaitytaknyga.lt\/en\/wp-json\/wp\/v2\/types\/product"}],"replies":[{"embeddable":true,"href":"https:\/\/skaitytaknyga.lt\/en\/wp-json\/wp\/v2\/comments?post=16519"}],"wp:featuredmedia":[{"embeddable":true,"href":"https:\/\/skaitytaknyga.lt\/en\/wp-json\/wp\/v2\/media\/16520"}],"wp:attachment":[{"href":"https:\/\/skaitytaknyga.lt\/en\/wp-json\/wp\/v2\/media?parent=16519"}],"wp:term":[{"taxonomy":"product_brand","embeddable":true,"href":"https:\/\/skaitytaknyga.lt\/en\/wp-json\/wp\/v2\/product_brand?post=16519"},{"taxonomy":"product_cat","embeddable":true,"href":"https:\/\/skaitytaknyga.lt\/en\/wp-json\/wp\/v2\/product_cat?post=16519"},{"taxonomy":"product_tag","embeddable":true,"href":"https:\/\/skaitytaknyga.lt\/en\/wp-json\/wp\/v2\/product_tag?post=16519"}],"curies":[{"name":"wp","href":"https:\/\/api.w.org\/{rel}","templated":true}]}}