{"id":16517,"date":"2025-02-02T11:37:37","date_gmt":"2025-02-02T09:37:37","guid":{"rendered":"https:\/\/skaitytaknyga.lt\/?post_type=product&#038;p=16517"},"modified":"2025-11-21T14:57:07","modified_gmt":"2025-11-21T12:57:07","slug":"automobiliai-lengvieji-lenktyniniai-ju-konstrukcija","status":"publish","type":"product","link":"https:\/\/skaitytaknyga.lt\/en\/produktas\/automobiliai-lengvieji-lenktyniniai-ju-konstrukcija\/","title":{"rendered":"Automobiliai. Lengvieji, lenktyniniai. J\u0173 konstrukcija"},"content":{"rendered":"<p>Kokie buvo pirmieji automobiliai, kiek lenktyniniai automobiliai turi \u017eibint\u0173, keli\u0173 cilindr\u0173 j\u0173 varikliai, kaip konstruojami ir i\u0161bandomi nauji automobiliai \u2013 su\u017einosite perskait\u0119 \u0161i\u0105 knyg\u0105. Ji gausiai ir gra\u017eiai iliustruota.<\/p>\n<p>Skiriama visiems, kurie domisi automobiliais. \u0160i knyga i\u0161leista, padedant garsiausioms automobili\u0173 kompanijoms.<\/p>\n<ul class=\"about-product d-none d-xl-block mt-4\">\n<li><strong>Autorius:<\/strong>\u00a0Clive Gifford<\/li>\n<li><strong>Metai:<\/strong>\u00a01995<\/li>\n<li><strong>Puslapiai:<\/strong>\u00a032<\/li>\n<li class=\"toggleable type-new-formats \"><strong>ISBN:<\/strong>\u00a09986432502<\/li>\n<li class=\"toggleable type-new-formats \"><strong>Formatas:<\/strong>\u00a022,7 x 31 cm, kieti vir\u0161eliai<\/li>\n<li><strong>Kalba:<\/strong>\u00a0Lietuvi\u0173<\/li>\n<li><strong>Vert\u0117jas:<\/strong>\u00a0Giedr\u0117 Sapragonait\u0117<\/li>\n<\/ul>\n","protected":false},"excerpt":{"rendered":"<p>Kokie buvo pirmieji automobiliai, kiek lenktyniniai automobiliai turi \u017eibint\u0173, keli\u0173 cilindr\u0173 j\u0173 varikliai, kaip konstruojami ir i\u0161bandomi nauji automobiliai \u2013 su\u017einosite perskait\u0119 \u0161i\u0105 knyg\u0105. Ji gausiai ir gra\u017eiai iliustruota. Skiriama visiems, kurie domisi automobiliais. \u0160i knyga i\u0161leista, padedant garsiausioms automobili\u0173 kompanijoms. Autorius:\u00a0Clive Gifford Metai:\u00a01995 Puslapiai:\u00a032 ISBN:\u00a09986432502 Formatas:\u00a022,7 x 31 cm, kieti vir\u0161eliai Kalba:\u00a0Lietuvi\u0173 Vert\u0117jas:\u00a0Giedr\u0117 Sapragonait\u0117<\/p>\n","protected":false},"featured_media":16518,"comment_status":"open","ping_status":"closed","template":"","meta":{"_acf_changed":false,"site-sidebar-layout":"default","site-content-layout":"","ast-site-content-layout":"default","site-content-style":"default","site-sidebar-style":"default","ast-global-header-display":"","ast-banner-title-visibility":"","ast-main-header-display":"","ast-hfb-above-header-display":"","ast-hfb-below-header-display":"","ast-hfb-mobile-header-display":"","site-post-title":"","ast-breadcrumbs-content":"","ast-featured-img":"","footer-sml-layout":"","ast-disable-related-posts":"","theme-transparent-header-meta":"default","adv-header-id-meta":"","stick-header-meta":"","header-above-stick-meta":"","header-main-stick-meta":"","header-below-stick-meta":"","astra-migrate-meta-layouts":"set","ast-page-background-enabled":"default","ast-page-background-meta":{"desktop":{"background-color":"","background-image":"","background-repeat":"repeat","background-position":"center center","background-size":"auto","background-attachment":"scroll","background-type":"","background-media":"","overlay-type":"","overlay-color":"","overlay-opacity":"","overlay-gradient":""},"tablet":{"background-color":"","background-image":"","background-repeat":"repeat","background-position":"center center","background-size":"auto","background-attachment":"scroll","background-type":"","background-media":"","overlay-type":"","overlay-color":"","overlay-opacity":"","overlay-gradient":""},"mobile":{"background-color":"","background-image":"","background-repeat":"repeat","background-position":"center center","background-size":"auto","background-attachment":"scroll","background-type":"","background-media":"","overlay-type":"","overlay-color":"","overlay-opacity":"","overlay-gradient":""}},"ast-content-background-meta":{"desktop":{"background-color":"var(--ast-global-color-4)","background-image":"","background-repeat":"repeat","background-position":"center center","background-size":"auto","background-attachment":"scroll","background-type":"","background-media":"","overlay-type":"","overlay-color":"","overlay-opacity":"","overlay-gradient":""},"tablet":{"background-color":"var(--ast-global-color-4)","background-image":"","background-repeat":"repeat","background-position":"center center","background-size":"auto","background-attachment":"scroll","background-type":"","background-media":"","overlay-type":"","overlay-color":"","overlay-opacity":"","overlay-gradient":""},"mobile":{"background-color":"var(--ast-global-color-4)","background-image":"","background-repeat":"repeat","background-position":"center center","background-size":"auto","background-attachment":"scroll","background-type":"","background-media":"","overlay-type":"","overlay-color":"","overlay-opacity":"","overlay-gradient":""}}},"product_brand":[],"product_cat":[15,395],"product_tag":[],"class_list":{"0":"post-16517","1":"product","2":"type-product","3":"status-publish","4":"has-post-thumbnail","6":"product_cat-uncategorized","7":"product_cat-statyba-technika","8":"desktop-align-left","9":"tablet-align-left","10":"mobile-align-left","12":"first","13":"outofstock","14":"shipping-taxable","15":"purchasable","16":"product-type-simple"},"acf":[],"yoast_head":"<!-- This site is optimized with the Yoast SEO plugin v27.0 - https:\/\/yoast.com\/product\/yoast-seo-wordpress\/ -->\n<title>Automobiliai. Lengvieji, lenktyniniai. J\u0173 konstrukcija<\/title>\n<meta name=\"description\" content=\"Kokie buvo pirmieji automobiliai, kiek lenktyniniai automobiliai turi \u017eibint\u0173, keli\u0173 cilindr\u0173 j\u0173 varikliai, kaip konstruojami ir i\u0161bandomi nauji\" \/>\n<meta name=\"robots\" content=\"index, follow, max-snippet:-1, max-image-preview:large, max-video-preview:-1\" \/>\n<link rel=\"canonical\" href=\"https:\/\/skaitytaknyga.lt\/en\/produktas\/automobiliai-lengvieji-lenktyniniai-ju-konstrukcija\/\" \/>\n<meta property=\"og:locale\" content=\"en_GB\" \/>\n<meta property=\"og:locale:alternate\" content=\"lt_LT\" \/>\n<meta property=\"og:type\" content=\"article\" \/>\n<meta property=\"og:title\" content=\"Automobiliai. Lengvieji, lenktyniniai. J\u0173 konstrukcija\" \/>\n<meta property=\"og:description\" content=\"Kokie buvo pirmieji automobiliai, kiek lenktyniniai automobiliai turi \u017eibint\u0173, keli\u0173 cilindr\u0173 j\u0173 varikliai, kaip konstruojami ir i\u0161bandomi nauji\" \/>\n<meta property=\"og:url\" content=\"https:\/\/skaitytaknyga.lt\/en\/produktas\/automobiliai-lengvieji-lenktyniniai-ju-konstrukcija\/\" \/>\n<meta property=\"og:site_name\" content=\"Skaitytaknyga\" \/>\n<meta property=\"article:publisher\" content=\"https:\/\/www.facebook.com\/skaitytaknyga\/\" \/>\n<meta property=\"article:modified_time\" content=\"2025-11-21T12:57:07+00:00\" \/>\n<meta property=\"og:image\" content=\"https:\/\/skaitytaknyga.lt\/wp-content\/uploads\/2025\/02\/Automobiliai.-Lengvieji-lenktyniniai.-Ju-konstrukcija.webp\" \/>\n\t<meta property=\"og:image:width\" content=\"379\" \/>\n\t<meta property=\"og:image:height\" content=\"513\" \/>\n\t<meta property=\"og:image:type\" content=\"image\/webp\" \/>\n<meta name=\"twitter:card\" content=\"summary_large_image\" \/>\n<meta name=\"twitter:label1\" content=\"Estimated reading time\" \/>\n\t<meta name=\"twitter:data1\" content=\"1 minute\" \/>\n<script type=\"application\/ld+json\" class=\"yoast-schema-graph\">{\"@context\":\"https:\/\/schema.org\",\"@graph\":[{\"@type\":\"WebPage\",\"@id\":\"https:\/\/skaitytaknyga.lt\/produktas\/automobiliai-lengvieji-lenktyniniai-ju-konstrukcija\/\",\"url\":\"https:\/\/skaitytaknyga.lt\/produktas\/automobiliai-lengvieji-lenktyniniai-ju-konstrukcija\/\",\"name\":\"Automobiliai. Lengvieji, lenktyniniai. J\u0173 konstrukcija\",\"isPartOf\":{\"@id\":\"https:\/\/skaitytaknyga.lt\/#website\"},\"primaryImageOfPage\":{\"@id\":\"https:\/\/skaitytaknyga.lt\/produktas\/automobiliai-lengvieji-lenktyniniai-ju-konstrukcija\/#primaryimage\"},\"image\":{\"@id\":\"https:\/\/skaitytaknyga.lt\/produktas\/automobiliai-lengvieji-lenktyniniai-ju-konstrukcija\/#primaryimage\"},\"thumbnailUrl\":\"https:\/\/skaitytaknyga.lt\/wp-content\/uploads\/2025\/02\/Automobiliai.-Lengvieji-lenktyniniai.-Ju-konstrukcija.webp\",\"datePublished\":\"2025-02-02T09:37:37+00:00\",\"dateModified\":\"2025-11-21T12:57:07+00:00\",\"description\":\"Kokie buvo pirmieji automobiliai, kiek lenktyniniai automobiliai turi \u017eibint\u0173, keli\u0173 cilindr\u0173 j\u0173 varikliai, kaip konstruojami ir i\u0161bandomi nauji\",\"breadcrumb\":{\"@id\":\"https:\/\/skaitytaknyga.lt\/produktas\/automobiliai-lengvieji-lenktyniniai-ju-konstrukcija\/#breadcrumb\"},\"inLanguage\":\"en-GB\",\"potentialAction\":[{\"@type\":\"ReadAction\",\"target\":[\"https:\/\/skaitytaknyga.lt\/produktas\/automobiliai-lengvieji-lenktyniniai-ju-konstrukcija\/\"]}]},{\"@type\":\"ImageObject\",\"inLanguage\":\"en-GB\",\"@id\":\"https:\/\/skaitytaknyga.lt\/produktas\/automobiliai-lengvieji-lenktyniniai-ju-konstrukcija\/#primaryimage\",\"url\":\"https:\/\/skaitytaknyga.lt\/wp-content\/uploads\/2025\/02\/Automobiliai.-Lengvieji-lenktyniniai.-Ju-konstrukcija.webp\",\"contentUrl\":\"https:\/\/skaitytaknyga.lt\/wp-content\/uploads\/2025\/02\/Automobiliai.-Lengvieji-lenktyniniai.-Ju-konstrukcija.webp\",\"width\":379,\"height\":513,\"caption\":\"Automobiliai. Lengvieji, lenktyniniai. J\u0173 konstrukcija\"},{\"@type\":\"BreadcrumbList\",\"@id\":\"https:\/\/skaitytaknyga.lt\/produktas\/automobiliai-lengvieji-lenktyniniai-ju-konstrukcija\/#breadcrumb\",\"itemListElement\":[{\"@type\":\"ListItem\",\"position\":1,\"name\":\"Home\",\"item\":\"https:\/\/skaitytaknyga.lt\/\"},{\"@type\":\"ListItem\",\"position\":2,\"name\":\"Parduotuv\u0117\",\"item\":\"https:\/\/skaitytaknyga.lt\/knygu-parduotuve\/\"},{\"@type\":\"ListItem\",\"position\":3,\"name\":\"Automobiliai. Lengvieji, lenktyniniai. J\u0173 konstrukcija\"}]},{\"@type\":\"WebSite\",\"@id\":\"https:\/\/skaitytaknyga.lt\/#website\",\"url\":\"https:\/\/skaitytaknyga.lt\/\",\"name\":\"skaitytaknyga.lt\",\"description\":\"Skaitytaknyga.lt \u2013 tai ma\u017eas \u0161eimos verslas, kuris prasid\u0117jo nuo meil\u0117s knygoms ir siekio i\u0161gelb\u0117ti knygas nuo likimo prie konteinerio. Kas vienam nereikalingas daiktas \u2013 kitam lobis, o mes esame tarpininkai, kurie padeda abiems tapti laimingesniems ???? \u017dinome kaip nelengva i\u0161gyventi ma\u017eiems verslams, tad nuo \u0161iol, \u010dia rasite ir kit\u0173, ma\u017e\u0173 \u0161eim\u0173 versl\u0173, rank\u0173 darbo, dovan\u0173 sau ir artimiesiems.\",\"publisher\":{\"@id\":\"https:\/\/skaitytaknyga.lt\/#organization\"},\"potentialAction\":[{\"@type\":\"SearchAction\",\"target\":{\"@type\":\"EntryPoint\",\"urlTemplate\":\"https:\/\/skaitytaknyga.lt\/?s={search_term_string}\"},\"query-input\":{\"@type\":\"PropertyValueSpecification\",\"valueRequired\":true,\"valueName\":\"search_term_string\"}}],\"inLanguage\":\"en-GB\"},{\"@type\":\"Organization\",\"@id\":\"https:\/\/skaitytaknyga.lt\/#organization\",\"name\":\"skaitytaknyga.lt\",\"url\":\"https:\/\/skaitytaknyga.lt\/\",\"logo\":{\"@type\":\"ImageObject\",\"inLanguage\":\"en-GB\",\"@id\":\"https:\/\/skaitytaknyga.lt\/#\/schema\/logo\/image\/\",\"url\":\"https:\/\/skaitytaknyga.lt\/wp-content\/uploads\/2024\/05\/cropped-cropped-cropped-02_00843_jt3bggkj1j3HLc7SyY6rEUpg.jpeg\",\"contentUrl\":\"https:\/\/skaitytaknyga.lt\/wp-content\/uploads\/2024\/05\/cropped-cropped-cropped-02_00843_jt3bggkj1j3HLc7SyY6rEUpg.jpeg\",\"width\":1600,\"height\":1600,\"caption\":\"skaitytaknyga.lt\"},\"image\":{\"@id\":\"https:\/\/skaitytaknyga.lt\/#\/schema\/logo\/image\/\"},\"sameAs\":[\"https:\/\/www.facebook.com\/skaitytaknyga\/\"]}]}<\/script>\n<!-- \/ Yoast SEO plugin. -->","yoast_head_json":{"title":"Automobiliai. Lengvieji, lenktyniniai. J\u0173 konstrukcija","description":"Kokie buvo pirmieji automobiliai, kiek lenktyniniai automobiliai turi \u017eibint\u0173, keli\u0173 cilindr\u0173 j\u0173 varikliai, kaip konstruojami ir i\u0161bandomi nauji","robots":{"index":"index","follow":"follow","max-snippet":"max-snippet:-1","max-image-preview":"max-image-preview:large","max-video-preview":"max-video-preview:-1"},"canonical":"https:\/\/skaitytaknyga.lt\/en\/produktas\/automobiliai-lengvieji-lenktyniniai-ju-konstrukcija\/","og_locale":"en_GB","og_type":"article","og_title":"[:lt]Automobiliai. Lengvieji, lenktyniniai. J\u0173 konstrukcija[:] - Skaitytaknyga","og_description":"Kokie buvo pirmieji automobiliai, kiek lenktyniniai automobiliai turi \u017eibint\u0173, keli\u0173 cilindr\u0173 j\u0173 varikliai, kaip konstruojami ir i\u0161bandomi nauji","og_url":"https:\/\/skaitytaknyga.lt\/en\/produktas\/automobiliai-lengvieji-lenktyniniai-ju-konstrukcija\/","og_site_name":"Skaitytaknyga","article_publisher":"https:\/\/www.facebook.com\/skaitytaknyga\/","article_modified_time":"2025-11-21T12:57:07+00:00","og_image":[{"width":379,"height":513,"url":"https:\/\/skaitytaknyga.lt\/wp-content\/uploads\/2025\/02\/Automobiliai.-Lengvieji-lenktyniniai.-Ju-konstrukcija.webp","type":"image\/webp"}],"twitter_card":"summary_large_image","twitter_misc":{"Estimated reading time":"1 minute"},"schema":{"@context":"https:\/\/schema.org","@graph":[{"@type":"WebPage","@id":"https:\/\/skaitytaknyga.lt\/produktas\/automobiliai-lengvieji-lenktyniniai-ju-konstrukcija\/","url":"https:\/\/skaitytaknyga.lt\/produktas\/automobiliai-lengvieji-lenktyniniai-ju-konstrukcija\/","name":"Automobiliai. Lengvieji, lenktyniniai. J\u0173 konstrukcija","isPartOf":{"@id":"https:\/\/skaitytaknyga.lt\/#website"},"primaryImageOfPage":{"@id":"https:\/\/skaitytaknyga.lt\/produktas\/automobiliai-lengvieji-lenktyniniai-ju-konstrukcija\/#primaryimage"},"image":{"@id":"https:\/\/skaitytaknyga.lt\/produktas\/automobiliai-lengvieji-lenktyniniai-ju-konstrukcija\/#primaryimage"},"thumbnailUrl":"https:\/\/skaitytaknyga.lt\/wp-content\/uploads\/2025\/02\/Automobiliai.-Lengvieji-lenktyniniai.-Ju-konstrukcija.webp","datePublished":"2025-02-02T09:37:37+00:00","dateModified":"2025-11-21T12:57:07+00:00","description":"Kokie buvo pirmieji automobiliai, kiek lenktyniniai automobiliai turi \u017eibint\u0173, keli\u0173 cilindr\u0173 j\u0173 varikliai, kaip konstruojami ir i\u0161bandomi nauji","breadcrumb":{"@id":"https:\/\/skaitytaknyga.lt\/produktas\/automobiliai-lengvieji-lenktyniniai-ju-konstrukcija\/#breadcrumb"},"inLanguage":"en-GB","potentialAction":[{"@type":"ReadAction","target":["https:\/\/skaitytaknyga.lt\/produktas\/automobiliai-lengvieji-lenktyniniai-ju-konstrukcija\/"]}]},{"@type":"ImageObject","inLanguage":"en-GB","@id":"https:\/\/skaitytaknyga.lt\/produktas\/automobiliai-lengvieji-lenktyniniai-ju-konstrukcija\/#primaryimage","url":"https:\/\/skaitytaknyga.lt\/wp-content\/uploads\/2025\/02\/Automobiliai.-Lengvieji-lenktyniniai.-Ju-konstrukcija.webp","contentUrl":"https:\/\/skaitytaknyga.lt\/wp-content\/uploads\/2025\/02\/Automobiliai.-Lengvieji-lenktyniniai.-Ju-konstrukcija.webp","width":379,"height":513,"caption":"Automobiliai. Lengvieji, lenktyniniai. J\u0173 konstrukcija"},{"@type":"BreadcrumbList","@id":"https:\/\/skaitytaknyga.lt\/produktas\/automobiliai-lengvieji-lenktyniniai-ju-konstrukcija\/#breadcrumb","itemListElement":[{"@type":"ListItem","position":1,"name":"Home","item":"https:\/\/skaitytaknyga.lt\/"},{"@type":"ListItem","position":2,"name":"Parduotuv\u0117","item":"https:\/\/skaitytaknyga.lt\/knygu-parduotuve\/"},{"@type":"ListItem","position":3,"name":"Automobiliai. Lengvieji, lenktyniniai. J\u0173 konstrukcija"}]},{"@type":"WebSite","@id":"https:\/\/skaitytaknyga.lt\/#website","url":"https:\/\/skaitytaknyga.lt\/","name":"skaitytaknyga.lt","description":"Skaitytaknyga.lt \u2013 tai ma\u017eas \u0161eimos verslas, kuris prasid\u0117jo nuo meil\u0117s knygoms ir siekio i\u0161gelb\u0117ti knygas nuo likimo prie konteinerio. Kas vienam nereikalingas daiktas \u2013 kitam lobis, o mes esame tarpininkai, kurie padeda abiems tapti laimingesniems ???? \u017dinome kaip nelengva i\u0161gyventi ma\u017eiems verslams, tad nuo \u0161iol, \u010dia rasite ir kit\u0173, ma\u017e\u0173 \u0161eim\u0173 versl\u0173, rank\u0173 darbo, dovan\u0173 sau ir artimiesiems.","publisher":{"@id":"https:\/\/skaitytaknyga.lt\/#organization"},"potentialAction":[{"@type":"SearchAction","target":{"@type":"EntryPoint","urlTemplate":"https:\/\/skaitytaknyga.lt\/?s={search_term_string}"},"query-input":{"@type":"PropertyValueSpecification","valueRequired":true,"valueName":"search_term_string"}}],"inLanguage":"en-GB"},{"@type":"Organization","@id":"https:\/\/skaitytaknyga.lt\/#organization","name":"skaitytaknyga.lt","url":"https:\/\/skaitytaknyga.lt\/","logo":{"@type":"ImageObject","inLanguage":"en-GB","@id":"https:\/\/skaitytaknyga.lt\/#\/schema\/logo\/image\/","url":"https:\/\/skaitytaknyga.lt\/wp-content\/uploads\/2024\/05\/cropped-cropped-cropped-02_00843_jt3bggkj1j3HLc7SyY6rEUpg.jpeg","contentUrl":"https:\/\/skaitytaknyga.lt\/wp-content\/uploads\/2024\/05\/cropped-cropped-cropped-02_00843_jt3bggkj1j3HLc7SyY6rEUpg.jpeg","width":1600,"height":1600,"caption":"skaitytaknyga.lt"},"image":{"@id":"https:\/\/skaitytaknyga.lt\/#\/schema\/logo\/image\/"},"sameAs":["https:\/\/www.facebook.com\/skaitytaknyga\/"]}]}},"_links":{"self":[{"href":"https:\/\/skaitytaknyga.lt\/en\/wp-json\/wp\/v2\/product\/16517","targetHints":{"allow":["GET"]}}],"collection":[{"href":"https:\/\/skaitytaknyga.lt\/en\/wp-json\/wp\/v2\/product"}],"about":[{"href":"https:\/\/skaitytaknyga.lt\/en\/wp-json\/wp\/v2\/types\/product"}],"replies":[{"embeddable":true,"href":"https:\/\/skaitytaknyga.lt\/en\/wp-json\/wp\/v2\/comments?post=16517"}],"wp:featuredmedia":[{"embeddable":true,"href":"https:\/\/skaitytaknyga.lt\/en\/wp-json\/wp\/v2\/media\/16518"}],"wp:attachment":[{"href":"https:\/\/skaitytaknyga.lt\/en\/wp-json\/wp\/v2\/media?parent=16517"}],"wp:term":[{"taxonomy":"product_brand","embeddable":true,"href":"https:\/\/skaitytaknyga.lt\/en\/wp-json\/wp\/v2\/product_brand?post=16517"},{"taxonomy":"product_cat","embeddable":true,"href":"https:\/\/skaitytaknyga.lt\/en\/wp-json\/wp\/v2\/product_cat?post=16517"},{"taxonomy":"product_tag","embeddable":true,"href":"https:\/\/skaitytaknyga.lt\/en\/wp-json\/wp\/v2\/product_tag?post=16517"}],"curies":[{"name":"wp","href":"https:\/\/api.w.org\/{rel}","templated":true}]}}