{"id":16511,"date":"2025-02-02T11:25:53","date_gmt":"2025-02-02T09:25:53","guid":{"rendered":"https:\/\/skaitytaknyga.lt\/?post_type=product&#038;p=16511"},"modified":"2025-05-19T11:03:05","modified_gmt":"2025-05-19T08:03:05","slug":"grammar-is-easy-anglu-kalbos-gramatika","status":"publish","type":"product","link":"https:\/\/skaitytaknyga.lt\/en\/produktas\/grammar-is-easy-anglu-kalbos-gramatika\/","title":{"rendered":"Grammar is easy. Angl\u0173 kalbos gramatika"},"content":{"rendered":"<p>Trumpa angl\u0173 kalbos gramatika su pratimais ir atsakymais.<\/p>\n<p><strong>\u201eGrammar is Easy!\u201c<\/strong>\u00a0yra lengvai suvokiama ir savaranki\u0161kai besimokantiems angl\u0173 kalbos, ir tiems, kurie mokosi vadovaujami mokytojo. Knygoje ap\u017evelgiamos visos pagrindin\u0117s angl\u0173 kalbos gramatikos taisykl\u0117s, jos skyriai logi\u0161kai susieti. Po kiekvienos naujos taisykl\u0117s pateikiami pratimai \u017einioms pasitikrinti ir papildyti. Pratim\u0173 atsakymai nurodomi knygos gale. Reikiam\u0105 dalyk\u0105 greitai rasti pad\u0117s knygos gale pateikiama rodykl\u0117.<\/p>\n<p>Tai visapusi\u0161kai naujas vadov\u0117lis. Jis prakti\u0161kas ir \u0161iuolaiki\u0161kai apipavidalintas. Tai universali gramatika, tinkanti ir mokiniams, ir mokytojams.<\/p>\n<ul class=\"about-product d-none d-xl-block mt-4\">\n<li><strong>Autorius:<\/strong>\u00a0Ann Pikver<\/li>\n<li><strong>Leid\u0117jas:<\/strong>\u00a0\u0160viesa<\/li>\n<li><strong>Metai:<\/strong> 1995<\/li>\n<li><strong>Puslapiai:<\/strong>\u00a0160<\/li>\n<li class=\"toggleable type-new-formats \"><strong>EAN-13:<\/strong>\u00a04771558300312<\/li>\n<li><strong>Versijos kodas:<\/strong>\u00a0PT.<\/li>\n<li class=\"toggleable type-new-formats \"><strong>Formatas:<\/strong>\u00a015,1 x 23,5 x 0,9 cm, mink\u0161ti vir\u0161eliai<\/li>\n<li><strong>Kalba:<\/strong>\u00a0Lietuvi\u0173<\/li>\n<li><strong>Vert\u0117jas:<\/strong>\u00a0Alina Gutauskien\u0117<\/li>\n<\/ul>\n","protected":false},"excerpt":{"rendered":"<p>Trumpa angl\u0173 kalbos gramatika su pratimais ir atsakymais. \u201eGrammar is Easy!\u201c\u00a0yra lengvai suvokiama ir savaranki\u0161kai besimokantiems angl\u0173 kalbos, ir tiems, kurie mokosi vadovaujami mokytojo. Knygoje ap\u017evelgiamos visos pagrindin\u0117s angl\u0173 kalbos gramatikos taisykl\u0117s, jos skyriai logi\u0161kai susieti. Po kiekvienos naujos taisykl\u0117s pateikiami pratimai \u017einioms pasitikrinti ir papildyti. Pratim\u0173 atsakymai nurodomi knygos gale. Reikiam\u0105 dalyk\u0105 greitai rasti pad\u0117s knygos gale pateikiama rodykl\u0117. Tai visapusi\u0161kai naujas vadov\u0117lis. Jis prakti\u0161kas ir \u0161iuolaiki\u0161kai apipavidalintas. Tai universali gramatika, tinkanti ir mokiniams, ir mokytojams. Autorius:\u00a0Ann Pikver Leid\u0117jas:\u00a0\u0160viesa Metai: 1995 Puslapiai:\u00a0160 EAN-13:\u00a04771558300312 Versijos kodas:\u00a0PT. Formatas:\u00a015,1 x 23,5 x 0,9 cm, mink\u0161ti vir\u0161eliai Kalba:\u00a0Lietuvi\u0173 Vert\u0117jas:\u00a0Alina Gutauskien\u0117<\/p>\n","protected":false},"featured_media":16512,"comment_status":"closed","ping_status":"closed","template":"","meta":{"_acf_changed":false,"site-sidebar-layout":"default","site-content-layout":"","ast-site-content-layout":"default","site-content-style":"default","site-sidebar-style":"default","ast-global-header-display":"","ast-banner-title-visibility":"","ast-main-header-display":"","ast-hfb-above-header-display":"","ast-hfb-below-header-display":"","ast-hfb-mobile-header-display":"","site-post-title":"","ast-breadcrumbs-content":"","ast-featured-img":"","footer-sml-layout":"","ast-disable-related-posts":"","theme-transparent-header-meta":"default","adv-header-id-meta":"","stick-header-meta":"","header-above-stick-meta":"","header-main-stick-meta":"","header-below-stick-meta":"","astra-migrate-meta-layouts":"set","ast-page-background-enabled":"default","ast-page-background-meta":{"desktop":{"background-color":"","background-image":"","background-repeat":"repeat","background-position":"center center","background-size":"auto","background-attachment":"scroll","background-type":"","background-media":"","overlay-type":"","overlay-color":"","overlay-opacity":"","overlay-gradient":""},"tablet":{"background-color":"","background-image":"","background-repeat":"repeat","background-position":"center center","background-size":"auto","background-attachment":"scroll","background-type":"","background-media":"","overlay-type":"","overlay-color":"","overlay-opacity":"","overlay-gradient":""},"mobile":{"background-color":"","background-image":"","background-repeat":"repeat","background-position":"center center","background-size":"auto","background-attachment":"scroll","background-type":"","background-media":"","overlay-type":"","overlay-color":"","overlay-opacity":"","overlay-gradient":""}},"ast-content-background-meta":{"desktop":{"background-color":"var(--ast-global-color-4)","background-image":"","background-repeat":"repeat","background-position":"center center","background-size":"auto","background-attachment":"scroll","background-type":"","background-media":"","overlay-type":"","overlay-color":"","overlay-opacity":"","overlay-gradient":""},"tablet":{"background-color":"var(--ast-global-color-4)","background-image":"","background-repeat":"repeat","background-position":"center center","background-size":"auto","background-attachment":"scroll","background-type":"","background-media":"","overlay-type":"","overlay-color":"","overlay-opacity":"","overlay-gradient":""},"mobile":{"background-color":"var(--ast-global-color-4)","background-image":"","background-repeat":"repeat","background-position":"center center","background-size":"auto","background-attachment":"scroll","background-type":"","background-media":"","overlay-type":"","overlay-color":"","overlay-opacity":"","overlay-gradient":""}}},"product_brand":[],"product_cat":[390],"product_tag":[2846,3912,3909,1648,3910,3911],"class_list":{"0":"post-16511","1":"product","2":"type-product","3":"status-publish","4":"has-post-thumbnail","6":"product_cat-kalba-kalbotyra-zodynai","7":"product_tag-anglu-kalba","8":"product_tag-ann-pikver","9":"product_tag-gramatika","10":"product_tag-mokymasis","11":"product_tag-pratimai","12":"product_tag-savarankiskas-mokymasis","13":"desktop-align-left","14":"tablet-align-left","15":"mobile-align-left","17":"first","18":"outofstock","19":"shipping-taxable","20":"purchasable","21":"product-type-simple"},"acf":[],"yoast_head":"<!-- This site is optimized with the Yoast SEO plugin v27.0 - https:\/\/yoast.com\/product\/yoast-seo-wordpress\/ -->\n<title>Grammar is easy. Angl\u0173 kalbos gramatika<\/title>\n<meta name=\"description\" content=\"Trumpa angl\u0173 kalbos gramatika su pratimais ir atsakymais. \u201eGrammar is Easy!\u201c\u00a0yra lengvai suvokiama ir savaranki\u0161kai besimokantiems angl\u0173 kalbos, ir tiems,\" \/>\n<meta name=\"robots\" content=\"index, follow, max-snippet:-1, max-image-preview:large, max-video-preview:-1\" \/>\n<link rel=\"canonical\" href=\"https:\/\/skaitytaknyga.lt\/en\/produktas\/grammar-is-easy-anglu-kalbos-gramatika\/\" \/>\n<meta property=\"og:locale\" content=\"en_GB\" \/>\n<meta property=\"og:locale:alternate\" content=\"lt_LT\" \/>\n<meta property=\"og:type\" content=\"article\" \/>\n<meta property=\"og:title\" content=\"Grammar is easy. Angl\u0173 kalbos gramatika\" \/>\n<meta property=\"og:description\" content=\"Trumpa angl\u0173 kalbos gramatika su pratimais ir atsakymais. \u201eGrammar is Easy!\u201c\u00a0yra lengvai suvokiama ir savaranki\u0161kai besimokantiems angl\u0173 kalbos, ir tiems,\" \/>\n<meta property=\"og:url\" content=\"https:\/\/skaitytaknyga.lt\/en\/produktas\/grammar-is-easy-anglu-kalbos-gramatika\/\" \/>\n<meta property=\"og:site_name\" content=\"Skaitytaknyga\" \/>\n<meta property=\"article:publisher\" content=\"https:\/\/www.facebook.com\/skaitytaknyga\/\" \/>\n<meta property=\"article:modified_time\" content=\"2025-05-19T08:03:05+00:00\" \/>\n<meta property=\"og:image\" content=\"https:\/\/skaitytaknyga.lt\/wp-content\/uploads\/2025\/02\/Grammar-is-easy.-Anglu-kalbos-gramatika.webp\" \/>\n\t<meta property=\"og:image:width\" content=\"510\" \/>\n\t<meta property=\"og:image:height\" content=\"800\" \/>\n\t<meta property=\"og:image:type\" content=\"image\/webp\" \/>\n<meta name=\"twitter:card\" content=\"summary_large_image\" \/>\n<meta name=\"twitter:label1\" content=\"Estimated reading time\" \/>\n\t<meta name=\"twitter:data1\" content=\"1 minute\" \/>\n<script type=\"application\/ld+json\" class=\"yoast-schema-graph\">{\"@context\":\"https:\/\/schema.org\",\"@graph\":[{\"@type\":\"WebPage\",\"@id\":\"https:\/\/skaitytaknyga.lt\/produktas\/grammar-is-easy-anglu-kalbos-gramatika\/\",\"url\":\"https:\/\/skaitytaknyga.lt\/produktas\/grammar-is-easy-anglu-kalbos-gramatika\/\",\"name\":\"Grammar is easy. Angl\u0173 kalbos gramatika\",\"isPartOf\":{\"@id\":\"https:\/\/skaitytaknyga.lt\/#website\"},\"primaryImageOfPage\":{\"@id\":\"https:\/\/skaitytaknyga.lt\/produktas\/grammar-is-easy-anglu-kalbos-gramatika\/#primaryimage\"},\"image\":{\"@id\":\"https:\/\/skaitytaknyga.lt\/produktas\/grammar-is-easy-anglu-kalbos-gramatika\/#primaryimage\"},\"thumbnailUrl\":\"https:\/\/skaitytaknyga.lt\/wp-content\/uploads\/2025\/02\/Grammar-is-easy.-Anglu-kalbos-gramatika.webp\",\"datePublished\":\"2025-02-02T09:25:53+00:00\",\"dateModified\":\"2025-05-19T08:03:05+00:00\",\"description\":\"Trumpa angl\u0173 kalbos gramatika su pratimais ir atsakymais. \u201eGrammar is Easy!\u201c\u00a0yra lengvai suvokiama ir savaranki\u0161kai besimokantiems angl\u0173 kalbos, ir tiems,\",\"breadcrumb\":{\"@id\":\"https:\/\/skaitytaknyga.lt\/produktas\/grammar-is-easy-anglu-kalbos-gramatika\/#breadcrumb\"},\"inLanguage\":\"en-GB\",\"potentialAction\":[{\"@type\":\"ReadAction\",\"target\":[\"https:\/\/skaitytaknyga.lt\/produktas\/grammar-is-easy-anglu-kalbos-gramatika\/\"]}]},{\"@type\":\"ImageObject\",\"inLanguage\":\"en-GB\",\"@id\":\"https:\/\/skaitytaknyga.lt\/produktas\/grammar-is-easy-anglu-kalbos-gramatika\/#primaryimage\",\"url\":\"https:\/\/skaitytaknyga.lt\/wp-content\/uploads\/2025\/02\/Grammar-is-easy.-Anglu-kalbos-gramatika.webp\",\"contentUrl\":\"https:\/\/skaitytaknyga.lt\/wp-content\/uploads\/2025\/02\/Grammar-is-easy.-Anglu-kalbos-gramatika.webp\",\"width\":510,\"height\":800,\"caption\":\"Grammar is easy. Angl\u0173 kalbos gramatika\"},{\"@type\":\"BreadcrumbList\",\"@id\":\"https:\/\/skaitytaknyga.lt\/produktas\/grammar-is-easy-anglu-kalbos-gramatika\/#breadcrumb\",\"itemListElement\":[{\"@type\":\"ListItem\",\"position\":1,\"name\":\"Home\",\"item\":\"https:\/\/skaitytaknyga.lt\/\"},{\"@type\":\"ListItem\",\"position\":2,\"name\":\"Parduotuv\u0117\",\"item\":\"https:\/\/skaitytaknyga.lt\/knygu-parduotuve\/\"},{\"@type\":\"ListItem\",\"position\":3,\"name\":\"Grammar is easy. Angl\u0173 kalbos gramatika\"}]},{\"@type\":\"WebSite\",\"@id\":\"https:\/\/skaitytaknyga.lt\/#website\",\"url\":\"https:\/\/skaitytaknyga.lt\/\",\"name\":\"skaitytaknyga.lt\",\"description\":\"Skaitytaknyga.lt \u2013 tai ma\u017eas \u0161eimos verslas, kuris prasid\u0117jo nuo meil\u0117s knygoms ir siekio i\u0161gelb\u0117ti knygas nuo likimo prie konteinerio. Kas vienam nereikalingas daiktas \u2013 kitam lobis, o mes esame tarpininkai, kurie padeda abiems tapti laimingesniems ???? \u017dinome kaip nelengva i\u0161gyventi ma\u017eiems verslams, tad nuo \u0161iol, \u010dia rasite ir kit\u0173, ma\u017e\u0173 \u0161eim\u0173 versl\u0173, rank\u0173 darbo, dovan\u0173 sau ir artimiesiems.\",\"publisher\":{\"@id\":\"https:\/\/skaitytaknyga.lt\/#organization\"},\"potentialAction\":[{\"@type\":\"SearchAction\",\"target\":{\"@type\":\"EntryPoint\",\"urlTemplate\":\"https:\/\/skaitytaknyga.lt\/?s={search_term_string}\"},\"query-input\":{\"@type\":\"PropertyValueSpecification\",\"valueRequired\":true,\"valueName\":\"search_term_string\"}}],\"inLanguage\":\"en-GB\"},{\"@type\":\"Organization\",\"@id\":\"https:\/\/skaitytaknyga.lt\/#organization\",\"name\":\"skaitytaknyga.lt\",\"url\":\"https:\/\/skaitytaknyga.lt\/\",\"logo\":{\"@type\":\"ImageObject\",\"inLanguage\":\"en-GB\",\"@id\":\"https:\/\/skaitytaknyga.lt\/#\/schema\/logo\/image\/\",\"url\":\"https:\/\/skaitytaknyga.lt\/wp-content\/uploads\/2024\/05\/cropped-cropped-cropped-02_00843_jt3bggkj1j3HLc7SyY6rEUpg.jpeg\",\"contentUrl\":\"https:\/\/skaitytaknyga.lt\/wp-content\/uploads\/2024\/05\/cropped-cropped-cropped-02_00843_jt3bggkj1j3HLc7SyY6rEUpg.jpeg\",\"width\":1600,\"height\":1600,\"caption\":\"skaitytaknyga.lt\"},\"image\":{\"@id\":\"https:\/\/skaitytaknyga.lt\/#\/schema\/logo\/image\/\"},\"sameAs\":[\"https:\/\/www.facebook.com\/skaitytaknyga\/\"]}]}<\/script>\n<!-- \/ Yoast SEO plugin. -->","yoast_head_json":{"title":"Grammar is easy. Angl\u0173 kalbos gramatika","description":"Trumpa angl\u0173 kalbos gramatika su pratimais ir atsakymais. \u201eGrammar is Easy!\u201c\u00a0yra lengvai suvokiama ir savaranki\u0161kai besimokantiems angl\u0173 kalbos, ir tiems,","robots":{"index":"index","follow":"follow","max-snippet":"max-snippet:-1","max-image-preview":"max-image-preview:large","max-video-preview":"max-video-preview:-1"},"canonical":"https:\/\/skaitytaknyga.lt\/en\/produktas\/grammar-is-easy-anglu-kalbos-gramatika\/","og_locale":"en_GB","og_type":"article","og_title":"[:lt]Grammar is easy. Angl\u0173 kalbos gramatika[:] - Skaitytaknyga","og_description":"Trumpa angl\u0173 kalbos gramatika su pratimais ir atsakymais. \u201eGrammar is Easy!\u201c\u00a0yra lengvai suvokiama ir savaranki\u0161kai besimokantiems angl\u0173 kalbos, ir tiems,","og_url":"https:\/\/skaitytaknyga.lt\/en\/produktas\/grammar-is-easy-anglu-kalbos-gramatika\/","og_site_name":"Skaitytaknyga","article_publisher":"https:\/\/www.facebook.com\/skaitytaknyga\/","article_modified_time":"2025-05-19T08:03:05+00:00","og_image":[{"width":510,"height":800,"url":"https:\/\/skaitytaknyga.lt\/wp-content\/uploads\/2025\/02\/Grammar-is-easy.-Anglu-kalbos-gramatika.webp","type":"image\/webp"}],"twitter_card":"summary_large_image","twitter_misc":{"Estimated reading time":"1 minute"},"schema":{"@context":"https:\/\/schema.org","@graph":[{"@type":"WebPage","@id":"https:\/\/skaitytaknyga.lt\/produktas\/grammar-is-easy-anglu-kalbos-gramatika\/","url":"https:\/\/skaitytaknyga.lt\/produktas\/grammar-is-easy-anglu-kalbos-gramatika\/","name":"Grammar is easy. Angl\u0173 kalbos gramatika","isPartOf":{"@id":"https:\/\/skaitytaknyga.lt\/#website"},"primaryImageOfPage":{"@id":"https:\/\/skaitytaknyga.lt\/produktas\/grammar-is-easy-anglu-kalbos-gramatika\/#primaryimage"},"image":{"@id":"https:\/\/skaitytaknyga.lt\/produktas\/grammar-is-easy-anglu-kalbos-gramatika\/#primaryimage"},"thumbnailUrl":"https:\/\/skaitytaknyga.lt\/wp-content\/uploads\/2025\/02\/Grammar-is-easy.-Anglu-kalbos-gramatika.webp","datePublished":"2025-02-02T09:25:53+00:00","dateModified":"2025-05-19T08:03:05+00:00","description":"Trumpa angl\u0173 kalbos gramatika su pratimais ir atsakymais. \u201eGrammar is Easy!\u201c\u00a0yra lengvai suvokiama ir savaranki\u0161kai besimokantiems angl\u0173 kalbos, ir tiems,","breadcrumb":{"@id":"https:\/\/skaitytaknyga.lt\/produktas\/grammar-is-easy-anglu-kalbos-gramatika\/#breadcrumb"},"inLanguage":"en-GB","potentialAction":[{"@type":"ReadAction","target":["https:\/\/skaitytaknyga.lt\/produktas\/grammar-is-easy-anglu-kalbos-gramatika\/"]}]},{"@type":"ImageObject","inLanguage":"en-GB","@id":"https:\/\/skaitytaknyga.lt\/produktas\/grammar-is-easy-anglu-kalbos-gramatika\/#primaryimage","url":"https:\/\/skaitytaknyga.lt\/wp-content\/uploads\/2025\/02\/Grammar-is-easy.-Anglu-kalbos-gramatika.webp","contentUrl":"https:\/\/skaitytaknyga.lt\/wp-content\/uploads\/2025\/02\/Grammar-is-easy.-Anglu-kalbos-gramatika.webp","width":510,"height":800,"caption":"Grammar is easy. Angl\u0173 kalbos gramatika"},{"@type":"BreadcrumbList","@id":"https:\/\/skaitytaknyga.lt\/produktas\/grammar-is-easy-anglu-kalbos-gramatika\/#breadcrumb","itemListElement":[{"@type":"ListItem","position":1,"name":"Home","item":"https:\/\/skaitytaknyga.lt\/"},{"@type":"ListItem","position":2,"name":"Parduotuv\u0117","item":"https:\/\/skaitytaknyga.lt\/knygu-parduotuve\/"},{"@type":"ListItem","position":3,"name":"Grammar is easy. Angl\u0173 kalbos gramatika"}]},{"@type":"WebSite","@id":"https:\/\/skaitytaknyga.lt\/#website","url":"https:\/\/skaitytaknyga.lt\/","name":"skaitytaknyga.lt","description":"Skaitytaknyga.lt \u2013 tai ma\u017eas \u0161eimos verslas, kuris prasid\u0117jo nuo meil\u0117s knygoms ir siekio i\u0161gelb\u0117ti knygas nuo likimo prie konteinerio. Kas vienam nereikalingas daiktas \u2013 kitam lobis, o mes esame tarpininkai, kurie padeda abiems tapti laimingesniems ???? \u017dinome kaip nelengva i\u0161gyventi ma\u017eiems verslams, tad nuo \u0161iol, \u010dia rasite ir kit\u0173, ma\u017e\u0173 \u0161eim\u0173 versl\u0173, rank\u0173 darbo, dovan\u0173 sau ir artimiesiems.","publisher":{"@id":"https:\/\/skaitytaknyga.lt\/#organization"},"potentialAction":[{"@type":"SearchAction","target":{"@type":"EntryPoint","urlTemplate":"https:\/\/skaitytaknyga.lt\/?s={search_term_string}"},"query-input":{"@type":"PropertyValueSpecification","valueRequired":true,"valueName":"search_term_string"}}],"inLanguage":"en-GB"},{"@type":"Organization","@id":"https:\/\/skaitytaknyga.lt\/#organization","name":"skaitytaknyga.lt","url":"https:\/\/skaitytaknyga.lt\/","logo":{"@type":"ImageObject","inLanguage":"en-GB","@id":"https:\/\/skaitytaknyga.lt\/#\/schema\/logo\/image\/","url":"https:\/\/skaitytaknyga.lt\/wp-content\/uploads\/2024\/05\/cropped-cropped-cropped-02_00843_jt3bggkj1j3HLc7SyY6rEUpg.jpeg","contentUrl":"https:\/\/skaitytaknyga.lt\/wp-content\/uploads\/2024\/05\/cropped-cropped-cropped-02_00843_jt3bggkj1j3HLc7SyY6rEUpg.jpeg","width":1600,"height":1600,"caption":"skaitytaknyga.lt"},"image":{"@id":"https:\/\/skaitytaknyga.lt\/#\/schema\/logo\/image\/"},"sameAs":["https:\/\/www.facebook.com\/skaitytaknyga\/"]}]}},"_links":{"self":[{"href":"https:\/\/skaitytaknyga.lt\/en\/wp-json\/wp\/v2\/product\/16511","targetHints":{"allow":["GET"]}}],"collection":[{"href":"https:\/\/skaitytaknyga.lt\/en\/wp-json\/wp\/v2\/product"}],"about":[{"href":"https:\/\/skaitytaknyga.lt\/en\/wp-json\/wp\/v2\/types\/product"}],"replies":[{"embeddable":true,"href":"https:\/\/skaitytaknyga.lt\/en\/wp-json\/wp\/v2\/comments?post=16511"}],"wp:featuredmedia":[{"embeddable":true,"href":"https:\/\/skaitytaknyga.lt\/en\/wp-json\/wp\/v2\/media\/16512"}],"wp:attachment":[{"href":"https:\/\/skaitytaknyga.lt\/en\/wp-json\/wp\/v2\/media?parent=16511"}],"wp:term":[{"taxonomy":"product_brand","embeddable":true,"href":"https:\/\/skaitytaknyga.lt\/en\/wp-json\/wp\/v2\/product_brand?post=16511"},{"taxonomy":"product_cat","embeddable":true,"href":"https:\/\/skaitytaknyga.lt\/en\/wp-json\/wp\/v2\/product_cat?post=16511"},{"taxonomy":"product_tag","embeddable":true,"href":"https:\/\/skaitytaknyga.lt\/en\/wp-json\/wp\/v2\/product_tag?post=16511"}],"curies":[{"name":"wp","href":"https:\/\/api.w.org\/{rel}","templated":true}]}}