{"id":16503,"date":"2025-02-01T20:05:24","date_gmt":"2025-02-01T18:05:24","guid":{"rendered":"https:\/\/skaitytaknyga.lt\/?post_type=product&#038;p=16503"},"modified":"2025-08-01T14:49:57","modified_gmt":"2025-08-01T11:49:57","slug":"vaismedziu-genejimas-ir-perskiepijimas","status":"publish","type":"product","link":"https:\/\/skaitytaknyga.lt\/en\/produktas\/vaismedziu-genejimas-ir-perskiepijimas\/","title":{"rendered":"Vaismed\u017ei\u0173 gen\u0117jimas ir perskiepijimas"},"content":{"rendered":"<p>Knygoje apra\u0161ytas obel\u0173, kriau\u0161i\u0173, slyv\u0173, vy\u0161ni\u0173 ir tre\u0161ni\u0173 formavimas &#8211; gen\u0117jimas bei perskiepijimas. Ruo\u0161iant \u0161\u012f darb\u0105 autorius apibendrino 35 met\u0173 savo daryt\u0173 bandym\u0173 duomenis ir pateik\u0117 kai kurias vaismed\u017ei\u0173 formavimo naujoves. Knyga skirta sodininkams praktikams ir besiruo\u0161iantiems jais tapti.<\/p>\n","protected":false},"excerpt":{"rendered":"<p>Knygoje apra\u0161ytas obel\u0173, kriau\u0161i\u0173, slyv\u0173, vy\u0161ni\u0173 ir tre\u0161ni\u0173 formavimas &#8211; gen\u0117jimas bei perskiepijimas. Ruo\u0161iant \u0161\u012f darb\u0105 autorius apibendrino 35 met\u0173 savo daryt\u0173 bandym\u0173 duomenis ir pateik\u0117 kai kurias vaismed\u017ei\u0173 formavimo naujoves. Knyga skirta sodininkams praktikams ir besiruo\u0161iantiems jais tapti.<\/p>\n","protected":false},"featured_media":16504,"comment_status":"open","ping_status":"closed","template":"","meta":{"_acf_changed":false,"site-sidebar-layout":"default","site-content-layout":"","ast-site-content-layout":"default","site-content-style":"default","site-sidebar-style":"default","ast-global-header-display":"","ast-banner-title-visibility":"","ast-main-header-display":"","ast-hfb-above-header-display":"","ast-hfb-below-header-display":"","ast-hfb-mobile-header-display":"","site-post-title":"","ast-breadcrumbs-content":"","ast-featured-img":"","footer-sml-layout":"","ast-disable-related-posts":"","theme-transparent-header-meta":"default","adv-header-id-meta":"","stick-header-meta":"","header-above-stick-meta":"","header-main-stick-meta":"","header-below-stick-meta":"","astra-migrate-meta-layouts":"set","ast-page-background-enabled":"default","ast-page-background-meta":{"desktop":{"background-color":"","background-image":"","background-repeat":"repeat","background-position":"center center","background-size":"auto","background-attachment":"scroll","background-type":"","background-media":"","overlay-type":"","overlay-color":"","overlay-opacity":"","overlay-gradient":""},"tablet":{"background-color":"","background-image":"","background-repeat":"repeat","background-position":"center center","background-size":"auto","background-attachment":"scroll","background-type":"","background-media":"","overlay-type":"","overlay-color":"","overlay-opacity":"","overlay-gradient":""},"mobile":{"background-color":"","background-image":"","background-repeat":"repeat","background-position":"center center","background-size":"auto","background-attachment":"scroll","background-type":"","background-media":"","overlay-type":"","overlay-color":"","overlay-opacity":"","overlay-gradient":""}},"ast-content-background-meta":{"desktop":{"background-color":"var(--ast-global-color-4)","background-image":"","background-repeat":"repeat","background-position":"center center","background-size":"auto","background-attachment":"scroll","background-type":"","background-media":"","overlay-type":"","overlay-color":"","overlay-opacity":"","overlay-gradient":""},"tablet":{"background-color":"var(--ast-global-color-4)","background-image":"","background-repeat":"repeat","background-position":"center center","background-size":"auto","background-attachment":"scroll","background-type":"","background-media":"","overlay-type":"","overlay-color":"","overlay-opacity":"","overlay-gradient":""},"mobile":{"background-color":"var(--ast-global-color-4)","background-image":"","background-repeat":"repeat","background-position":"center center","background-size":"auto","background-attachment":"scroll","background-type":"","background-media":"","overlay-type":"","overlay-color":"","overlay-opacity":"","overlay-gradient":""}}},"product_brand":[],"product_cat":[15,74],"product_tag":[1097],"class_list":{"0":"post-16503","1":"product","2":"type-product","3":"status-publish","4":"has-post-thumbnail","6":"product_cat-uncategorized","7":"product_cat-sodas-darzas-ir-gelynai","8":"product_tag-sodo-prieziura","9":"desktop-align-left","10":"tablet-align-left","11":"mobile-align-left","13":"first","14":"outofstock","15":"shipping-taxable","16":"purchasable","17":"product-type-simple"},"acf":[],"yoast_head":"<!-- This site is optimized with the Yoast SEO plugin v27.0 - https:\/\/yoast.com\/product\/yoast-seo-wordpress\/ -->\n<title>Vaismed\u017ei\u0173 gen\u0117jimas ir perskiepijimas<\/title>\n<meta name=\"description\" content=\"Knygoje apra\u0161ytas obel\u0173, kriau\u0161i\u0173, slyv\u0173, vy\u0161ni\u0173 ir tre\u0161ni\u0173 formavimas - gen\u0117jimas bei perskiepijimas. Ruo\u0161iant \u0161\u012f darb\u0105 autorius apibendrino 35 met\u0173 savo\" \/>\n<meta name=\"robots\" content=\"index, follow, max-snippet:-1, max-image-preview:large, max-video-preview:-1\" \/>\n<link rel=\"canonical\" href=\"https:\/\/skaitytaknyga.lt\/en\/produktas\/vaismedziu-genejimas-ir-perskiepijimas\/\" \/>\n<meta property=\"og:locale\" content=\"en_GB\" \/>\n<meta property=\"og:locale:alternate\" content=\"lt_LT\" \/>\n<meta property=\"og:type\" content=\"article\" \/>\n<meta property=\"og:title\" content=\"Vaismed\u017ei\u0173 gen\u0117jimas ir perskiepijimas\" \/>\n<meta property=\"og:description\" content=\"Knygoje apra\u0161ytas obel\u0173, kriau\u0161i\u0173, slyv\u0173, vy\u0161ni\u0173 ir tre\u0161ni\u0173 formavimas - gen\u0117jimas bei perskiepijimas. Ruo\u0161iant \u0161\u012f darb\u0105 autorius apibendrino 35 met\u0173 savo\" \/>\n<meta property=\"og:url\" content=\"https:\/\/skaitytaknyga.lt\/en\/produktas\/vaismedziu-genejimas-ir-perskiepijimas\/\" \/>\n<meta property=\"og:site_name\" content=\"Skaitytaknyga\" \/>\n<meta property=\"article:publisher\" content=\"https:\/\/www.facebook.com\/skaitytaknyga\/\" \/>\n<meta property=\"article:modified_time\" content=\"2025-08-01T11:49:57+00:00\" \/>\n<meta property=\"og:image\" content=\"https:\/\/skaitytaknyga.lt\/wp-content\/uploads\/2025\/02\/Vaismedziu-genejimas-ir-perskiepijimas.jpg\" \/>\n\t<meta property=\"og:image:width\" content=\"178\" \/>\n\t<meta property=\"og:image:height\" content=\"283\" \/>\n\t<meta property=\"og:image:type\" content=\"image\/jpeg\" \/>\n<meta name=\"twitter:card\" content=\"summary_large_image\" \/>\n<meta name=\"twitter:label1\" content=\"Estimated reading time\" \/>\n\t<meta name=\"twitter:data1\" content=\"1 minute\" \/>\n<script type=\"application\/ld+json\" class=\"yoast-schema-graph\">{\"@context\":\"https:\/\/schema.org\",\"@graph\":[{\"@type\":\"WebPage\",\"@id\":\"https:\/\/skaitytaknyga.lt\/produktas\/vaismedziu-genejimas-ir-perskiepijimas\/\",\"url\":\"https:\/\/skaitytaknyga.lt\/produktas\/vaismedziu-genejimas-ir-perskiepijimas\/\",\"name\":\"Vaismed\u017ei\u0173 gen\u0117jimas ir perskiepijimas\",\"isPartOf\":{\"@id\":\"https:\/\/skaitytaknyga.lt\/#website\"},\"primaryImageOfPage\":{\"@id\":\"https:\/\/skaitytaknyga.lt\/produktas\/vaismedziu-genejimas-ir-perskiepijimas\/#primaryimage\"},\"image\":{\"@id\":\"https:\/\/skaitytaknyga.lt\/produktas\/vaismedziu-genejimas-ir-perskiepijimas\/#primaryimage\"},\"thumbnailUrl\":\"https:\/\/skaitytaknyga.lt\/wp-content\/uploads\/2025\/02\/Vaismedziu-genejimas-ir-perskiepijimas.jpg\",\"datePublished\":\"2025-02-01T18:05:24+00:00\",\"dateModified\":\"2025-08-01T11:49:57+00:00\",\"description\":\"Knygoje apra\u0161ytas obel\u0173, kriau\u0161i\u0173, slyv\u0173, vy\u0161ni\u0173 ir tre\u0161ni\u0173 formavimas - gen\u0117jimas bei perskiepijimas. Ruo\u0161iant \u0161\u012f darb\u0105 autorius apibendrino 35 met\u0173 savo\",\"breadcrumb\":{\"@id\":\"https:\/\/skaitytaknyga.lt\/produktas\/vaismedziu-genejimas-ir-perskiepijimas\/#breadcrumb\"},\"inLanguage\":\"en-GB\",\"potentialAction\":[{\"@type\":\"ReadAction\",\"target\":[\"https:\/\/skaitytaknyga.lt\/produktas\/vaismedziu-genejimas-ir-perskiepijimas\/\"]}]},{\"@type\":\"ImageObject\",\"inLanguage\":\"en-GB\",\"@id\":\"https:\/\/skaitytaknyga.lt\/produktas\/vaismedziu-genejimas-ir-perskiepijimas\/#primaryimage\",\"url\":\"https:\/\/skaitytaknyga.lt\/wp-content\/uploads\/2025\/02\/Vaismedziu-genejimas-ir-perskiepijimas.jpg\",\"contentUrl\":\"https:\/\/skaitytaknyga.lt\/wp-content\/uploads\/2025\/02\/Vaismedziu-genejimas-ir-perskiepijimas.jpg\",\"width\":178,\"height\":283,\"caption\":\"Vaismed\u017ei\u0173 gen\u0117jimas ir perskiepijimas\"},{\"@type\":\"BreadcrumbList\",\"@id\":\"https:\/\/skaitytaknyga.lt\/produktas\/vaismedziu-genejimas-ir-perskiepijimas\/#breadcrumb\",\"itemListElement\":[{\"@type\":\"ListItem\",\"position\":1,\"name\":\"Home\",\"item\":\"https:\/\/skaitytaknyga.lt\/\"},{\"@type\":\"ListItem\",\"position\":2,\"name\":\"Parduotuv\u0117\",\"item\":\"https:\/\/skaitytaknyga.lt\/knygu-parduotuve\/\"},{\"@type\":\"ListItem\",\"position\":3,\"name\":\"Vaismed\u017ei\u0173 gen\u0117jimas ir perskiepijimas\"}]},{\"@type\":\"WebSite\",\"@id\":\"https:\/\/skaitytaknyga.lt\/#website\",\"url\":\"https:\/\/skaitytaknyga.lt\/\",\"name\":\"skaitytaknyga.lt\",\"description\":\"Skaitytaknyga.lt \u2013 tai ma\u017eas \u0161eimos verslas, kuris prasid\u0117jo nuo meil\u0117s knygoms ir siekio i\u0161gelb\u0117ti knygas nuo likimo prie konteinerio. Kas vienam nereikalingas daiktas \u2013 kitam lobis, o mes esame tarpininkai, kurie padeda abiems tapti laimingesniems ???? \u017dinome kaip nelengva i\u0161gyventi ma\u017eiems verslams, tad nuo \u0161iol, \u010dia rasite ir kit\u0173, ma\u017e\u0173 \u0161eim\u0173 versl\u0173, rank\u0173 darbo, dovan\u0173 sau ir artimiesiems.\",\"publisher\":{\"@id\":\"https:\/\/skaitytaknyga.lt\/#organization\"},\"potentialAction\":[{\"@type\":\"SearchAction\",\"target\":{\"@type\":\"EntryPoint\",\"urlTemplate\":\"https:\/\/skaitytaknyga.lt\/?s={search_term_string}\"},\"query-input\":{\"@type\":\"PropertyValueSpecification\",\"valueRequired\":true,\"valueName\":\"search_term_string\"}}],\"inLanguage\":\"en-GB\"},{\"@type\":\"Organization\",\"@id\":\"https:\/\/skaitytaknyga.lt\/#organization\",\"name\":\"skaitytaknyga.lt\",\"url\":\"https:\/\/skaitytaknyga.lt\/\",\"logo\":{\"@type\":\"ImageObject\",\"inLanguage\":\"en-GB\",\"@id\":\"https:\/\/skaitytaknyga.lt\/#\/schema\/logo\/image\/\",\"url\":\"https:\/\/skaitytaknyga.lt\/wp-content\/uploads\/2024\/05\/cropped-cropped-cropped-02_00843_jt3bggkj1j3HLc7SyY6rEUpg.jpeg\",\"contentUrl\":\"https:\/\/skaitytaknyga.lt\/wp-content\/uploads\/2024\/05\/cropped-cropped-cropped-02_00843_jt3bggkj1j3HLc7SyY6rEUpg.jpeg\",\"width\":1600,\"height\":1600,\"caption\":\"skaitytaknyga.lt\"},\"image\":{\"@id\":\"https:\/\/skaitytaknyga.lt\/#\/schema\/logo\/image\/\"},\"sameAs\":[\"https:\/\/www.facebook.com\/skaitytaknyga\/\"]}]}<\/script>\n<!-- \/ Yoast SEO plugin. -->","yoast_head_json":{"title":"Vaismed\u017ei\u0173 gen\u0117jimas ir perskiepijimas","description":"Knygoje apra\u0161ytas obel\u0173, kriau\u0161i\u0173, slyv\u0173, vy\u0161ni\u0173 ir tre\u0161ni\u0173 formavimas - gen\u0117jimas bei perskiepijimas. Ruo\u0161iant \u0161\u012f darb\u0105 autorius apibendrino 35 met\u0173 savo","robots":{"index":"index","follow":"follow","max-snippet":"max-snippet:-1","max-image-preview":"max-image-preview:large","max-video-preview":"max-video-preview:-1"},"canonical":"https:\/\/skaitytaknyga.lt\/en\/produktas\/vaismedziu-genejimas-ir-perskiepijimas\/","og_locale":"en_GB","og_type":"article","og_title":"[:lt]Vaismed\u017ei\u0173 gen\u0117jimas ir perskiepijimas[:] - Skaitytaknyga","og_description":"Knygoje apra\u0161ytas obel\u0173, kriau\u0161i\u0173, slyv\u0173, vy\u0161ni\u0173 ir tre\u0161ni\u0173 formavimas - gen\u0117jimas bei perskiepijimas. Ruo\u0161iant \u0161\u012f darb\u0105 autorius apibendrino 35 met\u0173 savo","og_url":"https:\/\/skaitytaknyga.lt\/en\/produktas\/vaismedziu-genejimas-ir-perskiepijimas\/","og_site_name":"Skaitytaknyga","article_publisher":"https:\/\/www.facebook.com\/skaitytaknyga\/","article_modified_time":"2025-08-01T11:49:57+00:00","og_image":[{"width":178,"height":283,"url":"https:\/\/skaitytaknyga.lt\/wp-content\/uploads\/2025\/02\/Vaismedziu-genejimas-ir-perskiepijimas.jpg","type":"image\/jpeg"}],"twitter_card":"summary_large_image","twitter_misc":{"Estimated reading time":"1 minute"},"schema":{"@context":"https:\/\/schema.org","@graph":[{"@type":"WebPage","@id":"https:\/\/skaitytaknyga.lt\/produktas\/vaismedziu-genejimas-ir-perskiepijimas\/","url":"https:\/\/skaitytaknyga.lt\/produktas\/vaismedziu-genejimas-ir-perskiepijimas\/","name":"Vaismed\u017ei\u0173 gen\u0117jimas ir perskiepijimas","isPartOf":{"@id":"https:\/\/skaitytaknyga.lt\/#website"},"primaryImageOfPage":{"@id":"https:\/\/skaitytaknyga.lt\/produktas\/vaismedziu-genejimas-ir-perskiepijimas\/#primaryimage"},"image":{"@id":"https:\/\/skaitytaknyga.lt\/produktas\/vaismedziu-genejimas-ir-perskiepijimas\/#primaryimage"},"thumbnailUrl":"https:\/\/skaitytaknyga.lt\/wp-content\/uploads\/2025\/02\/Vaismedziu-genejimas-ir-perskiepijimas.jpg","datePublished":"2025-02-01T18:05:24+00:00","dateModified":"2025-08-01T11:49:57+00:00","description":"Knygoje apra\u0161ytas obel\u0173, kriau\u0161i\u0173, slyv\u0173, vy\u0161ni\u0173 ir tre\u0161ni\u0173 formavimas - gen\u0117jimas bei perskiepijimas. Ruo\u0161iant \u0161\u012f darb\u0105 autorius apibendrino 35 met\u0173 savo","breadcrumb":{"@id":"https:\/\/skaitytaknyga.lt\/produktas\/vaismedziu-genejimas-ir-perskiepijimas\/#breadcrumb"},"inLanguage":"en-GB","potentialAction":[{"@type":"ReadAction","target":["https:\/\/skaitytaknyga.lt\/produktas\/vaismedziu-genejimas-ir-perskiepijimas\/"]}]},{"@type":"ImageObject","inLanguage":"en-GB","@id":"https:\/\/skaitytaknyga.lt\/produktas\/vaismedziu-genejimas-ir-perskiepijimas\/#primaryimage","url":"https:\/\/skaitytaknyga.lt\/wp-content\/uploads\/2025\/02\/Vaismedziu-genejimas-ir-perskiepijimas.jpg","contentUrl":"https:\/\/skaitytaknyga.lt\/wp-content\/uploads\/2025\/02\/Vaismedziu-genejimas-ir-perskiepijimas.jpg","width":178,"height":283,"caption":"Vaismed\u017ei\u0173 gen\u0117jimas ir perskiepijimas"},{"@type":"BreadcrumbList","@id":"https:\/\/skaitytaknyga.lt\/produktas\/vaismedziu-genejimas-ir-perskiepijimas\/#breadcrumb","itemListElement":[{"@type":"ListItem","position":1,"name":"Home","item":"https:\/\/skaitytaknyga.lt\/"},{"@type":"ListItem","position":2,"name":"Parduotuv\u0117","item":"https:\/\/skaitytaknyga.lt\/knygu-parduotuve\/"},{"@type":"ListItem","position":3,"name":"Vaismed\u017ei\u0173 gen\u0117jimas ir perskiepijimas"}]},{"@type":"WebSite","@id":"https:\/\/skaitytaknyga.lt\/#website","url":"https:\/\/skaitytaknyga.lt\/","name":"skaitytaknyga.lt","description":"Skaitytaknyga.lt \u2013 tai ma\u017eas \u0161eimos verslas, kuris prasid\u0117jo nuo meil\u0117s knygoms ir siekio i\u0161gelb\u0117ti knygas nuo likimo prie konteinerio. Kas vienam nereikalingas daiktas \u2013 kitam lobis, o mes esame tarpininkai, kurie padeda abiems tapti laimingesniems ???? \u017dinome kaip nelengva i\u0161gyventi ma\u017eiems verslams, tad nuo \u0161iol, \u010dia rasite ir kit\u0173, ma\u017e\u0173 \u0161eim\u0173 versl\u0173, rank\u0173 darbo, dovan\u0173 sau ir artimiesiems.","publisher":{"@id":"https:\/\/skaitytaknyga.lt\/#organization"},"potentialAction":[{"@type":"SearchAction","target":{"@type":"EntryPoint","urlTemplate":"https:\/\/skaitytaknyga.lt\/?s={search_term_string}"},"query-input":{"@type":"PropertyValueSpecification","valueRequired":true,"valueName":"search_term_string"}}],"inLanguage":"en-GB"},{"@type":"Organization","@id":"https:\/\/skaitytaknyga.lt\/#organization","name":"skaitytaknyga.lt","url":"https:\/\/skaitytaknyga.lt\/","logo":{"@type":"ImageObject","inLanguage":"en-GB","@id":"https:\/\/skaitytaknyga.lt\/#\/schema\/logo\/image\/","url":"https:\/\/skaitytaknyga.lt\/wp-content\/uploads\/2024\/05\/cropped-cropped-cropped-02_00843_jt3bggkj1j3HLc7SyY6rEUpg.jpeg","contentUrl":"https:\/\/skaitytaknyga.lt\/wp-content\/uploads\/2024\/05\/cropped-cropped-cropped-02_00843_jt3bggkj1j3HLc7SyY6rEUpg.jpeg","width":1600,"height":1600,"caption":"skaitytaknyga.lt"},"image":{"@id":"https:\/\/skaitytaknyga.lt\/#\/schema\/logo\/image\/"},"sameAs":["https:\/\/www.facebook.com\/skaitytaknyga\/"]}]}},"_links":{"self":[{"href":"https:\/\/skaitytaknyga.lt\/en\/wp-json\/wp\/v2\/product\/16503","targetHints":{"allow":["GET"]}}],"collection":[{"href":"https:\/\/skaitytaknyga.lt\/en\/wp-json\/wp\/v2\/product"}],"about":[{"href":"https:\/\/skaitytaknyga.lt\/en\/wp-json\/wp\/v2\/types\/product"}],"replies":[{"embeddable":true,"href":"https:\/\/skaitytaknyga.lt\/en\/wp-json\/wp\/v2\/comments?post=16503"}],"wp:featuredmedia":[{"embeddable":true,"href":"https:\/\/skaitytaknyga.lt\/en\/wp-json\/wp\/v2\/media\/16504"}],"wp:attachment":[{"href":"https:\/\/skaitytaknyga.lt\/en\/wp-json\/wp\/v2\/media?parent=16503"}],"wp:term":[{"taxonomy":"product_brand","embeddable":true,"href":"https:\/\/skaitytaknyga.lt\/en\/wp-json\/wp\/v2\/product_brand?post=16503"},{"taxonomy":"product_cat","embeddable":true,"href":"https:\/\/skaitytaknyga.lt\/en\/wp-json\/wp\/v2\/product_cat?post=16503"},{"taxonomy":"product_tag","embeddable":true,"href":"https:\/\/skaitytaknyga.lt\/en\/wp-json\/wp\/v2\/product_tag?post=16503"}],"curies":[{"name":"wp","href":"https:\/\/api.w.org\/{rel}","templated":true}]}}