{"id":16495,"date":"2025-02-01T19:54:15","date_gmt":"2025-02-01T17:54:15","guid":{"rendered":"https:\/\/skaitytaknyga.lt\/?post_type=product&#038;p=16495"},"modified":"2026-03-05T11:59:18","modified_gmt":"2026-03-05T09:59:18","slug":"nutyleta-tiesa-aistringas-kerstas","status":"publish","type":"product","link":"https:\/\/skaitytaknyga.lt\/en\/produktas\/nutyleta-tiesa-aistringas-kerstas\/","title":{"rendered":"Nutyl\u0117ta tiesa\/Aistringas ker\u0161tas"},"content":{"rendered":"<p>NUTYL\u0116TA TIESA: Mirus mylimam vaikeliui, Ardenos D\u017eentri gyvenime atsiveria siaubinga tu\u0161tuma, kuri\u0105 ji tikisi u\u017epildyti rasdama vaik\u0105, kur\u012f sutiko pagimdyti bevaikei \u0161eimai, gelb\u0117damasi nuo finansini\u0173 b\u0117d\u0173. Susipa\u017einusi su jos s\u016bn\u0173 auginan\u010diu garsiu tenisininku Dru Makaslinu, Ardena ima abejoti savo ketinimais, juolab kad pa\u017eintis su Dru netrunka peraugti \u012f kai k\u0105 daugiau. Anks\u010diau ar v\u0117liau nutyl\u0117ta tiesa i\u0161kils \u012f pavir\u0161i\u0173&#8230; ir teks sumok\u0117ti u\u017e nauj\u0105j\u0105 laim\u0119.<\/p>\n<p>AISTRINGAS KER\u0160TAS: Koulas pasisi\u016blo i\u0161laikyti mirusio brolio \u017emon\u0105 Fet\u0119 ir vaik\u0105. Moteris supranta, kad u\u017e tai teks sumok\u0117ti. Kadaise j\u0105 myl\u0117j\u0119s vaikinukas per devynerius nesimatymo metus ne tik subrendo \u2013 tapo milijonieriumi. Dabar Koulas nori j\u0105 vesti, bet tik i\u0161 ker\u0161to. Jis negali atleisti, kad Fet\u0117 i\u0161tek\u0117jo u\u017e jo vyresniojo brolio.<\/p>\n<ul class=\"about-product d-none d-xl-block mt-4\">\n<li><strong>Originalus pavadinimas:<\/strong>\u00a0The Secret Splendor<\/li>\n<li><strong>Autorius:<\/strong>\u00a0Sandra Brown,\u00a0Sandra Marton<\/li>\n<li><strong>Leid\u0117jas:<\/strong>\u00a0Svajoni\u0173 knygos<\/li>\n<li><strong>Metai:<\/strong>\u00a02012<\/li>\n<li><strong>Puslapiai:<\/strong>\u00a0512<\/li>\n<li class=\"toggleable type-new-formats \"><strong>ISBN:<\/strong>\u00a09786094064210<\/li>\n<li><strong>Versijos kodas:<\/strong>\u00a0PT.<\/li>\n<li class=\"toggleable type-new-formats \"><strong>Formatas:<\/strong>\u00a011 x 18 cm, mink\u0161ti vir\u0161eliai<\/li>\n<li><strong>Kalba:<\/strong>\u00a0Lietuvi\u0173<\/li>\n<li><strong>Vert\u0117jas:<\/strong>\u00a0Lina Kulikauskien\u0117, Sandra Likait\u0117<\/li>\n<\/ul>\n","protected":false},"excerpt":{"rendered":"<p>NUTYL\u0116TA TIESA: Mirus mylimam vaikeliui, Ardenos D\u017eentri gyvenime atsiveria siaubinga tu\u0161tuma, kuri\u0105 ji tikisi u\u017epildyti rasdama vaik\u0105, kur\u012f sutiko pagimdyti bevaikei \u0161eimai, gelb\u0117damasi nuo finansini\u0173 b\u0117d\u0173. Susipa\u017einusi su jos s\u016bn\u0173 auginan\u010diu garsiu tenisininku Dru Makaslinu, Ardena ima abejoti savo ketinimais, juolab kad pa\u017eintis su Dru netrunka peraugti \u012f kai k\u0105 daugiau. Anks\u010diau ar v\u0117liau nutyl\u0117ta tiesa i\u0161kils \u012f pavir\u0161i\u0173&#8230; ir teks sumok\u0117ti u\u017e nauj\u0105j\u0105 laim\u0119. AISTRINGAS KER\u0160TAS: Koulas pasisi\u016blo i\u0161laikyti mirusio brolio \u017emon\u0105 Fet\u0119 ir vaik\u0105. Moteris supranta, kad u\u017e tai teks sumok\u0117ti. Kadaise j\u0105 myl\u0117j\u0119s vaikinukas per devynerius nesimatymo metus ne tik subrendo \u2013 tapo milijonieriumi. Dabar Koulas nori j\u0105 vesti, bet tik i\u0161 ker\u0161to. Jis negali atleisti, kad Fet\u0117 i\u0161tek\u0117jo u\u017e jo vyresniojo brolio. Originalus pavadinimas:\u00a0The Secret Splendor Autorius:\u00a0Sandra Brown,\u00a0Sandra Marton Leid\u0117jas:\u00a0Svajoni\u0173 knygos Metai:\u00a02012 Puslapiai:\u00a0512 ISBN:\u00a09786094064210 Versijos kodas:\u00a0PT. Formatas:\u00a011 x 18 cm, mink\u0161ti vir\u0161eliai Kalba:\u00a0Lietuvi\u0173 Vert\u0117jas:\u00a0Lina Kulikauskien\u0117, Sandra Likait\u0117<\/p>\n","protected":false},"featured_media":16496,"comment_status":"open","ping_status":"closed","template":"","meta":{"_acf_changed":false,"site-sidebar-layout":"default","site-content-layout":"","ast-site-content-layout":"default","site-content-style":"default","site-sidebar-style":"default","ast-global-header-display":"","ast-banner-title-visibility":"","ast-main-header-display":"","ast-hfb-above-header-display":"","ast-hfb-below-header-display":"","ast-hfb-mobile-header-display":"","site-post-title":"","ast-breadcrumbs-content":"","ast-featured-img":"","footer-sml-layout":"","ast-disable-related-posts":"","theme-transparent-header-meta":"default","adv-header-id-meta":"","stick-header-meta":"","header-above-stick-meta":"","header-main-stick-meta":"","header-below-stick-meta":"","astra-migrate-meta-layouts":"set","ast-page-background-enabled":"default","ast-page-background-meta":{"desktop":{"background-color":"","background-image":"","background-repeat":"repeat","background-position":"center center","background-size":"auto","background-attachment":"scroll","background-type":"","background-media":"","overlay-type":"","overlay-color":"","overlay-opacity":"","overlay-gradient":""},"tablet":{"background-color":"","background-image":"","background-repeat":"repeat","background-position":"center center","background-size":"auto","background-attachment":"scroll","background-type":"","background-media":"","overlay-type":"","overlay-color":"","overlay-opacity":"","overlay-gradient":""},"mobile":{"background-color":"","background-image":"","background-repeat":"repeat","background-position":"center center","background-size":"auto","background-attachment":"scroll","background-type":"","background-media":"","overlay-type":"","overlay-color":"","overlay-opacity":"","overlay-gradient":""}},"ast-content-background-meta":{"desktop":{"background-color":"var(--ast-global-color-4)","background-image":"","background-repeat":"repeat","background-position":"center center","background-size":"auto","background-attachment":"scroll","background-type":"","background-media":"","overlay-type":"","overlay-color":"","overlay-opacity":"","overlay-gradient":""},"tablet":{"background-color":"var(--ast-global-color-4)","background-image":"","background-repeat":"repeat","background-position":"center center","background-size":"auto","background-attachment":"scroll","background-type":"","background-media":"","overlay-type":"","overlay-color":"","overlay-opacity":"","overlay-gradient":""},"mobile":{"background-color":"var(--ast-global-color-4)","background-image":"","background-repeat":"repeat","background-position":"center center","background-size":"auto","background-attachment":"scroll","background-type":"","background-media":"","overlay-type":"","overlay-color":"","overlay-opacity":"","overlay-gradient":""}}},"product_brand":[],"product_cat":[9581],"product_tag":[],"class_list":{"0":"post-16495","1":"product","2":"type-product","3":"status-publish","4":"has-post-thumbnail","6":"product_cat-kriminaliniai-romanai","7":"desktop-align-left","8":"tablet-align-left","9":"mobile-align-left","11":"first","12":"instock","13":"shipping-taxable","14":"purchasable","15":"product-type-simple"},"acf":[],"yoast_head":"<!-- This site is optimized with the Yoast SEO plugin v27.0 - https:\/\/yoast.com\/product\/yoast-seo-wordpress\/ -->\n<title>Nutyl\u0117ta tiesa\/Aistringas ker\u0161tas<\/title>\n<meta name=\"description\" content=\"NUTYL\u0116TA TIESA: Mirus mylimam vaikeliui, Ardenos D\u017eentri gyvenime atsiveria siaubinga tu\u0161tuma, kuri\u0105 ji tikisi u\u017epildyti rasdama vaik\u0105, kur\u012f sutiko\" \/>\n<meta name=\"robots\" content=\"index, follow, max-snippet:-1, max-image-preview:large, max-video-preview:-1\" \/>\n<link rel=\"canonical\" href=\"https:\/\/skaitytaknyga.lt\/en\/produktas\/nutyleta-tiesa-aistringas-kerstas\/\" \/>\n<meta property=\"og:locale\" content=\"en_GB\" \/>\n<meta property=\"og:locale:alternate\" content=\"lt_LT\" \/>\n<meta property=\"og:type\" content=\"article\" \/>\n<meta property=\"og:title\" content=\"Nutyl\u0117ta tiesa\/Aistringas ker\u0161tas\" \/>\n<meta property=\"og:description\" content=\"NUTYL\u0116TA TIESA: Mirus mylimam vaikeliui, Ardenos D\u017eentri gyvenime atsiveria siaubinga tu\u0161tuma, kuri\u0105 ji tikisi u\u017epildyti rasdama vaik\u0105, kur\u012f sutiko\" \/>\n<meta property=\"og:url\" content=\"https:\/\/skaitytaknyga.lt\/en\/produktas\/nutyleta-tiesa-aistringas-kerstas\/\" \/>\n<meta property=\"og:site_name\" content=\"Skaitytaknyga\" \/>\n<meta property=\"article:publisher\" content=\"https:\/\/www.facebook.com\/skaitytaknyga\/\" \/>\n<meta property=\"article:modified_time\" content=\"2026-03-05T09:59:18+00:00\" \/>\n<meta property=\"og:image\" content=\"https:\/\/skaitytaknyga.lt\/wp-content\/uploads\/2025\/02\/Nutyleta-tiesaAistringas-kerstas.webp\" \/>\n\t<meta property=\"og:image:width\" content=\"303\" \/>\n\t<meta property=\"og:image:height\" content=\"489\" \/>\n\t<meta property=\"og:image:type\" content=\"image\/webp\" \/>\n<meta name=\"twitter:card\" content=\"summary_large_image\" \/>\n<meta name=\"twitter:label1\" content=\"Estimated reading time\" \/>\n\t<meta name=\"twitter:data1\" content=\"2 minutes\" \/>\n<script type=\"application\/ld+json\" class=\"yoast-schema-graph\">{\"@context\":\"https:\/\/schema.org\",\"@graph\":[{\"@type\":\"WebPage\",\"@id\":\"https:\/\/skaitytaknyga.lt\/produktas\/nutyleta-tiesa-aistringas-kerstas\/\",\"url\":\"https:\/\/skaitytaknyga.lt\/produktas\/nutyleta-tiesa-aistringas-kerstas\/\",\"name\":\"Nutyl\u0117ta tiesa\/Aistringas ker\u0161tas\",\"isPartOf\":{\"@id\":\"https:\/\/skaitytaknyga.lt\/#website\"},\"primaryImageOfPage\":{\"@id\":\"https:\/\/skaitytaknyga.lt\/produktas\/nutyleta-tiesa-aistringas-kerstas\/#primaryimage\"},\"image\":{\"@id\":\"https:\/\/skaitytaknyga.lt\/produktas\/nutyleta-tiesa-aistringas-kerstas\/#primaryimage\"},\"thumbnailUrl\":\"https:\/\/skaitytaknyga.lt\/wp-content\/uploads\/2025\/02\/Nutyleta-tiesaAistringas-kerstas.webp\",\"datePublished\":\"2025-02-01T17:54:15+00:00\",\"dateModified\":\"2026-03-05T09:59:18+00:00\",\"description\":\"NUTYL\u0116TA TIESA: Mirus mylimam vaikeliui, Ardenos D\u017eentri gyvenime atsiveria siaubinga tu\u0161tuma, kuri\u0105 ji tikisi u\u017epildyti rasdama vaik\u0105, kur\u012f sutiko\",\"breadcrumb\":{\"@id\":\"https:\/\/skaitytaknyga.lt\/produktas\/nutyleta-tiesa-aistringas-kerstas\/#breadcrumb\"},\"inLanguage\":\"en-GB\",\"potentialAction\":[{\"@type\":\"ReadAction\",\"target\":[\"https:\/\/skaitytaknyga.lt\/produktas\/nutyleta-tiesa-aistringas-kerstas\/\"]}]},{\"@type\":\"ImageObject\",\"inLanguage\":\"en-GB\",\"@id\":\"https:\/\/skaitytaknyga.lt\/produktas\/nutyleta-tiesa-aistringas-kerstas\/#primaryimage\",\"url\":\"https:\/\/skaitytaknyga.lt\/wp-content\/uploads\/2025\/02\/Nutyleta-tiesaAistringas-kerstas.webp\",\"contentUrl\":\"https:\/\/skaitytaknyga.lt\/wp-content\/uploads\/2025\/02\/Nutyleta-tiesaAistringas-kerstas.webp\",\"width\":303,\"height\":489,\"caption\":\"Nutyl\u0117ta tiesa\/Aistringas ker\u0161tas\"},{\"@type\":\"BreadcrumbList\",\"@id\":\"https:\/\/skaitytaknyga.lt\/produktas\/nutyleta-tiesa-aistringas-kerstas\/#breadcrumb\",\"itemListElement\":[{\"@type\":\"ListItem\",\"position\":1,\"name\":\"Home\",\"item\":\"https:\/\/skaitytaknyga.lt\/\"},{\"@type\":\"ListItem\",\"position\":2,\"name\":\"Parduotuv\u0117\",\"item\":\"https:\/\/skaitytaknyga.lt\/knygu-parduotuve\/\"},{\"@type\":\"ListItem\",\"position\":3,\"name\":\"Nutyl\u0117ta tiesa\/Aistringas ker\u0161tas\"}]},{\"@type\":\"WebSite\",\"@id\":\"https:\/\/skaitytaknyga.lt\/#website\",\"url\":\"https:\/\/skaitytaknyga.lt\/\",\"name\":\"skaitytaknyga.lt\",\"description\":\"Skaitytaknyga.lt \u2013 tai ma\u017eas \u0161eimos verslas, kuris prasid\u0117jo nuo meil\u0117s knygoms ir siekio i\u0161gelb\u0117ti knygas nuo likimo prie konteinerio. Kas vienam nereikalingas daiktas \u2013 kitam lobis, o mes esame tarpininkai, kurie padeda abiems tapti laimingesniems ???? \u017dinome kaip nelengva i\u0161gyventi ma\u017eiems verslams, tad nuo \u0161iol, \u010dia rasite ir kit\u0173, ma\u017e\u0173 \u0161eim\u0173 versl\u0173, rank\u0173 darbo, dovan\u0173 sau ir artimiesiems.\",\"publisher\":{\"@id\":\"https:\/\/skaitytaknyga.lt\/#organization\"},\"potentialAction\":[{\"@type\":\"SearchAction\",\"target\":{\"@type\":\"EntryPoint\",\"urlTemplate\":\"https:\/\/skaitytaknyga.lt\/?s={search_term_string}\"},\"query-input\":{\"@type\":\"PropertyValueSpecification\",\"valueRequired\":true,\"valueName\":\"search_term_string\"}}],\"inLanguage\":\"en-GB\"},{\"@type\":\"Organization\",\"@id\":\"https:\/\/skaitytaknyga.lt\/#organization\",\"name\":\"skaitytaknyga.lt\",\"url\":\"https:\/\/skaitytaknyga.lt\/\",\"logo\":{\"@type\":\"ImageObject\",\"inLanguage\":\"en-GB\",\"@id\":\"https:\/\/skaitytaknyga.lt\/#\/schema\/logo\/image\/\",\"url\":\"https:\/\/skaitytaknyga.lt\/wp-content\/uploads\/2024\/05\/cropped-cropped-cropped-02_00843_jt3bggkj1j3HLc7SyY6rEUpg.jpeg\",\"contentUrl\":\"https:\/\/skaitytaknyga.lt\/wp-content\/uploads\/2024\/05\/cropped-cropped-cropped-02_00843_jt3bggkj1j3HLc7SyY6rEUpg.jpeg\",\"width\":1600,\"height\":1600,\"caption\":\"skaitytaknyga.lt\"},\"image\":{\"@id\":\"https:\/\/skaitytaknyga.lt\/#\/schema\/logo\/image\/\"},\"sameAs\":[\"https:\/\/www.facebook.com\/skaitytaknyga\/\"]}]}<\/script>\n<!-- \/ Yoast SEO plugin. -->","yoast_head_json":{"title":"Nutyl\u0117ta tiesa\/Aistringas ker\u0161tas","description":"NUTYL\u0116TA TIESA: Mirus mylimam vaikeliui, Ardenos D\u017eentri gyvenime atsiveria siaubinga tu\u0161tuma, kuri\u0105 ji tikisi u\u017epildyti rasdama vaik\u0105, kur\u012f sutiko","robots":{"index":"index","follow":"follow","max-snippet":"max-snippet:-1","max-image-preview":"max-image-preview:large","max-video-preview":"max-video-preview:-1"},"canonical":"https:\/\/skaitytaknyga.lt\/en\/produktas\/nutyleta-tiesa-aistringas-kerstas\/","og_locale":"en_GB","og_type":"article","og_title":"[:lt]Nutyl\u0117ta tiesa\/Aistringas ker\u0161tas[:] - Skaitytaknyga","og_description":"NUTYL\u0116TA TIESA: Mirus mylimam vaikeliui, Ardenos D\u017eentri gyvenime atsiveria siaubinga tu\u0161tuma, kuri\u0105 ji tikisi u\u017epildyti rasdama vaik\u0105, kur\u012f sutiko","og_url":"https:\/\/skaitytaknyga.lt\/en\/produktas\/nutyleta-tiesa-aistringas-kerstas\/","og_site_name":"Skaitytaknyga","article_publisher":"https:\/\/www.facebook.com\/skaitytaknyga\/","article_modified_time":"2026-03-05T09:59:18+00:00","og_image":[{"width":303,"height":489,"url":"https:\/\/skaitytaknyga.lt\/wp-content\/uploads\/2025\/02\/Nutyleta-tiesaAistringas-kerstas.webp","type":"image\/webp"}],"twitter_card":"summary_large_image","twitter_misc":{"Estimated reading time":"2 minutes"},"schema":{"@context":"https:\/\/schema.org","@graph":[{"@type":"WebPage","@id":"https:\/\/skaitytaknyga.lt\/produktas\/nutyleta-tiesa-aistringas-kerstas\/","url":"https:\/\/skaitytaknyga.lt\/produktas\/nutyleta-tiesa-aistringas-kerstas\/","name":"Nutyl\u0117ta tiesa\/Aistringas ker\u0161tas","isPartOf":{"@id":"https:\/\/skaitytaknyga.lt\/#website"},"primaryImageOfPage":{"@id":"https:\/\/skaitytaknyga.lt\/produktas\/nutyleta-tiesa-aistringas-kerstas\/#primaryimage"},"image":{"@id":"https:\/\/skaitytaknyga.lt\/produktas\/nutyleta-tiesa-aistringas-kerstas\/#primaryimage"},"thumbnailUrl":"https:\/\/skaitytaknyga.lt\/wp-content\/uploads\/2025\/02\/Nutyleta-tiesaAistringas-kerstas.webp","datePublished":"2025-02-01T17:54:15+00:00","dateModified":"2026-03-05T09:59:18+00:00","description":"NUTYL\u0116TA TIESA: Mirus mylimam vaikeliui, Ardenos D\u017eentri gyvenime atsiveria siaubinga tu\u0161tuma, kuri\u0105 ji tikisi u\u017epildyti rasdama vaik\u0105, kur\u012f sutiko","breadcrumb":{"@id":"https:\/\/skaitytaknyga.lt\/produktas\/nutyleta-tiesa-aistringas-kerstas\/#breadcrumb"},"inLanguage":"en-GB","potentialAction":[{"@type":"ReadAction","target":["https:\/\/skaitytaknyga.lt\/produktas\/nutyleta-tiesa-aistringas-kerstas\/"]}]},{"@type":"ImageObject","inLanguage":"en-GB","@id":"https:\/\/skaitytaknyga.lt\/produktas\/nutyleta-tiesa-aistringas-kerstas\/#primaryimage","url":"https:\/\/skaitytaknyga.lt\/wp-content\/uploads\/2025\/02\/Nutyleta-tiesaAistringas-kerstas.webp","contentUrl":"https:\/\/skaitytaknyga.lt\/wp-content\/uploads\/2025\/02\/Nutyleta-tiesaAistringas-kerstas.webp","width":303,"height":489,"caption":"Nutyl\u0117ta tiesa\/Aistringas ker\u0161tas"},{"@type":"BreadcrumbList","@id":"https:\/\/skaitytaknyga.lt\/produktas\/nutyleta-tiesa-aistringas-kerstas\/#breadcrumb","itemListElement":[{"@type":"ListItem","position":1,"name":"Home","item":"https:\/\/skaitytaknyga.lt\/"},{"@type":"ListItem","position":2,"name":"Parduotuv\u0117","item":"https:\/\/skaitytaknyga.lt\/knygu-parduotuve\/"},{"@type":"ListItem","position":3,"name":"Nutyl\u0117ta tiesa\/Aistringas ker\u0161tas"}]},{"@type":"WebSite","@id":"https:\/\/skaitytaknyga.lt\/#website","url":"https:\/\/skaitytaknyga.lt\/","name":"skaitytaknyga.lt","description":"Skaitytaknyga.lt \u2013 tai ma\u017eas \u0161eimos verslas, kuris prasid\u0117jo nuo meil\u0117s knygoms ir siekio i\u0161gelb\u0117ti knygas nuo likimo prie konteinerio. Kas vienam nereikalingas daiktas \u2013 kitam lobis, o mes esame tarpininkai, kurie padeda abiems tapti laimingesniems ???? \u017dinome kaip nelengva i\u0161gyventi ma\u017eiems verslams, tad nuo \u0161iol, \u010dia rasite ir kit\u0173, ma\u017e\u0173 \u0161eim\u0173 versl\u0173, rank\u0173 darbo, dovan\u0173 sau ir artimiesiems.","publisher":{"@id":"https:\/\/skaitytaknyga.lt\/#organization"},"potentialAction":[{"@type":"SearchAction","target":{"@type":"EntryPoint","urlTemplate":"https:\/\/skaitytaknyga.lt\/?s={search_term_string}"},"query-input":{"@type":"PropertyValueSpecification","valueRequired":true,"valueName":"search_term_string"}}],"inLanguage":"en-GB"},{"@type":"Organization","@id":"https:\/\/skaitytaknyga.lt\/#organization","name":"skaitytaknyga.lt","url":"https:\/\/skaitytaknyga.lt\/","logo":{"@type":"ImageObject","inLanguage":"en-GB","@id":"https:\/\/skaitytaknyga.lt\/#\/schema\/logo\/image\/","url":"https:\/\/skaitytaknyga.lt\/wp-content\/uploads\/2024\/05\/cropped-cropped-cropped-02_00843_jt3bggkj1j3HLc7SyY6rEUpg.jpeg","contentUrl":"https:\/\/skaitytaknyga.lt\/wp-content\/uploads\/2024\/05\/cropped-cropped-cropped-02_00843_jt3bggkj1j3HLc7SyY6rEUpg.jpeg","width":1600,"height":1600,"caption":"skaitytaknyga.lt"},"image":{"@id":"https:\/\/skaitytaknyga.lt\/#\/schema\/logo\/image\/"},"sameAs":["https:\/\/www.facebook.com\/skaitytaknyga\/"]}]}},"_links":{"self":[{"href":"https:\/\/skaitytaknyga.lt\/en\/wp-json\/wp\/v2\/product\/16495","targetHints":{"allow":["GET"]}}],"collection":[{"href":"https:\/\/skaitytaknyga.lt\/en\/wp-json\/wp\/v2\/product"}],"about":[{"href":"https:\/\/skaitytaknyga.lt\/en\/wp-json\/wp\/v2\/types\/product"}],"replies":[{"embeddable":true,"href":"https:\/\/skaitytaknyga.lt\/en\/wp-json\/wp\/v2\/comments?post=16495"}],"wp:featuredmedia":[{"embeddable":true,"href":"https:\/\/skaitytaknyga.lt\/en\/wp-json\/wp\/v2\/media\/16496"}],"wp:attachment":[{"href":"https:\/\/skaitytaknyga.lt\/en\/wp-json\/wp\/v2\/media?parent=16495"}],"wp:term":[{"taxonomy":"product_brand","embeddable":true,"href":"https:\/\/skaitytaknyga.lt\/en\/wp-json\/wp\/v2\/product_brand?post=16495"},{"taxonomy":"product_cat","embeddable":true,"href":"https:\/\/skaitytaknyga.lt\/en\/wp-json\/wp\/v2\/product_cat?post=16495"},{"taxonomy":"product_tag","embeddable":true,"href":"https:\/\/skaitytaknyga.lt\/en\/wp-json\/wp\/v2\/product_tag?post=16495"}],"curies":[{"name":"wp","href":"https:\/\/api.w.org\/{rel}","templated":true}]}}