{"id":16487,"date":"2025-02-01T19:33:04","date_gmt":"2025-02-01T17:33:04","guid":{"rendered":"https:\/\/skaitytaknyga.lt\/?post_type=product&#038;p=16487"},"modified":"2025-02-01T19:45:45","modified_gmt":"2025-02-01T17:45:45","slug":"septynios-vienatves-paryziuje","status":"publish","type":"product","link":"https:\/\/skaitytaknyga.lt\/en\/produktas\/septynios-vienatves-paryziuje\/","title":{"rendered":"Septynios vienatv\u0117s Pary\u017eiuje"},"content":{"rendered":"<p>\u012etaigi, \u012fsp\u016bdinga\u00a0<strong>Oskaro Mila\u0161iaus<\/strong>\u00a0biografija, visas jo sud\u0117tingas gyvenimo kelias nuo gudi\u0161kosios \u010cer\u0117jos iki Pary\u017eiaus salon\u0173. Kaip sulenk\u0117jusio dvarininko ir neturtingos \u017eydait\u0117s s\u016bnus kopia \u012f pasaulines kult\u016bros auk\u0161tumas ir poezijos olimp\u0105, patiria Pary\u017eiaus bohemos pagundas, kurtizani\u0173 kerus ir skaud\u017ei\u0105 vienatv\u0119, kaip jame atgimsta lietuvyb\u0117 ir katalikyb\u0117, kol pagaliau \u012f\u017eymus poetas tampa Biblijos ai\u0161kintoju.<\/p>\n<p>Knyga \u012fdomumu prilygsta romanui.<\/p>\n<ul class=\"about-product d-none d-xl-block mt-4\">\n<li><strong>Autorius:<\/strong>\u00a0Laimonas Tapinas<\/li>\n<li><strong>Leid\u0117jas:<\/strong>\u00a0Spindulys<\/li>\n<li><strong>Metai:<\/strong>\u00a01993<\/li>\n<li><strong>Puslapiai:<\/strong>\u00a0473<\/li>\n<li class=\"toggleable type-new-formats \"><strong>Formatas:<\/strong>\u00a013 x 20,5 x 2,5 cm, kieti vir\u0161eliai<\/li>\n<li><strong>Kalba:<\/strong>\u00a0Lietuvi\u0173<\/li>\n<\/ul>\n","protected":false},"excerpt":{"rendered":"<p>\u012etaigi, \u012fsp\u016bdinga\u00a0Oskaro Mila\u0161iaus\u00a0biografija, visas jo sud\u0117tingas gyvenimo kelias nuo gudi\u0161kosios \u010cer\u0117jos iki Pary\u017eiaus salon\u0173. Kaip sulenk\u0117jusio dvarininko ir neturtingos \u017eydait\u0117s s\u016bnus kopia \u012f pasaulines kult\u016bros auk\u0161tumas ir poezijos olimp\u0105, patiria Pary\u017eiaus bohemos pagundas, kurtizani\u0173 kerus ir skaud\u017ei\u0105 vienatv\u0119, kaip jame atgimsta lietuvyb\u0117 ir katalikyb\u0117, kol pagaliau \u012f\u017eymus poetas tampa Biblijos ai\u0161kintoju. Knyga \u012fdomumu prilygsta romanui. Autorius:\u00a0Laimonas Tapinas Leid\u0117jas:\u00a0Spindulys Metai:\u00a01993 Puslapiai:\u00a0473 Formatas:\u00a013 x 20,5 x 2,5 cm, kieti vir\u0161eliai Kalba:\u00a0Lietuvi\u0173<\/p>\n","protected":false},"featured_media":16491,"comment_status":"open","ping_status":"closed","template":"","meta":{"_acf_changed":false,"site-sidebar-layout":"default","site-content-layout":"","ast-site-content-layout":"default","site-content-style":"default","site-sidebar-style":"default","ast-global-header-display":"","ast-banner-title-visibility":"","ast-main-header-display":"","ast-hfb-above-header-display":"","ast-hfb-below-header-display":"","ast-hfb-mobile-header-display":"","site-post-title":"","ast-breadcrumbs-content":"","ast-featured-img":"","footer-sml-layout":"","ast-disable-related-posts":"","theme-transparent-header-meta":"default","adv-header-id-meta":"","stick-header-meta":"","header-above-stick-meta":"","header-main-stick-meta":"","header-below-stick-meta":"","astra-migrate-meta-layouts":"set","ast-page-background-enabled":"default","ast-page-background-meta":{"desktop":{"background-color":"","background-image":"","background-repeat":"repeat","background-position":"center center","background-size":"auto","background-attachment":"scroll","background-type":"","background-media":"","overlay-type":"","overlay-color":"","overlay-opacity":"","overlay-gradient":""},"tablet":{"background-color":"","background-image":"","background-repeat":"repeat","background-position":"center center","background-size":"auto","background-attachment":"scroll","background-type":"","background-media":"","overlay-type":"","overlay-color":"","overlay-opacity":"","overlay-gradient":""},"mobile":{"background-color":"","background-image":"","background-repeat":"repeat","background-position":"center center","background-size":"auto","background-attachment":"scroll","background-type":"","background-media":"","overlay-type":"","overlay-color":"","overlay-opacity":"","overlay-gradient":""}},"ast-content-background-meta":{"desktop":{"background-color":"var(--ast-global-color-4)","background-image":"","background-repeat":"repeat","background-position":"center center","background-size":"auto","background-attachment":"scroll","background-type":"","background-media":"","overlay-type":"","overlay-color":"","overlay-opacity":"","overlay-gradient":""},"tablet":{"background-color":"var(--ast-global-color-4)","background-image":"","background-repeat":"repeat","background-position":"center center","background-size":"auto","background-attachment":"scroll","background-type":"","background-media":"","overlay-type":"","overlay-color":"","overlay-opacity":"","overlay-gradient":""},"mobile":{"background-color":"var(--ast-global-color-4)","background-image":"","background-repeat":"repeat","background-position":"center center","background-size":"auto","background-attachment":"scroll","background-type":"","background-media":"","overlay-type":"","overlay-color":"","overlay-opacity":"","overlay-gradient":""}}},"product_brand":[],"product_cat":[33],"product_tag":[],"class_list":{"0":"post-16487","1":"product","2":"type-product","3":"status-publish","4":"has-post-thumbnail","6":"product_cat-biografijos","7":"desktop-align-left","8":"tablet-align-left","9":"mobile-align-left","11":"first","12":"instock","13":"shipping-taxable","14":"purchasable","15":"product-type-simple"},"acf":[],"yoast_head":"<!-- This site is optimized with the Yoast SEO plugin v27.0 - https:\/\/yoast.com\/product\/yoast-seo-wordpress\/ -->\n<title>Septynios vienatv\u0117s Pary\u017eiuje<\/title>\n<meta name=\"description\" content=\"\u012etaigi, \u012fsp\u016bdinga\u00a0Oskaro Mila\u0161iaus\u00a0biografija, visas jo sud\u0117tingas gyvenimo kelias nuo gudi\u0161kosios \u010cer\u0117jos iki Pary\u017eiaus salon\u0173. Kaip sulenk\u0117jusio\" \/>\n<meta name=\"robots\" content=\"index, follow, max-snippet:-1, max-image-preview:large, max-video-preview:-1\" \/>\n<link rel=\"canonical\" href=\"https:\/\/skaitytaknyga.lt\/en\/produktas\/septynios-vienatves-paryziuje\/\" \/>\n<meta property=\"og:locale\" content=\"en_GB\" \/>\n<meta property=\"og:locale:alternate\" content=\"lt_LT\" \/>\n<meta property=\"og:type\" content=\"article\" \/>\n<meta property=\"og:title\" content=\"Septynios vienatv\u0117s Pary\u017eiuje\" \/>\n<meta property=\"og:description\" content=\"\u012etaigi, \u012fsp\u016bdinga\u00a0Oskaro Mila\u0161iaus\u00a0biografija, visas jo sud\u0117tingas gyvenimo kelias nuo gudi\u0161kosios \u010cer\u0117jos iki Pary\u017eiaus salon\u0173. Kaip sulenk\u0117jusio\" \/>\n<meta property=\"og:url\" content=\"https:\/\/skaitytaknyga.lt\/en\/produktas\/septynios-vienatves-paryziuje\/\" \/>\n<meta property=\"og:site_name\" content=\"Skaitytaknyga\" \/>\n<meta property=\"article:publisher\" content=\"https:\/\/www.facebook.com\/skaitytaknyga\/\" \/>\n<meta property=\"article:modified_time\" content=\"2025-02-01T17:45:45+00:00\" \/>\n<meta property=\"og:image\" content=\"https:\/\/skaitytaknyga.lt\/wp-content\/uploads\/2025\/02\/Septynios-vienatves-Paryziuje.webp\" \/>\n\t<meta property=\"og:image:width\" content=\"516\" \/>\n\t<meta property=\"og:image:height\" content=\"800\" \/>\n\t<meta property=\"og:image:type\" content=\"image\/webp\" \/>\n<meta name=\"twitter:card\" content=\"summary_large_image\" \/>\n<meta name=\"twitter:label1\" content=\"Estimated reading time\" \/>\n\t<meta name=\"twitter:data1\" content=\"1 minute\" \/>\n<script type=\"application\/ld+json\" class=\"yoast-schema-graph\">{\"@context\":\"https:\/\/schema.org\",\"@graph\":[{\"@type\":\"WebPage\",\"@id\":\"https:\/\/skaitytaknyga.lt\/produktas\/septynios-vienatves-paryziuje\/\",\"url\":\"https:\/\/skaitytaknyga.lt\/produktas\/septynios-vienatves-paryziuje\/\",\"name\":\"Septynios vienatv\u0117s Pary\u017eiuje\",\"isPartOf\":{\"@id\":\"https:\/\/skaitytaknyga.lt\/#website\"},\"primaryImageOfPage\":{\"@id\":\"https:\/\/skaitytaknyga.lt\/produktas\/septynios-vienatves-paryziuje\/#primaryimage\"},\"image\":{\"@id\":\"https:\/\/skaitytaknyga.lt\/produktas\/septynios-vienatves-paryziuje\/#primaryimage\"},\"thumbnailUrl\":\"https:\/\/skaitytaknyga.lt\/wp-content\/uploads\/2025\/02\/Septynios-vienatves-Paryziuje.webp\",\"datePublished\":\"2025-02-01T17:33:04+00:00\",\"dateModified\":\"2025-02-01T17:45:45+00:00\",\"description\":\"\u012etaigi, \u012fsp\u016bdinga\u00a0Oskaro Mila\u0161iaus\u00a0biografija, visas jo sud\u0117tingas gyvenimo kelias nuo gudi\u0161kosios \u010cer\u0117jos iki Pary\u017eiaus salon\u0173. Kaip sulenk\u0117jusio\",\"breadcrumb\":{\"@id\":\"https:\/\/skaitytaknyga.lt\/produktas\/septynios-vienatves-paryziuje\/#breadcrumb\"},\"inLanguage\":\"en-GB\",\"potentialAction\":[{\"@type\":\"ReadAction\",\"target\":[\"https:\/\/skaitytaknyga.lt\/produktas\/septynios-vienatves-paryziuje\/\"]}]},{\"@type\":\"ImageObject\",\"inLanguage\":\"en-GB\",\"@id\":\"https:\/\/skaitytaknyga.lt\/produktas\/septynios-vienatves-paryziuje\/#primaryimage\",\"url\":\"https:\/\/skaitytaknyga.lt\/wp-content\/uploads\/2025\/02\/Septynios-vienatves-Paryziuje.webp\",\"contentUrl\":\"https:\/\/skaitytaknyga.lt\/wp-content\/uploads\/2025\/02\/Septynios-vienatves-Paryziuje.webp\",\"width\":516,\"height\":800,\"caption\":\"Septynios vienatv\u0117s Pary\u017eiuje\"},{\"@type\":\"BreadcrumbList\",\"@id\":\"https:\/\/skaitytaknyga.lt\/produktas\/septynios-vienatves-paryziuje\/#breadcrumb\",\"itemListElement\":[{\"@type\":\"ListItem\",\"position\":1,\"name\":\"Home\",\"item\":\"https:\/\/skaitytaknyga.lt\/\"},{\"@type\":\"ListItem\",\"position\":2,\"name\":\"Parduotuv\u0117\",\"item\":\"https:\/\/skaitytaknyga.lt\/knygu-parduotuve\/\"},{\"@type\":\"ListItem\",\"position\":3,\"name\":\"Septynios vienatv\u0117s Pary\u017eiuje\"}]},{\"@type\":\"WebSite\",\"@id\":\"https:\/\/skaitytaknyga.lt\/#website\",\"url\":\"https:\/\/skaitytaknyga.lt\/\",\"name\":\"skaitytaknyga.lt\",\"description\":\"Skaitytaknyga.lt \u2013 tai ma\u017eas \u0161eimos verslas, kuris prasid\u0117jo nuo meil\u0117s knygoms ir siekio i\u0161gelb\u0117ti knygas nuo likimo prie konteinerio. Kas vienam nereikalingas daiktas \u2013 kitam lobis, o mes esame tarpininkai, kurie padeda abiems tapti laimingesniems ???? \u017dinome kaip nelengva i\u0161gyventi ma\u017eiems verslams, tad nuo \u0161iol, \u010dia rasite ir kit\u0173, ma\u017e\u0173 \u0161eim\u0173 versl\u0173, rank\u0173 darbo, dovan\u0173 sau ir artimiesiems.\",\"publisher\":{\"@id\":\"https:\/\/skaitytaknyga.lt\/#organization\"},\"potentialAction\":[{\"@type\":\"SearchAction\",\"target\":{\"@type\":\"EntryPoint\",\"urlTemplate\":\"https:\/\/skaitytaknyga.lt\/?s={search_term_string}\"},\"query-input\":{\"@type\":\"PropertyValueSpecification\",\"valueRequired\":true,\"valueName\":\"search_term_string\"}}],\"inLanguage\":\"en-GB\"},{\"@type\":\"Organization\",\"@id\":\"https:\/\/skaitytaknyga.lt\/#organization\",\"name\":\"skaitytaknyga.lt\",\"url\":\"https:\/\/skaitytaknyga.lt\/\",\"logo\":{\"@type\":\"ImageObject\",\"inLanguage\":\"en-GB\",\"@id\":\"https:\/\/skaitytaknyga.lt\/#\/schema\/logo\/image\/\",\"url\":\"https:\/\/skaitytaknyga.lt\/wp-content\/uploads\/2024\/05\/cropped-cropped-cropped-02_00843_jt3bggkj1j3HLc7SyY6rEUpg.jpeg\",\"contentUrl\":\"https:\/\/skaitytaknyga.lt\/wp-content\/uploads\/2024\/05\/cropped-cropped-cropped-02_00843_jt3bggkj1j3HLc7SyY6rEUpg.jpeg\",\"width\":1600,\"height\":1600,\"caption\":\"skaitytaknyga.lt\"},\"image\":{\"@id\":\"https:\/\/skaitytaknyga.lt\/#\/schema\/logo\/image\/\"},\"sameAs\":[\"https:\/\/www.facebook.com\/skaitytaknyga\/\"]}]}<\/script>\n<!-- \/ Yoast SEO plugin. -->","yoast_head_json":{"title":"Septynios vienatv\u0117s Pary\u017eiuje","description":"\u012etaigi, \u012fsp\u016bdinga\u00a0Oskaro Mila\u0161iaus\u00a0biografija, visas jo sud\u0117tingas gyvenimo kelias nuo gudi\u0161kosios \u010cer\u0117jos iki Pary\u017eiaus salon\u0173. Kaip sulenk\u0117jusio","robots":{"index":"index","follow":"follow","max-snippet":"max-snippet:-1","max-image-preview":"max-image-preview:large","max-video-preview":"max-video-preview:-1"},"canonical":"https:\/\/skaitytaknyga.lt\/en\/produktas\/septynios-vienatves-paryziuje\/","og_locale":"en_GB","og_type":"article","og_title":"[:lt]Septynios vienatv\u0117s Pary\u017eiuje[:] - Skaitytaknyga","og_description":"\u012etaigi, \u012fsp\u016bdinga\u00a0Oskaro Mila\u0161iaus\u00a0biografija, visas jo sud\u0117tingas gyvenimo kelias nuo gudi\u0161kosios \u010cer\u0117jos iki Pary\u017eiaus salon\u0173. Kaip sulenk\u0117jusio","og_url":"https:\/\/skaitytaknyga.lt\/en\/produktas\/septynios-vienatves-paryziuje\/","og_site_name":"Skaitytaknyga","article_publisher":"https:\/\/www.facebook.com\/skaitytaknyga\/","article_modified_time":"2025-02-01T17:45:45+00:00","og_image":[{"width":516,"height":800,"url":"https:\/\/skaitytaknyga.lt\/wp-content\/uploads\/2025\/02\/Septynios-vienatves-Paryziuje.webp","type":"image\/webp"}],"twitter_card":"summary_large_image","twitter_misc":{"Estimated reading time":"1 minute"},"schema":{"@context":"https:\/\/schema.org","@graph":[{"@type":"WebPage","@id":"https:\/\/skaitytaknyga.lt\/produktas\/septynios-vienatves-paryziuje\/","url":"https:\/\/skaitytaknyga.lt\/produktas\/septynios-vienatves-paryziuje\/","name":"Septynios vienatv\u0117s Pary\u017eiuje","isPartOf":{"@id":"https:\/\/skaitytaknyga.lt\/#website"},"primaryImageOfPage":{"@id":"https:\/\/skaitytaknyga.lt\/produktas\/septynios-vienatves-paryziuje\/#primaryimage"},"image":{"@id":"https:\/\/skaitytaknyga.lt\/produktas\/septynios-vienatves-paryziuje\/#primaryimage"},"thumbnailUrl":"https:\/\/skaitytaknyga.lt\/wp-content\/uploads\/2025\/02\/Septynios-vienatves-Paryziuje.webp","datePublished":"2025-02-01T17:33:04+00:00","dateModified":"2025-02-01T17:45:45+00:00","description":"\u012etaigi, \u012fsp\u016bdinga\u00a0Oskaro Mila\u0161iaus\u00a0biografija, visas jo sud\u0117tingas gyvenimo kelias nuo gudi\u0161kosios \u010cer\u0117jos iki Pary\u017eiaus salon\u0173. Kaip sulenk\u0117jusio","breadcrumb":{"@id":"https:\/\/skaitytaknyga.lt\/produktas\/septynios-vienatves-paryziuje\/#breadcrumb"},"inLanguage":"en-GB","potentialAction":[{"@type":"ReadAction","target":["https:\/\/skaitytaknyga.lt\/produktas\/septynios-vienatves-paryziuje\/"]}]},{"@type":"ImageObject","inLanguage":"en-GB","@id":"https:\/\/skaitytaknyga.lt\/produktas\/septynios-vienatves-paryziuje\/#primaryimage","url":"https:\/\/skaitytaknyga.lt\/wp-content\/uploads\/2025\/02\/Septynios-vienatves-Paryziuje.webp","contentUrl":"https:\/\/skaitytaknyga.lt\/wp-content\/uploads\/2025\/02\/Septynios-vienatves-Paryziuje.webp","width":516,"height":800,"caption":"Septynios vienatv\u0117s Pary\u017eiuje"},{"@type":"BreadcrumbList","@id":"https:\/\/skaitytaknyga.lt\/produktas\/septynios-vienatves-paryziuje\/#breadcrumb","itemListElement":[{"@type":"ListItem","position":1,"name":"Home","item":"https:\/\/skaitytaknyga.lt\/"},{"@type":"ListItem","position":2,"name":"Parduotuv\u0117","item":"https:\/\/skaitytaknyga.lt\/knygu-parduotuve\/"},{"@type":"ListItem","position":3,"name":"Septynios vienatv\u0117s Pary\u017eiuje"}]},{"@type":"WebSite","@id":"https:\/\/skaitytaknyga.lt\/#website","url":"https:\/\/skaitytaknyga.lt\/","name":"skaitytaknyga.lt","description":"Skaitytaknyga.lt \u2013 tai ma\u017eas \u0161eimos verslas, kuris prasid\u0117jo nuo meil\u0117s knygoms ir siekio i\u0161gelb\u0117ti knygas nuo likimo prie konteinerio. Kas vienam nereikalingas daiktas \u2013 kitam lobis, o mes esame tarpininkai, kurie padeda abiems tapti laimingesniems ???? \u017dinome kaip nelengva i\u0161gyventi ma\u017eiems verslams, tad nuo \u0161iol, \u010dia rasite ir kit\u0173, ma\u017e\u0173 \u0161eim\u0173 versl\u0173, rank\u0173 darbo, dovan\u0173 sau ir artimiesiems.","publisher":{"@id":"https:\/\/skaitytaknyga.lt\/#organization"},"potentialAction":[{"@type":"SearchAction","target":{"@type":"EntryPoint","urlTemplate":"https:\/\/skaitytaknyga.lt\/?s={search_term_string}"},"query-input":{"@type":"PropertyValueSpecification","valueRequired":true,"valueName":"search_term_string"}}],"inLanguage":"en-GB"},{"@type":"Organization","@id":"https:\/\/skaitytaknyga.lt\/#organization","name":"skaitytaknyga.lt","url":"https:\/\/skaitytaknyga.lt\/","logo":{"@type":"ImageObject","inLanguage":"en-GB","@id":"https:\/\/skaitytaknyga.lt\/#\/schema\/logo\/image\/","url":"https:\/\/skaitytaknyga.lt\/wp-content\/uploads\/2024\/05\/cropped-cropped-cropped-02_00843_jt3bggkj1j3HLc7SyY6rEUpg.jpeg","contentUrl":"https:\/\/skaitytaknyga.lt\/wp-content\/uploads\/2024\/05\/cropped-cropped-cropped-02_00843_jt3bggkj1j3HLc7SyY6rEUpg.jpeg","width":1600,"height":1600,"caption":"skaitytaknyga.lt"},"image":{"@id":"https:\/\/skaitytaknyga.lt\/#\/schema\/logo\/image\/"},"sameAs":["https:\/\/www.facebook.com\/skaitytaknyga\/"]}]}},"_links":{"self":[{"href":"https:\/\/skaitytaknyga.lt\/en\/wp-json\/wp\/v2\/product\/16487","targetHints":{"allow":["GET"]}}],"collection":[{"href":"https:\/\/skaitytaknyga.lt\/en\/wp-json\/wp\/v2\/product"}],"about":[{"href":"https:\/\/skaitytaknyga.lt\/en\/wp-json\/wp\/v2\/types\/product"}],"replies":[{"embeddable":true,"href":"https:\/\/skaitytaknyga.lt\/en\/wp-json\/wp\/v2\/comments?post=16487"}],"wp:featuredmedia":[{"embeddable":true,"href":"https:\/\/skaitytaknyga.lt\/en\/wp-json\/wp\/v2\/media\/16491"}],"wp:attachment":[{"href":"https:\/\/skaitytaknyga.lt\/en\/wp-json\/wp\/v2\/media?parent=16487"}],"wp:term":[{"taxonomy":"product_brand","embeddable":true,"href":"https:\/\/skaitytaknyga.lt\/en\/wp-json\/wp\/v2\/product_brand?post=16487"},{"taxonomy":"product_cat","embeddable":true,"href":"https:\/\/skaitytaknyga.lt\/en\/wp-json\/wp\/v2\/product_cat?post=16487"},{"taxonomy":"product_tag","embeddable":true,"href":"https:\/\/skaitytaknyga.lt\/en\/wp-json\/wp\/v2\/product_tag?post=16487"}],"curies":[{"name":"wp","href":"https:\/\/api.w.org\/{rel}","templated":true}]}}