{"id":16485,"date":"2025-02-01T19:30:41","date_gmt":"2025-02-01T17:30:41","guid":{"rendered":"https:\/\/skaitytaknyga.lt\/?post_type=product&#038;p=16485"},"modified":"2025-02-01T19:32:04","modified_gmt":"2025-02-01T17:32:04","slug":"justinas-marcinkevicius-eilerasciai-mazosios-poemos","status":"publish","type":"product","link":"https:\/\/skaitytaknyga.lt\/en\/produktas\/justinas-marcinkevicius-eilerasciai-mazosios-poemos\/","title":{"rendered":"Justinas Marcinkevi\u010dius. Eil\u0117ra\u0161\u010diai. Ma\u017eosios poemos"},"content":{"rendered":"<p>Knygoje sud\u0117ti 1953-1975 met\u0173 eil\u0117ra\u0161\u010diai, ma\u017eosios poemos.<\/p>\n<div class=\"col-12 col-xl-4 product-img-wrapper product-photo -order-1 order-xl-0\">\n<ul class=\"about-product d-none d-xl-block mt-4\">\n<li><strong>Autorius:<\/strong>\u00a0Justinas Marcinkevi\u010dius<\/li>\n<li><strong>Leid\u0117jas:<\/strong>\u00a0Vaga<\/li>\n<li><strong>Metai:<\/strong>\u00a01975<\/li>\n<li><strong>Puslapiai:<\/strong>\u00a0402<\/li>\n<li class=\"toggleable type-new-formats \"><strong>Formatas:<\/strong>\u00a013,5 x 20,5 x 2,4 cm, kieti vir\u0161eliai<\/li>\n<\/ul>\n<\/div>\n<div class=\"col-12 col-xl-8 book-descript-wrapper pl-xl-5 -order-0 order-xl-1\">\n<div class=\"book-title mb-2 mb-lg-3\"><\/div>\n<section class=\"testimonials-wrapper mb-3\">\n<section id=\"testimonials-slider\" class=\"cd-testimonials one-time slider d-none d-xl-block swiper swiper-container swiper-initialized swiper-horizontal swiper-backface-hidden\">\n<div class=\"swiper-wrapper\"><\/div>\n<\/section>\n<\/section>\n<div class=\"book-type-wrapper\"><\/div>\n<div class=\"d-none d-xl-block\"><\/div>\n<section class=\"product-descript more-content-wrapper position-relative d-none d-xl-block pb-4\"><input id=\"more-book-description\" type=\"checkbox\" \/><\/p>\n<div class=\"\"><\/div>\n<\/section>\n<\/div>\n","protected":false},"excerpt":{"rendered":"<p>Knygoje sud\u0117ti 1953-1975 met\u0173 eil\u0117ra\u0161\u010diai, ma\u017eosios poemos. Autorius:\u00a0Justinas Marcinkevi\u010dius Leid\u0117jas:\u00a0Vaga Metai:\u00a01975 Puslapiai:\u00a0402 Formatas:\u00a013,5 x 20,5 x 2,4 cm, kieti vir\u0161eliai<\/p>\n","protected":false},"featured_media":16486,"comment_status":"closed","ping_status":"closed","template":"","meta":{"_acf_changed":false,"site-sidebar-layout":"default","site-content-layout":"","ast-site-content-layout":"default","site-content-style":"default","site-sidebar-style":"default","ast-global-header-display":"","ast-banner-title-visibility":"","ast-main-header-display":"","ast-hfb-above-header-display":"","ast-hfb-below-header-display":"","ast-hfb-mobile-header-display":"","site-post-title":"","ast-breadcrumbs-content":"","ast-featured-img":"","footer-sml-layout":"","ast-disable-related-posts":"","theme-transparent-header-meta":"default","adv-header-id-meta":"","stick-header-meta":"","header-above-stick-meta":"","header-main-stick-meta":"","header-below-stick-meta":"","astra-migrate-meta-layouts":"set","ast-page-background-enabled":"default","ast-page-background-meta":{"desktop":{"background-color":"","background-image":"","background-repeat":"repeat","background-position":"center center","background-size":"auto","background-attachment":"scroll","background-type":"","background-media":"","overlay-type":"","overlay-color":"","overlay-opacity":"","overlay-gradient":""},"tablet":{"background-color":"","background-image":"","background-repeat":"repeat","background-position":"center center","background-size":"auto","background-attachment":"scroll","background-type":"","background-media":"","overlay-type":"","overlay-color":"","overlay-opacity":"","overlay-gradient":""},"mobile":{"background-color":"","background-image":"","background-repeat":"repeat","background-position":"center center","background-size":"auto","background-attachment":"scroll","background-type":"","background-media":"","overlay-type":"","overlay-color":"","overlay-opacity":"","overlay-gradient":""}},"ast-content-background-meta":{"desktop":{"background-color":"var(--ast-global-color-4)","background-image":"","background-repeat":"repeat","background-position":"center center","background-size":"auto","background-attachment":"scroll","background-type":"","background-media":"","overlay-type":"","overlay-color":"","overlay-opacity":"","overlay-gradient":""},"tablet":{"background-color":"var(--ast-global-color-4)","background-image":"","background-repeat":"repeat","background-position":"center center","background-size":"auto","background-attachment":"scroll","background-type":"","background-media":"","overlay-type":"","overlay-color":"","overlay-opacity":"","overlay-gradient":""},"mobile":{"background-color":"var(--ast-global-color-4)","background-image":"","background-repeat":"repeat","background-position":"center center","background-size":"auto","background-attachment":"scroll","background-type":"","background-media":"","overlay-type":"","overlay-color":"","overlay-opacity":"","overlay-gradient":""}}},"product_brand":[],"product_cat":[1085],"product_tag":[],"class_list":{"0":"post-16485","1":"product","2":"type-product","3":"status-publish","4":"has-post-thumbnail","6":"product_cat-poezija","7":"desktop-align-left","8":"tablet-align-left","9":"mobile-align-left","11":"first","12":"instock","13":"shipping-taxable","14":"purchasable","15":"product-type-simple"},"acf":[],"yoast_head":"<!-- This site is optimized with the Yoast SEO plugin v27.0 - https:\/\/yoast.com\/product\/yoast-seo-wordpress\/ -->\n<title>Justinas Marcinkevi\u010dius. Eil\u0117ra\u0161\u010diai. Ma\u017eosios poemos<\/title>\n<meta name=\"description\" content=\"Knygoje sud\u0117ti 1953-1975 met\u0173 eil\u0117ra\u0161\u010diai, ma\u017eosios poemos. Autorius:\u00a0Justinas Marcinkevi\u010dius Leid\u0117jas:\u00a0Vaga Metai:\u00a01975 Puslapiai:\u00a0402 Formatas:\u00a013,5 x\" \/>\n<meta name=\"robots\" content=\"index, follow, max-snippet:-1, max-image-preview:large, max-video-preview:-1\" \/>\n<link rel=\"canonical\" href=\"https:\/\/skaitytaknyga.lt\/en\/produktas\/justinas-marcinkevicius-eilerasciai-mazosios-poemos\/\" \/>\n<meta property=\"og:locale\" content=\"en_GB\" \/>\n<meta property=\"og:locale:alternate\" content=\"lt_LT\" \/>\n<meta property=\"og:type\" content=\"article\" \/>\n<meta property=\"og:title\" content=\"Justinas Marcinkevi\u010dius. Eil\u0117ra\u0161\u010diai. Ma\u017eosios poemos\" \/>\n<meta property=\"og:description\" content=\"Knygoje sud\u0117ti 1953-1975 met\u0173 eil\u0117ra\u0161\u010diai, ma\u017eosios poemos. Autorius:\u00a0Justinas Marcinkevi\u010dius Leid\u0117jas:\u00a0Vaga Metai:\u00a01975 Puslapiai:\u00a0402 Formatas:\u00a013,5 x\" \/>\n<meta property=\"og:url\" content=\"https:\/\/skaitytaknyga.lt\/en\/produktas\/justinas-marcinkevicius-eilerasciai-mazosios-poemos\/\" \/>\n<meta property=\"og:site_name\" content=\"Skaitytaknyga\" \/>\n<meta property=\"article:publisher\" content=\"https:\/\/www.facebook.com\/skaitytaknyga\/\" \/>\n<meta property=\"article:modified_time\" content=\"2025-02-01T17:32:04+00:00\" \/>\n<meta property=\"og:image\" content=\"https:\/\/skaitytaknyga.lt\/wp-content\/uploads\/2025\/02\/Justinas-Marcinkevicius.-Eilerasciai.-Mazosios-poemos.webp\" \/>\n\t<meta property=\"og:image:width\" content=\"520\" \/>\n\t<meta property=\"og:image:height\" content=\"800\" \/>\n\t<meta property=\"og:image:type\" content=\"image\/webp\" \/>\n<meta name=\"twitter:card\" content=\"summary_large_image\" \/>\n<meta name=\"twitter:label1\" content=\"Estimated reading time\" \/>\n\t<meta name=\"twitter:data1\" content=\"1 minute\" \/>\n<script type=\"application\/ld+json\" class=\"yoast-schema-graph\">{\"@context\":\"https:\/\/schema.org\",\"@graph\":[{\"@type\":\"WebPage\",\"@id\":\"https:\/\/skaitytaknyga.lt\/produktas\/justinas-marcinkevicius-eilerasciai-mazosios-poemos\/\",\"url\":\"https:\/\/skaitytaknyga.lt\/produktas\/justinas-marcinkevicius-eilerasciai-mazosios-poemos\/\",\"name\":\"Justinas Marcinkevi\u010dius. Eil\u0117ra\u0161\u010diai. Ma\u017eosios poemos\",\"isPartOf\":{\"@id\":\"https:\/\/skaitytaknyga.lt\/#website\"},\"primaryImageOfPage\":{\"@id\":\"https:\/\/skaitytaknyga.lt\/produktas\/justinas-marcinkevicius-eilerasciai-mazosios-poemos\/#primaryimage\"},\"image\":{\"@id\":\"https:\/\/skaitytaknyga.lt\/produktas\/justinas-marcinkevicius-eilerasciai-mazosios-poemos\/#primaryimage\"},\"thumbnailUrl\":\"https:\/\/skaitytaknyga.lt\/wp-content\/uploads\/2025\/02\/Justinas-Marcinkevicius.-Eilerasciai.-Mazosios-poemos.webp\",\"datePublished\":\"2025-02-01T17:30:41+00:00\",\"dateModified\":\"2025-02-01T17:32:04+00:00\",\"description\":\"Knygoje sud\u0117ti 1953-1975 met\u0173 eil\u0117ra\u0161\u010diai, ma\u017eosios poemos. Autorius:\u00a0Justinas Marcinkevi\u010dius Leid\u0117jas:\u00a0Vaga Metai:\u00a01975 Puslapiai:\u00a0402 Formatas:\u00a013,5 x\",\"breadcrumb\":{\"@id\":\"https:\/\/skaitytaknyga.lt\/produktas\/justinas-marcinkevicius-eilerasciai-mazosios-poemos\/#breadcrumb\"},\"inLanguage\":\"en-GB\",\"potentialAction\":[{\"@type\":\"ReadAction\",\"target\":[\"https:\/\/skaitytaknyga.lt\/produktas\/justinas-marcinkevicius-eilerasciai-mazosios-poemos\/\"]}]},{\"@type\":\"ImageObject\",\"inLanguage\":\"en-GB\",\"@id\":\"https:\/\/skaitytaknyga.lt\/produktas\/justinas-marcinkevicius-eilerasciai-mazosios-poemos\/#primaryimage\",\"url\":\"https:\/\/skaitytaknyga.lt\/wp-content\/uploads\/2025\/02\/Justinas-Marcinkevicius.-Eilerasciai.-Mazosios-poemos.webp\",\"contentUrl\":\"https:\/\/skaitytaknyga.lt\/wp-content\/uploads\/2025\/02\/Justinas-Marcinkevicius.-Eilerasciai.-Mazosios-poemos.webp\",\"width\":520,\"height\":800,\"caption\":\"Justinas Marcinkevi\u010dius. Eil\u0117ra\u0161\u010diai. Ma\u017eosios poemos\"},{\"@type\":\"BreadcrumbList\",\"@id\":\"https:\/\/skaitytaknyga.lt\/produktas\/justinas-marcinkevicius-eilerasciai-mazosios-poemos\/#breadcrumb\",\"itemListElement\":[{\"@type\":\"ListItem\",\"position\":1,\"name\":\"Home\",\"item\":\"https:\/\/skaitytaknyga.lt\/\"},{\"@type\":\"ListItem\",\"position\":2,\"name\":\"Parduotuv\u0117\",\"item\":\"https:\/\/skaitytaknyga.lt\/knygu-parduotuve\/\"},{\"@type\":\"ListItem\",\"position\":3,\"name\":\"Justinas Marcinkevi\u010dius. Eil\u0117ra\u0161\u010diai. Ma\u017eosios poemos\"}]},{\"@type\":\"WebSite\",\"@id\":\"https:\/\/skaitytaknyga.lt\/#website\",\"url\":\"https:\/\/skaitytaknyga.lt\/\",\"name\":\"skaitytaknyga.lt\",\"description\":\"Skaitytaknyga.lt \u2013 tai ma\u017eas \u0161eimos verslas, kuris prasid\u0117jo nuo meil\u0117s knygoms ir siekio i\u0161gelb\u0117ti knygas nuo likimo prie konteinerio. Kas vienam nereikalingas daiktas \u2013 kitam lobis, o mes esame tarpininkai, kurie padeda abiems tapti laimingesniems ???? \u017dinome kaip nelengva i\u0161gyventi ma\u017eiems verslams, tad nuo \u0161iol, \u010dia rasite ir kit\u0173, ma\u017e\u0173 \u0161eim\u0173 versl\u0173, rank\u0173 darbo, dovan\u0173 sau ir artimiesiems.\",\"publisher\":{\"@id\":\"https:\/\/skaitytaknyga.lt\/#organization\"},\"potentialAction\":[{\"@type\":\"SearchAction\",\"target\":{\"@type\":\"EntryPoint\",\"urlTemplate\":\"https:\/\/skaitytaknyga.lt\/?s={search_term_string}\"},\"query-input\":{\"@type\":\"PropertyValueSpecification\",\"valueRequired\":true,\"valueName\":\"search_term_string\"}}],\"inLanguage\":\"en-GB\"},{\"@type\":\"Organization\",\"@id\":\"https:\/\/skaitytaknyga.lt\/#organization\",\"name\":\"skaitytaknyga.lt\",\"url\":\"https:\/\/skaitytaknyga.lt\/\",\"logo\":{\"@type\":\"ImageObject\",\"inLanguage\":\"en-GB\",\"@id\":\"https:\/\/skaitytaknyga.lt\/#\/schema\/logo\/image\/\",\"url\":\"https:\/\/skaitytaknyga.lt\/wp-content\/uploads\/2024\/05\/cropped-cropped-cropped-02_00843_jt3bggkj1j3HLc7SyY6rEUpg.jpeg\",\"contentUrl\":\"https:\/\/skaitytaknyga.lt\/wp-content\/uploads\/2024\/05\/cropped-cropped-cropped-02_00843_jt3bggkj1j3HLc7SyY6rEUpg.jpeg\",\"width\":1600,\"height\":1600,\"caption\":\"skaitytaknyga.lt\"},\"image\":{\"@id\":\"https:\/\/skaitytaknyga.lt\/#\/schema\/logo\/image\/\"},\"sameAs\":[\"https:\/\/www.facebook.com\/skaitytaknyga\/\"]}]}<\/script>\n<!-- \/ Yoast SEO plugin. -->","yoast_head_json":{"title":"Justinas Marcinkevi\u010dius. Eil\u0117ra\u0161\u010diai. Ma\u017eosios poemos","description":"Knygoje sud\u0117ti 1953-1975 met\u0173 eil\u0117ra\u0161\u010diai, ma\u017eosios poemos. Autorius:\u00a0Justinas Marcinkevi\u010dius Leid\u0117jas:\u00a0Vaga Metai:\u00a01975 Puslapiai:\u00a0402 Formatas:\u00a013,5 x","robots":{"index":"index","follow":"follow","max-snippet":"max-snippet:-1","max-image-preview":"max-image-preview:large","max-video-preview":"max-video-preview:-1"},"canonical":"https:\/\/skaitytaknyga.lt\/en\/produktas\/justinas-marcinkevicius-eilerasciai-mazosios-poemos\/","og_locale":"en_GB","og_type":"article","og_title":"[:lt]Justinas Marcinkevi\u010dius. Eil\u0117ra\u0161\u010diai. Ma\u017eosios poemos[:] - Skaitytaknyga","og_description":"Knygoje sud\u0117ti 1953-1975 met\u0173 eil\u0117ra\u0161\u010diai, ma\u017eosios poemos. Autorius:\u00a0Justinas Marcinkevi\u010dius Leid\u0117jas:\u00a0Vaga Metai:\u00a01975 Puslapiai:\u00a0402 Formatas:\u00a013,5 x","og_url":"https:\/\/skaitytaknyga.lt\/en\/produktas\/justinas-marcinkevicius-eilerasciai-mazosios-poemos\/","og_site_name":"Skaitytaknyga","article_publisher":"https:\/\/www.facebook.com\/skaitytaknyga\/","article_modified_time":"2025-02-01T17:32:04+00:00","og_image":[{"width":520,"height":800,"url":"https:\/\/skaitytaknyga.lt\/wp-content\/uploads\/2025\/02\/Justinas-Marcinkevicius.-Eilerasciai.-Mazosios-poemos.webp","type":"image\/webp"}],"twitter_card":"summary_large_image","twitter_misc":{"Estimated reading time":"1 minute"},"schema":{"@context":"https:\/\/schema.org","@graph":[{"@type":"WebPage","@id":"https:\/\/skaitytaknyga.lt\/produktas\/justinas-marcinkevicius-eilerasciai-mazosios-poemos\/","url":"https:\/\/skaitytaknyga.lt\/produktas\/justinas-marcinkevicius-eilerasciai-mazosios-poemos\/","name":"Justinas Marcinkevi\u010dius. Eil\u0117ra\u0161\u010diai. Ma\u017eosios poemos","isPartOf":{"@id":"https:\/\/skaitytaknyga.lt\/#website"},"primaryImageOfPage":{"@id":"https:\/\/skaitytaknyga.lt\/produktas\/justinas-marcinkevicius-eilerasciai-mazosios-poemos\/#primaryimage"},"image":{"@id":"https:\/\/skaitytaknyga.lt\/produktas\/justinas-marcinkevicius-eilerasciai-mazosios-poemos\/#primaryimage"},"thumbnailUrl":"https:\/\/skaitytaknyga.lt\/wp-content\/uploads\/2025\/02\/Justinas-Marcinkevicius.-Eilerasciai.-Mazosios-poemos.webp","datePublished":"2025-02-01T17:30:41+00:00","dateModified":"2025-02-01T17:32:04+00:00","description":"Knygoje sud\u0117ti 1953-1975 met\u0173 eil\u0117ra\u0161\u010diai, ma\u017eosios poemos. Autorius:\u00a0Justinas Marcinkevi\u010dius Leid\u0117jas:\u00a0Vaga Metai:\u00a01975 Puslapiai:\u00a0402 Formatas:\u00a013,5 x","breadcrumb":{"@id":"https:\/\/skaitytaknyga.lt\/produktas\/justinas-marcinkevicius-eilerasciai-mazosios-poemos\/#breadcrumb"},"inLanguage":"en-GB","potentialAction":[{"@type":"ReadAction","target":["https:\/\/skaitytaknyga.lt\/produktas\/justinas-marcinkevicius-eilerasciai-mazosios-poemos\/"]}]},{"@type":"ImageObject","inLanguage":"en-GB","@id":"https:\/\/skaitytaknyga.lt\/produktas\/justinas-marcinkevicius-eilerasciai-mazosios-poemos\/#primaryimage","url":"https:\/\/skaitytaknyga.lt\/wp-content\/uploads\/2025\/02\/Justinas-Marcinkevicius.-Eilerasciai.-Mazosios-poemos.webp","contentUrl":"https:\/\/skaitytaknyga.lt\/wp-content\/uploads\/2025\/02\/Justinas-Marcinkevicius.-Eilerasciai.-Mazosios-poemos.webp","width":520,"height":800,"caption":"Justinas Marcinkevi\u010dius. Eil\u0117ra\u0161\u010diai. Ma\u017eosios poemos"},{"@type":"BreadcrumbList","@id":"https:\/\/skaitytaknyga.lt\/produktas\/justinas-marcinkevicius-eilerasciai-mazosios-poemos\/#breadcrumb","itemListElement":[{"@type":"ListItem","position":1,"name":"Home","item":"https:\/\/skaitytaknyga.lt\/"},{"@type":"ListItem","position":2,"name":"Parduotuv\u0117","item":"https:\/\/skaitytaknyga.lt\/knygu-parduotuve\/"},{"@type":"ListItem","position":3,"name":"Justinas Marcinkevi\u010dius. Eil\u0117ra\u0161\u010diai. Ma\u017eosios poemos"}]},{"@type":"WebSite","@id":"https:\/\/skaitytaknyga.lt\/#website","url":"https:\/\/skaitytaknyga.lt\/","name":"skaitytaknyga.lt","description":"Skaitytaknyga.lt \u2013 tai ma\u017eas \u0161eimos verslas, kuris prasid\u0117jo nuo meil\u0117s knygoms ir siekio i\u0161gelb\u0117ti knygas nuo likimo prie konteinerio. Kas vienam nereikalingas daiktas \u2013 kitam lobis, o mes esame tarpininkai, kurie padeda abiems tapti laimingesniems ???? \u017dinome kaip nelengva i\u0161gyventi ma\u017eiems verslams, tad nuo \u0161iol, \u010dia rasite ir kit\u0173, ma\u017e\u0173 \u0161eim\u0173 versl\u0173, rank\u0173 darbo, dovan\u0173 sau ir artimiesiems.","publisher":{"@id":"https:\/\/skaitytaknyga.lt\/#organization"},"potentialAction":[{"@type":"SearchAction","target":{"@type":"EntryPoint","urlTemplate":"https:\/\/skaitytaknyga.lt\/?s={search_term_string}"},"query-input":{"@type":"PropertyValueSpecification","valueRequired":true,"valueName":"search_term_string"}}],"inLanguage":"en-GB"},{"@type":"Organization","@id":"https:\/\/skaitytaknyga.lt\/#organization","name":"skaitytaknyga.lt","url":"https:\/\/skaitytaknyga.lt\/","logo":{"@type":"ImageObject","inLanguage":"en-GB","@id":"https:\/\/skaitytaknyga.lt\/#\/schema\/logo\/image\/","url":"https:\/\/skaitytaknyga.lt\/wp-content\/uploads\/2024\/05\/cropped-cropped-cropped-02_00843_jt3bggkj1j3HLc7SyY6rEUpg.jpeg","contentUrl":"https:\/\/skaitytaknyga.lt\/wp-content\/uploads\/2024\/05\/cropped-cropped-cropped-02_00843_jt3bggkj1j3HLc7SyY6rEUpg.jpeg","width":1600,"height":1600,"caption":"skaitytaknyga.lt"},"image":{"@id":"https:\/\/skaitytaknyga.lt\/#\/schema\/logo\/image\/"},"sameAs":["https:\/\/www.facebook.com\/skaitytaknyga\/"]}]}},"_links":{"self":[{"href":"https:\/\/skaitytaknyga.lt\/en\/wp-json\/wp\/v2\/product\/16485","targetHints":{"allow":["GET"]}}],"collection":[{"href":"https:\/\/skaitytaknyga.lt\/en\/wp-json\/wp\/v2\/product"}],"about":[{"href":"https:\/\/skaitytaknyga.lt\/en\/wp-json\/wp\/v2\/types\/product"}],"replies":[{"embeddable":true,"href":"https:\/\/skaitytaknyga.lt\/en\/wp-json\/wp\/v2\/comments?post=16485"}],"wp:featuredmedia":[{"embeddable":true,"href":"https:\/\/skaitytaknyga.lt\/en\/wp-json\/wp\/v2\/media\/16486"}],"wp:attachment":[{"href":"https:\/\/skaitytaknyga.lt\/en\/wp-json\/wp\/v2\/media?parent=16485"}],"wp:term":[{"taxonomy":"product_brand","embeddable":true,"href":"https:\/\/skaitytaknyga.lt\/en\/wp-json\/wp\/v2\/product_brand?post=16485"},{"taxonomy":"product_cat","embeddable":true,"href":"https:\/\/skaitytaknyga.lt\/en\/wp-json\/wp\/v2\/product_cat?post=16485"},{"taxonomy":"product_tag","embeddable":true,"href":"https:\/\/skaitytaknyga.lt\/en\/wp-json\/wp\/v2\/product_tag?post=16485"}],"curies":[{"name":"wp","href":"https:\/\/api.w.org\/{rel}","templated":true}]}}