{"id":16483,"date":"2025-02-01T19:25:52","date_gmt":"2025-02-01T17:25:52","guid":{"rendered":"https:\/\/skaitytaknyga.lt\/?post_type=product&#038;p=16483"},"modified":"2025-02-22T21:59:28","modified_gmt":"2025-02-22T19:59:28","slug":"automobiliai-2","status":"publish","type":"product","link":"https:\/\/skaitytaknyga.lt\/en\/produktas\/automobiliai-2\/","title":{"rendered":"Automobiliai"},"content":{"rendered":"<div>\u0160iuolaikinio gyvenimo n\u0117 vienas ne\u012fsivaizduojame be automobili\u0173, kuri\u0173 srautas juda pasaulio keliais. Kadangi vienos ar kito r\u016b\u0161ies transporto priemoni\u0173 paklausa nesiliauja did\u0117jusi, tai ir ger\u0173 automobili\u0173 specialist\u0173 poreikis did\u0117ja.<\/p>\n<\/div>\n<div>\u0160is vadov\u0117lis kaip tik ir skirtas technini\u0173 specialybi\u0173 studentams, kurie auk\u0161tosiose bei technikos mokyklose kaupia automobili\u0173 sandaros ir prie\u017ei\u016bros \u017einias. Be abejo, knyga pravers ir kit\u0173 in\u017einerini\u0173 specialybi\u0173 studentams ir ypa\u010d transporto priemoni\u0173 eksploatavimo bei prie\u017ei\u016bros specialistams.<\/p>\n<\/div>\n<div>Did\u017eiausi\u0105 vadov\u0117lio dal\u012f sudaro i\u0161samus automobili\u0173 konstrukcijos nagrin\u0117jimas. Kituose skyriuose pateikti metal\u0173 technologijos, elektrotechnikos bei valdymo technikos pagrindai, reikalingi automobili\u0173 konstrukcij\u0173 studijoms papildyti. \u010cia rasite detalios informacijos apie elektronines ir reguliavimo sistemas, kuri\u0173 vis daugiau taikoma \u0161iuolaikiniuose automobiliuose, be to, knygoje aptariami varikli\u0173 galios ir ekonomi\u0161kumo didinimo bei degini\u0173 toksi\u0161kumo ma\u017einimo b\u016bdai, apra\u0161omi automobili\u0173 ir varikli\u0173 bandym\u0173 metodai.<\/p>\n<\/div>\n<div>Kadangi knygoje pateikiami Vokietijoje galiojantys standartai (DIN) ir nagrin\u0117jamos toje \u0161alyje paplitusios konstrukcijos, tai suteikia galimyb\u0119 lyginti Lietuvos ir u\u017esienio autotransporto situacij\u0105, pl\u0117sti akirat\u012f ir s\u0117kmingai mokytis bendr\u0173 specialybi\u0173 dalyk\u0173.<\/div>\n","protected":false},"excerpt":{"rendered":"<p>\u0160iuolaikinio gyvenimo n\u0117 vienas ne\u012fsivaizduojame be automobili\u0173, kuri\u0173 srautas juda pasaulio keliais. Kadangi vienos ar kito r\u016b\u0161ies transporto priemoni\u0173 paklausa nesiliauja did\u0117jusi, tai ir ger\u0173 automobili\u0173 specialist\u0173 poreikis did\u0117ja. \u0160is vadov\u0117lis kaip tik ir skirtas technini\u0173 specialybi\u0173 studentams, kurie auk\u0161tosiose bei technikos mokyklose kaupia automobili\u0173 sandaros ir prie\u017ei\u016bros \u017einias. Be abejo, knyga pravers ir kit\u0173 in\u017einerini\u0173 specialybi\u0173 studentams ir ypa\u010d transporto priemoni\u0173 eksploatavimo bei prie\u017ei\u016bros specialistams. Did\u017eiausi\u0105 vadov\u0117lio dal\u012f sudaro i\u0161samus automobili\u0173 konstrukcijos nagrin\u0117jimas. Kituose skyriuose pateikti metal\u0173 technologijos, elektrotechnikos bei valdymo technikos pagrindai, reikalingi automobili\u0173 konstrukcij\u0173 studijoms papildyti. \u010cia rasite detalios informacijos apie elektronines ir reguliavimo sistemas, kuri\u0173 vis daugiau taikoma \u0161iuolaikiniuose automobiliuose, be to, knygoje aptariami varikli\u0173 galios ir ekonomi\u0161kumo didinimo bei degini\u0173 toksi\u0161kumo ma\u017einimo b\u016bdai, apra\u0161omi automobili\u0173 ir varikli\u0173 bandym\u0173 metodai. Kadangi knygoje pateikiami Vokietijoje galiojantys standartai (DIN) ir nagrin\u0117jamos toje \u0161alyje paplitusios konstrukcijos, tai suteikia galimyb\u0119 lyginti Lietuvos ir u\u017esienio autotransporto situacij\u0105, pl\u0117sti akirat\u012f ir s\u0117kmingai mokytis bendr\u0173 specialybi\u0173 dalyk\u0173.<\/p>\n","protected":false},"featured_media":16484,"comment_status":"open","ping_status":"closed","template":"","meta":{"_acf_changed":false,"site-sidebar-layout":"default","site-content-layout":"","ast-site-content-layout":"default","site-content-style":"default","site-sidebar-style":"default","ast-global-header-display":"","ast-banner-title-visibility":"","ast-main-header-display":"","ast-hfb-above-header-display":"","ast-hfb-below-header-display":"","ast-hfb-mobile-header-display":"","site-post-title":"","ast-breadcrumbs-content":"","ast-featured-img":"","footer-sml-layout":"","ast-disable-related-posts":"","theme-transparent-header-meta":"default","adv-header-id-meta":"","stick-header-meta":"","header-above-stick-meta":"","header-main-stick-meta":"","header-below-stick-meta":"","astra-migrate-meta-layouts":"set","ast-page-background-enabled":"default","ast-page-background-meta":{"desktop":{"background-color":"","background-image":"","background-repeat":"repeat","background-position":"center center","background-size":"auto","background-attachment":"scroll","background-type":"","background-media":"","overlay-type":"","overlay-color":"","overlay-opacity":"","overlay-gradient":""},"tablet":{"background-color":"","background-image":"","background-repeat":"repeat","background-position":"center center","background-size":"auto","background-attachment":"scroll","background-type":"","background-media":"","overlay-type":"","overlay-color":"","overlay-opacity":"","overlay-gradient":""},"mobile":{"background-color":"","background-image":"","background-repeat":"repeat","background-position":"center center","background-size":"auto","background-attachment":"scroll","background-type":"","background-media":"","overlay-type":"","overlay-color":"","overlay-opacity":"","overlay-gradient":""}},"ast-content-background-meta":{"desktop":{"background-color":"var(--ast-global-color-4)","background-image":"","background-repeat":"repeat","background-position":"center center","background-size":"auto","background-attachment":"scroll","background-type":"","background-media":"","overlay-type":"","overlay-color":"","overlay-opacity":"","overlay-gradient":""},"tablet":{"background-color":"var(--ast-global-color-4)","background-image":"","background-repeat":"repeat","background-position":"center center","background-size":"auto","background-attachment":"scroll","background-type":"","background-media":"","overlay-type":"","overlay-color":"","overlay-opacity":"","overlay-gradient":""},"mobile":{"background-color":"var(--ast-global-color-4)","background-image":"","background-repeat":"repeat","background-position":"center center","background-size":"auto","background-attachment":"scroll","background-type":"","background-media":"","overlay-type":"","overlay-color":"","overlay-opacity":"","overlay-gradient":""}}},"product_brand":[],"product_cat":[15,395],"product_tag":[],"class_list":{"0":"post-16483","1":"product","2":"type-product","3":"status-publish","4":"has-post-thumbnail","6":"product_cat-uncategorized","7":"product_cat-statyba-technika","8":"desktop-align-left","9":"tablet-align-left","10":"mobile-align-left","12":"first","13":"outofstock","14":"shipping-taxable","15":"purchasable","16":"product-type-simple"},"acf":[],"yoast_head":"<!-- This site is optimized with the Yoast SEO plugin v27.0 - https:\/\/yoast.com\/product\/yoast-seo-wordpress\/ -->\n<title>Automobiliai<\/title>\n<meta name=\"description\" content=\"\u0160iuolaikinio gyvenimo n\u0117 vienas ne\u012fsivaizduojame be automobili\u0173, kuri\u0173 srautas juda pasaulio keliais. Kadangi vienos ar kito r\u016b\u0161ies transporto priemoni\u0173\" \/>\n<meta name=\"robots\" content=\"index, follow, max-snippet:-1, max-image-preview:large, max-video-preview:-1\" \/>\n<link rel=\"canonical\" href=\"https:\/\/skaitytaknyga.lt\/en\/produktas\/automobiliai-2\/\" \/>\n<meta property=\"og:locale\" content=\"en_GB\" \/>\n<meta property=\"og:locale:alternate\" content=\"lt_LT\" \/>\n<meta property=\"og:type\" content=\"article\" \/>\n<meta property=\"og:title\" content=\"Automobiliai\" \/>\n<meta property=\"og:description\" content=\"\u0160iuolaikinio gyvenimo n\u0117 vienas ne\u012fsivaizduojame be automobili\u0173, kuri\u0173 srautas juda pasaulio keliais. Kadangi vienos ar kito r\u016b\u0161ies transporto priemoni\u0173\" \/>\n<meta property=\"og:url\" content=\"https:\/\/skaitytaknyga.lt\/en\/produktas\/automobiliai-2\/\" \/>\n<meta property=\"og:site_name\" content=\"Skaitytaknyga\" \/>\n<meta property=\"article:publisher\" content=\"https:\/\/www.facebook.com\/skaitytaknyga\/\" \/>\n<meta property=\"article:modified_time\" content=\"2025-02-22T19:59:28+00:00\" \/>\n<meta property=\"og:image\" content=\"https:\/\/skaitytaknyga.lt\/wp-content\/uploads\/2025\/02\/Automobiliai2.png\" \/>\n\t<meta property=\"og:image:width\" content=\"233\" \/>\n\t<meta property=\"og:image:height\" content=\"349\" \/>\n\t<meta property=\"og:image:type\" content=\"image\/png\" \/>\n<meta name=\"twitter:card\" content=\"summary_large_image\" \/>\n<meta name=\"twitter:label1\" content=\"Estimated reading time\" \/>\n\t<meta name=\"twitter:data1\" content=\"2 minutes\" \/>\n<script type=\"application\/ld+json\" class=\"yoast-schema-graph\">{\"@context\":\"https:\/\/schema.org\",\"@graph\":[{\"@type\":\"WebPage\",\"@id\":\"https:\/\/skaitytaknyga.lt\/produktas\/automobiliai-2\/\",\"url\":\"https:\/\/skaitytaknyga.lt\/produktas\/automobiliai-2\/\",\"name\":\"Automobiliai\",\"isPartOf\":{\"@id\":\"https:\/\/skaitytaknyga.lt\/#website\"},\"primaryImageOfPage\":{\"@id\":\"https:\/\/skaitytaknyga.lt\/produktas\/automobiliai-2\/#primaryimage\"},\"image\":{\"@id\":\"https:\/\/skaitytaknyga.lt\/produktas\/automobiliai-2\/#primaryimage\"},\"thumbnailUrl\":\"https:\/\/skaitytaknyga.lt\/wp-content\/uploads\/2025\/02\/Automobiliai2.png\",\"datePublished\":\"2025-02-01T17:25:52+00:00\",\"dateModified\":\"2025-02-22T19:59:28+00:00\",\"description\":\"\u0160iuolaikinio gyvenimo n\u0117 vienas ne\u012fsivaizduojame be automobili\u0173, kuri\u0173 srautas juda pasaulio keliais. Kadangi vienos ar kito r\u016b\u0161ies transporto priemoni\u0173\",\"breadcrumb\":{\"@id\":\"https:\/\/skaitytaknyga.lt\/produktas\/automobiliai-2\/#breadcrumb\"},\"inLanguage\":\"en-GB\",\"potentialAction\":[{\"@type\":\"ReadAction\",\"target\":[\"https:\/\/skaitytaknyga.lt\/produktas\/automobiliai-2\/\"]}]},{\"@type\":\"ImageObject\",\"inLanguage\":\"en-GB\",\"@id\":\"https:\/\/skaitytaknyga.lt\/produktas\/automobiliai-2\/#primaryimage\",\"url\":\"https:\/\/skaitytaknyga.lt\/wp-content\/uploads\/2025\/02\/Automobiliai2.png\",\"contentUrl\":\"https:\/\/skaitytaknyga.lt\/wp-content\/uploads\/2025\/02\/Automobiliai2.png\",\"width\":233,\"height\":349,\"caption\":\"Automobiliai\"},{\"@type\":\"BreadcrumbList\",\"@id\":\"https:\/\/skaitytaknyga.lt\/produktas\/automobiliai-2\/#breadcrumb\",\"itemListElement\":[{\"@type\":\"ListItem\",\"position\":1,\"name\":\"Home\",\"item\":\"https:\/\/skaitytaknyga.lt\/\"},{\"@type\":\"ListItem\",\"position\":2,\"name\":\"Parduotuv\u0117\",\"item\":\"https:\/\/skaitytaknyga.lt\/knygu-parduotuve\/\"},{\"@type\":\"ListItem\",\"position\":3,\"name\":\"Automobiliai\"}]},{\"@type\":\"WebSite\",\"@id\":\"https:\/\/skaitytaknyga.lt\/#website\",\"url\":\"https:\/\/skaitytaknyga.lt\/\",\"name\":\"skaitytaknyga.lt\",\"description\":\"Skaitytaknyga.lt \u2013 tai ma\u017eas \u0161eimos verslas, kuris prasid\u0117jo nuo meil\u0117s knygoms ir siekio i\u0161gelb\u0117ti knygas nuo likimo prie konteinerio. Kas vienam nereikalingas daiktas \u2013 kitam lobis, o mes esame tarpininkai, kurie padeda abiems tapti laimingesniems ???? \u017dinome kaip nelengva i\u0161gyventi ma\u017eiems verslams, tad nuo \u0161iol, \u010dia rasite ir kit\u0173, ma\u017e\u0173 \u0161eim\u0173 versl\u0173, rank\u0173 darbo, dovan\u0173 sau ir artimiesiems.\",\"publisher\":{\"@id\":\"https:\/\/skaitytaknyga.lt\/#organization\"},\"potentialAction\":[{\"@type\":\"SearchAction\",\"target\":{\"@type\":\"EntryPoint\",\"urlTemplate\":\"https:\/\/skaitytaknyga.lt\/?s={search_term_string}\"},\"query-input\":{\"@type\":\"PropertyValueSpecification\",\"valueRequired\":true,\"valueName\":\"search_term_string\"}}],\"inLanguage\":\"en-GB\"},{\"@type\":\"Organization\",\"@id\":\"https:\/\/skaitytaknyga.lt\/#organization\",\"name\":\"skaitytaknyga.lt\",\"url\":\"https:\/\/skaitytaknyga.lt\/\",\"logo\":{\"@type\":\"ImageObject\",\"inLanguage\":\"en-GB\",\"@id\":\"https:\/\/skaitytaknyga.lt\/#\/schema\/logo\/image\/\",\"url\":\"https:\/\/skaitytaknyga.lt\/wp-content\/uploads\/2024\/05\/cropped-cropped-cropped-02_00843_jt3bggkj1j3HLc7SyY6rEUpg.jpeg\",\"contentUrl\":\"https:\/\/skaitytaknyga.lt\/wp-content\/uploads\/2024\/05\/cropped-cropped-cropped-02_00843_jt3bggkj1j3HLc7SyY6rEUpg.jpeg\",\"width\":1600,\"height\":1600,\"caption\":\"skaitytaknyga.lt\"},\"image\":{\"@id\":\"https:\/\/skaitytaknyga.lt\/#\/schema\/logo\/image\/\"},\"sameAs\":[\"https:\/\/www.facebook.com\/skaitytaknyga\/\"]}]}<\/script>\n<!-- \/ Yoast SEO plugin. -->","yoast_head_json":{"title":"Automobiliai","description":"\u0160iuolaikinio gyvenimo n\u0117 vienas ne\u012fsivaizduojame be automobili\u0173, kuri\u0173 srautas juda pasaulio keliais. Kadangi vienos ar kito r\u016b\u0161ies transporto priemoni\u0173","robots":{"index":"index","follow":"follow","max-snippet":"max-snippet:-1","max-image-preview":"max-image-preview:large","max-video-preview":"max-video-preview:-1"},"canonical":"https:\/\/skaitytaknyga.lt\/en\/produktas\/automobiliai-2\/","og_locale":"en_GB","og_type":"article","og_title":"[:lt]Automobiliai[:] - Skaitytaknyga","og_description":"\u0160iuolaikinio gyvenimo n\u0117 vienas ne\u012fsivaizduojame be automobili\u0173, kuri\u0173 srautas juda pasaulio keliais. Kadangi vienos ar kito r\u016b\u0161ies transporto priemoni\u0173","og_url":"https:\/\/skaitytaknyga.lt\/en\/produktas\/automobiliai-2\/","og_site_name":"Skaitytaknyga","article_publisher":"https:\/\/www.facebook.com\/skaitytaknyga\/","article_modified_time":"2025-02-22T19:59:28+00:00","og_image":[{"width":233,"height":349,"url":"https:\/\/skaitytaknyga.lt\/wp-content\/uploads\/2025\/02\/Automobiliai2.png","type":"image\/png"}],"twitter_card":"summary_large_image","twitter_misc":{"Estimated reading time":"2 minutes"},"schema":{"@context":"https:\/\/schema.org","@graph":[{"@type":"WebPage","@id":"https:\/\/skaitytaknyga.lt\/produktas\/automobiliai-2\/","url":"https:\/\/skaitytaknyga.lt\/produktas\/automobiliai-2\/","name":"Automobiliai","isPartOf":{"@id":"https:\/\/skaitytaknyga.lt\/#website"},"primaryImageOfPage":{"@id":"https:\/\/skaitytaknyga.lt\/produktas\/automobiliai-2\/#primaryimage"},"image":{"@id":"https:\/\/skaitytaknyga.lt\/produktas\/automobiliai-2\/#primaryimage"},"thumbnailUrl":"https:\/\/skaitytaknyga.lt\/wp-content\/uploads\/2025\/02\/Automobiliai2.png","datePublished":"2025-02-01T17:25:52+00:00","dateModified":"2025-02-22T19:59:28+00:00","description":"\u0160iuolaikinio gyvenimo n\u0117 vienas ne\u012fsivaizduojame be automobili\u0173, kuri\u0173 srautas juda pasaulio keliais. Kadangi vienos ar kito r\u016b\u0161ies transporto priemoni\u0173","breadcrumb":{"@id":"https:\/\/skaitytaknyga.lt\/produktas\/automobiliai-2\/#breadcrumb"},"inLanguage":"en-GB","potentialAction":[{"@type":"ReadAction","target":["https:\/\/skaitytaknyga.lt\/produktas\/automobiliai-2\/"]}]},{"@type":"ImageObject","inLanguage":"en-GB","@id":"https:\/\/skaitytaknyga.lt\/produktas\/automobiliai-2\/#primaryimage","url":"https:\/\/skaitytaknyga.lt\/wp-content\/uploads\/2025\/02\/Automobiliai2.png","contentUrl":"https:\/\/skaitytaknyga.lt\/wp-content\/uploads\/2025\/02\/Automobiliai2.png","width":233,"height":349,"caption":"Automobiliai"},{"@type":"BreadcrumbList","@id":"https:\/\/skaitytaknyga.lt\/produktas\/automobiliai-2\/#breadcrumb","itemListElement":[{"@type":"ListItem","position":1,"name":"Home","item":"https:\/\/skaitytaknyga.lt\/"},{"@type":"ListItem","position":2,"name":"Parduotuv\u0117","item":"https:\/\/skaitytaknyga.lt\/knygu-parduotuve\/"},{"@type":"ListItem","position":3,"name":"Automobiliai"}]},{"@type":"WebSite","@id":"https:\/\/skaitytaknyga.lt\/#website","url":"https:\/\/skaitytaknyga.lt\/","name":"skaitytaknyga.lt","description":"Skaitytaknyga.lt \u2013 tai ma\u017eas \u0161eimos verslas, kuris prasid\u0117jo nuo meil\u0117s knygoms ir siekio i\u0161gelb\u0117ti knygas nuo likimo prie konteinerio. Kas vienam nereikalingas daiktas \u2013 kitam lobis, o mes esame tarpininkai, kurie padeda abiems tapti laimingesniems ???? \u017dinome kaip nelengva i\u0161gyventi ma\u017eiems verslams, tad nuo \u0161iol, \u010dia rasite ir kit\u0173, ma\u017e\u0173 \u0161eim\u0173 versl\u0173, rank\u0173 darbo, dovan\u0173 sau ir artimiesiems.","publisher":{"@id":"https:\/\/skaitytaknyga.lt\/#organization"},"potentialAction":[{"@type":"SearchAction","target":{"@type":"EntryPoint","urlTemplate":"https:\/\/skaitytaknyga.lt\/?s={search_term_string}"},"query-input":{"@type":"PropertyValueSpecification","valueRequired":true,"valueName":"search_term_string"}}],"inLanguage":"en-GB"},{"@type":"Organization","@id":"https:\/\/skaitytaknyga.lt\/#organization","name":"skaitytaknyga.lt","url":"https:\/\/skaitytaknyga.lt\/","logo":{"@type":"ImageObject","inLanguage":"en-GB","@id":"https:\/\/skaitytaknyga.lt\/#\/schema\/logo\/image\/","url":"https:\/\/skaitytaknyga.lt\/wp-content\/uploads\/2024\/05\/cropped-cropped-cropped-02_00843_jt3bggkj1j3HLc7SyY6rEUpg.jpeg","contentUrl":"https:\/\/skaitytaknyga.lt\/wp-content\/uploads\/2024\/05\/cropped-cropped-cropped-02_00843_jt3bggkj1j3HLc7SyY6rEUpg.jpeg","width":1600,"height":1600,"caption":"skaitytaknyga.lt"},"image":{"@id":"https:\/\/skaitytaknyga.lt\/#\/schema\/logo\/image\/"},"sameAs":["https:\/\/www.facebook.com\/skaitytaknyga\/"]}]}},"_links":{"self":[{"href":"https:\/\/skaitytaknyga.lt\/en\/wp-json\/wp\/v2\/product\/16483","targetHints":{"allow":["GET"]}}],"collection":[{"href":"https:\/\/skaitytaknyga.lt\/en\/wp-json\/wp\/v2\/product"}],"about":[{"href":"https:\/\/skaitytaknyga.lt\/en\/wp-json\/wp\/v2\/types\/product"}],"replies":[{"embeddable":true,"href":"https:\/\/skaitytaknyga.lt\/en\/wp-json\/wp\/v2\/comments?post=16483"}],"wp:featuredmedia":[{"embeddable":true,"href":"https:\/\/skaitytaknyga.lt\/en\/wp-json\/wp\/v2\/media\/16484"}],"wp:attachment":[{"href":"https:\/\/skaitytaknyga.lt\/en\/wp-json\/wp\/v2\/media?parent=16483"}],"wp:term":[{"taxonomy":"product_brand","embeddable":true,"href":"https:\/\/skaitytaknyga.lt\/en\/wp-json\/wp\/v2\/product_brand?post=16483"},{"taxonomy":"product_cat","embeddable":true,"href":"https:\/\/skaitytaknyga.lt\/en\/wp-json\/wp\/v2\/product_cat?post=16483"},{"taxonomy":"product_tag","embeddable":true,"href":"https:\/\/skaitytaknyga.lt\/en\/wp-json\/wp\/v2\/product_tag?post=16483"}],"curies":[{"name":"wp","href":"https:\/\/api.w.org\/{rel}","templated":true}]}}