{"id":16470,"date":"2025-02-01T18:48:30","date_gmt":"2025-02-01T16:48:30","guid":{"rendered":"https:\/\/skaitytaknyga.lt\/?post_type=product&#038;p=16470"},"modified":"2026-01-26T18:27:10","modified_gmt":"2026-01-26T16:27:10","slug":"keturios-tauriosios-tiesos-jo-sventenybe-dalai-lama","status":"publish","type":"product","link":"https:\/\/skaitytaknyga.lt\/en\/produktas\/keturios-tauriosios-tiesos-jo-sventenybe-dalai-lama\/","title":{"rendered":"Keturios tauriosios tiesos. Jo \u0160ventenyb\u0117 Dalai Lama"},"content":{"rendered":"<p>Keturios Tauriosios Tiesos \u2013 kent\u0117jimo, jo \u0161altinio, kan\u010di\u0173 baigties ir \u012f j\u0105 vedan\u010dio kelio tiesos &#8211; buvo pirmasis Budos pamokymas po nu\u0161vitimo.<\/p>\n<p>J\u012f ai\u0161kindamas Jo \u0160ventenyb\u0117 Dalai Lama taip pat apib\u016bdina santykin\u0117s ir absoliu\u010dios atjautos ry\u0161\u012f.<br \/>\nAutorius: Dalai Lama<br \/>\nMetai: 2004<br \/>\nPuslapiai: 147<br \/>\nISBN: 9789955518129<br \/>\nFormatas: 12 x 18,5 cm, kieti vir\u0161eliai<br \/>\nKalba: Lietuvi\u0173<br \/>\nVert\u0117jas: Algirdas Kugevi\u010dius<\/p>\n","protected":false},"excerpt":{"rendered":"<p>Keturios Tauriosios Tiesos \u2013 kent\u0117jimo, jo \u0161altinio, kan\u010di\u0173 baigties ir \u012f j\u0105 vedan\u010dio kelio tiesos &#8211; buvo pirmasis Budos pamokymas po nu\u0161vitimo. J\u012f ai\u0161kindamas Jo \u0160ventenyb\u0117 Dalai Lama taip pat apib\u016bdina santykin\u0117s ir absoliu\u010dios atjautos ry\u0161\u012f. Autorius: Dalai Lama Metai: 2004 Puslapiai: 147 ISBN: 9789955518129 Formatas: 12 x 18,5 cm, kieti vir\u0161eliai Kalba: Lietuvi\u0173 Vert\u0117jas: Algirdas Kugevi\u010dius<\/p>\n","protected":false},"featured_media":16560,"comment_status":"open","ping_status":"closed","template":"","meta":{"_acf_changed":false,"site-sidebar-layout":"default","site-content-layout":"","ast-site-content-layout":"default","site-content-style":"default","site-sidebar-style":"default","ast-global-header-display":"","ast-banner-title-visibility":"","ast-main-header-display":"","ast-hfb-above-header-display":"","ast-hfb-below-header-display":"","ast-hfb-mobile-header-display":"","site-post-title":"","ast-breadcrumbs-content":"","ast-featured-img":"","footer-sml-layout":"","ast-disable-related-posts":"","theme-transparent-header-meta":"default","adv-header-id-meta":"","stick-header-meta":"","header-above-stick-meta":"","header-main-stick-meta":"","header-below-stick-meta":"","astra-migrate-meta-layouts":"set","ast-page-background-enabled":"default","ast-page-background-meta":{"desktop":{"background-color":"","background-image":"","background-repeat":"repeat","background-position":"center center","background-size":"auto","background-attachment":"scroll","background-type":"","background-media":"","overlay-type":"","overlay-color":"","overlay-opacity":"","overlay-gradient":""},"tablet":{"background-color":"","background-image":"","background-repeat":"repeat","background-position":"center center","background-size":"auto","background-attachment":"scroll","background-type":"","background-media":"","overlay-type":"","overlay-color":"","overlay-opacity":"","overlay-gradient":""},"mobile":{"background-color":"","background-image":"","background-repeat":"repeat","background-position":"center center","background-size":"auto","background-attachment":"scroll","background-type":"","background-media":"","overlay-type":"","overlay-color":"","overlay-opacity":"","overlay-gradient":""}},"ast-content-background-meta":{"desktop":{"background-color":"var(--ast-global-color-4)","background-image":"","background-repeat":"repeat","background-position":"center center","background-size":"auto","background-attachment":"scroll","background-type":"","background-media":"","overlay-type":"","overlay-color":"","overlay-opacity":"","overlay-gradient":""},"tablet":{"background-color":"var(--ast-global-color-4)","background-image":"","background-repeat":"repeat","background-position":"center center","background-size":"auto","background-attachment":"scroll","background-type":"","background-media":"","overlay-type":"","overlay-color":"","overlay-opacity":"","overlay-gradient":""},"mobile":{"background-color":"var(--ast-global-color-4)","background-image":"","background-repeat":"repeat","background-position":"center center","background-size":"auto","background-attachment":"scroll","background-type":"","background-media":"","overlay-type":"","overlay-color":"","overlay-opacity":"","overlay-gradient":""}}},"product_brand":[],"product_cat":[15,165],"product_tag":[],"class_list":{"0":"post-16470","1":"product","2":"type-product","3":"status-publish","4":"has-post-thumbnail","6":"product_cat-uncategorized","7":"product_cat-religija-filosofija-ir-ezoterika","8":"desktop-align-left","9":"tablet-align-left","10":"mobile-align-left","12":"first","13":"outofstock","14":"shipping-taxable","15":"purchasable","16":"product-type-simple"},"acf":[],"yoast_head":"<!-- This site is optimized with the Yoast SEO plugin v27.0 - https:\/\/yoast.com\/product\/yoast-seo-wordpress\/ -->\n<title>Keturios tauriosios tiesos. Jo \u0160ventenyb\u0117 Dalai Lama<\/title>\n<meta name=\"description\" content=\"Keturios Tauriosios Tiesos \u2013 kent\u0117jimo, jo \u0161altinio, kan\u010di\u0173 baigties ir \u012f j\u0105 vedan\u010dio kelio tiesos - buvo pirmasis Budos pamokymas po nu\u0161vitimo. J\u012f\" \/>\n<meta name=\"robots\" content=\"index, follow, max-snippet:-1, max-image-preview:large, max-video-preview:-1\" \/>\n<link rel=\"canonical\" href=\"https:\/\/skaitytaknyga.lt\/en\/produktas\/keturios-tauriosios-tiesos-jo-sventenybe-dalai-lama\/\" \/>\n<meta property=\"og:locale\" content=\"en_GB\" \/>\n<meta property=\"og:locale:alternate\" content=\"lt_LT\" \/>\n<meta property=\"og:type\" content=\"article\" \/>\n<meta property=\"og:title\" content=\"Keturios tauriosios tiesos. Jo \u0160ventenyb\u0117 Dalai Lama\" \/>\n<meta property=\"og:description\" content=\"Keturios Tauriosios Tiesos \u2013 kent\u0117jimo, jo \u0161altinio, kan\u010di\u0173 baigties ir \u012f j\u0105 vedan\u010dio kelio tiesos - buvo pirmasis Budos pamokymas po nu\u0161vitimo. J\u012f\" \/>\n<meta property=\"og:url\" content=\"https:\/\/skaitytaknyga.lt\/en\/produktas\/keturios-tauriosios-tiesos-jo-sventenybe-dalai-lama\/\" \/>\n<meta property=\"og:site_name\" content=\"Skaitytaknyga\" \/>\n<meta property=\"article:publisher\" content=\"https:\/\/www.facebook.com\/skaitytaknyga\/\" \/>\n<meta property=\"article:modified_time\" content=\"2026-01-26T16:27:10+00:00\" \/>\n<meta property=\"og:image\" content=\"https:\/\/skaitytaknyga.lt\/wp-content\/uploads\/2025\/02\/Keturios-tauriosios-tiesos.webp\" \/>\n\t<meta property=\"og:image:width\" content=\"506\" \/>\n\t<meta property=\"og:image:height\" content=\"800\" \/>\n\t<meta property=\"og:image:type\" content=\"image\/webp\" \/>\n<meta name=\"twitter:card\" content=\"summary_large_image\" \/>\n<meta name=\"twitter:label1\" content=\"Estimated reading time\" \/>\n\t<meta name=\"twitter:data1\" content=\"1 minute\" \/>\n<script type=\"application\/ld+json\" class=\"yoast-schema-graph\">{\"@context\":\"https:\/\/schema.org\",\"@graph\":[{\"@type\":\"WebPage\",\"@id\":\"https:\/\/skaitytaknyga.lt\/produktas\/keturios-tauriosios-tiesos-jo-sventenybe-dalai-lama\/\",\"url\":\"https:\/\/skaitytaknyga.lt\/produktas\/keturios-tauriosios-tiesos-jo-sventenybe-dalai-lama\/\",\"name\":\"Keturios tauriosios tiesos. Jo \u0160ventenyb\u0117 Dalai Lama\",\"isPartOf\":{\"@id\":\"https:\/\/skaitytaknyga.lt\/#website\"},\"primaryImageOfPage\":{\"@id\":\"https:\/\/skaitytaknyga.lt\/produktas\/keturios-tauriosios-tiesos-jo-sventenybe-dalai-lama\/#primaryimage\"},\"image\":{\"@id\":\"https:\/\/skaitytaknyga.lt\/produktas\/keturios-tauriosios-tiesos-jo-sventenybe-dalai-lama\/#primaryimage\"},\"thumbnailUrl\":\"https:\/\/skaitytaknyga.lt\/wp-content\/uploads\/2025\/02\/Keturios-tauriosios-tiesos.webp\",\"datePublished\":\"2025-02-01T16:48:30+00:00\",\"dateModified\":\"2026-01-26T16:27:10+00:00\",\"description\":\"Keturios Tauriosios Tiesos \u2013 kent\u0117jimo, jo \u0161altinio, kan\u010di\u0173 baigties ir \u012f j\u0105 vedan\u010dio kelio tiesos - buvo pirmasis Budos pamokymas po nu\u0161vitimo. J\u012f\",\"breadcrumb\":{\"@id\":\"https:\/\/skaitytaknyga.lt\/produktas\/keturios-tauriosios-tiesos-jo-sventenybe-dalai-lama\/#breadcrumb\"},\"inLanguage\":\"en-GB\",\"potentialAction\":[{\"@type\":\"ReadAction\",\"target\":[\"https:\/\/skaitytaknyga.lt\/produktas\/keturios-tauriosios-tiesos-jo-sventenybe-dalai-lama\/\"]}]},{\"@type\":\"ImageObject\",\"inLanguage\":\"en-GB\",\"@id\":\"https:\/\/skaitytaknyga.lt\/produktas\/keturios-tauriosios-tiesos-jo-sventenybe-dalai-lama\/#primaryimage\",\"url\":\"https:\/\/skaitytaknyga.lt\/wp-content\/uploads\/2025\/02\/Keturios-tauriosios-tiesos.webp\",\"contentUrl\":\"https:\/\/skaitytaknyga.lt\/wp-content\/uploads\/2025\/02\/Keturios-tauriosios-tiesos.webp\",\"width\":506,\"height\":800,\"caption\":\"Keturios tauriosios tie\"},{\"@type\":\"BreadcrumbList\",\"@id\":\"https:\/\/skaitytaknyga.lt\/produktas\/keturios-tauriosios-tiesos-jo-sventenybe-dalai-lama\/#breadcrumb\",\"itemListElement\":[{\"@type\":\"ListItem\",\"position\":1,\"name\":\"Home\",\"item\":\"https:\/\/skaitytaknyga.lt\/\"},{\"@type\":\"ListItem\",\"position\":2,\"name\":\"Parduotuv\u0117\",\"item\":\"https:\/\/skaitytaknyga.lt\/knygu-parduotuve\/\"},{\"@type\":\"ListItem\",\"position\":3,\"name\":\"Keturios tauriosios tiesos. Jo \u0160ventenyb\u0117 Dalai Lama\"}]},{\"@type\":\"WebSite\",\"@id\":\"https:\/\/skaitytaknyga.lt\/#website\",\"url\":\"https:\/\/skaitytaknyga.lt\/\",\"name\":\"skaitytaknyga.lt\",\"description\":\"Skaitytaknyga.lt \u2013 tai ma\u017eas \u0161eimos verslas, kuris prasid\u0117jo nuo meil\u0117s knygoms ir siekio i\u0161gelb\u0117ti knygas nuo likimo prie konteinerio. Kas vienam nereikalingas daiktas \u2013 kitam lobis, o mes esame tarpininkai, kurie padeda abiems tapti laimingesniems ???? \u017dinome kaip nelengva i\u0161gyventi ma\u017eiems verslams, tad nuo \u0161iol, \u010dia rasite ir kit\u0173, ma\u017e\u0173 \u0161eim\u0173 versl\u0173, rank\u0173 darbo, dovan\u0173 sau ir artimiesiems.\",\"publisher\":{\"@id\":\"https:\/\/skaitytaknyga.lt\/#organization\"},\"potentialAction\":[{\"@type\":\"SearchAction\",\"target\":{\"@type\":\"EntryPoint\",\"urlTemplate\":\"https:\/\/skaitytaknyga.lt\/?s={search_term_string}\"},\"query-input\":{\"@type\":\"PropertyValueSpecification\",\"valueRequired\":true,\"valueName\":\"search_term_string\"}}],\"inLanguage\":\"en-GB\"},{\"@type\":\"Organization\",\"@id\":\"https:\/\/skaitytaknyga.lt\/#organization\",\"name\":\"skaitytaknyga.lt\",\"url\":\"https:\/\/skaitytaknyga.lt\/\",\"logo\":{\"@type\":\"ImageObject\",\"inLanguage\":\"en-GB\",\"@id\":\"https:\/\/skaitytaknyga.lt\/#\/schema\/logo\/image\/\",\"url\":\"https:\/\/skaitytaknyga.lt\/wp-content\/uploads\/2024\/05\/cropped-cropped-cropped-02_00843_jt3bggkj1j3HLc7SyY6rEUpg.jpeg\",\"contentUrl\":\"https:\/\/skaitytaknyga.lt\/wp-content\/uploads\/2024\/05\/cropped-cropped-cropped-02_00843_jt3bggkj1j3HLc7SyY6rEUpg.jpeg\",\"width\":1600,\"height\":1600,\"caption\":\"skaitytaknyga.lt\"},\"image\":{\"@id\":\"https:\/\/skaitytaknyga.lt\/#\/schema\/logo\/image\/\"},\"sameAs\":[\"https:\/\/www.facebook.com\/skaitytaknyga\/\"]}]}<\/script>\n<!-- \/ Yoast SEO plugin. -->","yoast_head_json":{"title":"Keturios tauriosios tiesos. Jo \u0160ventenyb\u0117 Dalai Lama","description":"Keturios Tauriosios Tiesos \u2013 kent\u0117jimo, jo \u0161altinio, kan\u010di\u0173 baigties ir \u012f j\u0105 vedan\u010dio kelio tiesos - buvo pirmasis Budos pamokymas po nu\u0161vitimo. J\u012f","robots":{"index":"index","follow":"follow","max-snippet":"max-snippet:-1","max-image-preview":"max-image-preview:large","max-video-preview":"max-video-preview:-1"},"canonical":"https:\/\/skaitytaknyga.lt\/en\/produktas\/keturios-tauriosios-tiesos-jo-sventenybe-dalai-lama\/","og_locale":"en_GB","og_type":"article","og_title":"[:lt]Keturios tauriosios tiesos. Jo \u0160ventenyb\u0117 Dalai Lama[:] - Skaitytaknyga","og_description":"Keturios Tauriosios Tiesos \u2013 kent\u0117jimo, jo \u0161altinio, kan\u010di\u0173 baigties ir \u012f j\u0105 vedan\u010dio kelio tiesos - buvo pirmasis Budos pamokymas po nu\u0161vitimo. J\u012f","og_url":"https:\/\/skaitytaknyga.lt\/en\/produktas\/keturios-tauriosios-tiesos-jo-sventenybe-dalai-lama\/","og_site_name":"Skaitytaknyga","article_publisher":"https:\/\/www.facebook.com\/skaitytaknyga\/","article_modified_time":"2026-01-26T16:27:10+00:00","og_image":[{"width":506,"height":800,"url":"https:\/\/skaitytaknyga.lt\/wp-content\/uploads\/2025\/02\/Keturios-tauriosios-tiesos.webp","type":"image\/webp"}],"twitter_card":"summary_large_image","twitter_misc":{"Estimated reading time":"1 minute"},"schema":{"@context":"https:\/\/schema.org","@graph":[{"@type":"WebPage","@id":"https:\/\/skaitytaknyga.lt\/produktas\/keturios-tauriosios-tiesos-jo-sventenybe-dalai-lama\/","url":"https:\/\/skaitytaknyga.lt\/produktas\/keturios-tauriosios-tiesos-jo-sventenybe-dalai-lama\/","name":"Keturios tauriosios tiesos. Jo \u0160ventenyb\u0117 Dalai Lama","isPartOf":{"@id":"https:\/\/skaitytaknyga.lt\/#website"},"primaryImageOfPage":{"@id":"https:\/\/skaitytaknyga.lt\/produktas\/keturios-tauriosios-tiesos-jo-sventenybe-dalai-lama\/#primaryimage"},"image":{"@id":"https:\/\/skaitytaknyga.lt\/produktas\/keturios-tauriosios-tiesos-jo-sventenybe-dalai-lama\/#primaryimage"},"thumbnailUrl":"https:\/\/skaitytaknyga.lt\/wp-content\/uploads\/2025\/02\/Keturios-tauriosios-tiesos.webp","datePublished":"2025-02-01T16:48:30+00:00","dateModified":"2026-01-26T16:27:10+00:00","description":"Keturios Tauriosios Tiesos \u2013 kent\u0117jimo, jo \u0161altinio, kan\u010di\u0173 baigties ir \u012f j\u0105 vedan\u010dio kelio tiesos - buvo pirmasis Budos pamokymas po nu\u0161vitimo. J\u012f","breadcrumb":{"@id":"https:\/\/skaitytaknyga.lt\/produktas\/keturios-tauriosios-tiesos-jo-sventenybe-dalai-lama\/#breadcrumb"},"inLanguage":"en-GB","potentialAction":[{"@type":"ReadAction","target":["https:\/\/skaitytaknyga.lt\/produktas\/keturios-tauriosios-tiesos-jo-sventenybe-dalai-lama\/"]}]},{"@type":"ImageObject","inLanguage":"en-GB","@id":"https:\/\/skaitytaknyga.lt\/produktas\/keturios-tauriosios-tiesos-jo-sventenybe-dalai-lama\/#primaryimage","url":"https:\/\/skaitytaknyga.lt\/wp-content\/uploads\/2025\/02\/Keturios-tauriosios-tiesos.webp","contentUrl":"https:\/\/skaitytaknyga.lt\/wp-content\/uploads\/2025\/02\/Keturios-tauriosios-tiesos.webp","width":506,"height":800,"caption":"Keturios tauriosios tie"},{"@type":"BreadcrumbList","@id":"https:\/\/skaitytaknyga.lt\/produktas\/keturios-tauriosios-tiesos-jo-sventenybe-dalai-lama\/#breadcrumb","itemListElement":[{"@type":"ListItem","position":1,"name":"Home","item":"https:\/\/skaitytaknyga.lt\/"},{"@type":"ListItem","position":2,"name":"Parduotuv\u0117","item":"https:\/\/skaitytaknyga.lt\/knygu-parduotuve\/"},{"@type":"ListItem","position":3,"name":"Keturios tauriosios tiesos. Jo \u0160ventenyb\u0117 Dalai Lama"}]},{"@type":"WebSite","@id":"https:\/\/skaitytaknyga.lt\/#website","url":"https:\/\/skaitytaknyga.lt\/","name":"skaitytaknyga.lt","description":"Skaitytaknyga.lt \u2013 tai ma\u017eas \u0161eimos verslas, kuris prasid\u0117jo nuo meil\u0117s knygoms ir siekio i\u0161gelb\u0117ti knygas nuo likimo prie konteinerio. Kas vienam nereikalingas daiktas \u2013 kitam lobis, o mes esame tarpininkai, kurie padeda abiems tapti laimingesniems ???? \u017dinome kaip nelengva i\u0161gyventi ma\u017eiems verslams, tad nuo \u0161iol, \u010dia rasite ir kit\u0173, ma\u017e\u0173 \u0161eim\u0173 versl\u0173, rank\u0173 darbo, dovan\u0173 sau ir artimiesiems.","publisher":{"@id":"https:\/\/skaitytaknyga.lt\/#organization"},"potentialAction":[{"@type":"SearchAction","target":{"@type":"EntryPoint","urlTemplate":"https:\/\/skaitytaknyga.lt\/?s={search_term_string}"},"query-input":{"@type":"PropertyValueSpecification","valueRequired":true,"valueName":"search_term_string"}}],"inLanguage":"en-GB"},{"@type":"Organization","@id":"https:\/\/skaitytaknyga.lt\/#organization","name":"skaitytaknyga.lt","url":"https:\/\/skaitytaknyga.lt\/","logo":{"@type":"ImageObject","inLanguage":"en-GB","@id":"https:\/\/skaitytaknyga.lt\/#\/schema\/logo\/image\/","url":"https:\/\/skaitytaknyga.lt\/wp-content\/uploads\/2024\/05\/cropped-cropped-cropped-02_00843_jt3bggkj1j3HLc7SyY6rEUpg.jpeg","contentUrl":"https:\/\/skaitytaknyga.lt\/wp-content\/uploads\/2024\/05\/cropped-cropped-cropped-02_00843_jt3bggkj1j3HLc7SyY6rEUpg.jpeg","width":1600,"height":1600,"caption":"skaitytaknyga.lt"},"image":{"@id":"https:\/\/skaitytaknyga.lt\/#\/schema\/logo\/image\/"},"sameAs":["https:\/\/www.facebook.com\/skaitytaknyga\/"]}]}},"_links":{"self":[{"href":"https:\/\/skaitytaknyga.lt\/en\/wp-json\/wp\/v2\/product\/16470","targetHints":{"allow":["GET"]}}],"collection":[{"href":"https:\/\/skaitytaknyga.lt\/en\/wp-json\/wp\/v2\/product"}],"about":[{"href":"https:\/\/skaitytaknyga.lt\/en\/wp-json\/wp\/v2\/types\/product"}],"replies":[{"embeddable":true,"href":"https:\/\/skaitytaknyga.lt\/en\/wp-json\/wp\/v2\/comments?post=16470"}],"wp:featuredmedia":[{"embeddable":true,"href":"https:\/\/skaitytaknyga.lt\/en\/wp-json\/wp\/v2\/media\/16560"}],"wp:attachment":[{"href":"https:\/\/skaitytaknyga.lt\/en\/wp-json\/wp\/v2\/media?parent=16470"}],"wp:term":[{"taxonomy":"product_brand","embeddable":true,"href":"https:\/\/skaitytaknyga.lt\/en\/wp-json\/wp\/v2\/product_brand?post=16470"},{"taxonomy":"product_cat","embeddable":true,"href":"https:\/\/skaitytaknyga.lt\/en\/wp-json\/wp\/v2\/product_cat?post=16470"},{"taxonomy":"product_tag","embeddable":true,"href":"https:\/\/skaitytaknyga.lt\/en\/wp-json\/wp\/v2\/product_tag?post=16470"}],"curies":[{"name":"wp","href":"https:\/\/api.w.org\/{rel}","templated":true}]}}