{"id":16467,"date":"2025-02-01T18:48:29","date_gmt":"2025-02-01T16:48:29","guid":{"rendered":"https:\/\/skaitytaknyga.lt\/?post_type=product&#038;p=16467"},"modified":"2025-05-28T11:54:48","modified_gmt":"2025-05-28T08:54:48","slug":"melo-ekonomika","status":"publish","type":"product","link":"https:\/\/skaitytaknyga.lt\/en\/produktas\/melo-ekonomika\/","title":{"rendered":"Melo ekonomika"},"content":{"rendered":"<p>Knygos autor\u0117 daktar\u0117 Au\u0161ra Maldeikien\u0117 \u2013 Lietuvoje puikiai \u017einoma ekonomist\u0117, publicist\u0117, ekonomikos d\u0117stytoja ir mokytoja. Autor\u0117 yra aktyvi Lietuvos ir pasaulio ekonomikos \u012fvyki\u0173 komentator\u0117, para\u0161iusi ir i\u0161vertusi ne vien\u0105 knyg\u0105 ir ekonomikos vadov\u0117l\u012f. Ta\u010diau svarbiausia Au\u0161ra Maldeikien\u0117 kalba tiesiai \u2013 be pagra\u017einim\u0173 ir u\u017euolank\u0173, atvirai ir ry\u017etingai.<\/p>\n<p>\u201e\u0160i knyga lyg ir apie ekonomik\u0105, bet i\u0161 ties\u0173 tai knyga apie tave&#8230; \u010cia kaip per kok\u012f studenti\u0161k\u0105 egzamin\u0105: atrodo, kad mokaisi apie \u017evaig\u017edes, pingvinus ir recesijas, o su\u017einai \u2013 apie save&#8230; Per egzamin\u0105 supranti, kad atmintis jau ne ta, kad pritr\u016bko vaizduot\u0117s, pastang\u0173 ir laiko&#8230; Supranti, jog be reikalo manei, kad \u017einai&#8230; Ir gyvenime kaip egzamine: jei \u017einojai, kad \u017einai \u2013 tai net ne\u012ftarei, kaip daug tu ne\u017einai&#8230; Pasitik\u0117jimas ir ai\u0161kumo jausmas apgavo tave&#8230; Visada manei, kad turi b\u016bti TAIP&#8230; nes vakar juk buvo TAIP&#8230; At\u0117jai su savo TAIP manydamas, kad ir rytoj tas tavo TAIP pravers&#8230; Nepagalvojai, kad rytoj gali ir turi b\u016bti KI-TAIP&#8230; Ir skaityti tos knygos geriau nereik\u0117jo \u2013 jei manei, kad tai knyga, kuri tave i\u0161mokys&#8230; Geriau neprad\u0117ti mokytis, jei mokaisi tam, kad i\u0161moktum ir pabaigtum mokytis. Nes mokymasis \u2013 ne rezultatas, o procesas&#8230; Ir pasaulis yra procesas&#8230; Gyvenimas yra nepabaigiama atradimo proced\u016bra ir gyvenimas yra nepabaigiamas (kol nesibaigia) eksperimentas, kuriame \u017emogus arba:<\/p>\n<p>1. Daro su savimi nuolatin\u012f eksperiment\u0105, keisdamas ir kurdamas save&#8230;<\/p>\n<p>2. Arba daro Did\u012fj\u012f Nieko Su Savimi Nedarymo Eksperiment\u0105, kurio rezultatus jis tuoj pamatys&#8230;<\/p>\n<p>Supranti, kad tai knyga apie labiausiai mitologizuot\u0105 m\u016bs\u0173 gyvenimo srit\u012f \u2013 ekonomik\u0105&#8230; Bet tai knyga ir apie kitus mitus (autor\u0117 juos vadina tiesiog melais) \u2013 apie moral\u0117s, politikos, \u0161vietimo sistemos mitus&#8230; Apie \u017emones, kurie nemato dalyk\u0173, nes nenori matyti \u2013 ir meluoja (sau ir kitiems)&#8230; Apie \u017emones, kurie \u017eino, kad matosi tik tai, kas matosi, ir kurie ne\u017eino, kad panor\u0117j\u0119 gal\u0117t\u0173 pamatyti daugiau, nei matosi&#8230; Ir li\u016bdniausia, k\u0105 su\u017einai, perskait\u0119s \u0161it\u0105 knyg\u0105, kad nuo \u0161iandien (jei dar neprad\u0117jai vakar) reik\u0117s galvoti pa\u010diam&#8230;\u201c<\/p>\n<p>Filosofas ir poetas Liutauras Deg\u0117sys<br \/>\nAutorius: Au\u0161ra Maldeikien\u0117<br \/>\nLeid\u0117jas: Alma littera<br \/>\nMetai: 2013<br \/>\nPuslapiai: 272<br \/>\nISBN: 9786090111611<br \/>\nVersijos kodas: PT.<br \/>\nFormatas: 21,3 x 14,3 cm, mink\u0161ti vir\u0161eliai<br \/>\nKalba: Lietuvi\u0173<\/p>\n","protected":false},"excerpt":{"rendered":"<p>Knygos autor\u0117 daktar\u0117 Au\u0161ra Maldeikien\u0117 \u2013 Lietuvoje puikiai \u017einoma ekonomist\u0117, publicist\u0117, ekonomikos d\u0117stytoja ir mokytoja. Autor\u0117 yra aktyvi Lietuvos ir pasaulio ekonomikos \u012fvyki\u0173 komentator\u0117, para\u0161iusi ir i\u0161vertusi ne vien\u0105 knyg\u0105 ir ekonomikos vadov\u0117l\u012f. Ta\u010diau svarbiausia Au\u0161ra Maldeikien\u0117 kalba tiesiai \u2013 be pagra\u017einim\u0173 ir u\u017euolank\u0173, atvirai ir ry\u017etingai. \u201e\u0160i knyga lyg ir apie ekonomik\u0105, bet i\u0161 ties\u0173 tai knyga apie tave&#8230; \u010cia kaip per kok\u012f studenti\u0161k\u0105 egzamin\u0105: atrodo, kad mokaisi apie \u017evaig\u017edes, pingvinus ir recesijas, o su\u017einai \u2013 apie save&#8230; Per egzamin\u0105 supranti, kad atmintis jau ne ta, kad pritr\u016bko vaizduot\u0117s, pastang\u0173 ir laiko&#8230; Supranti, jog be reikalo manei, kad \u017einai&#8230; Ir gyvenime kaip egzamine: jei \u017einojai, kad \u017einai \u2013 tai net ne\u012ftarei, kaip daug tu ne\u017einai&#8230; Pasitik\u0117jimas ir ai\u0161kumo jausmas apgavo tave&#8230; Visada manei, kad turi b\u016bti TAIP&#8230; nes vakar juk buvo TAIP&#8230; At\u0117jai su savo TAIP manydamas, kad ir rytoj tas tavo TAIP pravers&#8230; Nepagalvojai, kad rytoj gali ir turi b\u016bti KI-TAIP&#8230; Ir skaityti tos knygos geriau nereik\u0117jo \u2013 jei manei, kad tai knyga, kuri tave i\u0161mokys&#8230; Geriau neprad\u0117ti mokytis, jei mokaisi tam, kad i\u0161moktum ir pabaigtum mokytis. Nes mokymasis \u2013 ne rezultatas, o procesas&#8230; Ir pasaulis yra procesas&#8230; Gyvenimas yra nepabaigiama atradimo proced\u016bra ir gyvenimas yra nepabaigiamas (kol nesibaigia) eksperimentas, kuriame \u017emogus arba: 1. Daro su savimi nuolatin\u012f eksperiment\u0105, keisdamas ir kurdamas save&#8230; 2. Arba daro Did\u012fj\u012f Nieko Su Savimi Nedarymo Eksperiment\u0105, kurio rezultatus jis tuoj pamatys&#8230; Supranti, kad tai knyga apie labiausiai mitologizuot\u0105 m\u016bs\u0173 gyvenimo srit\u012f \u2013 ekonomik\u0105&#8230; Bet tai knyga ir apie kitus mitus (autor\u0117 juos vadina tiesiog melais) \u2013 apie moral\u0117s, politikos, \u0161vietimo sistemos mitus&#8230; Apie \u017emones, kurie nemato dalyk\u0173, nes nenori matyti \u2013 ir meluoja (sau ir kitiems)&#8230; Apie \u017emones, kurie \u017eino, kad matosi tik tai, kas matosi, ir kurie ne\u017eino, kad panor\u0117j\u0119 gal\u0117t\u0173 pamatyti daugiau, nei matosi&#8230; Ir li\u016bdniausia, k\u0105 su\u017einai, perskait\u0119s \u0161it\u0105 knyg\u0105, kad nuo \u0161iandien (jei dar neprad\u0117jai vakar) reik\u0117s galvoti pa\u010diam&#8230;\u201c Filosofas ir poetas Liutauras Deg\u0117sys Autorius: Au\u0161ra Maldeikien\u0117 Leid\u0117jas: Alma littera Metai: 2013 Puslapiai: 272 ISBN: 9786090111611 Versijos kodas: PT. Formatas: 21,3 x 14,3 cm, mink\u0161ti vir\u0161eliai Kalba: Lietuvi\u0173<\/p>\n","protected":false},"featured_media":16538,"comment_status":"open","ping_status":"closed","template":"","meta":{"_acf_changed":false,"site-sidebar-layout":"default","site-content-layout":"","ast-site-content-layout":"default","site-content-style":"default","site-sidebar-style":"default","ast-global-header-display":"","ast-banner-title-visibility":"","ast-main-header-display":"","ast-hfb-above-header-display":"","ast-hfb-below-header-display":"","ast-hfb-mobile-header-display":"","site-post-title":"","ast-breadcrumbs-content":"","ast-featured-img":"","footer-sml-layout":"","ast-disable-related-posts":"","theme-transparent-header-meta":"default","adv-header-id-meta":"","stick-header-meta":"","header-above-stick-meta":"","header-main-stick-meta":"","header-below-stick-meta":"","astra-migrate-meta-layouts":"set","ast-page-background-enabled":"default","ast-page-background-meta":{"desktop":{"background-color":"","background-image":"","background-repeat":"repeat","background-position":"center center","background-size":"auto","background-attachment":"scroll","background-type":"","background-media":"","overlay-type":"","overlay-color":"","overlay-opacity":"","overlay-gradient":""},"tablet":{"background-color":"","background-image":"","background-repeat":"repeat","background-position":"center center","background-size":"auto","background-attachment":"scroll","background-type":"","background-media":"","overlay-type":"","overlay-color":"","overlay-opacity":"","overlay-gradient":""},"mobile":{"background-color":"","background-image":"","background-repeat":"repeat","background-position":"center center","background-size":"auto","background-attachment":"scroll","background-type":"","background-media":"","overlay-type":"","overlay-color":"","overlay-opacity":"","overlay-gradient":""}},"ast-content-background-meta":{"desktop":{"background-color":"var(--ast-global-color-4)","background-image":"","background-repeat":"repeat","background-position":"center center","background-size":"auto","background-attachment":"scroll","background-type":"","background-media":"","overlay-type":"","overlay-color":"","overlay-opacity":"","overlay-gradient":""},"tablet":{"background-color":"var(--ast-global-color-4)","background-image":"","background-repeat":"repeat","background-position":"center center","background-size":"auto","background-attachment":"scroll","background-type":"","background-media":"","overlay-type":"","overlay-color":"","overlay-opacity":"","overlay-gradient":""},"mobile":{"background-color":"var(--ast-global-color-4)","background-image":"","background-repeat":"repeat","background-position":"center center","background-size":"auto","background-attachment":"scroll","background-type":"","background-media":"","overlay-type":"","overlay-color":"","overlay-opacity":"","overlay-gradient":""}}},"product_brand":[],"product_cat":[15],"product_tag":[],"class_list":{"0":"post-16467","1":"product","2":"type-product","3":"status-publish","4":"has-post-thumbnail","6":"product_cat-uncategorized","7":"desktop-align-left","8":"tablet-align-left","9":"mobile-align-left","11":"first","12":"instock","13":"shipping-taxable","14":"purchasable","15":"product-type-simple"},"acf":[],"yoast_head":"<!-- This site is optimized with the Yoast SEO plugin v27.0 - https:\/\/yoast.com\/product\/yoast-seo-wordpress\/ -->\n<title>Melo ekonomika<\/title>\n<meta name=\"description\" content=\"Knygos autor\u0117 daktar\u0117 Au\u0161ra Maldeikien\u0117 \u2013 Lietuvoje puikiai \u017einoma ekonomist\u0117, publicist\u0117, ekonomikos d\u0117stytoja ir mokytoja. Autor\u0117 yra aktyvi Lietuvos ir\" \/>\n<meta name=\"robots\" content=\"index, follow, max-snippet:-1, max-image-preview:large, max-video-preview:-1\" \/>\n<link rel=\"canonical\" href=\"https:\/\/skaitytaknyga.lt\/en\/produktas\/melo-ekonomika\/\" \/>\n<meta property=\"og:locale\" content=\"en_GB\" \/>\n<meta property=\"og:locale:alternate\" content=\"lt_LT\" \/>\n<meta property=\"og:type\" content=\"article\" \/>\n<meta property=\"og:title\" content=\"Melo ekonomika\" \/>\n<meta property=\"og:description\" content=\"Knygos autor\u0117 daktar\u0117 Au\u0161ra Maldeikien\u0117 \u2013 Lietuvoje puikiai \u017einoma ekonomist\u0117, publicist\u0117, ekonomikos d\u0117stytoja ir mokytoja. Autor\u0117 yra aktyvi Lietuvos ir\" \/>\n<meta property=\"og:url\" content=\"https:\/\/skaitytaknyga.lt\/en\/produktas\/melo-ekonomika\/\" \/>\n<meta property=\"og:site_name\" content=\"Skaitytaknyga\" \/>\n<meta property=\"article:publisher\" content=\"https:\/\/www.facebook.com\/skaitytaknyga\/\" \/>\n<meta property=\"article:modified_time\" content=\"2025-05-28T08:54:48+00:00\" \/>\n<meta property=\"og:image\" content=\"https:\/\/skaitytaknyga.lt\/wp-content\/uploads\/2025\/02\/Melo-ekonomika.webp\" \/>\n\t<meta property=\"og:image:width\" content=\"500\" \/>\n\t<meta property=\"og:image:height\" content=\"745\" \/>\n\t<meta property=\"og:image:type\" content=\"image\/webp\" \/>\n<meta name=\"twitter:card\" content=\"summary_large_image\" \/>\n<meta name=\"twitter:label1\" content=\"Estimated reading time\" \/>\n\t<meta name=\"twitter:data1\" content=\"2 minutes\" \/>\n<script type=\"application\/ld+json\" class=\"yoast-schema-graph\">{\"@context\":\"https:\/\/schema.org\",\"@graph\":[{\"@type\":\"WebPage\",\"@id\":\"https:\/\/skaitytaknyga.lt\/produktas\/melo-ekonomika\/\",\"url\":\"https:\/\/skaitytaknyga.lt\/produktas\/melo-ekonomika\/\",\"name\":\"Melo ekonomika\",\"isPartOf\":{\"@id\":\"https:\/\/skaitytaknyga.lt\/#website\"},\"primaryImageOfPage\":{\"@id\":\"https:\/\/skaitytaknyga.lt\/produktas\/melo-ekonomika\/#primaryimage\"},\"image\":{\"@id\":\"https:\/\/skaitytaknyga.lt\/produktas\/melo-ekonomika\/#primaryimage\"},\"thumbnailUrl\":\"https:\/\/skaitytaknyga.lt\/wp-content\/uploads\/2025\/02\/Melo-ekonomika.webp\",\"datePublished\":\"2025-02-01T16:48:29+00:00\",\"dateModified\":\"2025-05-28T08:54:48+00:00\",\"description\":\"Knygos autor\u0117 daktar\u0117 Au\u0161ra Maldeikien\u0117 \u2013 Lietuvoje puikiai \u017einoma ekonomist\u0117, publicist\u0117, ekonomikos d\u0117stytoja ir mokytoja. Autor\u0117 yra aktyvi Lietuvos ir\",\"breadcrumb\":{\"@id\":\"https:\/\/skaitytaknyga.lt\/produktas\/melo-ekonomika\/#breadcrumb\"},\"inLanguage\":\"en-GB\",\"potentialAction\":[{\"@type\":\"ReadAction\",\"target\":[\"https:\/\/skaitytaknyga.lt\/produktas\/melo-ekonomika\/\"]}]},{\"@type\":\"ImageObject\",\"inLanguage\":\"en-GB\",\"@id\":\"https:\/\/skaitytaknyga.lt\/produktas\/melo-ekonomika\/#primaryimage\",\"url\":\"https:\/\/skaitytaknyga.lt\/wp-content\/uploads\/2025\/02\/Melo-ekonomika.webp\",\"contentUrl\":\"https:\/\/skaitytaknyga.lt\/wp-content\/uploads\/2025\/02\/Melo-ekonomika.webp\",\"width\":500,\"height\":745,\"caption\":\"Melo ekonomika\"},{\"@type\":\"BreadcrumbList\",\"@id\":\"https:\/\/skaitytaknyga.lt\/produktas\/melo-ekonomika\/#breadcrumb\",\"itemListElement\":[{\"@type\":\"ListItem\",\"position\":1,\"name\":\"Home\",\"item\":\"https:\/\/skaitytaknyga.lt\/\"},{\"@type\":\"ListItem\",\"position\":2,\"name\":\"Parduotuv\u0117\",\"item\":\"https:\/\/skaitytaknyga.lt\/knygu-parduotuve\/\"},{\"@type\":\"ListItem\",\"position\":3,\"name\":\"Melo ekonomika\"}]},{\"@type\":\"WebSite\",\"@id\":\"https:\/\/skaitytaknyga.lt\/#website\",\"url\":\"https:\/\/skaitytaknyga.lt\/\",\"name\":\"skaitytaknyga.lt\",\"description\":\"Skaitytaknyga.lt \u2013 tai ma\u017eas \u0161eimos verslas, kuris prasid\u0117jo nuo meil\u0117s knygoms ir siekio i\u0161gelb\u0117ti knygas nuo likimo prie konteinerio. Kas vienam nereikalingas daiktas \u2013 kitam lobis, o mes esame tarpininkai, kurie padeda abiems tapti laimingesniems ???? \u017dinome kaip nelengva i\u0161gyventi ma\u017eiems verslams, tad nuo \u0161iol, \u010dia rasite ir kit\u0173, ma\u017e\u0173 \u0161eim\u0173 versl\u0173, rank\u0173 darbo, dovan\u0173 sau ir artimiesiems.\",\"publisher\":{\"@id\":\"https:\/\/skaitytaknyga.lt\/#organization\"},\"potentialAction\":[{\"@type\":\"SearchAction\",\"target\":{\"@type\":\"EntryPoint\",\"urlTemplate\":\"https:\/\/skaitytaknyga.lt\/?s={search_term_string}\"},\"query-input\":{\"@type\":\"PropertyValueSpecification\",\"valueRequired\":true,\"valueName\":\"search_term_string\"}}],\"inLanguage\":\"en-GB\"},{\"@type\":\"Organization\",\"@id\":\"https:\/\/skaitytaknyga.lt\/#organization\",\"name\":\"skaitytaknyga.lt\",\"url\":\"https:\/\/skaitytaknyga.lt\/\",\"logo\":{\"@type\":\"ImageObject\",\"inLanguage\":\"en-GB\",\"@id\":\"https:\/\/skaitytaknyga.lt\/#\/schema\/logo\/image\/\",\"url\":\"https:\/\/skaitytaknyga.lt\/wp-content\/uploads\/2024\/05\/cropped-cropped-cropped-02_00843_jt3bggkj1j3HLc7SyY6rEUpg.jpeg\",\"contentUrl\":\"https:\/\/skaitytaknyga.lt\/wp-content\/uploads\/2024\/05\/cropped-cropped-cropped-02_00843_jt3bggkj1j3HLc7SyY6rEUpg.jpeg\",\"width\":1600,\"height\":1600,\"caption\":\"skaitytaknyga.lt\"},\"image\":{\"@id\":\"https:\/\/skaitytaknyga.lt\/#\/schema\/logo\/image\/\"},\"sameAs\":[\"https:\/\/www.facebook.com\/skaitytaknyga\/\"]}]}<\/script>\n<!-- \/ Yoast SEO plugin. -->","yoast_head_json":{"title":"Melo ekonomika","description":"Knygos autor\u0117 daktar\u0117 Au\u0161ra Maldeikien\u0117 \u2013 Lietuvoje puikiai \u017einoma ekonomist\u0117, publicist\u0117, ekonomikos d\u0117stytoja ir mokytoja. Autor\u0117 yra aktyvi Lietuvos ir","robots":{"index":"index","follow":"follow","max-snippet":"max-snippet:-1","max-image-preview":"max-image-preview:large","max-video-preview":"max-video-preview:-1"},"canonical":"https:\/\/skaitytaknyga.lt\/en\/produktas\/melo-ekonomika\/","og_locale":"en_GB","og_type":"article","og_title":"[:lt]Melo ekonomika[:] - Skaitytaknyga","og_description":"Knygos autor\u0117 daktar\u0117 Au\u0161ra Maldeikien\u0117 \u2013 Lietuvoje puikiai \u017einoma ekonomist\u0117, publicist\u0117, ekonomikos d\u0117stytoja ir mokytoja. Autor\u0117 yra aktyvi Lietuvos ir","og_url":"https:\/\/skaitytaknyga.lt\/en\/produktas\/melo-ekonomika\/","og_site_name":"Skaitytaknyga","article_publisher":"https:\/\/www.facebook.com\/skaitytaknyga\/","article_modified_time":"2025-05-28T08:54:48+00:00","og_image":[{"width":500,"height":745,"url":"https:\/\/skaitytaknyga.lt\/wp-content\/uploads\/2025\/02\/Melo-ekonomika.webp","type":"image\/webp"}],"twitter_card":"summary_large_image","twitter_misc":{"Estimated reading time":"2 minutes"},"schema":{"@context":"https:\/\/schema.org","@graph":[{"@type":"WebPage","@id":"https:\/\/skaitytaknyga.lt\/produktas\/melo-ekonomika\/","url":"https:\/\/skaitytaknyga.lt\/produktas\/melo-ekonomika\/","name":"Melo ekonomika","isPartOf":{"@id":"https:\/\/skaitytaknyga.lt\/#website"},"primaryImageOfPage":{"@id":"https:\/\/skaitytaknyga.lt\/produktas\/melo-ekonomika\/#primaryimage"},"image":{"@id":"https:\/\/skaitytaknyga.lt\/produktas\/melo-ekonomika\/#primaryimage"},"thumbnailUrl":"https:\/\/skaitytaknyga.lt\/wp-content\/uploads\/2025\/02\/Melo-ekonomika.webp","datePublished":"2025-02-01T16:48:29+00:00","dateModified":"2025-05-28T08:54:48+00:00","description":"Knygos autor\u0117 daktar\u0117 Au\u0161ra Maldeikien\u0117 \u2013 Lietuvoje puikiai \u017einoma ekonomist\u0117, publicist\u0117, ekonomikos d\u0117stytoja ir mokytoja. Autor\u0117 yra aktyvi Lietuvos ir","breadcrumb":{"@id":"https:\/\/skaitytaknyga.lt\/produktas\/melo-ekonomika\/#breadcrumb"},"inLanguage":"en-GB","potentialAction":[{"@type":"ReadAction","target":["https:\/\/skaitytaknyga.lt\/produktas\/melo-ekonomika\/"]}]},{"@type":"ImageObject","inLanguage":"en-GB","@id":"https:\/\/skaitytaknyga.lt\/produktas\/melo-ekonomika\/#primaryimage","url":"https:\/\/skaitytaknyga.lt\/wp-content\/uploads\/2025\/02\/Melo-ekonomika.webp","contentUrl":"https:\/\/skaitytaknyga.lt\/wp-content\/uploads\/2025\/02\/Melo-ekonomika.webp","width":500,"height":745,"caption":"Melo ekonomika"},{"@type":"BreadcrumbList","@id":"https:\/\/skaitytaknyga.lt\/produktas\/melo-ekonomika\/#breadcrumb","itemListElement":[{"@type":"ListItem","position":1,"name":"Home","item":"https:\/\/skaitytaknyga.lt\/"},{"@type":"ListItem","position":2,"name":"Parduotuv\u0117","item":"https:\/\/skaitytaknyga.lt\/knygu-parduotuve\/"},{"@type":"ListItem","position":3,"name":"Melo ekonomika"}]},{"@type":"WebSite","@id":"https:\/\/skaitytaknyga.lt\/#website","url":"https:\/\/skaitytaknyga.lt\/","name":"skaitytaknyga.lt","description":"Skaitytaknyga.lt \u2013 tai ma\u017eas \u0161eimos verslas, kuris prasid\u0117jo nuo meil\u0117s knygoms ir siekio i\u0161gelb\u0117ti knygas nuo likimo prie konteinerio. Kas vienam nereikalingas daiktas \u2013 kitam lobis, o mes esame tarpininkai, kurie padeda abiems tapti laimingesniems ???? \u017dinome kaip nelengva i\u0161gyventi ma\u017eiems verslams, tad nuo \u0161iol, \u010dia rasite ir kit\u0173, ma\u017e\u0173 \u0161eim\u0173 versl\u0173, rank\u0173 darbo, dovan\u0173 sau ir artimiesiems.","publisher":{"@id":"https:\/\/skaitytaknyga.lt\/#organization"},"potentialAction":[{"@type":"SearchAction","target":{"@type":"EntryPoint","urlTemplate":"https:\/\/skaitytaknyga.lt\/?s={search_term_string}"},"query-input":{"@type":"PropertyValueSpecification","valueRequired":true,"valueName":"search_term_string"}}],"inLanguage":"en-GB"},{"@type":"Organization","@id":"https:\/\/skaitytaknyga.lt\/#organization","name":"skaitytaknyga.lt","url":"https:\/\/skaitytaknyga.lt\/","logo":{"@type":"ImageObject","inLanguage":"en-GB","@id":"https:\/\/skaitytaknyga.lt\/#\/schema\/logo\/image\/","url":"https:\/\/skaitytaknyga.lt\/wp-content\/uploads\/2024\/05\/cropped-cropped-cropped-02_00843_jt3bggkj1j3HLc7SyY6rEUpg.jpeg","contentUrl":"https:\/\/skaitytaknyga.lt\/wp-content\/uploads\/2024\/05\/cropped-cropped-cropped-02_00843_jt3bggkj1j3HLc7SyY6rEUpg.jpeg","width":1600,"height":1600,"caption":"skaitytaknyga.lt"},"image":{"@id":"https:\/\/skaitytaknyga.lt\/#\/schema\/logo\/image\/"},"sameAs":["https:\/\/www.facebook.com\/skaitytaknyga\/"]}]}},"_links":{"self":[{"href":"https:\/\/skaitytaknyga.lt\/en\/wp-json\/wp\/v2\/product\/16467","targetHints":{"allow":["GET"]}}],"collection":[{"href":"https:\/\/skaitytaknyga.lt\/en\/wp-json\/wp\/v2\/product"}],"about":[{"href":"https:\/\/skaitytaknyga.lt\/en\/wp-json\/wp\/v2\/types\/product"}],"replies":[{"embeddable":true,"href":"https:\/\/skaitytaknyga.lt\/en\/wp-json\/wp\/v2\/comments?post=16467"}],"wp:featuredmedia":[{"embeddable":true,"href":"https:\/\/skaitytaknyga.lt\/en\/wp-json\/wp\/v2\/media\/16538"}],"wp:attachment":[{"href":"https:\/\/skaitytaknyga.lt\/en\/wp-json\/wp\/v2\/media?parent=16467"}],"wp:term":[{"taxonomy":"product_brand","embeddable":true,"href":"https:\/\/skaitytaknyga.lt\/en\/wp-json\/wp\/v2\/product_brand?post=16467"},{"taxonomy":"product_cat","embeddable":true,"href":"https:\/\/skaitytaknyga.lt\/en\/wp-json\/wp\/v2\/product_cat?post=16467"},{"taxonomy":"product_tag","embeddable":true,"href":"https:\/\/skaitytaknyga.lt\/en\/wp-json\/wp\/v2\/product_tag?post=16467"}],"curies":[{"name":"wp","href":"https:\/\/api.w.org\/{rel}","templated":true}]}}